{"id":63335,"date":"2026-03-03T17:05:47","date_gmt":"2026-03-03T15:05:47","guid":{"rendered":"https:\/\/fontfredapintures.com\/producte\/juego-de-alicates-professional-electric-wiha\/"},"modified":"2026-03-04T12:42:28","modified_gmt":"2026-03-04T10:42:28","slug":"juego-de-alicates-professional-electric-wiha","status":"publish","type":"product","link":"https:\/\/fontfredapintures.com\/es\/producto\/juego-de-alicates-professional-electric-wiha\/","title":{"rendered":"Juego de alicates professional electric Wiha Ref. 26852"},"content":{"rendered":"<p>La seguridad es prioritaria en trabajos con piezas conductoras de tensi\u00f3n. El juego de alicates Professional Electric proporciona el equipamiento b\u00e1sico ideal para electricistas y t\u00e9cnicos el\u00e9ctricos que trabajan hasta 1.000 V CA.<\/p>\n<p>El set incluye:<br \/>\n&#8211; Alicates de boca semi-redonda con cabezal extralargo, perfectos para insertar y manipular componentes en zonas profundas.<br \/>\n&#8211; Alicates universales que garantizan un agarre firme y sin deslizamientos en situaciones habituales.<br \/>\n&#8211; Alicates de corte diagonal, eficaces como herramienta universal para cortar alambres blandos y duros.<\/p>\n<p>La articulaci\u00f3n especial DynamicJoint\u00ae reduce el esfuerzo necesario durante el corte, optimizando la transmisi\u00f3n de fuerza. Los mangos ergon\u00f3micos multicomponente con superficie antideslizante ofrecen m\u00e1xima comodidad y seguridad. El cabezal cromado protege frente a la corrosi\u00f3n, aumentando la vida \u00fatil de la herramienta.<\/p>\n<p>Cada alicate ha sido comprobado individualmente conforme a la norma internacional IEC 60900, permitiendo un trabajo seguro en piezas conductoras de tensi\u00f3n hasta 1.000 V CA.<\/p>\n","protected":false},"excerpt":{"rendered":"<p>Juego de alicates Professional Electric certificados IEC 60900 para trabajos hasta 1.000 V CA. Incluye alicates universales, de boca semi-redonda extralarga y de corte diagonal con tecnolog\u00eda DynamicJoint\u00ae para mayor potencia y menor esfuerzo.<\/p>\n","protected":false},"featured_media":63333,"comment_status":"open","ping_status":"closed","template":"","meta":[],"product_brand":[],"product_cat":[1955,639],"product_tag":[],"class_list":{"0":"post-63335","1":"product","2":"type-product","3":"status-publish","4":"has-post-thumbnail","6":"product_cat-eines-i-complements-herramientas-y-accesorios","7":"product_cat-herramientas-y-accesorios","9":"first","10":"instock","11":"sale","12":"taxable","13":"shipping-taxable","14":"purchasable","15":"product-type-simple"},"group_of_quantity":0,"min_quantity":0,"max_quantity":"","exclude_order_quantity_value_rules":"no","exclude_category_quantity_rules":"no","combine_variations":"no","yoast_head":"<!-- This site is optimized with the Yoast SEO plugin v25.7 - https:\/\/yoast.com\/wordpress\/plugins\/seo\/ -->\n<title>Juego de alicates professional electric Wiha Ref. 26852 - Fontfreda Pintures<\/title>\n<meta name=\"description\" content=\"Juego de alicates Professional Electric para electricistas: alicates universales, de punta semi-redonda extralarga y de corte diagonal con mangos ergon\u00f3micos.\" \/>\n<meta name=\"robots\" content=\"index, follow, max-snippet:-1, max-image-preview:large, max-video-preview:-1\" \/>\n<link rel=\"canonical\" href=\"https:\/\/fontfredapintures.com\/es\/producto\/juego-de-alicates-professional-electric-wiha\/\" \/>\n<meta property=\"og:locale\" content=\"es_ES\" \/>\n<meta property=\"og:type\" content=\"article\" \/>\n<meta property=\"og:title\" content=\"Juego de alicates professional electric Wiha Ref. 26852 - Fontfreda Pintures\" \/>\n<meta property=\"og:description\" content=\"Juego de alicates Professional Electric para electricistas: alicates universales, de punta semi-redonda extralarga y de corte diagonal con mangos ergon\u00f3micos.\" \/>\n<meta property=\"og:url\" content=\"https:\/\/fontfredapintures.com\/es\/producto\/juego-de-alicates-professional-electric-wiha\/\" \/>\n<meta property=\"og:site_name\" content=\"Fontfreda Pintures\" \/>\n<meta property=\"article:publisher\" content=\"https:\/\/www.facebook.com\/fontfredapintures\/\" \/>\n<meta property=\"article:modified_time\" content=\"2026-03-04T10:42:28+00:00\" \/>\n<meta property=\"og:image\" content=\"https:\/\/fontfredapintures.com\/wp-content\/uploads\/2026\/03\/38300026852000_3469.png\" \/>\n\t<meta property=\"og:image:width\" content=\"1000\" \/>\n\t<meta property=\"og:image:height\" content=\"1143\" \/>\n\t<meta property=\"og:image:type\" content=\"image\/png\" \/>\n<meta name=\"twitter:card\" content=\"summary_large_image\" \/>\n<meta name=\"twitter:label1\" content=\"Tiempo de lectura\" \/>\n\t<meta name=\"twitter:data1\" content=\"2 minutos\" \/>\n<script type=\"application\/ld+json\" class=\"yoast-schema-graph\">{\"@context\":\"https:\/\/schema.org\",\"@graph\":[{\"@type\":\"WebPage\",\"@id\":\"https:\/\/fontfredapintures.com\/es\/producto\/juego-de-alicates-professional-electric-wiha\/\",\"url\":\"https:\/\/fontfredapintures.com\/es\/producto\/juego-de-alicates-professional-electric-wiha\/\",\"name\":\"Juego de alicates professional electric Wiha Ref. 26852 - Fontfreda Pintures\",\"isPartOf\":{\"@id\":\"https:\/\/fontfredapintures.com\/es\/#website\"},\"primaryImageOfPage\":{\"@id\":\"https:\/\/fontfredapintures.com\/es\/producto\/juego-de-alicates-professional-electric-wiha\/#primaryimage\"},\"image\":{\"@id\":\"https:\/\/fontfredapintures.com\/es\/producto\/juego-de-alicates-professional-electric-wiha\/#primaryimage\"},\"thumbnailUrl\":\"https:\/\/fontfredapintures.com\/wp-content\/uploads\/2026\/03\/38300026852000_3469.png\",\"datePublished\":\"2026-03-03T15:05:47+00:00\",\"dateModified\":\"2026-03-04T10:42:28+00:00\",\"description\":\"Juego de alicates Professional Electric para electricistas: alicates universales, de punta semi-redonda extralarga y de corte diagonal con mangos ergon\u00f3micos.\",\"breadcrumb\":{\"@id\":\"https:\/\/fontfredapintures.com\/es\/producto\/juego-de-alicates-professional-electric-wiha\/#breadcrumb\"},\"inLanguage\":\"es\",\"potentialAction\":[{\"@type\":\"ReadAction\",\"target\":[\"https:\/\/fontfredapintures.com\/es\/producto\/juego-de-alicates-professional-electric-wiha\/\"]}]},{\"@type\":\"ImageObject\",\"inLanguage\":\"es\",\"@id\":\"https:\/\/fontfredapintures.com\/es\/producto\/juego-de-alicates-professional-electric-wiha\/#primaryimage\",\"url\":\"https:\/\/fontfredapintures.com\/wp-content\/uploads\/2026\/03\/38300026852000_3469.png\",\"contentUrl\":\"https:\/\/fontfredapintures.com\/wp-content\/uploads\/2026\/03\/38300026852000_3469.png\",\"width\":1000,\"height\":1143,\"caption\":\"Joc d'alicates professional electric Wiha\"},{\"@type\":\"BreadcrumbList\",\"@id\":\"https:\/\/fontfredapintures.com\/es\/producto\/juego-de-alicates-professional-electric-wiha\/#breadcrumb\",\"itemListElement\":[{\"@type\":\"ListItem\",\"position\":1,\"name\":\"Fontfreda\",\"item\":\"https:\/\/fontfredapintures.com\/es\/\"},{\"@type\":\"ListItem\",\"position\":2,\"name\":\"Tienda\",\"item\":\"https:\/\/fontfredapintures.com\/es\/tienda\/\"},{\"@type\":\"ListItem\",\"position\":3,\"name\":\"Juego de alicates professional electric Wiha Ref. 26852\"}]},{\"@type\":\"WebSite\",\"@id\":\"https:\/\/fontfredapintures.com\/es\/#website\",\"url\":\"https:\/\/fontfredapintures.com\/es\/\",\"name\":\"Fontfreda Pintures\",\"description\":\"Tienda online de pintura, decoraci\u00f3n y bellas artes\",\"publisher\":{\"@id\":\"https:\/\/fontfredapintures.com\/es\/#organization\"},\"alternateName\":\"Pintures Fontfreda\",\"potentialAction\":[{\"@type\":\"SearchAction\",\"target\":{\"@type\":\"EntryPoint\",\"urlTemplate\":\"https:\/\/fontfredapintures.com\/es\/?s={search_term_string}\"},\"query-input\":{\"@type\":\"PropertyValueSpecification\",\"valueRequired\":true,\"valueName\":\"search_term_string\"}}],\"inLanguage\":\"es\"},{\"@type\":\"Organization\",\"@id\":\"https:\/\/fontfredapintures.com\/es\/#organization\",\"name\":\"Pintures Fontfreda\",\"alternateName\":\"Fontfreda Pintures\",\"url\":\"https:\/\/fontfredapintures.com\/es\/\",\"logo\":{\"@type\":\"ImageObject\",\"inLanguage\":\"es\",\"@id\":\"https:\/\/fontfredapintures.com\/es\/#\/schema\/logo\/image\/\",\"url\":\"https:\/\/fontfredapintures.com\/wp-content\/uploads\/2024\/04\/fontfreda-pintures-logo-yoast.jpg\",\"contentUrl\":\"https:\/\/fontfredapintures.com\/wp-content\/uploads\/2024\/04\/fontfreda-pintures-logo-yoast.jpg\",\"width\":900,\"height\":600,\"caption\":\"Pintures Fontfreda\"},\"image\":{\"@id\":\"https:\/\/fontfredapintures.com\/es\/#\/schema\/logo\/image\/\"},\"sameAs\":[\"https:\/\/www.facebook.com\/fontfredapintures\/\",\"https:\/\/www.instagram.com\/fontfredapintures\/\",\"https:\/\/www.linkedin.com\/company\/fontfredapintures\/\"]}]}<\/script>\n<!-- \/ Yoast SEO plugin. -->","yoast_head_json":{"title":"Juego de alicates professional electric Wiha Ref. 26852 - Fontfreda Pintures","description":"Juego de alicates Professional Electric para electricistas: alicates universales, de punta semi-redonda extralarga y de corte diagonal con mangos ergon\u00f3micos.","robots":{"index":"index","follow":"follow","max-snippet":"max-snippet:-1","max-image-preview":"max-image-preview:large","max-video-preview":"max-video-preview:-1"},"canonical":"https:\/\/fontfredapintures.com\/es\/producto\/juego-de-alicates-professional-electric-wiha\/","og_locale":"es_ES","og_type":"article","og_title":"Juego de alicates professional electric Wiha Ref. 26852 - Fontfreda Pintures","og_description":"Juego de alicates Professional Electric para electricistas: alicates universales, de punta semi-redonda extralarga y de corte diagonal con mangos ergon\u00f3micos.","og_url":"https:\/\/fontfredapintures.com\/es\/producto\/juego-de-alicates-professional-electric-wiha\/","og_site_name":"Fontfreda Pintures","article_publisher":"https:\/\/www.facebook.com\/fontfredapintures\/","article_modified_time":"2026-03-04T10:42:28+00:00","og_image":[{"width":1000,"height":1143,"url":"https:\/\/fontfredapintures.com\/wp-content\/uploads\/2026\/03\/38300026852000_3469.png","type":"image\/png"}],"twitter_card":"summary_large_image","twitter_misc":{"Tiempo de lectura":"2 minutos"},"schema":{"@context":"https:\/\/schema.org","@graph":[{"@type":"WebPage","@id":"https:\/\/fontfredapintures.com\/es\/producto\/juego-de-alicates-professional-electric-wiha\/","url":"https:\/\/fontfredapintures.com\/es\/producto\/juego-de-alicates-professional-electric-wiha\/","name":"Juego de alicates professional electric Wiha Ref. 26852 - Fontfreda Pintures","isPartOf":{"@id":"https:\/\/fontfredapintures.com\/es\/#website"},"primaryImageOfPage":{"@id":"https:\/\/fontfredapintures.com\/es\/producto\/juego-de-alicates-professional-electric-wiha\/#primaryimage"},"image":{"@id":"https:\/\/fontfredapintures.com\/es\/producto\/juego-de-alicates-professional-electric-wiha\/#primaryimage"},"thumbnailUrl":"https:\/\/fontfredapintures.com\/wp-content\/uploads\/2026\/03\/38300026852000_3469.png","datePublished":"2026-03-03T15:05:47+00:00","dateModified":"2026-03-04T10:42:28+00:00","description":"Juego de alicates Professional Electric para electricistas: alicates universales, de punta semi-redonda extralarga y de corte diagonal con mangos ergon\u00f3micos.","breadcrumb":{"@id":"https:\/\/fontfredapintures.com\/es\/producto\/juego-de-alicates-professional-electric-wiha\/#breadcrumb"},"inLanguage":"es","potentialAction":[{"@type":"ReadAction","target":["https:\/\/fontfredapintures.com\/es\/producto\/juego-de-alicates-professional-electric-wiha\/"]}]},{"@type":"ImageObject","inLanguage":"es","@id":"https:\/\/fontfredapintures.com\/es\/producto\/juego-de-alicates-professional-electric-wiha\/#primaryimage","url":"https:\/\/fontfredapintures.com\/wp-content\/uploads\/2026\/03\/38300026852000_3469.png","contentUrl":"https:\/\/fontfredapintures.com\/wp-content\/uploads\/2026\/03\/38300026852000_3469.png","width":1000,"height":1143,"caption":"Joc d'alicates professional electric Wiha"},{"@type":"BreadcrumbList","@id":"https:\/\/fontfredapintures.com\/es\/producto\/juego-de-alicates-professional-electric-wiha\/#breadcrumb","itemListElement":[{"@type":"ListItem","position":1,"name":"Fontfreda","item":"https:\/\/fontfredapintures.com\/es\/"},{"@type":"ListItem","position":2,"name":"Tienda","item":"https:\/\/fontfredapintures.com\/es\/tienda\/"},{"@type":"ListItem","position":3,"name":"Juego de alicates professional electric Wiha Ref. 26852"}]},{"@type":"WebSite","@id":"https:\/\/fontfredapintures.com\/es\/#website","url":"https:\/\/fontfredapintures.com\/es\/","name":"Fontfreda Pintures","description":"Tienda online de pintura, decoraci\u00f3n y bellas artes","publisher":{"@id":"https:\/\/fontfredapintures.com\/es\/#organization"},"alternateName":"Pintures Fontfreda","potentialAction":[{"@type":"SearchAction","target":{"@type":"EntryPoint","urlTemplate":"https:\/\/fontfredapintures.com\/es\/?s={search_term_string}"},"query-input":{"@type":"PropertyValueSpecification","valueRequired":true,"valueName":"search_term_string"}}],"inLanguage":"es"},{"@type":"Organization","@id":"https:\/\/fontfredapintures.com\/es\/#organization","name":"Pintures Fontfreda","alternateName":"Fontfreda Pintures","url":"https:\/\/fontfredapintures.com\/es\/","logo":{"@type":"ImageObject","inLanguage":"es","@id":"https:\/\/fontfredapintures.com\/es\/#\/schema\/logo\/image\/","url":"https:\/\/fontfredapintures.com\/wp-content\/uploads\/2024\/04\/fontfreda-pintures-logo-yoast.jpg","contentUrl":"https:\/\/fontfredapintures.com\/wp-content\/uploads\/2024\/04\/fontfreda-pintures-logo-yoast.jpg","width":900,"height":600,"caption":"Pintures Fontfreda"},"image":{"@id":"https:\/\/fontfredapintures.com\/es\/#\/schema\/logo\/image\/"},"sameAs":["https:\/\/www.facebook.com\/fontfredapintures\/","https:\/\/www.instagram.com\/fontfredapintures\/","https:\/\/www.linkedin.com\/company\/fontfredapintures\/"]}]}},"_links":{"self":[{"href":"https:\/\/fontfredapintures.com\/es\/wp-json\/wp\/v2\/product\/63335","targetHints":{"allow":["GET"]}}],"collection":[{"href":"https:\/\/fontfredapintures.com\/es\/wp-json\/wp\/v2\/product"}],"about":[{"href":"https:\/\/fontfredapintures.com\/es\/wp-json\/wp\/v2\/types\/product"}],"replies":[{"embeddable":true,"href":"https:\/\/fontfredapintures.com\/es\/wp-json\/wp\/v2\/comments?post=63335"}],"version-history":[{"count":4,"href":"https:\/\/fontfredapintures.com\/es\/wp-json\/wp\/v2\/product\/63335\/revisions"}],"predecessor-version":[{"id":63391,"href":"https:\/\/fontfredapintures.com\/es\/wp-json\/wp\/v2\/product\/63335\/revisions\/63391"}],"wp:featuredmedia":[{"embeddable":true,"href":"https:\/\/fontfredapintures.com\/es\/wp-json\/wp\/v2\/media\/63333"}],"wp:attachment":[{"href":"https:\/\/fontfredapintures.com\/es\/wp-json\/wp\/v2\/media?parent=63335"}],"wp:term":[{"taxonomy":"product_brand","embeddable":true,"href":"https:\/\/fontfredapintures.com\/es\/wp-json\/wp\/v2\/product_brand?post=63335"},{"taxonomy":"product_cat","embeddable":true,"href":"https:\/\/fontfredapintures.com\/es\/wp-json\/wp\/v2\/product_cat?post=63335"},{"taxonomy":"product_tag","embeddable":true,"href":"https:\/\/fontfredapintures.com\/es\/wp-json\/wp\/v2\/product_tag?post=63335"}],"curies":[{"name":"wp","href":"https:\/\/api.w.org\/{rel}","templated":true}]}}