{"id":62973,"date":"2025-10-20T16:06:53","date_gmt":"2025-10-20T14:06:53","guid":{"rendered":"https:\/\/fontfredapintures.com\/producte\/bobina-celulosa-micropunto-cin0701-1-unidad\/"},"modified":"2025-10-21T01:38:01","modified_gmt":"2025-10-20T23:38:01","slug":"bobina-celulosa-micropunto-cin0701-1-unidad","status":"publish","type":"product","link":"https:\/\/fontfredapintures.com\/es\/producto\/bobina-celulosa-micropunto-cin0701-1-unidad\/","title":{"rendered":"Bobina celulosa micropunto CIN0701 (1 unidad)"},"content":{"rendered":"<p>La bobina de celulosa micropunto CIN0701 es un producto de alta calidad con acabado micropunto que garantiza resistencia y gran absorci\u00f3n. Esta bobina es perfecta para limpieza en entornos profesionales como talleres, hosteler\u00eda e industria alimentaria. Su estructura micropunto permite una mejor retenci\u00f3n de l\u00edquidos y residuos, facilitando la limpieza y aumentando la eficiencia. Compra ahora y aseg\u00farate de disponer de papel profesional y duradero para todas tus necesidades.<\/p>\n","protected":false},"excerpt":{"rendered":"<p>Bobina de celulosa micropunto CIN0701, resistente y de alta absorci\u00f3n. Ideal para limpieza industrial, talleres, hosteler\u00eda y uso profesional. Compatible con dispensadores industriales.<\/p>\n","protected":false},"featured_media":62971,"comment_status":"open","ping_status":"closed","template":"","meta":[],"product_brand":[],"product_cat":[1986,2096,1939,639,1498,958],"product_tag":[],"class_list":{"0":"post-62973","1":"product","2":"type-product","3":"status-publish","4":"has-post-thumbnail","6":"product_cat-lavabos-y-wc","7":"product_cat-limpieza-carroceria","8":"product_cat-limpieza-industrial","9":"product_cat-herramientas-y-accesorios","10":"product_cat-varios-es","11":"product_cat-drogueria-es","12":"pa_brand-cindis-es","14":"first","15":"instock","16":"taxable","17":"shipping-taxable","18":"purchasable","19":"product-type-simple"},"group_of_quantity":0,"min_quantity":0,"max_quantity":"","exclude_order_quantity_value_rules":"no","exclude_category_quantity_rules":"no","combine_variations":"no","yoast_head":"<!-- This site is optimized with the Yoast SEO plugin v25.7 - https:\/\/yoast.com\/wordpress\/plugins\/seo\/ -->\n<title>Bobina celulosa micropunto CIN0701 (1 unidad) - Fontfreda Pintures<\/title>\n<meta name=\"description\" content=\"Bobina de celulosa micropunto de alta absorci\u00f3n. Ideal para limpieza industrial, talleres y uso profesional. Compatible con dispensadores industriales.\" \/>\n<meta name=\"robots\" content=\"index, follow, max-snippet:-1, max-image-preview:large, max-video-preview:-1\" \/>\n<link rel=\"canonical\" href=\"https:\/\/fontfredapintures.com\/es\/producto\/bobina-celulosa-micropunto-cin0701-1-unidad\/\" \/>\n<meta property=\"og:locale\" content=\"es_ES\" \/>\n<meta property=\"og:type\" content=\"article\" \/>\n<meta property=\"og:title\" content=\"Bobina celulosa micropunto CIN0701 (1 unidad) - Fontfreda Pintures\" \/>\n<meta property=\"og:description\" content=\"Bobina de celulosa micropunto de alta absorci\u00f3n. Ideal para limpieza industrial, talleres y uso profesional. Compatible con dispensadores industriales.\" \/>\n<meta property=\"og:url\" content=\"https:\/\/fontfredapintures.com\/es\/producto\/bobina-celulosa-micropunto-cin0701-1-unidad\/\" \/>\n<meta property=\"og:site_name\" content=\"Fontfreda Pintures\" \/>\n<meta property=\"article:publisher\" content=\"https:\/\/www.facebook.com\/fontfredapintures\/\" \/>\n<meta property=\"article:modified_time\" content=\"2025-10-20T23:38:01+00:00\" \/>\n<meta property=\"og:image\" content=\"https:\/\/fontfredapintures.com\/wp-content\/uploads\/2025\/10\/23000100701000_3456.png\" \/>\n\t<meta property=\"og:image:width\" content=\"1000\" \/>\n\t<meta property=\"og:image:height\" content=\"1143\" \/>\n\t<meta property=\"og:image:type\" content=\"image\/png\" \/>\n<meta name=\"twitter:card\" content=\"summary_large_image\" \/>\n<meta name=\"twitter:label1\" content=\"Tiempo de lectura\" \/>\n\t<meta name=\"twitter:data1\" content=\"1 minuto\" \/>\n<script type=\"application\/ld+json\" class=\"yoast-schema-graph\">{\"@context\":\"https:\/\/schema.org\",\"@graph\":[{\"@type\":\"WebPage\",\"@id\":\"https:\/\/fontfredapintures.com\/es\/producto\/bobina-celulosa-micropunto-cin0701-1-unidad\/\",\"url\":\"https:\/\/fontfredapintures.com\/es\/producto\/bobina-celulosa-micropunto-cin0701-1-unidad\/\",\"name\":\"Bobina celulosa micropunto CIN0701 (1 unidad) - Fontfreda Pintures\",\"isPartOf\":{\"@id\":\"https:\/\/fontfredapintures.com\/es\/#website\"},\"primaryImageOfPage\":{\"@id\":\"https:\/\/fontfredapintures.com\/es\/producto\/bobina-celulosa-micropunto-cin0701-1-unidad\/#primaryimage\"},\"image\":{\"@id\":\"https:\/\/fontfredapintures.com\/es\/producto\/bobina-celulosa-micropunto-cin0701-1-unidad\/#primaryimage\"},\"thumbnailUrl\":\"https:\/\/fontfredapintures.com\/wp-content\/uploads\/2025\/10\/23000100701000_3456.png\",\"datePublished\":\"2025-10-20T14:06:53+00:00\",\"dateModified\":\"2025-10-20T23:38:01+00:00\",\"description\":\"Bobina de celulosa micropunto de alta absorci\u00f3n. Ideal para limpieza industrial, talleres y uso profesional. Compatible con dispensadores industriales.\",\"breadcrumb\":{\"@id\":\"https:\/\/fontfredapintures.com\/es\/producto\/bobina-celulosa-micropunto-cin0701-1-unidad\/#breadcrumb\"},\"inLanguage\":\"es\",\"potentialAction\":[{\"@type\":\"ReadAction\",\"target\":[\"https:\/\/fontfredapintures.com\/es\/producto\/bobina-celulosa-micropunto-cin0701-1-unidad\/\"]}]},{\"@type\":\"ImageObject\",\"inLanguage\":\"es\",\"@id\":\"https:\/\/fontfredapintures.com\/es\/producto\/bobina-celulosa-micropunto-cin0701-1-unidad\/#primaryimage\",\"url\":\"https:\/\/fontfredapintures.com\/wp-content\/uploads\/2025\/10\/23000100701000_3456.png\",\"contentUrl\":\"https:\/\/fontfredapintures.com\/wp-content\/uploads\/2025\/10\/23000100701000_3456.png\",\"width\":1000,\"height\":1143,\"caption\":\"Bobina celulosa micropunto CIN0701 (1 unidad)\"},{\"@type\":\"BreadcrumbList\",\"@id\":\"https:\/\/fontfredapintures.com\/es\/producto\/bobina-celulosa-micropunto-cin0701-1-unidad\/#breadcrumb\",\"itemListElement\":[{\"@type\":\"ListItem\",\"position\":1,\"name\":\"Fontfreda\",\"item\":\"https:\/\/fontfredapintures.com\/es\/\"},{\"@type\":\"ListItem\",\"position\":2,\"name\":\"Tienda\",\"item\":\"https:\/\/fontfredapintures.com\/es\/tienda\/\"},{\"@type\":\"ListItem\",\"position\":3,\"name\":\"Bobina celulosa micropunto CIN0701 (1 unidad)\"}]},{\"@type\":\"WebSite\",\"@id\":\"https:\/\/fontfredapintures.com\/es\/#website\",\"url\":\"https:\/\/fontfredapintures.com\/es\/\",\"name\":\"Fontfreda Pintures\",\"description\":\"Tienda online de pintura, decoraci\u00f3n y bellas artes\",\"publisher\":{\"@id\":\"https:\/\/fontfredapintures.com\/es\/#organization\"},\"alternateName\":\"Pintures Fontfreda\",\"potentialAction\":[{\"@type\":\"SearchAction\",\"target\":{\"@type\":\"EntryPoint\",\"urlTemplate\":\"https:\/\/fontfredapintures.com\/es\/?s={search_term_string}\"},\"query-input\":{\"@type\":\"PropertyValueSpecification\",\"valueRequired\":true,\"valueName\":\"search_term_string\"}}],\"inLanguage\":\"es\"},{\"@type\":\"Organization\",\"@id\":\"https:\/\/fontfredapintures.com\/es\/#organization\",\"name\":\"Pintures Fontfreda\",\"alternateName\":\"Fontfreda Pintures\",\"url\":\"https:\/\/fontfredapintures.com\/es\/\",\"logo\":{\"@type\":\"ImageObject\",\"inLanguage\":\"es\",\"@id\":\"https:\/\/fontfredapintures.com\/es\/#\/schema\/logo\/image\/\",\"url\":\"https:\/\/fontfredapintures.com\/wp-content\/uploads\/2024\/04\/fontfreda-pintures-logo-yoast.jpg\",\"contentUrl\":\"https:\/\/fontfredapintures.com\/wp-content\/uploads\/2024\/04\/fontfreda-pintures-logo-yoast.jpg\",\"width\":900,\"height\":600,\"caption\":\"Pintures Fontfreda\"},\"image\":{\"@id\":\"https:\/\/fontfredapintures.com\/es\/#\/schema\/logo\/image\/\"},\"sameAs\":[\"https:\/\/www.facebook.com\/fontfredapintures\/\",\"https:\/\/www.instagram.com\/fontfredapintures\/\",\"https:\/\/www.linkedin.com\/company\/fontfredapintures\/\"]}]}<\/script>\n<!-- \/ Yoast SEO plugin. -->","yoast_head_json":{"title":"Bobina celulosa micropunto CIN0701 (1 unidad) - Fontfreda Pintures","description":"Bobina de celulosa micropunto de alta absorci\u00f3n. Ideal para limpieza industrial, talleres y uso profesional. Compatible con dispensadores industriales.","robots":{"index":"index","follow":"follow","max-snippet":"max-snippet:-1","max-image-preview":"max-image-preview:large","max-video-preview":"max-video-preview:-1"},"canonical":"https:\/\/fontfredapintures.com\/es\/producto\/bobina-celulosa-micropunto-cin0701-1-unidad\/","og_locale":"es_ES","og_type":"article","og_title":"Bobina celulosa micropunto CIN0701 (1 unidad) - Fontfreda Pintures","og_description":"Bobina de celulosa micropunto de alta absorci\u00f3n. Ideal para limpieza industrial, talleres y uso profesional. Compatible con dispensadores industriales.","og_url":"https:\/\/fontfredapintures.com\/es\/producto\/bobina-celulosa-micropunto-cin0701-1-unidad\/","og_site_name":"Fontfreda Pintures","article_publisher":"https:\/\/www.facebook.com\/fontfredapintures\/","article_modified_time":"2025-10-20T23:38:01+00:00","og_image":[{"width":1000,"height":1143,"url":"https:\/\/fontfredapintures.com\/wp-content\/uploads\/2025\/10\/23000100701000_3456.png","type":"image\/png"}],"twitter_card":"summary_large_image","twitter_misc":{"Tiempo de lectura":"1 minuto"},"schema":{"@context":"https:\/\/schema.org","@graph":[{"@type":"WebPage","@id":"https:\/\/fontfredapintures.com\/es\/producto\/bobina-celulosa-micropunto-cin0701-1-unidad\/","url":"https:\/\/fontfredapintures.com\/es\/producto\/bobina-celulosa-micropunto-cin0701-1-unidad\/","name":"Bobina celulosa micropunto CIN0701 (1 unidad) - Fontfreda Pintures","isPartOf":{"@id":"https:\/\/fontfredapintures.com\/es\/#website"},"primaryImageOfPage":{"@id":"https:\/\/fontfredapintures.com\/es\/producto\/bobina-celulosa-micropunto-cin0701-1-unidad\/#primaryimage"},"image":{"@id":"https:\/\/fontfredapintures.com\/es\/producto\/bobina-celulosa-micropunto-cin0701-1-unidad\/#primaryimage"},"thumbnailUrl":"https:\/\/fontfredapintures.com\/wp-content\/uploads\/2025\/10\/23000100701000_3456.png","datePublished":"2025-10-20T14:06:53+00:00","dateModified":"2025-10-20T23:38:01+00:00","description":"Bobina de celulosa micropunto de alta absorci\u00f3n. Ideal para limpieza industrial, talleres y uso profesional. Compatible con dispensadores industriales.","breadcrumb":{"@id":"https:\/\/fontfredapintures.com\/es\/producto\/bobina-celulosa-micropunto-cin0701-1-unidad\/#breadcrumb"},"inLanguage":"es","potentialAction":[{"@type":"ReadAction","target":["https:\/\/fontfredapintures.com\/es\/producto\/bobina-celulosa-micropunto-cin0701-1-unidad\/"]}]},{"@type":"ImageObject","inLanguage":"es","@id":"https:\/\/fontfredapintures.com\/es\/producto\/bobina-celulosa-micropunto-cin0701-1-unidad\/#primaryimage","url":"https:\/\/fontfredapintures.com\/wp-content\/uploads\/2025\/10\/23000100701000_3456.png","contentUrl":"https:\/\/fontfredapintures.com\/wp-content\/uploads\/2025\/10\/23000100701000_3456.png","width":1000,"height":1143,"caption":"Bobina celulosa micropunto CIN0701 (1 unidad)"},{"@type":"BreadcrumbList","@id":"https:\/\/fontfredapintures.com\/es\/producto\/bobina-celulosa-micropunto-cin0701-1-unidad\/#breadcrumb","itemListElement":[{"@type":"ListItem","position":1,"name":"Fontfreda","item":"https:\/\/fontfredapintures.com\/es\/"},{"@type":"ListItem","position":2,"name":"Tienda","item":"https:\/\/fontfredapintures.com\/es\/tienda\/"},{"@type":"ListItem","position":3,"name":"Bobina celulosa micropunto CIN0701 (1 unidad)"}]},{"@type":"WebSite","@id":"https:\/\/fontfredapintures.com\/es\/#website","url":"https:\/\/fontfredapintures.com\/es\/","name":"Fontfreda Pintures","description":"Tienda online de pintura, decoraci\u00f3n y bellas artes","publisher":{"@id":"https:\/\/fontfredapintures.com\/es\/#organization"},"alternateName":"Pintures Fontfreda","potentialAction":[{"@type":"SearchAction","target":{"@type":"EntryPoint","urlTemplate":"https:\/\/fontfredapintures.com\/es\/?s={search_term_string}"},"query-input":{"@type":"PropertyValueSpecification","valueRequired":true,"valueName":"search_term_string"}}],"inLanguage":"es"},{"@type":"Organization","@id":"https:\/\/fontfredapintures.com\/es\/#organization","name":"Pintures Fontfreda","alternateName":"Fontfreda Pintures","url":"https:\/\/fontfredapintures.com\/es\/","logo":{"@type":"ImageObject","inLanguage":"es","@id":"https:\/\/fontfredapintures.com\/es\/#\/schema\/logo\/image\/","url":"https:\/\/fontfredapintures.com\/wp-content\/uploads\/2024\/04\/fontfreda-pintures-logo-yoast.jpg","contentUrl":"https:\/\/fontfredapintures.com\/wp-content\/uploads\/2024\/04\/fontfreda-pintures-logo-yoast.jpg","width":900,"height":600,"caption":"Pintures Fontfreda"},"image":{"@id":"https:\/\/fontfredapintures.com\/es\/#\/schema\/logo\/image\/"},"sameAs":["https:\/\/www.facebook.com\/fontfredapintures\/","https:\/\/www.instagram.com\/fontfredapintures\/","https:\/\/www.linkedin.com\/company\/fontfredapintures\/"]}]}},"_links":{"self":[{"href":"https:\/\/fontfredapintures.com\/es\/wp-json\/wp\/v2\/product\/62973","targetHints":{"allow":["GET"]}}],"collection":[{"href":"https:\/\/fontfredapintures.com\/es\/wp-json\/wp\/v2\/product"}],"about":[{"href":"https:\/\/fontfredapintures.com\/es\/wp-json\/wp\/v2\/types\/product"}],"replies":[{"embeddable":true,"href":"https:\/\/fontfredapintures.com\/es\/wp-json\/wp\/v2\/comments?post=62973"}],"version-history":[{"count":1,"href":"https:\/\/fontfredapintures.com\/es\/wp-json\/wp\/v2\/product\/62973\/revisions"}],"predecessor-version":[{"id":63000,"href":"https:\/\/fontfredapintures.com\/es\/wp-json\/wp\/v2\/product\/62973\/revisions\/63000"}],"wp:featuredmedia":[{"embeddable":true,"href":"https:\/\/fontfredapintures.com\/es\/wp-json\/wp\/v2\/media\/62971"}],"wp:attachment":[{"href":"https:\/\/fontfredapintures.com\/es\/wp-json\/wp\/v2\/media?parent=62973"}],"wp:term":[{"taxonomy":"product_brand","embeddable":true,"href":"https:\/\/fontfredapintures.com\/es\/wp-json\/wp\/v2\/product_brand?post=62973"},{"taxonomy":"product_cat","embeddable":true,"href":"https:\/\/fontfredapintures.com\/es\/wp-json\/wp\/v2\/product_cat?post=62973"},{"taxonomy":"product_tag","embeddable":true,"href":"https:\/\/fontfredapintures.com\/es\/wp-json\/wp\/v2\/product_tag?post=62973"}],"curies":[{"name":"wp","href":"https:\/\/api.w.org\/{rel}","templated":true}]}}