{"id":62744,"date":"2025-10-06T17:04:38","date_gmt":"2025-10-06T15:04:38","guid":{"rendered":"https:\/\/fontfredapintures.com\/producte\/bayeta-microfibra-cindis-320gr\/"},"modified":"2025-10-07T17:25:13","modified_gmt":"2025-10-07T15:25:13","slug":"bayeta-microfibra-cindis-320gr","status":"publish","type":"product","link":"https:\/\/fontfredapintures.com\/es\/producto\/bayeta-microfibra-cindis-320gr\/","title":{"rendered":"Bayeta microfibra Cindis 320gr CIN01213"},"content":{"rendered":"<p>La bayeta de microfibra Cindis 320gr est\u00e1 especialmente dise\u00f1ada para la limpieza y el cuidado del coche. Su composici\u00f3n de microfibra de 320 gramos por metro cuadrado proporciona una excelente capacidad de absorci\u00f3n y una limpieza eficaz sin dejar pelusas ni marcas. Su tacto suave protege las superficies m\u00e1s delicadas y la hace perfecta para pulir, secar o repasar interiores. Ideal para profesionales del detailing o amantes del motor que buscan resultados impecables con cada uso.<\/p>\n","protected":false},"excerpt":{"rendered":"<p>Bayeta de microfibra Cindis 320gr de alta calidad. Ideal para la limpieza y el pulido del autom\u00f3vil, con gran absorci\u00f3n y suavidad para un acabado perfecto sin rayar.<\/p>\n","protected":false},"featured_media":62742,"comment_status":"open","ping_status":"closed","template":"","meta":[],"product_brand":[],"product_cat":[2096,1939,958],"product_tag":[],"class_list":{"0":"post-62744","1":"product","2":"type-product","3":"status-publish","4":"has-post-thumbnail","6":"product_cat-limpieza-carroceria","7":"product_cat-limpieza-industrial","8":"product_cat-drogueria-es","9":"pa_brand-cindis-es","11":"first","12":"instock","13":"taxable","14":"shipping-taxable","15":"purchasable","16":"product-type-simple"},"group_of_quantity":0,"min_quantity":0,"max_quantity":"","exclude_order_quantity_value_rules":"no","exclude_category_quantity_rules":"no","combine_variations":"no","yoast_head":"<!-- This site is optimized with the Yoast SEO plugin v25.7 - https:\/\/yoast.com\/wordpress\/plugins\/seo\/ -->\n<title>Bayeta microfibra Cindis 320gr CIN01213 - Fontfreda Pintures<\/title>\n<meta name=\"description\" content=\"Compra la bayeta de microfibra Cindis 320gr, perfecta para limpiar y pulir tu coche sin rayarlo. P\u00eddela online y consigue un brillo profesional al instante.\" \/>\n<meta name=\"robots\" content=\"index, follow, max-snippet:-1, max-image-preview:large, max-video-preview:-1\" \/>\n<link rel=\"canonical\" href=\"https:\/\/fontfredapintures.com\/es\/producto\/bayeta-microfibra-cindis-320gr\/\" \/>\n<meta property=\"og:locale\" content=\"es_ES\" \/>\n<meta property=\"og:type\" content=\"article\" \/>\n<meta property=\"og:title\" content=\"Bayeta microfibra Cindis 320gr CIN01213 - Fontfreda Pintures\" \/>\n<meta property=\"og:description\" content=\"Compra la bayeta de microfibra Cindis 320gr, perfecta para limpiar y pulir tu coche sin rayarlo. P\u00eddela online y consigue un brillo profesional al instante.\" \/>\n<meta property=\"og:url\" content=\"https:\/\/fontfredapintures.com\/es\/producto\/bayeta-microfibra-cindis-320gr\/\" \/>\n<meta property=\"og:site_name\" content=\"Fontfreda Pintures\" \/>\n<meta property=\"article:publisher\" content=\"https:\/\/www.facebook.com\/fontfredapintures\/\" \/>\n<meta property=\"article:modified_time\" content=\"2025-10-07T15:25:13+00:00\" \/>\n<meta property=\"og:image\" content=\"https:\/\/fontfredapintures.com\/wp-content\/uploads\/2025\/10\/20300001213000_3439.png\" \/>\n\t<meta property=\"og:image:width\" content=\"1000\" \/>\n\t<meta property=\"og:image:height\" content=\"1143\" \/>\n\t<meta property=\"og:image:type\" content=\"image\/png\" \/>\n<meta name=\"twitter:card\" content=\"summary_large_image\" \/>\n<meta name=\"twitter:label1\" content=\"Tiempo de lectura\" \/>\n\t<meta name=\"twitter:data1\" content=\"1 minuto\" \/>\n<script type=\"application\/ld+json\" class=\"yoast-schema-graph\">{\"@context\":\"https:\/\/schema.org\",\"@graph\":[{\"@type\":\"WebPage\",\"@id\":\"https:\/\/fontfredapintures.com\/es\/producto\/bayeta-microfibra-cindis-320gr\/\",\"url\":\"https:\/\/fontfredapintures.com\/es\/producto\/bayeta-microfibra-cindis-320gr\/\",\"name\":\"Bayeta microfibra Cindis 320gr CIN01213 - Fontfreda Pintures\",\"isPartOf\":{\"@id\":\"https:\/\/fontfredapintures.com\/es\/#website\"},\"primaryImageOfPage\":{\"@id\":\"https:\/\/fontfredapintures.com\/es\/producto\/bayeta-microfibra-cindis-320gr\/#primaryimage\"},\"image\":{\"@id\":\"https:\/\/fontfredapintures.com\/es\/producto\/bayeta-microfibra-cindis-320gr\/#primaryimage\"},\"thumbnailUrl\":\"https:\/\/fontfredapintures.com\/wp-content\/uploads\/2025\/10\/20300001213000_3439.png\",\"datePublished\":\"2025-10-06T15:04:38+00:00\",\"dateModified\":\"2025-10-07T15:25:13+00:00\",\"description\":\"Compra la bayeta de microfibra Cindis 320gr, perfecta para limpiar y pulir tu coche sin rayarlo. P\u00eddela online y consigue un brillo profesional al instante.\",\"breadcrumb\":{\"@id\":\"https:\/\/fontfredapintures.com\/es\/producto\/bayeta-microfibra-cindis-320gr\/#breadcrumb\"},\"inLanguage\":\"es\",\"potentialAction\":[{\"@type\":\"ReadAction\",\"target\":[\"https:\/\/fontfredapintures.com\/es\/producto\/bayeta-microfibra-cindis-320gr\/\"]}]},{\"@type\":\"ImageObject\",\"inLanguage\":\"es\",\"@id\":\"https:\/\/fontfredapintures.com\/es\/producto\/bayeta-microfibra-cindis-320gr\/#primaryimage\",\"url\":\"https:\/\/fontfredapintures.com\/wp-content\/uploads\/2025\/10\/20300001213000_3439.png\",\"contentUrl\":\"https:\/\/fontfredapintures.com\/wp-content\/uploads\/2025\/10\/20300001213000_3439.png\",\"width\":1000,\"height\":1143,\"caption\":\"Bayeta microfibra Cindis 320gr\"},{\"@type\":\"BreadcrumbList\",\"@id\":\"https:\/\/fontfredapintures.com\/es\/producto\/bayeta-microfibra-cindis-320gr\/#breadcrumb\",\"itemListElement\":[{\"@type\":\"ListItem\",\"position\":1,\"name\":\"Fontfreda\",\"item\":\"https:\/\/fontfredapintures.com\/es\/\"},{\"@type\":\"ListItem\",\"position\":2,\"name\":\"Tienda\",\"item\":\"https:\/\/fontfredapintures.com\/es\/tienda\/\"},{\"@type\":\"ListItem\",\"position\":3,\"name\":\"Bayeta microfibra Cindis 320gr CIN01213\"}]},{\"@type\":\"WebSite\",\"@id\":\"https:\/\/fontfredapintures.com\/es\/#website\",\"url\":\"https:\/\/fontfredapintures.com\/es\/\",\"name\":\"Fontfreda Pintures\",\"description\":\"Tienda online de pintura, decoraci\u00f3n y bellas artes\",\"publisher\":{\"@id\":\"https:\/\/fontfredapintures.com\/es\/#organization\"},\"alternateName\":\"Pintures Fontfreda\",\"potentialAction\":[{\"@type\":\"SearchAction\",\"target\":{\"@type\":\"EntryPoint\",\"urlTemplate\":\"https:\/\/fontfredapintures.com\/es\/?s={search_term_string}\"},\"query-input\":{\"@type\":\"PropertyValueSpecification\",\"valueRequired\":true,\"valueName\":\"search_term_string\"}}],\"inLanguage\":\"es\"},{\"@type\":\"Organization\",\"@id\":\"https:\/\/fontfredapintures.com\/es\/#organization\",\"name\":\"Pintures Fontfreda\",\"alternateName\":\"Fontfreda Pintures\",\"url\":\"https:\/\/fontfredapintures.com\/es\/\",\"logo\":{\"@type\":\"ImageObject\",\"inLanguage\":\"es\",\"@id\":\"https:\/\/fontfredapintures.com\/es\/#\/schema\/logo\/image\/\",\"url\":\"https:\/\/fontfredapintures.com\/wp-content\/uploads\/2024\/04\/fontfreda-pintures-logo-yoast.jpg\",\"contentUrl\":\"https:\/\/fontfredapintures.com\/wp-content\/uploads\/2024\/04\/fontfreda-pintures-logo-yoast.jpg\",\"width\":900,\"height\":600,\"caption\":\"Pintures Fontfreda\"},\"image\":{\"@id\":\"https:\/\/fontfredapintures.com\/es\/#\/schema\/logo\/image\/\"},\"sameAs\":[\"https:\/\/www.facebook.com\/fontfredapintures\/\",\"https:\/\/www.instagram.com\/fontfredapintures\/\",\"https:\/\/www.linkedin.com\/company\/fontfredapintures\/\"]}]}<\/script>\n<!-- \/ Yoast SEO plugin. -->","yoast_head_json":{"title":"Bayeta microfibra Cindis 320gr CIN01213 - Fontfreda Pintures","description":"Compra la bayeta de microfibra Cindis 320gr, perfecta para limpiar y pulir tu coche sin rayarlo. P\u00eddela online y consigue un brillo profesional al instante.","robots":{"index":"index","follow":"follow","max-snippet":"max-snippet:-1","max-image-preview":"max-image-preview:large","max-video-preview":"max-video-preview:-1"},"canonical":"https:\/\/fontfredapintures.com\/es\/producto\/bayeta-microfibra-cindis-320gr\/","og_locale":"es_ES","og_type":"article","og_title":"Bayeta microfibra Cindis 320gr CIN01213 - Fontfreda Pintures","og_description":"Compra la bayeta de microfibra Cindis 320gr, perfecta para limpiar y pulir tu coche sin rayarlo. P\u00eddela online y consigue un brillo profesional al instante.","og_url":"https:\/\/fontfredapintures.com\/es\/producto\/bayeta-microfibra-cindis-320gr\/","og_site_name":"Fontfreda Pintures","article_publisher":"https:\/\/www.facebook.com\/fontfredapintures\/","article_modified_time":"2025-10-07T15:25:13+00:00","og_image":[{"width":1000,"height":1143,"url":"https:\/\/fontfredapintures.com\/wp-content\/uploads\/2025\/10\/20300001213000_3439.png","type":"image\/png"}],"twitter_card":"summary_large_image","twitter_misc":{"Tiempo de lectura":"1 minuto"},"schema":{"@context":"https:\/\/schema.org","@graph":[{"@type":"WebPage","@id":"https:\/\/fontfredapintures.com\/es\/producto\/bayeta-microfibra-cindis-320gr\/","url":"https:\/\/fontfredapintures.com\/es\/producto\/bayeta-microfibra-cindis-320gr\/","name":"Bayeta microfibra Cindis 320gr CIN01213 - Fontfreda Pintures","isPartOf":{"@id":"https:\/\/fontfredapintures.com\/es\/#website"},"primaryImageOfPage":{"@id":"https:\/\/fontfredapintures.com\/es\/producto\/bayeta-microfibra-cindis-320gr\/#primaryimage"},"image":{"@id":"https:\/\/fontfredapintures.com\/es\/producto\/bayeta-microfibra-cindis-320gr\/#primaryimage"},"thumbnailUrl":"https:\/\/fontfredapintures.com\/wp-content\/uploads\/2025\/10\/20300001213000_3439.png","datePublished":"2025-10-06T15:04:38+00:00","dateModified":"2025-10-07T15:25:13+00:00","description":"Compra la bayeta de microfibra Cindis 320gr, perfecta para limpiar y pulir tu coche sin rayarlo. P\u00eddela online y consigue un brillo profesional al instante.","breadcrumb":{"@id":"https:\/\/fontfredapintures.com\/es\/producto\/bayeta-microfibra-cindis-320gr\/#breadcrumb"},"inLanguage":"es","potentialAction":[{"@type":"ReadAction","target":["https:\/\/fontfredapintures.com\/es\/producto\/bayeta-microfibra-cindis-320gr\/"]}]},{"@type":"ImageObject","inLanguage":"es","@id":"https:\/\/fontfredapintures.com\/es\/producto\/bayeta-microfibra-cindis-320gr\/#primaryimage","url":"https:\/\/fontfredapintures.com\/wp-content\/uploads\/2025\/10\/20300001213000_3439.png","contentUrl":"https:\/\/fontfredapintures.com\/wp-content\/uploads\/2025\/10\/20300001213000_3439.png","width":1000,"height":1143,"caption":"Bayeta microfibra Cindis 320gr"},{"@type":"BreadcrumbList","@id":"https:\/\/fontfredapintures.com\/es\/producto\/bayeta-microfibra-cindis-320gr\/#breadcrumb","itemListElement":[{"@type":"ListItem","position":1,"name":"Fontfreda","item":"https:\/\/fontfredapintures.com\/es\/"},{"@type":"ListItem","position":2,"name":"Tienda","item":"https:\/\/fontfredapintures.com\/es\/tienda\/"},{"@type":"ListItem","position":3,"name":"Bayeta microfibra Cindis 320gr CIN01213"}]},{"@type":"WebSite","@id":"https:\/\/fontfredapintures.com\/es\/#website","url":"https:\/\/fontfredapintures.com\/es\/","name":"Fontfreda Pintures","description":"Tienda online de pintura, decoraci\u00f3n y bellas artes","publisher":{"@id":"https:\/\/fontfredapintures.com\/es\/#organization"},"alternateName":"Pintures Fontfreda","potentialAction":[{"@type":"SearchAction","target":{"@type":"EntryPoint","urlTemplate":"https:\/\/fontfredapintures.com\/es\/?s={search_term_string}"},"query-input":{"@type":"PropertyValueSpecification","valueRequired":true,"valueName":"search_term_string"}}],"inLanguage":"es"},{"@type":"Organization","@id":"https:\/\/fontfredapintures.com\/es\/#organization","name":"Pintures Fontfreda","alternateName":"Fontfreda Pintures","url":"https:\/\/fontfredapintures.com\/es\/","logo":{"@type":"ImageObject","inLanguage":"es","@id":"https:\/\/fontfredapintures.com\/es\/#\/schema\/logo\/image\/","url":"https:\/\/fontfredapintures.com\/wp-content\/uploads\/2024\/04\/fontfreda-pintures-logo-yoast.jpg","contentUrl":"https:\/\/fontfredapintures.com\/wp-content\/uploads\/2024\/04\/fontfreda-pintures-logo-yoast.jpg","width":900,"height":600,"caption":"Pintures Fontfreda"},"image":{"@id":"https:\/\/fontfredapintures.com\/es\/#\/schema\/logo\/image\/"},"sameAs":["https:\/\/www.facebook.com\/fontfredapintures\/","https:\/\/www.instagram.com\/fontfredapintures\/","https:\/\/www.linkedin.com\/company\/fontfredapintures\/"]}]}},"_links":{"self":[{"href":"https:\/\/fontfredapintures.com\/es\/wp-json\/wp\/v2\/product\/62744","targetHints":{"allow":["GET"]}}],"collection":[{"href":"https:\/\/fontfredapintures.com\/es\/wp-json\/wp\/v2\/product"}],"about":[{"href":"https:\/\/fontfredapintures.com\/es\/wp-json\/wp\/v2\/types\/product"}],"replies":[{"embeddable":true,"href":"https:\/\/fontfredapintures.com\/es\/wp-json\/wp\/v2\/comments?post=62744"}],"version-history":[{"count":2,"href":"https:\/\/fontfredapintures.com\/es\/wp-json\/wp\/v2\/product\/62744\/revisions"}],"predecessor-version":[{"id":62769,"href":"https:\/\/fontfredapintures.com\/es\/wp-json\/wp\/v2\/product\/62744\/revisions\/62769"}],"wp:featuredmedia":[{"embeddable":true,"href":"https:\/\/fontfredapintures.com\/es\/wp-json\/wp\/v2\/media\/62742"}],"wp:attachment":[{"href":"https:\/\/fontfredapintures.com\/es\/wp-json\/wp\/v2\/media?parent=62744"}],"wp:term":[{"taxonomy":"product_brand","embeddable":true,"href":"https:\/\/fontfredapintures.com\/es\/wp-json\/wp\/v2\/product_brand?post=62744"},{"taxonomy":"product_cat","embeddable":true,"href":"https:\/\/fontfredapintures.com\/es\/wp-json\/wp\/v2\/product_cat?post=62744"},{"taxonomy":"product_tag","embeddable":true,"href":"https:\/\/fontfredapintures.com\/es\/wp-json\/wp\/v2\/product_tag?post=62744"}],"curies":[{"name":"wp","href":"https:\/\/api.w.org\/{rel}","templated":true}]}}