{"id":61980,"date":"2025-08-28T13:02:00","date_gmt":"2025-08-28T11:02:00","guid":{"rendered":"https:\/\/fontfredapintures.com\/producte\/cubo-para-fregar-12l-escurridor-ecolimpia\/"},"modified":"2026-02-11T01:35:09","modified_gmt":"2026-02-10T23:35:09","slug":"cubo-para-fregar-12l-escurridor-ecolimpia","status":"publish","type":"product","link":"https:\/\/fontfredapintures.com\/es\/producto\/cubo-para-fregar-12l-escurridor-ecolimpia\/","title":{"rendered":"Cubo para fregar 12L + Escurridor Ecolimpia"},"content":{"rendered":"<p>El Cubo para fregar 12L + Escurridor Ecolimpia es la herramienta perfecta para quienes buscan una limpieza m\u00e1s pr\u00e1ctica y sostenible. Con su capacidad de 12 litros, permite fregar grandes superficies sin necesidad de rellenar constantemente. El escurridor incorporado elimina el exceso de agua de la fregona de manera sencilla, consiguiendo suelos m\u00e1s limpios, con menos esfuerzo y un secado m\u00e1s r\u00e1pido. Fabricado con materiales duraderos y resistentes, garantiza una larga vida \u00fatil incluso con un uso intensivo. Adem\u00e1s, su dise\u00f1o ecol\u00f3gico respeta el medio ambiente y su forma ergon\u00f3mica asegura un uso c\u00f3modo y seguro. Una opci\u00f3n ideal para mantener tu hogar impecable de manera eficiente y responsable.<\/p>\n","protected":false},"excerpt":{"rendered":"<p>El Cubo para fregar 12L con escurridor Ecolimpia es pr\u00e1ctico, resistente y ecol\u00f3gico. Su dise\u00f1o funcional con escurridor integrado facilita una limpieza m\u00e1s c\u00f3moda y eficaz en tu hogar.<\/p>\n","protected":false},"featured_media":61978,"comment_status":"open","ping_status":"closed","template":"","meta":[],"product_brand":[],"product_cat":[1939,1943,958,963,1351],"product_tag":[],"class_list":{"0":"post-61980","1":"product","2":"type-product","3":"status-publish","4":"has-post-thumbnail","6":"product_cat-limpieza-industrial","7":"product_cat-suelos-y-superficies","8":"product_cat-drogueria-es","9":"product_cat-productos-limpieza-del-hogar","10":"product_cat-suelos","11":"pa_brand-ecolimpia-es","13":"first","14":"instock","15":"sale","16":"taxable","17":"shipping-taxable","18":"purchasable","19":"product-type-simple"},"group_of_quantity":0,"min_quantity":0,"max_quantity":"","exclude_order_quantity_value_rules":"no","exclude_category_quantity_rules":"no","combine_variations":"no","yoast_head":"<!-- This site is optimized with the Yoast SEO plugin v25.7 - https:\/\/yoast.com\/wordpress\/plugins\/seo\/ -->\n<title>Cubo para fregar 12L + Escurridor Ecolimpia - Fontfreda Pintures<\/title>\n<meta name=\"description\" content=\"Haz tu limpieza m\u00e1s f\u00e1cil con el cubo Ecolimpia. Resistente, pr\u00e1ctico y ecol\u00f3gico. \u00a1C\u00f3mpralo ahora y disfruta de una limpieza m\u00e1s c\u00f3moda y r\u00e1pida!\" \/>\n<meta name=\"robots\" content=\"index, follow, max-snippet:-1, max-image-preview:large, max-video-preview:-1\" \/>\n<link rel=\"canonical\" href=\"https:\/\/fontfredapintures.com\/es\/producto\/cubo-para-fregar-12l-escurridor-ecolimpia\/\" \/>\n<meta property=\"og:locale\" content=\"es_ES\" \/>\n<meta property=\"og:type\" content=\"article\" \/>\n<meta property=\"og:title\" content=\"Cubo para fregar 12L + Escurridor Ecolimpia - Fontfreda Pintures\" \/>\n<meta property=\"og:description\" content=\"Haz tu limpieza m\u00e1s f\u00e1cil con el cubo Ecolimpia. Resistente, pr\u00e1ctico y ecol\u00f3gico. \u00a1C\u00f3mpralo ahora y disfruta de una limpieza m\u00e1s c\u00f3moda y r\u00e1pida!\" \/>\n<meta property=\"og:url\" content=\"https:\/\/fontfredapintures.com\/es\/producto\/cubo-para-fregar-12l-escurridor-ecolimpia\/\" \/>\n<meta property=\"og:site_name\" content=\"Fontfreda Pintures\" \/>\n<meta property=\"article:publisher\" content=\"https:\/\/www.facebook.com\/fontfredapintures\/\" \/>\n<meta property=\"article:modified_time\" content=\"2026-02-10T23:35:09+00:00\" \/>\n<meta property=\"og:image\" content=\"https:\/\/fontfredapintures.com\/wp-content\/uploads\/2025\/08\/03000094_3417.png\" \/>\n\t<meta property=\"og:image:width\" content=\"1000\" \/>\n\t<meta property=\"og:image:height\" content=\"1143\" \/>\n\t<meta property=\"og:image:type\" content=\"image\/png\" \/>\n<meta name=\"twitter:card\" content=\"summary_large_image\" \/>\n<meta name=\"twitter:label1\" content=\"Tiempo de lectura\" \/>\n\t<meta name=\"twitter:data1\" content=\"1 minuto\" \/>\n<script type=\"application\/ld+json\" class=\"yoast-schema-graph\">{\"@context\":\"https:\/\/schema.org\",\"@graph\":[{\"@type\":\"WebPage\",\"@id\":\"https:\/\/fontfredapintures.com\/es\/producto\/cubo-para-fregar-12l-escurridor-ecolimpia\/\",\"url\":\"https:\/\/fontfredapintures.com\/es\/producto\/cubo-para-fregar-12l-escurridor-ecolimpia\/\",\"name\":\"Cubo para fregar 12L + Escurridor Ecolimpia - Fontfreda Pintures\",\"isPartOf\":{\"@id\":\"https:\/\/fontfredapintures.com\/es\/#website\"},\"primaryImageOfPage\":{\"@id\":\"https:\/\/fontfredapintures.com\/es\/producto\/cubo-para-fregar-12l-escurridor-ecolimpia\/#primaryimage\"},\"image\":{\"@id\":\"https:\/\/fontfredapintures.com\/es\/producto\/cubo-para-fregar-12l-escurridor-ecolimpia\/#primaryimage\"},\"thumbnailUrl\":\"https:\/\/fontfredapintures.com\/wp-content\/uploads\/2025\/08\/03000094_3417.png\",\"datePublished\":\"2025-08-28T11:02:00+00:00\",\"dateModified\":\"2026-02-10T23:35:09+00:00\",\"description\":\"Haz tu limpieza m\u00e1s f\u00e1cil con el cubo Ecolimpia. Resistente, pr\u00e1ctico y ecol\u00f3gico. \u00a1C\u00f3mpralo ahora y disfruta de una limpieza m\u00e1s c\u00f3moda y r\u00e1pida!\",\"breadcrumb\":{\"@id\":\"https:\/\/fontfredapintures.com\/es\/producto\/cubo-para-fregar-12l-escurridor-ecolimpia\/#breadcrumb\"},\"inLanguage\":\"es\",\"potentialAction\":[{\"@type\":\"ReadAction\",\"target\":[\"https:\/\/fontfredapintures.com\/es\/producto\/cubo-para-fregar-12l-escurridor-ecolimpia\/\"]}]},{\"@type\":\"ImageObject\",\"inLanguage\":\"es\",\"@id\":\"https:\/\/fontfredapintures.com\/es\/producto\/cubo-para-fregar-12l-escurridor-ecolimpia\/#primaryimage\",\"url\":\"https:\/\/fontfredapintures.com\/wp-content\/uploads\/2025\/08\/03000094_3417.png\",\"contentUrl\":\"https:\/\/fontfredapintures.com\/wp-content\/uploads\/2025\/08\/03000094_3417.png\",\"width\":1000,\"height\":1143,\"caption\":\"Cubo para fregar 12L + Escurredor Ecolimpia\"},{\"@type\":\"BreadcrumbList\",\"@id\":\"https:\/\/fontfredapintures.com\/es\/producto\/cubo-para-fregar-12l-escurridor-ecolimpia\/#breadcrumb\",\"itemListElement\":[{\"@type\":\"ListItem\",\"position\":1,\"name\":\"Fontfreda\",\"item\":\"https:\/\/fontfredapintures.com\/es\/\"},{\"@type\":\"ListItem\",\"position\":2,\"name\":\"Tienda\",\"item\":\"https:\/\/fontfredapintures.com\/es\/tienda\/\"},{\"@type\":\"ListItem\",\"position\":3,\"name\":\"Cubo para fregar 12L + Escurridor Ecolimpia\"}]},{\"@type\":\"WebSite\",\"@id\":\"https:\/\/fontfredapintures.com\/es\/#website\",\"url\":\"https:\/\/fontfredapintures.com\/es\/\",\"name\":\"Fontfreda Pintures\",\"description\":\"Tienda online de pintura, decoraci\u00f3n y bellas artes\",\"publisher\":{\"@id\":\"https:\/\/fontfredapintures.com\/es\/#organization\"},\"alternateName\":\"Pintures Fontfreda\",\"potentialAction\":[{\"@type\":\"SearchAction\",\"target\":{\"@type\":\"EntryPoint\",\"urlTemplate\":\"https:\/\/fontfredapintures.com\/es\/?s={search_term_string}\"},\"query-input\":{\"@type\":\"PropertyValueSpecification\",\"valueRequired\":true,\"valueName\":\"search_term_string\"}}],\"inLanguage\":\"es\"},{\"@type\":\"Organization\",\"@id\":\"https:\/\/fontfredapintures.com\/es\/#organization\",\"name\":\"Pintures Fontfreda\",\"alternateName\":\"Fontfreda Pintures\",\"url\":\"https:\/\/fontfredapintures.com\/es\/\",\"logo\":{\"@type\":\"ImageObject\",\"inLanguage\":\"es\",\"@id\":\"https:\/\/fontfredapintures.com\/es\/#\/schema\/logo\/image\/\",\"url\":\"https:\/\/fontfredapintures.com\/wp-content\/uploads\/2024\/04\/fontfreda-pintures-logo-yoast.jpg\",\"contentUrl\":\"https:\/\/fontfredapintures.com\/wp-content\/uploads\/2024\/04\/fontfreda-pintures-logo-yoast.jpg\",\"width\":900,\"height\":600,\"caption\":\"Pintures Fontfreda\"},\"image\":{\"@id\":\"https:\/\/fontfredapintures.com\/es\/#\/schema\/logo\/image\/\"},\"sameAs\":[\"https:\/\/www.facebook.com\/fontfredapintures\/\",\"https:\/\/www.instagram.com\/fontfredapintures\/\",\"https:\/\/www.linkedin.com\/company\/fontfredapintures\/\"]}]}<\/script>\n<!-- \/ Yoast SEO plugin. -->","yoast_head_json":{"title":"Cubo para fregar 12L + Escurridor Ecolimpia - Fontfreda Pintures","description":"Haz tu limpieza m\u00e1s f\u00e1cil con el cubo Ecolimpia. Resistente, pr\u00e1ctico y ecol\u00f3gico. \u00a1C\u00f3mpralo ahora y disfruta de una limpieza m\u00e1s c\u00f3moda y r\u00e1pida!","robots":{"index":"index","follow":"follow","max-snippet":"max-snippet:-1","max-image-preview":"max-image-preview:large","max-video-preview":"max-video-preview:-1"},"canonical":"https:\/\/fontfredapintures.com\/es\/producto\/cubo-para-fregar-12l-escurridor-ecolimpia\/","og_locale":"es_ES","og_type":"article","og_title":"Cubo para fregar 12L + Escurridor Ecolimpia - Fontfreda Pintures","og_description":"Haz tu limpieza m\u00e1s f\u00e1cil con el cubo Ecolimpia. Resistente, pr\u00e1ctico y ecol\u00f3gico. \u00a1C\u00f3mpralo ahora y disfruta de una limpieza m\u00e1s c\u00f3moda y r\u00e1pida!","og_url":"https:\/\/fontfredapintures.com\/es\/producto\/cubo-para-fregar-12l-escurridor-ecolimpia\/","og_site_name":"Fontfreda Pintures","article_publisher":"https:\/\/www.facebook.com\/fontfredapintures\/","article_modified_time":"2026-02-10T23:35:09+00:00","og_image":[{"width":1000,"height":1143,"url":"https:\/\/fontfredapintures.com\/wp-content\/uploads\/2025\/08\/03000094_3417.png","type":"image\/png"}],"twitter_card":"summary_large_image","twitter_misc":{"Tiempo de lectura":"1 minuto"},"schema":{"@context":"https:\/\/schema.org","@graph":[{"@type":"WebPage","@id":"https:\/\/fontfredapintures.com\/es\/producto\/cubo-para-fregar-12l-escurridor-ecolimpia\/","url":"https:\/\/fontfredapintures.com\/es\/producto\/cubo-para-fregar-12l-escurridor-ecolimpia\/","name":"Cubo para fregar 12L + Escurridor Ecolimpia - Fontfreda Pintures","isPartOf":{"@id":"https:\/\/fontfredapintures.com\/es\/#website"},"primaryImageOfPage":{"@id":"https:\/\/fontfredapintures.com\/es\/producto\/cubo-para-fregar-12l-escurridor-ecolimpia\/#primaryimage"},"image":{"@id":"https:\/\/fontfredapintures.com\/es\/producto\/cubo-para-fregar-12l-escurridor-ecolimpia\/#primaryimage"},"thumbnailUrl":"https:\/\/fontfredapintures.com\/wp-content\/uploads\/2025\/08\/03000094_3417.png","datePublished":"2025-08-28T11:02:00+00:00","dateModified":"2026-02-10T23:35:09+00:00","description":"Haz tu limpieza m\u00e1s f\u00e1cil con el cubo Ecolimpia. Resistente, pr\u00e1ctico y ecol\u00f3gico. \u00a1C\u00f3mpralo ahora y disfruta de una limpieza m\u00e1s c\u00f3moda y r\u00e1pida!","breadcrumb":{"@id":"https:\/\/fontfredapintures.com\/es\/producto\/cubo-para-fregar-12l-escurridor-ecolimpia\/#breadcrumb"},"inLanguage":"es","potentialAction":[{"@type":"ReadAction","target":["https:\/\/fontfredapintures.com\/es\/producto\/cubo-para-fregar-12l-escurridor-ecolimpia\/"]}]},{"@type":"ImageObject","inLanguage":"es","@id":"https:\/\/fontfredapintures.com\/es\/producto\/cubo-para-fregar-12l-escurridor-ecolimpia\/#primaryimage","url":"https:\/\/fontfredapintures.com\/wp-content\/uploads\/2025\/08\/03000094_3417.png","contentUrl":"https:\/\/fontfredapintures.com\/wp-content\/uploads\/2025\/08\/03000094_3417.png","width":1000,"height":1143,"caption":"Cubo para fregar 12L + Escurredor Ecolimpia"},{"@type":"BreadcrumbList","@id":"https:\/\/fontfredapintures.com\/es\/producto\/cubo-para-fregar-12l-escurridor-ecolimpia\/#breadcrumb","itemListElement":[{"@type":"ListItem","position":1,"name":"Fontfreda","item":"https:\/\/fontfredapintures.com\/es\/"},{"@type":"ListItem","position":2,"name":"Tienda","item":"https:\/\/fontfredapintures.com\/es\/tienda\/"},{"@type":"ListItem","position":3,"name":"Cubo para fregar 12L + Escurridor Ecolimpia"}]},{"@type":"WebSite","@id":"https:\/\/fontfredapintures.com\/es\/#website","url":"https:\/\/fontfredapintures.com\/es\/","name":"Fontfreda Pintures","description":"Tienda online de pintura, decoraci\u00f3n y bellas artes","publisher":{"@id":"https:\/\/fontfredapintures.com\/es\/#organization"},"alternateName":"Pintures Fontfreda","potentialAction":[{"@type":"SearchAction","target":{"@type":"EntryPoint","urlTemplate":"https:\/\/fontfredapintures.com\/es\/?s={search_term_string}"},"query-input":{"@type":"PropertyValueSpecification","valueRequired":true,"valueName":"search_term_string"}}],"inLanguage":"es"},{"@type":"Organization","@id":"https:\/\/fontfredapintures.com\/es\/#organization","name":"Pintures Fontfreda","alternateName":"Fontfreda Pintures","url":"https:\/\/fontfredapintures.com\/es\/","logo":{"@type":"ImageObject","inLanguage":"es","@id":"https:\/\/fontfredapintures.com\/es\/#\/schema\/logo\/image\/","url":"https:\/\/fontfredapintures.com\/wp-content\/uploads\/2024\/04\/fontfreda-pintures-logo-yoast.jpg","contentUrl":"https:\/\/fontfredapintures.com\/wp-content\/uploads\/2024\/04\/fontfreda-pintures-logo-yoast.jpg","width":900,"height":600,"caption":"Pintures Fontfreda"},"image":{"@id":"https:\/\/fontfredapintures.com\/es\/#\/schema\/logo\/image\/"},"sameAs":["https:\/\/www.facebook.com\/fontfredapintures\/","https:\/\/www.instagram.com\/fontfredapintures\/","https:\/\/www.linkedin.com\/company\/fontfredapintures\/"]}]}},"_links":{"self":[{"href":"https:\/\/fontfredapintures.com\/es\/wp-json\/wp\/v2\/product\/61980","targetHints":{"allow":["GET"]}}],"collection":[{"href":"https:\/\/fontfredapintures.com\/es\/wp-json\/wp\/v2\/product"}],"about":[{"href":"https:\/\/fontfredapintures.com\/es\/wp-json\/wp\/v2\/types\/product"}],"replies":[{"embeddable":true,"href":"https:\/\/fontfredapintures.com\/es\/wp-json\/wp\/v2\/comments?post=61980"}],"version-history":[{"count":2,"href":"https:\/\/fontfredapintures.com\/es\/wp-json\/wp\/v2\/product\/61980\/revisions"}],"predecessor-version":[{"id":61986,"href":"https:\/\/fontfredapintures.com\/es\/wp-json\/wp\/v2\/product\/61980\/revisions\/61986"}],"wp:featuredmedia":[{"embeddable":true,"href":"https:\/\/fontfredapintures.com\/es\/wp-json\/wp\/v2\/media\/61978"}],"wp:attachment":[{"href":"https:\/\/fontfredapintures.com\/es\/wp-json\/wp\/v2\/media?parent=61980"}],"wp:term":[{"taxonomy":"product_brand","embeddable":true,"href":"https:\/\/fontfredapintures.com\/es\/wp-json\/wp\/v2\/product_brand?post=61980"},{"taxonomy":"product_cat","embeddable":true,"href":"https:\/\/fontfredapintures.com\/es\/wp-json\/wp\/v2\/product_cat?post=61980"},{"taxonomy":"product_tag","embeddable":true,"href":"https:\/\/fontfredapintures.com\/es\/wp-json\/wp\/v2\/product_tag?post=61980"}],"curies":[{"name":"wp","href":"https:\/\/api.w.org\/{rel}","templated":true}]}}