{"id":61912,"date":"2025-08-28T11:01:45","date_gmt":"2025-08-28T09:01:45","guid":{"rendered":"https:\/\/fontfredapintures.com\/producte\/fregona-ecologica-100-microfibra-ecolimpia\/"},"modified":"2026-03-15T01:38:50","modified_gmt":"2026-03-14T23:38:50","slug":"fregona-ecologica-100-microfibra-ecolimpia","status":"publish","type":"product","link":"https:\/\/fontfredapintures.com\/es\/producto\/fregona-ecologica-100-microfibra-ecolimpia\/","title":{"rendered":"Fregona ecol\u00f3gica 100% microfibra Ecolimpia"},"content":{"rendered":"<p>La fregona ecol\u00f3gica 100% microfibra Ecolimpia es la herramienta perfecta para mantener los suelos limpios de forma pr\u00e1ctica y sostenible. Fabricada \u00edntegramente con microfibra de alta calidad, su gran capacidad de absorci\u00f3n retiene humedad, polvo y suciedad de manera m\u00e1s eficiente que las mopas tradicionales.<br \/>\nSu dise\u00f1o circular permite llegar a todos los rincones y adaptarse a cualquier tipo de suelo: parquet, baldosas, gres o laminados. Adem\u00e1s, la tecnolog\u00eda de microfibra reduce la necesidad de detergentes, favoreciendo una limpieza m\u00e1s natural y ecol\u00f3gica.<br \/>\nLigera, resistente y de f\u00e1cil escurrido, est\u00e1 dise\u00f1ada para un uso intensivo sin perder eficacia con el tiempo. Una soluci\u00f3n ideal para quienes buscan un producto de alto rendimiento que combine comodidad, durabilidad y respeto al medio ambiente en la limpieza diaria.<\/p>\n","protected":false},"excerpt":{"rendered":"<p>La fregona ecol\u00f3gica 100% microfibra Ecolimpia garantiza una limpieza profunda y eficaz en todo tipo de suelos. Su dise\u00f1o circular permite absorber m\u00e1s agua y suciedad con menos esfuerzo, ofreciendo un acabado impecable. Es una opci\u00f3n duradera, pr\u00e1ctica y respetuosa con el medio ambiente que facilita la limpieza diaria y ayuda a reducir el uso de productos qu\u00edmicos.<\/p>\n","protected":false},"featured_media":61910,"comment_status":"open","ping_status":"closed","template":"","meta":[],"product_brand":[],"product_cat":[1939,1943,958,963,1351],"product_tag":[],"class_list":{"0":"post-61912","1":"product","2":"type-product","3":"status-publish","4":"has-post-thumbnail","6":"product_cat-limpieza-industrial","7":"product_cat-suelos-y-superficies","8":"product_cat-drogueria-es","9":"product_cat-productos-limpieza-del-hogar","10":"product_cat-suelos","11":"pa_brand-ecolimpia-es","13":"first","14":"instock","15":"taxable","16":"shipping-taxable","17":"purchasable","18":"product-type-simple"},"group_of_quantity":0,"min_quantity":0,"max_quantity":"","exclude_order_quantity_value_rules":"no","exclude_category_quantity_rules":"no","combine_variations":"no","yoast_head":"<!-- This site is optimized with the Yoast SEO plugin v25.7 - https:\/\/yoast.com\/wordpress\/plugins\/seo\/ -->\n<title>Fregona ecol\u00f3gica 100% microfibra Ecolimpia - Fontfreda Pintures<\/title>\n<meta name=\"description\" content=\"Fregona ecol\u00f3gica Ecolimpia 100% microfibra. Limpieza profunda en todo tipo de suelos, m\u00e1s absorci\u00f3n y menos esfuerzo.\" \/>\n<meta name=\"robots\" content=\"index, follow, max-snippet:-1, max-image-preview:large, max-video-preview:-1\" \/>\n<link rel=\"canonical\" href=\"https:\/\/fontfredapintures.com\/es\/producto\/fregona-ecologica-100-microfibra-ecolimpia\/\" \/>\n<meta property=\"og:locale\" content=\"es_ES\" \/>\n<meta property=\"og:type\" content=\"article\" \/>\n<meta property=\"og:title\" content=\"Fregona ecol\u00f3gica 100% microfibra Ecolimpia - Fontfreda Pintures\" \/>\n<meta property=\"og:description\" content=\"Fregona ecol\u00f3gica Ecolimpia 100% microfibra. Limpieza profunda en todo tipo de suelos, m\u00e1s absorci\u00f3n y menos esfuerzo.\" \/>\n<meta property=\"og:url\" content=\"https:\/\/fontfredapintures.com\/es\/producto\/fregona-ecologica-100-microfibra-ecolimpia\/\" \/>\n<meta property=\"og:site_name\" content=\"Fontfreda Pintures\" \/>\n<meta property=\"article:publisher\" content=\"https:\/\/www.facebook.com\/fontfredapintures\/\" \/>\n<meta property=\"article:modified_time\" content=\"2026-03-14T23:38:50+00:00\" \/>\n<meta property=\"og:image\" content=\"https:\/\/fontfredapintures.com\/wp-content\/uploads\/2025\/08\/03000090_3414.png\" \/>\n\t<meta property=\"og:image:width\" content=\"1000\" \/>\n\t<meta property=\"og:image:height\" content=\"1143\" \/>\n\t<meta property=\"og:image:type\" content=\"image\/png\" \/>\n<meta name=\"twitter:card\" content=\"summary_large_image\" \/>\n<meta name=\"twitter:label1\" content=\"Tiempo de lectura\" \/>\n\t<meta name=\"twitter:data1\" content=\"1 minuto\" \/>\n<script type=\"application\/ld+json\" class=\"yoast-schema-graph\">{\"@context\":\"https:\/\/schema.org\",\"@graph\":[{\"@type\":\"WebPage\",\"@id\":\"https:\/\/fontfredapintures.com\/es\/producto\/fregona-ecologica-100-microfibra-ecolimpia\/\",\"url\":\"https:\/\/fontfredapintures.com\/es\/producto\/fregona-ecologica-100-microfibra-ecolimpia\/\",\"name\":\"Fregona ecol\u00f3gica 100% microfibra Ecolimpia - Fontfreda Pintures\",\"isPartOf\":{\"@id\":\"https:\/\/fontfredapintures.com\/es\/#website\"},\"primaryImageOfPage\":{\"@id\":\"https:\/\/fontfredapintures.com\/es\/producto\/fregona-ecologica-100-microfibra-ecolimpia\/#primaryimage\"},\"image\":{\"@id\":\"https:\/\/fontfredapintures.com\/es\/producto\/fregona-ecologica-100-microfibra-ecolimpia\/#primaryimage\"},\"thumbnailUrl\":\"https:\/\/fontfredapintures.com\/wp-content\/uploads\/2025\/08\/03000090_3414.png\",\"datePublished\":\"2025-08-28T09:01:45+00:00\",\"dateModified\":\"2026-03-14T23:38:50+00:00\",\"description\":\"Fregona ecol\u00f3gica Ecolimpia 100% microfibra. Limpieza profunda en todo tipo de suelos, m\u00e1s absorci\u00f3n y menos esfuerzo.\",\"breadcrumb\":{\"@id\":\"https:\/\/fontfredapintures.com\/es\/producto\/fregona-ecologica-100-microfibra-ecolimpia\/#breadcrumb\"},\"inLanguage\":\"es\",\"potentialAction\":[{\"@type\":\"ReadAction\",\"target\":[\"https:\/\/fontfredapintures.com\/es\/producto\/fregona-ecologica-100-microfibra-ecolimpia\/\"]}]},{\"@type\":\"ImageObject\",\"inLanguage\":\"es\",\"@id\":\"https:\/\/fontfredapintures.com\/es\/producto\/fregona-ecologica-100-microfibra-ecolimpia\/#primaryimage\",\"url\":\"https:\/\/fontfredapintures.com\/wp-content\/uploads\/2025\/08\/03000090_3414.png\",\"contentUrl\":\"https:\/\/fontfredapintures.com\/wp-content\/uploads\/2025\/08\/03000090_3414.png\",\"width\":1000,\"height\":1143,\"caption\":\"Fregona ecol\u00f3gica 100% microfibra Ecolimpia\"},{\"@type\":\"BreadcrumbList\",\"@id\":\"https:\/\/fontfredapintures.com\/es\/producto\/fregona-ecologica-100-microfibra-ecolimpia\/#breadcrumb\",\"itemListElement\":[{\"@type\":\"ListItem\",\"position\":1,\"name\":\"Fontfreda\",\"item\":\"https:\/\/fontfredapintures.com\/es\/\"},{\"@type\":\"ListItem\",\"position\":2,\"name\":\"Tienda\",\"item\":\"https:\/\/fontfredapintures.com\/es\/tienda\/\"},{\"@type\":\"ListItem\",\"position\":3,\"name\":\"Fregona ecol\u00f3gica 100% microfibra Ecolimpia\"}]},{\"@type\":\"WebSite\",\"@id\":\"https:\/\/fontfredapintures.com\/es\/#website\",\"url\":\"https:\/\/fontfredapintures.com\/es\/\",\"name\":\"Fontfreda Pintures\",\"description\":\"Tienda online de pintura, decoraci\u00f3n y bellas artes\",\"publisher\":{\"@id\":\"https:\/\/fontfredapintures.com\/es\/#organization\"},\"alternateName\":\"Pintures Fontfreda\",\"potentialAction\":[{\"@type\":\"SearchAction\",\"target\":{\"@type\":\"EntryPoint\",\"urlTemplate\":\"https:\/\/fontfredapintures.com\/es\/?s={search_term_string}\"},\"query-input\":{\"@type\":\"PropertyValueSpecification\",\"valueRequired\":true,\"valueName\":\"search_term_string\"}}],\"inLanguage\":\"es\"},{\"@type\":\"Organization\",\"@id\":\"https:\/\/fontfredapintures.com\/es\/#organization\",\"name\":\"Pintures Fontfreda\",\"alternateName\":\"Fontfreda Pintures\",\"url\":\"https:\/\/fontfredapintures.com\/es\/\",\"logo\":{\"@type\":\"ImageObject\",\"inLanguage\":\"es\",\"@id\":\"https:\/\/fontfredapintures.com\/es\/#\/schema\/logo\/image\/\",\"url\":\"https:\/\/fontfredapintures.com\/wp-content\/uploads\/2024\/04\/fontfreda-pintures-logo-yoast.jpg\",\"contentUrl\":\"https:\/\/fontfredapintures.com\/wp-content\/uploads\/2024\/04\/fontfreda-pintures-logo-yoast.jpg\",\"width\":900,\"height\":600,\"caption\":\"Pintures Fontfreda\"},\"image\":{\"@id\":\"https:\/\/fontfredapintures.com\/es\/#\/schema\/logo\/image\/\"},\"sameAs\":[\"https:\/\/www.facebook.com\/fontfredapintures\/\",\"https:\/\/www.instagram.com\/fontfredapintures\/\",\"https:\/\/www.linkedin.com\/company\/fontfredapintures\/\"]}]}<\/script>\n<!-- \/ Yoast SEO plugin. -->","yoast_head_json":{"title":"Fregona ecol\u00f3gica 100% microfibra Ecolimpia - Fontfreda Pintures","description":"Fregona ecol\u00f3gica Ecolimpia 100% microfibra. Limpieza profunda en todo tipo de suelos, m\u00e1s absorci\u00f3n y menos esfuerzo.","robots":{"index":"index","follow":"follow","max-snippet":"max-snippet:-1","max-image-preview":"max-image-preview:large","max-video-preview":"max-video-preview:-1"},"canonical":"https:\/\/fontfredapintures.com\/es\/producto\/fregona-ecologica-100-microfibra-ecolimpia\/","og_locale":"es_ES","og_type":"article","og_title":"Fregona ecol\u00f3gica 100% microfibra Ecolimpia - Fontfreda Pintures","og_description":"Fregona ecol\u00f3gica Ecolimpia 100% microfibra. Limpieza profunda en todo tipo de suelos, m\u00e1s absorci\u00f3n y menos esfuerzo.","og_url":"https:\/\/fontfredapintures.com\/es\/producto\/fregona-ecologica-100-microfibra-ecolimpia\/","og_site_name":"Fontfreda Pintures","article_publisher":"https:\/\/www.facebook.com\/fontfredapintures\/","article_modified_time":"2026-03-14T23:38:50+00:00","og_image":[{"width":1000,"height":1143,"url":"https:\/\/fontfredapintures.com\/wp-content\/uploads\/2025\/08\/03000090_3414.png","type":"image\/png"}],"twitter_card":"summary_large_image","twitter_misc":{"Tiempo de lectura":"1 minuto"},"schema":{"@context":"https:\/\/schema.org","@graph":[{"@type":"WebPage","@id":"https:\/\/fontfredapintures.com\/es\/producto\/fregona-ecologica-100-microfibra-ecolimpia\/","url":"https:\/\/fontfredapintures.com\/es\/producto\/fregona-ecologica-100-microfibra-ecolimpia\/","name":"Fregona ecol\u00f3gica 100% microfibra Ecolimpia - Fontfreda Pintures","isPartOf":{"@id":"https:\/\/fontfredapintures.com\/es\/#website"},"primaryImageOfPage":{"@id":"https:\/\/fontfredapintures.com\/es\/producto\/fregona-ecologica-100-microfibra-ecolimpia\/#primaryimage"},"image":{"@id":"https:\/\/fontfredapintures.com\/es\/producto\/fregona-ecologica-100-microfibra-ecolimpia\/#primaryimage"},"thumbnailUrl":"https:\/\/fontfredapintures.com\/wp-content\/uploads\/2025\/08\/03000090_3414.png","datePublished":"2025-08-28T09:01:45+00:00","dateModified":"2026-03-14T23:38:50+00:00","description":"Fregona ecol\u00f3gica Ecolimpia 100% microfibra. Limpieza profunda en todo tipo de suelos, m\u00e1s absorci\u00f3n y menos esfuerzo.","breadcrumb":{"@id":"https:\/\/fontfredapintures.com\/es\/producto\/fregona-ecologica-100-microfibra-ecolimpia\/#breadcrumb"},"inLanguage":"es","potentialAction":[{"@type":"ReadAction","target":["https:\/\/fontfredapintures.com\/es\/producto\/fregona-ecologica-100-microfibra-ecolimpia\/"]}]},{"@type":"ImageObject","inLanguage":"es","@id":"https:\/\/fontfredapintures.com\/es\/producto\/fregona-ecologica-100-microfibra-ecolimpia\/#primaryimage","url":"https:\/\/fontfredapintures.com\/wp-content\/uploads\/2025\/08\/03000090_3414.png","contentUrl":"https:\/\/fontfredapintures.com\/wp-content\/uploads\/2025\/08\/03000090_3414.png","width":1000,"height":1143,"caption":"Fregona ecol\u00f3gica 100% microfibra Ecolimpia"},{"@type":"BreadcrumbList","@id":"https:\/\/fontfredapintures.com\/es\/producto\/fregona-ecologica-100-microfibra-ecolimpia\/#breadcrumb","itemListElement":[{"@type":"ListItem","position":1,"name":"Fontfreda","item":"https:\/\/fontfredapintures.com\/es\/"},{"@type":"ListItem","position":2,"name":"Tienda","item":"https:\/\/fontfredapintures.com\/es\/tienda\/"},{"@type":"ListItem","position":3,"name":"Fregona ecol\u00f3gica 100% microfibra Ecolimpia"}]},{"@type":"WebSite","@id":"https:\/\/fontfredapintures.com\/es\/#website","url":"https:\/\/fontfredapintures.com\/es\/","name":"Fontfreda Pintures","description":"Tienda online de pintura, decoraci\u00f3n y bellas artes","publisher":{"@id":"https:\/\/fontfredapintures.com\/es\/#organization"},"alternateName":"Pintures Fontfreda","potentialAction":[{"@type":"SearchAction","target":{"@type":"EntryPoint","urlTemplate":"https:\/\/fontfredapintures.com\/es\/?s={search_term_string}"},"query-input":{"@type":"PropertyValueSpecification","valueRequired":true,"valueName":"search_term_string"}}],"inLanguage":"es"},{"@type":"Organization","@id":"https:\/\/fontfredapintures.com\/es\/#organization","name":"Pintures Fontfreda","alternateName":"Fontfreda Pintures","url":"https:\/\/fontfredapintures.com\/es\/","logo":{"@type":"ImageObject","inLanguage":"es","@id":"https:\/\/fontfredapintures.com\/es\/#\/schema\/logo\/image\/","url":"https:\/\/fontfredapintures.com\/wp-content\/uploads\/2024\/04\/fontfreda-pintures-logo-yoast.jpg","contentUrl":"https:\/\/fontfredapintures.com\/wp-content\/uploads\/2024\/04\/fontfreda-pintures-logo-yoast.jpg","width":900,"height":600,"caption":"Pintures Fontfreda"},"image":{"@id":"https:\/\/fontfredapintures.com\/es\/#\/schema\/logo\/image\/"},"sameAs":["https:\/\/www.facebook.com\/fontfredapintures\/","https:\/\/www.instagram.com\/fontfredapintures\/","https:\/\/www.linkedin.com\/company\/fontfredapintures\/"]}]}},"_links":{"self":[{"href":"https:\/\/fontfredapintures.com\/es\/wp-json\/wp\/v2\/product\/61912","targetHints":{"allow":["GET"]}}],"collection":[{"href":"https:\/\/fontfredapintures.com\/es\/wp-json\/wp\/v2\/product"}],"about":[{"href":"https:\/\/fontfredapintures.com\/es\/wp-json\/wp\/v2\/types\/product"}],"replies":[{"embeddable":true,"href":"https:\/\/fontfredapintures.com\/es\/wp-json\/wp\/v2\/comments?post=61912"}],"version-history":[{"count":1,"href":"https:\/\/fontfredapintures.com\/es\/wp-json\/wp\/v2\/product\/61912\/revisions"}],"predecessor-version":[{"id":61935,"href":"https:\/\/fontfredapintures.com\/es\/wp-json\/wp\/v2\/product\/61912\/revisions\/61935"}],"wp:featuredmedia":[{"embeddable":true,"href":"https:\/\/fontfredapintures.com\/es\/wp-json\/wp\/v2\/media\/61910"}],"wp:attachment":[{"href":"https:\/\/fontfredapintures.com\/es\/wp-json\/wp\/v2\/media?parent=61912"}],"wp:term":[{"taxonomy":"product_brand","embeddable":true,"href":"https:\/\/fontfredapintures.com\/es\/wp-json\/wp\/v2\/product_brand?post=61912"},{"taxonomy":"product_cat","embeddable":true,"href":"https:\/\/fontfredapintures.com\/es\/wp-json\/wp\/v2\/product_cat?post=61912"},{"taxonomy":"product_tag","embeddable":true,"href":"https:\/\/fontfredapintures.com\/es\/wp-json\/wp\/v2\/product_tag?post=61912"}],"curies":[{"name":"wp","href":"https:\/\/api.w.org\/{rel}","templated":true}]}}