{"id":61629,"date":"2025-08-26T09:01:48","date_gmt":"2025-08-26T07:01:48","guid":{"rendered":"https:\/\/fontfredapintures.com\/producte\/recogedor-con-palo-plegable-reciclado-ecolimpia\/"},"modified":"2026-02-11T01:35:01","modified_gmt":"2026-02-10T23:35:01","slug":"recogedor-con-palo-plegable-reciclado-ecolimpia","status":"publish","type":"product","link":"https:\/\/fontfredapintures.com\/es\/producto\/recogedor-con-palo-plegable-reciclado-ecolimpia\/","title":{"rendered":"Recogedor con palo plegable reciclado Ecolimpia"},"content":{"rendered":"<p>El recogedor plegable Ecolimpia combina eficiencia, dise\u00f1o compacto y sostenibilidad. Est\u00e1 elaborado con m\u00e1s del 99 % de pl\u00e1stico reciclado certificado por Recyclass y un mango met\u00e1lico proveniente de material reciclado de chatarra. Su envase es de cart\u00f3n biodegradable con certificaci\u00f3n FSC, lo que asegura un ciclo respetuoso con el planeta.<\/p>\n<p>Su dise\u00f1o plegable permite un almacenamiento sencillo y ocupa muy poco espacio cuando no se utiliza. Es liviano, c\u00f3modo y eficaz para recoger polvo, residuos y peque\u00f1as part\u00edculas en cualquier tipo de superficie, ya sea en hogares o entornos profesionales. Fabricado en Italia bajo est\u00e1ndares europeos, garantiza durabilidad y calidad. Una opci\u00f3n ideal para quienes buscan una herramienta de limpieza funcional, c\u00f3moda y con responsabilidad medioambiental.<\/p>\n","protected":false},"excerpt":{"rendered":"<p>El recollidor plegable Ecolimpia destaca per la seva combinaci\u00f3 de sostenibilitat, practicitat i disseny compacte. Confeccionat amb m\u00e9s del 99 % de pl\u00e0stic reciclat certificat per Recyclass, inclou un pal met\u00e0l\u00b7lic fet amb material recuperat de ferralla, i s&#8217;envasa en cartr\u00f3 biodegradable certificat FSC, garantint una producci\u00f3 responsable i respectuosa amb el medi ambient.<\/p>\n<p>El seu mecanisme plegable el fa f\u00e0cil d\u2019emmagatzemar i transportar, ocupant un m\u00ednim espai quan no s\u2019utilitza. A m\u00e9s, \u00e9s lleuger i pr\u00e0ctic, ideal per recollir brut\u00edcia, pols o restes s\u00f2lides en qualsevol tipus d\u2019espai, tant dom\u00e8stic com professional. Fabricat a It\u00e0lia, ofereix qualitat europea en cada acabat. Una opci\u00f3 recomanable per a qui busca efic\u00e0cia, comoditat i comprom\u00eds ecol\u00f2gic en els seus utensilis de neteja.<\/p>\n","protected":false},"featured_media":61627,"comment_status":"open","ping_status":"closed","template":"","meta":[],"product_brand":[],"product_cat":[958,963,1351],"product_tag":[],"class_list":{"0":"post-61629","1":"product","2":"type-product","3":"status-publish","4":"has-post-thumbnail","6":"product_cat-drogueria-es","7":"product_cat-productos-limpieza-del-hogar","8":"product_cat-suelos","9":"pa_brand-ecolimpia-es","11":"first","12":"instock","13":"taxable","14":"shipping-taxable","15":"purchasable","16":"product-type-simple"},"group_of_quantity":0,"min_quantity":0,"max_quantity":"","exclude_order_quantity_value_rules":"no","exclude_category_quantity_rules":"no","combine_variations":"no","yoast_head":"<!-- This site is optimized with the Yoast SEO plugin v25.7 - https:\/\/yoast.com\/wordpress\/plugins\/seo\/ -->\n<title>Recogedor con palo plegable reciclado Ecolimpia - Fontfreda Pintures<\/title>\n<meta name=\"description\" content=\"Recogedor plegable Ecolimpia, fabricado con &gt;99 % pl\u00e1stico reciclado y mango met\u00e1lico. F\u00e1cil de usar y ecol\u00f3gico. \u00a1C\u00f3mpralo y limpia con responsabilidad!\" \/>\n<meta name=\"robots\" content=\"index, follow, max-snippet:-1, max-image-preview:large, max-video-preview:-1\" \/>\n<link rel=\"canonical\" href=\"https:\/\/fontfredapintures.com\/es\/producto\/recogedor-con-palo-plegable-reciclado-ecolimpia\/\" \/>\n<meta property=\"og:locale\" content=\"es_ES\" \/>\n<meta property=\"og:type\" content=\"article\" \/>\n<meta property=\"og:title\" content=\"Recogedor con palo plegable reciclado Ecolimpia - Fontfreda Pintures\" \/>\n<meta property=\"og:description\" content=\"Recogedor plegable Ecolimpia, fabricado con &gt;99 % pl\u00e1stico reciclado y mango met\u00e1lico. F\u00e1cil de usar y ecol\u00f3gico. \u00a1C\u00f3mpralo y limpia con responsabilidad!\" \/>\n<meta property=\"og:url\" content=\"https:\/\/fontfredapintures.com\/es\/producto\/recogedor-con-palo-plegable-reciclado-ecolimpia\/\" \/>\n<meta property=\"og:site_name\" content=\"Fontfreda Pintures\" \/>\n<meta property=\"article:publisher\" content=\"https:\/\/www.facebook.com\/fontfredapintures\/\" \/>\n<meta property=\"article:modified_time\" content=\"2026-02-10T23:35:01+00:00\" \/>\n<meta property=\"og:image\" content=\"https:\/\/fontfredapintures.com\/wp-content\/uploads\/2025\/08\/03000091_3399.png\" \/>\n\t<meta property=\"og:image:width\" content=\"1000\" \/>\n\t<meta property=\"og:image:height\" content=\"1143\" \/>\n\t<meta property=\"og:image:type\" content=\"image\/png\" \/>\n<meta name=\"twitter:card\" content=\"summary_large_image\" \/>\n<meta name=\"twitter:label1\" content=\"Tiempo de lectura\" \/>\n\t<meta name=\"twitter:data1\" content=\"1 minuto\" \/>\n<script type=\"application\/ld+json\" class=\"yoast-schema-graph\">{\"@context\":\"https:\/\/schema.org\",\"@graph\":[{\"@type\":\"WebPage\",\"@id\":\"https:\/\/fontfredapintures.com\/es\/producto\/recogedor-con-palo-plegable-reciclado-ecolimpia\/\",\"url\":\"https:\/\/fontfredapintures.com\/es\/producto\/recogedor-con-palo-plegable-reciclado-ecolimpia\/\",\"name\":\"Recogedor con palo plegable reciclado Ecolimpia - Fontfreda Pintures\",\"isPartOf\":{\"@id\":\"https:\/\/fontfredapintures.com\/es\/#website\"},\"primaryImageOfPage\":{\"@id\":\"https:\/\/fontfredapintures.com\/es\/producto\/recogedor-con-palo-plegable-reciclado-ecolimpia\/#primaryimage\"},\"image\":{\"@id\":\"https:\/\/fontfredapintures.com\/es\/producto\/recogedor-con-palo-plegable-reciclado-ecolimpia\/#primaryimage\"},\"thumbnailUrl\":\"https:\/\/fontfredapintures.com\/wp-content\/uploads\/2025\/08\/03000091_3399.png\",\"datePublished\":\"2025-08-26T07:01:48+00:00\",\"dateModified\":\"2026-02-10T23:35:01+00:00\",\"description\":\"Recogedor plegable Ecolimpia, fabricado con >99 % pl\u00e1stico reciclado y mango met\u00e1lico. F\u00e1cil de usar y ecol\u00f3gico. \u00a1C\u00f3mpralo y limpia con responsabilidad!\",\"breadcrumb\":{\"@id\":\"https:\/\/fontfredapintures.com\/es\/producto\/recogedor-con-palo-plegable-reciclado-ecolimpia\/#breadcrumb\"},\"inLanguage\":\"es\",\"potentialAction\":[{\"@type\":\"ReadAction\",\"target\":[\"https:\/\/fontfredapintures.com\/es\/producto\/recogedor-con-palo-plegable-reciclado-ecolimpia\/\"]}]},{\"@type\":\"ImageObject\",\"inLanguage\":\"es\",\"@id\":\"https:\/\/fontfredapintures.com\/es\/producto\/recogedor-con-palo-plegable-reciclado-ecolimpia\/#primaryimage\",\"url\":\"https:\/\/fontfredapintures.com\/wp-content\/uploads\/2025\/08\/03000091_3399.png\",\"contentUrl\":\"https:\/\/fontfredapintures.com\/wp-content\/uploads\/2025\/08\/03000091_3399.png\",\"width\":1000,\"height\":1143,\"caption\":\"Recogedor reciclado plegable Ecolimpia\"},{\"@type\":\"BreadcrumbList\",\"@id\":\"https:\/\/fontfredapintures.com\/es\/producto\/recogedor-con-palo-plegable-reciclado-ecolimpia\/#breadcrumb\",\"itemListElement\":[{\"@type\":\"ListItem\",\"position\":1,\"name\":\"Fontfreda\",\"item\":\"https:\/\/fontfredapintures.com\/es\/\"},{\"@type\":\"ListItem\",\"position\":2,\"name\":\"Tienda\",\"item\":\"https:\/\/fontfredapintures.com\/es\/tienda\/\"},{\"@type\":\"ListItem\",\"position\":3,\"name\":\"Recogedor con palo plegable reciclado Ecolimpia\"}]},{\"@type\":\"WebSite\",\"@id\":\"https:\/\/fontfredapintures.com\/es\/#website\",\"url\":\"https:\/\/fontfredapintures.com\/es\/\",\"name\":\"Fontfreda Pintures\",\"description\":\"Tienda online de pintura, decoraci\u00f3n y bellas artes\",\"publisher\":{\"@id\":\"https:\/\/fontfredapintures.com\/es\/#organization\"},\"alternateName\":\"Pintures Fontfreda\",\"potentialAction\":[{\"@type\":\"SearchAction\",\"target\":{\"@type\":\"EntryPoint\",\"urlTemplate\":\"https:\/\/fontfredapintures.com\/es\/?s={search_term_string}\"},\"query-input\":{\"@type\":\"PropertyValueSpecification\",\"valueRequired\":true,\"valueName\":\"search_term_string\"}}],\"inLanguage\":\"es\"},{\"@type\":\"Organization\",\"@id\":\"https:\/\/fontfredapintures.com\/es\/#organization\",\"name\":\"Pintures Fontfreda\",\"alternateName\":\"Fontfreda Pintures\",\"url\":\"https:\/\/fontfredapintures.com\/es\/\",\"logo\":{\"@type\":\"ImageObject\",\"inLanguage\":\"es\",\"@id\":\"https:\/\/fontfredapintures.com\/es\/#\/schema\/logo\/image\/\",\"url\":\"https:\/\/fontfredapintures.com\/wp-content\/uploads\/2024\/04\/fontfreda-pintures-logo-yoast.jpg\",\"contentUrl\":\"https:\/\/fontfredapintures.com\/wp-content\/uploads\/2024\/04\/fontfreda-pintures-logo-yoast.jpg\",\"width\":900,\"height\":600,\"caption\":\"Pintures Fontfreda\"},\"image\":{\"@id\":\"https:\/\/fontfredapintures.com\/es\/#\/schema\/logo\/image\/\"},\"sameAs\":[\"https:\/\/www.facebook.com\/fontfredapintures\/\",\"https:\/\/www.instagram.com\/fontfredapintures\/\",\"https:\/\/www.linkedin.com\/company\/fontfredapintures\/\"]}]}<\/script>\n<!-- \/ Yoast SEO plugin. -->","yoast_head_json":{"title":"Recogedor con palo plegable reciclado Ecolimpia - Fontfreda Pintures","description":"Recogedor plegable Ecolimpia, fabricado con >99 % pl\u00e1stico reciclado y mango met\u00e1lico. F\u00e1cil de usar y ecol\u00f3gico. \u00a1C\u00f3mpralo y limpia con responsabilidad!","robots":{"index":"index","follow":"follow","max-snippet":"max-snippet:-1","max-image-preview":"max-image-preview:large","max-video-preview":"max-video-preview:-1"},"canonical":"https:\/\/fontfredapintures.com\/es\/producto\/recogedor-con-palo-plegable-reciclado-ecolimpia\/","og_locale":"es_ES","og_type":"article","og_title":"Recogedor con palo plegable reciclado Ecolimpia - Fontfreda Pintures","og_description":"Recogedor plegable Ecolimpia, fabricado con >99 % pl\u00e1stico reciclado y mango met\u00e1lico. F\u00e1cil de usar y ecol\u00f3gico. \u00a1C\u00f3mpralo y limpia con responsabilidad!","og_url":"https:\/\/fontfredapintures.com\/es\/producto\/recogedor-con-palo-plegable-reciclado-ecolimpia\/","og_site_name":"Fontfreda Pintures","article_publisher":"https:\/\/www.facebook.com\/fontfredapintures\/","article_modified_time":"2026-02-10T23:35:01+00:00","og_image":[{"width":1000,"height":1143,"url":"https:\/\/fontfredapintures.com\/wp-content\/uploads\/2025\/08\/03000091_3399.png","type":"image\/png"}],"twitter_card":"summary_large_image","twitter_misc":{"Tiempo de lectura":"1 minuto"},"schema":{"@context":"https:\/\/schema.org","@graph":[{"@type":"WebPage","@id":"https:\/\/fontfredapintures.com\/es\/producto\/recogedor-con-palo-plegable-reciclado-ecolimpia\/","url":"https:\/\/fontfredapintures.com\/es\/producto\/recogedor-con-palo-plegable-reciclado-ecolimpia\/","name":"Recogedor con palo plegable reciclado Ecolimpia - Fontfreda Pintures","isPartOf":{"@id":"https:\/\/fontfredapintures.com\/es\/#website"},"primaryImageOfPage":{"@id":"https:\/\/fontfredapintures.com\/es\/producto\/recogedor-con-palo-plegable-reciclado-ecolimpia\/#primaryimage"},"image":{"@id":"https:\/\/fontfredapintures.com\/es\/producto\/recogedor-con-palo-plegable-reciclado-ecolimpia\/#primaryimage"},"thumbnailUrl":"https:\/\/fontfredapintures.com\/wp-content\/uploads\/2025\/08\/03000091_3399.png","datePublished":"2025-08-26T07:01:48+00:00","dateModified":"2026-02-10T23:35:01+00:00","description":"Recogedor plegable Ecolimpia, fabricado con >99 % pl\u00e1stico reciclado y mango met\u00e1lico. F\u00e1cil de usar y ecol\u00f3gico. \u00a1C\u00f3mpralo y limpia con responsabilidad!","breadcrumb":{"@id":"https:\/\/fontfredapintures.com\/es\/producto\/recogedor-con-palo-plegable-reciclado-ecolimpia\/#breadcrumb"},"inLanguage":"es","potentialAction":[{"@type":"ReadAction","target":["https:\/\/fontfredapintures.com\/es\/producto\/recogedor-con-palo-plegable-reciclado-ecolimpia\/"]}]},{"@type":"ImageObject","inLanguage":"es","@id":"https:\/\/fontfredapintures.com\/es\/producto\/recogedor-con-palo-plegable-reciclado-ecolimpia\/#primaryimage","url":"https:\/\/fontfredapintures.com\/wp-content\/uploads\/2025\/08\/03000091_3399.png","contentUrl":"https:\/\/fontfredapintures.com\/wp-content\/uploads\/2025\/08\/03000091_3399.png","width":1000,"height":1143,"caption":"Recogedor reciclado plegable Ecolimpia"},{"@type":"BreadcrumbList","@id":"https:\/\/fontfredapintures.com\/es\/producto\/recogedor-con-palo-plegable-reciclado-ecolimpia\/#breadcrumb","itemListElement":[{"@type":"ListItem","position":1,"name":"Fontfreda","item":"https:\/\/fontfredapintures.com\/es\/"},{"@type":"ListItem","position":2,"name":"Tienda","item":"https:\/\/fontfredapintures.com\/es\/tienda\/"},{"@type":"ListItem","position":3,"name":"Recogedor con palo plegable reciclado Ecolimpia"}]},{"@type":"WebSite","@id":"https:\/\/fontfredapintures.com\/es\/#website","url":"https:\/\/fontfredapintures.com\/es\/","name":"Fontfreda Pintures","description":"Tienda online de pintura, decoraci\u00f3n y bellas artes","publisher":{"@id":"https:\/\/fontfredapintures.com\/es\/#organization"},"alternateName":"Pintures Fontfreda","potentialAction":[{"@type":"SearchAction","target":{"@type":"EntryPoint","urlTemplate":"https:\/\/fontfredapintures.com\/es\/?s={search_term_string}"},"query-input":{"@type":"PropertyValueSpecification","valueRequired":true,"valueName":"search_term_string"}}],"inLanguage":"es"},{"@type":"Organization","@id":"https:\/\/fontfredapintures.com\/es\/#organization","name":"Pintures Fontfreda","alternateName":"Fontfreda Pintures","url":"https:\/\/fontfredapintures.com\/es\/","logo":{"@type":"ImageObject","inLanguage":"es","@id":"https:\/\/fontfredapintures.com\/es\/#\/schema\/logo\/image\/","url":"https:\/\/fontfredapintures.com\/wp-content\/uploads\/2024\/04\/fontfreda-pintures-logo-yoast.jpg","contentUrl":"https:\/\/fontfredapintures.com\/wp-content\/uploads\/2024\/04\/fontfreda-pintures-logo-yoast.jpg","width":900,"height":600,"caption":"Pintures Fontfreda"},"image":{"@id":"https:\/\/fontfredapintures.com\/es\/#\/schema\/logo\/image\/"},"sameAs":["https:\/\/www.facebook.com\/fontfredapintures\/","https:\/\/www.instagram.com\/fontfredapintures\/","https:\/\/www.linkedin.com\/company\/fontfredapintures\/"]}]}},"_links":{"self":[{"href":"https:\/\/fontfredapintures.com\/es\/wp-json\/wp\/v2\/product\/61629","targetHints":{"allow":["GET"]}}],"collection":[{"href":"https:\/\/fontfredapintures.com\/es\/wp-json\/wp\/v2\/product"}],"about":[{"href":"https:\/\/fontfredapintures.com\/es\/wp-json\/wp\/v2\/types\/product"}],"replies":[{"embeddable":true,"href":"https:\/\/fontfredapintures.com\/es\/wp-json\/wp\/v2\/comments?post=61629"}],"version-history":[{"count":1,"href":"https:\/\/fontfredapintures.com\/es\/wp-json\/wp\/v2\/product\/61629\/revisions"}],"predecessor-version":[{"id":61654,"href":"https:\/\/fontfredapintures.com\/es\/wp-json\/wp\/v2\/product\/61629\/revisions\/61654"}],"wp:featuredmedia":[{"embeddable":true,"href":"https:\/\/fontfredapintures.com\/es\/wp-json\/wp\/v2\/media\/61627"}],"wp:attachment":[{"href":"https:\/\/fontfredapintures.com\/es\/wp-json\/wp\/v2\/media?parent=61629"}],"wp:term":[{"taxonomy":"product_brand","embeddable":true,"href":"https:\/\/fontfredapintures.com\/es\/wp-json\/wp\/v2\/product_brand?post=61629"},{"taxonomy":"product_cat","embeddable":true,"href":"https:\/\/fontfredapintures.com\/es\/wp-json\/wp\/v2\/product_cat?post=61629"},{"taxonomy":"product_tag","embeddable":true,"href":"https:\/\/fontfredapintures.com\/es\/wp-json\/wp\/v2\/product_tag?post=61629"}],"curies":[{"name":"wp","href":"https:\/\/api.w.org\/{rel}","templated":true}]}}