{"id":61540,"date":"2025-08-25T10:01:53","date_gmt":"2025-08-25T08:01:53","guid":{"rendered":"https:\/\/fontfredapintures.com\/producte\/espuma-seca-limpia-tapicerias-300ml\/"},"modified":"2025-08-26T01:31:55","modified_gmt":"2025-08-25T23:31:55","slug":"espuma-seca-limpia-tapicerias-300ml","status":"publish","type":"product","link":"https:\/\/fontfredapintures.com\/es\/producto\/espuma-seca-limpia-tapicerias-300ml\/","title":{"rendered":"Espuma seca limpia tapicer\u00edas 300ml"},"content":{"rendered":"<p>La Espuma Seca Limpia Tapicer\u00edas 300ml es la soluci\u00f3n r\u00e1pida y eficaz para limpiar sof\u00e1s, sillas, cortinas y otros tejidos sin usar agua. Su f\u00f3rmula penetra las fibras eliminando manchas, polvo y olores, dejando los tejidos limpios, frescos y cuidados. Ideal para el hogar y espacios profesionales.<\/p>\n","protected":false},"excerpt":{"rendered":"<p>La Espuma Seca Limpia Tapicer\u00edas 300ml es la soluci\u00f3n r\u00e1pida y eficaz para limpiar sof\u00e1s, sillas, cortinas y otros tejidos sin usar agua. Su f\u00f3rmula penetra las fibras eliminando manchas, polvo y olores, dejando los tejidos limpios, frescos y cuidados. Ideal para el hogar y espacios profesionales.<\/p>\n","protected":false},"featured_media":61538,"comment_status":"open","ping_status":"closed","template":"","meta":[],"product_brand":[],"product_cat":[958,963,973],"product_tag":[],"class_list":{"0":"post-61540","1":"product","2":"type-product","3":"status-publish","4":"has-post-thumbnail","6":"product_cat-drogueria-es","7":"product_cat-productos-limpieza-del-hogar","8":"product_cat-varios","9":"pa_brand-unidroco-es","11":"first","12":"instock","13":"taxable","14":"shipping-taxable","15":"purchasable","16":"product-type-simple"},"group_of_quantity":0,"min_quantity":0,"max_quantity":"","exclude_order_quantity_value_rules":"no","exclude_category_quantity_rules":"no","combine_variations":"no","yoast_head":"<!-- This site is optimized with the Yoast SEO plugin v25.7 - https:\/\/yoast.com\/wordpress\/plugins\/seo\/ -->\n<title>Espuma seca limpia tapicer\u00edas 300ml - Fontfreda Pintures<\/title>\n<meta name=\"description\" content=\"Limpia sof\u00e1s, sillas y cortinas sin agua con la Espuma Seca Limpia Tapicer\u00edas 300ml. \u00a1Compra ahora y mant\u00e9n tus tejidos limpios y frescos!\" \/>\n<meta name=\"robots\" content=\"index, follow, max-snippet:-1, max-image-preview:large, max-video-preview:-1\" \/>\n<link rel=\"canonical\" href=\"https:\/\/fontfredapintures.com\/es\/producto\/espuma-seca-limpia-tapicerias-300ml\/\" \/>\n<meta property=\"og:locale\" content=\"es_ES\" \/>\n<meta property=\"og:type\" content=\"article\" \/>\n<meta property=\"og:title\" content=\"Espuma seca limpia tapicer\u00edas 300ml - Fontfreda Pintures\" \/>\n<meta property=\"og:description\" content=\"Limpia sof\u00e1s, sillas y cortinas sin agua con la Espuma Seca Limpia Tapicer\u00edas 300ml. \u00a1Compra ahora y mant\u00e9n tus tejidos limpios y frescos!\" \/>\n<meta property=\"og:url\" content=\"https:\/\/fontfredapintures.com\/es\/producto\/espuma-seca-limpia-tapicerias-300ml\/\" \/>\n<meta property=\"og:site_name\" content=\"Fontfreda Pintures\" \/>\n<meta property=\"article:publisher\" content=\"https:\/\/www.facebook.com\/fontfredapintures\/\" \/>\n<meta property=\"article:modified_time\" content=\"2025-08-25T23:31:55+00:00\" \/>\n<meta property=\"og:image\" content=\"https:\/\/fontfredapintures.com\/wp-content\/uploads\/2025\/08\/03001800011000_3391.png\" \/>\n\t<meta property=\"og:image:width\" content=\"1000\" \/>\n\t<meta property=\"og:image:height\" content=\"1143\" \/>\n\t<meta property=\"og:image:type\" content=\"image\/png\" \/>\n<meta name=\"twitter:card\" content=\"summary_large_image\" \/>\n<meta name=\"twitter:label1\" content=\"Tiempo de lectura\" \/>\n\t<meta name=\"twitter:data1\" content=\"1 minuto\" \/>\n<script type=\"application\/ld+json\" class=\"yoast-schema-graph\">{\"@context\":\"https:\/\/schema.org\",\"@graph\":[{\"@type\":\"WebPage\",\"@id\":\"https:\/\/fontfredapintures.com\/es\/producto\/espuma-seca-limpia-tapicerias-300ml\/\",\"url\":\"https:\/\/fontfredapintures.com\/es\/producto\/espuma-seca-limpia-tapicerias-300ml\/\",\"name\":\"Espuma seca limpia tapicer\u00edas 300ml - Fontfreda Pintures\",\"isPartOf\":{\"@id\":\"https:\/\/fontfredapintures.com\/es\/#website\"},\"primaryImageOfPage\":{\"@id\":\"https:\/\/fontfredapintures.com\/es\/producto\/espuma-seca-limpia-tapicerias-300ml\/#primaryimage\"},\"image\":{\"@id\":\"https:\/\/fontfredapintures.com\/es\/producto\/espuma-seca-limpia-tapicerias-300ml\/#primaryimage\"},\"thumbnailUrl\":\"https:\/\/fontfredapintures.com\/wp-content\/uploads\/2025\/08\/03001800011000_3391.png\",\"datePublished\":\"2025-08-25T08:01:53+00:00\",\"dateModified\":\"2025-08-25T23:31:55+00:00\",\"description\":\"Limpia sof\u00e1s, sillas y cortinas sin agua con la Espuma Seca Limpia Tapicer\u00edas 300ml. \u00a1Compra ahora y mant\u00e9n tus tejidos limpios y frescos!\",\"breadcrumb\":{\"@id\":\"https:\/\/fontfredapintures.com\/es\/producto\/espuma-seca-limpia-tapicerias-300ml\/#breadcrumb\"},\"inLanguage\":\"es\",\"potentialAction\":[{\"@type\":\"ReadAction\",\"target\":[\"https:\/\/fontfredapintures.com\/es\/producto\/espuma-seca-limpia-tapicerias-300ml\/\"]}]},{\"@type\":\"ImageObject\",\"inLanguage\":\"es\",\"@id\":\"https:\/\/fontfredapintures.com\/es\/producto\/espuma-seca-limpia-tapicerias-300ml\/#primaryimage\",\"url\":\"https:\/\/fontfredapintures.com\/wp-content\/uploads\/2025\/08\/03001800011000_3391.png\",\"contentUrl\":\"https:\/\/fontfredapintures.com\/wp-content\/uploads\/2025\/08\/03001800011000_3391.png\",\"width\":1000,\"height\":1143,\"caption\":\"Espuma seca limpia tapicer\u00edas 300ml\"},{\"@type\":\"BreadcrumbList\",\"@id\":\"https:\/\/fontfredapintures.com\/es\/producto\/espuma-seca-limpia-tapicerias-300ml\/#breadcrumb\",\"itemListElement\":[{\"@type\":\"ListItem\",\"position\":1,\"name\":\"Fontfreda\",\"item\":\"https:\/\/fontfredapintures.com\/es\/\"},{\"@type\":\"ListItem\",\"position\":2,\"name\":\"Tienda\",\"item\":\"https:\/\/fontfredapintures.com\/es\/tienda\/\"},{\"@type\":\"ListItem\",\"position\":3,\"name\":\"Espuma seca limpia tapicer\u00edas 300ml\"}]},{\"@type\":\"WebSite\",\"@id\":\"https:\/\/fontfredapintures.com\/es\/#website\",\"url\":\"https:\/\/fontfredapintures.com\/es\/\",\"name\":\"Fontfreda Pintures\",\"description\":\"Tienda online de pintura, decoraci\u00f3n y bellas artes\",\"publisher\":{\"@id\":\"https:\/\/fontfredapintures.com\/es\/#organization\"},\"alternateName\":\"Pintures Fontfreda\",\"potentialAction\":[{\"@type\":\"SearchAction\",\"target\":{\"@type\":\"EntryPoint\",\"urlTemplate\":\"https:\/\/fontfredapintures.com\/es\/?s={search_term_string}\"},\"query-input\":{\"@type\":\"PropertyValueSpecification\",\"valueRequired\":true,\"valueName\":\"search_term_string\"}}],\"inLanguage\":\"es\"},{\"@type\":\"Organization\",\"@id\":\"https:\/\/fontfredapintures.com\/es\/#organization\",\"name\":\"Pintures Fontfreda\",\"alternateName\":\"Fontfreda Pintures\",\"url\":\"https:\/\/fontfredapintures.com\/es\/\",\"logo\":{\"@type\":\"ImageObject\",\"inLanguage\":\"es\",\"@id\":\"https:\/\/fontfredapintures.com\/es\/#\/schema\/logo\/image\/\",\"url\":\"https:\/\/fontfredapintures.com\/wp-content\/uploads\/2024\/04\/fontfreda-pintures-logo-yoast.jpg\",\"contentUrl\":\"https:\/\/fontfredapintures.com\/wp-content\/uploads\/2024\/04\/fontfreda-pintures-logo-yoast.jpg\",\"width\":900,\"height\":600,\"caption\":\"Pintures Fontfreda\"},\"image\":{\"@id\":\"https:\/\/fontfredapintures.com\/es\/#\/schema\/logo\/image\/\"},\"sameAs\":[\"https:\/\/www.facebook.com\/fontfredapintures\/\",\"https:\/\/www.instagram.com\/fontfredapintures\/\",\"https:\/\/www.linkedin.com\/company\/fontfredapintures\/\"]}]}<\/script>\n<!-- \/ Yoast SEO plugin. -->","yoast_head_json":{"title":"Espuma seca limpia tapicer\u00edas 300ml - Fontfreda Pintures","description":"Limpia sof\u00e1s, sillas y cortinas sin agua con la Espuma Seca Limpia Tapicer\u00edas 300ml. \u00a1Compra ahora y mant\u00e9n tus tejidos limpios y frescos!","robots":{"index":"index","follow":"follow","max-snippet":"max-snippet:-1","max-image-preview":"max-image-preview:large","max-video-preview":"max-video-preview:-1"},"canonical":"https:\/\/fontfredapintures.com\/es\/producto\/espuma-seca-limpia-tapicerias-300ml\/","og_locale":"es_ES","og_type":"article","og_title":"Espuma seca limpia tapicer\u00edas 300ml - Fontfreda Pintures","og_description":"Limpia sof\u00e1s, sillas y cortinas sin agua con la Espuma Seca Limpia Tapicer\u00edas 300ml. \u00a1Compra ahora y mant\u00e9n tus tejidos limpios y frescos!","og_url":"https:\/\/fontfredapintures.com\/es\/producto\/espuma-seca-limpia-tapicerias-300ml\/","og_site_name":"Fontfreda Pintures","article_publisher":"https:\/\/www.facebook.com\/fontfredapintures\/","article_modified_time":"2025-08-25T23:31:55+00:00","og_image":[{"width":1000,"height":1143,"url":"https:\/\/fontfredapintures.com\/wp-content\/uploads\/2025\/08\/03001800011000_3391.png","type":"image\/png"}],"twitter_card":"summary_large_image","twitter_misc":{"Tiempo de lectura":"1 minuto"},"schema":{"@context":"https:\/\/schema.org","@graph":[{"@type":"WebPage","@id":"https:\/\/fontfredapintures.com\/es\/producto\/espuma-seca-limpia-tapicerias-300ml\/","url":"https:\/\/fontfredapintures.com\/es\/producto\/espuma-seca-limpia-tapicerias-300ml\/","name":"Espuma seca limpia tapicer\u00edas 300ml - Fontfreda Pintures","isPartOf":{"@id":"https:\/\/fontfredapintures.com\/es\/#website"},"primaryImageOfPage":{"@id":"https:\/\/fontfredapintures.com\/es\/producto\/espuma-seca-limpia-tapicerias-300ml\/#primaryimage"},"image":{"@id":"https:\/\/fontfredapintures.com\/es\/producto\/espuma-seca-limpia-tapicerias-300ml\/#primaryimage"},"thumbnailUrl":"https:\/\/fontfredapintures.com\/wp-content\/uploads\/2025\/08\/03001800011000_3391.png","datePublished":"2025-08-25T08:01:53+00:00","dateModified":"2025-08-25T23:31:55+00:00","description":"Limpia sof\u00e1s, sillas y cortinas sin agua con la Espuma Seca Limpia Tapicer\u00edas 300ml. \u00a1Compra ahora y mant\u00e9n tus tejidos limpios y frescos!","breadcrumb":{"@id":"https:\/\/fontfredapintures.com\/es\/producto\/espuma-seca-limpia-tapicerias-300ml\/#breadcrumb"},"inLanguage":"es","potentialAction":[{"@type":"ReadAction","target":["https:\/\/fontfredapintures.com\/es\/producto\/espuma-seca-limpia-tapicerias-300ml\/"]}]},{"@type":"ImageObject","inLanguage":"es","@id":"https:\/\/fontfredapintures.com\/es\/producto\/espuma-seca-limpia-tapicerias-300ml\/#primaryimage","url":"https:\/\/fontfredapintures.com\/wp-content\/uploads\/2025\/08\/03001800011000_3391.png","contentUrl":"https:\/\/fontfredapintures.com\/wp-content\/uploads\/2025\/08\/03001800011000_3391.png","width":1000,"height":1143,"caption":"Espuma seca limpia tapicer\u00edas 300ml"},{"@type":"BreadcrumbList","@id":"https:\/\/fontfredapintures.com\/es\/producto\/espuma-seca-limpia-tapicerias-300ml\/#breadcrumb","itemListElement":[{"@type":"ListItem","position":1,"name":"Fontfreda","item":"https:\/\/fontfredapintures.com\/es\/"},{"@type":"ListItem","position":2,"name":"Tienda","item":"https:\/\/fontfredapintures.com\/es\/tienda\/"},{"@type":"ListItem","position":3,"name":"Espuma seca limpia tapicer\u00edas 300ml"}]},{"@type":"WebSite","@id":"https:\/\/fontfredapintures.com\/es\/#website","url":"https:\/\/fontfredapintures.com\/es\/","name":"Fontfreda Pintures","description":"Tienda online de pintura, decoraci\u00f3n y bellas artes","publisher":{"@id":"https:\/\/fontfredapintures.com\/es\/#organization"},"alternateName":"Pintures Fontfreda","potentialAction":[{"@type":"SearchAction","target":{"@type":"EntryPoint","urlTemplate":"https:\/\/fontfredapintures.com\/es\/?s={search_term_string}"},"query-input":{"@type":"PropertyValueSpecification","valueRequired":true,"valueName":"search_term_string"}}],"inLanguage":"es"},{"@type":"Organization","@id":"https:\/\/fontfredapintures.com\/es\/#organization","name":"Pintures Fontfreda","alternateName":"Fontfreda Pintures","url":"https:\/\/fontfredapintures.com\/es\/","logo":{"@type":"ImageObject","inLanguage":"es","@id":"https:\/\/fontfredapintures.com\/es\/#\/schema\/logo\/image\/","url":"https:\/\/fontfredapintures.com\/wp-content\/uploads\/2024\/04\/fontfreda-pintures-logo-yoast.jpg","contentUrl":"https:\/\/fontfredapintures.com\/wp-content\/uploads\/2024\/04\/fontfreda-pintures-logo-yoast.jpg","width":900,"height":600,"caption":"Pintures Fontfreda"},"image":{"@id":"https:\/\/fontfredapintures.com\/es\/#\/schema\/logo\/image\/"},"sameAs":["https:\/\/www.facebook.com\/fontfredapintures\/","https:\/\/www.instagram.com\/fontfredapintures\/","https:\/\/www.linkedin.com\/company\/fontfredapintures\/"]}]}},"_links":{"self":[{"href":"https:\/\/fontfredapintures.com\/es\/wp-json\/wp\/v2\/product\/61540","targetHints":{"allow":["GET"]}}],"collection":[{"href":"https:\/\/fontfredapintures.com\/es\/wp-json\/wp\/v2\/product"}],"about":[{"href":"https:\/\/fontfredapintures.com\/es\/wp-json\/wp\/v2\/types\/product"}],"replies":[{"embeddable":true,"href":"https:\/\/fontfredapintures.com\/es\/wp-json\/wp\/v2\/comments?post=61540"}],"version-history":[{"count":1,"href":"https:\/\/fontfredapintures.com\/es\/wp-json\/wp\/v2\/product\/61540\/revisions"}],"predecessor-version":[{"id":61571,"href":"https:\/\/fontfredapintures.com\/es\/wp-json\/wp\/v2\/product\/61540\/revisions\/61571"}],"wp:featuredmedia":[{"embeddable":true,"href":"https:\/\/fontfredapintures.com\/es\/wp-json\/wp\/v2\/media\/61538"}],"wp:attachment":[{"href":"https:\/\/fontfredapintures.com\/es\/wp-json\/wp\/v2\/media?parent=61540"}],"wp:term":[{"taxonomy":"product_brand","embeddable":true,"href":"https:\/\/fontfredapintures.com\/es\/wp-json\/wp\/v2\/product_brand?post=61540"},{"taxonomy":"product_cat","embeddable":true,"href":"https:\/\/fontfredapintures.com\/es\/wp-json\/wp\/v2\/product_cat?post=61540"},{"taxonomy":"product_tag","embeddable":true,"href":"https:\/\/fontfredapintures.com\/es\/wp-json\/wp\/v2\/product_tag?post=61540"}],"curies":[{"name":"wp","href":"https:\/\/api.w.org\/{rel}","templated":true}]}}