{"id":61481,"date":"2025-08-22T10:01:24","date_gmt":"2025-08-22T08:01:24","guid":{"rendered":"https:\/\/fontfredapintures.com\/producte\/symplex-l3-perma-protec-473ml\/"},"modified":"2025-08-23T01:31:39","modified_gmt":"2025-08-22T23:31:39","slug":"symplex-l3-perma-protec-473ml","status":"publish","type":"product","link":"https:\/\/fontfredapintures.com\/es\/producto\/symplex-l3-perma-protec-473ml\/","title":{"rendered":"Symplex L3 Perma Protec 473ml"},"content":{"rendered":"<p>El Symplex L3 Perma Protec 473ml es un producto profesional dise\u00f1ado para el cuidado de todo tipo de cuero (excepto ante). Su f\u00f3rmula a base de agua y pH neutro combina cera de abeja y aceites especiales que proporcionan hidrataci\u00f3n profunda, manteniendo el cuero suave y flexible. Los agentes bloqueadores y los inhibidores UV protegen contra manchas, grietas y decoloraci\u00f3n por exposici\u00f3n solar, revitalizando el cuero envejecido y previniendo arrugas en cuero nuevo. F\u00e1cil de aplicar con microfibra, ofrece un acabado natural sin brillo artificial, ideal para autom\u00f3viles, muebles o accesorios de cuero que requieren cuidado profesional y duradero.<\/p>\n","protected":false},"excerpt":{"rendered":"<p>El Symplex L3 Perma Protec 473ml \u00e9s un producte de qualitat professional dissenyat per cuidar tot tipus de cuir (excepte gamusa). La seva f\u00f3rmula a base d\u2019aigua i pH neutre combina cera d\u2019abella i olis especials que hidraten profundament, mantenint el cuir flexible i suau. Els agents bloquejadors i els inhibidors UV protegeixen contra taques, esquerdes i decoloraci\u00f3 per exposici\u00f3 solar, revitalitzant cuir vell i prevenint arrugues en cuir nou. F\u00e0cil d\u2019aplicar amb microfibra, proporciona un acabat natural sense brillantor artificial, ideal per cotxes, mobles o accessoris de cuir que necessiten cura professional i duradora.<\/p>\n","protected":false},"featured_media":61479,"comment_status":"open","ping_status":"closed","template":"","meta":[],"product_brand":[],"product_cat":[2096,1939,958],"product_tag":[],"class_list":{"0":"post-61481","1":"product","2":"type-product","3":"status-publish","4":"has-post-thumbnail","6":"product_cat-limpieza-carroceria","7":"product_cat-limpieza-industrial","8":"product_cat-drogueria-es","9":"pa_brand-symplex-es","11":"first","12":"instock","13":"sale","14":"taxable","15":"shipping-taxable","16":"purchasable","17":"product-type-simple"},"group_of_quantity":0,"min_quantity":0,"max_quantity":"","exclude_order_quantity_value_rules":"no","exclude_category_quantity_rules":"no","combine_variations":"no","yoast_head":"<!-- This site is optimized with the Yoast SEO plugin v25.7 - https:\/\/yoast.com\/wordpress\/plugins\/seo\/ -->\n<title>Symplex L3 Perma Protec 473ml - Fontfreda Pintures<\/title>\n<meta name=\"description\" content=\"Compra Symplex L3 Perma Protec, tratamiento profesional para cuero que limpia, hidrata y protege con cera de abeja e inhibidores UV. Mant\u00e9n el cuero suave.\" \/>\n<meta name=\"robots\" content=\"index, follow, max-snippet:-1, max-image-preview:large, max-video-preview:-1\" \/>\n<link rel=\"canonical\" href=\"https:\/\/fontfredapintures.com\/es\/producto\/symplex-l3-perma-protec-473ml\/\" \/>\n<meta property=\"og:locale\" content=\"es_ES\" \/>\n<meta property=\"og:type\" content=\"article\" \/>\n<meta property=\"og:title\" content=\"Symplex L3 Perma Protec 473ml - Fontfreda Pintures\" \/>\n<meta property=\"og:description\" content=\"Compra Symplex L3 Perma Protec, tratamiento profesional para cuero que limpia, hidrata y protege con cera de abeja e inhibidores UV. Mant\u00e9n el cuero suave.\" \/>\n<meta property=\"og:url\" content=\"https:\/\/fontfredapintures.com\/es\/producto\/symplex-l3-perma-protec-473ml\/\" \/>\n<meta property=\"og:site_name\" content=\"Fontfreda Pintures\" \/>\n<meta property=\"article:publisher\" content=\"https:\/\/www.facebook.com\/fontfredapintures\/\" \/>\n<meta property=\"article:modified_time\" content=\"2025-08-22T23:31:39+00:00\" \/>\n<meta property=\"og:image\" content=\"https:\/\/fontfredapintures.com\/wp-content\/uploads\/2025\/08\/29000015103500_3385.png\" \/>\n\t<meta property=\"og:image:width\" content=\"1000\" \/>\n\t<meta property=\"og:image:height\" content=\"1143\" \/>\n\t<meta property=\"og:image:type\" content=\"image\/png\" \/>\n<meta name=\"twitter:card\" content=\"summary_large_image\" \/>\n<meta name=\"twitter:label1\" content=\"Tiempo de lectura\" \/>\n\t<meta name=\"twitter:data1\" content=\"1 minuto\" \/>\n<script type=\"application\/ld+json\" class=\"yoast-schema-graph\">{\"@context\":\"https:\/\/schema.org\",\"@graph\":[{\"@type\":\"WebPage\",\"@id\":\"https:\/\/fontfredapintures.com\/es\/producto\/symplex-l3-perma-protec-473ml\/\",\"url\":\"https:\/\/fontfredapintures.com\/es\/producto\/symplex-l3-perma-protec-473ml\/\",\"name\":\"Symplex L3 Perma Protec 473ml - Fontfreda Pintures\",\"isPartOf\":{\"@id\":\"https:\/\/fontfredapintures.com\/es\/#website\"},\"primaryImageOfPage\":{\"@id\":\"https:\/\/fontfredapintures.com\/es\/producto\/symplex-l3-perma-protec-473ml\/#primaryimage\"},\"image\":{\"@id\":\"https:\/\/fontfredapintures.com\/es\/producto\/symplex-l3-perma-protec-473ml\/#primaryimage\"},\"thumbnailUrl\":\"https:\/\/fontfredapintures.com\/wp-content\/uploads\/2025\/08\/29000015103500_3385.png\",\"datePublished\":\"2025-08-22T08:01:24+00:00\",\"dateModified\":\"2025-08-22T23:31:39+00:00\",\"description\":\"Compra Symplex L3 Perma Protec, tratamiento profesional para cuero que limpia, hidrata y protege con cera de abeja e inhibidores UV. Mant\u00e9n el cuero suave.\",\"breadcrumb\":{\"@id\":\"https:\/\/fontfredapintures.com\/es\/producto\/symplex-l3-perma-protec-473ml\/#breadcrumb\"},\"inLanguage\":\"es\",\"potentialAction\":[{\"@type\":\"ReadAction\",\"target\":[\"https:\/\/fontfredapintures.com\/es\/producto\/symplex-l3-perma-protec-473ml\/\"]}]},{\"@type\":\"ImageObject\",\"inLanguage\":\"es\",\"@id\":\"https:\/\/fontfredapintures.com\/es\/producto\/symplex-l3-perma-protec-473ml\/#primaryimage\",\"url\":\"https:\/\/fontfredapintures.com\/wp-content\/uploads\/2025\/08\/29000015103500_3385.png\",\"contentUrl\":\"https:\/\/fontfredapintures.com\/wp-content\/uploads\/2025\/08\/29000015103500_3385.png\",\"width\":1000,\"height\":1143,\"caption\":\"Symplex L3 Perma Protec 473ml\"},{\"@type\":\"BreadcrumbList\",\"@id\":\"https:\/\/fontfredapintures.com\/es\/producto\/symplex-l3-perma-protec-473ml\/#breadcrumb\",\"itemListElement\":[{\"@type\":\"ListItem\",\"position\":1,\"name\":\"Fontfreda\",\"item\":\"https:\/\/fontfredapintures.com\/es\/\"},{\"@type\":\"ListItem\",\"position\":2,\"name\":\"Tienda\",\"item\":\"https:\/\/fontfredapintures.com\/es\/tienda\/\"},{\"@type\":\"ListItem\",\"position\":3,\"name\":\"Symplex L3 Perma Protec 473ml\"}]},{\"@type\":\"WebSite\",\"@id\":\"https:\/\/fontfredapintures.com\/es\/#website\",\"url\":\"https:\/\/fontfredapintures.com\/es\/\",\"name\":\"Fontfreda Pintures\",\"description\":\"Tienda online de pintura, decoraci\u00f3n y bellas artes\",\"publisher\":{\"@id\":\"https:\/\/fontfredapintures.com\/es\/#organization\"},\"alternateName\":\"Pintures Fontfreda\",\"potentialAction\":[{\"@type\":\"SearchAction\",\"target\":{\"@type\":\"EntryPoint\",\"urlTemplate\":\"https:\/\/fontfredapintures.com\/es\/?s={search_term_string}\"},\"query-input\":{\"@type\":\"PropertyValueSpecification\",\"valueRequired\":true,\"valueName\":\"search_term_string\"}}],\"inLanguage\":\"es\"},{\"@type\":\"Organization\",\"@id\":\"https:\/\/fontfredapintures.com\/es\/#organization\",\"name\":\"Pintures Fontfreda\",\"alternateName\":\"Fontfreda Pintures\",\"url\":\"https:\/\/fontfredapintures.com\/es\/\",\"logo\":{\"@type\":\"ImageObject\",\"inLanguage\":\"es\",\"@id\":\"https:\/\/fontfredapintures.com\/es\/#\/schema\/logo\/image\/\",\"url\":\"https:\/\/fontfredapintures.com\/wp-content\/uploads\/2024\/04\/fontfreda-pintures-logo-yoast.jpg\",\"contentUrl\":\"https:\/\/fontfredapintures.com\/wp-content\/uploads\/2024\/04\/fontfreda-pintures-logo-yoast.jpg\",\"width\":900,\"height\":600,\"caption\":\"Pintures Fontfreda\"},\"image\":{\"@id\":\"https:\/\/fontfredapintures.com\/es\/#\/schema\/logo\/image\/\"},\"sameAs\":[\"https:\/\/www.facebook.com\/fontfredapintures\/\",\"https:\/\/www.instagram.com\/fontfredapintures\/\",\"https:\/\/www.linkedin.com\/company\/fontfredapintures\/\"]}]}<\/script>\n<!-- \/ Yoast SEO plugin. -->","yoast_head_json":{"title":"Symplex L3 Perma Protec 473ml - Fontfreda Pintures","description":"Compra Symplex L3 Perma Protec, tratamiento profesional para cuero que limpia, hidrata y protege con cera de abeja e inhibidores UV. Mant\u00e9n el cuero suave.","robots":{"index":"index","follow":"follow","max-snippet":"max-snippet:-1","max-image-preview":"max-image-preview:large","max-video-preview":"max-video-preview:-1"},"canonical":"https:\/\/fontfredapintures.com\/es\/producto\/symplex-l3-perma-protec-473ml\/","og_locale":"es_ES","og_type":"article","og_title":"Symplex L3 Perma Protec 473ml - Fontfreda Pintures","og_description":"Compra Symplex L3 Perma Protec, tratamiento profesional para cuero que limpia, hidrata y protege con cera de abeja e inhibidores UV. Mant\u00e9n el cuero suave.","og_url":"https:\/\/fontfredapintures.com\/es\/producto\/symplex-l3-perma-protec-473ml\/","og_site_name":"Fontfreda Pintures","article_publisher":"https:\/\/www.facebook.com\/fontfredapintures\/","article_modified_time":"2025-08-22T23:31:39+00:00","og_image":[{"width":1000,"height":1143,"url":"https:\/\/fontfredapintures.com\/wp-content\/uploads\/2025\/08\/29000015103500_3385.png","type":"image\/png"}],"twitter_card":"summary_large_image","twitter_misc":{"Tiempo de lectura":"1 minuto"},"schema":{"@context":"https:\/\/schema.org","@graph":[{"@type":"WebPage","@id":"https:\/\/fontfredapintures.com\/es\/producto\/symplex-l3-perma-protec-473ml\/","url":"https:\/\/fontfredapintures.com\/es\/producto\/symplex-l3-perma-protec-473ml\/","name":"Symplex L3 Perma Protec 473ml - Fontfreda Pintures","isPartOf":{"@id":"https:\/\/fontfredapintures.com\/es\/#website"},"primaryImageOfPage":{"@id":"https:\/\/fontfredapintures.com\/es\/producto\/symplex-l3-perma-protec-473ml\/#primaryimage"},"image":{"@id":"https:\/\/fontfredapintures.com\/es\/producto\/symplex-l3-perma-protec-473ml\/#primaryimage"},"thumbnailUrl":"https:\/\/fontfredapintures.com\/wp-content\/uploads\/2025\/08\/29000015103500_3385.png","datePublished":"2025-08-22T08:01:24+00:00","dateModified":"2025-08-22T23:31:39+00:00","description":"Compra Symplex L3 Perma Protec, tratamiento profesional para cuero que limpia, hidrata y protege con cera de abeja e inhibidores UV. Mant\u00e9n el cuero suave.","breadcrumb":{"@id":"https:\/\/fontfredapintures.com\/es\/producto\/symplex-l3-perma-protec-473ml\/#breadcrumb"},"inLanguage":"es","potentialAction":[{"@type":"ReadAction","target":["https:\/\/fontfredapintures.com\/es\/producto\/symplex-l3-perma-protec-473ml\/"]}]},{"@type":"ImageObject","inLanguage":"es","@id":"https:\/\/fontfredapintures.com\/es\/producto\/symplex-l3-perma-protec-473ml\/#primaryimage","url":"https:\/\/fontfredapintures.com\/wp-content\/uploads\/2025\/08\/29000015103500_3385.png","contentUrl":"https:\/\/fontfredapintures.com\/wp-content\/uploads\/2025\/08\/29000015103500_3385.png","width":1000,"height":1143,"caption":"Symplex L3 Perma Protec 473ml"},{"@type":"BreadcrumbList","@id":"https:\/\/fontfredapintures.com\/es\/producto\/symplex-l3-perma-protec-473ml\/#breadcrumb","itemListElement":[{"@type":"ListItem","position":1,"name":"Fontfreda","item":"https:\/\/fontfredapintures.com\/es\/"},{"@type":"ListItem","position":2,"name":"Tienda","item":"https:\/\/fontfredapintures.com\/es\/tienda\/"},{"@type":"ListItem","position":3,"name":"Symplex L3 Perma Protec 473ml"}]},{"@type":"WebSite","@id":"https:\/\/fontfredapintures.com\/es\/#website","url":"https:\/\/fontfredapintures.com\/es\/","name":"Fontfreda Pintures","description":"Tienda online de pintura, decoraci\u00f3n y bellas artes","publisher":{"@id":"https:\/\/fontfredapintures.com\/es\/#organization"},"alternateName":"Pintures Fontfreda","potentialAction":[{"@type":"SearchAction","target":{"@type":"EntryPoint","urlTemplate":"https:\/\/fontfredapintures.com\/es\/?s={search_term_string}"},"query-input":{"@type":"PropertyValueSpecification","valueRequired":true,"valueName":"search_term_string"}}],"inLanguage":"es"},{"@type":"Organization","@id":"https:\/\/fontfredapintures.com\/es\/#organization","name":"Pintures Fontfreda","alternateName":"Fontfreda Pintures","url":"https:\/\/fontfredapintures.com\/es\/","logo":{"@type":"ImageObject","inLanguage":"es","@id":"https:\/\/fontfredapintures.com\/es\/#\/schema\/logo\/image\/","url":"https:\/\/fontfredapintures.com\/wp-content\/uploads\/2024\/04\/fontfreda-pintures-logo-yoast.jpg","contentUrl":"https:\/\/fontfredapintures.com\/wp-content\/uploads\/2024\/04\/fontfreda-pintures-logo-yoast.jpg","width":900,"height":600,"caption":"Pintures Fontfreda"},"image":{"@id":"https:\/\/fontfredapintures.com\/es\/#\/schema\/logo\/image\/"},"sameAs":["https:\/\/www.facebook.com\/fontfredapintures\/","https:\/\/www.instagram.com\/fontfredapintures\/","https:\/\/www.linkedin.com\/company\/fontfredapintures\/"]}]}},"_links":{"self":[{"href":"https:\/\/fontfredapintures.com\/es\/wp-json\/wp\/v2\/product\/61481","targetHints":{"allow":["GET"]}}],"collection":[{"href":"https:\/\/fontfredapintures.com\/es\/wp-json\/wp\/v2\/product"}],"about":[{"href":"https:\/\/fontfredapintures.com\/es\/wp-json\/wp\/v2\/types\/product"}],"replies":[{"embeddable":true,"href":"https:\/\/fontfredapintures.com\/es\/wp-json\/wp\/v2\/comments?post=61481"}],"version-history":[{"count":1,"href":"https:\/\/fontfredapintures.com\/es\/wp-json\/wp\/v2\/product\/61481\/revisions"}],"predecessor-version":[{"id":61498,"href":"https:\/\/fontfredapintures.com\/es\/wp-json\/wp\/v2\/product\/61481\/revisions\/61498"}],"wp:featuredmedia":[{"embeddable":true,"href":"https:\/\/fontfredapintures.com\/es\/wp-json\/wp\/v2\/media\/61479"}],"wp:attachment":[{"href":"https:\/\/fontfredapintures.com\/es\/wp-json\/wp\/v2\/media?parent=61481"}],"wp:term":[{"taxonomy":"product_brand","embeddable":true,"href":"https:\/\/fontfredapintures.com\/es\/wp-json\/wp\/v2\/product_brand?post=61481"},{"taxonomy":"product_cat","embeddable":true,"href":"https:\/\/fontfredapintures.com\/es\/wp-json\/wp\/v2\/product_cat?post=61481"},{"taxonomy":"product_tag","embeddable":true,"href":"https:\/\/fontfredapintures.com\/es\/wp-json\/wp\/v2\/product_tag?post=61481"}],"curies":[{"name":"wp","href":"https:\/\/api.w.org\/{rel}","templated":true}]}}