{"id":60366,"date":"2025-05-27T18:01:33","date_gmt":"2025-05-27T16:01:33","guid":{"rendered":"https:\/\/fontfredapintures.com\/producte\/fosas-septicas-wc-net-360gr\/"},"modified":"2025-08-22T01:32:05","modified_gmt":"2025-08-21T23:32:05","slug":"fosas-septicas-wc-net-360gr","status":"publish","type":"product","link":"https:\/\/fontfredapintures.com\/es\/producto\/fosas-septicas-wc-net-360gr\/","title":{"rendered":"Fosas s\u00e9pticas WC Net 360gr"},"content":{"rendered":"<p>WC Net Fosas S\u00e9pticas 360g es un activador biol\u00f3gico concentrado especialmente dise\u00f1ado para el mantenimiento regular de fosas s\u00e9pticas. Su f\u00f3rmula avanzada, compuesta por bacterias y enzimas naturales, favorece la degradaci\u00f3n de residuos org\u00e1nicos y papel higi\u00e9nico, evitando as\u00ed obstrucciones, malos olores y sobrecargas del sistema.<\/p>\n<p>Cada envase contiene una monodosis mensual que se vierte directamente en el inodoro. El tratamiento act\u00faa de forma continua durante 30 d\u00edas, manteniendo el equilibrio biol\u00f3gico del sistema de manera ecol\u00f3gica y sin riesgos para las tuber\u00edas ni para el medio ambiente.<\/p>\n<p>Ideal para hogares, segundas residencias y zonas rurales con sistemas aut\u00f3nomos. Con WC Net Fosas S\u00e9pticas, obtienes una soluci\u00f3n c\u00f3moda, segura y eficaz para una higiene sostenible.<\/p>\n","protected":false},"excerpt":{"rendered":"<p>WC Net Fosas S\u00e9pticas 360g es un tratamiento biol\u00f3gico de acci\u00f3n mensual que previene atascos, malos olores y saturaciones. F\u00e1cil de usar, eficaz y respetuoso con el medioambiente.<\/p>\n","protected":false},"featured_media":60364,"comment_status":"open","ping_status":"closed","template":"","meta":[],"product_brand":[],"product_cat":[1986,1939,958,963,1359],"product_tag":[],"class_list":{"0":"post-60366","1":"product","2":"type-product","3":"status-publish","4":"has-post-thumbnail","6":"product_cat-lavabos-y-wc","7":"product_cat-limpieza-industrial","8":"product_cat-drogueria-es","9":"product_cat-productos-limpieza-del-hogar","10":"product_cat-wc-es","11":"pa_brand-wc-net-es","13":"first","14":"instock","15":"sale","16":"taxable","17":"shipping-taxable","18":"purchasable","19":"product-type-simple"},"group_of_quantity":0,"min_quantity":0,"max_quantity":"","exclude_order_quantity_value_rules":"no","exclude_category_quantity_rules":"no","combine_variations":"no","yoast_head":"<!-- This site is optimized with the Yoast SEO plugin v25.7 - https:\/\/yoast.com\/wordpress\/plugins\/seo\/ -->\n<title>Fosas s\u00e9pticas WC Net 360gr - Fontfreda Pintures<\/title>\n<meta name=\"description\" content=\"WC Net Fosas S\u00e9pticas cuida tu instalaci\u00f3n. Tratamiento biol\u00f3gico mensual para prevenir olores, atascos y problemas en fosas s\u00e9pticas. Eficaz y ecol\u00f3gico.\" \/>\n<meta name=\"robots\" content=\"index, follow, max-snippet:-1, max-image-preview:large, max-video-preview:-1\" \/>\n<link rel=\"canonical\" href=\"https:\/\/fontfredapintures.com\/es\/producto\/fosas-septicas-wc-net-360gr\/\" \/>\n<meta property=\"og:locale\" content=\"es_ES\" \/>\n<meta property=\"og:type\" content=\"article\" \/>\n<meta property=\"og:title\" content=\"Fosas s\u00e9pticas WC Net 360gr - Fontfreda Pintures\" \/>\n<meta property=\"og:description\" content=\"WC Net Fosas S\u00e9pticas cuida tu instalaci\u00f3n. Tratamiento biol\u00f3gico mensual para prevenir olores, atascos y problemas en fosas s\u00e9pticas. Eficaz y ecol\u00f3gico.\" \/>\n<meta property=\"og:url\" content=\"https:\/\/fontfredapintures.com\/es\/producto\/fosas-septicas-wc-net-360gr\/\" \/>\n<meta property=\"og:site_name\" content=\"Fontfreda Pintures\" \/>\n<meta property=\"article:publisher\" content=\"https:\/\/www.facebook.com\/fontfredapintures\/\" \/>\n<meta property=\"article:modified_time\" content=\"2025-08-21T23:32:05+00:00\" \/>\n<meta property=\"og:image\" content=\"https:\/\/fontfredapintures.com\/wp-content\/uploads\/2025\/05\/03009000007000_3324.png\" \/>\n\t<meta property=\"og:image:width\" content=\"1000\" \/>\n\t<meta property=\"og:image:height\" content=\"1143\" \/>\n\t<meta property=\"og:image:type\" content=\"image\/png\" \/>\n<meta name=\"twitter:card\" content=\"summary_large_image\" \/>\n<meta name=\"twitter:label1\" content=\"Tiempo de lectura\" \/>\n\t<meta name=\"twitter:data1\" content=\"1 minuto\" \/>\n<script type=\"application\/ld+json\" class=\"yoast-schema-graph\">{\"@context\":\"https:\/\/schema.org\",\"@graph\":[{\"@type\":\"WebPage\",\"@id\":\"https:\/\/fontfredapintures.com\/es\/producto\/fosas-septicas-wc-net-360gr\/\",\"url\":\"https:\/\/fontfredapintures.com\/es\/producto\/fosas-septicas-wc-net-360gr\/\",\"name\":\"Fosas s\u00e9pticas WC Net 360gr - Fontfreda Pintures\",\"isPartOf\":{\"@id\":\"https:\/\/fontfredapintures.com\/es\/#website\"},\"primaryImageOfPage\":{\"@id\":\"https:\/\/fontfredapintures.com\/es\/producto\/fosas-septicas-wc-net-360gr\/#primaryimage\"},\"image\":{\"@id\":\"https:\/\/fontfredapintures.com\/es\/producto\/fosas-septicas-wc-net-360gr\/#primaryimage\"},\"thumbnailUrl\":\"https:\/\/fontfredapintures.com\/wp-content\/uploads\/2025\/05\/03009000007000_3324.png\",\"datePublished\":\"2025-05-27T16:01:33+00:00\",\"dateModified\":\"2025-08-21T23:32:05+00:00\",\"description\":\"WC Net Fosas S\u00e9pticas cuida tu instalaci\u00f3n. Tratamiento biol\u00f3gico mensual para prevenir olores, atascos y problemas en fosas s\u00e9pticas. Eficaz y ecol\u00f3gico.\",\"breadcrumb\":{\"@id\":\"https:\/\/fontfredapintures.com\/es\/producto\/fosas-septicas-wc-net-360gr\/#breadcrumb\"},\"inLanguage\":\"es\",\"potentialAction\":[{\"@type\":\"ReadAction\",\"target\":[\"https:\/\/fontfredapintures.com\/es\/producto\/fosas-septicas-wc-net-360gr\/\"]}]},{\"@type\":\"ImageObject\",\"inLanguage\":\"es\",\"@id\":\"https:\/\/fontfredapintures.com\/es\/producto\/fosas-septicas-wc-net-360gr\/#primaryimage\",\"url\":\"https:\/\/fontfredapintures.com\/wp-content\/uploads\/2025\/05\/03009000007000_3324.png\",\"contentUrl\":\"https:\/\/fontfredapintures.com\/wp-content\/uploads\/2025\/05\/03009000007000_3324.png\",\"width\":1000,\"height\":1143,\"caption\":\"Fosses s\u00e8ptiques WC Net 360gr\"},{\"@type\":\"BreadcrumbList\",\"@id\":\"https:\/\/fontfredapintures.com\/es\/producto\/fosas-septicas-wc-net-360gr\/#breadcrumb\",\"itemListElement\":[{\"@type\":\"ListItem\",\"position\":1,\"name\":\"Fontfreda\",\"item\":\"https:\/\/fontfredapintures.com\/es\/\"},{\"@type\":\"ListItem\",\"position\":2,\"name\":\"Tienda\",\"item\":\"https:\/\/fontfredapintures.com\/es\/tienda\/\"},{\"@type\":\"ListItem\",\"position\":3,\"name\":\"Fosas s\u00e9pticas WC Net 360gr\"}]},{\"@type\":\"WebSite\",\"@id\":\"https:\/\/fontfredapintures.com\/es\/#website\",\"url\":\"https:\/\/fontfredapintures.com\/es\/\",\"name\":\"Fontfreda Pintures\",\"description\":\"Tienda online de pintura, decoraci\u00f3n y bellas artes\",\"publisher\":{\"@id\":\"https:\/\/fontfredapintures.com\/es\/#organization\"},\"alternateName\":\"Pintures Fontfreda\",\"potentialAction\":[{\"@type\":\"SearchAction\",\"target\":{\"@type\":\"EntryPoint\",\"urlTemplate\":\"https:\/\/fontfredapintures.com\/es\/?s={search_term_string}\"},\"query-input\":{\"@type\":\"PropertyValueSpecification\",\"valueRequired\":true,\"valueName\":\"search_term_string\"}}],\"inLanguage\":\"es\"},{\"@type\":\"Organization\",\"@id\":\"https:\/\/fontfredapintures.com\/es\/#organization\",\"name\":\"Pintures Fontfreda\",\"alternateName\":\"Fontfreda Pintures\",\"url\":\"https:\/\/fontfredapintures.com\/es\/\",\"logo\":{\"@type\":\"ImageObject\",\"inLanguage\":\"es\",\"@id\":\"https:\/\/fontfredapintures.com\/es\/#\/schema\/logo\/image\/\",\"url\":\"https:\/\/fontfredapintures.com\/wp-content\/uploads\/2024\/04\/fontfreda-pintures-logo-yoast.jpg\",\"contentUrl\":\"https:\/\/fontfredapintures.com\/wp-content\/uploads\/2024\/04\/fontfreda-pintures-logo-yoast.jpg\",\"width\":900,\"height\":600,\"caption\":\"Pintures Fontfreda\"},\"image\":{\"@id\":\"https:\/\/fontfredapintures.com\/es\/#\/schema\/logo\/image\/\"},\"sameAs\":[\"https:\/\/www.facebook.com\/fontfredapintures\/\",\"https:\/\/www.instagram.com\/fontfredapintures\/\",\"https:\/\/www.linkedin.com\/company\/fontfredapintures\/\"]}]}<\/script>\n<!-- \/ Yoast SEO plugin. -->","yoast_head_json":{"title":"Fosas s\u00e9pticas WC Net 360gr - Fontfreda Pintures","description":"WC Net Fosas S\u00e9pticas cuida tu instalaci\u00f3n. Tratamiento biol\u00f3gico mensual para prevenir olores, atascos y problemas en fosas s\u00e9pticas. Eficaz y ecol\u00f3gico.","robots":{"index":"index","follow":"follow","max-snippet":"max-snippet:-1","max-image-preview":"max-image-preview:large","max-video-preview":"max-video-preview:-1"},"canonical":"https:\/\/fontfredapintures.com\/es\/producto\/fosas-septicas-wc-net-360gr\/","og_locale":"es_ES","og_type":"article","og_title":"Fosas s\u00e9pticas WC Net 360gr - Fontfreda Pintures","og_description":"WC Net Fosas S\u00e9pticas cuida tu instalaci\u00f3n. Tratamiento biol\u00f3gico mensual para prevenir olores, atascos y problemas en fosas s\u00e9pticas. Eficaz y ecol\u00f3gico.","og_url":"https:\/\/fontfredapintures.com\/es\/producto\/fosas-septicas-wc-net-360gr\/","og_site_name":"Fontfreda Pintures","article_publisher":"https:\/\/www.facebook.com\/fontfredapintures\/","article_modified_time":"2025-08-21T23:32:05+00:00","og_image":[{"width":1000,"height":1143,"url":"https:\/\/fontfredapintures.com\/wp-content\/uploads\/2025\/05\/03009000007000_3324.png","type":"image\/png"}],"twitter_card":"summary_large_image","twitter_misc":{"Tiempo de lectura":"1 minuto"},"schema":{"@context":"https:\/\/schema.org","@graph":[{"@type":"WebPage","@id":"https:\/\/fontfredapintures.com\/es\/producto\/fosas-septicas-wc-net-360gr\/","url":"https:\/\/fontfredapintures.com\/es\/producto\/fosas-septicas-wc-net-360gr\/","name":"Fosas s\u00e9pticas WC Net 360gr - Fontfreda Pintures","isPartOf":{"@id":"https:\/\/fontfredapintures.com\/es\/#website"},"primaryImageOfPage":{"@id":"https:\/\/fontfredapintures.com\/es\/producto\/fosas-septicas-wc-net-360gr\/#primaryimage"},"image":{"@id":"https:\/\/fontfredapintures.com\/es\/producto\/fosas-septicas-wc-net-360gr\/#primaryimage"},"thumbnailUrl":"https:\/\/fontfredapintures.com\/wp-content\/uploads\/2025\/05\/03009000007000_3324.png","datePublished":"2025-05-27T16:01:33+00:00","dateModified":"2025-08-21T23:32:05+00:00","description":"WC Net Fosas S\u00e9pticas cuida tu instalaci\u00f3n. Tratamiento biol\u00f3gico mensual para prevenir olores, atascos y problemas en fosas s\u00e9pticas. Eficaz y ecol\u00f3gico.","breadcrumb":{"@id":"https:\/\/fontfredapintures.com\/es\/producto\/fosas-septicas-wc-net-360gr\/#breadcrumb"},"inLanguage":"es","potentialAction":[{"@type":"ReadAction","target":["https:\/\/fontfredapintures.com\/es\/producto\/fosas-septicas-wc-net-360gr\/"]}]},{"@type":"ImageObject","inLanguage":"es","@id":"https:\/\/fontfredapintures.com\/es\/producto\/fosas-septicas-wc-net-360gr\/#primaryimage","url":"https:\/\/fontfredapintures.com\/wp-content\/uploads\/2025\/05\/03009000007000_3324.png","contentUrl":"https:\/\/fontfredapintures.com\/wp-content\/uploads\/2025\/05\/03009000007000_3324.png","width":1000,"height":1143,"caption":"Fosses s\u00e8ptiques WC Net 360gr"},{"@type":"BreadcrumbList","@id":"https:\/\/fontfredapintures.com\/es\/producto\/fosas-septicas-wc-net-360gr\/#breadcrumb","itemListElement":[{"@type":"ListItem","position":1,"name":"Fontfreda","item":"https:\/\/fontfredapintures.com\/es\/"},{"@type":"ListItem","position":2,"name":"Tienda","item":"https:\/\/fontfredapintures.com\/es\/tienda\/"},{"@type":"ListItem","position":3,"name":"Fosas s\u00e9pticas WC Net 360gr"}]},{"@type":"WebSite","@id":"https:\/\/fontfredapintures.com\/es\/#website","url":"https:\/\/fontfredapintures.com\/es\/","name":"Fontfreda Pintures","description":"Tienda online de pintura, decoraci\u00f3n y bellas artes","publisher":{"@id":"https:\/\/fontfredapintures.com\/es\/#organization"},"alternateName":"Pintures Fontfreda","potentialAction":[{"@type":"SearchAction","target":{"@type":"EntryPoint","urlTemplate":"https:\/\/fontfredapintures.com\/es\/?s={search_term_string}"},"query-input":{"@type":"PropertyValueSpecification","valueRequired":true,"valueName":"search_term_string"}}],"inLanguage":"es"},{"@type":"Organization","@id":"https:\/\/fontfredapintures.com\/es\/#organization","name":"Pintures Fontfreda","alternateName":"Fontfreda Pintures","url":"https:\/\/fontfredapintures.com\/es\/","logo":{"@type":"ImageObject","inLanguage":"es","@id":"https:\/\/fontfredapintures.com\/es\/#\/schema\/logo\/image\/","url":"https:\/\/fontfredapintures.com\/wp-content\/uploads\/2024\/04\/fontfreda-pintures-logo-yoast.jpg","contentUrl":"https:\/\/fontfredapintures.com\/wp-content\/uploads\/2024\/04\/fontfreda-pintures-logo-yoast.jpg","width":900,"height":600,"caption":"Pintures Fontfreda"},"image":{"@id":"https:\/\/fontfredapintures.com\/es\/#\/schema\/logo\/image\/"},"sameAs":["https:\/\/www.facebook.com\/fontfredapintures\/","https:\/\/www.instagram.com\/fontfredapintures\/","https:\/\/www.linkedin.com\/company\/fontfredapintures\/"]}]}},"_links":{"self":[{"href":"https:\/\/fontfredapintures.com\/es\/wp-json\/wp\/v2\/product\/60366","targetHints":{"allow":["GET"]}}],"collection":[{"href":"https:\/\/fontfredapintures.com\/es\/wp-json\/wp\/v2\/product"}],"about":[{"href":"https:\/\/fontfredapintures.com\/es\/wp-json\/wp\/v2\/types\/product"}],"replies":[{"embeddable":true,"href":"https:\/\/fontfredapintures.com\/es\/wp-json\/wp\/v2\/comments?post=60366"}],"version-history":[{"count":1,"href":"https:\/\/fontfredapintures.com\/es\/wp-json\/wp\/v2\/product\/60366\/revisions"}],"predecessor-version":[{"id":60393,"href":"https:\/\/fontfredapintures.com\/es\/wp-json\/wp\/v2\/product\/60366\/revisions\/60393"}],"wp:featuredmedia":[{"embeddable":true,"href":"https:\/\/fontfredapintures.com\/es\/wp-json\/wp\/v2\/media\/60364"}],"wp:attachment":[{"href":"https:\/\/fontfredapintures.com\/es\/wp-json\/wp\/v2\/media?parent=60366"}],"wp:term":[{"taxonomy":"product_brand","embeddable":true,"href":"https:\/\/fontfredapintures.com\/es\/wp-json\/wp\/v2\/product_brand?post=60366"},{"taxonomy":"product_cat","embeddable":true,"href":"https:\/\/fontfredapintures.com\/es\/wp-json\/wp\/v2\/product_cat?post=60366"},{"taxonomy":"product_tag","embeddable":true,"href":"https:\/\/fontfredapintures.com\/es\/wp-json\/wp\/v2\/product_tag?post=60366"}],"curies":[{"name":"wp","href":"https:\/\/api.w.org\/{rel}","templated":true}]}}