{"id":60200,"date":"2025-05-22T17:01:57","date_gmt":"2025-05-22T15:01:57","guid":{"rendered":"https:\/\/fontfredapintures.com\/producte\/desengrasante-en-spray-multiusos-nuncas-750ml\/"},"modified":"2025-05-23T01:32:37","modified_gmt":"2025-05-22T23:32:37","slug":"desengrasante-en-spray-multiusos-nuncas-750ml","status":"publish","type":"product","link":"https:\/\/fontfredapintures.com\/es\/producto\/desengrasante-en-spray-multiusos-nuncas-750ml\/","title":{"rendered":"Desengrasante en spray multiusos Nuncas 750ml"},"content":{"rendered":"<p>Este limpiador multiusos y multisuperficie es la soluci\u00f3n perfecta para una limpieza profunda en todo tipo de entornos, desde hogares hasta espacios profesionales e industriales. Su f\u00f3rmula de alto rendimiento elimina eficazmente suciedad, grasa y manchas, dejando las superficies limpias, suaves y con un agradable aroma a lim\u00f3n.<\/p>\n<p>Compatible con una amplia variedad de materiales como cer\u00e1mica, Corian, Cristalplant, laminados, m\u00e1rmol, metal esmaltado y pl\u00e1stico, ofrece una limpieza segura y eficaz sin da\u00f1ar las superficies. Ideal para oficinas, comercios, cocinas profesionales, instalaciones sanitarias y entornos industriales que requieren m\u00e1xima higiene.<\/p>\n<p>Gracias a su f\u00e1cil aplicaci\u00f3n y resultados r\u00e1pidos, es el aliado perfecto para limpiezas finales antes de una inspecci\u00f3n, apertura o servicio, asegurando siempre una imagen pulida y profesional.<\/p>\n","protected":false},"excerpt":{"rendered":"<p>Nuncas Casa 9 Desegransante Multiusos es un limpiador en spray apto para cualquier tipo de superficie, para eliminar r\u00e1pidamente la suciedad diaria. Actuar r\u00e1pidamente, sin necesidad de aclarar, escurriendo las hojas, el polvo, las yemas de los dedos; Puedes utilizarlo tanto en la cocina como en el ba\u00f1o, dormitorio o sal\u00f3n.<\/p>\n<p>750ml<\/p>\n","protected":false},"featured_media":60198,"comment_status":"open","ping_status":"closed","template":"","meta":[],"product_brand":[],"product_cat":[1939,1943,958,963,1371,1351],"product_tag":[],"class_list":{"0":"post-60200","1":"product","2":"type-product","3":"status-publish","4":"has-post-thumbnail","6":"product_cat-limpieza-industrial","7":"product_cat-suelos-y-superficies","8":"product_cat-drogueria-es","9":"product_cat-productos-limpieza-del-hogar","10":"product_cat-multiusos-es","11":"product_cat-suelos","12":"pa_brand-nuncas-es","14":"first","15":"instock","16":"taxable","17":"shipping-taxable","18":"purchasable","19":"product-type-simple"},"group_of_quantity":0,"min_quantity":0,"max_quantity":"","exclude_order_quantity_value_rules":"no","exclude_category_quantity_rules":"no","combine_variations":"no","yoast_head":"<!-- This site is optimized with the Yoast SEO plugin v25.7 - https:\/\/yoast.com\/wordpress\/plugins\/seo\/ -->\n<title>Desengrasante en spray multiusos Nuncas 750ml - Fontfreda Pintures<\/title>\n<meta name=\"description\" content=\"Desengrasante multiusos en spray Casa 9 Nuncas 750ml. Acaba con la grasa incrustada. \u00a1C\u00f3mpralo online y limpia sin esfuerzo!\" \/>\n<meta name=\"robots\" content=\"index, follow, max-snippet:-1, max-image-preview:large, max-video-preview:-1\" \/>\n<link rel=\"canonical\" href=\"https:\/\/fontfredapintures.com\/es\/producto\/desengrasante-en-spray-multiusos-nuncas-750ml\/\" \/>\n<meta property=\"og:locale\" content=\"es_ES\" \/>\n<meta property=\"og:type\" content=\"article\" \/>\n<meta property=\"og:title\" content=\"Desengrasante en spray multiusos Nuncas 750ml - Fontfreda Pintures\" \/>\n<meta property=\"og:description\" content=\"Desengrasante multiusos en spray Casa 9 Nuncas 750ml. Acaba con la grasa incrustada. \u00a1C\u00f3mpralo online y limpia sin esfuerzo!\" \/>\n<meta property=\"og:url\" content=\"https:\/\/fontfredapintures.com\/es\/producto\/desengrasante-en-spray-multiusos-nuncas-750ml\/\" \/>\n<meta property=\"og:site_name\" content=\"Fontfreda Pintures\" \/>\n<meta property=\"article:publisher\" content=\"https:\/\/www.facebook.com\/fontfredapintures\/\" \/>\n<meta property=\"article:modified_time\" content=\"2025-05-22T23:32:37+00:00\" \/>\n<meta property=\"og:image\" content=\"https:\/\/fontfredapintures.com\/wp-content\/uploads\/2025\/05\/36800700165000_3308.png\" \/>\n\t<meta property=\"og:image:width\" content=\"1000\" \/>\n\t<meta property=\"og:image:height\" content=\"1143\" \/>\n\t<meta property=\"og:image:type\" content=\"image\/png\" \/>\n<meta name=\"twitter:card\" content=\"summary_large_image\" \/>\n<meta name=\"twitter:label1\" content=\"Tiempo de lectura\" \/>\n\t<meta name=\"twitter:data1\" content=\"1 minuto\" \/>\n<script type=\"application\/ld+json\" class=\"yoast-schema-graph\">{\"@context\":\"https:\/\/schema.org\",\"@graph\":[{\"@type\":\"WebPage\",\"@id\":\"https:\/\/fontfredapintures.com\/es\/producto\/desengrasante-en-spray-multiusos-nuncas-750ml\/\",\"url\":\"https:\/\/fontfredapintures.com\/es\/producto\/desengrasante-en-spray-multiusos-nuncas-750ml\/\",\"name\":\"Desengrasante en spray multiusos Nuncas 750ml - Fontfreda Pintures\",\"isPartOf\":{\"@id\":\"https:\/\/fontfredapintures.com\/es\/#website\"},\"primaryImageOfPage\":{\"@id\":\"https:\/\/fontfredapintures.com\/es\/producto\/desengrasante-en-spray-multiusos-nuncas-750ml\/#primaryimage\"},\"image\":{\"@id\":\"https:\/\/fontfredapintures.com\/es\/producto\/desengrasante-en-spray-multiusos-nuncas-750ml\/#primaryimage\"},\"thumbnailUrl\":\"https:\/\/fontfredapintures.com\/wp-content\/uploads\/2025\/05\/36800700165000_3308.png\",\"datePublished\":\"2025-05-22T15:01:57+00:00\",\"dateModified\":\"2025-05-22T23:32:37+00:00\",\"description\":\"Desengrasante multiusos en spray Casa 9 Nuncas 750ml. Acaba con la grasa incrustada. \u00a1C\u00f3mpralo online y limpia sin esfuerzo!\",\"breadcrumb\":{\"@id\":\"https:\/\/fontfredapintures.com\/es\/producto\/desengrasante-en-spray-multiusos-nuncas-750ml\/#breadcrumb\"},\"inLanguage\":\"es\",\"potentialAction\":[{\"@type\":\"ReadAction\",\"target\":[\"https:\/\/fontfredapintures.com\/es\/producto\/desengrasante-en-spray-multiusos-nuncas-750ml\/\"]}]},{\"@type\":\"ImageObject\",\"inLanguage\":\"es\",\"@id\":\"https:\/\/fontfredapintures.com\/es\/producto\/desengrasante-en-spray-multiusos-nuncas-750ml\/#primaryimage\",\"url\":\"https:\/\/fontfredapintures.com\/wp-content\/uploads\/2025\/05\/36800700165000_3308.png\",\"contentUrl\":\"https:\/\/fontfredapintures.com\/wp-content\/uploads\/2025\/05\/36800700165000_3308.png\",\"width\":1000,\"height\":1143,\"caption\":\"Desengreixant en esprai multiusos Casa 9 Nuncas 750ml\"},{\"@type\":\"BreadcrumbList\",\"@id\":\"https:\/\/fontfredapintures.com\/es\/producto\/desengrasante-en-spray-multiusos-nuncas-750ml\/#breadcrumb\",\"itemListElement\":[{\"@type\":\"ListItem\",\"position\":1,\"name\":\"Fontfreda\",\"item\":\"https:\/\/fontfredapintures.com\/es\/\"},{\"@type\":\"ListItem\",\"position\":2,\"name\":\"Tienda\",\"item\":\"https:\/\/fontfredapintures.com\/es\/tienda\/\"},{\"@type\":\"ListItem\",\"position\":3,\"name\":\"Desengrasante en spray multiusos Nuncas 750ml\"}]},{\"@type\":\"WebSite\",\"@id\":\"https:\/\/fontfredapintures.com\/es\/#website\",\"url\":\"https:\/\/fontfredapintures.com\/es\/\",\"name\":\"Fontfreda Pintures\",\"description\":\"Tienda online de pintura, decoraci\u00f3n y bellas artes\",\"publisher\":{\"@id\":\"https:\/\/fontfredapintures.com\/es\/#organization\"},\"alternateName\":\"Pintures Fontfreda\",\"potentialAction\":[{\"@type\":\"SearchAction\",\"target\":{\"@type\":\"EntryPoint\",\"urlTemplate\":\"https:\/\/fontfredapintures.com\/es\/?s={search_term_string}\"},\"query-input\":{\"@type\":\"PropertyValueSpecification\",\"valueRequired\":true,\"valueName\":\"search_term_string\"}}],\"inLanguage\":\"es\"},{\"@type\":\"Organization\",\"@id\":\"https:\/\/fontfredapintures.com\/es\/#organization\",\"name\":\"Pintures Fontfreda\",\"alternateName\":\"Fontfreda Pintures\",\"url\":\"https:\/\/fontfredapintures.com\/es\/\",\"logo\":{\"@type\":\"ImageObject\",\"inLanguage\":\"es\",\"@id\":\"https:\/\/fontfredapintures.com\/es\/#\/schema\/logo\/image\/\",\"url\":\"https:\/\/fontfredapintures.com\/wp-content\/uploads\/2024\/04\/fontfreda-pintures-logo-yoast.jpg\",\"contentUrl\":\"https:\/\/fontfredapintures.com\/wp-content\/uploads\/2024\/04\/fontfreda-pintures-logo-yoast.jpg\",\"width\":900,\"height\":600,\"caption\":\"Pintures Fontfreda\"},\"image\":{\"@id\":\"https:\/\/fontfredapintures.com\/es\/#\/schema\/logo\/image\/\"},\"sameAs\":[\"https:\/\/www.facebook.com\/fontfredapintures\/\",\"https:\/\/www.instagram.com\/fontfredapintures\/\",\"https:\/\/www.linkedin.com\/company\/fontfredapintures\/\"]}]}<\/script>\n<!-- \/ Yoast SEO plugin. -->","yoast_head_json":{"title":"Desengrasante en spray multiusos Nuncas 750ml - Fontfreda Pintures","description":"Desengrasante multiusos en spray Casa 9 Nuncas 750ml. Acaba con la grasa incrustada. \u00a1C\u00f3mpralo online y limpia sin esfuerzo!","robots":{"index":"index","follow":"follow","max-snippet":"max-snippet:-1","max-image-preview":"max-image-preview:large","max-video-preview":"max-video-preview:-1"},"canonical":"https:\/\/fontfredapintures.com\/es\/producto\/desengrasante-en-spray-multiusos-nuncas-750ml\/","og_locale":"es_ES","og_type":"article","og_title":"Desengrasante en spray multiusos Nuncas 750ml - Fontfreda Pintures","og_description":"Desengrasante multiusos en spray Casa 9 Nuncas 750ml. Acaba con la grasa incrustada. \u00a1C\u00f3mpralo online y limpia sin esfuerzo!","og_url":"https:\/\/fontfredapintures.com\/es\/producto\/desengrasante-en-spray-multiusos-nuncas-750ml\/","og_site_name":"Fontfreda Pintures","article_publisher":"https:\/\/www.facebook.com\/fontfredapintures\/","article_modified_time":"2025-05-22T23:32:37+00:00","og_image":[{"width":1000,"height":1143,"url":"https:\/\/fontfredapintures.com\/wp-content\/uploads\/2025\/05\/36800700165000_3308.png","type":"image\/png"}],"twitter_card":"summary_large_image","twitter_misc":{"Tiempo de lectura":"1 minuto"},"schema":{"@context":"https:\/\/schema.org","@graph":[{"@type":"WebPage","@id":"https:\/\/fontfredapintures.com\/es\/producto\/desengrasante-en-spray-multiusos-nuncas-750ml\/","url":"https:\/\/fontfredapintures.com\/es\/producto\/desengrasante-en-spray-multiusos-nuncas-750ml\/","name":"Desengrasante en spray multiusos Nuncas 750ml - Fontfreda Pintures","isPartOf":{"@id":"https:\/\/fontfredapintures.com\/es\/#website"},"primaryImageOfPage":{"@id":"https:\/\/fontfredapintures.com\/es\/producto\/desengrasante-en-spray-multiusos-nuncas-750ml\/#primaryimage"},"image":{"@id":"https:\/\/fontfredapintures.com\/es\/producto\/desengrasante-en-spray-multiusos-nuncas-750ml\/#primaryimage"},"thumbnailUrl":"https:\/\/fontfredapintures.com\/wp-content\/uploads\/2025\/05\/36800700165000_3308.png","datePublished":"2025-05-22T15:01:57+00:00","dateModified":"2025-05-22T23:32:37+00:00","description":"Desengrasante multiusos en spray Casa 9 Nuncas 750ml. Acaba con la grasa incrustada. \u00a1C\u00f3mpralo online y limpia sin esfuerzo!","breadcrumb":{"@id":"https:\/\/fontfredapintures.com\/es\/producto\/desengrasante-en-spray-multiusos-nuncas-750ml\/#breadcrumb"},"inLanguage":"es","potentialAction":[{"@type":"ReadAction","target":["https:\/\/fontfredapintures.com\/es\/producto\/desengrasante-en-spray-multiusos-nuncas-750ml\/"]}]},{"@type":"ImageObject","inLanguage":"es","@id":"https:\/\/fontfredapintures.com\/es\/producto\/desengrasante-en-spray-multiusos-nuncas-750ml\/#primaryimage","url":"https:\/\/fontfredapintures.com\/wp-content\/uploads\/2025\/05\/36800700165000_3308.png","contentUrl":"https:\/\/fontfredapintures.com\/wp-content\/uploads\/2025\/05\/36800700165000_3308.png","width":1000,"height":1143,"caption":"Desengreixant en esprai multiusos Casa 9 Nuncas 750ml"},{"@type":"BreadcrumbList","@id":"https:\/\/fontfredapintures.com\/es\/producto\/desengrasante-en-spray-multiusos-nuncas-750ml\/#breadcrumb","itemListElement":[{"@type":"ListItem","position":1,"name":"Fontfreda","item":"https:\/\/fontfredapintures.com\/es\/"},{"@type":"ListItem","position":2,"name":"Tienda","item":"https:\/\/fontfredapintures.com\/es\/tienda\/"},{"@type":"ListItem","position":3,"name":"Desengrasante en spray multiusos Nuncas 750ml"}]},{"@type":"WebSite","@id":"https:\/\/fontfredapintures.com\/es\/#website","url":"https:\/\/fontfredapintures.com\/es\/","name":"Fontfreda Pintures","description":"Tienda online de pintura, decoraci\u00f3n y bellas artes","publisher":{"@id":"https:\/\/fontfredapintures.com\/es\/#organization"},"alternateName":"Pintures Fontfreda","potentialAction":[{"@type":"SearchAction","target":{"@type":"EntryPoint","urlTemplate":"https:\/\/fontfredapintures.com\/es\/?s={search_term_string}"},"query-input":{"@type":"PropertyValueSpecification","valueRequired":true,"valueName":"search_term_string"}}],"inLanguage":"es"},{"@type":"Organization","@id":"https:\/\/fontfredapintures.com\/es\/#organization","name":"Pintures Fontfreda","alternateName":"Fontfreda Pintures","url":"https:\/\/fontfredapintures.com\/es\/","logo":{"@type":"ImageObject","inLanguage":"es","@id":"https:\/\/fontfredapintures.com\/es\/#\/schema\/logo\/image\/","url":"https:\/\/fontfredapintures.com\/wp-content\/uploads\/2024\/04\/fontfreda-pintures-logo-yoast.jpg","contentUrl":"https:\/\/fontfredapintures.com\/wp-content\/uploads\/2024\/04\/fontfreda-pintures-logo-yoast.jpg","width":900,"height":600,"caption":"Pintures Fontfreda"},"image":{"@id":"https:\/\/fontfredapintures.com\/es\/#\/schema\/logo\/image\/"},"sameAs":["https:\/\/www.facebook.com\/fontfredapintures\/","https:\/\/www.instagram.com\/fontfredapintures\/","https:\/\/www.linkedin.com\/company\/fontfredapintures\/"]}]}},"_links":{"self":[{"href":"https:\/\/fontfredapintures.com\/es\/wp-json\/wp\/v2\/product\/60200","targetHints":{"allow":["GET"]}}],"collection":[{"href":"https:\/\/fontfredapintures.com\/es\/wp-json\/wp\/v2\/product"}],"about":[{"href":"https:\/\/fontfredapintures.com\/es\/wp-json\/wp\/v2\/types\/product"}],"replies":[{"embeddable":true,"href":"https:\/\/fontfredapintures.com\/es\/wp-json\/wp\/v2\/comments?post=60200"}],"version-history":[{"count":1,"href":"https:\/\/fontfredapintures.com\/es\/wp-json\/wp\/v2\/product\/60200\/revisions"}],"predecessor-version":[{"id":60211,"href":"https:\/\/fontfredapintures.com\/es\/wp-json\/wp\/v2\/product\/60200\/revisions\/60211"}],"wp:featuredmedia":[{"embeddable":true,"href":"https:\/\/fontfredapintures.com\/es\/wp-json\/wp\/v2\/media\/60198"}],"wp:attachment":[{"href":"https:\/\/fontfredapintures.com\/es\/wp-json\/wp\/v2\/media?parent=60200"}],"wp:term":[{"taxonomy":"product_brand","embeddable":true,"href":"https:\/\/fontfredapintures.com\/es\/wp-json\/wp\/v2\/product_brand?post=60200"},{"taxonomy":"product_cat","embeddable":true,"href":"https:\/\/fontfredapintures.com\/es\/wp-json\/wp\/v2\/product_cat?post=60200"},{"taxonomy":"product_tag","embeddable":true,"href":"https:\/\/fontfredapintures.com\/es\/wp-json\/wp\/v2\/product_tag?post=60200"}],"curies":[{"name":"wp","href":"https:\/\/api.w.org\/{rel}","templated":true}]}}