{"id":60157,"date":"2025-05-22T16:01:32","date_gmt":"2025-05-22T14:01:32","guid":{"rendered":"https:\/\/fontfredapintures.com\/producte\/quitamanchas-de-oxido-ferven-40ml\/"},"modified":"2025-05-23T01:31:35","modified_gmt":"2025-05-22T23:31:35","slug":"quitamanchas-de-oxido-ferven-40ml","status":"publish","type":"product","link":"https:\/\/fontfredapintures.com\/es\/producto\/quitamanchas-de-oxido-ferven-40ml\/","title":{"rendered":"Quitamanchas de \u00f3xido Ferven 40ml"},"content":{"rendered":"<p>El quitamanchas de \u00f3xido Ferven 40ml est\u00e1 formulado para eliminar manchas de \u00f3xido de forma eficaz sin da\u00f1ar las superficies. Es apto para cer\u00e1mica, azulejos, piedra natural y metales resistentes. Ideal tanto para uso dom\u00e9stico como profesional, en limpieza de mantenimiento, restauraci\u00f3n o construcci\u00f3n. Su formato compacto lo hace perfecto para trabajos puntuales y de precisi\u00f3n.<\/p>\n","protected":false},"excerpt":{"rendered":"<p>Quitamanchas de \u00f3xido Ferven 40ml. Limpieza r\u00e1pida y eficaz en metales, cer\u00e1mica y piedra natural.<\/p>\n","protected":false},"featured_media":60155,"comment_status":"open","ping_status":"closed","template":"","meta":[],"product_brand":[],"product_cat":[1939,1943,958,963,1371],"product_tag":[],"class_list":{"0":"post-60157","1":"product","2":"type-product","3":"status-publish","4":"has-post-thumbnail","6":"product_cat-limpieza-industrial","7":"product_cat-suelos-y-superficies","8":"product_cat-drogueria-es","9":"product_cat-productos-limpieza-del-hogar","10":"product_cat-multiusos-es","11":"pa_brand-unidroco-es","13":"first","14":"instock","15":"taxable","16":"shipping-taxable","17":"purchasable","18":"product-type-simple"},"group_of_quantity":0,"min_quantity":0,"max_quantity":"","exclude_order_quantity_value_rules":"no","exclude_category_quantity_rules":"no","combine_variations":"no","yoast_head":"<!-- This site is optimized with the Yoast SEO plugin v25.7 - https:\/\/yoast.com\/wordpress\/plugins\/seo\/ -->\n<title>Quitamanchas de \u00f3xido Ferven 40ml - Fontfreda Pintures<\/title>\n<meta name=\"description\" content=\"Quitamanchas de \u00f3xido Ferven 40 ml, eficaz para metal, piedra y azulejos. \u00a1C\u00f3mpralo online f\u00e1cilmente y recupera el aspecto original!\" \/>\n<meta name=\"robots\" content=\"index, follow, max-snippet:-1, max-image-preview:large, max-video-preview:-1\" \/>\n<link rel=\"canonical\" href=\"https:\/\/fontfredapintures.com\/es\/producto\/quitamanchas-de-oxido-ferven-40ml\/\" \/>\n<meta property=\"og:locale\" content=\"es_ES\" \/>\n<meta property=\"og:type\" content=\"article\" \/>\n<meta property=\"og:title\" content=\"Quitamanchas de \u00f3xido Ferven 40ml - Fontfreda Pintures\" \/>\n<meta property=\"og:description\" content=\"Quitamanchas de \u00f3xido Ferven 40 ml, eficaz para metal, piedra y azulejos. \u00a1C\u00f3mpralo online f\u00e1cilmente y recupera el aspecto original!\" \/>\n<meta property=\"og:url\" content=\"https:\/\/fontfredapintures.com\/es\/producto\/quitamanchas-de-oxido-ferven-40ml\/\" \/>\n<meta property=\"og:site_name\" content=\"Fontfreda Pintures\" \/>\n<meta property=\"article:publisher\" content=\"https:\/\/www.facebook.com\/fontfredapintures\/\" \/>\n<meta property=\"article:modified_time\" content=\"2025-05-22T23:31:35+00:00\" \/>\n<meta property=\"og:image\" content=\"https:\/\/fontfredapintures.com\/wp-content\/uploads\/2025\/05\/03005200002001_3307.png\" \/>\n\t<meta property=\"og:image:width\" content=\"1000\" \/>\n\t<meta property=\"og:image:height\" content=\"1143\" \/>\n\t<meta property=\"og:image:type\" content=\"image\/png\" \/>\n<meta name=\"twitter:card\" content=\"summary_large_image\" \/>\n<meta name=\"twitter:label1\" content=\"Tiempo de lectura\" \/>\n\t<meta name=\"twitter:data1\" content=\"1 minuto\" \/>\n<script type=\"application\/ld+json\" class=\"yoast-schema-graph\">{\"@context\":\"https:\/\/schema.org\",\"@graph\":[{\"@type\":\"WebPage\",\"@id\":\"https:\/\/fontfredapintures.com\/es\/producto\/quitamanchas-de-oxido-ferven-40ml\/\",\"url\":\"https:\/\/fontfredapintures.com\/es\/producto\/quitamanchas-de-oxido-ferven-40ml\/\",\"name\":\"Quitamanchas de \u00f3xido Ferven 40ml - Fontfreda Pintures\",\"isPartOf\":{\"@id\":\"https:\/\/fontfredapintures.com\/es\/#website\"},\"primaryImageOfPage\":{\"@id\":\"https:\/\/fontfredapintures.com\/es\/producto\/quitamanchas-de-oxido-ferven-40ml\/#primaryimage\"},\"image\":{\"@id\":\"https:\/\/fontfredapintures.com\/es\/producto\/quitamanchas-de-oxido-ferven-40ml\/#primaryimage\"},\"thumbnailUrl\":\"https:\/\/fontfredapintures.com\/wp-content\/uploads\/2025\/05\/03005200002001_3307.png\",\"datePublished\":\"2025-05-22T14:01:32+00:00\",\"dateModified\":\"2025-05-22T23:31:35+00:00\",\"description\":\"Quitamanchas de \u00f3xido Ferven 40 ml, eficaz para metal, piedra y azulejos. \u00a1C\u00f3mpralo online f\u00e1cilmente y recupera el aspecto original!\",\"breadcrumb\":{\"@id\":\"https:\/\/fontfredapintures.com\/es\/producto\/quitamanchas-de-oxido-ferven-40ml\/#breadcrumb\"},\"inLanguage\":\"es\",\"potentialAction\":[{\"@type\":\"ReadAction\",\"target\":[\"https:\/\/fontfredapintures.com\/es\/producto\/quitamanchas-de-oxido-ferven-40ml\/\"]}]},{\"@type\":\"ImageObject\",\"inLanguage\":\"es\",\"@id\":\"https:\/\/fontfredapintures.com\/es\/producto\/quitamanchas-de-oxido-ferven-40ml\/#primaryimage\",\"url\":\"https:\/\/fontfredapintures.com\/wp-content\/uploads\/2025\/05\/03005200002001_3307.png\",\"contentUrl\":\"https:\/\/fontfredapintures.com\/wp-content\/uploads\/2025\/05\/03005200002001_3307.png\",\"width\":1000,\"height\":1143,\"caption\":\"Llevataques d'\u00f2xid Ferven 40ml\"},{\"@type\":\"BreadcrumbList\",\"@id\":\"https:\/\/fontfredapintures.com\/es\/producto\/quitamanchas-de-oxido-ferven-40ml\/#breadcrumb\",\"itemListElement\":[{\"@type\":\"ListItem\",\"position\":1,\"name\":\"Fontfreda\",\"item\":\"https:\/\/fontfredapintures.com\/es\/\"},{\"@type\":\"ListItem\",\"position\":2,\"name\":\"Tienda\",\"item\":\"https:\/\/fontfredapintures.com\/es\/tienda\/\"},{\"@type\":\"ListItem\",\"position\":3,\"name\":\"Quitamanchas de \u00f3xido Ferven 40ml\"}]},{\"@type\":\"WebSite\",\"@id\":\"https:\/\/fontfredapintures.com\/es\/#website\",\"url\":\"https:\/\/fontfredapintures.com\/es\/\",\"name\":\"Fontfreda Pintures\",\"description\":\"Tienda online de pintura, decoraci\u00f3n y bellas artes\",\"publisher\":{\"@id\":\"https:\/\/fontfredapintures.com\/es\/#organization\"},\"alternateName\":\"Pintures Fontfreda\",\"potentialAction\":[{\"@type\":\"SearchAction\",\"target\":{\"@type\":\"EntryPoint\",\"urlTemplate\":\"https:\/\/fontfredapintures.com\/es\/?s={search_term_string}\"},\"query-input\":{\"@type\":\"PropertyValueSpecification\",\"valueRequired\":true,\"valueName\":\"search_term_string\"}}],\"inLanguage\":\"es\"},{\"@type\":\"Organization\",\"@id\":\"https:\/\/fontfredapintures.com\/es\/#organization\",\"name\":\"Pintures Fontfreda\",\"alternateName\":\"Fontfreda Pintures\",\"url\":\"https:\/\/fontfredapintures.com\/es\/\",\"logo\":{\"@type\":\"ImageObject\",\"inLanguage\":\"es\",\"@id\":\"https:\/\/fontfredapintures.com\/es\/#\/schema\/logo\/image\/\",\"url\":\"https:\/\/fontfredapintures.com\/wp-content\/uploads\/2024\/04\/fontfreda-pintures-logo-yoast.jpg\",\"contentUrl\":\"https:\/\/fontfredapintures.com\/wp-content\/uploads\/2024\/04\/fontfreda-pintures-logo-yoast.jpg\",\"width\":900,\"height\":600,\"caption\":\"Pintures Fontfreda\"},\"image\":{\"@id\":\"https:\/\/fontfredapintures.com\/es\/#\/schema\/logo\/image\/\"},\"sameAs\":[\"https:\/\/www.facebook.com\/fontfredapintures\/\",\"https:\/\/www.instagram.com\/fontfredapintures\/\",\"https:\/\/www.linkedin.com\/company\/fontfredapintures\/\"]}]}<\/script>\n<!-- \/ Yoast SEO plugin. -->","yoast_head_json":{"title":"Quitamanchas de \u00f3xido Ferven 40ml - Fontfreda Pintures","description":"Quitamanchas de \u00f3xido Ferven 40 ml, eficaz para metal, piedra y azulejos. \u00a1C\u00f3mpralo online f\u00e1cilmente y recupera el aspecto original!","robots":{"index":"index","follow":"follow","max-snippet":"max-snippet:-1","max-image-preview":"max-image-preview:large","max-video-preview":"max-video-preview:-1"},"canonical":"https:\/\/fontfredapintures.com\/es\/producto\/quitamanchas-de-oxido-ferven-40ml\/","og_locale":"es_ES","og_type":"article","og_title":"Quitamanchas de \u00f3xido Ferven 40ml - Fontfreda Pintures","og_description":"Quitamanchas de \u00f3xido Ferven 40 ml, eficaz para metal, piedra y azulejos. \u00a1C\u00f3mpralo online f\u00e1cilmente y recupera el aspecto original!","og_url":"https:\/\/fontfredapintures.com\/es\/producto\/quitamanchas-de-oxido-ferven-40ml\/","og_site_name":"Fontfreda Pintures","article_publisher":"https:\/\/www.facebook.com\/fontfredapintures\/","article_modified_time":"2025-05-22T23:31:35+00:00","og_image":[{"width":1000,"height":1143,"url":"https:\/\/fontfredapintures.com\/wp-content\/uploads\/2025\/05\/03005200002001_3307.png","type":"image\/png"}],"twitter_card":"summary_large_image","twitter_misc":{"Tiempo de lectura":"1 minuto"},"schema":{"@context":"https:\/\/schema.org","@graph":[{"@type":"WebPage","@id":"https:\/\/fontfredapintures.com\/es\/producto\/quitamanchas-de-oxido-ferven-40ml\/","url":"https:\/\/fontfredapintures.com\/es\/producto\/quitamanchas-de-oxido-ferven-40ml\/","name":"Quitamanchas de \u00f3xido Ferven 40ml - Fontfreda Pintures","isPartOf":{"@id":"https:\/\/fontfredapintures.com\/es\/#website"},"primaryImageOfPage":{"@id":"https:\/\/fontfredapintures.com\/es\/producto\/quitamanchas-de-oxido-ferven-40ml\/#primaryimage"},"image":{"@id":"https:\/\/fontfredapintures.com\/es\/producto\/quitamanchas-de-oxido-ferven-40ml\/#primaryimage"},"thumbnailUrl":"https:\/\/fontfredapintures.com\/wp-content\/uploads\/2025\/05\/03005200002001_3307.png","datePublished":"2025-05-22T14:01:32+00:00","dateModified":"2025-05-22T23:31:35+00:00","description":"Quitamanchas de \u00f3xido Ferven 40 ml, eficaz para metal, piedra y azulejos. \u00a1C\u00f3mpralo online f\u00e1cilmente y recupera el aspecto original!","breadcrumb":{"@id":"https:\/\/fontfredapintures.com\/es\/producto\/quitamanchas-de-oxido-ferven-40ml\/#breadcrumb"},"inLanguage":"es","potentialAction":[{"@type":"ReadAction","target":["https:\/\/fontfredapintures.com\/es\/producto\/quitamanchas-de-oxido-ferven-40ml\/"]}]},{"@type":"ImageObject","inLanguage":"es","@id":"https:\/\/fontfredapintures.com\/es\/producto\/quitamanchas-de-oxido-ferven-40ml\/#primaryimage","url":"https:\/\/fontfredapintures.com\/wp-content\/uploads\/2025\/05\/03005200002001_3307.png","contentUrl":"https:\/\/fontfredapintures.com\/wp-content\/uploads\/2025\/05\/03005200002001_3307.png","width":1000,"height":1143,"caption":"Llevataques d'\u00f2xid Ferven 40ml"},{"@type":"BreadcrumbList","@id":"https:\/\/fontfredapintures.com\/es\/producto\/quitamanchas-de-oxido-ferven-40ml\/#breadcrumb","itemListElement":[{"@type":"ListItem","position":1,"name":"Fontfreda","item":"https:\/\/fontfredapintures.com\/es\/"},{"@type":"ListItem","position":2,"name":"Tienda","item":"https:\/\/fontfredapintures.com\/es\/tienda\/"},{"@type":"ListItem","position":3,"name":"Quitamanchas de \u00f3xido Ferven 40ml"}]},{"@type":"WebSite","@id":"https:\/\/fontfredapintures.com\/es\/#website","url":"https:\/\/fontfredapintures.com\/es\/","name":"Fontfreda Pintures","description":"Tienda online de pintura, decoraci\u00f3n y bellas artes","publisher":{"@id":"https:\/\/fontfredapintures.com\/es\/#organization"},"alternateName":"Pintures Fontfreda","potentialAction":[{"@type":"SearchAction","target":{"@type":"EntryPoint","urlTemplate":"https:\/\/fontfredapintures.com\/es\/?s={search_term_string}"},"query-input":{"@type":"PropertyValueSpecification","valueRequired":true,"valueName":"search_term_string"}}],"inLanguage":"es"},{"@type":"Organization","@id":"https:\/\/fontfredapintures.com\/es\/#organization","name":"Pintures Fontfreda","alternateName":"Fontfreda Pintures","url":"https:\/\/fontfredapintures.com\/es\/","logo":{"@type":"ImageObject","inLanguage":"es","@id":"https:\/\/fontfredapintures.com\/es\/#\/schema\/logo\/image\/","url":"https:\/\/fontfredapintures.com\/wp-content\/uploads\/2024\/04\/fontfreda-pintures-logo-yoast.jpg","contentUrl":"https:\/\/fontfredapintures.com\/wp-content\/uploads\/2024\/04\/fontfreda-pintures-logo-yoast.jpg","width":900,"height":600,"caption":"Pintures Fontfreda"},"image":{"@id":"https:\/\/fontfredapintures.com\/es\/#\/schema\/logo\/image\/"},"sameAs":["https:\/\/www.facebook.com\/fontfredapintures\/","https:\/\/www.instagram.com\/fontfredapintures\/","https:\/\/www.linkedin.com\/company\/fontfredapintures\/"]}]}},"_links":{"self":[{"href":"https:\/\/fontfredapintures.com\/es\/wp-json\/wp\/v2\/product\/60157","targetHints":{"allow":["GET"]}}],"collection":[{"href":"https:\/\/fontfredapintures.com\/es\/wp-json\/wp\/v2\/product"}],"about":[{"href":"https:\/\/fontfredapintures.com\/es\/wp-json\/wp\/v2\/types\/product"}],"replies":[{"embeddable":true,"href":"https:\/\/fontfredapintures.com\/es\/wp-json\/wp\/v2\/comments?post=60157"}],"version-history":[{"count":1,"href":"https:\/\/fontfredapintures.com\/es\/wp-json\/wp\/v2\/product\/60157\/revisions"}],"predecessor-version":[{"id":60170,"href":"https:\/\/fontfredapintures.com\/es\/wp-json\/wp\/v2\/product\/60157\/revisions\/60170"}],"wp:featuredmedia":[{"embeddable":true,"href":"https:\/\/fontfredapintures.com\/es\/wp-json\/wp\/v2\/media\/60155"}],"wp:attachment":[{"href":"https:\/\/fontfredapintures.com\/es\/wp-json\/wp\/v2\/media?parent=60157"}],"wp:term":[{"taxonomy":"product_brand","embeddable":true,"href":"https:\/\/fontfredapintures.com\/es\/wp-json\/wp\/v2\/product_brand?post=60157"},{"taxonomy":"product_cat","embeddable":true,"href":"https:\/\/fontfredapintures.com\/es\/wp-json\/wp\/v2\/product_cat?post=60157"},{"taxonomy":"product_tag","embeddable":true,"href":"https:\/\/fontfredapintures.com\/es\/wp-json\/wp\/v2\/product_tag?post=60157"}],"curies":[{"name":"wp","href":"https:\/\/api.w.org\/{rel}","templated":true}]}}