{"id":60076,"date":"2025-05-22T11:02:10","date_gmt":"2025-05-22T09:02:10","guid":{"rendered":"https:\/\/fontfredapintures.com\/producte\/minea-frega-10-1l\/"},"modified":"2025-05-23T01:33:00","modified_gmt":"2025-05-22T23:33:00","slug":"minea-frega-10-1l","status":"publish","type":"product","link":"https:\/\/fontfredapintures.com\/es\/producto\/minea-frega-10-1l\/","title":{"rendered":"Minea Frega 10 &#8211; 1L"},"content":{"rendered":"<p>Minea Frega-10 es un detergente espec\u00edfico para la limpieza manual de suelos, formulado como producto de mantenimiento para todo tipo de materiales: terrazo, gres, pl\u00e1sticos, parquet, suelos pintados, etc. Su f\u00f3rmula garantiza una limpieza profunda y deja las superficies visiblemente limpias y con un brillo caracter\u00edstico que realza su apariencia.<\/p>\n<p>Dise\u00f1ado para uso manual, es f\u00e1cil de aplicar y agradable en el uso diario. Ideal tanto para el \u00e1mbito dom\u00e9stico como profesional, Minea Frega-10 es la soluci\u00f3n perfecta para mantener suelos impecables sin complicaciones.<\/p>\n","protected":false},"excerpt":{"rendered":"<p>MINEA Frega-10 es un producto l\u00edquido, limpiador y desengrasante. Espec\u00edfico para suelos de todas clases.<\/p>\n<p>Su naturaleza qu\u00edmica se basa en una mezcla de tensioactivos de tipo no-i\u00f3nico y aceites esenciales. Es muy soluble en agua.<\/p>\n<p>1 L<\/p>\n","protected":false},"featured_media":60074,"comment_status":"open","ping_status":"closed","template":"","meta":[],"product_brand":[],"product_cat":[1939,1943,958,1351],"product_tag":[],"class_list":{"0":"post-60076","1":"product","2":"type-product","3":"status-publish","4":"has-post-thumbnail","6":"product_cat-limpieza-industrial","7":"product_cat-suelos-y-superficies","8":"product_cat-drogueria-es","9":"product_cat-suelos","10":"pa_brand-minea-es","12":"first","13":"instock","14":"taxable","15":"shipping-taxable","16":"purchasable","17":"product-type-simple"},"group_of_quantity":0,"min_quantity":0,"max_quantity":"","exclude_order_quantity_value_rules":"no","exclude_category_quantity_rules":"no","combine_variations":"no","yoast_head":"<!-- This site is optimized with the Yoast SEO plugin v25.7 - https:\/\/yoast.com\/wordpress\/plugins\/seo\/ -->\n<title>Minea Frega 10 - 1L - Fontfreda Pintures<\/title>\n<meta name=\"description\" content=\"Limpiador de mantenimiento para todo tipo de suelos. Brillo duradero. Compra Frega-10 online ahora en nuestra tienda web.\" \/>\n<meta name=\"robots\" content=\"index, follow, max-snippet:-1, max-image-preview:large, max-video-preview:-1\" \/>\n<link rel=\"canonical\" href=\"https:\/\/fontfredapintures.com\/es\/producto\/minea-frega-10-1l\/\" \/>\n<meta property=\"og:locale\" content=\"es_ES\" \/>\n<meta property=\"og:type\" content=\"article\" \/>\n<meta property=\"og:title\" content=\"Minea Frega 10 - 1L - Fontfreda Pintures\" \/>\n<meta property=\"og:description\" content=\"Limpiador de mantenimiento para todo tipo de suelos. Brillo duradero. Compra Frega-10 online ahora en nuestra tienda web.\" \/>\n<meta property=\"og:url\" content=\"https:\/\/fontfredapintures.com\/es\/producto\/minea-frega-10-1l\/\" \/>\n<meta property=\"og:site_name\" content=\"Fontfreda Pintures\" \/>\n<meta property=\"article:publisher\" content=\"https:\/\/www.facebook.com\/fontfredapintures\/\" \/>\n<meta property=\"article:modified_time\" content=\"2025-05-22T23:33:00+00:00\" \/>\n<meta property=\"og:image\" content=\"https:\/\/fontfredapintures.com\/wp-content\/uploads\/2025\/05\/42300100010001_3300.png\" \/>\n\t<meta property=\"og:image:width\" content=\"1000\" \/>\n\t<meta property=\"og:image:height\" content=\"1143\" \/>\n\t<meta property=\"og:image:type\" content=\"image\/png\" \/>\n<meta name=\"twitter:card\" content=\"summary_large_image\" \/>\n<meta name=\"twitter:label1\" content=\"Tiempo de lectura\" \/>\n\t<meta name=\"twitter:data1\" content=\"1 minuto\" \/>\n<script type=\"application\/ld+json\" class=\"yoast-schema-graph\">{\"@context\":\"https:\/\/schema.org\",\"@graph\":[{\"@type\":\"WebPage\",\"@id\":\"https:\/\/fontfredapintures.com\/es\/producto\/minea-frega-10-1l\/\",\"url\":\"https:\/\/fontfredapintures.com\/es\/producto\/minea-frega-10-1l\/\",\"name\":\"Minea Frega 10 - 1L - Fontfreda Pintures\",\"isPartOf\":{\"@id\":\"https:\/\/fontfredapintures.com\/es\/#website\"},\"primaryImageOfPage\":{\"@id\":\"https:\/\/fontfredapintures.com\/es\/producto\/minea-frega-10-1l\/#primaryimage\"},\"image\":{\"@id\":\"https:\/\/fontfredapintures.com\/es\/producto\/minea-frega-10-1l\/#primaryimage\"},\"thumbnailUrl\":\"https:\/\/fontfredapintures.com\/wp-content\/uploads\/2025\/05\/42300100010001_3300.png\",\"datePublished\":\"2025-05-22T09:02:10+00:00\",\"dateModified\":\"2025-05-22T23:33:00+00:00\",\"description\":\"Limpiador de mantenimiento para todo tipo de suelos. Brillo duradero. Compra Frega-10 online ahora en nuestra tienda web.\",\"breadcrumb\":{\"@id\":\"https:\/\/fontfredapintures.com\/es\/producto\/minea-frega-10-1l\/#breadcrumb\"},\"inLanguage\":\"es\",\"potentialAction\":[{\"@type\":\"ReadAction\",\"target\":[\"https:\/\/fontfredapintures.com\/es\/producto\/minea-frega-10-1l\/\"]}]},{\"@type\":\"ImageObject\",\"inLanguage\":\"es\",\"@id\":\"https:\/\/fontfredapintures.com\/es\/producto\/minea-frega-10-1l\/#primaryimage\",\"url\":\"https:\/\/fontfredapintures.com\/wp-content\/uploads\/2025\/05\/42300100010001_3300.png\",\"contentUrl\":\"https:\/\/fontfredapintures.com\/wp-content\/uploads\/2025\/05\/42300100010001_3300.png\",\"width\":1000,\"height\":1143,\"caption\":\"Minea frega 10\"},{\"@type\":\"BreadcrumbList\",\"@id\":\"https:\/\/fontfredapintures.com\/es\/producto\/minea-frega-10-1l\/#breadcrumb\",\"itemListElement\":[{\"@type\":\"ListItem\",\"position\":1,\"name\":\"Fontfreda\",\"item\":\"https:\/\/fontfredapintures.com\/es\/\"},{\"@type\":\"ListItem\",\"position\":2,\"name\":\"Tienda\",\"item\":\"https:\/\/fontfredapintures.com\/es\/tienda\/\"},{\"@type\":\"ListItem\",\"position\":3,\"name\":\"Minea Frega 10 &#8211; 1L\"}]},{\"@type\":\"WebSite\",\"@id\":\"https:\/\/fontfredapintures.com\/es\/#website\",\"url\":\"https:\/\/fontfredapintures.com\/es\/\",\"name\":\"Fontfreda Pintures\",\"description\":\"Tienda online de pintura, decoraci\u00f3n y bellas artes\",\"publisher\":{\"@id\":\"https:\/\/fontfredapintures.com\/es\/#organization\"},\"alternateName\":\"Pintures Fontfreda\",\"potentialAction\":[{\"@type\":\"SearchAction\",\"target\":{\"@type\":\"EntryPoint\",\"urlTemplate\":\"https:\/\/fontfredapintures.com\/es\/?s={search_term_string}\"},\"query-input\":{\"@type\":\"PropertyValueSpecification\",\"valueRequired\":true,\"valueName\":\"search_term_string\"}}],\"inLanguage\":\"es\"},{\"@type\":\"Organization\",\"@id\":\"https:\/\/fontfredapintures.com\/es\/#organization\",\"name\":\"Pintures Fontfreda\",\"alternateName\":\"Fontfreda Pintures\",\"url\":\"https:\/\/fontfredapintures.com\/es\/\",\"logo\":{\"@type\":\"ImageObject\",\"inLanguage\":\"es\",\"@id\":\"https:\/\/fontfredapintures.com\/es\/#\/schema\/logo\/image\/\",\"url\":\"https:\/\/fontfredapintures.com\/wp-content\/uploads\/2024\/04\/fontfreda-pintures-logo-yoast.jpg\",\"contentUrl\":\"https:\/\/fontfredapintures.com\/wp-content\/uploads\/2024\/04\/fontfreda-pintures-logo-yoast.jpg\",\"width\":900,\"height\":600,\"caption\":\"Pintures Fontfreda\"},\"image\":{\"@id\":\"https:\/\/fontfredapintures.com\/es\/#\/schema\/logo\/image\/\"},\"sameAs\":[\"https:\/\/www.facebook.com\/fontfredapintures\/\",\"https:\/\/www.instagram.com\/fontfredapintures\/\",\"https:\/\/www.linkedin.com\/company\/fontfredapintures\/\"]}]}<\/script>\n<!-- \/ Yoast SEO plugin. -->","yoast_head_json":{"title":"Minea Frega 10 - 1L - Fontfreda Pintures","description":"Limpiador de mantenimiento para todo tipo de suelos. Brillo duradero. Compra Frega-10 online ahora en nuestra tienda web.","robots":{"index":"index","follow":"follow","max-snippet":"max-snippet:-1","max-image-preview":"max-image-preview:large","max-video-preview":"max-video-preview:-1"},"canonical":"https:\/\/fontfredapintures.com\/es\/producto\/minea-frega-10-1l\/","og_locale":"es_ES","og_type":"article","og_title":"Minea Frega 10 - 1L - Fontfreda Pintures","og_description":"Limpiador de mantenimiento para todo tipo de suelos. Brillo duradero. Compra Frega-10 online ahora en nuestra tienda web.","og_url":"https:\/\/fontfredapintures.com\/es\/producto\/minea-frega-10-1l\/","og_site_name":"Fontfreda Pintures","article_publisher":"https:\/\/www.facebook.com\/fontfredapintures\/","article_modified_time":"2025-05-22T23:33:00+00:00","og_image":[{"width":1000,"height":1143,"url":"https:\/\/fontfredapintures.com\/wp-content\/uploads\/2025\/05\/42300100010001_3300.png","type":"image\/png"}],"twitter_card":"summary_large_image","twitter_misc":{"Tiempo de lectura":"1 minuto"},"schema":{"@context":"https:\/\/schema.org","@graph":[{"@type":"WebPage","@id":"https:\/\/fontfredapintures.com\/es\/producto\/minea-frega-10-1l\/","url":"https:\/\/fontfredapintures.com\/es\/producto\/minea-frega-10-1l\/","name":"Minea Frega 10 - 1L - Fontfreda Pintures","isPartOf":{"@id":"https:\/\/fontfredapintures.com\/es\/#website"},"primaryImageOfPage":{"@id":"https:\/\/fontfredapintures.com\/es\/producto\/minea-frega-10-1l\/#primaryimage"},"image":{"@id":"https:\/\/fontfredapintures.com\/es\/producto\/minea-frega-10-1l\/#primaryimage"},"thumbnailUrl":"https:\/\/fontfredapintures.com\/wp-content\/uploads\/2025\/05\/42300100010001_3300.png","datePublished":"2025-05-22T09:02:10+00:00","dateModified":"2025-05-22T23:33:00+00:00","description":"Limpiador de mantenimiento para todo tipo de suelos. Brillo duradero. Compra Frega-10 online ahora en nuestra tienda web.","breadcrumb":{"@id":"https:\/\/fontfredapintures.com\/es\/producto\/minea-frega-10-1l\/#breadcrumb"},"inLanguage":"es","potentialAction":[{"@type":"ReadAction","target":["https:\/\/fontfredapintures.com\/es\/producto\/minea-frega-10-1l\/"]}]},{"@type":"ImageObject","inLanguage":"es","@id":"https:\/\/fontfredapintures.com\/es\/producto\/minea-frega-10-1l\/#primaryimage","url":"https:\/\/fontfredapintures.com\/wp-content\/uploads\/2025\/05\/42300100010001_3300.png","contentUrl":"https:\/\/fontfredapintures.com\/wp-content\/uploads\/2025\/05\/42300100010001_3300.png","width":1000,"height":1143,"caption":"Minea frega 10"},{"@type":"BreadcrumbList","@id":"https:\/\/fontfredapintures.com\/es\/producto\/minea-frega-10-1l\/#breadcrumb","itemListElement":[{"@type":"ListItem","position":1,"name":"Fontfreda","item":"https:\/\/fontfredapintures.com\/es\/"},{"@type":"ListItem","position":2,"name":"Tienda","item":"https:\/\/fontfredapintures.com\/es\/tienda\/"},{"@type":"ListItem","position":3,"name":"Minea Frega 10 &#8211; 1L"}]},{"@type":"WebSite","@id":"https:\/\/fontfredapintures.com\/es\/#website","url":"https:\/\/fontfredapintures.com\/es\/","name":"Fontfreda Pintures","description":"Tienda online de pintura, decoraci\u00f3n y bellas artes","publisher":{"@id":"https:\/\/fontfredapintures.com\/es\/#organization"},"alternateName":"Pintures Fontfreda","potentialAction":[{"@type":"SearchAction","target":{"@type":"EntryPoint","urlTemplate":"https:\/\/fontfredapintures.com\/es\/?s={search_term_string}"},"query-input":{"@type":"PropertyValueSpecification","valueRequired":true,"valueName":"search_term_string"}}],"inLanguage":"es"},{"@type":"Organization","@id":"https:\/\/fontfredapintures.com\/es\/#organization","name":"Pintures Fontfreda","alternateName":"Fontfreda Pintures","url":"https:\/\/fontfredapintures.com\/es\/","logo":{"@type":"ImageObject","inLanguage":"es","@id":"https:\/\/fontfredapintures.com\/es\/#\/schema\/logo\/image\/","url":"https:\/\/fontfredapintures.com\/wp-content\/uploads\/2024\/04\/fontfreda-pintures-logo-yoast.jpg","contentUrl":"https:\/\/fontfredapintures.com\/wp-content\/uploads\/2024\/04\/fontfreda-pintures-logo-yoast.jpg","width":900,"height":600,"caption":"Pintures Fontfreda"},"image":{"@id":"https:\/\/fontfredapintures.com\/es\/#\/schema\/logo\/image\/"},"sameAs":["https:\/\/www.facebook.com\/fontfredapintures\/","https:\/\/www.instagram.com\/fontfredapintures\/","https:\/\/www.linkedin.com\/company\/fontfredapintures\/"]}]}},"_links":{"self":[{"href":"https:\/\/fontfredapintures.com\/es\/wp-json\/wp\/v2\/product\/60076","targetHints":{"allow":["GET"]}}],"collection":[{"href":"https:\/\/fontfredapintures.com\/es\/wp-json\/wp\/v2\/product"}],"about":[{"href":"https:\/\/fontfredapintures.com\/es\/wp-json\/wp\/v2\/types\/product"}],"replies":[{"embeddable":true,"href":"https:\/\/fontfredapintures.com\/es\/wp-json\/wp\/v2\/comments?post=60076"}],"version-history":[{"count":1,"href":"https:\/\/fontfredapintures.com\/es\/wp-json\/wp\/v2\/product\/60076\/revisions"}],"predecessor-version":[{"id":60081,"href":"https:\/\/fontfredapintures.com\/es\/wp-json\/wp\/v2\/product\/60076\/revisions\/60081"}],"wp:featuredmedia":[{"embeddable":true,"href":"https:\/\/fontfredapintures.com\/es\/wp-json\/wp\/v2\/media\/60074"}],"wp:attachment":[{"href":"https:\/\/fontfredapintures.com\/es\/wp-json\/wp\/v2\/media?parent=60076"}],"wp:term":[{"taxonomy":"product_brand","embeddable":true,"href":"https:\/\/fontfredapintures.com\/es\/wp-json\/wp\/v2\/product_brand?post=60076"},{"taxonomy":"product_cat","embeddable":true,"href":"https:\/\/fontfredapintures.com\/es\/wp-json\/wp\/v2\/product_cat?post=60076"},{"taxonomy":"product_tag","embeddable":true,"href":"https:\/\/fontfredapintures.com\/es\/wp-json\/wp\/v2\/product_tag?post=60076"}],"curies":[{"name":"wp","href":"https:\/\/api.w.org\/{rel}","templated":true}]}}