{"id":58144,"date":"2025-02-24T18:02:11","date_gmt":"2025-02-24T16:02:11","guid":{"rendered":"https:\/\/fontfredapintures.com\/producte\/alcohol-etilico-70-montana-spray-400ml\/"},"modified":"2025-05-28T01:33:30","modified_gmt":"2025-05-27T23:33:30","slug":"alcohol-etilico-70-montana-spray-400ml","status":"publish","type":"product","link":"https:\/\/fontfredapintures.com\/es\/producto\/alcohol-etilico-70-montana-spray-400ml\/","title":{"rendered":"Alcohol et\u00edlico 70% Montana Spray 400ml"},"content":{"rendered":"<p>CARACTER\u00cdSTICAS:<\/p>\n<p>&#8211; Poder desinfectante.<br \/>\n&#8211; Poder desengrasante.<br \/>\n&#8211; Facilidad de aplicaci\u00f3n.<br \/>\n&#8211; Soluci\u00f3n hidroalcoh\u00f3lica.<br \/>\n&#8211; Limpiador de multitud de superficies.<br \/>\n&#8211; Sin aromas a\u00f1adidos.<\/p>\n<p>INSTRUCCIONES DE USO:<\/p>\n<p>&#8211; No es necesario agitar.<br \/>\n&#8211; Utilizar con el bote en posici\u00f3n vertical y aplicar a una distancia de unos 20 cm.<br \/>\n&#8211; Para una buena desinfecci\u00f3n, la superficie en cuesti\u00f3n debe humedecerse con el producto y dejarlo evaporar, en pantallas o cristales dejalo actuar durante un minuto y retirarlo con un pa\u00f1o suave de algod\u00f3n o papel secante.<br \/>\n&#8211; No aplicar sobre equipos conectados a la red el\u00e9ctrica.<br \/>\n&#8211; Solicite ficha de seguridad.<\/p>\n","protected":false},"excerpt":{"rendered":"<p>El spray MTN PRO Alcohol et\u00edlico 70% es una soluci\u00f3n hidroalcoh\u00f3lica especialmente concebida para la limpieza de superficies de todo tipo, incluyendo vidrios, metales y pl\u00e1sticos como el metacrilato; desde el volante del coche y otros pl\u00e1sticos de interior y exterior de veh\u00edculos, cascos y viseras, hasta el mobiliario dom\u00e9stico y elementos de oficina como las mesas, las pantallas de ordenadores o tel\u00e9fonos m\u00f3viles.<\/p>\n<p>El producto sirve para limpiar f\u00e1cilmente las superficies de residuos como la grasa, manchas de tintas, pinturas y los restos de pegamentos de las etiquetas autoadhesivas.<\/p>\n<p>400ml<\/p>\n","protected":false},"featured_media":58133,"comment_status":"open","ping_status":"closed","template":"","meta":[],"product_brand":[],"product_cat":[1274,1513,1909],"product_tag":[],"class_list":{"0":"post-58144","1":"product","2":"type-product","3":"status-publish","4":"has-post-thumbnail","6":"product_cat-sprays","7":"product_cat-esprais-montana-pro","8":"product_cat-limpieza","9":"pa_brand-montana-colors-es","11":"first","12":"instock","13":"sale","14":"taxable","15":"shipping-taxable","16":"purchasable","17":"product-type-simple"},"group_of_quantity":0,"min_quantity":0,"max_quantity":"","exclude_order_quantity_value_rules":"no","exclude_category_quantity_rules":"no","combine_variations":"no","yoast_head":"<!-- This site is optimized with the Yoast SEO plugin v25.7 - https:\/\/yoast.com\/wordpress\/plugins\/seo\/ -->\n<title>Alcohol et\u00edlico 70% Montana Spray 400ml - Fontfreda Pintures<\/title>\n<meta name=\"robots\" content=\"index, follow, max-snippet:-1, max-image-preview:large, max-video-preview:-1\" \/>\n<link rel=\"canonical\" href=\"https:\/\/fontfredapintures.com\/es\/producto\/alcohol-etilico-70-montana-spray-400ml\/\" \/>\n<meta property=\"og:locale\" content=\"es_ES\" \/>\n<meta property=\"og:type\" content=\"article\" \/>\n<meta property=\"og:title\" content=\"Alcohol et\u00edlico 70% Montana Spray 400ml - Fontfreda Pintures\" \/>\n<meta property=\"og:description\" content=\"El spray MTN PRO Alcohol et\u00edlico 70% es una soluci\u00f3n hidroalcoh\u00f3lica especialmente concebida para la limpieza de superficies de todo tipo, incluyendo vidrios, metales y pl\u00e1sticos como el metacrilato; desde el volante del coche y otros pl\u00e1sticos de interior y exterior de veh\u00edculos, cascos y viseras, hasta el mobiliario dom\u00e9stico y elementos de oficina como las mesas, las pantallas de ordenadores o tel\u00e9fonos m\u00f3viles. El producto sirve para limpiar f\u00e1cilmente las superficies de residuos como la grasa, manchas de tintas, pinturas y los restos de pegamentos de las etiquetas autoadhesivas. 400ml\" \/>\n<meta property=\"og:url\" content=\"https:\/\/fontfredapintures.com\/es\/producto\/alcohol-etilico-70-montana-spray-400ml\/\" \/>\n<meta property=\"og:site_name\" content=\"Fontfreda Pintures\" \/>\n<meta property=\"article:publisher\" content=\"https:\/\/www.facebook.com\/fontfredapintures\/\" \/>\n<meta property=\"article:modified_time\" content=\"2025-05-27T23:33:30+00:00\" \/>\n<meta property=\"og:image\" content=\"https:\/\/fontfredapintures.com\/wp-content\/uploads\/2025\/02\/17401900003000_3260.png\" \/>\n\t<meta property=\"og:image:width\" content=\"1000\" \/>\n\t<meta property=\"og:image:height\" content=\"1143\" \/>\n\t<meta property=\"og:image:type\" content=\"image\/png\" \/>\n<meta name=\"twitter:card\" content=\"summary_large_image\" \/>\n<meta name=\"twitter:label1\" content=\"Tiempo de lectura\" \/>\n\t<meta name=\"twitter:data1\" content=\"1 minuto\" \/>\n<script type=\"application\/ld+json\" class=\"yoast-schema-graph\">{\"@context\":\"https:\/\/schema.org\",\"@graph\":[{\"@type\":\"WebPage\",\"@id\":\"https:\/\/fontfredapintures.com\/es\/producto\/alcohol-etilico-70-montana-spray-400ml\/\",\"url\":\"https:\/\/fontfredapintures.com\/es\/producto\/alcohol-etilico-70-montana-spray-400ml\/\",\"name\":\"Alcohol et\u00edlico 70% Montana Spray 400ml - Fontfreda Pintures\",\"isPartOf\":{\"@id\":\"https:\/\/fontfredapintures.com\/es\/#website\"},\"primaryImageOfPage\":{\"@id\":\"https:\/\/fontfredapintures.com\/es\/producto\/alcohol-etilico-70-montana-spray-400ml\/#primaryimage\"},\"image\":{\"@id\":\"https:\/\/fontfredapintures.com\/es\/producto\/alcohol-etilico-70-montana-spray-400ml\/#primaryimage\"},\"thumbnailUrl\":\"https:\/\/fontfredapintures.com\/wp-content\/uploads\/2025\/02\/17401900003000_3260.png\",\"datePublished\":\"2025-02-24T16:02:11+00:00\",\"dateModified\":\"2025-05-27T23:33:30+00:00\",\"breadcrumb\":{\"@id\":\"https:\/\/fontfredapintures.com\/es\/producto\/alcohol-etilico-70-montana-spray-400ml\/#breadcrumb\"},\"inLanguage\":\"es\",\"potentialAction\":[{\"@type\":\"ReadAction\",\"target\":[\"https:\/\/fontfredapintures.com\/es\/producto\/alcohol-etilico-70-montana-spray-400ml\/\"]}]},{\"@type\":\"ImageObject\",\"inLanguage\":\"es\",\"@id\":\"https:\/\/fontfredapintures.com\/es\/producto\/alcohol-etilico-70-montana-spray-400ml\/#primaryimage\",\"url\":\"https:\/\/fontfredapintures.com\/wp-content\/uploads\/2025\/02\/17401900003000_3260.png\",\"contentUrl\":\"https:\/\/fontfredapintures.com\/wp-content\/uploads\/2025\/02\/17401900003000_3260.png\",\"width\":1000,\"height\":1143},{\"@type\":\"BreadcrumbList\",\"@id\":\"https:\/\/fontfredapintures.com\/es\/producto\/alcohol-etilico-70-montana-spray-400ml\/#breadcrumb\",\"itemListElement\":[{\"@type\":\"ListItem\",\"position\":1,\"name\":\"Fontfreda\",\"item\":\"https:\/\/fontfredapintures.com\/es\/\"},{\"@type\":\"ListItem\",\"position\":2,\"name\":\"Tienda\",\"item\":\"https:\/\/fontfredapintures.com\/es\/tienda\/\"},{\"@type\":\"ListItem\",\"position\":3,\"name\":\"Alcohol et\u00edlico 70% Montana Spray 400ml\"}]},{\"@type\":\"WebSite\",\"@id\":\"https:\/\/fontfredapintures.com\/es\/#website\",\"url\":\"https:\/\/fontfredapintures.com\/es\/\",\"name\":\"Fontfreda Pintures\",\"description\":\"Tienda online de pintura, decoraci\u00f3n y bellas artes\",\"publisher\":{\"@id\":\"https:\/\/fontfredapintures.com\/es\/#organization\"},\"alternateName\":\"Pintures Fontfreda\",\"potentialAction\":[{\"@type\":\"SearchAction\",\"target\":{\"@type\":\"EntryPoint\",\"urlTemplate\":\"https:\/\/fontfredapintures.com\/es\/?s={search_term_string}\"},\"query-input\":{\"@type\":\"PropertyValueSpecification\",\"valueRequired\":true,\"valueName\":\"search_term_string\"}}],\"inLanguage\":\"es\"},{\"@type\":\"Organization\",\"@id\":\"https:\/\/fontfredapintures.com\/es\/#organization\",\"name\":\"Pintures Fontfreda\",\"alternateName\":\"Fontfreda Pintures\",\"url\":\"https:\/\/fontfredapintures.com\/es\/\",\"logo\":{\"@type\":\"ImageObject\",\"inLanguage\":\"es\",\"@id\":\"https:\/\/fontfredapintures.com\/es\/#\/schema\/logo\/image\/\",\"url\":\"https:\/\/fontfredapintures.com\/wp-content\/uploads\/2024\/04\/fontfreda-pintures-logo-yoast.jpg\",\"contentUrl\":\"https:\/\/fontfredapintures.com\/wp-content\/uploads\/2024\/04\/fontfreda-pintures-logo-yoast.jpg\",\"width\":900,\"height\":600,\"caption\":\"Pintures Fontfreda\"},\"image\":{\"@id\":\"https:\/\/fontfredapintures.com\/es\/#\/schema\/logo\/image\/\"},\"sameAs\":[\"https:\/\/www.facebook.com\/fontfredapintures\/\",\"https:\/\/www.instagram.com\/fontfredapintures\/\",\"https:\/\/www.linkedin.com\/company\/fontfredapintures\/\"]}]}<\/script>\n<!-- \/ Yoast SEO plugin. -->","yoast_head_json":{"title":"Alcohol et\u00edlico 70% Montana Spray 400ml - Fontfreda Pintures","robots":{"index":"index","follow":"follow","max-snippet":"max-snippet:-1","max-image-preview":"max-image-preview:large","max-video-preview":"max-video-preview:-1"},"canonical":"https:\/\/fontfredapintures.com\/es\/producto\/alcohol-etilico-70-montana-spray-400ml\/","og_locale":"es_ES","og_type":"article","og_title":"Alcohol et\u00edlico 70% Montana Spray 400ml - Fontfreda Pintures","og_description":"El spray MTN PRO Alcohol et\u00edlico 70% es una soluci\u00f3n hidroalcoh\u00f3lica especialmente concebida para la limpieza de superficies de todo tipo, incluyendo vidrios, metales y pl\u00e1sticos como el metacrilato; desde el volante del coche y otros pl\u00e1sticos de interior y exterior de veh\u00edculos, cascos y viseras, hasta el mobiliario dom\u00e9stico y elementos de oficina como las mesas, las pantallas de ordenadores o tel\u00e9fonos m\u00f3viles. El producto sirve para limpiar f\u00e1cilmente las superficies de residuos como la grasa, manchas de tintas, pinturas y los restos de pegamentos de las etiquetas autoadhesivas. 400ml","og_url":"https:\/\/fontfredapintures.com\/es\/producto\/alcohol-etilico-70-montana-spray-400ml\/","og_site_name":"Fontfreda Pintures","article_publisher":"https:\/\/www.facebook.com\/fontfredapintures\/","article_modified_time":"2025-05-27T23:33:30+00:00","og_image":[{"width":1000,"height":1143,"url":"https:\/\/fontfredapintures.com\/wp-content\/uploads\/2025\/02\/17401900003000_3260.png","type":"image\/png"}],"twitter_card":"summary_large_image","twitter_misc":{"Tiempo de lectura":"1 minuto"},"schema":{"@context":"https:\/\/schema.org","@graph":[{"@type":"WebPage","@id":"https:\/\/fontfredapintures.com\/es\/producto\/alcohol-etilico-70-montana-spray-400ml\/","url":"https:\/\/fontfredapintures.com\/es\/producto\/alcohol-etilico-70-montana-spray-400ml\/","name":"Alcohol et\u00edlico 70% Montana Spray 400ml - Fontfreda Pintures","isPartOf":{"@id":"https:\/\/fontfredapintures.com\/es\/#website"},"primaryImageOfPage":{"@id":"https:\/\/fontfredapintures.com\/es\/producto\/alcohol-etilico-70-montana-spray-400ml\/#primaryimage"},"image":{"@id":"https:\/\/fontfredapintures.com\/es\/producto\/alcohol-etilico-70-montana-spray-400ml\/#primaryimage"},"thumbnailUrl":"https:\/\/fontfredapintures.com\/wp-content\/uploads\/2025\/02\/17401900003000_3260.png","datePublished":"2025-02-24T16:02:11+00:00","dateModified":"2025-05-27T23:33:30+00:00","breadcrumb":{"@id":"https:\/\/fontfredapintures.com\/es\/producto\/alcohol-etilico-70-montana-spray-400ml\/#breadcrumb"},"inLanguage":"es","potentialAction":[{"@type":"ReadAction","target":["https:\/\/fontfredapintures.com\/es\/producto\/alcohol-etilico-70-montana-spray-400ml\/"]}]},{"@type":"ImageObject","inLanguage":"es","@id":"https:\/\/fontfredapintures.com\/es\/producto\/alcohol-etilico-70-montana-spray-400ml\/#primaryimage","url":"https:\/\/fontfredapintures.com\/wp-content\/uploads\/2025\/02\/17401900003000_3260.png","contentUrl":"https:\/\/fontfredapintures.com\/wp-content\/uploads\/2025\/02\/17401900003000_3260.png","width":1000,"height":1143},{"@type":"BreadcrumbList","@id":"https:\/\/fontfredapintures.com\/es\/producto\/alcohol-etilico-70-montana-spray-400ml\/#breadcrumb","itemListElement":[{"@type":"ListItem","position":1,"name":"Fontfreda","item":"https:\/\/fontfredapintures.com\/es\/"},{"@type":"ListItem","position":2,"name":"Tienda","item":"https:\/\/fontfredapintures.com\/es\/tienda\/"},{"@type":"ListItem","position":3,"name":"Alcohol et\u00edlico 70% Montana Spray 400ml"}]},{"@type":"WebSite","@id":"https:\/\/fontfredapintures.com\/es\/#website","url":"https:\/\/fontfredapintures.com\/es\/","name":"Fontfreda Pintures","description":"Tienda online de pintura, decoraci\u00f3n y bellas artes","publisher":{"@id":"https:\/\/fontfredapintures.com\/es\/#organization"},"alternateName":"Pintures Fontfreda","potentialAction":[{"@type":"SearchAction","target":{"@type":"EntryPoint","urlTemplate":"https:\/\/fontfredapintures.com\/es\/?s={search_term_string}"},"query-input":{"@type":"PropertyValueSpecification","valueRequired":true,"valueName":"search_term_string"}}],"inLanguage":"es"},{"@type":"Organization","@id":"https:\/\/fontfredapintures.com\/es\/#organization","name":"Pintures Fontfreda","alternateName":"Fontfreda Pintures","url":"https:\/\/fontfredapintures.com\/es\/","logo":{"@type":"ImageObject","inLanguage":"es","@id":"https:\/\/fontfredapintures.com\/es\/#\/schema\/logo\/image\/","url":"https:\/\/fontfredapintures.com\/wp-content\/uploads\/2024\/04\/fontfreda-pintures-logo-yoast.jpg","contentUrl":"https:\/\/fontfredapintures.com\/wp-content\/uploads\/2024\/04\/fontfreda-pintures-logo-yoast.jpg","width":900,"height":600,"caption":"Pintures Fontfreda"},"image":{"@id":"https:\/\/fontfredapintures.com\/es\/#\/schema\/logo\/image\/"},"sameAs":["https:\/\/www.facebook.com\/fontfredapintures\/","https:\/\/www.instagram.com\/fontfredapintures\/","https:\/\/www.linkedin.com\/company\/fontfredapintures\/"]}]}},"_links":{"self":[{"href":"https:\/\/fontfredapintures.com\/es\/wp-json\/wp\/v2\/product\/58144","targetHints":{"allow":["GET"]}}],"collection":[{"href":"https:\/\/fontfredapintures.com\/es\/wp-json\/wp\/v2\/product"}],"about":[{"href":"https:\/\/fontfredapintures.com\/es\/wp-json\/wp\/v2\/types\/product"}],"replies":[{"embeddable":true,"href":"https:\/\/fontfredapintures.com\/es\/wp-json\/wp\/v2\/comments?post=58144"}],"version-history":[{"count":1,"href":"https:\/\/fontfredapintures.com\/es\/wp-json\/wp\/v2\/product\/58144\/revisions"}],"predecessor-version":[{"id":58186,"href":"https:\/\/fontfredapintures.com\/es\/wp-json\/wp\/v2\/product\/58144\/revisions\/58186"}],"wp:featuredmedia":[{"embeddable":true,"href":"https:\/\/fontfredapintures.com\/es\/wp-json\/wp\/v2\/media\/58133"}],"wp:attachment":[{"href":"https:\/\/fontfredapintures.com\/es\/wp-json\/wp\/v2\/media?parent=58144"}],"wp:term":[{"taxonomy":"product_brand","embeddable":true,"href":"https:\/\/fontfredapintures.com\/es\/wp-json\/wp\/v2\/product_brand?post=58144"},{"taxonomy":"product_cat","embeddable":true,"href":"https:\/\/fontfredapintures.com\/es\/wp-json\/wp\/v2\/product_cat?post=58144"},{"taxonomy":"product_tag","embeddable":true,"href":"https:\/\/fontfredapintures.com\/es\/wp-json\/wp\/v2\/product_tag?post=58144"}],"curies":[{"name":"wp","href":"https:\/\/api.w.org\/{rel}","templated":true}]}}