{"id":58125,"date":"2025-02-24T18:01:47","date_gmt":"2025-02-24T16:01:47","guid":{"rendered":"https:\/\/fontfredapintures.com\/producte\/disolvente-montana-pro-spray-400ml\/"},"modified":"2025-06-19T02:24:48","modified_gmt":"2025-06-19T00:24:48","slug":"disolvente-montana-pro-spray-400ml","status":"publish","type":"product","link":"https:\/\/fontfredapintures.com\/es\/producto\/disolvente-montana-pro-spray-400ml\/","title":{"rendered":"Disolvente Montana PRO Spray 400ml"},"content":{"rendered":"<p>CARACTERI\u00b4STICAS:<\/p>\n<p>&#8211; Olor caracteri\u00b4stico.<br \/>\n&#8211; No mancha.<br \/>\n&#8211; Transparente.<br \/>\n&#8211; Alto poder diluyente.<br \/>\n&#8211; Facilidad de aplicacio\u00b4n.<br \/>\n&#8211; No apto para limpiar manos o manchas de pintura en la piel.<\/p>\n<p>INSTRUCCIONES DE USO:<\/p>\n<p>&#8211; Rociar abundantemente el objeto a tratar y frotar con un pan~o o papel secante, repetir la operacio\u00b4n si fuese necesario. Dejar secar la superficie antes<br \/>\nde proceder al pintado, si este fuera el caso. No apto para la limpieza de la piel y manos.<br \/>\n&#8211; No aplicar sobre equipos conectados y utilizar en a\u00b4reas bien definidas.<br \/>\n&#8211; Para limpieza de difusores colocar el difusor obstruido en la va\u00b4lvula<br \/>\ndel disolvente y pulsar para intentar su limpieza interior.<br \/>\n&#8211; Solicite fichas de seguridad.<\/p>\n","protected":false},"excerpt":{"rendered":"<p>El MTN PRO Disolvente es una mezcla de disolventes universales adecuados para limpiar manchas frescas de pintura sobre superficies no porosas. Su muy r\u00e1pida evaporaci\u00f3n y su alto poder desengrasante tambi\u00e9n aporta propiedades desengrasantes y como limpiador de l\u00edquidos aceitosos y grasas.<br \/>\nSe utiliza para preparar las superficies antes de ser pintadas as\u00ed como tambi\u00e9n para limpiar los utensilios del pintor de una manera r\u00e1pida y c\u00f3moda. Sobre pinturas secas ser\u00e1 necesario aplicar m\u00e1s cantidad de producto.<\/p>\n<p>Muy \u00fatil para limpiar y desatascar los difusores obstruidos de los sprays de pintura coloc\u00e1ndolos en la v\u00e1lvula del spray de disolvente y pulsando hasta su limpieza.<\/p>\n<p>400ml<\/p>\n","protected":false},"featured_media":58117,"comment_status":"open","ping_status":"closed","template":"","meta":[],"product_brand":[],"product_cat":[1274,1513,1909],"product_tag":[],"class_list":{"0":"post-58125","1":"product","2":"type-product","3":"status-publish","4":"has-post-thumbnail","6":"product_cat-sprays","7":"product_cat-esprais-montana-pro","8":"product_cat-limpieza","9":"pa_brand-montana-colors-es","11":"first","12":"instock","13":"sale","14":"taxable","15":"shipping-taxable","16":"purchasable","17":"product-type-simple"},"group_of_quantity":0,"min_quantity":0,"max_quantity":"","exclude_order_quantity_value_rules":"no","exclude_category_quantity_rules":"no","combine_variations":"no","yoast_head":"<!-- This site is optimized with the Yoast SEO plugin v25.7 - https:\/\/yoast.com\/wordpress\/plugins\/seo\/ -->\n<title>Disolvente Montana PRO Spray 400ml - Fontfreda Pintures<\/title>\n<meta name=\"robots\" content=\"index, follow, max-snippet:-1, max-image-preview:large, max-video-preview:-1\" \/>\n<link rel=\"canonical\" href=\"https:\/\/fontfredapintures.com\/es\/producto\/disolvente-montana-pro-spray-400ml\/\" \/>\n<meta property=\"og:locale\" content=\"es_ES\" \/>\n<meta property=\"og:type\" content=\"article\" \/>\n<meta property=\"og:title\" content=\"Disolvente Montana PRO Spray 400ml - Fontfreda Pintures\" \/>\n<meta property=\"og:description\" content=\"El MTN PRO Disolvente es una mezcla de disolventes universales adecuados para limpiar manchas frescas de pintura sobre superficies no porosas. Su muy r\u00e1pida evaporaci\u00f3n y su alto poder desengrasante tambi\u00e9n aporta propiedades desengrasantes y como limpiador de l\u00edquidos aceitosos y grasas. Se utiliza para preparar las superficies antes de ser pintadas as\u00ed como tambi\u00e9n para limpiar los utensilios del pintor de una manera r\u00e1pida y c\u00f3moda. Sobre pinturas secas ser\u00e1 necesario aplicar m\u00e1s cantidad de producto. Muy \u00fatil para limpiar y desatascar los difusores obstruidos de los sprays de pintura coloc\u00e1ndolos en la v\u00e1lvula del spray de disolvente y pulsando hasta su limpieza. 400ml\" \/>\n<meta property=\"og:url\" content=\"https:\/\/fontfredapintures.com\/es\/producto\/disolvente-montana-pro-spray-400ml\/\" \/>\n<meta property=\"og:site_name\" content=\"Fontfreda Pintures\" \/>\n<meta property=\"article:publisher\" content=\"https:\/\/www.facebook.com\/fontfredapintures\/\" \/>\n<meta property=\"article:modified_time\" content=\"2025-06-19T00:24:48+00:00\" \/>\n<meta property=\"og:image\" content=\"https:\/\/fontfredapintures.com\/wp-content\/uploads\/2025\/02\/17400028_3264.png\" \/>\n\t<meta property=\"og:image:width\" content=\"1000\" \/>\n\t<meta property=\"og:image:height\" content=\"1143\" \/>\n\t<meta property=\"og:image:type\" content=\"image\/png\" \/>\n<meta name=\"twitter:card\" content=\"summary_large_image\" \/>\n<meta name=\"twitter:label1\" content=\"Tiempo de lectura\" \/>\n\t<meta name=\"twitter:data1\" content=\"1 minuto\" \/>\n<script type=\"application\/ld+json\" class=\"yoast-schema-graph\">{\"@context\":\"https:\/\/schema.org\",\"@graph\":[{\"@type\":\"WebPage\",\"@id\":\"https:\/\/fontfredapintures.com\/es\/producto\/disolvente-montana-pro-spray-400ml\/\",\"url\":\"https:\/\/fontfredapintures.com\/es\/producto\/disolvente-montana-pro-spray-400ml\/\",\"name\":\"Disolvente Montana PRO Spray 400ml - Fontfreda Pintures\",\"isPartOf\":{\"@id\":\"https:\/\/fontfredapintures.com\/es\/#website\"},\"primaryImageOfPage\":{\"@id\":\"https:\/\/fontfredapintures.com\/es\/producto\/disolvente-montana-pro-spray-400ml\/#primaryimage\"},\"image\":{\"@id\":\"https:\/\/fontfredapintures.com\/es\/producto\/disolvente-montana-pro-spray-400ml\/#primaryimage\"},\"thumbnailUrl\":\"https:\/\/fontfredapintures.com\/wp-content\/uploads\/2025\/02\/17400028_3264.png\",\"datePublished\":\"2025-02-24T16:01:47+00:00\",\"dateModified\":\"2025-06-19T00:24:48+00:00\",\"breadcrumb\":{\"@id\":\"https:\/\/fontfredapintures.com\/es\/producto\/disolvente-montana-pro-spray-400ml\/#breadcrumb\"},\"inLanguage\":\"es\",\"potentialAction\":[{\"@type\":\"ReadAction\",\"target\":[\"https:\/\/fontfredapintures.com\/es\/producto\/disolvente-montana-pro-spray-400ml\/\"]}]},{\"@type\":\"ImageObject\",\"inLanguage\":\"es\",\"@id\":\"https:\/\/fontfredapintures.com\/es\/producto\/disolvente-montana-pro-spray-400ml\/#primaryimage\",\"url\":\"https:\/\/fontfredapintures.com\/wp-content\/uploads\/2025\/02\/17400028_3264.png\",\"contentUrl\":\"https:\/\/fontfredapintures.com\/wp-content\/uploads\/2025\/02\/17400028_3264.png\",\"width\":1000,\"height\":1143},{\"@type\":\"BreadcrumbList\",\"@id\":\"https:\/\/fontfredapintures.com\/es\/producto\/disolvente-montana-pro-spray-400ml\/#breadcrumb\",\"itemListElement\":[{\"@type\":\"ListItem\",\"position\":1,\"name\":\"Fontfreda\",\"item\":\"https:\/\/fontfredapintures.com\/es\/\"},{\"@type\":\"ListItem\",\"position\":2,\"name\":\"Tienda\",\"item\":\"https:\/\/fontfredapintures.com\/es\/tienda\/\"},{\"@type\":\"ListItem\",\"position\":3,\"name\":\"Disolvente Montana PRO Spray 400ml\"}]},{\"@type\":\"WebSite\",\"@id\":\"https:\/\/fontfredapintures.com\/es\/#website\",\"url\":\"https:\/\/fontfredapintures.com\/es\/\",\"name\":\"Fontfreda Pintures\",\"description\":\"Tienda online de pintura, decoraci\u00f3n y bellas artes\",\"publisher\":{\"@id\":\"https:\/\/fontfredapintures.com\/es\/#organization\"},\"alternateName\":\"Pintures Fontfreda\",\"potentialAction\":[{\"@type\":\"SearchAction\",\"target\":{\"@type\":\"EntryPoint\",\"urlTemplate\":\"https:\/\/fontfredapintures.com\/es\/?s={search_term_string}\"},\"query-input\":{\"@type\":\"PropertyValueSpecification\",\"valueRequired\":true,\"valueName\":\"search_term_string\"}}],\"inLanguage\":\"es\"},{\"@type\":\"Organization\",\"@id\":\"https:\/\/fontfredapintures.com\/es\/#organization\",\"name\":\"Pintures Fontfreda\",\"alternateName\":\"Fontfreda Pintures\",\"url\":\"https:\/\/fontfredapintures.com\/es\/\",\"logo\":{\"@type\":\"ImageObject\",\"inLanguage\":\"es\",\"@id\":\"https:\/\/fontfredapintures.com\/es\/#\/schema\/logo\/image\/\",\"url\":\"https:\/\/fontfredapintures.com\/wp-content\/uploads\/2024\/04\/fontfreda-pintures-logo-yoast.jpg\",\"contentUrl\":\"https:\/\/fontfredapintures.com\/wp-content\/uploads\/2024\/04\/fontfreda-pintures-logo-yoast.jpg\",\"width\":900,\"height\":600,\"caption\":\"Pintures Fontfreda\"},\"image\":{\"@id\":\"https:\/\/fontfredapintures.com\/es\/#\/schema\/logo\/image\/\"},\"sameAs\":[\"https:\/\/www.facebook.com\/fontfredapintures\/\",\"https:\/\/www.instagram.com\/fontfredapintures\/\",\"https:\/\/www.linkedin.com\/company\/fontfredapintures\/\"]}]}<\/script>\n<!-- \/ Yoast SEO plugin. -->","yoast_head_json":{"title":"Disolvente Montana PRO Spray 400ml - Fontfreda Pintures","robots":{"index":"index","follow":"follow","max-snippet":"max-snippet:-1","max-image-preview":"max-image-preview:large","max-video-preview":"max-video-preview:-1"},"canonical":"https:\/\/fontfredapintures.com\/es\/producto\/disolvente-montana-pro-spray-400ml\/","og_locale":"es_ES","og_type":"article","og_title":"Disolvente Montana PRO Spray 400ml - Fontfreda Pintures","og_description":"El MTN PRO Disolvente es una mezcla de disolventes universales adecuados para limpiar manchas frescas de pintura sobre superficies no porosas. Su muy r\u00e1pida evaporaci\u00f3n y su alto poder desengrasante tambi\u00e9n aporta propiedades desengrasantes y como limpiador de l\u00edquidos aceitosos y grasas. Se utiliza para preparar las superficies antes de ser pintadas as\u00ed como tambi\u00e9n para limpiar los utensilios del pintor de una manera r\u00e1pida y c\u00f3moda. Sobre pinturas secas ser\u00e1 necesario aplicar m\u00e1s cantidad de producto. Muy \u00fatil para limpiar y desatascar los difusores obstruidos de los sprays de pintura coloc\u00e1ndolos en la v\u00e1lvula del spray de disolvente y pulsando hasta su limpieza. 400ml","og_url":"https:\/\/fontfredapintures.com\/es\/producto\/disolvente-montana-pro-spray-400ml\/","og_site_name":"Fontfreda Pintures","article_publisher":"https:\/\/www.facebook.com\/fontfredapintures\/","article_modified_time":"2025-06-19T00:24:48+00:00","og_image":[{"width":1000,"height":1143,"url":"https:\/\/fontfredapintures.com\/wp-content\/uploads\/2025\/02\/17400028_3264.png","type":"image\/png"}],"twitter_card":"summary_large_image","twitter_misc":{"Tiempo de lectura":"1 minuto"},"schema":{"@context":"https:\/\/schema.org","@graph":[{"@type":"WebPage","@id":"https:\/\/fontfredapintures.com\/es\/producto\/disolvente-montana-pro-spray-400ml\/","url":"https:\/\/fontfredapintures.com\/es\/producto\/disolvente-montana-pro-spray-400ml\/","name":"Disolvente Montana PRO Spray 400ml - Fontfreda Pintures","isPartOf":{"@id":"https:\/\/fontfredapintures.com\/es\/#website"},"primaryImageOfPage":{"@id":"https:\/\/fontfredapintures.com\/es\/producto\/disolvente-montana-pro-spray-400ml\/#primaryimage"},"image":{"@id":"https:\/\/fontfredapintures.com\/es\/producto\/disolvente-montana-pro-spray-400ml\/#primaryimage"},"thumbnailUrl":"https:\/\/fontfredapintures.com\/wp-content\/uploads\/2025\/02\/17400028_3264.png","datePublished":"2025-02-24T16:01:47+00:00","dateModified":"2025-06-19T00:24:48+00:00","breadcrumb":{"@id":"https:\/\/fontfredapintures.com\/es\/producto\/disolvente-montana-pro-spray-400ml\/#breadcrumb"},"inLanguage":"es","potentialAction":[{"@type":"ReadAction","target":["https:\/\/fontfredapintures.com\/es\/producto\/disolvente-montana-pro-spray-400ml\/"]}]},{"@type":"ImageObject","inLanguage":"es","@id":"https:\/\/fontfredapintures.com\/es\/producto\/disolvente-montana-pro-spray-400ml\/#primaryimage","url":"https:\/\/fontfredapintures.com\/wp-content\/uploads\/2025\/02\/17400028_3264.png","contentUrl":"https:\/\/fontfredapintures.com\/wp-content\/uploads\/2025\/02\/17400028_3264.png","width":1000,"height":1143},{"@type":"BreadcrumbList","@id":"https:\/\/fontfredapintures.com\/es\/producto\/disolvente-montana-pro-spray-400ml\/#breadcrumb","itemListElement":[{"@type":"ListItem","position":1,"name":"Fontfreda","item":"https:\/\/fontfredapintures.com\/es\/"},{"@type":"ListItem","position":2,"name":"Tienda","item":"https:\/\/fontfredapintures.com\/es\/tienda\/"},{"@type":"ListItem","position":3,"name":"Disolvente Montana PRO Spray 400ml"}]},{"@type":"WebSite","@id":"https:\/\/fontfredapintures.com\/es\/#website","url":"https:\/\/fontfredapintures.com\/es\/","name":"Fontfreda Pintures","description":"Tienda online de pintura, decoraci\u00f3n y bellas artes","publisher":{"@id":"https:\/\/fontfredapintures.com\/es\/#organization"},"alternateName":"Pintures Fontfreda","potentialAction":[{"@type":"SearchAction","target":{"@type":"EntryPoint","urlTemplate":"https:\/\/fontfredapintures.com\/es\/?s={search_term_string}"},"query-input":{"@type":"PropertyValueSpecification","valueRequired":true,"valueName":"search_term_string"}}],"inLanguage":"es"},{"@type":"Organization","@id":"https:\/\/fontfredapintures.com\/es\/#organization","name":"Pintures Fontfreda","alternateName":"Fontfreda Pintures","url":"https:\/\/fontfredapintures.com\/es\/","logo":{"@type":"ImageObject","inLanguage":"es","@id":"https:\/\/fontfredapintures.com\/es\/#\/schema\/logo\/image\/","url":"https:\/\/fontfredapintures.com\/wp-content\/uploads\/2024\/04\/fontfreda-pintures-logo-yoast.jpg","contentUrl":"https:\/\/fontfredapintures.com\/wp-content\/uploads\/2024\/04\/fontfreda-pintures-logo-yoast.jpg","width":900,"height":600,"caption":"Pintures Fontfreda"},"image":{"@id":"https:\/\/fontfredapintures.com\/es\/#\/schema\/logo\/image\/"},"sameAs":["https:\/\/www.facebook.com\/fontfredapintures\/","https:\/\/www.instagram.com\/fontfredapintures\/","https:\/\/www.linkedin.com\/company\/fontfredapintures\/"]}]}},"_links":{"self":[{"href":"https:\/\/fontfredapintures.com\/es\/wp-json\/wp\/v2\/product\/58125","targetHints":{"allow":["GET"]}}],"collection":[{"href":"https:\/\/fontfredapintures.com\/es\/wp-json\/wp\/v2\/product"}],"about":[{"href":"https:\/\/fontfredapintures.com\/es\/wp-json\/wp\/v2\/types\/product"}],"replies":[{"embeddable":true,"href":"https:\/\/fontfredapintures.com\/es\/wp-json\/wp\/v2\/comments?post=58125"}],"version-history":[{"count":1,"href":"https:\/\/fontfredapintures.com\/es\/wp-json\/wp\/v2\/product\/58125\/revisions"}],"predecessor-version":[{"id":58171,"href":"https:\/\/fontfredapintures.com\/es\/wp-json\/wp\/v2\/product\/58125\/revisions\/58171"}],"wp:featuredmedia":[{"embeddable":true,"href":"https:\/\/fontfredapintures.com\/es\/wp-json\/wp\/v2\/media\/58117"}],"wp:attachment":[{"href":"https:\/\/fontfredapintures.com\/es\/wp-json\/wp\/v2\/media?parent=58125"}],"wp:term":[{"taxonomy":"product_brand","embeddable":true,"href":"https:\/\/fontfredapintures.com\/es\/wp-json\/wp\/v2\/product_brand?post=58125"},{"taxonomy":"product_cat","embeddable":true,"href":"https:\/\/fontfredapintures.com\/es\/wp-json\/wp\/v2\/product_cat?post=58125"},{"taxonomy":"product_tag","embeddable":true,"href":"https:\/\/fontfredapintures.com\/es\/wp-json\/wp\/v2\/product_tag?post=58125"}],"curies":[{"name":"wp","href":"https:\/\/api.w.org\/{rel}","templated":true}]}}