{"id":57914,"date":"2025-02-24T15:01:23","date_gmt":"2025-02-24T13:01:23","guid":{"rendered":"https:\/\/fontfredapintures.com\/producte\/imprimacion-gris-aparejo-mtn-pro-spray-400ml\/"},"modified":"2025-05-28T01:34:01","modified_gmt":"2025-05-27T23:34:01","slug":"imprimacion-gris-aparejo-mtn-pro-spray-400ml","status":"publish","type":"product","link":"https:\/\/fontfredapintures.com\/es\/producto\/imprimacion-gris-aparejo-mtn-pro-spray-400ml\/","title":{"rendered":"Imprimaci\u00f3n gris aparejo MTN PRO Spray 400ml"},"content":{"rendered":"<p>CARACTERI\u00b4STICAS:<\/p>\n<p>&#8211; Secado muy ra\u00b4pido.<br \/>\n&#8211; Gran poder de relleno.<br \/>\n&#8211; Fa\u00b4cil de lijar.<br \/>\n&#8211; No contiene plomo ni otros metales pesados.<br \/>\n&#8211; Facilidad de aplicacio\u00b4n y repintado.<\/p>\n<p>INSTRUCCIONES DE USO:<\/p>\n<p>&#8211; Uso profesional.<br \/>\n&#8211; Agitar muy bien el aerosol antes de usar, aproximadamente un minuto despue\u00b4s<br \/>\nde oi\u00b4r el ruido del mezclador.<br \/>\n&#8211; Aplicar en capas finas para obtener mejores resultados, siempre es mejor<br \/>\ntres capas finas que una de gruesa, repintable a los veinte minutos con<br \/>\nla misma pintura.<br \/>\n&#8211; No aplicar sobre esmaltes acri\u00b4licos termopla\u00b4sticos. Para metal: desengrasado<br \/>\ny eliminacio\u00b4n del o\u00b4xido. Sobre masilla de Polie\u00b4ster 2K aplicar directamente<br \/>\nprevio lijado.<br \/>\n&#8211; Invertir el aerosol para purgar la va\u00b4lvula tras el uso, si se atasca el difusor<br \/>\nreemplazarlo por uno de nuevo.<br \/>\n&#8211; No aplicar sobre equipos conectados y utilizar en a\u00b4reas bien ventiladas.<br \/>\n&#8211; Solicite fichas de seguridad.<\/p>\n","protected":false},"excerpt":{"rendered":"<p>El spray MTN PRO Imprimaci\u00f3n gris aparejo es una imprimaci\u00f3n intermedia de alto espesor \u201caparejo\u201d monocomponente fabricado con resinas nitro alqu\u00eddicas modificadas que permiten una excelente repintabilidad.<br \/>\nEl producto es aplicable sobre imprimaciones, masillas de poli\u00e9ster o directamente sobre chapa lijada para conseguir un efecto de relleno e igualaci\u00f3n de la superficie. Su uso es id\u00f3neo para los sectores de la industria y la automoci\u00f3n. <\/p>\n<p>S\u00f3lo para uso profesional.<\/p>\n<p>400ml<\/p>\n","protected":false},"featured_media":57912,"comment_status":"open","ping_status":"closed","template":"","meta":[],"product_brand":[],"product_cat":[1274,1513,1906],"product_tag":[],"class_list":{"0":"post-57914","1":"product","2":"type-product","3":"status-publish","4":"has-post-thumbnail","6":"product_cat-sprays","7":"product_cat-esprais-montana-pro","8":"product_cat-automocion","9":"pa_brand-montana-colors-es","11":"first","12":"instock","13":"sale","14":"taxable","15":"shipping-taxable","16":"purchasable","17":"product-type-simple"},"group_of_quantity":0,"min_quantity":0,"max_quantity":"","exclude_order_quantity_value_rules":"no","exclude_category_quantity_rules":"no","combine_variations":"no","yoast_head":"<!-- This site is optimized with the Yoast SEO plugin v25.7 - https:\/\/yoast.com\/wordpress\/plugins\/seo\/ -->\n<title>Imprimaci\u00f3n gris aparejo MTN PRO Spray 400ml - Fontfreda Pintures<\/title>\n<meta name=\"robots\" content=\"index, follow, max-snippet:-1, max-image-preview:large, max-video-preview:-1\" \/>\n<link rel=\"canonical\" href=\"https:\/\/fontfredapintures.com\/es\/producto\/imprimacion-gris-aparejo-mtn-pro-spray-400ml\/\" \/>\n<meta property=\"og:locale\" content=\"es_ES\" \/>\n<meta property=\"og:type\" content=\"article\" \/>\n<meta property=\"og:title\" content=\"Imprimaci\u00f3n gris aparejo MTN PRO Spray 400ml - Fontfreda Pintures\" \/>\n<meta property=\"og:description\" content=\"El spray MTN PRO Imprimaci\u00f3n gris aparejo es una imprimaci\u00f3n intermedia de alto espesor \u201caparejo\u201d monocomponente fabricado con resinas nitro alqu\u00eddicas modificadas que permiten una excelente repintabilidad. El producto es aplicable sobre imprimaciones, masillas de poli\u00e9ster o directamente sobre chapa lijada para conseguir un efecto de relleno e igualaci\u00f3n de la superficie. Su uso es id\u00f3neo para los sectores de la industria y la automoci\u00f3n.  S\u00f3lo para uso profesional. 400ml\" \/>\n<meta property=\"og:url\" content=\"https:\/\/fontfredapintures.com\/es\/producto\/imprimacion-gris-aparejo-mtn-pro-spray-400ml\/\" \/>\n<meta property=\"og:site_name\" content=\"Fontfreda Pintures\" \/>\n<meta property=\"article:publisher\" content=\"https:\/\/www.facebook.com\/fontfredapintures\/\" \/>\n<meta property=\"article:modified_time\" content=\"2025-05-27T23:34:01+00:00\" \/>\n<meta property=\"og:image\" content=\"https:\/\/fontfredapintures.com\/wp-content\/uploads\/2025\/02\/17401900954000_3256.png\" \/>\n\t<meta property=\"og:image:width\" content=\"1000\" \/>\n\t<meta property=\"og:image:height\" content=\"1143\" \/>\n\t<meta property=\"og:image:type\" content=\"image\/png\" \/>\n<meta name=\"twitter:card\" content=\"summary_large_image\" \/>\n<meta name=\"twitter:label1\" content=\"Tiempo de lectura\" \/>\n\t<meta name=\"twitter:data1\" content=\"1 minuto\" \/>\n<script type=\"application\/ld+json\" class=\"yoast-schema-graph\">{\"@context\":\"https:\/\/schema.org\",\"@graph\":[{\"@type\":\"WebPage\",\"@id\":\"https:\/\/fontfredapintures.com\/es\/producto\/imprimacion-gris-aparejo-mtn-pro-spray-400ml\/\",\"url\":\"https:\/\/fontfredapintures.com\/es\/producto\/imprimacion-gris-aparejo-mtn-pro-spray-400ml\/\",\"name\":\"Imprimaci\u00f3n gris aparejo MTN PRO Spray 400ml - Fontfreda Pintures\",\"isPartOf\":{\"@id\":\"https:\/\/fontfredapintures.com\/es\/#website\"},\"primaryImageOfPage\":{\"@id\":\"https:\/\/fontfredapintures.com\/es\/producto\/imprimacion-gris-aparejo-mtn-pro-spray-400ml\/#primaryimage\"},\"image\":{\"@id\":\"https:\/\/fontfredapintures.com\/es\/producto\/imprimacion-gris-aparejo-mtn-pro-spray-400ml\/#primaryimage\"},\"thumbnailUrl\":\"https:\/\/fontfredapintures.com\/wp-content\/uploads\/2025\/02\/17401900954000_3256.png\",\"datePublished\":\"2025-02-24T13:01:23+00:00\",\"dateModified\":\"2025-05-27T23:34:01+00:00\",\"breadcrumb\":{\"@id\":\"https:\/\/fontfredapintures.com\/es\/producto\/imprimacion-gris-aparejo-mtn-pro-spray-400ml\/#breadcrumb\"},\"inLanguage\":\"es\",\"potentialAction\":[{\"@type\":\"ReadAction\",\"target\":[\"https:\/\/fontfredapintures.com\/es\/producto\/imprimacion-gris-aparejo-mtn-pro-spray-400ml\/\"]}]},{\"@type\":\"ImageObject\",\"inLanguage\":\"es\",\"@id\":\"https:\/\/fontfredapintures.com\/es\/producto\/imprimacion-gris-aparejo-mtn-pro-spray-400ml\/#primaryimage\",\"url\":\"https:\/\/fontfredapintures.com\/wp-content\/uploads\/2025\/02\/17401900954000_3256.png\",\"contentUrl\":\"https:\/\/fontfredapintures.com\/wp-content\/uploads\/2025\/02\/17401900954000_3256.png\",\"width\":1000,\"height\":1143},{\"@type\":\"BreadcrumbList\",\"@id\":\"https:\/\/fontfredapintures.com\/es\/producto\/imprimacion-gris-aparejo-mtn-pro-spray-400ml\/#breadcrumb\",\"itemListElement\":[{\"@type\":\"ListItem\",\"position\":1,\"name\":\"Fontfreda\",\"item\":\"https:\/\/fontfredapintures.com\/es\/\"},{\"@type\":\"ListItem\",\"position\":2,\"name\":\"Tienda\",\"item\":\"https:\/\/fontfredapintures.com\/es\/tienda\/\"},{\"@type\":\"ListItem\",\"position\":3,\"name\":\"Imprimaci\u00f3n gris aparejo MTN PRO Spray 400ml\"}]},{\"@type\":\"WebSite\",\"@id\":\"https:\/\/fontfredapintures.com\/es\/#website\",\"url\":\"https:\/\/fontfredapintures.com\/es\/\",\"name\":\"Fontfreda Pintures\",\"description\":\"Tienda online de pintura, decoraci\u00f3n y bellas artes\",\"publisher\":{\"@id\":\"https:\/\/fontfredapintures.com\/es\/#organization\"},\"alternateName\":\"Pintures Fontfreda\",\"potentialAction\":[{\"@type\":\"SearchAction\",\"target\":{\"@type\":\"EntryPoint\",\"urlTemplate\":\"https:\/\/fontfredapintures.com\/es\/?s={search_term_string}\"},\"query-input\":{\"@type\":\"PropertyValueSpecification\",\"valueRequired\":true,\"valueName\":\"search_term_string\"}}],\"inLanguage\":\"es\"},{\"@type\":\"Organization\",\"@id\":\"https:\/\/fontfredapintures.com\/es\/#organization\",\"name\":\"Pintures Fontfreda\",\"alternateName\":\"Fontfreda Pintures\",\"url\":\"https:\/\/fontfredapintures.com\/es\/\",\"logo\":{\"@type\":\"ImageObject\",\"inLanguage\":\"es\",\"@id\":\"https:\/\/fontfredapintures.com\/es\/#\/schema\/logo\/image\/\",\"url\":\"https:\/\/fontfredapintures.com\/wp-content\/uploads\/2024\/04\/fontfreda-pintures-logo-yoast.jpg\",\"contentUrl\":\"https:\/\/fontfredapintures.com\/wp-content\/uploads\/2024\/04\/fontfreda-pintures-logo-yoast.jpg\",\"width\":900,\"height\":600,\"caption\":\"Pintures Fontfreda\"},\"image\":{\"@id\":\"https:\/\/fontfredapintures.com\/es\/#\/schema\/logo\/image\/\"},\"sameAs\":[\"https:\/\/www.facebook.com\/fontfredapintures\/\",\"https:\/\/www.instagram.com\/fontfredapintures\/\",\"https:\/\/www.linkedin.com\/company\/fontfredapintures\/\"]}]}<\/script>\n<!-- \/ Yoast SEO plugin. -->","yoast_head_json":{"title":"Imprimaci\u00f3n gris aparejo MTN PRO Spray 400ml - Fontfreda Pintures","robots":{"index":"index","follow":"follow","max-snippet":"max-snippet:-1","max-image-preview":"max-image-preview:large","max-video-preview":"max-video-preview:-1"},"canonical":"https:\/\/fontfredapintures.com\/es\/producto\/imprimacion-gris-aparejo-mtn-pro-spray-400ml\/","og_locale":"es_ES","og_type":"article","og_title":"Imprimaci\u00f3n gris aparejo MTN PRO Spray 400ml - Fontfreda Pintures","og_description":"El spray MTN PRO Imprimaci\u00f3n gris aparejo es una imprimaci\u00f3n intermedia de alto espesor \u201caparejo\u201d monocomponente fabricado con resinas nitro alqu\u00eddicas modificadas que permiten una excelente repintabilidad. El producto es aplicable sobre imprimaciones, masillas de poli\u00e9ster o directamente sobre chapa lijada para conseguir un efecto de relleno e igualaci\u00f3n de la superficie. Su uso es id\u00f3neo para los sectores de la industria y la automoci\u00f3n.  S\u00f3lo para uso profesional. 400ml","og_url":"https:\/\/fontfredapintures.com\/es\/producto\/imprimacion-gris-aparejo-mtn-pro-spray-400ml\/","og_site_name":"Fontfreda Pintures","article_publisher":"https:\/\/www.facebook.com\/fontfredapintures\/","article_modified_time":"2025-05-27T23:34:01+00:00","og_image":[{"width":1000,"height":1143,"url":"https:\/\/fontfredapintures.com\/wp-content\/uploads\/2025\/02\/17401900954000_3256.png","type":"image\/png"}],"twitter_card":"summary_large_image","twitter_misc":{"Tiempo de lectura":"1 minuto"},"schema":{"@context":"https:\/\/schema.org","@graph":[{"@type":"WebPage","@id":"https:\/\/fontfredapintures.com\/es\/producto\/imprimacion-gris-aparejo-mtn-pro-spray-400ml\/","url":"https:\/\/fontfredapintures.com\/es\/producto\/imprimacion-gris-aparejo-mtn-pro-spray-400ml\/","name":"Imprimaci\u00f3n gris aparejo MTN PRO Spray 400ml - Fontfreda Pintures","isPartOf":{"@id":"https:\/\/fontfredapintures.com\/es\/#website"},"primaryImageOfPage":{"@id":"https:\/\/fontfredapintures.com\/es\/producto\/imprimacion-gris-aparejo-mtn-pro-spray-400ml\/#primaryimage"},"image":{"@id":"https:\/\/fontfredapintures.com\/es\/producto\/imprimacion-gris-aparejo-mtn-pro-spray-400ml\/#primaryimage"},"thumbnailUrl":"https:\/\/fontfredapintures.com\/wp-content\/uploads\/2025\/02\/17401900954000_3256.png","datePublished":"2025-02-24T13:01:23+00:00","dateModified":"2025-05-27T23:34:01+00:00","breadcrumb":{"@id":"https:\/\/fontfredapintures.com\/es\/producto\/imprimacion-gris-aparejo-mtn-pro-spray-400ml\/#breadcrumb"},"inLanguage":"es","potentialAction":[{"@type":"ReadAction","target":["https:\/\/fontfredapintures.com\/es\/producto\/imprimacion-gris-aparejo-mtn-pro-spray-400ml\/"]}]},{"@type":"ImageObject","inLanguage":"es","@id":"https:\/\/fontfredapintures.com\/es\/producto\/imprimacion-gris-aparejo-mtn-pro-spray-400ml\/#primaryimage","url":"https:\/\/fontfredapintures.com\/wp-content\/uploads\/2025\/02\/17401900954000_3256.png","contentUrl":"https:\/\/fontfredapintures.com\/wp-content\/uploads\/2025\/02\/17401900954000_3256.png","width":1000,"height":1143},{"@type":"BreadcrumbList","@id":"https:\/\/fontfredapintures.com\/es\/producto\/imprimacion-gris-aparejo-mtn-pro-spray-400ml\/#breadcrumb","itemListElement":[{"@type":"ListItem","position":1,"name":"Fontfreda","item":"https:\/\/fontfredapintures.com\/es\/"},{"@type":"ListItem","position":2,"name":"Tienda","item":"https:\/\/fontfredapintures.com\/es\/tienda\/"},{"@type":"ListItem","position":3,"name":"Imprimaci\u00f3n gris aparejo MTN PRO Spray 400ml"}]},{"@type":"WebSite","@id":"https:\/\/fontfredapintures.com\/es\/#website","url":"https:\/\/fontfredapintures.com\/es\/","name":"Fontfreda Pintures","description":"Tienda online de pintura, decoraci\u00f3n y bellas artes","publisher":{"@id":"https:\/\/fontfredapintures.com\/es\/#organization"},"alternateName":"Pintures Fontfreda","potentialAction":[{"@type":"SearchAction","target":{"@type":"EntryPoint","urlTemplate":"https:\/\/fontfredapintures.com\/es\/?s={search_term_string}"},"query-input":{"@type":"PropertyValueSpecification","valueRequired":true,"valueName":"search_term_string"}}],"inLanguage":"es"},{"@type":"Organization","@id":"https:\/\/fontfredapintures.com\/es\/#organization","name":"Pintures Fontfreda","alternateName":"Fontfreda Pintures","url":"https:\/\/fontfredapintures.com\/es\/","logo":{"@type":"ImageObject","inLanguage":"es","@id":"https:\/\/fontfredapintures.com\/es\/#\/schema\/logo\/image\/","url":"https:\/\/fontfredapintures.com\/wp-content\/uploads\/2024\/04\/fontfreda-pintures-logo-yoast.jpg","contentUrl":"https:\/\/fontfredapintures.com\/wp-content\/uploads\/2024\/04\/fontfreda-pintures-logo-yoast.jpg","width":900,"height":600,"caption":"Pintures Fontfreda"},"image":{"@id":"https:\/\/fontfredapintures.com\/es\/#\/schema\/logo\/image\/"},"sameAs":["https:\/\/www.facebook.com\/fontfredapintures\/","https:\/\/www.instagram.com\/fontfredapintures\/","https:\/\/www.linkedin.com\/company\/fontfredapintures\/"]}]}},"_links":{"self":[{"href":"https:\/\/fontfredapintures.com\/es\/wp-json\/wp\/v2\/product\/57914","targetHints":{"allow":["GET"]}}],"collection":[{"href":"https:\/\/fontfredapintures.com\/es\/wp-json\/wp\/v2\/product"}],"about":[{"href":"https:\/\/fontfredapintures.com\/es\/wp-json\/wp\/v2\/types\/product"}],"replies":[{"embeddable":true,"href":"https:\/\/fontfredapintures.com\/es\/wp-json\/wp\/v2\/comments?post=57914"}],"version-history":[{"count":2,"href":"https:\/\/fontfredapintures.com\/es\/wp-json\/wp\/v2\/product\/57914\/revisions"}],"predecessor-version":[{"id":58050,"href":"https:\/\/fontfredapintures.com\/es\/wp-json\/wp\/v2\/product\/57914\/revisions\/58050"}],"wp:featuredmedia":[{"embeddable":true,"href":"https:\/\/fontfredapintures.com\/es\/wp-json\/wp\/v2\/media\/57912"}],"wp:attachment":[{"href":"https:\/\/fontfredapintures.com\/es\/wp-json\/wp\/v2\/media?parent=57914"}],"wp:term":[{"taxonomy":"product_brand","embeddable":true,"href":"https:\/\/fontfredapintures.com\/es\/wp-json\/wp\/v2\/product_brand?post=57914"},{"taxonomy":"product_cat","embeddable":true,"href":"https:\/\/fontfredapintures.com\/es\/wp-json\/wp\/v2\/product_cat?post=57914"},{"taxonomy":"product_tag","embeddable":true,"href":"https:\/\/fontfredapintures.com\/es\/wp-json\/wp\/v2\/product_tag?post=57914"}],"curies":[{"name":"wp","href":"https:\/\/api.w.org\/{rel}","templated":true}]}}