{"id":57026,"date":"2025-02-10T19:01:28","date_gmt":"2025-02-10T17:01:28","guid":{"rendered":"https:\/\/fontfredapintures.com\/producte\/hidrolimpiadora-karcher-k3\/"},"modified":"2026-03-17T01:37:45","modified_gmt":"2026-03-16T23:37:45","slug":"hidrolimpiadora-karcher-k3","status":"publish","type":"product","link":"https:\/\/fontfredapintures.com\/es\/producto\/hidrolimpiadora-karcher-k3\/","title":{"rendered":"Hidrolimpiadora Karcher K3"},"content":{"rendered":"<p>CARACTER\u00cdSTICAS Y VENTAS<br \/>\n&#8211; Conexi\u00f3n R\u00e1pida: La manguera de alta presi\u00f3n se conecta y desconecta del equipo y de la pistola de manera r\u00e1pida y c\u00f3moda, sin importar el tiempo y el trabajo que requiera.<br \/>\n&#8211; Soluci\u00f3n de dep\u00f3sito limpio: El pr\u00e1ctico dep\u00f3sito de detergente facilita su aplicaci\u00f3n.<br \/>\n&#8211; Orden gracias al gancho: Gran gancho port\u00e1til para guardar los cables ordenados directamente en el equipo.<\/p>\n<p>CARACTER\u00cdSTICAS T\u00c9CNICAS:<br \/>\n&#8211; Presi\u00f3n (bar\/MPa): 20 &#8211; m\u00e1x. 120 \/ 2 &#8211; m\u00e1x. 12<br \/>\n&#8211; Caudal (l\/h): m\u00e1x. 380<br \/>\n&#8211; Rendimiento superficial (m\u00b2\/h): 25<br \/>\n&#8211; Temperatura de entrada (\u00b0C): m\u00e1x. 40<br \/>\n&#8211; Potencia de conexi\u00f3n (kW): 1,6<br \/>\n&#8211; Color: amarillo<br \/>\n&#8211; Peso sin accesorios (kg): 5<br \/>\n&#8211; Peso con embalaje incluido (kg): 7<br \/>\n&#8211; Dimensiones (ancho \u00d7 largo \u00d7 ancho) (mm): 275 x 279 x 803<\/p>\n<p>Incluido en el equipamiento est\u00e1ndar:<br \/>\n&#8211; Pistola de alta presi\u00f3n: G 120 Q<br \/>\n&#8211; Chorro de potencia variable<br \/>\n&#8211; Boquilla turbo<br \/>\n&#8211; Manguera de alta presi\u00f3n: 6 m<br \/>\n&#8211; Adaptador de conector para mangueras de agua A3\/4&#8243;<\/p>\n<p>Equipo<br \/>\n&#8211; Conexi\u00f3n r\u00e1pida en el lateral del equipo<br \/>\n&#8211; Aplicaci\u00f3n de detergente v\u00eda: Dep\u00f3sito<br \/>\n&#8211; Filtro de agua integrado<\/p>\n","protected":false},"excerpt":{"rendered":"<p>Con la hidrolimpiadora K3, eliminar la suciedad superficial ser\u00e1 m\u00e1s f\u00e1cil que nunca. Este modelo cuenta con una pistola Quick Connect y una manguera de alta presi\u00f3n de 6 metros, lo que la hace perfecta para usos espor\u00e1dicos en el hogar, proporcionando una limpieza impecable en bicicletas, vallas y motocicletas. Gracias a la lanza Vario Power (VPS), es posible ajustar la presi\u00f3n del agua de manera sencilla con un simple giro, adapt\u00e1ndola a cada superficie. Adem\u00e1s, su boquilla turbo con chorro rotatorio elimina incluso la suciedad m\u00e1s dif\u00edcil. La bomba de la K3 est\u00e1 protegida por un filtro de agua, lo que prolonga su durabilidad.<\/p>\n","protected":false},"featured_media":57018,"comment_status":"open","ping_status":"closed","template":"","meta":[],"product_brand":[],"product_cat":[80,1504],"product_tag":[],"class_list":{"0":"post-57026","1":"product","2":"type-product","3":"status-publish","4":"has-post-thumbnail","6":"product_cat-maquinaria-es","7":"product_cat-hidrolavadoras","8":"pa_brand-karcher-es","10":"first","11":"instock","12":"taxable","13":"shipping-taxable","14":"purchasable","15":"product-type-simple"},"group_of_quantity":0,"min_quantity":0,"max_quantity":"","exclude_order_quantity_value_rules":"no","exclude_category_quantity_rules":"no","combine_variations":"no","yoast_head":"<!-- This site is optimized with the Yoast SEO plugin v25.7 - https:\/\/yoast.com\/wordpress\/plugins\/seo\/ -->\n<title>Hidrolimpiadora Karcher K3 - Fontfreda Pintures<\/title>\n<meta name=\"robots\" content=\"index, follow, max-snippet:-1, max-image-preview:large, max-video-preview:-1\" \/>\n<link rel=\"canonical\" href=\"https:\/\/fontfredapintures.com\/es\/producto\/hidrolimpiadora-karcher-k3\/\" \/>\n<meta property=\"og:locale\" content=\"es_ES\" \/>\n<meta property=\"og:type\" content=\"article\" \/>\n<meta property=\"og:title\" content=\"Hidrolimpiadora Karcher K3 - Fontfreda Pintures\" \/>\n<meta property=\"og:description\" content=\"Con la hidrolimpiadora K3, eliminar la suciedad superficial ser\u00e1 m\u00e1s f\u00e1cil que nunca. Este modelo cuenta con una pistola Quick Connect y una manguera de alta presi\u00f3n de 6 metros, lo que la hace perfecta para usos espor\u00e1dicos en el hogar, proporcionando una limpieza impecable en bicicletas, vallas y motocicletas. Gracias a la lanza Vario Power (VPS), es posible ajustar la presi\u00f3n del agua de manera sencilla con un simple giro, adapt\u00e1ndola a cada superficie. Adem\u00e1s, su boquilla turbo con chorro rotatorio elimina incluso la suciedad m\u00e1s dif\u00edcil. La bomba de la K3 est\u00e1 protegida por un filtro de agua, lo que prolonga su durabilidad.\" \/>\n<meta property=\"og:url\" content=\"https:\/\/fontfredapintures.com\/es\/producto\/hidrolimpiadora-karcher-k3\/\" \/>\n<meta property=\"og:site_name\" content=\"Fontfreda Pintures\" \/>\n<meta property=\"article:publisher\" content=\"https:\/\/www.facebook.com\/fontfredapintures\/\" \/>\n<meta property=\"article:modified_time\" content=\"2026-03-16T23:37:45+00:00\" \/>\n<meta property=\"og:image\" content=\"https:\/\/fontfredapintures.com\/wp-content\/uploads\/2025\/02\/51300043_3213.png\" \/>\n\t<meta property=\"og:image:width\" content=\"1000\" \/>\n\t<meta property=\"og:image:height\" content=\"1143\" \/>\n\t<meta property=\"og:image:type\" content=\"image\/png\" \/>\n<meta name=\"twitter:card\" content=\"summary_large_image\" \/>\n<meta name=\"twitter:label1\" content=\"Tiempo de lectura\" \/>\n\t<meta name=\"twitter:data1\" content=\"1 minuto\" \/>\n<script type=\"application\/ld+json\" class=\"yoast-schema-graph\">{\"@context\":\"https:\/\/schema.org\",\"@graph\":[{\"@type\":\"WebPage\",\"@id\":\"https:\/\/fontfredapintures.com\/es\/producto\/hidrolimpiadora-karcher-k3\/\",\"url\":\"https:\/\/fontfredapintures.com\/es\/producto\/hidrolimpiadora-karcher-k3\/\",\"name\":\"Hidrolimpiadora Karcher K3 - Fontfreda Pintures\",\"isPartOf\":{\"@id\":\"https:\/\/fontfredapintures.com\/es\/#website\"},\"primaryImageOfPage\":{\"@id\":\"https:\/\/fontfredapintures.com\/es\/producto\/hidrolimpiadora-karcher-k3\/#primaryimage\"},\"image\":{\"@id\":\"https:\/\/fontfredapintures.com\/es\/producto\/hidrolimpiadora-karcher-k3\/#primaryimage\"},\"thumbnailUrl\":\"https:\/\/fontfredapintures.com\/wp-content\/uploads\/2025\/02\/51300043_3213.png\",\"datePublished\":\"2025-02-10T17:01:28+00:00\",\"dateModified\":\"2026-03-16T23:37:45+00:00\",\"breadcrumb\":{\"@id\":\"https:\/\/fontfredapintures.com\/es\/producto\/hidrolimpiadora-karcher-k3\/#breadcrumb\"},\"inLanguage\":\"es\",\"potentialAction\":[{\"@type\":\"ReadAction\",\"target\":[\"https:\/\/fontfredapintures.com\/es\/producto\/hidrolimpiadora-karcher-k3\/\"]}]},{\"@type\":\"ImageObject\",\"inLanguage\":\"es\",\"@id\":\"https:\/\/fontfredapintures.com\/es\/producto\/hidrolimpiadora-karcher-k3\/#primaryimage\",\"url\":\"https:\/\/fontfredapintures.com\/wp-content\/uploads\/2025\/02\/51300043_3213.png\",\"contentUrl\":\"https:\/\/fontfredapintures.com\/wp-content\/uploads\/2025\/02\/51300043_3213.png\",\"width\":1000,\"height\":1143,\"caption\":\"Hidrolimpiadora Karcher en Fontfreda\"},{\"@type\":\"BreadcrumbList\",\"@id\":\"https:\/\/fontfredapintures.com\/es\/producto\/hidrolimpiadora-karcher-k3\/#breadcrumb\",\"itemListElement\":[{\"@type\":\"ListItem\",\"position\":1,\"name\":\"Fontfreda\",\"item\":\"https:\/\/fontfredapintures.com\/es\/\"},{\"@type\":\"ListItem\",\"position\":2,\"name\":\"Tienda\",\"item\":\"https:\/\/fontfredapintures.com\/es\/tienda\/\"},{\"@type\":\"ListItem\",\"position\":3,\"name\":\"Hidrolimpiadora Karcher K3\"}]},{\"@type\":\"WebSite\",\"@id\":\"https:\/\/fontfredapintures.com\/es\/#website\",\"url\":\"https:\/\/fontfredapintures.com\/es\/\",\"name\":\"Fontfreda Pintures\",\"description\":\"Tienda online de pintura, decoraci\u00f3n y bellas artes\",\"publisher\":{\"@id\":\"https:\/\/fontfredapintures.com\/es\/#organization\"},\"alternateName\":\"Pintures Fontfreda\",\"potentialAction\":[{\"@type\":\"SearchAction\",\"target\":{\"@type\":\"EntryPoint\",\"urlTemplate\":\"https:\/\/fontfredapintures.com\/es\/?s={search_term_string}\"},\"query-input\":{\"@type\":\"PropertyValueSpecification\",\"valueRequired\":true,\"valueName\":\"search_term_string\"}}],\"inLanguage\":\"es\"},{\"@type\":\"Organization\",\"@id\":\"https:\/\/fontfredapintures.com\/es\/#organization\",\"name\":\"Pintures Fontfreda\",\"alternateName\":\"Fontfreda Pintures\",\"url\":\"https:\/\/fontfredapintures.com\/es\/\",\"logo\":{\"@type\":\"ImageObject\",\"inLanguage\":\"es\",\"@id\":\"https:\/\/fontfredapintures.com\/es\/#\/schema\/logo\/image\/\",\"url\":\"https:\/\/fontfredapintures.com\/wp-content\/uploads\/2024\/04\/fontfreda-pintures-logo-yoast.jpg\",\"contentUrl\":\"https:\/\/fontfredapintures.com\/wp-content\/uploads\/2024\/04\/fontfreda-pintures-logo-yoast.jpg\",\"width\":900,\"height\":600,\"caption\":\"Pintures Fontfreda\"},\"image\":{\"@id\":\"https:\/\/fontfredapintures.com\/es\/#\/schema\/logo\/image\/\"},\"sameAs\":[\"https:\/\/www.facebook.com\/fontfredapintures\/\",\"https:\/\/www.instagram.com\/fontfredapintures\/\",\"https:\/\/www.linkedin.com\/company\/fontfredapintures\/\"]}]}<\/script>\n<!-- \/ Yoast SEO plugin. -->","yoast_head_json":{"title":"Hidrolimpiadora Karcher K3 - Fontfreda Pintures","robots":{"index":"index","follow":"follow","max-snippet":"max-snippet:-1","max-image-preview":"max-image-preview:large","max-video-preview":"max-video-preview:-1"},"canonical":"https:\/\/fontfredapintures.com\/es\/producto\/hidrolimpiadora-karcher-k3\/","og_locale":"es_ES","og_type":"article","og_title":"Hidrolimpiadora Karcher K3 - Fontfreda Pintures","og_description":"Con la hidrolimpiadora K3, eliminar la suciedad superficial ser\u00e1 m\u00e1s f\u00e1cil que nunca. Este modelo cuenta con una pistola Quick Connect y una manguera de alta presi\u00f3n de 6 metros, lo que la hace perfecta para usos espor\u00e1dicos en el hogar, proporcionando una limpieza impecable en bicicletas, vallas y motocicletas. Gracias a la lanza Vario Power (VPS), es posible ajustar la presi\u00f3n del agua de manera sencilla con un simple giro, adapt\u00e1ndola a cada superficie. Adem\u00e1s, su boquilla turbo con chorro rotatorio elimina incluso la suciedad m\u00e1s dif\u00edcil. La bomba de la K3 est\u00e1 protegida por un filtro de agua, lo que prolonga su durabilidad.","og_url":"https:\/\/fontfredapintures.com\/es\/producto\/hidrolimpiadora-karcher-k3\/","og_site_name":"Fontfreda Pintures","article_publisher":"https:\/\/www.facebook.com\/fontfredapintures\/","article_modified_time":"2026-03-16T23:37:45+00:00","og_image":[{"width":1000,"height":1143,"url":"https:\/\/fontfredapintures.com\/wp-content\/uploads\/2025\/02\/51300043_3213.png","type":"image\/png"}],"twitter_card":"summary_large_image","twitter_misc":{"Tiempo de lectura":"1 minuto"},"schema":{"@context":"https:\/\/schema.org","@graph":[{"@type":"WebPage","@id":"https:\/\/fontfredapintures.com\/es\/producto\/hidrolimpiadora-karcher-k3\/","url":"https:\/\/fontfredapintures.com\/es\/producto\/hidrolimpiadora-karcher-k3\/","name":"Hidrolimpiadora Karcher K3 - Fontfreda Pintures","isPartOf":{"@id":"https:\/\/fontfredapintures.com\/es\/#website"},"primaryImageOfPage":{"@id":"https:\/\/fontfredapintures.com\/es\/producto\/hidrolimpiadora-karcher-k3\/#primaryimage"},"image":{"@id":"https:\/\/fontfredapintures.com\/es\/producto\/hidrolimpiadora-karcher-k3\/#primaryimage"},"thumbnailUrl":"https:\/\/fontfredapintures.com\/wp-content\/uploads\/2025\/02\/51300043_3213.png","datePublished":"2025-02-10T17:01:28+00:00","dateModified":"2026-03-16T23:37:45+00:00","breadcrumb":{"@id":"https:\/\/fontfredapintures.com\/es\/producto\/hidrolimpiadora-karcher-k3\/#breadcrumb"},"inLanguage":"es","potentialAction":[{"@type":"ReadAction","target":["https:\/\/fontfredapintures.com\/es\/producto\/hidrolimpiadora-karcher-k3\/"]}]},{"@type":"ImageObject","inLanguage":"es","@id":"https:\/\/fontfredapintures.com\/es\/producto\/hidrolimpiadora-karcher-k3\/#primaryimage","url":"https:\/\/fontfredapintures.com\/wp-content\/uploads\/2025\/02\/51300043_3213.png","contentUrl":"https:\/\/fontfredapintures.com\/wp-content\/uploads\/2025\/02\/51300043_3213.png","width":1000,"height":1143,"caption":"Hidrolimpiadora Karcher en Fontfreda"},{"@type":"BreadcrumbList","@id":"https:\/\/fontfredapintures.com\/es\/producto\/hidrolimpiadora-karcher-k3\/#breadcrumb","itemListElement":[{"@type":"ListItem","position":1,"name":"Fontfreda","item":"https:\/\/fontfredapintures.com\/es\/"},{"@type":"ListItem","position":2,"name":"Tienda","item":"https:\/\/fontfredapintures.com\/es\/tienda\/"},{"@type":"ListItem","position":3,"name":"Hidrolimpiadora Karcher K3"}]},{"@type":"WebSite","@id":"https:\/\/fontfredapintures.com\/es\/#website","url":"https:\/\/fontfredapintures.com\/es\/","name":"Fontfreda Pintures","description":"Tienda online de pintura, decoraci\u00f3n y bellas artes","publisher":{"@id":"https:\/\/fontfredapintures.com\/es\/#organization"},"alternateName":"Pintures Fontfreda","potentialAction":[{"@type":"SearchAction","target":{"@type":"EntryPoint","urlTemplate":"https:\/\/fontfredapintures.com\/es\/?s={search_term_string}"},"query-input":{"@type":"PropertyValueSpecification","valueRequired":true,"valueName":"search_term_string"}}],"inLanguage":"es"},{"@type":"Organization","@id":"https:\/\/fontfredapintures.com\/es\/#organization","name":"Pintures Fontfreda","alternateName":"Fontfreda Pintures","url":"https:\/\/fontfredapintures.com\/es\/","logo":{"@type":"ImageObject","inLanguage":"es","@id":"https:\/\/fontfredapintures.com\/es\/#\/schema\/logo\/image\/","url":"https:\/\/fontfredapintures.com\/wp-content\/uploads\/2024\/04\/fontfreda-pintures-logo-yoast.jpg","contentUrl":"https:\/\/fontfredapintures.com\/wp-content\/uploads\/2024\/04\/fontfreda-pintures-logo-yoast.jpg","width":900,"height":600,"caption":"Pintures Fontfreda"},"image":{"@id":"https:\/\/fontfredapintures.com\/es\/#\/schema\/logo\/image\/"},"sameAs":["https:\/\/www.facebook.com\/fontfredapintures\/","https:\/\/www.instagram.com\/fontfredapintures\/","https:\/\/www.linkedin.com\/company\/fontfredapintures\/"]}]}},"_links":{"self":[{"href":"https:\/\/fontfredapintures.com\/es\/wp-json\/wp\/v2\/product\/57026","targetHints":{"allow":["GET"]}}],"collection":[{"href":"https:\/\/fontfredapintures.com\/es\/wp-json\/wp\/v2\/product"}],"about":[{"href":"https:\/\/fontfredapintures.com\/es\/wp-json\/wp\/v2\/types\/product"}],"replies":[{"embeddable":true,"href":"https:\/\/fontfredapintures.com\/es\/wp-json\/wp\/v2\/comments?post=57026"}],"version-history":[{"count":1,"href":"https:\/\/fontfredapintures.com\/es\/wp-json\/wp\/v2\/product\/57026\/revisions"}],"predecessor-version":[{"id":57035,"href":"https:\/\/fontfredapintures.com\/es\/wp-json\/wp\/v2\/product\/57026\/revisions\/57035"}],"wp:featuredmedia":[{"embeddable":true,"href":"https:\/\/fontfredapintures.com\/es\/wp-json\/wp\/v2\/media\/57018"}],"wp:attachment":[{"href":"https:\/\/fontfredapintures.com\/es\/wp-json\/wp\/v2\/media?parent=57026"}],"wp:term":[{"taxonomy":"product_brand","embeddable":true,"href":"https:\/\/fontfredapintures.com\/es\/wp-json\/wp\/v2\/product_brand?post=57026"},{"taxonomy":"product_cat","embeddable":true,"href":"https:\/\/fontfredapintures.com\/es\/wp-json\/wp\/v2\/product_cat?post=57026"},{"taxonomy":"product_tag","embeddable":true,"href":"https:\/\/fontfredapintures.com\/es\/wp-json\/wp\/v2\/product_tag?post=57026"}],"curies":[{"name":"wp","href":"https:\/\/api.w.org\/{rel}","templated":true}]}}