{"id":56677,"date":"2025-01-28T18:01:12","date_gmt":"2025-01-28T16:01:12","guid":{"rendered":"https:\/\/fontfredapintures.com\/producte\/pintura-electrodomesticos-mtn-pro-spray-400ml\/"},"modified":"2025-06-19T02:24:16","modified_gmt":"2025-06-19T00:24:16","slug":"pintura-electrodomesticos-mtn-pro-spray-400ml","status":"publish","type":"product","link":"https:\/\/fontfredapintures.com\/es\/producto\/pintura-electrodomesticos-mtn-pro-spray-400ml\/","title":{"rendered":"Pintura electrodom\u00e9sticos MTN PRO Spray 400ml"},"content":{"rendered":"<p>CARACTERI\u00b4STICAS:<\/p>\n<p>&#8211; Excelente poder anticorrosivo.<br \/>\n&#8211; Protege la base meta\u00b4lica.<br \/>\n&#8211; No contiene plomo.<br \/>\n&#8211; Buen poder de cubricio\u00b4n.<br \/>\n&#8211; Muy resistente a temperaturas externas.<br \/>\n&#8211; Excelentes propiedades frente a la soldadura.<br \/>\n&#8211; Elevada resistencia a la intemperie.<br \/>\n&#8211; Se puede pintar encima con la mayori\u00b4a de pinturas normalmente utilizadas.<br \/>\n&#8211; Secado ultrara\u00b4pido.<\/p>\n<p>INSTRUCCIONES DE USO:<\/p>\n<p>&#8211; Agitar muy bien el aerosol antes de usar, aproximadamente durante un minuto despue\u00b4s de oi\u00b4r el ruido del mezclador.<br \/>\n&#8211; Aplicar sobre superficies limpias y secas. Sobre superficies meta\u00b4licas oxidadas eliminar la corrosio\u00b4n con un cepillo de alambres. Sobre pla\u00b4sticos y polie\u00b4steres aplicar una capa de anclaje.<br \/>\n&#8211; En la industria alimentaria no apto para pintar superficies que entren en contacto con los alimentos.<br \/>\n&#8211; Aplicar en capas finas para obtener mejores resultados, siempre es mejor tres capas finas que una de gruesa, repintable a los diez minutos con la misma pintura.<br \/>\n&#8211; Invertir el aerosol para purgar la va\u00b4lvula tras el uso, si se atasca el difusor reemplazarlo por uno de nuevo.<br \/>\n&#8211; No aplicar sobre equipos conectados y utilizar en a\u00b4reas bien ventiladas.<br \/>\n&#8211; Solicite fichas de seguridad.<br \/>\n&#8211; Buena elasticidad.<\/p>\n","protected":false},"excerpt":{"rendered":"<p>El spray MTN PRO Pintura electrodom\u00e9sticos es una pintura compuesta de resinas acr\u00edlicas de elevada calidad, pigmentos especiales y aditivos que le confieren un acabado perfecto.<\/p>\n<p>Debido a las caracter\u00edsticas del producto recomendamos su uso para retoques y el pintado de aparatos electrodom\u00e9sticos as\u00ed como complementos de los mismos.<\/p>\n<p>Posee una buena adherencia sobre la mayor\u00eda de metales y de materiales pl\u00e1sticos.<\/p>\n<p>Color: acero inoxidable<\/p>\n<p>400ml<\/p>\n","protected":false},"featured_media":56675,"comment_status":"open","ping_status":"closed","template":"","meta":[],"product_brand":[],"product_cat":[1274,1513,1897],"product_tag":[],"class_list":{"0":"post-56677","1":"product","2":"type-product","3":"status-publish","4":"has-post-thumbnail","6":"product_cat-sprays","7":"product_cat-esprais-montana-pro","8":"product_cat-reparacion-del-hogar","9":"pa_brand-montana-colors-es","11":"first","12":"instock","13":"sale","14":"taxable","15":"shipping-taxable","16":"purchasable","17":"product-type-simple"},"group_of_quantity":0,"min_quantity":0,"max_quantity":"","exclude_order_quantity_value_rules":"no","exclude_category_quantity_rules":"no","combine_variations":"no","yoast_head":"<!-- This site is optimized with the Yoast SEO plugin v25.7 - https:\/\/yoast.com\/wordpress\/plugins\/seo\/ -->\n<title>Pintura electrodom\u00e9sticos MTN PRO Spray 400ml - Fontfreda Pintures<\/title>\n<meta name=\"description\" content=\"PRUEBA AHORA la pintura ideal para retocar y pintar aparatos electrodom\u00e9sticos, as\u00ed como complementos de \u00e9stos. Buena adherencia sobre metales y pl\u00e1sticos.\" \/>\n<meta name=\"robots\" content=\"index, follow, max-snippet:-1, max-image-preview:large, max-video-preview:-1\" \/>\n<link rel=\"canonical\" href=\"https:\/\/fontfredapintures.com\/es\/producto\/pintura-electrodomesticos-mtn-pro-spray-400ml\/\" \/>\n<meta property=\"og:locale\" content=\"es_ES\" \/>\n<meta property=\"og:type\" content=\"article\" \/>\n<meta property=\"og:title\" content=\"Pintura electrodom\u00e9sticos MTN PRO Spray 400ml - Fontfreda Pintures\" \/>\n<meta property=\"og:description\" content=\"PRUEBA AHORA la pintura ideal para retocar y pintar aparatos electrodom\u00e9sticos, as\u00ed como complementos de \u00e9stos. Buena adherencia sobre metales y pl\u00e1sticos.\" \/>\n<meta property=\"og:url\" content=\"https:\/\/fontfredapintures.com\/es\/producto\/pintura-electrodomesticos-mtn-pro-spray-400ml\/\" \/>\n<meta property=\"og:site_name\" content=\"Fontfreda Pintures\" \/>\n<meta property=\"article:publisher\" content=\"https:\/\/www.facebook.com\/fontfredapintures\/\" \/>\n<meta property=\"article:modified_time\" content=\"2025-06-19T00:24:16+00:00\" \/>\n<meta property=\"og:image\" content=\"https:\/\/fontfredapintures.com\/wp-content\/uploads\/2025\/01\/17400013_3197.png\" \/>\n\t<meta property=\"og:image:width\" content=\"1000\" \/>\n\t<meta property=\"og:image:height\" content=\"1143\" \/>\n\t<meta property=\"og:image:type\" content=\"image\/png\" \/>\n<meta name=\"twitter:card\" content=\"summary_large_image\" \/>\n<meta name=\"twitter:label1\" content=\"Tiempo de lectura\" \/>\n\t<meta name=\"twitter:data1\" content=\"1 minuto\" \/>\n<script type=\"application\/ld+json\" class=\"yoast-schema-graph\">{\"@context\":\"https:\/\/schema.org\",\"@graph\":[{\"@type\":\"WebPage\",\"@id\":\"https:\/\/fontfredapintures.com\/es\/producto\/pintura-electrodomesticos-mtn-pro-spray-400ml\/\",\"url\":\"https:\/\/fontfredapintures.com\/es\/producto\/pintura-electrodomesticos-mtn-pro-spray-400ml\/\",\"name\":\"Pintura electrodom\u00e9sticos MTN PRO Spray 400ml - Fontfreda Pintures\",\"isPartOf\":{\"@id\":\"https:\/\/fontfredapintures.com\/es\/#website\"},\"primaryImageOfPage\":{\"@id\":\"https:\/\/fontfredapintures.com\/es\/producto\/pintura-electrodomesticos-mtn-pro-spray-400ml\/#primaryimage\"},\"image\":{\"@id\":\"https:\/\/fontfredapintures.com\/es\/producto\/pintura-electrodomesticos-mtn-pro-spray-400ml\/#primaryimage\"},\"thumbnailUrl\":\"https:\/\/fontfredapintures.com\/wp-content\/uploads\/2025\/01\/17400013_3197.png\",\"datePublished\":\"2025-01-28T16:01:12+00:00\",\"dateModified\":\"2025-06-19T00:24:16+00:00\",\"description\":\"PRUEBA AHORA la pintura ideal para retocar y pintar aparatos electrodom\u00e9sticos, as\u00ed como complementos de \u00e9stos. Buena adherencia sobre metales y pl\u00e1sticos.\",\"breadcrumb\":{\"@id\":\"https:\/\/fontfredapintures.com\/es\/producto\/pintura-electrodomesticos-mtn-pro-spray-400ml\/#breadcrumb\"},\"inLanguage\":\"es\",\"potentialAction\":[{\"@type\":\"ReadAction\",\"target\":[\"https:\/\/fontfredapintures.com\/es\/producto\/pintura-electrodomesticos-mtn-pro-spray-400ml\/\"]}]},{\"@type\":\"ImageObject\",\"inLanguage\":\"es\",\"@id\":\"https:\/\/fontfredapintures.com\/es\/producto\/pintura-electrodomesticos-mtn-pro-spray-400ml\/#primaryimage\",\"url\":\"https:\/\/fontfredapintures.com\/wp-content\/uploads\/2025\/01\/17400013_3197.png\",\"contentUrl\":\"https:\/\/fontfredapintures.com\/wp-content\/uploads\/2025\/01\/17400013_3197.png\",\"width\":1000,\"height\":1143,\"caption\":\"Pintura electrodom\u00e8stics MTN PRO Spray 400ml\"},{\"@type\":\"BreadcrumbList\",\"@id\":\"https:\/\/fontfredapintures.com\/es\/producto\/pintura-electrodomesticos-mtn-pro-spray-400ml\/#breadcrumb\",\"itemListElement\":[{\"@type\":\"ListItem\",\"position\":1,\"name\":\"Fontfreda\",\"item\":\"https:\/\/fontfredapintures.com\/es\/\"},{\"@type\":\"ListItem\",\"position\":2,\"name\":\"Tienda\",\"item\":\"https:\/\/fontfredapintures.com\/es\/tienda\/\"},{\"@type\":\"ListItem\",\"position\":3,\"name\":\"Pintura electrodom\u00e9sticos MTN PRO Spray 400ml\"}]},{\"@type\":\"WebSite\",\"@id\":\"https:\/\/fontfredapintures.com\/es\/#website\",\"url\":\"https:\/\/fontfredapintures.com\/es\/\",\"name\":\"Fontfreda Pintures\",\"description\":\"Tienda online de pintura, decoraci\u00f3n y bellas artes\",\"publisher\":{\"@id\":\"https:\/\/fontfredapintures.com\/es\/#organization\"},\"alternateName\":\"Pintures Fontfreda\",\"potentialAction\":[{\"@type\":\"SearchAction\",\"target\":{\"@type\":\"EntryPoint\",\"urlTemplate\":\"https:\/\/fontfredapintures.com\/es\/?s={search_term_string}\"},\"query-input\":{\"@type\":\"PropertyValueSpecification\",\"valueRequired\":true,\"valueName\":\"search_term_string\"}}],\"inLanguage\":\"es\"},{\"@type\":\"Organization\",\"@id\":\"https:\/\/fontfredapintures.com\/es\/#organization\",\"name\":\"Pintures Fontfreda\",\"alternateName\":\"Fontfreda Pintures\",\"url\":\"https:\/\/fontfredapintures.com\/es\/\",\"logo\":{\"@type\":\"ImageObject\",\"inLanguage\":\"es\",\"@id\":\"https:\/\/fontfredapintures.com\/es\/#\/schema\/logo\/image\/\",\"url\":\"https:\/\/fontfredapintures.com\/wp-content\/uploads\/2024\/04\/fontfreda-pintures-logo-yoast.jpg\",\"contentUrl\":\"https:\/\/fontfredapintures.com\/wp-content\/uploads\/2024\/04\/fontfreda-pintures-logo-yoast.jpg\",\"width\":900,\"height\":600,\"caption\":\"Pintures Fontfreda\"},\"image\":{\"@id\":\"https:\/\/fontfredapintures.com\/es\/#\/schema\/logo\/image\/\"},\"sameAs\":[\"https:\/\/www.facebook.com\/fontfredapintures\/\",\"https:\/\/www.instagram.com\/fontfredapintures\/\",\"https:\/\/www.linkedin.com\/company\/fontfredapintures\/\"]}]}<\/script>\n<!-- \/ Yoast SEO plugin. -->","yoast_head_json":{"title":"Pintura electrodom\u00e9sticos MTN PRO Spray 400ml - Fontfreda Pintures","description":"PRUEBA AHORA la pintura ideal para retocar y pintar aparatos electrodom\u00e9sticos, as\u00ed como complementos de \u00e9stos. Buena adherencia sobre metales y pl\u00e1sticos.","robots":{"index":"index","follow":"follow","max-snippet":"max-snippet:-1","max-image-preview":"max-image-preview:large","max-video-preview":"max-video-preview:-1"},"canonical":"https:\/\/fontfredapintures.com\/es\/producto\/pintura-electrodomesticos-mtn-pro-spray-400ml\/","og_locale":"es_ES","og_type":"article","og_title":"Pintura electrodom\u00e9sticos MTN PRO Spray 400ml - Fontfreda Pintures","og_description":"PRUEBA AHORA la pintura ideal para retocar y pintar aparatos electrodom\u00e9sticos, as\u00ed como complementos de \u00e9stos. Buena adherencia sobre metales y pl\u00e1sticos.","og_url":"https:\/\/fontfredapintures.com\/es\/producto\/pintura-electrodomesticos-mtn-pro-spray-400ml\/","og_site_name":"Fontfreda Pintures","article_publisher":"https:\/\/www.facebook.com\/fontfredapintures\/","article_modified_time":"2025-06-19T00:24:16+00:00","og_image":[{"width":1000,"height":1143,"url":"https:\/\/fontfredapintures.com\/wp-content\/uploads\/2025\/01\/17400013_3197.png","type":"image\/png"}],"twitter_card":"summary_large_image","twitter_misc":{"Tiempo de lectura":"1 minuto"},"schema":{"@context":"https:\/\/schema.org","@graph":[{"@type":"WebPage","@id":"https:\/\/fontfredapintures.com\/es\/producto\/pintura-electrodomesticos-mtn-pro-spray-400ml\/","url":"https:\/\/fontfredapintures.com\/es\/producto\/pintura-electrodomesticos-mtn-pro-spray-400ml\/","name":"Pintura electrodom\u00e9sticos MTN PRO Spray 400ml - Fontfreda Pintures","isPartOf":{"@id":"https:\/\/fontfredapintures.com\/es\/#website"},"primaryImageOfPage":{"@id":"https:\/\/fontfredapintures.com\/es\/producto\/pintura-electrodomesticos-mtn-pro-spray-400ml\/#primaryimage"},"image":{"@id":"https:\/\/fontfredapintures.com\/es\/producto\/pintura-electrodomesticos-mtn-pro-spray-400ml\/#primaryimage"},"thumbnailUrl":"https:\/\/fontfredapintures.com\/wp-content\/uploads\/2025\/01\/17400013_3197.png","datePublished":"2025-01-28T16:01:12+00:00","dateModified":"2025-06-19T00:24:16+00:00","description":"PRUEBA AHORA la pintura ideal para retocar y pintar aparatos electrodom\u00e9sticos, as\u00ed como complementos de \u00e9stos. Buena adherencia sobre metales y pl\u00e1sticos.","breadcrumb":{"@id":"https:\/\/fontfredapintures.com\/es\/producto\/pintura-electrodomesticos-mtn-pro-spray-400ml\/#breadcrumb"},"inLanguage":"es","potentialAction":[{"@type":"ReadAction","target":["https:\/\/fontfredapintures.com\/es\/producto\/pintura-electrodomesticos-mtn-pro-spray-400ml\/"]}]},{"@type":"ImageObject","inLanguage":"es","@id":"https:\/\/fontfredapintures.com\/es\/producto\/pintura-electrodomesticos-mtn-pro-spray-400ml\/#primaryimage","url":"https:\/\/fontfredapintures.com\/wp-content\/uploads\/2025\/01\/17400013_3197.png","contentUrl":"https:\/\/fontfredapintures.com\/wp-content\/uploads\/2025\/01\/17400013_3197.png","width":1000,"height":1143,"caption":"Pintura electrodom\u00e8stics MTN PRO Spray 400ml"},{"@type":"BreadcrumbList","@id":"https:\/\/fontfredapintures.com\/es\/producto\/pintura-electrodomesticos-mtn-pro-spray-400ml\/#breadcrumb","itemListElement":[{"@type":"ListItem","position":1,"name":"Fontfreda","item":"https:\/\/fontfredapintures.com\/es\/"},{"@type":"ListItem","position":2,"name":"Tienda","item":"https:\/\/fontfredapintures.com\/es\/tienda\/"},{"@type":"ListItem","position":3,"name":"Pintura electrodom\u00e9sticos MTN PRO Spray 400ml"}]},{"@type":"WebSite","@id":"https:\/\/fontfredapintures.com\/es\/#website","url":"https:\/\/fontfredapintures.com\/es\/","name":"Fontfreda Pintures","description":"Tienda online de pintura, decoraci\u00f3n y bellas artes","publisher":{"@id":"https:\/\/fontfredapintures.com\/es\/#organization"},"alternateName":"Pintures Fontfreda","potentialAction":[{"@type":"SearchAction","target":{"@type":"EntryPoint","urlTemplate":"https:\/\/fontfredapintures.com\/es\/?s={search_term_string}"},"query-input":{"@type":"PropertyValueSpecification","valueRequired":true,"valueName":"search_term_string"}}],"inLanguage":"es"},{"@type":"Organization","@id":"https:\/\/fontfredapintures.com\/es\/#organization","name":"Pintures Fontfreda","alternateName":"Fontfreda Pintures","url":"https:\/\/fontfredapintures.com\/es\/","logo":{"@type":"ImageObject","inLanguage":"es","@id":"https:\/\/fontfredapintures.com\/es\/#\/schema\/logo\/image\/","url":"https:\/\/fontfredapintures.com\/wp-content\/uploads\/2024\/04\/fontfreda-pintures-logo-yoast.jpg","contentUrl":"https:\/\/fontfredapintures.com\/wp-content\/uploads\/2024\/04\/fontfreda-pintures-logo-yoast.jpg","width":900,"height":600,"caption":"Pintures Fontfreda"},"image":{"@id":"https:\/\/fontfredapintures.com\/es\/#\/schema\/logo\/image\/"},"sameAs":["https:\/\/www.facebook.com\/fontfredapintures\/","https:\/\/www.instagram.com\/fontfredapintures\/","https:\/\/www.linkedin.com\/company\/fontfredapintures\/"]}]}},"_links":{"self":[{"href":"https:\/\/fontfredapintures.com\/es\/wp-json\/wp\/v2\/product\/56677","targetHints":{"allow":["GET"]}}],"collection":[{"href":"https:\/\/fontfredapintures.com\/es\/wp-json\/wp\/v2\/product"}],"about":[{"href":"https:\/\/fontfredapintures.com\/es\/wp-json\/wp\/v2\/types\/product"}],"replies":[{"embeddable":true,"href":"https:\/\/fontfredapintures.com\/es\/wp-json\/wp\/v2\/comments?post=56677"}],"version-history":[{"count":1,"href":"https:\/\/fontfredapintures.com\/es\/wp-json\/wp\/v2\/product\/56677\/revisions"}],"predecessor-version":[{"id":56700,"href":"https:\/\/fontfredapintures.com\/es\/wp-json\/wp\/v2\/product\/56677\/revisions\/56700"}],"wp:featuredmedia":[{"embeddable":true,"href":"https:\/\/fontfredapintures.com\/es\/wp-json\/wp\/v2\/media\/56675"}],"wp:attachment":[{"href":"https:\/\/fontfredapintures.com\/es\/wp-json\/wp\/v2\/media?parent=56677"}],"wp:term":[{"taxonomy":"product_brand","embeddable":true,"href":"https:\/\/fontfredapintures.com\/es\/wp-json\/wp\/v2\/product_brand?post=56677"},{"taxonomy":"product_cat","embeddable":true,"href":"https:\/\/fontfredapintures.com\/es\/wp-json\/wp\/v2\/product_cat?post=56677"},{"taxonomy":"product_tag","embeddable":true,"href":"https:\/\/fontfredapintures.com\/es\/wp-json\/wp\/v2\/product_tag?post=56677"}],"curies":[{"name":"wp","href":"https:\/\/api.w.org\/{rel}","templated":true}]}}