{"id":55217,"date":"2025-01-13T12:01:48","date_gmt":"2025-01-13T10:01:48","guid":{"rendered":"https:\/\/fontfredapintures.com\/producte\/correa-para-transportar-sys-tg-ref500532\/"},"modified":"2025-05-06T02:22:57","modified_gmt":"2025-05-06T00:22:57","slug":"correa-para-transportar-sys-tg-ref500532","status":"publish","type":"product","link":"https:\/\/fontfredapintures.com\/es\/producto\/correa-para-transportar-sys-tg-ref500532\/","title":{"rendered":"Correa para transportar SYS-TG (ref:500532)"},"content":{"rendered":"<p>La correa de transporte es la soluci\u00f3n ideal para transportar el CLEANTEC CTL SYS (aspirador Systainer) y cualquier tipo de Systainer de manera c\u00f3moda y segura. Dise\u00f1ada para facilitar el transporte de herramientas y accesorios, esta correa permite un movimiento eficiente sin esfuerzo. Su uso est\u00e1 pensado para optimizar la comodidad durante el traslado de equipos de trabajo, garantizando un transporte sencillo y seguro, ya sea en el taller o en la obra.<\/p>\n","protected":false},"excerpt":{"rendered":"<p>Correa de transporte pr\u00e1ctica y sencilla para el CLEANTEC CTL SYS (aspirador Systainer) y para todos los Systainers. Facilita el transporte de herramientas y accesorios de manera c\u00f3moda y eficiente.<\/p>\n","protected":false},"featured_media":55215,"comment_status":"open","ping_status":"closed","template":"","meta":[],"product_brand":[],"product_cat":[80,1086],"product_tag":[],"class_list":{"0":"post-55217","1":"product","2":"type-product","3":"status-publish","4":"has-post-thumbnail","6":"product_cat-maquinaria-es","7":"product_cat-accesorios","8":"pa_brand-festool","10":"first","11":"instock","12":"taxable","13":"shipping-taxable","14":"purchasable","15":"product-type-simple"},"group_of_quantity":0,"min_quantity":0,"max_quantity":"","exclude_order_quantity_value_rules":"no","exclude_category_quantity_rules":"no","combine_variations":"no","yoast_head":"<!-- This site is optimized with the Yoast SEO plugin v25.7 - https:\/\/yoast.com\/wordpress\/plugins\/seo\/ -->\n<title>Correa para transportar SYS-TG (ref:500532) - Fontfreda Pintures<\/title>\n<meta name=\"robots\" content=\"index, follow, max-snippet:-1, max-image-preview:large, max-video-preview:-1\" \/>\n<link rel=\"canonical\" href=\"https:\/\/fontfredapintures.com\/es\/producto\/correa-para-transportar-sys-tg-ref500532\/\" \/>\n<meta property=\"og:locale\" content=\"es_ES\" \/>\n<meta property=\"og:type\" content=\"article\" \/>\n<meta property=\"og:title\" content=\"Correa para transportar SYS-TG (ref:500532) - Fontfreda Pintures\" \/>\n<meta property=\"og:description\" content=\"Correa de transporte pr\u00e1ctica y sencilla para el CLEANTEC CTL SYS (aspirador Systainer) y para todos los Systainers. Facilita el transporte de herramientas y accesorios de manera c\u00f3moda y eficiente.\" \/>\n<meta property=\"og:url\" content=\"https:\/\/fontfredapintures.com\/es\/producto\/correa-para-transportar-sys-tg-ref500532\/\" \/>\n<meta property=\"og:site_name\" content=\"Fontfreda Pintures\" \/>\n<meta property=\"article:publisher\" content=\"https:\/\/www.facebook.com\/fontfredapintures\/\" \/>\n<meta property=\"article:modified_time\" content=\"2025-05-06T00:22:57+00:00\" \/>\n<meta property=\"og:image\" content=\"https:\/\/fontfredapintures.com\/wp-content\/uploads\/2024\/04\/fontfreda-tienda-online-pinturas-decoracion.jpg\" \/>\n\t<meta property=\"og:image:width\" content=\"1200\" \/>\n\t<meta property=\"og:image:height\" content=\"800\" \/>\n\t<meta property=\"og:image:type\" content=\"image\/jpeg\" \/>\n<meta name=\"twitter:card\" content=\"summary_large_image\" \/>\n<script type=\"application\/ld+json\" class=\"yoast-schema-graph\">{\"@context\":\"https:\/\/schema.org\",\"@graph\":[{\"@type\":\"WebPage\",\"@id\":\"https:\/\/fontfredapintures.com\/es\/producto\/correa-para-transportar-sys-tg-ref500532\/\",\"url\":\"https:\/\/fontfredapintures.com\/es\/producto\/correa-para-transportar-sys-tg-ref500532\/\",\"name\":\"Correa para transportar SYS-TG (ref:500532) - Fontfreda Pintures\",\"isPartOf\":{\"@id\":\"https:\/\/fontfredapintures.com\/es\/#website\"},\"primaryImageOfPage\":{\"@id\":\"https:\/\/fontfredapintures.com\/es\/producto\/correa-para-transportar-sys-tg-ref500532\/#primaryimage\"},\"image\":{\"@id\":\"https:\/\/fontfredapintures.com\/es\/producto\/correa-para-transportar-sys-tg-ref500532\/#primaryimage\"},\"thumbnailUrl\":\"https:\/\/fontfredapintures.com\/wp-content\/uploads\/2025\/01\/13600633_3052.png\",\"datePublished\":\"2025-01-13T10:01:48+00:00\",\"dateModified\":\"2025-05-06T00:22:57+00:00\",\"breadcrumb\":{\"@id\":\"https:\/\/fontfredapintures.com\/es\/producto\/correa-para-transportar-sys-tg-ref500532\/#breadcrumb\"},\"inLanguage\":\"es\",\"potentialAction\":[{\"@type\":\"ReadAction\",\"target\":[\"https:\/\/fontfredapintures.com\/es\/producto\/correa-para-transportar-sys-tg-ref500532\/\"]}]},{\"@type\":\"ImageObject\",\"inLanguage\":\"es\",\"@id\":\"https:\/\/fontfredapintures.com\/es\/producto\/correa-para-transportar-sys-tg-ref500532\/#primaryimage\",\"url\":\"https:\/\/fontfredapintures.com\/wp-content\/uploads\/2025\/01\/13600633_3052.png\",\"contentUrl\":\"https:\/\/fontfredapintures.com\/wp-content\/uploads\/2025\/01\/13600633_3052.png\",\"width\":800,\"height\":533,\"caption\":\"Correa para transportar Festool\"},{\"@type\":\"BreadcrumbList\",\"@id\":\"https:\/\/fontfredapintures.com\/es\/producto\/correa-para-transportar-sys-tg-ref500532\/#breadcrumb\",\"itemListElement\":[{\"@type\":\"ListItem\",\"position\":1,\"name\":\"Fontfreda\",\"item\":\"https:\/\/fontfredapintures.com\/es\/\"},{\"@type\":\"ListItem\",\"position\":2,\"name\":\"Tienda\",\"item\":\"https:\/\/fontfredapintures.com\/es\/tienda\/\"},{\"@type\":\"ListItem\",\"position\":3,\"name\":\"Correa para transportar SYS-TG (ref:500532)\"}]},{\"@type\":\"WebSite\",\"@id\":\"https:\/\/fontfredapintures.com\/es\/#website\",\"url\":\"https:\/\/fontfredapintures.com\/es\/\",\"name\":\"Fontfreda Pintures\",\"description\":\"Tienda online de pintura, decoraci\u00f3n y bellas artes\",\"publisher\":{\"@id\":\"https:\/\/fontfredapintures.com\/es\/#organization\"},\"alternateName\":\"Pintures Fontfreda\",\"potentialAction\":[{\"@type\":\"SearchAction\",\"target\":{\"@type\":\"EntryPoint\",\"urlTemplate\":\"https:\/\/fontfredapintures.com\/es\/?s={search_term_string}\"},\"query-input\":{\"@type\":\"PropertyValueSpecification\",\"valueRequired\":true,\"valueName\":\"search_term_string\"}}],\"inLanguage\":\"es\"},{\"@type\":\"Organization\",\"@id\":\"https:\/\/fontfredapintures.com\/es\/#organization\",\"name\":\"Pintures Fontfreda\",\"alternateName\":\"Fontfreda Pintures\",\"url\":\"https:\/\/fontfredapintures.com\/es\/\",\"logo\":{\"@type\":\"ImageObject\",\"inLanguage\":\"es\",\"@id\":\"https:\/\/fontfredapintures.com\/es\/#\/schema\/logo\/image\/\",\"url\":\"https:\/\/fontfredapintures.com\/wp-content\/uploads\/2024\/04\/fontfreda-pintures-logo-yoast.jpg\",\"contentUrl\":\"https:\/\/fontfredapintures.com\/wp-content\/uploads\/2024\/04\/fontfreda-pintures-logo-yoast.jpg\",\"width\":900,\"height\":600,\"caption\":\"Pintures Fontfreda\"},\"image\":{\"@id\":\"https:\/\/fontfredapintures.com\/es\/#\/schema\/logo\/image\/\"},\"sameAs\":[\"https:\/\/www.facebook.com\/fontfredapintures\/\",\"https:\/\/www.instagram.com\/fontfredapintures\/\",\"https:\/\/www.linkedin.com\/company\/fontfredapintures\/\"]}]}<\/script>\n<!-- \/ Yoast SEO plugin. -->","yoast_head_json":{"title":"Correa para transportar SYS-TG (ref:500532) - Fontfreda Pintures","robots":{"index":"index","follow":"follow","max-snippet":"max-snippet:-1","max-image-preview":"max-image-preview:large","max-video-preview":"max-video-preview:-1"},"canonical":"https:\/\/fontfredapintures.com\/es\/producto\/correa-para-transportar-sys-tg-ref500532\/","og_locale":"es_ES","og_type":"article","og_title":"Correa para transportar SYS-TG (ref:500532) - Fontfreda Pintures","og_description":"Correa de transporte pr\u00e1ctica y sencilla para el CLEANTEC CTL SYS (aspirador Systainer) y para todos los Systainers. Facilita el transporte de herramientas y accesorios de manera c\u00f3moda y eficiente.","og_url":"https:\/\/fontfredapintures.com\/es\/producto\/correa-para-transportar-sys-tg-ref500532\/","og_site_name":"Fontfreda Pintures","article_publisher":"https:\/\/www.facebook.com\/fontfredapintures\/","article_modified_time":"2025-05-06T00:22:57+00:00","og_image":[{"width":1200,"height":800,"url":"https:\/\/fontfredapintures.com\/wp-content\/uploads\/2024\/04\/fontfreda-tienda-online-pinturas-decoracion.jpg","type":"image\/jpeg"}],"twitter_card":"summary_large_image","schema":{"@context":"https:\/\/schema.org","@graph":[{"@type":"WebPage","@id":"https:\/\/fontfredapintures.com\/es\/producto\/correa-para-transportar-sys-tg-ref500532\/","url":"https:\/\/fontfredapintures.com\/es\/producto\/correa-para-transportar-sys-tg-ref500532\/","name":"Correa para transportar SYS-TG (ref:500532) - Fontfreda Pintures","isPartOf":{"@id":"https:\/\/fontfredapintures.com\/es\/#website"},"primaryImageOfPage":{"@id":"https:\/\/fontfredapintures.com\/es\/producto\/correa-para-transportar-sys-tg-ref500532\/#primaryimage"},"image":{"@id":"https:\/\/fontfredapintures.com\/es\/producto\/correa-para-transportar-sys-tg-ref500532\/#primaryimage"},"thumbnailUrl":"https:\/\/fontfredapintures.com\/wp-content\/uploads\/2025\/01\/13600633_3052.png","datePublished":"2025-01-13T10:01:48+00:00","dateModified":"2025-05-06T00:22:57+00:00","breadcrumb":{"@id":"https:\/\/fontfredapintures.com\/es\/producto\/correa-para-transportar-sys-tg-ref500532\/#breadcrumb"},"inLanguage":"es","potentialAction":[{"@type":"ReadAction","target":["https:\/\/fontfredapintures.com\/es\/producto\/correa-para-transportar-sys-tg-ref500532\/"]}]},{"@type":"ImageObject","inLanguage":"es","@id":"https:\/\/fontfredapintures.com\/es\/producto\/correa-para-transportar-sys-tg-ref500532\/#primaryimage","url":"https:\/\/fontfredapintures.com\/wp-content\/uploads\/2025\/01\/13600633_3052.png","contentUrl":"https:\/\/fontfredapintures.com\/wp-content\/uploads\/2025\/01\/13600633_3052.png","width":800,"height":533,"caption":"Correa para transportar Festool"},{"@type":"BreadcrumbList","@id":"https:\/\/fontfredapintures.com\/es\/producto\/correa-para-transportar-sys-tg-ref500532\/#breadcrumb","itemListElement":[{"@type":"ListItem","position":1,"name":"Fontfreda","item":"https:\/\/fontfredapintures.com\/es\/"},{"@type":"ListItem","position":2,"name":"Tienda","item":"https:\/\/fontfredapintures.com\/es\/tienda\/"},{"@type":"ListItem","position":3,"name":"Correa para transportar SYS-TG (ref:500532)"}]},{"@type":"WebSite","@id":"https:\/\/fontfredapintures.com\/es\/#website","url":"https:\/\/fontfredapintures.com\/es\/","name":"Fontfreda Pintures","description":"Tienda online de pintura, decoraci\u00f3n y bellas artes","publisher":{"@id":"https:\/\/fontfredapintures.com\/es\/#organization"},"alternateName":"Pintures Fontfreda","potentialAction":[{"@type":"SearchAction","target":{"@type":"EntryPoint","urlTemplate":"https:\/\/fontfredapintures.com\/es\/?s={search_term_string}"},"query-input":{"@type":"PropertyValueSpecification","valueRequired":true,"valueName":"search_term_string"}}],"inLanguage":"es"},{"@type":"Organization","@id":"https:\/\/fontfredapintures.com\/es\/#organization","name":"Pintures Fontfreda","alternateName":"Fontfreda Pintures","url":"https:\/\/fontfredapintures.com\/es\/","logo":{"@type":"ImageObject","inLanguage":"es","@id":"https:\/\/fontfredapintures.com\/es\/#\/schema\/logo\/image\/","url":"https:\/\/fontfredapintures.com\/wp-content\/uploads\/2024\/04\/fontfreda-pintures-logo-yoast.jpg","contentUrl":"https:\/\/fontfredapintures.com\/wp-content\/uploads\/2024\/04\/fontfreda-pintures-logo-yoast.jpg","width":900,"height":600,"caption":"Pintures Fontfreda"},"image":{"@id":"https:\/\/fontfredapintures.com\/es\/#\/schema\/logo\/image\/"},"sameAs":["https:\/\/www.facebook.com\/fontfredapintures\/","https:\/\/www.instagram.com\/fontfredapintures\/","https:\/\/www.linkedin.com\/company\/fontfredapintures\/"]}]}},"_links":{"self":[{"href":"https:\/\/fontfredapintures.com\/es\/wp-json\/wp\/v2\/product\/55217","targetHints":{"allow":["GET"]}}],"collection":[{"href":"https:\/\/fontfredapintures.com\/es\/wp-json\/wp\/v2\/product"}],"about":[{"href":"https:\/\/fontfredapintures.com\/es\/wp-json\/wp\/v2\/types\/product"}],"replies":[{"embeddable":true,"href":"https:\/\/fontfredapintures.com\/es\/wp-json\/wp\/v2\/comments?post=55217"}],"version-history":[{"count":0,"href":"https:\/\/fontfredapintures.com\/es\/wp-json\/wp\/v2\/product\/55217\/revisions"}],"wp:featuredmedia":[{"embeddable":true,"href":"https:\/\/fontfredapintures.com\/es\/wp-json\/wp\/v2\/media\/55215"}],"wp:attachment":[{"href":"https:\/\/fontfredapintures.com\/es\/wp-json\/wp\/v2\/media?parent=55217"}],"wp:term":[{"taxonomy":"product_brand","embeddable":true,"href":"https:\/\/fontfredapintures.com\/es\/wp-json\/wp\/v2\/product_brand?post=55217"},{"taxonomy":"product_cat","embeddable":true,"href":"https:\/\/fontfredapintures.com\/es\/wp-json\/wp\/v2\/product_cat?post=55217"},{"taxonomy":"product_tag","embeddable":true,"href":"https:\/\/fontfredapintures.com\/es\/wp-json\/wp\/v2\/product_tag?post=55217"}],"curies":[{"name":"wp","href":"https:\/\/api.w.org\/{rel}","templated":true}]}}