{"id":54998,"date":"2025-01-10T12:01:15","date_gmt":"2025-01-10T10:01:15","guid":{"rendered":"https:\/\/fontfredapintures.com\/producte\/caja-de-almacenamiento-sys-sb-ref499901\/"},"modified":"2025-09-18T01:35:06","modified_gmt":"2025-09-17T23:35:06","slug":"caja-de-almacenamiento-sys-sb-ref499901","status":"publish","type":"product","link":"https:\/\/fontfredapintures.com\/es\/producto\/caja-de-almacenamiento-sys-sb-ref499901\/","title":{"rendered":"Caja de almacenamiento SYS-SB (ref:499901)"},"content":{"rendered":"<p>El Systainer SYS-StorageBox es una caja modular de almacenamiento dise\u00f1ada para ofrecer una excelente visibilidad y organizaci\u00f3n. Dispone de compartimentos superiores orientables que permiten clasificar peque\u00f1as piezas como clavos, tacos, tornillos, puntas, brocas y otros accesorios en cajas individuales extra\u00edbles de pl\u00e1stico. Gracias al dise\u00f1o transparente, se puede ver r\u00e1pidamente d\u00f3nde se encuentra cada art\u00edculo. El producto incluye varias medidas de cajas (2 de 60 x 60 x 71 mm, 2 de 60 x 120 x 71 mm y 1 de 180 x 120 x 71 mm), y es acoplable al sistema Systainer, excepto al modelo SYS-Mini, ofreciendo una soluci\u00f3n flexible y modular para el almacenamiento profesional.<\/p>\n","protected":false},"excerpt":{"rendered":"<p>El Systainer SYS-StorageBox es una soluci\u00f3n de almacenamiento eficiente con compartimentos superiores orientables para organizar piezas peque\u00f1as como clavos, tornillos y brocas. Las cajas extra\u00edbles de pl\u00e1stico son transparentes, lo que facilita la visibilidad del contenido. Compatible con el sistema Systainer, excepto el modelo SYS-Mini.<\/p>\n","protected":false},"featured_media":54993,"comment_status":"open","ping_status":"closed","template":"","meta":[],"product_brand":[],"product_cat":[80,1086],"product_tag":[],"class_list":{"0":"post-54998","1":"product","2":"type-product","3":"status-publish","4":"has-post-thumbnail","6":"product_cat-maquinaria-es","7":"product_cat-accesorios","8":"pa_brand-festool","10":"first","11":"instock","12":"taxable","13":"shipping-taxable","14":"purchasable","15":"product-type-simple"},"group_of_quantity":0,"min_quantity":0,"max_quantity":"","exclude_order_quantity_value_rules":"no","exclude_category_quantity_rules":"no","combine_variations":"no","yoast_head":"<!-- This site is optimized with the Yoast SEO plugin v25.7 - https:\/\/yoast.com\/wordpress\/plugins\/seo\/ -->\n<title>Caja de almacenamiento SYS-SB (ref:499901) - Fontfreda Pintures<\/title>\n<meta name=\"robots\" content=\"index, follow, max-snippet:-1, max-image-preview:large, max-video-preview:-1\" \/>\n<link rel=\"canonical\" href=\"https:\/\/fontfredapintures.com\/es\/producto\/caja-de-almacenamiento-sys-sb-ref499901\/\" \/>\n<meta property=\"og:locale\" content=\"es_ES\" \/>\n<meta property=\"og:type\" content=\"article\" \/>\n<meta property=\"og:title\" content=\"Caja de almacenamiento SYS-SB (ref:499901) - Fontfreda Pintures\" \/>\n<meta property=\"og:description\" content=\"El Systainer SYS-StorageBox es una soluci\u00f3n de almacenamiento eficiente con compartimentos superiores orientables para organizar piezas peque\u00f1as como clavos, tornillos y brocas. Las cajas extra\u00edbles de pl\u00e1stico son transparentes, lo que facilita la visibilidad del contenido. Compatible con el sistema Systainer, excepto el modelo SYS-Mini.\" \/>\n<meta property=\"og:url\" content=\"https:\/\/fontfredapintures.com\/es\/producto\/caja-de-almacenamiento-sys-sb-ref499901\/\" \/>\n<meta property=\"og:site_name\" content=\"Fontfreda Pintures\" \/>\n<meta property=\"article:publisher\" content=\"https:\/\/www.facebook.com\/fontfredapintures\/\" \/>\n<meta property=\"article:modified_time\" content=\"2025-09-17T23:35:06+00:00\" \/>\n<meta property=\"og:image\" content=\"https:\/\/fontfredapintures.com\/wp-content\/uploads\/2024\/04\/fontfreda-tienda-online-pinturas-decoracion.jpg\" \/>\n\t<meta property=\"og:image:width\" content=\"1200\" \/>\n\t<meta property=\"og:image:height\" content=\"800\" \/>\n\t<meta property=\"og:image:type\" content=\"image\/jpeg\" \/>\n<meta name=\"twitter:card\" content=\"summary_large_image\" \/>\n<meta name=\"twitter:label1\" content=\"Tiempo de lectura\" \/>\n\t<meta name=\"twitter:data1\" content=\"1 minuto\" \/>\n<script type=\"application\/ld+json\" class=\"yoast-schema-graph\">{\"@context\":\"https:\/\/schema.org\",\"@graph\":[{\"@type\":\"WebPage\",\"@id\":\"https:\/\/fontfredapintures.com\/es\/producto\/caja-de-almacenamiento-sys-sb-ref499901\/\",\"url\":\"https:\/\/fontfredapintures.com\/es\/producto\/caja-de-almacenamiento-sys-sb-ref499901\/\",\"name\":\"Caja de almacenamiento SYS-SB (ref:499901) - Fontfreda Pintures\",\"isPartOf\":{\"@id\":\"https:\/\/fontfredapintures.com\/es\/#website\"},\"primaryImageOfPage\":{\"@id\":\"https:\/\/fontfredapintures.com\/es\/producto\/caja-de-almacenamiento-sys-sb-ref499901\/#primaryimage\"},\"image\":{\"@id\":\"https:\/\/fontfredapintures.com\/es\/producto\/caja-de-almacenamiento-sys-sb-ref499901\/#primaryimage\"},\"thumbnailUrl\":\"https:\/\/fontfredapintures.com\/wp-content\/uploads\/2025\/01\/13600618_3023.png\",\"datePublished\":\"2025-01-10T10:01:15+00:00\",\"dateModified\":\"2025-09-17T23:35:06+00:00\",\"breadcrumb\":{\"@id\":\"https:\/\/fontfredapintures.com\/es\/producto\/caja-de-almacenamiento-sys-sb-ref499901\/#breadcrumb\"},\"inLanguage\":\"es\",\"potentialAction\":[{\"@type\":\"ReadAction\",\"target\":[\"https:\/\/fontfredapintures.com\/es\/producto\/caja-de-almacenamiento-sys-sb-ref499901\/\"]}]},{\"@type\":\"ImageObject\",\"inLanguage\":\"es\",\"@id\":\"https:\/\/fontfredapintures.com\/es\/producto\/caja-de-almacenamiento-sys-sb-ref499901\/#primaryimage\",\"url\":\"https:\/\/fontfredapintures.com\/wp-content\/uploads\/2025\/01\/13600618_3023.png\",\"contentUrl\":\"https:\/\/fontfredapintures.com\/wp-content\/uploads\/2025\/01\/13600618_3023.png\",\"width\":1000,\"height\":1143,\"caption\":\"Caja de almacenamiento Festool\"},{\"@type\":\"BreadcrumbList\",\"@id\":\"https:\/\/fontfredapintures.com\/es\/producto\/caja-de-almacenamiento-sys-sb-ref499901\/#breadcrumb\",\"itemListElement\":[{\"@type\":\"ListItem\",\"position\":1,\"name\":\"Fontfreda\",\"item\":\"https:\/\/fontfredapintures.com\/es\/\"},{\"@type\":\"ListItem\",\"position\":2,\"name\":\"Tienda\",\"item\":\"https:\/\/fontfredapintures.com\/es\/tienda\/\"},{\"@type\":\"ListItem\",\"position\":3,\"name\":\"Caja de almacenamiento SYS-SB (ref:499901)\"}]},{\"@type\":\"WebSite\",\"@id\":\"https:\/\/fontfredapintures.com\/es\/#website\",\"url\":\"https:\/\/fontfredapintures.com\/es\/\",\"name\":\"Fontfreda Pintures\",\"description\":\"Tienda online de pintura, decoraci\u00f3n y bellas artes\",\"publisher\":{\"@id\":\"https:\/\/fontfredapintures.com\/es\/#organization\"},\"alternateName\":\"Pintures Fontfreda\",\"potentialAction\":[{\"@type\":\"SearchAction\",\"target\":{\"@type\":\"EntryPoint\",\"urlTemplate\":\"https:\/\/fontfredapintures.com\/es\/?s={search_term_string}\"},\"query-input\":{\"@type\":\"PropertyValueSpecification\",\"valueRequired\":true,\"valueName\":\"search_term_string\"}}],\"inLanguage\":\"es\"},{\"@type\":\"Organization\",\"@id\":\"https:\/\/fontfredapintures.com\/es\/#organization\",\"name\":\"Pintures Fontfreda\",\"alternateName\":\"Fontfreda Pintures\",\"url\":\"https:\/\/fontfredapintures.com\/es\/\",\"logo\":{\"@type\":\"ImageObject\",\"inLanguage\":\"es\",\"@id\":\"https:\/\/fontfredapintures.com\/es\/#\/schema\/logo\/image\/\",\"url\":\"https:\/\/fontfredapintures.com\/wp-content\/uploads\/2024\/04\/fontfreda-pintures-logo-yoast.jpg\",\"contentUrl\":\"https:\/\/fontfredapintures.com\/wp-content\/uploads\/2024\/04\/fontfreda-pintures-logo-yoast.jpg\",\"width\":900,\"height\":600,\"caption\":\"Pintures Fontfreda\"},\"image\":{\"@id\":\"https:\/\/fontfredapintures.com\/es\/#\/schema\/logo\/image\/\"},\"sameAs\":[\"https:\/\/www.facebook.com\/fontfredapintures\/\",\"https:\/\/www.instagram.com\/fontfredapintures\/\",\"https:\/\/www.linkedin.com\/company\/fontfredapintures\/\"]}]}<\/script>\n<!-- \/ Yoast SEO plugin. -->","yoast_head_json":{"title":"Caja de almacenamiento SYS-SB (ref:499901) - Fontfreda Pintures","robots":{"index":"index","follow":"follow","max-snippet":"max-snippet:-1","max-image-preview":"max-image-preview:large","max-video-preview":"max-video-preview:-1"},"canonical":"https:\/\/fontfredapintures.com\/es\/producto\/caja-de-almacenamiento-sys-sb-ref499901\/","og_locale":"es_ES","og_type":"article","og_title":"Caja de almacenamiento SYS-SB (ref:499901) - Fontfreda Pintures","og_description":"El Systainer SYS-StorageBox es una soluci\u00f3n de almacenamiento eficiente con compartimentos superiores orientables para organizar piezas peque\u00f1as como clavos, tornillos y brocas. Las cajas extra\u00edbles de pl\u00e1stico son transparentes, lo que facilita la visibilidad del contenido. Compatible con el sistema Systainer, excepto el modelo SYS-Mini.","og_url":"https:\/\/fontfredapintures.com\/es\/producto\/caja-de-almacenamiento-sys-sb-ref499901\/","og_site_name":"Fontfreda Pintures","article_publisher":"https:\/\/www.facebook.com\/fontfredapintures\/","article_modified_time":"2025-09-17T23:35:06+00:00","og_image":[{"width":1200,"height":800,"url":"https:\/\/fontfredapintures.com\/wp-content\/uploads\/2024\/04\/fontfreda-tienda-online-pinturas-decoracion.jpg","type":"image\/jpeg"}],"twitter_card":"summary_large_image","twitter_misc":{"Tiempo de lectura":"1 minuto"},"schema":{"@context":"https:\/\/schema.org","@graph":[{"@type":"WebPage","@id":"https:\/\/fontfredapintures.com\/es\/producto\/caja-de-almacenamiento-sys-sb-ref499901\/","url":"https:\/\/fontfredapintures.com\/es\/producto\/caja-de-almacenamiento-sys-sb-ref499901\/","name":"Caja de almacenamiento SYS-SB (ref:499901) - Fontfreda Pintures","isPartOf":{"@id":"https:\/\/fontfredapintures.com\/es\/#website"},"primaryImageOfPage":{"@id":"https:\/\/fontfredapintures.com\/es\/producto\/caja-de-almacenamiento-sys-sb-ref499901\/#primaryimage"},"image":{"@id":"https:\/\/fontfredapintures.com\/es\/producto\/caja-de-almacenamiento-sys-sb-ref499901\/#primaryimage"},"thumbnailUrl":"https:\/\/fontfredapintures.com\/wp-content\/uploads\/2025\/01\/13600618_3023.png","datePublished":"2025-01-10T10:01:15+00:00","dateModified":"2025-09-17T23:35:06+00:00","breadcrumb":{"@id":"https:\/\/fontfredapintures.com\/es\/producto\/caja-de-almacenamiento-sys-sb-ref499901\/#breadcrumb"},"inLanguage":"es","potentialAction":[{"@type":"ReadAction","target":["https:\/\/fontfredapintures.com\/es\/producto\/caja-de-almacenamiento-sys-sb-ref499901\/"]}]},{"@type":"ImageObject","inLanguage":"es","@id":"https:\/\/fontfredapintures.com\/es\/producto\/caja-de-almacenamiento-sys-sb-ref499901\/#primaryimage","url":"https:\/\/fontfredapintures.com\/wp-content\/uploads\/2025\/01\/13600618_3023.png","contentUrl":"https:\/\/fontfredapintures.com\/wp-content\/uploads\/2025\/01\/13600618_3023.png","width":1000,"height":1143,"caption":"Caja de almacenamiento Festool"},{"@type":"BreadcrumbList","@id":"https:\/\/fontfredapintures.com\/es\/producto\/caja-de-almacenamiento-sys-sb-ref499901\/#breadcrumb","itemListElement":[{"@type":"ListItem","position":1,"name":"Fontfreda","item":"https:\/\/fontfredapintures.com\/es\/"},{"@type":"ListItem","position":2,"name":"Tienda","item":"https:\/\/fontfredapintures.com\/es\/tienda\/"},{"@type":"ListItem","position":3,"name":"Caja de almacenamiento SYS-SB (ref:499901)"}]},{"@type":"WebSite","@id":"https:\/\/fontfredapintures.com\/es\/#website","url":"https:\/\/fontfredapintures.com\/es\/","name":"Fontfreda Pintures","description":"Tienda online de pintura, decoraci\u00f3n y bellas artes","publisher":{"@id":"https:\/\/fontfredapintures.com\/es\/#organization"},"alternateName":"Pintures Fontfreda","potentialAction":[{"@type":"SearchAction","target":{"@type":"EntryPoint","urlTemplate":"https:\/\/fontfredapintures.com\/es\/?s={search_term_string}"},"query-input":{"@type":"PropertyValueSpecification","valueRequired":true,"valueName":"search_term_string"}}],"inLanguage":"es"},{"@type":"Organization","@id":"https:\/\/fontfredapintures.com\/es\/#organization","name":"Pintures Fontfreda","alternateName":"Fontfreda Pintures","url":"https:\/\/fontfredapintures.com\/es\/","logo":{"@type":"ImageObject","inLanguage":"es","@id":"https:\/\/fontfredapintures.com\/es\/#\/schema\/logo\/image\/","url":"https:\/\/fontfredapintures.com\/wp-content\/uploads\/2024\/04\/fontfreda-pintures-logo-yoast.jpg","contentUrl":"https:\/\/fontfredapintures.com\/wp-content\/uploads\/2024\/04\/fontfreda-pintures-logo-yoast.jpg","width":900,"height":600,"caption":"Pintures Fontfreda"},"image":{"@id":"https:\/\/fontfredapintures.com\/es\/#\/schema\/logo\/image\/"},"sameAs":["https:\/\/www.facebook.com\/fontfredapintures\/","https:\/\/www.instagram.com\/fontfredapintures\/","https:\/\/www.linkedin.com\/company\/fontfredapintures\/"]}]}},"_links":{"self":[{"href":"https:\/\/fontfredapintures.com\/es\/wp-json\/wp\/v2\/product\/54998","targetHints":{"allow":["GET"]}}],"collection":[{"href":"https:\/\/fontfredapintures.com\/es\/wp-json\/wp\/v2\/product"}],"about":[{"href":"https:\/\/fontfredapintures.com\/es\/wp-json\/wp\/v2\/types\/product"}],"replies":[{"embeddable":true,"href":"https:\/\/fontfredapintures.com\/es\/wp-json\/wp\/v2\/comments?post=54998"}],"version-history":[{"count":0,"href":"https:\/\/fontfredapintures.com\/es\/wp-json\/wp\/v2\/product\/54998\/revisions"}],"wp:featuredmedia":[{"embeddable":true,"href":"https:\/\/fontfredapintures.com\/es\/wp-json\/wp\/v2\/media\/54993"}],"wp:attachment":[{"href":"https:\/\/fontfredapintures.com\/es\/wp-json\/wp\/v2\/media?parent=54998"}],"wp:term":[{"taxonomy":"product_brand","embeddable":true,"href":"https:\/\/fontfredapintures.com\/es\/wp-json\/wp\/v2\/product_brand?post=54998"},{"taxonomy":"product_cat","embeddable":true,"href":"https:\/\/fontfredapintures.com\/es\/wp-json\/wp\/v2\/product_cat?post=54998"},{"taxonomy":"product_tag","embeddable":true,"href":"https:\/\/fontfredapintures.com\/es\/wp-json\/wp\/v2\/product_tag?post=54998"}],"curies":[{"name":"wp","href":"https:\/\/api.w.org\/{rel}","templated":true}]}}