{"id":54813,"date":"2025-01-09T13:02:20","date_gmt":"2025-01-09T11:02:20","guid":{"rendered":"https:\/\/fontfredapintures.com\/producte\/fieltro-de-recambio-ef-las-stf-ka-65-10x-ref499893\/"},"modified":"2025-05-06T02:21:43","modified_gmt":"2025-05-06T00:21:43","slug":"fieltro-de-recambio-ef-las-stf-ka-65-10x-ref499893","status":"publish","type":"product","link":"https:\/\/fontfredapintures.com\/es\/producto\/fieltro-de-recambio-ef-las-stf-ka-65-10x-ref499893\/","title":{"rendered":"Fieltro de recambio EF-LAS-STF-KA 65 10x (ref:499893)"},"content":{"rendered":"<p>El soporte de fieltro de recambio se utiliza junto con la banda de rodadura LAS-STF-KA 65 para la protecci\u00f3n contra rayaduras. Este componente es ideal para mantener la superficie limpia y libre de rayaduras cuando se trabaja con paneles decorados de manera delicada. El fieltro es f\u00e1cil de reemplazar cuando se ensucia o se desgasta, garantizando que siempre se utilice una superficie de apoyo limpia. El material de fieltro est\u00e1 optimizado para un deslizamiento suave, lo que facilita la gu\u00eda precisa de la herramienta. Esta soluci\u00f3n es perfecta para proteger superficies delicadas o de alto brillo durante el proceso de cantoneado.<\/p>\n","protected":false},"excerpt":{"rendered":"<p>Soporte de fieltro de recambio para la banda de rodadura LAS-STF-KA 65, dise\u00f1ado para proteger superficies delicadas al cantonear paneles con decoraciones sensibles. Permite un intercambio r\u00e1pido y f\u00e1cil para mantener las superficies limpias y evitar rayaduras.<\/p>\n","protected":false},"featured_media":54811,"comment_status":"open","ping_status":"closed","template":"","meta":[],"product_brand":[],"product_cat":[80,1086],"product_tag":[],"class_list":{"0":"post-54813","1":"product","2":"type-product","3":"status-publish","4":"has-post-thumbnail","6":"product_cat-maquinaria-es","7":"product_cat-accesorios","8":"pa_brand-festool","10":"first","11":"instock","12":"taxable","13":"shipping-taxable","14":"purchasable","15":"product-type-simple"},"group_of_quantity":0,"min_quantity":0,"max_quantity":"","exclude_order_quantity_value_rules":"no","exclude_category_quantity_rules":"no","combine_variations":"no","yoast_head":"<!-- This site is optimized with the Yoast SEO plugin v25.7 - https:\/\/yoast.com\/wordpress\/plugins\/seo\/ -->\n<title>Fieltro de recambio EF-LAS-STF-KA 65 10x (ref:499893) - Fontfreda Pintures<\/title>\n<meta name=\"robots\" content=\"index, follow, max-snippet:-1, max-image-preview:large, max-video-preview:-1\" \/>\n<link rel=\"canonical\" href=\"https:\/\/fontfredapintures.com\/es\/producto\/fieltro-de-recambio-ef-las-stf-ka-65-10x-ref499893\/\" \/>\n<meta property=\"og:locale\" content=\"es_ES\" \/>\n<meta property=\"og:type\" content=\"article\" \/>\n<meta property=\"og:title\" content=\"Fieltro de recambio EF-LAS-STF-KA 65 10x (ref:499893) - Fontfreda Pintures\" \/>\n<meta property=\"og:description\" content=\"Soporte de fieltro de recambio para la banda de rodadura LAS-STF-KA 65, dise\u00f1ado para proteger superficies delicadas al cantonear paneles con decoraciones sensibles. Permite un intercambio r\u00e1pido y f\u00e1cil para mantener las superficies limpias y evitar rayaduras.\" \/>\n<meta property=\"og:url\" content=\"https:\/\/fontfredapintures.com\/es\/producto\/fieltro-de-recambio-ef-las-stf-ka-65-10x-ref499893\/\" \/>\n<meta property=\"og:site_name\" content=\"Fontfreda Pintures\" \/>\n<meta property=\"article:publisher\" content=\"https:\/\/www.facebook.com\/fontfredapintures\/\" \/>\n<meta property=\"article:modified_time\" content=\"2025-05-06T00:21:43+00:00\" \/>\n<meta property=\"og:image\" content=\"https:\/\/fontfredapintures.com\/wp-content\/uploads\/2024\/04\/fontfreda-tienda-online-pinturas-decoracion.jpg\" \/>\n\t<meta property=\"og:image:width\" content=\"1200\" \/>\n\t<meta property=\"og:image:height\" content=\"800\" \/>\n\t<meta property=\"og:image:type\" content=\"image\/jpeg\" \/>\n<meta name=\"twitter:card\" content=\"summary_large_image\" \/>\n<meta name=\"twitter:label1\" content=\"Tiempo de lectura\" \/>\n\t<meta name=\"twitter:data1\" content=\"1 minuto\" \/>\n<script type=\"application\/ld+json\" class=\"yoast-schema-graph\">{\"@context\":\"https:\/\/schema.org\",\"@graph\":[{\"@type\":\"WebPage\",\"@id\":\"https:\/\/fontfredapintures.com\/es\/producto\/fieltro-de-recambio-ef-las-stf-ka-65-10x-ref499893\/\",\"url\":\"https:\/\/fontfredapintures.com\/es\/producto\/fieltro-de-recambio-ef-las-stf-ka-65-10x-ref499893\/\",\"name\":\"Fieltro de recambio EF-LAS-STF-KA 65 10x (ref:499893) - Fontfreda Pintures\",\"isPartOf\":{\"@id\":\"https:\/\/fontfredapintures.com\/es\/#website\"},\"primaryImageOfPage\":{\"@id\":\"https:\/\/fontfredapintures.com\/es\/producto\/fieltro-de-recambio-ef-las-stf-ka-65-10x-ref499893\/#primaryimage\"},\"image\":{\"@id\":\"https:\/\/fontfredapintures.com\/es\/producto\/fieltro-de-recambio-ef-las-stf-ka-65-10x-ref499893\/#primaryimage\"},\"thumbnailUrl\":\"https:\/\/fontfredapintures.com\/wp-content\/uploads\/2025\/01\/13600616_3005.png\",\"datePublished\":\"2025-01-09T11:02:20+00:00\",\"dateModified\":\"2025-05-06T00:21:43+00:00\",\"breadcrumb\":{\"@id\":\"https:\/\/fontfredapintures.com\/es\/producto\/fieltro-de-recambio-ef-las-stf-ka-65-10x-ref499893\/#breadcrumb\"},\"inLanguage\":\"es\",\"potentialAction\":[{\"@type\":\"ReadAction\",\"target\":[\"https:\/\/fontfredapintures.com\/es\/producto\/fieltro-de-recambio-ef-las-stf-ka-65-10x-ref499893\/\"]}]},{\"@type\":\"ImageObject\",\"inLanguage\":\"es\",\"@id\":\"https:\/\/fontfredapintures.com\/es\/producto\/fieltro-de-recambio-ef-las-stf-ka-65-10x-ref499893\/#primaryimage\",\"url\":\"https:\/\/fontfredapintures.com\/wp-content\/uploads\/2025\/01\/13600616_3005.png\",\"contentUrl\":\"https:\/\/fontfredapintures.com\/wp-content\/uploads\/2025\/01\/13600616_3005.png\",\"width\":1000,\"height\":1143,\"caption\":\"Fieltro de recambio Festool\"},{\"@type\":\"BreadcrumbList\",\"@id\":\"https:\/\/fontfredapintures.com\/es\/producto\/fieltro-de-recambio-ef-las-stf-ka-65-10x-ref499893\/#breadcrumb\",\"itemListElement\":[{\"@type\":\"ListItem\",\"position\":1,\"name\":\"Fontfreda\",\"item\":\"https:\/\/fontfredapintures.com\/es\/\"},{\"@type\":\"ListItem\",\"position\":2,\"name\":\"Tienda\",\"item\":\"https:\/\/fontfredapintures.com\/es\/tienda\/\"},{\"@type\":\"ListItem\",\"position\":3,\"name\":\"Fieltro de recambio EF-LAS-STF-KA 65 10x (ref:499893)\"}]},{\"@type\":\"WebSite\",\"@id\":\"https:\/\/fontfredapintures.com\/es\/#website\",\"url\":\"https:\/\/fontfredapintures.com\/es\/\",\"name\":\"Fontfreda Pintures\",\"description\":\"Tienda online de pintura, decoraci\u00f3n y bellas artes\",\"publisher\":{\"@id\":\"https:\/\/fontfredapintures.com\/es\/#organization\"},\"alternateName\":\"Pintures Fontfreda\",\"potentialAction\":[{\"@type\":\"SearchAction\",\"target\":{\"@type\":\"EntryPoint\",\"urlTemplate\":\"https:\/\/fontfredapintures.com\/es\/?s={search_term_string}\"},\"query-input\":{\"@type\":\"PropertyValueSpecification\",\"valueRequired\":true,\"valueName\":\"search_term_string\"}}],\"inLanguage\":\"es\"},{\"@type\":\"Organization\",\"@id\":\"https:\/\/fontfredapintures.com\/es\/#organization\",\"name\":\"Pintures Fontfreda\",\"alternateName\":\"Fontfreda Pintures\",\"url\":\"https:\/\/fontfredapintures.com\/es\/\",\"logo\":{\"@type\":\"ImageObject\",\"inLanguage\":\"es\",\"@id\":\"https:\/\/fontfredapintures.com\/es\/#\/schema\/logo\/image\/\",\"url\":\"https:\/\/fontfredapintures.com\/wp-content\/uploads\/2024\/04\/fontfreda-pintures-logo-yoast.jpg\",\"contentUrl\":\"https:\/\/fontfredapintures.com\/wp-content\/uploads\/2024\/04\/fontfreda-pintures-logo-yoast.jpg\",\"width\":900,\"height\":600,\"caption\":\"Pintures Fontfreda\"},\"image\":{\"@id\":\"https:\/\/fontfredapintures.com\/es\/#\/schema\/logo\/image\/\"},\"sameAs\":[\"https:\/\/www.facebook.com\/fontfredapintures\/\",\"https:\/\/www.instagram.com\/fontfredapintures\/\",\"https:\/\/www.linkedin.com\/company\/fontfredapintures\/\"]}]}<\/script>\n<!-- \/ Yoast SEO plugin. -->","yoast_head_json":{"title":"Fieltro de recambio EF-LAS-STF-KA 65 10x (ref:499893) - Fontfreda Pintures","robots":{"index":"index","follow":"follow","max-snippet":"max-snippet:-1","max-image-preview":"max-image-preview:large","max-video-preview":"max-video-preview:-1"},"canonical":"https:\/\/fontfredapintures.com\/es\/producto\/fieltro-de-recambio-ef-las-stf-ka-65-10x-ref499893\/","og_locale":"es_ES","og_type":"article","og_title":"Fieltro de recambio EF-LAS-STF-KA 65 10x (ref:499893) - Fontfreda Pintures","og_description":"Soporte de fieltro de recambio para la banda de rodadura LAS-STF-KA 65, dise\u00f1ado para proteger superficies delicadas al cantonear paneles con decoraciones sensibles. Permite un intercambio r\u00e1pido y f\u00e1cil para mantener las superficies limpias y evitar rayaduras.","og_url":"https:\/\/fontfredapintures.com\/es\/producto\/fieltro-de-recambio-ef-las-stf-ka-65-10x-ref499893\/","og_site_name":"Fontfreda Pintures","article_publisher":"https:\/\/www.facebook.com\/fontfredapintures\/","article_modified_time":"2025-05-06T00:21:43+00:00","og_image":[{"width":1200,"height":800,"url":"https:\/\/fontfredapintures.com\/wp-content\/uploads\/2024\/04\/fontfreda-tienda-online-pinturas-decoracion.jpg","type":"image\/jpeg"}],"twitter_card":"summary_large_image","twitter_misc":{"Tiempo de lectura":"1 minuto"},"schema":{"@context":"https:\/\/schema.org","@graph":[{"@type":"WebPage","@id":"https:\/\/fontfredapintures.com\/es\/producto\/fieltro-de-recambio-ef-las-stf-ka-65-10x-ref499893\/","url":"https:\/\/fontfredapintures.com\/es\/producto\/fieltro-de-recambio-ef-las-stf-ka-65-10x-ref499893\/","name":"Fieltro de recambio EF-LAS-STF-KA 65 10x (ref:499893) - Fontfreda Pintures","isPartOf":{"@id":"https:\/\/fontfredapintures.com\/es\/#website"},"primaryImageOfPage":{"@id":"https:\/\/fontfredapintures.com\/es\/producto\/fieltro-de-recambio-ef-las-stf-ka-65-10x-ref499893\/#primaryimage"},"image":{"@id":"https:\/\/fontfredapintures.com\/es\/producto\/fieltro-de-recambio-ef-las-stf-ka-65-10x-ref499893\/#primaryimage"},"thumbnailUrl":"https:\/\/fontfredapintures.com\/wp-content\/uploads\/2025\/01\/13600616_3005.png","datePublished":"2025-01-09T11:02:20+00:00","dateModified":"2025-05-06T00:21:43+00:00","breadcrumb":{"@id":"https:\/\/fontfredapintures.com\/es\/producto\/fieltro-de-recambio-ef-las-stf-ka-65-10x-ref499893\/#breadcrumb"},"inLanguage":"es","potentialAction":[{"@type":"ReadAction","target":["https:\/\/fontfredapintures.com\/es\/producto\/fieltro-de-recambio-ef-las-stf-ka-65-10x-ref499893\/"]}]},{"@type":"ImageObject","inLanguage":"es","@id":"https:\/\/fontfredapintures.com\/es\/producto\/fieltro-de-recambio-ef-las-stf-ka-65-10x-ref499893\/#primaryimage","url":"https:\/\/fontfredapintures.com\/wp-content\/uploads\/2025\/01\/13600616_3005.png","contentUrl":"https:\/\/fontfredapintures.com\/wp-content\/uploads\/2025\/01\/13600616_3005.png","width":1000,"height":1143,"caption":"Fieltro de recambio Festool"},{"@type":"BreadcrumbList","@id":"https:\/\/fontfredapintures.com\/es\/producto\/fieltro-de-recambio-ef-las-stf-ka-65-10x-ref499893\/#breadcrumb","itemListElement":[{"@type":"ListItem","position":1,"name":"Fontfreda","item":"https:\/\/fontfredapintures.com\/es\/"},{"@type":"ListItem","position":2,"name":"Tienda","item":"https:\/\/fontfredapintures.com\/es\/tienda\/"},{"@type":"ListItem","position":3,"name":"Fieltro de recambio EF-LAS-STF-KA 65 10x (ref:499893)"}]},{"@type":"WebSite","@id":"https:\/\/fontfredapintures.com\/es\/#website","url":"https:\/\/fontfredapintures.com\/es\/","name":"Fontfreda Pintures","description":"Tienda online de pintura, decoraci\u00f3n y bellas artes","publisher":{"@id":"https:\/\/fontfredapintures.com\/es\/#organization"},"alternateName":"Pintures Fontfreda","potentialAction":[{"@type":"SearchAction","target":{"@type":"EntryPoint","urlTemplate":"https:\/\/fontfredapintures.com\/es\/?s={search_term_string}"},"query-input":{"@type":"PropertyValueSpecification","valueRequired":true,"valueName":"search_term_string"}}],"inLanguage":"es"},{"@type":"Organization","@id":"https:\/\/fontfredapintures.com\/es\/#organization","name":"Pintures Fontfreda","alternateName":"Fontfreda Pintures","url":"https:\/\/fontfredapintures.com\/es\/","logo":{"@type":"ImageObject","inLanguage":"es","@id":"https:\/\/fontfredapintures.com\/es\/#\/schema\/logo\/image\/","url":"https:\/\/fontfredapintures.com\/wp-content\/uploads\/2024\/04\/fontfreda-pintures-logo-yoast.jpg","contentUrl":"https:\/\/fontfredapintures.com\/wp-content\/uploads\/2024\/04\/fontfreda-pintures-logo-yoast.jpg","width":900,"height":600,"caption":"Pintures Fontfreda"},"image":{"@id":"https:\/\/fontfredapintures.com\/es\/#\/schema\/logo\/image\/"},"sameAs":["https:\/\/www.facebook.com\/fontfredapintures\/","https:\/\/www.instagram.com\/fontfredapintures\/","https:\/\/www.linkedin.com\/company\/fontfredapintures\/"]}]}},"_links":{"self":[{"href":"https:\/\/fontfredapintures.com\/es\/wp-json\/wp\/v2\/product\/54813","targetHints":{"allow":["GET"]}}],"collection":[{"href":"https:\/\/fontfredapintures.com\/es\/wp-json\/wp\/v2\/product"}],"about":[{"href":"https:\/\/fontfredapintures.com\/es\/wp-json\/wp\/v2\/types\/product"}],"replies":[{"embeddable":true,"href":"https:\/\/fontfredapintures.com\/es\/wp-json\/wp\/v2\/comments?post=54813"}],"version-history":[{"count":0,"href":"https:\/\/fontfredapintures.com\/es\/wp-json\/wp\/v2\/product\/54813\/revisions"}],"wp:featuredmedia":[{"embeddable":true,"href":"https:\/\/fontfredapintures.com\/es\/wp-json\/wp\/v2\/media\/54811"}],"wp:attachment":[{"href":"https:\/\/fontfredapintures.com\/es\/wp-json\/wp\/v2\/media?parent=54813"}],"wp:term":[{"taxonomy":"product_brand","embeddable":true,"href":"https:\/\/fontfredapintures.com\/es\/wp-json\/wp\/v2\/product_brand?post=54813"},{"taxonomy":"product_cat","embeddable":true,"href":"https:\/\/fontfredapintures.com\/es\/wp-json\/wp\/v2\/product_cat?post=54813"},{"taxonomy":"product_tag","embeddable":true,"href":"https:\/\/fontfredapintures.com\/es\/wp-json\/wp\/v2\/product_tag?post=54813"}],"curies":[{"name":"wp","href":"https:\/\/api.w.org\/{rel}","templated":true}]}}