{"id":54795,"date":"2025-01-09T13:01:52","date_gmt":"2025-01-09T11:01:52","guid":{"rendered":"https:\/\/fontfredapintures.com\/producte\/cabeza-esferica-magnetica-ma-kal-ref499814\/"},"modified":"2025-05-06T02:21:28","modified_gmt":"2025-05-06T00:21:28","slug":"cabeza-esferica-magnetica-ma-kal-ref499814","status":"publish","type":"product","link":"https:\/\/fontfredapintures.com\/es\/producto\/cabeza-esferica-magnetica-ma-kal-ref499814\/","title":{"rendered":"Cabeza esf\u00e9rica magn\u00e9tica MA KAL (ref:499814)"},"content":{"rendered":"<p>La cabeza esf\u00e9rica magn\u00e9tica MA KAL es una soluci\u00f3n vers\u00e1til para la fijaci\u00f3n de luces de trabajo SYSLITE KAL, KAL II y KAL C. Gracias a su im\u00e1n permanente integrado, se puede fijar en superficies met\u00e1licas y, con una mordaza de rosca, tambi\u00e9n se puede usar en otras superficies. La cabeza puede girar 360\u00b0, proporcionando iluminaci\u00f3n variable y ajustable para cualquier situaci\u00f3n. La base permite fijar la cabeza en tr\u00edpodes convencionales o en superficies no magn\u00e9ticas como madera mediante un tornillo. Esta flexibilidad la convierte en una opci\u00f3n ideal para diversas aplicaciones profesionales, garantizando iluminaci\u00f3n \u00f3ptima en todo momento.<\/p>\n","protected":false},"excerpt":{"rendered":"<p>La cabeza esf\u00e9rica magn\u00e9tica MA KAL permite fijar la iluminaci\u00f3n de trabajo en superficies met\u00e1licas o no met\u00e1licas con flexibilidad. Con rotaci\u00f3n de 360\u00b0, ofrece una iluminaci\u00f3n variable y f\u00e1cil de posicionar.<\/p>\n","protected":false},"featured_media":54787,"comment_status":"open","ping_status":"closed","template":"","meta":[],"product_brand":[],"product_cat":[80,1086],"product_tag":[],"class_list":{"0":"post-54795","1":"product","2":"type-product","3":"status-publish","4":"has-post-thumbnail","6":"product_cat-maquinaria-es","7":"product_cat-accesorios","8":"pa_brand-festool","10":"first","11":"instock","12":"taxable","13":"shipping-taxable","14":"purchasable","15":"product-type-simple"},"group_of_quantity":0,"min_quantity":0,"max_quantity":"","exclude_order_quantity_value_rules":"no","exclude_category_quantity_rules":"no","combine_variations":"no","yoast_head":"<!-- This site is optimized with the Yoast SEO plugin v25.7 - https:\/\/yoast.com\/wordpress\/plugins\/seo\/ -->\n<title>Cabeza esf\u00e9rica magn\u00e9tica MA KAL (ref:499814) - Fontfreda Pintures<\/title>\n<meta name=\"robots\" content=\"index, follow, max-snippet:-1, max-image-preview:large, max-video-preview:-1\" \/>\n<link rel=\"canonical\" href=\"https:\/\/fontfredapintures.com\/es\/producto\/cabeza-esferica-magnetica-ma-kal-ref499814\/\" \/>\n<meta property=\"og:locale\" content=\"es_ES\" \/>\n<meta property=\"og:type\" content=\"article\" \/>\n<meta property=\"og:title\" content=\"Cabeza esf\u00e9rica magn\u00e9tica MA KAL (ref:499814) - Fontfreda Pintures\" \/>\n<meta property=\"og:description\" content=\"La cabeza esf\u00e9rica magn\u00e9tica MA KAL permite fijar la iluminaci\u00f3n de trabajo en superficies met\u00e1licas o no met\u00e1licas con flexibilidad. Con rotaci\u00f3n de 360\u00b0, ofrece una iluminaci\u00f3n variable y f\u00e1cil de posicionar.\" \/>\n<meta property=\"og:url\" content=\"https:\/\/fontfredapintures.com\/es\/producto\/cabeza-esferica-magnetica-ma-kal-ref499814\/\" \/>\n<meta property=\"og:site_name\" content=\"Fontfreda Pintures\" \/>\n<meta property=\"article:publisher\" content=\"https:\/\/www.facebook.com\/fontfredapintures\/\" \/>\n<meta property=\"article:modified_time\" content=\"2025-05-06T00:21:28+00:00\" \/>\n<meta property=\"og:image\" content=\"https:\/\/fontfredapintures.com\/wp-content\/uploads\/2024\/04\/fontfreda-tienda-online-pinturas-decoracion.jpg\" \/>\n\t<meta property=\"og:image:width\" content=\"1200\" \/>\n\t<meta property=\"og:image:height\" content=\"800\" \/>\n\t<meta property=\"og:image:type\" content=\"image\/jpeg\" \/>\n<meta name=\"twitter:card\" content=\"summary_large_image\" \/>\n<meta name=\"twitter:label1\" content=\"Tiempo de lectura\" \/>\n\t<meta name=\"twitter:data1\" content=\"1 minuto\" \/>\n<script type=\"application\/ld+json\" class=\"yoast-schema-graph\">{\"@context\":\"https:\/\/schema.org\",\"@graph\":[{\"@type\":\"WebPage\",\"@id\":\"https:\/\/fontfredapintures.com\/es\/producto\/cabeza-esferica-magnetica-ma-kal-ref499814\/\",\"url\":\"https:\/\/fontfredapintures.com\/es\/producto\/cabeza-esferica-magnetica-ma-kal-ref499814\/\",\"name\":\"Cabeza esf\u00e9rica magn\u00e9tica MA KAL (ref:499814) - Fontfreda Pintures\",\"isPartOf\":{\"@id\":\"https:\/\/fontfredapintures.com\/es\/#website\"},\"primaryImageOfPage\":{\"@id\":\"https:\/\/fontfredapintures.com\/es\/producto\/cabeza-esferica-magnetica-ma-kal-ref499814\/#primaryimage\"},\"image\":{\"@id\":\"https:\/\/fontfredapintures.com\/es\/producto\/cabeza-esferica-magnetica-ma-kal-ref499814\/#primaryimage\"},\"thumbnailUrl\":\"https:\/\/fontfredapintures.com\/wp-content\/uploads\/2025\/01\/13600614_3000.png\",\"datePublished\":\"2025-01-09T11:01:52+00:00\",\"dateModified\":\"2025-05-06T00:21:28+00:00\",\"breadcrumb\":{\"@id\":\"https:\/\/fontfredapintures.com\/es\/producto\/cabeza-esferica-magnetica-ma-kal-ref499814\/#breadcrumb\"},\"inLanguage\":\"es\",\"potentialAction\":[{\"@type\":\"ReadAction\",\"target\":[\"https:\/\/fontfredapintures.com\/es\/producto\/cabeza-esferica-magnetica-ma-kal-ref499814\/\"]}]},{\"@type\":\"ImageObject\",\"inLanguage\":\"es\",\"@id\":\"https:\/\/fontfredapintures.com\/es\/producto\/cabeza-esferica-magnetica-ma-kal-ref499814\/#primaryimage\",\"url\":\"https:\/\/fontfredapintures.com\/wp-content\/uploads\/2025\/01\/13600614_3000.png\",\"contentUrl\":\"https:\/\/fontfredapintures.com\/wp-content\/uploads\/2025\/01\/13600614_3000.png\",\"width\":1000,\"height\":1143,\"caption\":\"Cabeza esf\u00e9rica magn\u00e9tica Festool\"},{\"@type\":\"BreadcrumbList\",\"@id\":\"https:\/\/fontfredapintures.com\/es\/producto\/cabeza-esferica-magnetica-ma-kal-ref499814\/#breadcrumb\",\"itemListElement\":[{\"@type\":\"ListItem\",\"position\":1,\"name\":\"Fontfreda\",\"item\":\"https:\/\/fontfredapintures.com\/es\/\"},{\"@type\":\"ListItem\",\"position\":2,\"name\":\"Tienda\",\"item\":\"https:\/\/fontfredapintures.com\/es\/tienda\/\"},{\"@type\":\"ListItem\",\"position\":3,\"name\":\"Cabeza esf\u00e9rica magn\u00e9tica MA KAL (ref:499814)\"}]},{\"@type\":\"WebSite\",\"@id\":\"https:\/\/fontfredapintures.com\/es\/#website\",\"url\":\"https:\/\/fontfredapintures.com\/es\/\",\"name\":\"Fontfreda Pintures\",\"description\":\"Tienda online de pintura, decoraci\u00f3n y bellas artes\",\"publisher\":{\"@id\":\"https:\/\/fontfredapintures.com\/es\/#organization\"},\"alternateName\":\"Pintures Fontfreda\",\"potentialAction\":[{\"@type\":\"SearchAction\",\"target\":{\"@type\":\"EntryPoint\",\"urlTemplate\":\"https:\/\/fontfredapintures.com\/es\/?s={search_term_string}\"},\"query-input\":{\"@type\":\"PropertyValueSpecification\",\"valueRequired\":true,\"valueName\":\"search_term_string\"}}],\"inLanguage\":\"es\"},{\"@type\":\"Organization\",\"@id\":\"https:\/\/fontfredapintures.com\/es\/#organization\",\"name\":\"Pintures Fontfreda\",\"alternateName\":\"Fontfreda Pintures\",\"url\":\"https:\/\/fontfredapintures.com\/es\/\",\"logo\":{\"@type\":\"ImageObject\",\"inLanguage\":\"es\",\"@id\":\"https:\/\/fontfredapintures.com\/es\/#\/schema\/logo\/image\/\",\"url\":\"https:\/\/fontfredapintures.com\/wp-content\/uploads\/2024\/04\/fontfreda-pintures-logo-yoast.jpg\",\"contentUrl\":\"https:\/\/fontfredapintures.com\/wp-content\/uploads\/2024\/04\/fontfreda-pintures-logo-yoast.jpg\",\"width\":900,\"height\":600,\"caption\":\"Pintures Fontfreda\"},\"image\":{\"@id\":\"https:\/\/fontfredapintures.com\/es\/#\/schema\/logo\/image\/\"},\"sameAs\":[\"https:\/\/www.facebook.com\/fontfredapintures\/\",\"https:\/\/www.instagram.com\/fontfredapintures\/\",\"https:\/\/www.linkedin.com\/company\/fontfredapintures\/\"]}]}<\/script>\n<!-- \/ Yoast SEO plugin. -->","yoast_head_json":{"title":"Cabeza esf\u00e9rica magn\u00e9tica MA KAL (ref:499814) - Fontfreda Pintures","robots":{"index":"index","follow":"follow","max-snippet":"max-snippet:-1","max-image-preview":"max-image-preview:large","max-video-preview":"max-video-preview:-1"},"canonical":"https:\/\/fontfredapintures.com\/es\/producto\/cabeza-esferica-magnetica-ma-kal-ref499814\/","og_locale":"es_ES","og_type":"article","og_title":"Cabeza esf\u00e9rica magn\u00e9tica MA KAL (ref:499814) - Fontfreda Pintures","og_description":"La cabeza esf\u00e9rica magn\u00e9tica MA KAL permite fijar la iluminaci\u00f3n de trabajo en superficies met\u00e1licas o no met\u00e1licas con flexibilidad. Con rotaci\u00f3n de 360\u00b0, ofrece una iluminaci\u00f3n variable y f\u00e1cil de posicionar.","og_url":"https:\/\/fontfredapintures.com\/es\/producto\/cabeza-esferica-magnetica-ma-kal-ref499814\/","og_site_name":"Fontfreda Pintures","article_publisher":"https:\/\/www.facebook.com\/fontfredapintures\/","article_modified_time":"2025-05-06T00:21:28+00:00","og_image":[{"width":1200,"height":800,"url":"https:\/\/fontfredapintures.com\/wp-content\/uploads\/2024\/04\/fontfreda-tienda-online-pinturas-decoracion.jpg","type":"image\/jpeg"}],"twitter_card":"summary_large_image","twitter_misc":{"Tiempo de lectura":"1 minuto"},"schema":{"@context":"https:\/\/schema.org","@graph":[{"@type":"WebPage","@id":"https:\/\/fontfredapintures.com\/es\/producto\/cabeza-esferica-magnetica-ma-kal-ref499814\/","url":"https:\/\/fontfredapintures.com\/es\/producto\/cabeza-esferica-magnetica-ma-kal-ref499814\/","name":"Cabeza esf\u00e9rica magn\u00e9tica MA KAL (ref:499814) - Fontfreda Pintures","isPartOf":{"@id":"https:\/\/fontfredapintures.com\/es\/#website"},"primaryImageOfPage":{"@id":"https:\/\/fontfredapintures.com\/es\/producto\/cabeza-esferica-magnetica-ma-kal-ref499814\/#primaryimage"},"image":{"@id":"https:\/\/fontfredapintures.com\/es\/producto\/cabeza-esferica-magnetica-ma-kal-ref499814\/#primaryimage"},"thumbnailUrl":"https:\/\/fontfredapintures.com\/wp-content\/uploads\/2025\/01\/13600614_3000.png","datePublished":"2025-01-09T11:01:52+00:00","dateModified":"2025-05-06T00:21:28+00:00","breadcrumb":{"@id":"https:\/\/fontfredapintures.com\/es\/producto\/cabeza-esferica-magnetica-ma-kal-ref499814\/#breadcrumb"},"inLanguage":"es","potentialAction":[{"@type":"ReadAction","target":["https:\/\/fontfredapintures.com\/es\/producto\/cabeza-esferica-magnetica-ma-kal-ref499814\/"]}]},{"@type":"ImageObject","inLanguage":"es","@id":"https:\/\/fontfredapintures.com\/es\/producto\/cabeza-esferica-magnetica-ma-kal-ref499814\/#primaryimage","url":"https:\/\/fontfredapintures.com\/wp-content\/uploads\/2025\/01\/13600614_3000.png","contentUrl":"https:\/\/fontfredapintures.com\/wp-content\/uploads\/2025\/01\/13600614_3000.png","width":1000,"height":1143,"caption":"Cabeza esf\u00e9rica magn\u00e9tica Festool"},{"@type":"BreadcrumbList","@id":"https:\/\/fontfredapintures.com\/es\/producto\/cabeza-esferica-magnetica-ma-kal-ref499814\/#breadcrumb","itemListElement":[{"@type":"ListItem","position":1,"name":"Fontfreda","item":"https:\/\/fontfredapintures.com\/es\/"},{"@type":"ListItem","position":2,"name":"Tienda","item":"https:\/\/fontfredapintures.com\/es\/tienda\/"},{"@type":"ListItem","position":3,"name":"Cabeza esf\u00e9rica magn\u00e9tica MA KAL (ref:499814)"}]},{"@type":"WebSite","@id":"https:\/\/fontfredapintures.com\/es\/#website","url":"https:\/\/fontfredapintures.com\/es\/","name":"Fontfreda Pintures","description":"Tienda online de pintura, decoraci\u00f3n y bellas artes","publisher":{"@id":"https:\/\/fontfredapintures.com\/es\/#organization"},"alternateName":"Pintures Fontfreda","potentialAction":[{"@type":"SearchAction","target":{"@type":"EntryPoint","urlTemplate":"https:\/\/fontfredapintures.com\/es\/?s={search_term_string}"},"query-input":{"@type":"PropertyValueSpecification","valueRequired":true,"valueName":"search_term_string"}}],"inLanguage":"es"},{"@type":"Organization","@id":"https:\/\/fontfredapintures.com\/es\/#organization","name":"Pintures Fontfreda","alternateName":"Fontfreda Pintures","url":"https:\/\/fontfredapintures.com\/es\/","logo":{"@type":"ImageObject","inLanguage":"es","@id":"https:\/\/fontfredapintures.com\/es\/#\/schema\/logo\/image\/","url":"https:\/\/fontfredapintures.com\/wp-content\/uploads\/2024\/04\/fontfreda-pintures-logo-yoast.jpg","contentUrl":"https:\/\/fontfredapintures.com\/wp-content\/uploads\/2024\/04\/fontfreda-pintures-logo-yoast.jpg","width":900,"height":600,"caption":"Pintures Fontfreda"},"image":{"@id":"https:\/\/fontfredapintures.com\/es\/#\/schema\/logo\/image\/"},"sameAs":["https:\/\/www.facebook.com\/fontfredapintures\/","https:\/\/www.instagram.com\/fontfredapintures\/","https:\/\/www.linkedin.com\/company\/fontfredapintures\/"]}]}},"_links":{"self":[{"href":"https:\/\/fontfredapintures.com\/es\/wp-json\/wp\/v2\/product\/54795","targetHints":{"allow":["GET"]}}],"collection":[{"href":"https:\/\/fontfredapintures.com\/es\/wp-json\/wp\/v2\/product"}],"about":[{"href":"https:\/\/fontfredapintures.com\/es\/wp-json\/wp\/v2\/types\/product"}],"replies":[{"embeddable":true,"href":"https:\/\/fontfredapintures.com\/es\/wp-json\/wp\/v2\/comments?post=54795"}],"version-history":[{"count":0,"href":"https:\/\/fontfredapintures.com\/es\/wp-json\/wp\/v2\/product\/54795\/revisions"}],"wp:featuredmedia":[{"embeddable":true,"href":"https:\/\/fontfredapintures.com\/es\/wp-json\/wp\/v2\/media\/54787"}],"wp:attachment":[{"href":"https:\/\/fontfredapintures.com\/es\/wp-json\/wp\/v2\/media?parent=54795"}],"wp:term":[{"taxonomy":"product_brand","embeddable":true,"href":"https:\/\/fontfredapintures.com\/es\/wp-json\/wp\/v2\/product_brand?post=54795"},{"taxonomy":"product_cat","embeddable":true,"href":"https:\/\/fontfredapintures.com\/es\/wp-json\/wp\/v2\/product_cat?post=54795"},{"taxonomy":"product_tag","embeddable":true,"href":"https:\/\/fontfredapintures.com\/es\/wp-json\/wp\/v2\/product_tag?post=54795"}],"curies":[{"name":"wp","href":"https:\/\/api.w.org\/{rel}","templated":true}]}}