{"id":54750,"date":"2025-01-09T12:01:18","date_gmt":"2025-01-09T10:01:18","guid":{"rendered":"https:\/\/fontfredapintures.com\/producte\/proteccion-antiastillas-sp-ts-55-r-5-ref499011\/"},"modified":"2025-05-06T02:20:58","modified_gmt":"2025-05-06T00:20:58","slug":"proteccion-antiastillas-sp-ts-55-r-5-ref499011","status":"publish","type":"product","link":"https:\/\/fontfredapintures.com\/es\/producto\/proteccion-antiastillas-sp-ts-55-r-5-ref499011\/","title":{"rendered":"Protecci\u00f3n antiastillas SP-TS 55 R\/5 (ref:499011)"},"content":{"rendered":"<p>La protecci\u00f3n antiastillas es un accesorio dise\u00f1ado para ofrecer cortes limpios y sin desgarros a la derecha de la hoja de sierra. Se monta f\u00e1cilmente en lugar de la mirilla y se adapta perfectamente a la hoja de sierra mientras la m\u00e1quina est\u00e1 en funcionamiento, evitando as\u00ed cualquier astillamiento del material. Esta protecci\u00f3n se puede regular en altura, lo que la hace adecuada para realizar cortes con o sin riel de gu\u00eda. Su versatilidad permite utilizarla con cualquier tipo de hoja de sierra, y es especialmente \u00fatil para aplicaciones como recortes en puertas o cortes en planchas, garantizando una profundidad de corte m\u00e1xima y un acabado profesional.<\/p>\n","protected":false},"excerpt":{"rendered":"<p>Protecci\u00f3n antiastillas para realizar cortes limpios y precisos a la derecha de la hoja de sierra, con ajuste de altura. Compatible con todas las hojas de sierra y utilizable tanto con como sin riel de gu\u00eda. Ideal para recortes en puertas y cortes de planchas.<\/p>\n","protected":false},"featured_media":54745,"comment_status":"open","ping_status":"closed","template":"","meta":[],"product_brand":[],"product_cat":[80,1086],"product_tag":[],"class_list":{"0":"post-54750","1":"product","2":"type-product","3":"status-publish","4":"has-post-thumbnail","6":"product_cat-maquinaria-es","7":"product_cat-accesorios","8":"pa_brand-festool","10":"first","11":"instock","12":"taxable","13":"shipping-taxable","14":"purchasable","15":"product-type-simple"},"group_of_quantity":0,"min_quantity":0,"max_quantity":"","exclude_order_quantity_value_rules":"no","exclude_category_quantity_rules":"no","combine_variations":"no","yoast_head":"<!-- This site is optimized with the Yoast SEO plugin v25.7 - https:\/\/yoast.com\/wordpress\/plugins\/seo\/ -->\n<title>Protecci\u00f3n antiastillas SP-TS 55 R\/5 (ref:499011) - Fontfreda Pintures<\/title>\n<meta name=\"robots\" content=\"index, follow, max-snippet:-1, max-image-preview:large, max-video-preview:-1\" \/>\n<link rel=\"canonical\" href=\"https:\/\/fontfredapintures.com\/es\/producto\/proteccion-antiastillas-sp-ts-55-r-5-ref499011\/\" \/>\n<meta property=\"og:locale\" content=\"es_ES\" \/>\n<meta property=\"og:type\" content=\"article\" \/>\n<meta property=\"og:title\" content=\"Protecci\u00f3n antiastillas SP-TS 55 R\/5 (ref:499011) - Fontfreda Pintures\" \/>\n<meta property=\"og:description\" content=\"Protecci\u00f3n antiastillas para realizar cortes limpios y precisos a la derecha de la hoja de sierra, con ajuste de altura. Compatible con todas las hojas de sierra y utilizable tanto con como sin riel de gu\u00eda. Ideal para recortes en puertas y cortes de planchas.\" \/>\n<meta property=\"og:url\" content=\"https:\/\/fontfredapintures.com\/es\/producto\/proteccion-antiastillas-sp-ts-55-r-5-ref499011\/\" \/>\n<meta property=\"og:site_name\" content=\"Fontfreda Pintures\" \/>\n<meta property=\"article:publisher\" content=\"https:\/\/www.facebook.com\/fontfredapintures\/\" \/>\n<meta property=\"article:modified_time\" content=\"2025-05-06T00:20:58+00:00\" \/>\n<meta property=\"og:image\" content=\"https:\/\/fontfredapintures.com\/wp-content\/uploads\/2024\/04\/fontfreda-tienda-online-pinturas-decoracion.jpg\" \/>\n\t<meta property=\"og:image:width\" content=\"1200\" \/>\n\t<meta property=\"og:image:height\" content=\"800\" \/>\n\t<meta property=\"og:image:type\" content=\"image\/jpeg\" \/>\n<meta name=\"twitter:card\" content=\"summary_large_image\" \/>\n<meta name=\"twitter:label1\" content=\"Tiempo de lectura\" \/>\n\t<meta name=\"twitter:data1\" content=\"1 minuto\" \/>\n<script type=\"application\/ld+json\" class=\"yoast-schema-graph\">{\"@context\":\"https:\/\/schema.org\",\"@graph\":[{\"@type\":\"WebPage\",\"@id\":\"https:\/\/fontfredapintures.com\/es\/producto\/proteccion-antiastillas-sp-ts-55-r-5-ref499011\/\",\"url\":\"https:\/\/fontfredapintures.com\/es\/producto\/proteccion-antiastillas-sp-ts-55-r-5-ref499011\/\",\"name\":\"Protecci\u00f3n antiastillas SP-TS 55 R\/5 (ref:499011) - Fontfreda Pintures\",\"isPartOf\":{\"@id\":\"https:\/\/fontfredapintures.com\/es\/#website\"},\"primaryImageOfPage\":{\"@id\":\"https:\/\/fontfredapintures.com\/es\/producto\/proteccion-antiastillas-sp-ts-55-r-5-ref499011\/#primaryimage\"},\"image\":{\"@id\":\"https:\/\/fontfredapintures.com\/es\/producto\/proteccion-antiastillas-sp-ts-55-r-5-ref499011\/#primaryimage\"},\"thumbnailUrl\":\"https:\/\/fontfredapintures.com\/wp-content\/uploads\/2025\/01\/13600608_2994.png\",\"datePublished\":\"2025-01-09T10:01:18+00:00\",\"dateModified\":\"2025-05-06T00:20:58+00:00\",\"breadcrumb\":{\"@id\":\"https:\/\/fontfredapintures.com\/es\/producto\/proteccion-antiastillas-sp-ts-55-r-5-ref499011\/#breadcrumb\"},\"inLanguage\":\"es\",\"potentialAction\":[{\"@type\":\"ReadAction\",\"target\":[\"https:\/\/fontfredapintures.com\/es\/producto\/proteccion-antiastillas-sp-ts-55-r-5-ref499011\/\"]}]},{\"@type\":\"ImageObject\",\"inLanguage\":\"es\",\"@id\":\"https:\/\/fontfredapintures.com\/es\/producto\/proteccion-antiastillas-sp-ts-55-r-5-ref499011\/#primaryimage\",\"url\":\"https:\/\/fontfredapintures.com\/wp-content\/uploads\/2025\/01\/13600608_2994.png\",\"contentUrl\":\"https:\/\/fontfredapintures.com\/wp-content\/uploads\/2025\/01\/13600608_2994.png\",\"width\":1000,\"height\":1143,\"caption\":\"Protecci\u00f3n antiastillas Festool\"},{\"@type\":\"BreadcrumbList\",\"@id\":\"https:\/\/fontfredapintures.com\/es\/producto\/proteccion-antiastillas-sp-ts-55-r-5-ref499011\/#breadcrumb\",\"itemListElement\":[{\"@type\":\"ListItem\",\"position\":1,\"name\":\"Fontfreda\",\"item\":\"https:\/\/fontfredapintures.com\/es\/\"},{\"@type\":\"ListItem\",\"position\":2,\"name\":\"Tienda\",\"item\":\"https:\/\/fontfredapintures.com\/es\/tienda\/\"},{\"@type\":\"ListItem\",\"position\":3,\"name\":\"Protecci\u00f3n antiastillas SP-TS 55 R\/5 (ref:499011)\"}]},{\"@type\":\"WebSite\",\"@id\":\"https:\/\/fontfredapintures.com\/es\/#website\",\"url\":\"https:\/\/fontfredapintures.com\/es\/\",\"name\":\"Fontfreda Pintures\",\"description\":\"Tienda online de pintura, decoraci\u00f3n y bellas artes\",\"publisher\":{\"@id\":\"https:\/\/fontfredapintures.com\/es\/#organization\"},\"alternateName\":\"Pintures Fontfreda\",\"potentialAction\":[{\"@type\":\"SearchAction\",\"target\":{\"@type\":\"EntryPoint\",\"urlTemplate\":\"https:\/\/fontfredapintures.com\/es\/?s={search_term_string}\"},\"query-input\":{\"@type\":\"PropertyValueSpecification\",\"valueRequired\":true,\"valueName\":\"search_term_string\"}}],\"inLanguage\":\"es\"},{\"@type\":\"Organization\",\"@id\":\"https:\/\/fontfredapintures.com\/es\/#organization\",\"name\":\"Pintures Fontfreda\",\"alternateName\":\"Fontfreda Pintures\",\"url\":\"https:\/\/fontfredapintures.com\/es\/\",\"logo\":{\"@type\":\"ImageObject\",\"inLanguage\":\"es\",\"@id\":\"https:\/\/fontfredapintures.com\/es\/#\/schema\/logo\/image\/\",\"url\":\"https:\/\/fontfredapintures.com\/wp-content\/uploads\/2024\/04\/fontfreda-pintures-logo-yoast.jpg\",\"contentUrl\":\"https:\/\/fontfredapintures.com\/wp-content\/uploads\/2024\/04\/fontfreda-pintures-logo-yoast.jpg\",\"width\":900,\"height\":600,\"caption\":\"Pintures Fontfreda\"},\"image\":{\"@id\":\"https:\/\/fontfredapintures.com\/es\/#\/schema\/logo\/image\/\"},\"sameAs\":[\"https:\/\/www.facebook.com\/fontfredapintures\/\",\"https:\/\/www.instagram.com\/fontfredapintures\/\",\"https:\/\/www.linkedin.com\/company\/fontfredapintures\/\"]}]}<\/script>\n<!-- \/ Yoast SEO plugin. -->","yoast_head_json":{"title":"Protecci\u00f3n antiastillas SP-TS 55 R\/5 (ref:499011) - Fontfreda Pintures","robots":{"index":"index","follow":"follow","max-snippet":"max-snippet:-1","max-image-preview":"max-image-preview:large","max-video-preview":"max-video-preview:-1"},"canonical":"https:\/\/fontfredapintures.com\/es\/producto\/proteccion-antiastillas-sp-ts-55-r-5-ref499011\/","og_locale":"es_ES","og_type":"article","og_title":"Protecci\u00f3n antiastillas SP-TS 55 R\/5 (ref:499011) - Fontfreda Pintures","og_description":"Protecci\u00f3n antiastillas para realizar cortes limpios y precisos a la derecha de la hoja de sierra, con ajuste de altura. Compatible con todas las hojas de sierra y utilizable tanto con como sin riel de gu\u00eda. Ideal para recortes en puertas y cortes de planchas.","og_url":"https:\/\/fontfredapintures.com\/es\/producto\/proteccion-antiastillas-sp-ts-55-r-5-ref499011\/","og_site_name":"Fontfreda Pintures","article_publisher":"https:\/\/www.facebook.com\/fontfredapintures\/","article_modified_time":"2025-05-06T00:20:58+00:00","og_image":[{"width":1200,"height":800,"url":"https:\/\/fontfredapintures.com\/wp-content\/uploads\/2024\/04\/fontfreda-tienda-online-pinturas-decoracion.jpg","type":"image\/jpeg"}],"twitter_card":"summary_large_image","twitter_misc":{"Tiempo de lectura":"1 minuto"},"schema":{"@context":"https:\/\/schema.org","@graph":[{"@type":"WebPage","@id":"https:\/\/fontfredapintures.com\/es\/producto\/proteccion-antiastillas-sp-ts-55-r-5-ref499011\/","url":"https:\/\/fontfredapintures.com\/es\/producto\/proteccion-antiastillas-sp-ts-55-r-5-ref499011\/","name":"Protecci\u00f3n antiastillas SP-TS 55 R\/5 (ref:499011) - Fontfreda Pintures","isPartOf":{"@id":"https:\/\/fontfredapintures.com\/es\/#website"},"primaryImageOfPage":{"@id":"https:\/\/fontfredapintures.com\/es\/producto\/proteccion-antiastillas-sp-ts-55-r-5-ref499011\/#primaryimage"},"image":{"@id":"https:\/\/fontfredapintures.com\/es\/producto\/proteccion-antiastillas-sp-ts-55-r-5-ref499011\/#primaryimage"},"thumbnailUrl":"https:\/\/fontfredapintures.com\/wp-content\/uploads\/2025\/01\/13600608_2994.png","datePublished":"2025-01-09T10:01:18+00:00","dateModified":"2025-05-06T00:20:58+00:00","breadcrumb":{"@id":"https:\/\/fontfredapintures.com\/es\/producto\/proteccion-antiastillas-sp-ts-55-r-5-ref499011\/#breadcrumb"},"inLanguage":"es","potentialAction":[{"@type":"ReadAction","target":["https:\/\/fontfredapintures.com\/es\/producto\/proteccion-antiastillas-sp-ts-55-r-5-ref499011\/"]}]},{"@type":"ImageObject","inLanguage":"es","@id":"https:\/\/fontfredapintures.com\/es\/producto\/proteccion-antiastillas-sp-ts-55-r-5-ref499011\/#primaryimage","url":"https:\/\/fontfredapintures.com\/wp-content\/uploads\/2025\/01\/13600608_2994.png","contentUrl":"https:\/\/fontfredapintures.com\/wp-content\/uploads\/2025\/01\/13600608_2994.png","width":1000,"height":1143,"caption":"Protecci\u00f3n antiastillas Festool"},{"@type":"BreadcrumbList","@id":"https:\/\/fontfredapintures.com\/es\/producto\/proteccion-antiastillas-sp-ts-55-r-5-ref499011\/#breadcrumb","itemListElement":[{"@type":"ListItem","position":1,"name":"Fontfreda","item":"https:\/\/fontfredapintures.com\/es\/"},{"@type":"ListItem","position":2,"name":"Tienda","item":"https:\/\/fontfredapintures.com\/es\/tienda\/"},{"@type":"ListItem","position":3,"name":"Protecci\u00f3n antiastillas SP-TS 55 R\/5 (ref:499011)"}]},{"@type":"WebSite","@id":"https:\/\/fontfredapintures.com\/es\/#website","url":"https:\/\/fontfredapintures.com\/es\/","name":"Fontfreda Pintures","description":"Tienda online de pintura, decoraci\u00f3n y bellas artes","publisher":{"@id":"https:\/\/fontfredapintures.com\/es\/#organization"},"alternateName":"Pintures Fontfreda","potentialAction":[{"@type":"SearchAction","target":{"@type":"EntryPoint","urlTemplate":"https:\/\/fontfredapintures.com\/es\/?s={search_term_string}"},"query-input":{"@type":"PropertyValueSpecification","valueRequired":true,"valueName":"search_term_string"}}],"inLanguage":"es"},{"@type":"Organization","@id":"https:\/\/fontfredapintures.com\/es\/#organization","name":"Pintures Fontfreda","alternateName":"Fontfreda Pintures","url":"https:\/\/fontfredapintures.com\/es\/","logo":{"@type":"ImageObject","inLanguage":"es","@id":"https:\/\/fontfredapintures.com\/es\/#\/schema\/logo\/image\/","url":"https:\/\/fontfredapintures.com\/wp-content\/uploads\/2024\/04\/fontfreda-pintures-logo-yoast.jpg","contentUrl":"https:\/\/fontfredapintures.com\/wp-content\/uploads\/2024\/04\/fontfreda-pintures-logo-yoast.jpg","width":900,"height":600,"caption":"Pintures Fontfreda"},"image":{"@id":"https:\/\/fontfredapintures.com\/es\/#\/schema\/logo\/image\/"},"sameAs":["https:\/\/www.facebook.com\/fontfredapintures\/","https:\/\/www.instagram.com\/fontfredapintures\/","https:\/\/www.linkedin.com\/company\/fontfredapintures\/"]}]}},"_links":{"self":[{"href":"https:\/\/fontfredapintures.com\/es\/wp-json\/wp\/v2\/product\/54750","targetHints":{"allow":["GET"]}}],"collection":[{"href":"https:\/\/fontfredapintures.com\/es\/wp-json\/wp\/v2\/product"}],"about":[{"href":"https:\/\/fontfredapintures.com\/es\/wp-json\/wp\/v2\/types\/product"}],"replies":[{"embeddable":true,"href":"https:\/\/fontfredapintures.com\/es\/wp-json\/wp\/v2\/comments?post=54750"}],"version-history":[{"count":0,"href":"https:\/\/fontfredapintures.com\/es\/wp-json\/wp\/v2\/product\/54750\/revisions"}],"wp:featuredmedia":[{"embeddable":true,"href":"https:\/\/fontfredapintures.com\/es\/wp-json\/wp\/v2\/media\/54745"}],"wp:attachment":[{"href":"https:\/\/fontfredapintures.com\/es\/wp-json\/wp\/v2\/media?parent=54750"}],"wp:term":[{"taxonomy":"product_brand","embeddable":true,"href":"https:\/\/fontfredapintures.com\/es\/wp-json\/wp\/v2\/product_brand?post=54750"},{"taxonomy":"product_cat","embeddable":true,"href":"https:\/\/fontfredapintures.com\/es\/wp-json\/wp\/v2\/product_cat?post=54750"},{"taxonomy":"product_tag","embeddable":true,"href":"https:\/\/fontfredapintures.com\/es\/wp-json\/wp\/v2\/product_tag?post=54750"}],"curies":[{"name":"wp","href":"https:\/\/api.w.org\/{rel}","templated":true}]}}