{"id":54730,"date":"2025-01-09T10:01:34","date_gmt":"2025-01-09T08:01:34","guid":{"rendered":"https:\/\/fontfredapintures.com\/producte\/gel-desincrustante-wc-good-granel-15kg\/"},"modified":"2025-12-12T20:41:25","modified_gmt":"2025-12-12T18:41:25","slug":"gel-desincrustante-wc-good-granel-15kg","status":"publish","type":"product","link":"https:\/\/fontfredapintures.com\/es\/producto\/gel-desincrustante-wc-good-granel-15kg\/","title":{"rendered":"Gel desincrustante WC Good Granel 15kg"},"content":{"rendered":"<p>COMPOSICI\u00d3N<br \/>\n\u00c1cido clor\u00eddrico, espesante, perfume y colorante.<\/p>\n<p>MODO DE USO<br \/>\nAplica el gel desincrustante directamente en el inodoro. Deja actuar durante unos minutos para una limpieza profunda. Frota la superficie con un cepillo si es necesario. Enjuaga tirando de la cadena para revelar un inodoro impecable y fresco.<\/p>\n<p>RECOMENDACIONES<br \/>\nEste producto est\u00e1 dise\u00f1ado principalmente para uso en inodoros de porcelana. El \u00e1cido clorh\u00eddrico (hydrogen chloride) puede corroer y da\u00f1ar estas superficies y materiales:<br \/>\n&#8211; M\u00e1rmol y piedra natural como granito o caliza:<br \/>\n&#8211; Metales no resistentes a \u00e1cidos como aluminio, cobre, lat\u00f3n.<br \/>\n&#8211; Superficies porosas como la madera.<br \/>\n&#8211; Esmalte y porcelana de baja calidad, si se exponen por mucho tiempo.<br \/>\n&#8211; Ciertos pl\u00e1sticos pueden degradarse con la exposici\u00f3n al \u00e1cido.<br \/>\n&#8211; Tejidos y telas se pueden decolorar o da\u00f1ar.<br \/>\n&#8211; Superficies pintadas o esmaltadas.<\/p>\n","protected":false},"excerpt":{"rendered":"<p>Nuestro Gel Desincrustante WC es la soluci\u00f3n perfecta para mantener tu inodoro limpio y reluciente con el m\u00ednimo esfuerzo. Formulado especialmente para eliminar de manera eficaz las manchas dif\u00edciles, incrustaciones y cal acumuladas, dejando tu inodoro impecable y con un aroma fresco y duradero.<\/p>\n<p>Aplica el gel desincrustante directamente en el inodoro. Deja actuar durante unos minutos para una limpieza profunda. Frota la superficie con un cepillo si es necesario. Enjuaga tirando de la cadena para revelar un inodoro impecable y fresco.<\/p>\n<p>Biodegradable. Sin fosfatos. Sin EDTA. Sin ftalatos. Sin blanqueantes \u00f3pticos. Sin fenoxietanol. Sin parabenos. Sin kathon. Sin formaldeh\u00eddo. Sin triclos\u00e1n. Sin amon\u00edaco. Sin cloro. Sin lej\u00eda. Vegano. No testado en animales.<\/p>\n<p>Bag-in-box 15 kg<\/p>\n","protected":false},"featured_media":54725,"comment_status":"open","ping_status":"closed","template":"","meta":[],"product_brand":[],"product_cat":[958,963,1359],"product_tag":[1238],"class_list":{"0":"post-54730","1":"product","2":"type-product","3":"status-publish","4":"has-post-thumbnail","6":"product_cat-drogueria-es","7":"product_cat-productos-limpieza-del-hogar","8":"product_cat-wc-es","9":"product_tag-good-granel-es","10":"pa_brand-good-granel-es","12":"first","13":"instock","14":"sale","15":"taxable","16":"shipping-taxable","17":"purchasable","18":"product-type-simple"},"group_of_quantity":15,"min_quantity":15,"max_quantity":"","exclude_order_quantity_value_rules":"no","exclude_category_quantity_rules":"no","combine_variations":"no","yoast_head":"<!-- This site is optimized with the Yoast SEO plugin v25.7 - https:\/\/yoast.com\/wordpress\/plugins\/seo\/ -->\n<title>Gel desincrustante WC Good Granel 15kg - Fontfreda Pintures<\/title>\n<meta name=\"description\" content=\"La soluci\u00f3n perfecta para mantener tu WC limpio con el m\u00ednimo esfuerzo. Elimina de forma eficaz las manchas dif\u00edciles, incrustaciones y cal acumuladas.\" \/>\n<meta name=\"robots\" content=\"index, follow, max-snippet:-1, max-image-preview:large, max-video-preview:-1\" \/>\n<link rel=\"canonical\" href=\"https:\/\/fontfredapintures.com\/es\/producto\/gel-desincrustante-wc-good-granel-15kg\/\" \/>\n<meta property=\"og:locale\" content=\"es_ES\" \/>\n<meta property=\"og:type\" content=\"article\" \/>\n<meta property=\"og:title\" content=\"Gel desincrustante WC Good Granel 15kg - Fontfreda Pintures\" \/>\n<meta property=\"og:description\" content=\"La soluci\u00f3n perfecta para mantener tu WC limpio con el m\u00ednimo esfuerzo. Elimina de forma eficaz las manchas dif\u00edciles, incrustaciones y cal acumuladas.\" \/>\n<meta property=\"og:url\" content=\"https:\/\/fontfredapintures.com\/es\/producto\/gel-desincrustante-wc-good-granel-15kg\/\" \/>\n<meta property=\"og:site_name\" content=\"Fontfreda Pintures\" \/>\n<meta property=\"article:publisher\" content=\"https:\/\/www.facebook.com\/fontfredapintures\/\" \/>\n<meta property=\"article:modified_time\" content=\"2025-12-12T18:41:25+00:00\" \/>\n<meta property=\"og:image\" content=\"https:\/\/fontfredapintures.com\/wp-content\/uploads\/2025\/01\/56000066_2990.png\" \/>\n\t<meta property=\"og:image:width\" content=\"1000\" \/>\n\t<meta property=\"og:image:height\" content=\"1143\" \/>\n\t<meta property=\"og:image:type\" content=\"image\/png\" \/>\n<meta name=\"twitter:card\" content=\"summary_large_image\" \/>\n<meta name=\"twitter:label1\" content=\"Tiempo de lectura\" \/>\n\t<meta name=\"twitter:data1\" content=\"1 minuto\" \/>\n<script type=\"application\/ld+json\" class=\"yoast-schema-graph\">{\"@context\":\"https:\/\/schema.org\",\"@graph\":[{\"@type\":\"WebPage\",\"@id\":\"https:\/\/fontfredapintures.com\/es\/producto\/gel-desincrustante-wc-good-granel-15kg\/\",\"url\":\"https:\/\/fontfredapintures.com\/es\/producto\/gel-desincrustante-wc-good-granel-15kg\/\",\"name\":\"Gel desincrustante WC Good Granel 15kg - Fontfreda Pintures\",\"isPartOf\":{\"@id\":\"https:\/\/fontfredapintures.com\/es\/#website\"},\"primaryImageOfPage\":{\"@id\":\"https:\/\/fontfredapintures.com\/es\/producto\/gel-desincrustante-wc-good-granel-15kg\/#primaryimage\"},\"image\":{\"@id\":\"https:\/\/fontfredapintures.com\/es\/producto\/gel-desincrustante-wc-good-granel-15kg\/#primaryimage\"},\"thumbnailUrl\":\"https:\/\/fontfredapintures.com\/wp-content\/uploads\/2025\/01\/56000066_2990.png\",\"datePublished\":\"2025-01-09T08:01:34+00:00\",\"dateModified\":\"2025-12-12T18:41:25+00:00\",\"description\":\"La soluci\u00f3n perfecta para mantener tu WC limpio con el m\u00ednimo esfuerzo. Elimina de forma eficaz las manchas dif\u00edciles, incrustaciones y cal acumuladas.\",\"breadcrumb\":{\"@id\":\"https:\/\/fontfredapintures.com\/es\/producto\/gel-desincrustante-wc-good-granel-15kg\/#breadcrumb\"},\"inLanguage\":\"es\",\"potentialAction\":[{\"@type\":\"ReadAction\",\"target\":[\"https:\/\/fontfredapintures.com\/es\/producto\/gel-desincrustante-wc-good-granel-15kg\/\"]}]},{\"@type\":\"ImageObject\",\"inLanguage\":\"es\",\"@id\":\"https:\/\/fontfredapintures.com\/es\/producto\/gel-desincrustante-wc-good-granel-15kg\/#primaryimage\",\"url\":\"https:\/\/fontfredapintures.com\/wp-content\/uploads\/2025\/01\/56000066_2990.png\",\"contentUrl\":\"https:\/\/fontfredapintures.com\/wp-content\/uploads\/2025\/01\/56000066_2990.png\",\"width\":1000,\"height\":1143,\"caption\":\"Gel desincrustant WC Good Granel 15kg\"},{\"@type\":\"BreadcrumbList\",\"@id\":\"https:\/\/fontfredapintures.com\/es\/producto\/gel-desincrustante-wc-good-granel-15kg\/#breadcrumb\",\"itemListElement\":[{\"@type\":\"ListItem\",\"position\":1,\"name\":\"Fontfreda\",\"item\":\"https:\/\/fontfredapintures.com\/es\/\"},{\"@type\":\"ListItem\",\"position\":2,\"name\":\"Tienda\",\"item\":\"https:\/\/fontfredapintures.com\/es\/tienda\/\"},{\"@type\":\"ListItem\",\"position\":3,\"name\":\"Gel desincrustante WC Good Granel 15kg\"}]},{\"@type\":\"WebSite\",\"@id\":\"https:\/\/fontfredapintures.com\/es\/#website\",\"url\":\"https:\/\/fontfredapintures.com\/es\/\",\"name\":\"Fontfreda Pintures\",\"description\":\"Tienda online de pintura, decoraci\u00f3n y bellas artes\",\"publisher\":{\"@id\":\"https:\/\/fontfredapintures.com\/es\/#organization\"},\"alternateName\":\"Pintures Fontfreda\",\"potentialAction\":[{\"@type\":\"SearchAction\",\"target\":{\"@type\":\"EntryPoint\",\"urlTemplate\":\"https:\/\/fontfredapintures.com\/es\/?s={search_term_string}\"},\"query-input\":{\"@type\":\"PropertyValueSpecification\",\"valueRequired\":true,\"valueName\":\"search_term_string\"}}],\"inLanguage\":\"es\"},{\"@type\":\"Organization\",\"@id\":\"https:\/\/fontfredapintures.com\/es\/#organization\",\"name\":\"Pintures Fontfreda\",\"alternateName\":\"Fontfreda Pintures\",\"url\":\"https:\/\/fontfredapintures.com\/es\/\",\"logo\":{\"@type\":\"ImageObject\",\"inLanguage\":\"es\",\"@id\":\"https:\/\/fontfredapintures.com\/es\/#\/schema\/logo\/image\/\",\"url\":\"https:\/\/fontfredapintures.com\/wp-content\/uploads\/2024\/04\/fontfreda-pintures-logo-yoast.jpg\",\"contentUrl\":\"https:\/\/fontfredapintures.com\/wp-content\/uploads\/2024\/04\/fontfreda-pintures-logo-yoast.jpg\",\"width\":900,\"height\":600,\"caption\":\"Pintures Fontfreda\"},\"image\":{\"@id\":\"https:\/\/fontfredapintures.com\/es\/#\/schema\/logo\/image\/\"},\"sameAs\":[\"https:\/\/www.facebook.com\/fontfredapintures\/\",\"https:\/\/www.instagram.com\/fontfredapintures\/\",\"https:\/\/www.linkedin.com\/company\/fontfredapintures\/\"]}]}<\/script>\n<!-- \/ Yoast SEO plugin. -->","yoast_head_json":{"title":"Gel desincrustante WC Good Granel 15kg - Fontfreda Pintures","description":"La soluci\u00f3n perfecta para mantener tu WC limpio con el m\u00ednimo esfuerzo. Elimina de forma eficaz las manchas dif\u00edciles, incrustaciones y cal acumuladas.","robots":{"index":"index","follow":"follow","max-snippet":"max-snippet:-1","max-image-preview":"max-image-preview:large","max-video-preview":"max-video-preview:-1"},"canonical":"https:\/\/fontfredapintures.com\/es\/producto\/gel-desincrustante-wc-good-granel-15kg\/","og_locale":"es_ES","og_type":"article","og_title":"Gel desincrustante WC Good Granel 15kg - Fontfreda Pintures","og_description":"La soluci\u00f3n perfecta para mantener tu WC limpio con el m\u00ednimo esfuerzo. Elimina de forma eficaz las manchas dif\u00edciles, incrustaciones y cal acumuladas.","og_url":"https:\/\/fontfredapintures.com\/es\/producto\/gel-desincrustante-wc-good-granel-15kg\/","og_site_name":"Fontfreda Pintures","article_publisher":"https:\/\/www.facebook.com\/fontfredapintures\/","article_modified_time":"2025-12-12T18:41:25+00:00","og_image":[{"width":1000,"height":1143,"url":"https:\/\/fontfredapintures.com\/wp-content\/uploads\/2025\/01\/56000066_2990.png","type":"image\/png"}],"twitter_card":"summary_large_image","twitter_misc":{"Tiempo de lectura":"1 minuto"},"schema":{"@context":"https:\/\/schema.org","@graph":[{"@type":"WebPage","@id":"https:\/\/fontfredapintures.com\/es\/producto\/gel-desincrustante-wc-good-granel-15kg\/","url":"https:\/\/fontfredapintures.com\/es\/producto\/gel-desincrustante-wc-good-granel-15kg\/","name":"Gel desincrustante WC Good Granel 15kg - Fontfreda Pintures","isPartOf":{"@id":"https:\/\/fontfredapintures.com\/es\/#website"},"primaryImageOfPage":{"@id":"https:\/\/fontfredapintures.com\/es\/producto\/gel-desincrustante-wc-good-granel-15kg\/#primaryimage"},"image":{"@id":"https:\/\/fontfredapintures.com\/es\/producto\/gel-desincrustante-wc-good-granel-15kg\/#primaryimage"},"thumbnailUrl":"https:\/\/fontfredapintures.com\/wp-content\/uploads\/2025\/01\/56000066_2990.png","datePublished":"2025-01-09T08:01:34+00:00","dateModified":"2025-12-12T18:41:25+00:00","description":"La soluci\u00f3n perfecta para mantener tu WC limpio con el m\u00ednimo esfuerzo. Elimina de forma eficaz las manchas dif\u00edciles, incrustaciones y cal acumuladas.","breadcrumb":{"@id":"https:\/\/fontfredapintures.com\/es\/producto\/gel-desincrustante-wc-good-granel-15kg\/#breadcrumb"},"inLanguage":"es","potentialAction":[{"@type":"ReadAction","target":["https:\/\/fontfredapintures.com\/es\/producto\/gel-desincrustante-wc-good-granel-15kg\/"]}]},{"@type":"ImageObject","inLanguage":"es","@id":"https:\/\/fontfredapintures.com\/es\/producto\/gel-desincrustante-wc-good-granel-15kg\/#primaryimage","url":"https:\/\/fontfredapintures.com\/wp-content\/uploads\/2025\/01\/56000066_2990.png","contentUrl":"https:\/\/fontfredapintures.com\/wp-content\/uploads\/2025\/01\/56000066_2990.png","width":1000,"height":1143,"caption":"Gel desincrustant WC Good Granel 15kg"},{"@type":"BreadcrumbList","@id":"https:\/\/fontfredapintures.com\/es\/producto\/gel-desincrustante-wc-good-granel-15kg\/#breadcrumb","itemListElement":[{"@type":"ListItem","position":1,"name":"Fontfreda","item":"https:\/\/fontfredapintures.com\/es\/"},{"@type":"ListItem","position":2,"name":"Tienda","item":"https:\/\/fontfredapintures.com\/es\/tienda\/"},{"@type":"ListItem","position":3,"name":"Gel desincrustante WC Good Granel 15kg"}]},{"@type":"WebSite","@id":"https:\/\/fontfredapintures.com\/es\/#website","url":"https:\/\/fontfredapintures.com\/es\/","name":"Fontfreda Pintures","description":"Tienda online de pintura, decoraci\u00f3n y bellas artes","publisher":{"@id":"https:\/\/fontfredapintures.com\/es\/#organization"},"alternateName":"Pintures Fontfreda","potentialAction":[{"@type":"SearchAction","target":{"@type":"EntryPoint","urlTemplate":"https:\/\/fontfredapintures.com\/es\/?s={search_term_string}"},"query-input":{"@type":"PropertyValueSpecification","valueRequired":true,"valueName":"search_term_string"}}],"inLanguage":"es"},{"@type":"Organization","@id":"https:\/\/fontfredapintures.com\/es\/#organization","name":"Pintures Fontfreda","alternateName":"Fontfreda Pintures","url":"https:\/\/fontfredapintures.com\/es\/","logo":{"@type":"ImageObject","inLanguage":"es","@id":"https:\/\/fontfredapintures.com\/es\/#\/schema\/logo\/image\/","url":"https:\/\/fontfredapintures.com\/wp-content\/uploads\/2024\/04\/fontfreda-pintures-logo-yoast.jpg","contentUrl":"https:\/\/fontfredapintures.com\/wp-content\/uploads\/2024\/04\/fontfreda-pintures-logo-yoast.jpg","width":900,"height":600,"caption":"Pintures Fontfreda"},"image":{"@id":"https:\/\/fontfredapintures.com\/es\/#\/schema\/logo\/image\/"},"sameAs":["https:\/\/www.facebook.com\/fontfredapintures\/","https:\/\/www.instagram.com\/fontfredapintures\/","https:\/\/www.linkedin.com\/company\/fontfredapintures\/"]}]}},"_links":{"self":[{"href":"https:\/\/fontfredapintures.com\/es\/wp-json\/wp\/v2\/product\/54730","targetHints":{"allow":["GET"]}}],"collection":[{"href":"https:\/\/fontfredapintures.com\/es\/wp-json\/wp\/v2\/product"}],"about":[{"href":"https:\/\/fontfredapintures.com\/es\/wp-json\/wp\/v2\/types\/product"}],"replies":[{"embeddable":true,"href":"https:\/\/fontfredapintures.com\/es\/wp-json\/wp\/v2\/comments?post=54730"}],"version-history":[{"count":3,"href":"https:\/\/fontfredapintures.com\/es\/wp-json\/wp\/v2\/product\/54730\/revisions"}],"predecessor-version":[{"id":63251,"href":"https:\/\/fontfredapintures.com\/es\/wp-json\/wp\/v2\/product\/54730\/revisions\/63251"}],"wp:featuredmedia":[{"embeddable":true,"href":"https:\/\/fontfredapintures.com\/es\/wp-json\/wp\/v2\/media\/54725"}],"wp:attachment":[{"href":"https:\/\/fontfredapintures.com\/es\/wp-json\/wp\/v2\/media?parent=54730"}],"wp:term":[{"taxonomy":"product_brand","embeddable":true,"href":"https:\/\/fontfredapintures.com\/es\/wp-json\/wp\/v2\/product_brand?post=54730"},{"taxonomy":"product_cat","embeddable":true,"href":"https:\/\/fontfredapintures.com\/es\/wp-json\/wp\/v2\/product_cat?post=54730"},{"taxonomy":"product_tag","embeddable":true,"href":"https:\/\/fontfredapintures.com\/es\/wp-json\/wp\/v2\/product_tag?post=54730"}],"curies":[{"name":"wp","href":"https:\/\/api.w.org\/{rel}","templated":true}]}}