{"id":54589,"date":"2025-01-08T10:02:13","date_gmt":"2025-01-08T08:02:13","guid":{"rendered":"https:\/\/fontfredapintures.com\/producte\/jabon-de-manos-granada-good-granel-15kg\/"},"modified":"2025-12-12T20:41:17","modified_gmt":"2025-12-12T18:41:17","slug":"jabon-de-manos-granada-good-granel-15kg","status":"publish","type":"product","link":"https:\/\/fontfredapintures.com\/es\/producto\/jabon-de-manos-granada-good-granel-15kg\/","title":{"rendered":"Jab\u00f3n de manos granada Good Granel 15kg"},"content":{"rendered":"<p>INGREDIENTES<br \/>\nAqua, Sodium laureth sulfate, Sodium chloride, Cocamidopropyl betaine, Coco glucoside, Disodium cocoamphoacetate, Glycerin, Sodium benzoate, Potassium sorbate, Punica granatum extract, Parfum, Citric acid, CI 16255.<\/p>\n<p>MODO DE USO<br \/>\nAplicar directamente una peque\u00f1a cantidad de producto sobre las manos, frotar para enjabonar y enjuagar.<\/p>\n<p>BENEFICIOS<br \/>\nGranada (Punica granatum extract): Ofrece una poderosa defensa antioxidante contra el envejecimiento, protege tu piel de los da\u00f1os causados por los rayos UV, mantiene una hidrataci\u00f3n \u00f3ptima, reduce la inflamaci\u00f3n y estimula la regeneraci\u00f3n celular, proporcionando as\u00ed una piel m\u00e1s saludable y radiante.<\/p>\n","protected":false},"excerpt":{"rendered":"<p>Jab\u00f3n l\u00edquido de manos para uso diario. Su formulaci\u00f3n suave con el extracto de Granada y un pH natural de la piel, regenera, repara y nutre, proporcionando una piel de aspecto saludable.<\/p>\n<p>Aplicar directamente una peque\u00f1a cantidad de producto sobre las manos, frotar para enjabonar y enjuagar.<\/p>\n<p>Biodegradable. Sin fosfatos. Sin parabenos. Sin kathon. Sin n\u00edquel. Sin ftalatos. Sin parafinas. Sin siliconas. Sin PEG. Sin triclos\u00e1n. Sin formaldeh\u00eddo. Sin OGM. Sin fenoxietanol. Vegano. No testado en animales.<\/p>\n<p>Bag-in-box 15 kg<\/p>\n","protected":false},"featured_media":54584,"comment_status":"open","ping_status":"closed","template":"","meta":[],"product_brand":[],"product_cat":[2076,1939,958,1375,1379],"product_tag":[1238],"class_list":{"0":"post-54589","1":"product","2":"type-product","3":"status-publish","4":"has-post-thumbnail","6":"product_cat-higiene-personal-es","7":"product_cat-limpieza-industrial","8":"product_cat-drogueria-es","9":"product_cat-productos-higiene-personal","10":"product_cat-champus-y-geles-de-bano-a-granel-good-granel","11":"product_tag-good-granel-es","12":"pa_brand-good-granel-es","14":"first","15":"instock","16":"sale","17":"taxable","18":"shipping-taxable","19":"purchasable","20":"product-type-simple"},"group_of_quantity":15,"min_quantity":15,"max_quantity":"","exclude_order_quantity_value_rules":"no","exclude_category_quantity_rules":"no","combine_variations":"no","yoast_head":"<!-- This site is optimized with the Yoast SEO plugin v25.7 - https:\/\/yoast.com\/wordpress\/plugins\/seo\/ -->\n<title>Jab\u00f3n de manos granada Good Granel 15kg - Fontfreda Pintures<\/title>\n<meta name=\"description\" content=\"Jab\u00f3n l\u00edquido de manos para uso diario que regenera, repara y nutre la piel, proporcionando un gran aspecto saludable. \u00a1C\u00f3mpralo ahora y pru\u00e9balo!\" \/>\n<meta name=\"robots\" content=\"index, follow, max-snippet:-1, max-image-preview:large, max-video-preview:-1\" \/>\n<link rel=\"canonical\" href=\"https:\/\/fontfredapintures.com\/es\/producto\/jabon-de-manos-granada-good-granel-15kg\/\" \/>\n<meta property=\"og:locale\" content=\"es_ES\" \/>\n<meta property=\"og:type\" content=\"article\" \/>\n<meta property=\"og:title\" content=\"Jab\u00f3n de manos granada Good Granel 15kg - Fontfreda Pintures\" \/>\n<meta property=\"og:description\" content=\"Jab\u00f3n l\u00edquido de manos para uso diario que regenera, repara y nutre la piel, proporcionando un gran aspecto saludable. \u00a1C\u00f3mpralo ahora y pru\u00e9balo!\" \/>\n<meta property=\"og:url\" content=\"https:\/\/fontfredapintures.com\/es\/producto\/jabon-de-manos-granada-good-granel-15kg\/\" \/>\n<meta property=\"og:site_name\" content=\"Fontfreda Pintures\" \/>\n<meta property=\"article:publisher\" content=\"https:\/\/www.facebook.com\/fontfredapintures\/\" \/>\n<meta property=\"article:modified_time\" content=\"2025-12-12T18:41:17+00:00\" \/>\n<meta property=\"og:image\" content=\"https:\/\/fontfredapintures.com\/wp-content\/uploads\/2025\/01\/56000062_2977.png\" \/>\n\t<meta property=\"og:image:width\" content=\"1000\" \/>\n\t<meta property=\"og:image:height\" content=\"1143\" \/>\n\t<meta property=\"og:image:type\" content=\"image\/png\" \/>\n<meta name=\"twitter:card\" content=\"summary_large_image\" \/>\n<meta name=\"twitter:label1\" content=\"Tiempo de lectura\" \/>\n\t<meta name=\"twitter:data1\" content=\"1 minuto\" \/>\n<script type=\"application\/ld+json\" class=\"yoast-schema-graph\">{\"@context\":\"https:\/\/schema.org\",\"@graph\":[{\"@type\":\"WebPage\",\"@id\":\"https:\/\/fontfredapintures.com\/es\/producto\/jabon-de-manos-granada-good-granel-15kg\/\",\"url\":\"https:\/\/fontfredapintures.com\/es\/producto\/jabon-de-manos-granada-good-granel-15kg\/\",\"name\":\"Jab\u00f3n de manos granada Good Granel 15kg - Fontfreda Pintures\",\"isPartOf\":{\"@id\":\"https:\/\/fontfredapintures.com\/es\/#website\"},\"primaryImageOfPage\":{\"@id\":\"https:\/\/fontfredapintures.com\/es\/producto\/jabon-de-manos-granada-good-granel-15kg\/#primaryimage\"},\"image\":{\"@id\":\"https:\/\/fontfredapintures.com\/es\/producto\/jabon-de-manos-granada-good-granel-15kg\/#primaryimage\"},\"thumbnailUrl\":\"https:\/\/fontfredapintures.com\/wp-content\/uploads\/2025\/01\/56000062_2977.png\",\"datePublished\":\"2025-01-08T08:02:13+00:00\",\"dateModified\":\"2025-12-12T18:41:17+00:00\",\"description\":\"Jab\u00f3n l\u00edquido de manos para uso diario que regenera, repara y nutre la piel, proporcionando un gran aspecto saludable. \u00a1C\u00f3mpralo ahora y pru\u00e9balo!\",\"breadcrumb\":{\"@id\":\"https:\/\/fontfredapintures.com\/es\/producto\/jabon-de-manos-granada-good-granel-15kg\/#breadcrumb\"},\"inLanguage\":\"es\",\"potentialAction\":[{\"@type\":\"ReadAction\",\"target\":[\"https:\/\/fontfredapintures.com\/es\/producto\/jabon-de-manos-granada-good-granel-15kg\/\"]}]},{\"@type\":\"ImageObject\",\"inLanguage\":\"es\",\"@id\":\"https:\/\/fontfredapintures.com\/es\/producto\/jabon-de-manos-granada-good-granel-15kg\/#primaryimage\",\"url\":\"https:\/\/fontfredapintures.com\/wp-content\/uploads\/2025\/01\/56000062_2977.png\",\"contentUrl\":\"https:\/\/fontfredapintures.com\/wp-content\/uploads\/2025\/01\/56000062_2977.png\",\"width\":1000,\"height\":1143,\"caption\":\"Sab\u00f3 de mans magrana Good Granel\"},{\"@type\":\"BreadcrumbList\",\"@id\":\"https:\/\/fontfredapintures.com\/es\/producto\/jabon-de-manos-granada-good-granel-15kg\/#breadcrumb\",\"itemListElement\":[{\"@type\":\"ListItem\",\"position\":1,\"name\":\"Fontfreda\",\"item\":\"https:\/\/fontfredapintures.com\/es\/\"},{\"@type\":\"ListItem\",\"position\":2,\"name\":\"Tienda\",\"item\":\"https:\/\/fontfredapintures.com\/es\/tienda\/\"},{\"@type\":\"ListItem\",\"position\":3,\"name\":\"Jab\u00f3n de manos granada Good Granel 15kg\"}]},{\"@type\":\"WebSite\",\"@id\":\"https:\/\/fontfredapintures.com\/es\/#website\",\"url\":\"https:\/\/fontfredapintures.com\/es\/\",\"name\":\"Fontfreda Pintures\",\"description\":\"Tienda online de pintura, decoraci\u00f3n y bellas artes\",\"publisher\":{\"@id\":\"https:\/\/fontfredapintures.com\/es\/#organization\"},\"alternateName\":\"Pintures Fontfreda\",\"potentialAction\":[{\"@type\":\"SearchAction\",\"target\":{\"@type\":\"EntryPoint\",\"urlTemplate\":\"https:\/\/fontfredapintures.com\/es\/?s={search_term_string}\"},\"query-input\":{\"@type\":\"PropertyValueSpecification\",\"valueRequired\":true,\"valueName\":\"search_term_string\"}}],\"inLanguage\":\"es\"},{\"@type\":\"Organization\",\"@id\":\"https:\/\/fontfredapintures.com\/es\/#organization\",\"name\":\"Pintures Fontfreda\",\"alternateName\":\"Fontfreda Pintures\",\"url\":\"https:\/\/fontfredapintures.com\/es\/\",\"logo\":{\"@type\":\"ImageObject\",\"inLanguage\":\"es\",\"@id\":\"https:\/\/fontfredapintures.com\/es\/#\/schema\/logo\/image\/\",\"url\":\"https:\/\/fontfredapintures.com\/wp-content\/uploads\/2024\/04\/fontfreda-pintures-logo-yoast.jpg\",\"contentUrl\":\"https:\/\/fontfredapintures.com\/wp-content\/uploads\/2024\/04\/fontfreda-pintures-logo-yoast.jpg\",\"width\":900,\"height\":600,\"caption\":\"Pintures Fontfreda\"},\"image\":{\"@id\":\"https:\/\/fontfredapintures.com\/es\/#\/schema\/logo\/image\/\"},\"sameAs\":[\"https:\/\/www.facebook.com\/fontfredapintures\/\",\"https:\/\/www.instagram.com\/fontfredapintures\/\",\"https:\/\/www.linkedin.com\/company\/fontfredapintures\/\"]}]}<\/script>\n<!-- \/ Yoast SEO plugin. -->","yoast_head_json":{"title":"Jab\u00f3n de manos granada Good Granel 15kg - Fontfreda Pintures","description":"Jab\u00f3n l\u00edquido de manos para uso diario que regenera, repara y nutre la piel, proporcionando un gran aspecto saludable. \u00a1C\u00f3mpralo ahora y pru\u00e9balo!","robots":{"index":"index","follow":"follow","max-snippet":"max-snippet:-1","max-image-preview":"max-image-preview:large","max-video-preview":"max-video-preview:-1"},"canonical":"https:\/\/fontfredapintures.com\/es\/producto\/jabon-de-manos-granada-good-granel-15kg\/","og_locale":"es_ES","og_type":"article","og_title":"Jab\u00f3n de manos granada Good Granel 15kg - Fontfreda Pintures","og_description":"Jab\u00f3n l\u00edquido de manos para uso diario que regenera, repara y nutre la piel, proporcionando un gran aspecto saludable. \u00a1C\u00f3mpralo ahora y pru\u00e9balo!","og_url":"https:\/\/fontfredapintures.com\/es\/producto\/jabon-de-manos-granada-good-granel-15kg\/","og_site_name":"Fontfreda Pintures","article_publisher":"https:\/\/www.facebook.com\/fontfredapintures\/","article_modified_time":"2025-12-12T18:41:17+00:00","og_image":[{"width":1000,"height":1143,"url":"https:\/\/fontfredapintures.com\/wp-content\/uploads\/2025\/01\/56000062_2977.png","type":"image\/png"}],"twitter_card":"summary_large_image","twitter_misc":{"Tiempo de lectura":"1 minuto"},"schema":{"@context":"https:\/\/schema.org","@graph":[{"@type":"WebPage","@id":"https:\/\/fontfredapintures.com\/es\/producto\/jabon-de-manos-granada-good-granel-15kg\/","url":"https:\/\/fontfredapintures.com\/es\/producto\/jabon-de-manos-granada-good-granel-15kg\/","name":"Jab\u00f3n de manos granada Good Granel 15kg - Fontfreda Pintures","isPartOf":{"@id":"https:\/\/fontfredapintures.com\/es\/#website"},"primaryImageOfPage":{"@id":"https:\/\/fontfredapintures.com\/es\/producto\/jabon-de-manos-granada-good-granel-15kg\/#primaryimage"},"image":{"@id":"https:\/\/fontfredapintures.com\/es\/producto\/jabon-de-manos-granada-good-granel-15kg\/#primaryimage"},"thumbnailUrl":"https:\/\/fontfredapintures.com\/wp-content\/uploads\/2025\/01\/56000062_2977.png","datePublished":"2025-01-08T08:02:13+00:00","dateModified":"2025-12-12T18:41:17+00:00","description":"Jab\u00f3n l\u00edquido de manos para uso diario que regenera, repara y nutre la piel, proporcionando un gran aspecto saludable. \u00a1C\u00f3mpralo ahora y pru\u00e9balo!","breadcrumb":{"@id":"https:\/\/fontfredapintures.com\/es\/producto\/jabon-de-manos-granada-good-granel-15kg\/#breadcrumb"},"inLanguage":"es","potentialAction":[{"@type":"ReadAction","target":["https:\/\/fontfredapintures.com\/es\/producto\/jabon-de-manos-granada-good-granel-15kg\/"]}]},{"@type":"ImageObject","inLanguage":"es","@id":"https:\/\/fontfredapintures.com\/es\/producto\/jabon-de-manos-granada-good-granel-15kg\/#primaryimage","url":"https:\/\/fontfredapintures.com\/wp-content\/uploads\/2025\/01\/56000062_2977.png","contentUrl":"https:\/\/fontfredapintures.com\/wp-content\/uploads\/2025\/01\/56000062_2977.png","width":1000,"height":1143,"caption":"Sab\u00f3 de mans magrana Good Granel"},{"@type":"BreadcrumbList","@id":"https:\/\/fontfredapintures.com\/es\/producto\/jabon-de-manos-granada-good-granel-15kg\/#breadcrumb","itemListElement":[{"@type":"ListItem","position":1,"name":"Fontfreda","item":"https:\/\/fontfredapintures.com\/es\/"},{"@type":"ListItem","position":2,"name":"Tienda","item":"https:\/\/fontfredapintures.com\/es\/tienda\/"},{"@type":"ListItem","position":3,"name":"Jab\u00f3n de manos granada Good Granel 15kg"}]},{"@type":"WebSite","@id":"https:\/\/fontfredapintures.com\/es\/#website","url":"https:\/\/fontfredapintures.com\/es\/","name":"Fontfreda Pintures","description":"Tienda online de pintura, decoraci\u00f3n y bellas artes","publisher":{"@id":"https:\/\/fontfredapintures.com\/es\/#organization"},"alternateName":"Pintures Fontfreda","potentialAction":[{"@type":"SearchAction","target":{"@type":"EntryPoint","urlTemplate":"https:\/\/fontfredapintures.com\/es\/?s={search_term_string}"},"query-input":{"@type":"PropertyValueSpecification","valueRequired":true,"valueName":"search_term_string"}}],"inLanguage":"es"},{"@type":"Organization","@id":"https:\/\/fontfredapintures.com\/es\/#organization","name":"Pintures Fontfreda","alternateName":"Fontfreda Pintures","url":"https:\/\/fontfredapintures.com\/es\/","logo":{"@type":"ImageObject","inLanguage":"es","@id":"https:\/\/fontfredapintures.com\/es\/#\/schema\/logo\/image\/","url":"https:\/\/fontfredapintures.com\/wp-content\/uploads\/2024\/04\/fontfreda-pintures-logo-yoast.jpg","contentUrl":"https:\/\/fontfredapintures.com\/wp-content\/uploads\/2024\/04\/fontfreda-pintures-logo-yoast.jpg","width":900,"height":600,"caption":"Pintures Fontfreda"},"image":{"@id":"https:\/\/fontfredapintures.com\/es\/#\/schema\/logo\/image\/"},"sameAs":["https:\/\/www.facebook.com\/fontfredapintures\/","https:\/\/www.instagram.com\/fontfredapintures\/","https:\/\/www.linkedin.com\/company\/fontfredapintures\/"]}]}},"_links":{"self":[{"href":"https:\/\/fontfredapintures.com\/es\/wp-json\/wp\/v2\/product\/54589","targetHints":{"allow":["GET"]}}],"collection":[{"href":"https:\/\/fontfredapintures.com\/es\/wp-json\/wp\/v2\/product"}],"about":[{"href":"https:\/\/fontfredapintures.com\/es\/wp-json\/wp\/v2\/types\/product"}],"replies":[{"embeddable":true,"href":"https:\/\/fontfredapintures.com\/es\/wp-json\/wp\/v2\/comments?post=54589"}],"version-history":[{"count":4,"href":"https:\/\/fontfredapintures.com\/es\/wp-json\/wp\/v2\/product\/54589\/revisions"}],"predecessor-version":[{"id":63249,"href":"https:\/\/fontfredapintures.com\/es\/wp-json\/wp\/v2\/product\/54589\/revisions\/63249"}],"wp:featuredmedia":[{"embeddable":true,"href":"https:\/\/fontfredapintures.com\/es\/wp-json\/wp\/v2\/media\/54584"}],"wp:attachment":[{"href":"https:\/\/fontfredapintures.com\/es\/wp-json\/wp\/v2\/media?parent=54589"}],"wp:term":[{"taxonomy":"product_brand","embeddable":true,"href":"https:\/\/fontfredapintures.com\/es\/wp-json\/wp\/v2\/product_brand?post=54589"},{"taxonomy":"product_cat","embeddable":true,"href":"https:\/\/fontfredapintures.com\/es\/wp-json\/wp\/v2\/product_cat?post=54589"},{"taxonomy":"product_tag","embeddable":true,"href":"https:\/\/fontfredapintures.com\/es\/wp-json\/wp\/v2\/product_tag?post=54589"}],"curies":[{"name":"wp","href":"https:\/\/api.w.org\/{rel}","templated":true}]}}