{"id":54565,"date":"2025-01-08T10:01:36","date_gmt":"2025-01-08T08:01:36","guid":{"rendered":"https:\/\/fontfredapintures.com\/producte\/antical-citrico-good-granel-15kg\/"},"modified":"2025-12-12T20:40:45","modified_gmt":"2025-12-12T18:40:45","slug":"antical-citrico-good-granel-15kg","status":"publish","type":"product","link":"https:\/\/fontfredapintures.com\/es\/producto\/antical-citrico-good-granel-15kg\/","title":{"rendered":"Antical c\u00edtrico Good Granel 15kg"},"content":{"rendered":"<p>COMPOSICI\u00d3N<br \/>\n\u00c1cido c\u00edtrico, tensioactivos cati\u00f3nicos (&lt;5%) y perfume. *Posibles al\u00e9rgenos del perfume: Citral, limonene.<\/p>\n<p>MODO DE USO<br \/>\nDosificar sobre un pa\u00f1o o estropajo h\u00famedo o aplicar directamente sobre la superficie a limpiar. Dejar actuar unos minutos y aclarar con agua.<\/p>\n<p>RECOMENDACIONES<br \/>\nEl Antical C\u00edtrico es un producto \u00e1cido por lo que no se debe aplicar en superficies porosas (m\u00e1rmoles, piedras naturales, madera), aluminio, plata, oro, lat\u00f3n, superficies esmaltadas, pintadas o barnizadas, superficies da\u00f1adas o calientes, aparatos el\u00e9ctricos, ni vidrios mates o decorados a la arena.<\/p>\n","protected":false},"excerpt":{"rendered":"<p>El limpiador Antical C\u00edtrico es un detergente l\u00edquido formulado especialmente para eliminar las manchas de agua y la cal y prevenir su aparici\u00f3n en superficies duras del ba\u00f1o y la cocina.<\/p>\n<p>Dosificar sobre un pa\u00f1o o estropajo h\u00famedo o aplicar directamente sobre la superficie a limpiar. Dejar actuar unos minutos y aclarar con agua.<\/p>\n<p>Biodegradable. Sin fosfatos. Sin fosfonatos. Sin ftalatos. Sin EDTA. Sin n\u00edquel. Sin parafinas. Sin blanqueantes \u00f3pticos. Sin enzimas. Sin fenoxietanol. Sin amon\u00edaco. Sin cloro. Sin lej\u00eda. Vegano. No testado en animales.<\/p>\n<p>Bag-in-box 15kg<\/p>\n","protected":false},"featured_media":54560,"comment_status":"open","ping_status":"closed","template":"","meta":[],"product_brand":[],"product_cat":[958,963,1367],"product_tag":[1238],"class_list":{"0":"post-54565","1":"product","2":"type-product","3":"status-publish","4":"has-post-thumbnail","6":"product_cat-drogueria-es","7":"product_cat-productos-limpieza-del-hogar","8":"product_cat-antical","9":"product_tag-good-granel-es","10":"pa_brand-good-granel-es","12":"first","13":"instock","14":"sale","15":"taxable","16":"shipping-taxable","17":"purchasable","18":"product-type-simple"},"group_of_quantity":15,"min_quantity":15,"max_quantity":"","exclude_order_quantity_value_rules":"no","exclude_category_quantity_rules":"no","combine_variations":"no","yoast_head":"<!-- This site is optimized with the Yoast SEO plugin v25.7 - https:\/\/yoast.com\/wordpress\/plugins\/seo\/ -->\n<title>Antical c\u00edtrico Good Granel 15kg - Fontfreda Pintures<\/title>\n<meta name=\"description\" content=\"Detergente l\u00edquido formulado para eliminar las manchas de agua y cal y prevenir su aparici\u00f3n en superficies duras del ba\u00f1o y la cocina. \u00a1C\u00f3mpralo ahora!\" \/>\n<meta name=\"robots\" content=\"index, follow, max-snippet:-1, max-image-preview:large, max-video-preview:-1\" \/>\n<link rel=\"canonical\" href=\"https:\/\/fontfredapintures.com\/es\/producto\/antical-citrico-good-granel-15kg\/\" \/>\n<meta property=\"og:locale\" content=\"es_ES\" \/>\n<meta property=\"og:type\" content=\"article\" \/>\n<meta property=\"og:title\" content=\"Antical c\u00edtrico Good Granel 15kg - Fontfreda Pintures\" \/>\n<meta property=\"og:description\" content=\"Detergente l\u00edquido formulado para eliminar las manchas de agua y cal y prevenir su aparici\u00f3n en superficies duras del ba\u00f1o y la cocina. \u00a1C\u00f3mpralo ahora!\" \/>\n<meta property=\"og:url\" content=\"https:\/\/fontfredapintures.com\/es\/producto\/antical-citrico-good-granel-15kg\/\" \/>\n<meta property=\"og:site_name\" content=\"Fontfreda Pintures\" \/>\n<meta property=\"article:publisher\" content=\"https:\/\/www.facebook.com\/fontfredapintures\/\" \/>\n<meta property=\"article:modified_time\" content=\"2025-12-12T18:40:45+00:00\" \/>\n<meta property=\"og:image\" content=\"https:\/\/fontfredapintures.com\/wp-content\/uploads\/2025\/01\/56000049_2973.png\" \/>\n\t<meta property=\"og:image:width\" content=\"1000\" \/>\n\t<meta property=\"og:image:height\" content=\"1143\" \/>\n\t<meta property=\"og:image:type\" content=\"image\/png\" \/>\n<meta name=\"twitter:card\" content=\"summary_large_image\" \/>\n<meta name=\"twitter:label1\" content=\"Tiempo de lectura\" \/>\n\t<meta name=\"twitter:data1\" content=\"1 minuto\" \/>\n<script type=\"application\/ld+json\" class=\"yoast-schema-graph\">{\"@context\":\"https:\/\/schema.org\",\"@graph\":[{\"@type\":\"WebPage\",\"@id\":\"https:\/\/fontfredapintures.com\/es\/producto\/antical-citrico-good-granel-15kg\/\",\"url\":\"https:\/\/fontfredapintures.com\/es\/producto\/antical-citrico-good-granel-15kg\/\",\"name\":\"Antical c\u00edtrico Good Granel 15kg - Fontfreda Pintures\",\"isPartOf\":{\"@id\":\"https:\/\/fontfredapintures.com\/es\/#website\"},\"primaryImageOfPage\":{\"@id\":\"https:\/\/fontfredapintures.com\/es\/producto\/antical-citrico-good-granel-15kg\/#primaryimage\"},\"image\":{\"@id\":\"https:\/\/fontfredapintures.com\/es\/producto\/antical-citrico-good-granel-15kg\/#primaryimage\"},\"thumbnailUrl\":\"https:\/\/fontfredapintures.com\/wp-content\/uploads\/2025\/01\/56000049_2973.png\",\"datePublished\":\"2025-01-08T08:01:36+00:00\",\"dateModified\":\"2025-12-12T18:40:45+00:00\",\"description\":\"Detergente l\u00edquido formulado para eliminar las manchas de agua y cal y prevenir su aparici\u00f3n en superficies duras del ba\u00f1o y la cocina. \u00a1C\u00f3mpralo ahora!\",\"breadcrumb\":{\"@id\":\"https:\/\/fontfredapintures.com\/es\/producto\/antical-citrico-good-granel-15kg\/#breadcrumb\"},\"inLanguage\":\"es\",\"potentialAction\":[{\"@type\":\"ReadAction\",\"target\":[\"https:\/\/fontfredapintures.com\/es\/producto\/antical-citrico-good-granel-15kg\/\"]}]},{\"@type\":\"ImageObject\",\"inLanguage\":\"es\",\"@id\":\"https:\/\/fontfredapintures.com\/es\/producto\/antical-citrico-good-granel-15kg\/#primaryimage\",\"url\":\"https:\/\/fontfredapintures.com\/wp-content\/uploads\/2025\/01\/56000049_2973.png\",\"contentUrl\":\"https:\/\/fontfredapintures.com\/wp-content\/uploads\/2025\/01\/56000049_2973.png\",\"width\":1000,\"height\":1143,\"caption\":\"Antical\u00e7 c\u00edtric Good Granel\"},{\"@type\":\"BreadcrumbList\",\"@id\":\"https:\/\/fontfredapintures.com\/es\/producto\/antical-citrico-good-granel-15kg\/#breadcrumb\",\"itemListElement\":[{\"@type\":\"ListItem\",\"position\":1,\"name\":\"Fontfreda\",\"item\":\"https:\/\/fontfredapintures.com\/es\/\"},{\"@type\":\"ListItem\",\"position\":2,\"name\":\"Tienda\",\"item\":\"https:\/\/fontfredapintures.com\/es\/tienda\/\"},{\"@type\":\"ListItem\",\"position\":3,\"name\":\"Antical c\u00edtrico Good Granel 15kg\"}]},{\"@type\":\"WebSite\",\"@id\":\"https:\/\/fontfredapintures.com\/es\/#website\",\"url\":\"https:\/\/fontfredapintures.com\/es\/\",\"name\":\"Fontfreda Pintures\",\"description\":\"Tienda online de pintura, decoraci\u00f3n y bellas artes\",\"publisher\":{\"@id\":\"https:\/\/fontfredapintures.com\/es\/#organization\"},\"alternateName\":\"Pintures Fontfreda\",\"potentialAction\":[{\"@type\":\"SearchAction\",\"target\":{\"@type\":\"EntryPoint\",\"urlTemplate\":\"https:\/\/fontfredapintures.com\/es\/?s={search_term_string}\"},\"query-input\":{\"@type\":\"PropertyValueSpecification\",\"valueRequired\":true,\"valueName\":\"search_term_string\"}}],\"inLanguage\":\"es\"},{\"@type\":\"Organization\",\"@id\":\"https:\/\/fontfredapintures.com\/es\/#organization\",\"name\":\"Pintures Fontfreda\",\"alternateName\":\"Fontfreda Pintures\",\"url\":\"https:\/\/fontfredapintures.com\/es\/\",\"logo\":{\"@type\":\"ImageObject\",\"inLanguage\":\"es\",\"@id\":\"https:\/\/fontfredapintures.com\/es\/#\/schema\/logo\/image\/\",\"url\":\"https:\/\/fontfredapintures.com\/wp-content\/uploads\/2024\/04\/fontfreda-pintures-logo-yoast.jpg\",\"contentUrl\":\"https:\/\/fontfredapintures.com\/wp-content\/uploads\/2024\/04\/fontfreda-pintures-logo-yoast.jpg\",\"width\":900,\"height\":600,\"caption\":\"Pintures Fontfreda\"},\"image\":{\"@id\":\"https:\/\/fontfredapintures.com\/es\/#\/schema\/logo\/image\/\"},\"sameAs\":[\"https:\/\/www.facebook.com\/fontfredapintures\/\",\"https:\/\/www.instagram.com\/fontfredapintures\/\",\"https:\/\/www.linkedin.com\/company\/fontfredapintures\/\"]}]}<\/script>\n<!-- \/ Yoast SEO plugin. -->","yoast_head_json":{"title":"Antical c\u00edtrico Good Granel 15kg - Fontfreda Pintures","description":"Detergente l\u00edquido formulado para eliminar las manchas de agua y cal y prevenir su aparici\u00f3n en superficies duras del ba\u00f1o y la cocina. \u00a1C\u00f3mpralo ahora!","robots":{"index":"index","follow":"follow","max-snippet":"max-snippet:-1","max-image-preview":"max-image-preview:large","max-video-preview":"max-video-preview:-1"},"canonical":"https:\/\/fontfredapintures.com\/es\/producto\/antical-citrico-good-granel-15kg\/","og_locale":"es_ES","og_type":"article","og_title":"Antical c\u00edtrico Good Granel 15kg - Fontfreda Pintures","og_description":"Detergente l\u00edquido formulado para eliminar las manchas de agua y cal y prevenir su aparici\u00f3n en superficies duras del ba\u00f1o y la cocina. \u00a1C\u00f3mpralo ahora!","og_url":"https:\/\/fontfredapintures.com\/es\/producto\/antical-citrico-good-granel-15kg\/","og_site_name":"Fontfreda Pintures","article_publisher":"https:\/\/www.facebook.com\/fontfredapintures\/","article_modified_time":"2025-12-12T18:40:45+00:00","og_image":[{"width":1000,"height":1143,"url":"https:\/\/fontfredapintures.com\/wp-content\/uploads\/2025\/01\/56000049_2973.png","type":"image\/png"}],"twitter_card":"summary_large_image","twitter_misc":{"Tiempo de lectura":"1 minuto"},"schema":{"@context":"https:\/\/schema.org","@graph":[{"@type":"WebPage","@id":"https:\/\/fontfredapintures.com\/es\/producto\/antical-citrico-good-granel-15kg\/","url":"https:\/\/fontfredapintures.com\/es\/producto\/antical-citrico-good-granel-15kg\/","name":"Antical c\u00edtrico Good Granel 15kg - Fontfreda Pintures","isPartOf":{"@id":"https:\/\/fontfredapintures.com\/es\/#website"},"primaryImageOfPage":{"@id":"https:\/\/fontfredapintures.com\/es\/producto\/antical-citrico-good-granel-15kg\/#primaryimage"},"image":{"@id":"https:\/\/fontfredapintures.com\/es\/producto\/antical-citrico-good-granel-15kg\/#primaryimage"},"thumbnailUrl":"https:\/\/fontfredapintures.com\/wp-content\/uploads\/2025\/01\/56000049_2973.png","datePublished":"2025-01-08T08:01:36+00:00","dateModified":"2025-12-12T18:40:45+00:00","description":"Detergente l\u00edquido formulado para eliminar las manchas de agua y cal y prevenir su aparici\u00f3n en superficies duras del ba\u00f1o y la cocina. \u00a1C\u00f3mpralo ahora!","breadcrumb":{"@id":"https:\/\/fontfredapintures.com\/es\/producto\/antical-citrico-good-granel-15kg\/#breadcrumb"},"inLanguage":"es","potentialAction":[{"@type":"ReadAction","target":["https:\/\/fontfredapintures.com\/es\/producto\/antical-citrico-good-granel-15kg\/"]}]},{"@type":"ImageObject","inLanguage":"es","@id":"https:\/\/fontfredapintures.com\/es\/producto\/antical-citrico-good-granel-15kg\/#primaryimage","url":"https:\/\/fontfredapintures.com\/wp-content\/uploads\/2025\/01\/56000049_2973.png","contentUrl":"https:\/\/fontfredapintures.com\/wp-content\/uploads\/2025\/01\/56000049_2973.png","width":1000,"height":1143,"caption":"Antical\u00e7 c\u00edtric Good Granel"},{"@type":"BreadcrumbList","@id":"https:\/\/fontfredapintures.com\/es\/producto\/antical-citrico-good-granel-15kg\/#breadcrumb","itemListElement":[{"@type":"ListItem","position":1,"name":"Fontfreda","item":"https:\/\/fontfredapintures.com\/es\/"},{"@type":"ListItem","position":2,"name":"Tienda","item":"https:\/\/fontfredapintures.com\/es\/tienda\/"},{"@type":"ListItem","position":3,"name":"Antical c\u00edtrico Good Granel 15kg"}]},{"@type":"WebSite","@id":"https:\/\/fontfredapintures.com\/es\/#website","url":"https:\/\/fontfredapintures.com\/es\/","name":"Fontfreda Pintures","description":"Tienda online de pintura, decoraci\u00f3n y bellas artes","publisher":{"@id":"https:\/\/fontfredapintures.com\/es\/#organization"},"alternateName":"Pintures Fontfreda","potentialAction":[{"@type":"SearchAction","target":{"@type":"EntryPoint","urlTemplate":"https:\/\/fontfredapintures.com\/es\/?s={search_term_string}"},"query-input":{"@type":"PropertyValueSpecification","valueRequired":true,"valueName":"search_term_string"}}],"inLanguage":"es"},{"@type":"Organization","@id":"https:\/\/fontfredapintures.com\/es\/#organization","name":"Pintures Fontfreda","alternateName":"Fontfreda Pintures","url":"https:\/\/fontfredapintures.com\/es\/","logo":{"@type":"ImageObject","inLanguage":"es","@id":"https:\/\/fontfredapintures.com\/es\/#\/schema\/logo\/image\/","url":"https:\/\/fontfredapintures.com\/wp-content\/uploads\/2024\/04\/fontfreda-pintures-logo-yoast.jpg","contentUrl":"https:\/\/fontfredapintures.com\/wp-content\/uploads\/2024\/04\/fontfreda-pintures-logo-yoast.jpg","width":900,"height":600,"caption":"Pintures Fontfreda"},"image":{"@id":"https:\/\/fontfredapintures.com\/es\/#\/schema\/logo\/image\/"},"sameAs":["https:\/\/www.facebook.com\/fontfredapintures\/","https:\/\/www.instagram.com\/fontfredapintures\/","https:\/\/www.linkedin.com\/company\/fontfredapintures\/"]}]}},"_links":{"self":[{"href":"https:\/\/fontfredapintures.com\/es\/wp-json\/wp\/v2\/product\/54565","targetHints":{"allow":["GET"]}}],"collection":[{"href":"https:\/\/fontfredapintures.com\/es\/wp-json\/wp\/v2\/product"}],"about":[{"href":"https:\/\/fontfredapintures.com\/es\/wp-json\/wp\/v2\/types\/product"}],"replies":[{"embeddable":true,"href":"https:\/\/fontfredapintures.com\/es\/wp-json\/wp\/v2\/comments?post=54565"}],"version-history":[{"count":3,"href":"https:\/\/fontfredapintures.com\/es\/wp-json\/wp\/v2\/product\/54565\/revisions"}],"predecessor-version":[{"id":63239,"href":"https:\/\/fontfredapintures.com\/es\/wp-json\/wp\/v2\/product\/54565\/revisions\/63239"}],"wp:featuredmedia":[{"embeddable":true,"href":"https:\/\/fontfredapintures.com\/es\/wp-json\/wp\/v2\/media\/54560"}],"wp:attachment":[{"href":"https:\/\/fontfredapintures.com\/es\/wp-json\/wp\/v2\/media?parent=54565"}],"wp:term":[{"taxonomy":"product_brand","embeddable":true,"href":"https:\/\/fontfredapintures.com\/es\/wp-json\/wp\/v2\/product_brand?post=54565"},{"taxonomy":"product_cat","embeddable":true,"href":"https:\/\/fontfredapintures.com\/es\/wp-json\/wp\/v2\/product_cat?post=54565"},{"taxonomy":"product_tag","embeddable":true,"href":"https:\/\/fontfredapintures.com\/es\/wp-json\/wp\/v2\/product_tag?post=54565"}],"curies":[{"name":"wp","href":"https:\/\/api.w.org\/{rel}","templated":true}]}}