{"id":54519,"date":"2025-01-07T18:01:42","date_gmt":"2025-01-07T16:01:42","guid":{"rendered":"https:\/\/fontfredapintures.com\/producte\/suavizante-lavadora-marsella-good-granel-15kg\/"},"modified":"2025-12-12T20:40:14","modified_gmt":"2025-12-12T18:40:14","slug":"suavizante-lavadora-marsella-good-granel-15kg","status":"publish","type":"product","link":"https:\/\/fontfredapintures.com\/es\/producto\/suavizante-lavadora-marsella-good-granel-15kg\/","title":{"rendered":"Suavizante lavadora marsella Good Granel 15kg"},"content":{"rendered":"<p>COMPOSICI\u00d3N<br \/>\nFormulado con tensioactivos cati\u00f3nicos (&lt;5%), aceites esenciales y perfume.<\/p>\n<p>MODO DE USO<br \/>\nDosificar en el cajet\u00edn de la lavadora entre 5 y 12 gramos de producto por kilo de ropa. En tapones: a mano, 1 tap\u00f3n (30 ml); y a m\u00e1quina, 2 tapones (60 ml).<\/p>\n<p>RECOMENDACIONES<br \/>\nPara un lavado \u00f3ptimo, clasificar la ropa por colores, grado de suciedad y tipo de fibra. Lavar a la temperatura m\u00e1s baja posible y usando el m\u00e1ximo de capacidad, para un mayor ahorro de agua y energ\u00eda.<\/p>\n","protected":false},"excerpt":{"rendered":"<p>Detergente suavizante para una colada extra suave y perfumada, con dulce fragancia a Marsella. Formulado con tensioactivos suaves de origen vegetal y sin fosfatos, suaviza en profundidad sin da\u00f1ar los tejidos ni los colores y facilita el planchado. Apto para todo tipo de ropa y durezas de agua.<\/p>\n<p>Dosificar en el cajet\u00edn de la lavadora entre 5 y 12 gramos de producto por kilo de ropa. En tapones: a mano, 1 tap\u00f3n (30 ml); y a m\u00e1quina, 2 tapones (60 ml).<\/p>\n<p>Biodegradable. Sin fosfatos. Sin fosfonatos. Sin ftalatos. Sin EDTA. Sin n\u00edquel. Sin parafinas. Sin kathon. Sin parabenos. Sin blanqueantes \u00f3pticos. Sin fenoxietanol. Sin enzimas. Sin amon\u00edaco. Sin cloro. Sin lej\u00eda. Vegano. No testado en animales.<\/p>\n<p>Bag-in-box 15kg<\/p>\n","protected":false},"featured_media":54514,"comment_status":"open","ping_status":"closed","template":"","meta":[],"product_brand":[],"product_cat":[958,1145,1395],"product_tag":[1238],"class_list":{"0":"post-54519","1":"product","2":"type-product","3":"status-publish","4":"has-post-thumbnail","6":"product_cat-drogueria-es","7":"product_cat-productos-para-ropa","8":"product_cat-suavizantes-a-granel-good-granel","9":"product_tag-good-granel-es","10":"pa_brand-good-granel-es","12":"first","13":"instock","14":"sale","15":"taxable","16":"shipping-taxable","17":"purchasable","18":"product-type-simple"},"group_of_quantity":15,"min_quantity":15,"max_quantity":"","exclude_order_quantity_value_rules":"no","exclude_category_quantity_rules":"no","combine_variations":"no","yoast_head":"<!-- This site is optimized with the Yoast SEO plugin v25.7 - https:\/\/yoast.com\/wordpress\/plugins\/seo\/ -->\n<title>Suavizante lavadora marsella Good Granel 15kg - Fontfreda Pintures<\/title>\n<meta name=\"description\" content=\"Detergente suavizante de la marca Good Granel, para una colada extra suave y perfumada, con dulce fragancia en Marsella. \u00a1C\u00f3mpralo ahora!\" \/>\n<meta name=\"robots\" content=\"index, follow, max-snippet:-1, max-image-preview:large, max-video-preview:-1\" \/>\n<link rel=\"canonical\" href=\"https:\/\/fontfredapintures.com\/es\/producto\/suavizante-lavadora-marsella-good-granel-15kg\/\" \/>\n<meta property=\"og:locale\" content=\"es_ES\" \/>\n<meta property=\"og:type\" content=\"article\" \/>\n<meta property=\"og:title\" content=\"Suavizante lavadora marsella Good Granel 15kg - Fontfreda Pintures\" \/>\n<meta property=\"og:description\" content=\"Detergente suavizante de la marca Good Granel, para una colada extra suave y perfumada, con dulce fragancia en Marsella. \u00a1C\u00f3mpralo ahora!\" \/>\n<meta property=\"og:url\" content=\"https:\/\/fontfredapintures.com\/es\/producto\/suavizante-lavadora-marsella-good-granel-15kg\/\" \/>\n<meta property=\"og:site_name\" content=\"Fontfreda Pintures\" \/>\n<meta property=\"article:publisher\" content=\"https:\/\/www.facebook.com\/fontfredapintures\/\" \/>\n<meta property=\"article:modified_time\" content=\"2025-12-12T18:40:14+00:00\" \/>\n<meta property=\"og:image\" content=\"https:\/\/fontfredapintures.com\/wp-content\/uploads\/2025\/01\/56000044_2969.png\" \/>\n\t<meta property=\"og:image:width\" content=\"1000\" \/>\n\t<meta property=\"og:image:height\" content=\"1143\" \/>\n\t<meta property=\"og:image:type\" content=\"image\/png\" \/>\n<meta name=\"twitter:card\" content=\"summary_large_image\" \/>\n<meta name=\"twitter:label1\" content=\"Tiempo de lectura\" \/>\n\t<meta name=\"twitter:data1\" content=\"1 minuto\" \/>\n<script type=\"application\/ld+json\" class=\"yoast-schema-graph\">{\"@context\":\"https:\/\/schema.org\",\"@graph\":[{\"@type\":\"WebPage\",\"@id\":\"https:\/\/fontfredapintures.com\/es\/producto\/suavizante-lavadora-marsella-good-granel-15kg\/\",\"url\":\"https:\/\/fontfredapintures.com\/es\/producto\/suavizante-lavadora-marsella-good-granel-15kg\/\",\"name\":\"Suavizante lavadora marsella Good Granel 15kg - Fontfreda Pintures\",\"isPartOf\":{\"@id\":\"https:\/\/fontfredapintures.com\/es\/#website\"},\"primaryImageOfPage\":{\"@id\":\"https:\/\/fontfredapintures.com\/es\/producto\/suavizante-lavadora-marsella-good-granel-15kg\/#primaryimage\"},\"image\":{\"@id\":\"https:\/\/fontfredapintures.com\/es\/producto\/suavizante-lavadora-marsella-good-granel-15kg\/#primaryimage\"},\"thumbnailUrl\":\"https:\/\/fontfredapintures.com\/wp-content\/uploads\/2025\/01\/56000044_2969.png\",\"datePublished\":\"2025-01-07T16:01:42+00:00\",\"dateModified\":\"2025-12-12T18:40:14+00:00\",\"description\":\"Detergente suavizante de la marca Good Granel, para una colada extra suave y perfumada, con dulce fragancia en Marsella. \u00a1C\u00f3mpralo ahora!\",\"breadcrumb\":{\"@id\":\"https:\/\/fontfredapintures.com\/es\/producto\/suavizante-lavadora-marsella-good-granel-15kg\/#breadcrumb\"},\"inLanguage\":\"es\",\"potentialAction\":[{\"@type\":\"ReadAction\",\"target\":[\"https:\/\/fontfredapintures.com\/es\/producto\/suavizante-lavadora-marsella-good-granel-15kg\/\"]}]},{\"@type\":\"ImageObject\",\"inLanguage\":\"es\",\"@id\":\"https:\/\/fontfredapintures.com\/es\/producto\/suavizante-lavadora-marsella-good-granel-15kg\/#primaryimage\",\"url\":\"https:\/\/fontfredapintures.com\/wp-content\/uploads\/2025\/01\/56000044_2969.png\",\"contentUrl\":\"https:\/\/fontfredapintures.com\/wp-content\/uploads\/2025\/01\/56000044_2969.png\",\"width\":1000,\"height\":1143,\"caption\":\"Suavitzant rentadora Marsella\"},{\"@type\":\"BreadcrumbList\",\"@id\":\"https:\/\/fontfredapintures.com\/es\/producto\/suavizante-lavadora-marsella-good-granel-15kg\/#breadcrumb\",\"itemListElement\":[{\"@type\":\"ListItem\",\"position\":1,\"name\":\"Fontfreda\",\"item\":\"https:\/\/fontfredapintures.com\/es\/\"},{\"@type\":\"ListItem\",\"position\":2,\"name\":\"Tienda\",\"item\":\"https:\/\/fontfredapintures.com\/es\/tienda\/\"},{\"@type\":\"ListItem\",\"position\":3,\"name\":\"Suavizante lavadora marsella Good Granel 15kg\"}]},{\"@type\":\"WebSite\",\"@id\":\"https:\/\/fontfredapintures.com\/es\/#website\",\"url\":\"https:\/\/fontfredapintures.com\/es\/\",\"name\":\"Fontfreda Pintures\",\"description\":\"Tienda online de pintura, decoraci\u00f3n y bellas artes\",\"publisher\":{\"@id\":\"https:\/\/fontfredapintures.com\/es\/#organization\"},\"alternateName\":\"Pintures Fontfreda\",\"potentialAction\":[{\"@type\":\"SearchAction\",\"target\":{\"@type\":\"EntryPoint\",\"urlTemplate\":\"https:\/\/fontfredapintures.com\/es\/?s={search_term_string}\"},\"query-input\":{\"@type\":\"PropertyValueSpecification\",\"valueRequired\":true,\"valueName\":\"search_term_string\"}}],\"inLanguage\":\"es\"},{\"@type\":\"Organization\",\"@id\":\"https:\/\/fontfredapintures.com\/es\/#organization\",\"name\":\"Pintures Fontfreda\",\"alternateName\":\"Fontfreda Pintures\",\"url\":\"https:\/\/fontfredapintures.com\/es\/\",\"logo\":{\"@type\":\"ImageObject\",\"inLanguage\":\"es\",\"@id\":\"https:\/\/fontfredapintures.com\/es\/#\/schema\/logo\/image\/\",\"url\":\"https:\/\/fontfredapintures.com\/wp-content\/uploads\/2024\/04\/fontfreda-pintures-logo-yoast.jpg\",\"contentUrl\":\"https:\/\/fontfredapintures.com\/wp-content\/uploads\/2024\/04\/fontfreda-pintures-logo-yoast.jpg\",\"width\":900,\"height\":600,\"caption\":\"Pintures Fontfreda\"},\"image\":{\"@id\":\"https:\/\/fontfredapintures.com\/es\/#\/schema\/logo\/image\/\"},\"sameAs\":[\"https:\/\/www.facebook.com\/fontfredapintures\/\",\"https:\/\/www.instagram.com\/fontfredapintures\/\",\"https:\/\/www.linkedin.com\/company\/fontfredapintures\/\"]}]}<\/script>\n<!-- \/ Yoast SEO plugin. -->","yoast_head_json":{"title":"Suavizante lavadora marsella Good Granel 15kg - Fontfreda Pintures","description":"Detergente suavizante de la marca Good Granel, para una colada extra suave y perfumada, con dulce fragancia en Marsella. \u00a1C\u00f3mpralo ahora!","robots":{"index":"index","follow":"follow","max-snippet":"max-snippet:-1","max-image-preview":"max-image-preview:large","max-video-preview":"max-video-preview:-1"},"canonical":"https:\/\/fontfredapintures.com\/es\/producto\/suavizante-lavadora-marsella-good-granel-15kg\/","og_locale":"es_ES","og_type":"article","og_title":"Suavizante lavadora marsella Good Granel 15kg - Fontfreda Pintures","og_description":"Detergente suavizante de la marca Good Granel, para una colada extra suave y perfumada, con dulce fragancia en Marsella. \u00a1C\u00f3mpralo ahora!","og_url":"https:\/\/fontfredapintures.com\/es\/producto\/suavizante-lavadora-marsella-good-granel-15kg\/","og_site_name":"Fontfreda Pintures","article_publisher":"https:\/\/www.facebook.com\/fontfredapintures\/","article_modified_time":"2025-12-12T18:40:14+00:00","og_image":[{"width":1000,"height":1143,"url":"https:\/\/fontfredapintures.com\/wp-content\/uploads\/2025\/01\/56000044_2969.png","type":"image\/png"}],"twitter_card":"summary_large_image","twitter_misc":{"Tiempo de lectura":"1 minuto"},"schema":{"@context":"https:\/\/schema.org","@graph":[{"@type":"WebPage","@id":"https:\/\/fontfredapintures.com\/es\/producto\/suavizante-lavadora-marsella-good-granel-15kg\/","url":"https:\/\/fontfredapintures.com\/es\/producto\/suavizante-lavadora-marsella-good-granel-15kg\/","name":"Suavizante lavadora marsella Good Granel 15kg - Fontfreda Pintures","isPartOf":{"@id":"https:\/\/fontfredapintures.com\/es\/#website"},"primaryImageOfPage":{"@id":"https:\/\/fontfredapintures.com\/es\/producto\/suavizante-lavadora-marsella-good-granel-15kg\/#primaryimage"},"image":{"@id":"https:\/\/fontfredapintures.com\/es\/producto\/suavizante-lavadora-marsella-good-granel-15kg\/#primaryimage"},"thumbnailUrl":"https:\/\/fontfredapintures.com\/wp-content\/uploads\/2025\/01\/56000044_2969.png","datePublished":"2025-01-07T16:01:42+00:00","dateModified":"2025-12-12T18:40:14+00:00","description":"Detergente suavizante de la marca Good Granel, para una colada extra suave y perfumada, con dulce fragancia en Marsella. \u00a1C\u00f3mpralo ahora!","breadcrumb":{"@id":"https:\/\/fontfredapintures.com\/es\/producto\/suavizante-lavadora-marsella-good-granel-15kg\/#breadcrumb"},"inLanguage":"es","potentialAction":[{"@type":"ReadAction","target":["https:\/\/fontfredapintures.com\/es\/producto\/suavizante-lavadora-marsella-good-granel-15kg\/"]}]},{"@type":"ImageObject","inLanguage":"es","@id":"https:\/\/fontfredapintures.com\/es\/producto\/suavizante-lavadora-marsella-good-granel-15kg\/#primaryimage","url":"https:\/\/fontfredapintures.com\/wp-content\/uploads\/2025\/01\/56000044_2969.png","contentUrl":"https:\/\/fontfredapintures.com\/wp-content\/uploads\/2025\/01\/56000044_2969.png","width":1000,"height":1143,"caption":"Suavitzant rentadora Marsella"},{"@type":"BreadcrumbList","@id":"https:\/\/fontfredapintures.com\/es\/producto\/suavizante-lavadora-marsella-good-granel-15kg\/#breadcrumb","itemListElement":[{"@type":"ListItem","position":1,"name":"Fontfreda","item":"https:\/\/fontfredapintures.com\/es\/"},{"@type":"ListItem","position":2,"name":"Tienda","item":"https:\/\/fontfredapintures.com\/es\/tienda\/"},{"@type":"ListItem","position":3,"name":"Suavizante lavadora marsella Good Granel 15kg"}]},{"@type":"WebSite","@id":"https:\/\/fontfredapintures.com\/es\/#website","url":"https:\/\/fontfredapintures.com\/es\/","name":"Fontfreda Pintures","description":"Tienda online de pintura, decoraci\u00f3n y bellas artes","publisher":{"@id":"https:\/\/fontfredapintures.com\/es\/#organization"},"alternateName":"Pintures Fontfreda","potentialAction":[{"@type":"SearchAction","target":{"@type":"EntryPoint","urlTemplate":"https:\/\/fontfredapintures.com\/es\/?s={search_term_string}"},"query-input":{"@type":"PropertyValueSpecification","valueRequired":true,"valueName":"search_term_string"}}],"inLanguage":"es"},{"@type":"Organization","@id":"https:\/\/fontfredapintures.com\/es\/#organization","name":"Pintures Fontfreda","alternateName":"Fontfreda Pintures","url":"https:\/\/fontfredapintures.com\/es\/","logo":{"@type":"ImageObject","inLanguage":"es","@id":"https:\/\/fontfredapintures.com\/es\/#\/schema\/logo\/image\/","url":"https:\/\/fontfredapintures.com\/wp-content\/uploads\/2024\/04\/fontfreda-pintures-logo-yoast.jpg","contentUrl":"https:\/\/fontfredapintures.com\/wp-content\/uploads\/2024\/04\/fontfreda-pintures-logo-yoast.jpg","width":900,"height":600,"caption":"Pintures Fontfreda"},"image":{"@id":"https:\/\/fontfredapintures.com\/es\/#\/schema\/logo\/image\/"},"sameAs":["https:\/\/www.facebook.com\/fontfredapintures\/","https:\/\/www.instagram.com\/fontfredapintures\/","https:\/\/www.linkedin.com\/company\/fontfredapintures\/"]}]}},"_links":{"self":[{"href":"https:\/\/fontfredapintures.com\/es\/wp-json\/wp\/v2\/product\/54519","targetHints":{"allow":["GET"]}}],"collection":[{"href":"https:\/\/fontfredapintures.com\/es\/wp-json\/wp\/v2\/product"}],"about":[{"href":"https:\/\/fontfredapintures.com\/es\/wp-json\/wp\/v2\/types\/product"}],"replies":[{"embeddable":true,"href":"https:\/\/fontfredapintures.com\/es\/wp-json\/wp\/v2\/comments?post=54519"}],"version-history":[{"count":3,"href":"https:\/\/fontfredapintures.com\/es\/wp-json\/wp\/v2\/product\/54519\/revisions"}],"predecessor-version":[{"id":63230,"href":"https:\/\/fontfredapintures.com\/es\/wp-json\/wp\/v2\/product\/54519\/revisions\/63230"}],"wp:featuredmedia":[{"embeddable":true,"href":"https:\/\/fontfredapintures.com\/es\/wp-json\/wp\/v2\/media\/54514"}],"wp:attachment":[{"href":"https:\/\/fontfredapintures.com\/es\/wp-json\/wp\/v2\/media?parent=54519"}],"wp:term":[{"taxonomy":"product_brand","embeddable":true,"href":"https:\/\/fontfredapintures.com\/es\/wp-json\/wp\/v2\/product_brand?post=54519"},{"taxonomy":"product_cat","embeddable":true,"href":"https:\/\/fontfredapintures.com\/es\/wp-json\/wp\/v2\/product_cat?post=54519"},{"taxonomy":"product_tag","embeddable":true,"href":"https:\/\/fontfredapintures.com\/es\/wp-json\/wp\/v2\/product_tag?post=54519"}],"curies":[{"name":"wp","href":"https:\/\/api.w.org\/{rel}","templated":true}]}}