{"id":53432,"date":"2024-12-13T10:01:13","date_gmt":"2024-12-13T08:01:13","guid":{"rendered":"https:\/\/fontfredapintures.com\/producte\/lavavajillas-concentrado-manual-manzana-good-granel-15kg\/"},"modified":"2025-12-12T20:38:27","modified_gmt":"2025-12-12T18:38:27","slug":"lavavajillas-concentrado-manual-manzana-good-granel-15kg","status":"publish","type":"product","link":"https:\/\/fontfredapintures.com\/es\/producto\/lavavajillas-concentrado-manual-manzana-good-granel-15kg\/","title":{"rendered":"Lavavajillas concentrado manual manzana Good Granel 15kg"},"content":{"rendered":"<p>COMPOSICI\u00d3N<br \/>\nFormulado con tensioactivos ani\u00f3nicos (5-15%), anf\u00f3teros (&lt;5%) y perfume.<\/p>\n<p>MODO DE USO<br \/>\nDosificar 10 ml de producto por litro de agua o verter una peque\u00f1a cantidad directamente sobre el estropajo o esponja. Frotar para enjabonar y aclarar.<\/p>\n<p>RECOMENDACIONES<br \/>\nPara obtener un resultado \u00f3ptimo, se recomienda dejar la vajilla en remojo durante unos minutos en agua caliente.<\/p>\n","protected":false},"excerpt":{"rendered":"<p>Detergente lavavajillas l\u00edquido concentrado para lavado manual con aroma a manzana. Gracias a su f\u00f3rmula mejorada y su pH neutro, protege la piel y elimina f\u00e1cilmente la suciedad y la grasa sin contaminar el medio ambiente, dejando una vajilla limpia y reluciente.<\/p>\n<p>Biodegradable. Sin fosfatos. Sin fosfonatos. Sin ftalatos. Sin fenoxietanol. Sin PEG. Sin enzimas. Sin blanqueantes \u00f3pticos. Sin EDTA. Sin n\u00edquel. Sin parabenos. Sin kathon. Sin amon\u00edaco. Sin cloro. Sin lej\u00eda. Vegano. No testado en animales.<\/p>\n<p>MODO DE USO<br \/>\nDosificar 10 ml de producto por litro de agua o verter una peque\u00f1a cantidad directamente sobre el estropajo o esponja. Frotar para enjabonar y aclarar.<\/p>\n<p>Formato: Bag-in-box 15 kg<\/p>\n","protected":false},"featured_media":53427,"comment_status":"open","ping_status":"closed","template":"","meta":[],"product_brand":[],"product_cat":[958,963,1363],"product_tag":[1238],"class_list":{"0":"post-53432","1":"product","2":"type-product","3":"status-publish","4":"has-post-thumbnail","6":"product_cat-drogueria-es","7":"product_cat-productos-limpieza-del-hogar","8":"product_cat-vajillas","9":"product_tag-good-granel-es","10":"pa_brand-good-granel-es","12":"first","13":"instock","14":"sale","15":"taxable","16":"shipping-taxable","17":"purchasable","18":"product-type-simple"},"group_of_quantity":15,"min_quantity":15,"max_quantity":"","exclude_order_quantity_value_rules":"no","exclude_category_quantity_rules":"no","combine_variations":"no","yoast_head":"<!-- This site is optimized with the Yoast SEO plugin v25.7 - https:\/\/yoast.com\/wordpress\/plugins\/seo\/ -->\n<title>Lavavajillas concentrado manual manzana Good Granel 15kg - Fontfreda Pintures<\/title>\n<meta name=\"description\" content=\"COMPRA AHORA el lavavajillas concentrado con aroma de manzana. F\u00f3rmula mejorada y pH neutro que protege la piel y elimina f\u00e1cilmente la suciedad y grasa.\" \/>\n<meta name=\"robots\" content=\"index, follow, max-snippet:-1, max-image-preview:large, max-video-preview:-1\" \/>\n<link rel=\"canonical\" href=\"https:\/\/fontfredapintures.com\/es\/producto\/lavavajillas-concentrado-manual-manzana-good-granel-15kg\/\" \/>\n<meta property=\"og:locale\" content=\"es_ES\" \/>\n<meta property=\"og:type\" content=\"article\" \/>\n<meta property=\"og:title\" content=\"Lavavajillas concentrado manual manzana Good Granel 15kg - Fontfreda Pintures\" \/>\n<meta property=\"og:description\" content=\"COMPRA AHORA el lavavajillas concentrado con aroma de manzana. F\u00f3rmula mejorada y pH neutro que protege la piel y elimina f\u00e1cilmente la suciedad y grasa.\" \/>\n<meta property=\"og:url\" content=\"https:\/\/fontfredapintures.com\/es\/producto\/lavavajillas-concentrado-manual-manzana-good-granel-15kg\/\" \/>\n<meta property=\"og:site_name\" content=\"Fontfreda Pintures\" \/>\n<meta property=\"article:publisher\" content=\"https:\/\/www.facebook.com\/fontfredapintures\/\" \/>\n<meta property=\"article:modified_time\" content=\"2025-12-12T18:38:27+00:00\" \/>\n<meta property=\"og:image\" content=\"https:\/\/fontfredapintures.com\/wp-content\/uploads\/2024\/12\/56000014_2902.png\" \/>\n\t<meta property=\"og:image:width\" content=\"1000\" \/>\n\t<meta property=\"og:image:height\" content=\"1143\" \/>\n\t<meta property=\"og:image:type\" content=\"image\/png\" \/>\n<meta name=\"twitter:card\" content=\"summary_large_image\" \/>\n<meta name=\"twitter:label1\" content=\"Tiempo de lectura\" \/>\n\t<meta name=\"twitter:data1\" content=\"1 minuto\" \/>\n<script type=\"application\/ld+json\" class=\"yoast-schema-graph\">{\"@context\":\"https:\/\/schema.org\",\"@graph\":[{\"@type\":\"WebPage\",\"@id\":\"https:\/\/fontfredapintures.com\/es\/producto\/lavavajillas-concentrado-manual-manzana-good-granel-15kg\/\",\"url\":\"https:\/\/fontfredapintures.com\/es\/producto\/lavavajillas-concentrado-manual-manzana-good-granel-15kg\/\",\"name\":\"Lavavajillas concentrado manual manzana Good Granel 15kg - Fontfreda Pintures\",\"isPartOf\":{\"@id\":\"https:\/\/fontfredapintures.com\/es\/#website\"},\"primaryImageOfPage\":{\"@id\":\"https:\/\/fontfredapintures.com\/es\/producto\/lavavajillas-concentrado-manual-manzana-good-granel-15kg\/#primaryimage\"},\"image\":{\"@id\":\"https:\/\/fontfredapintures.com\/es\/producto\/lavavajillas-concentrado-manual-manzana-good-granel-15kg\/#primaryimage\"},\"thumbnailUrl\":\"https:\/\/fontfredapintures.com\/wp-content\/uploads\/2024\/12\/56000014_2902.png\",\"datePublished\":\"2024-12-13T08:01:13+00:00\",\"dateModified\":\"2025-12-12T18:38:27+00:00\",\"description\":\"COMPRA AHORA el lavavajillas concentrado con aroma de manzana. F\u00f3rmula mejorada y pH neutro que protege la piel y elimina f\u00e1cilmente la suciedad y grasa.\",\"breadcrumb\":{\"@id\":\"https:\/\/fontfredapintures.com\/es\/producto\/lavavajillas-concentrado-manual-manzana-good-granel-15kg\/#breadcrumb\"},\"inLanguage\":\"es\",\"potentialAction\":[{\"@type\":\"ReadAction\",\"target\":[\"https:\/\/fontfredapintures.com\/es\/producto\/lavavajillas-concentrado-manual-manzana-good-granel-15kg\/\"]}]},{\"@type\":\"ImageObject\",\"inLanguage\":\"es\",\"@id\":\"https:\/\/fontfredapintures.com\/es\/producto\/lavavajillas-concentrado-manual-manzana-good-granel-15kg\/#primaryimage\",\"url\":\"https:\/\/fontfredapintures.com\/wp-content\/uploads\/2024\/12\/56000014_2902.png\",\"contentUrl\":\"https:\/\/fontfredapintures.com\/wp-content\/uploads\/2024\/12\/56000014_2902.png\",\"width\":1000,\"height\":1143,\"caption\":\"Lavavajillas manzana Good Granel\"},{\"@type\":\"BreadcrumbList\",\"@id\":\"https:\/\/fontfredapintures.com\/es\/producto\/lavavajillas-concentrado-manual-manzana-good-granel-15kg\/#breadcrumb\",\"itemListElement\":[{\"@type\":\"ListItem\",\"position\":1,\"name\":\"Fontfreda\",\"item\":\"https:\/\/fontfredapintures.com\/es\/\"},{\"@type\":\"ListItem\",\"position\":2,\"name\":\"Tienda\",\"item\":\"https:\/\/fontfredapintures.com\/es\/tienda\/\"},{\"@type\":\"ListItem\",\"position\":3,\"name\":\"Lavavajillas concentrado manual manzana Good Granel 15kg\"}]},{\"@type\":\"WebSite\",\"@id\":\"https:\/\/fontfredapintures.com\/es\/#website\",\"url\":\"https:\/\/fontfredapintures.com\/es\/\",\"name\":\"Fontfreda Pintures\",\"description\":\"Tienda online de pintura, decoraci\u00f3n y bellas artes\",\"publisher\":{\"@id\":\"https:\/\/fontfredapintures.com\/es\/#organization\"},\"alternateName\":\"Pintures Fontfreda\",\"potentialAction\":[{\"@type\":\"SearchAction\",\"target\":{\"@type\":\"EntryPoint\",\"urlTemplate\":\"https:\/\/fontfredapintures.com\/es\/?s={search_term_string}\"},\"query-input\":{\"@type\":\"PropertyValueSpecification\",\"valueRequired\":true,\"valueName\":\"search_term_string\"}}],\"inLanguage\":\"es\"},{\"@type\":\"Organization\",\"@id\":\"https:\/\/fontfredapintures.com\/es\/#organization\",\"name\":\"Pintures Fontfreda\",\"alternateName\":\"Fontfreda Pintures\",\"url\":\"https:\/\/fontfredapintures.com\/es\/\",\"logo\":{\"@type\":\"ImageObject\",\"inLanguage\":\"es\",\"@id\":\"https:\/\/fontfredapintures.com\/es\/#\/schema\/logo\/image\/\",\"url\":\"https:\/\/fontfredapintures.com\/wp-content\/uploads\/2024\/04\/fontfreda-pintures-logo-yoast.jpg\",\"contentUrl\":\"https:\/\/fontfredapintures.com\/wp-content\/uploads\/2024\/04\/fontfreda-pintures-logo-yoast.jpg\",\"width\":900,\"height\":600,\"caption\":\"Pintures Fontfreda\"},\"image\":{\"@id\":\"https:\/\/fontfredapintures.com\/es\/#\/schema\/logo\/image\/\"},\"sameAs\":[\"https:\/\/www.facebook.com\/fontfredapintures\/\",\"https:\/\/www.instagram.com\/fontfredapintures\/\",\"https:\/\/www.linkedin.com\/company\/fontfredapintures\/\"]}]}<\/script>\n<!-- \/ Yoast SEO plugin. -->","yoast_head_json":{"title":"Lavavajillas concentrado manual manzana Good Granel 15kg - Fontfreda Pintures","description":"COMPRA AHORA el lavavajillas concentrado con aroma de manzana. F\u00f3rmula mejorada y pH neutro que protege la piel y elimina f\u00e1cilmente la suciedad y grasa.","robots":{"index":"index","follow":"follow","max-snippet":"max-snippet:-1","max-image-preview":"max-image-preview:large","max-video-preview":"max-video-preview:-1"},"canonical":"https:\/\/fontfredapintures.com\/es\/producto\/lavavajillas-concentrado-manual-manzana-good-granel-15kg\/","og_locale":"es_ES","og_type":"article","og_title":"Lavavajillas concentrado manual manzana Good Granel 15kg - Fontfreda Pintures","og_description":"COMPRA AHORA el lavavajillas concentrado con aroma de manzana. F\u00f3rmula mejorada y pH neutro que protege la piel y elimina f\u00e1cilmente la suciedad y grasa.","og_url":"https:\/\/fontfredapintures.com\/es\/producto\/lavavajillas-concentrado-manual-manzana-good-granel-15kg\/","og_site_name":"Fontfreda Pintures","article_publisher":"https:\/\/www.facebook.com\/fontfredapintures\/","article_modified_time":"2025-12-12T18:38:27+00:00","og_image":[{"width":1000,"height":1143,"url":"https:\/\/fontfredapintures.com\/wp-content\/uploads\/2024\/12\/56000014_2902.png","type":"image\/png"}],"twitter_card":"summary_large_image","twitter_misc":{"Tiempo de lectura":"1 minuto"},"schema":{"@context":"https:\/\/schema.org","@graph":[{"@type":"WebPage","@id":"https:\/\/fontfredapintures.com\/es\/producto\/lavavajillas-concentrado-manual-manzana-good-granel-15kg\/","url":"https:\/\/fontfredapintures.com\/es\/producto\/lavavajillas-concentrado-manual-manzana-good-granel-15kg\/","name":"Lavavajillas concentrado manual manzana Good Granel 15kg - Fontfreda Pintures","isPartOf":{"@id":"https:\/\/fontfredapintures.com\/es\/#website"},"primaryImageOfPage":{"@id":"https:\/\/fontfredapintures.com\/es\/producto\/lavavajillas-concentrado-manual-manzana-good-granel-15kg\/#primaryimage"},"image":{"@id":"https:\/\/fontfredapintures.com\/es\/producto\/lavavajillas-concentrado-manual-manzana-good-granel-15kg\/#primaryimage"},"thumbnailUrl":"https:\/\/fontfredapintures.com\/wp-content\/uploads\/2024\/12\/56000014_2902.png","datePublished":"2024-12-13T08:01:13+00:00","dateModified":"2025-12-12T18:38:27+00:00","description":"COMPRA AHORA el lavavajillas concentrado con aroma de manzana. F\u00f3rmula mejorada y pH neutro que protege la piel y elimina f\u00e1cilmente la suciedad y grasa.","breadcrumb":{"@id":"https:\/\/fontfredapintures.com\/es\/producto\/lavavajillas-concentrado-manual-manzana-good-granel-15kg\/#breadcrumb"},"inLanguage":"es","potentialAction":[{"@type":"ReadAction","target":["https:\/\/fontfredapintures.com\/es\/producto\/lavavajillas-concentrado-manual-manzana-good-granel-15kg\/"]}]},{"@type":"ImageObject","inLanguage":"es","@id":"https:\/\/fontfredapintures.com\/es\/producto\/lavavajillas-concentrado-manual-manzana-good-granel-15kg\/#primaryimage","url":"https:\/\/fontfredapintures.com\/wp-content\/uploads\/2024\/12\/56000014_2902.png","contentUrl":"https:\/\/fontfredapintures.com\/wp-content\/uploads\/2024\/12\/56000014_2902.png","width":1000,"height":1143,"caption":"Lavavajillas manzana Good Granel"},{"@type":"BreadcrumbList","@id":"https:\/\/fontfredapintures.com\/es\/producto\/lavavajillas-concentrado-manual-manzana-good-granel-15kg\/#breadcrumb","itemListElement":[{"@type":"ListItem","position":1,"name":"Fontfreda","item":"https:\/\/fontfredapintures.com\/es\/"},{"@type":"ListItem","position":2,"name":"Tienda","item":"https:\/\/fontfredapintures.com\/es\/tienda\/"},{"@type":"ListItem","position":3,"name":"Lavavajillas concentrado manual manzana Good Granel 15kg"}]},{"@type":"WebSite","@id":"https:\/\/fontfredapintures.com\/es\/#website","url":"https:\/\/fontfredapintures.com\/es\/","name":"Fontfreda Pintures","description":"Tienda online de pintura, decoraci\u00f3n y bellas artes","publisher":{"@id":"https:\/\/fontfredapintures.com\/es\/#organization"},"alternateName":"Pintures Fontfreda","potentialAction":[{"@type":"SearchAction","target":{"@type":"EntryPoint","urlTemplate":"https:\/\/fontfredapintures.com\/es\/?s={search_term_string}"},"query-input":{"@type":"PropertyValueSpecification","valueRequired":true,"valueName":"search_term_string"}}],"inLanguage":"es"},{"@type":"Organization","@id":"https:\/\/fontfredapintures.com\/es\/#organization","name":"Pintures Fontfreda","alternateName":"Fontfreda Pintures","url":"https:\/\/fontfredapintures.com\/es\/","logo":{"@type":"ImageObject","inLanguage":"es","@id":"https:\/\/fontfredapintures.com\/es\/#\/schema\/logo\/image\/","url":"https:\/\/fontfredapintures.com\/wp-content\/uploads\/2024\/04\/fontfreda-pintures-logo-yoast.jpg","contentUrl":"https:\/\/fontfredapintures.com\/wp-content\/uploads\/2024\/04\/fontfreda-pintures-logo-yoast.jpg","width":900,"height":600,"caption":"Pintures Fontfreda"},"image":{"@id":"https:\/\/fontfredapintures.com\/es\/#\/schema\/logo\/image\/"},"sameAs":["https:\/\/www.facebook.com\/fontfredapintures\/","https:\/\/www.instagram.com\/fontfredapintures\/","https:\/\/www.linkedin.com\/company\/fontfredapintures\/"]}]}},"_links":{"self":[{"href":"https:\/\/fontfredapintures.com\/es\/wp-json\/wp\/v2\/product\/53432","targetHints":{"allow":["GET"]}}],"collection":[{"href":"https:\/\/fontfredapintures.com\/es\/wp-json\/wp\/v2\/product"}],"about":[{"href":"https:\/\/fontfredapintures.com\/es\/wp-json\/wp\/v2\/types\/product"}],"replies":[{"embeddable":true,"href":"https:\/\/fontfredapintures.com\/es\/wp-json\/wp\/v2\/comments?post=53432"}],"version-history":[{"count":3,"href":"https:\/\/fontfredapintures.com\/es\/wp-json\/wp\/v2\/product\/53432\/revisions"}],"predecessor-version":[{"id":63201,"href":"https:\/\/fontfredapintures.com\/es\/wp-json\/wp\/v2\/product\/53432\/revisions\/63201"}],"wp:featuredmedia":[{"embeddable":true,"href":"https:\/\/fontfredapintures.com\/es\/wp-json\/wp\/v2\/media\/53427"}],"wp:attachment":[{"href":"https:\/\/fontfredapintures.com\/es\/wp-json\/wp\/v2\/media?parent=53432"}],"wp:term":[{"taxonomy":"product_brand","embeddable":true,"href":"https:\/\/fontfredapintures.com\/es\/wp-json\/wp\/v2\/product_brand?post=53432"},{"taxonomy":"product_cat","embeddable":true,"href":"https:\/\/fontfredapintures.com\/es\/wp-json\/wp\/v2\/product_cat?post=53432"},{"taxonomy":"product_tag","embeddable":true,"href":"https:\/\/fontfredapintures.com\/es\/wp-json\/wp\/v2\/product_tag?post=53432"}],"curies":[{"name":"wp","href":"https:\/\/api.w.org\/{rel}","templated":true}]}}