{"id":48626,"date":"2024-12-02T13:02:07","date_gmt":"2024-12-02T11:02:07","guid":{"rendered":"https:\/\/fontfredapintures.com\/producte\/colector-de-virutas-ksf-of-2200-ref494670\/"},"modified":"2025-05-06T02:14:47","modified_gmt":"2025-05-06T00:14:47","slug":"colector-de-virutas-ksf-of-2200-ref494670","status":"publish","type":"product","link":"https:\/\/fontfredapintures.com\/es\/producto\/colector-de-virutas-ksf-of-2200-ref494670\/","title":{"rendered":"Colector de virutas KSF-OF 2200 (ref:494670)"},"content":{"rendered":"<p>El exclusivo colector de virutas est\u00e1 dise\u00f1ado para proporcionar una aspiraci\u00f3n \u00f3ptima durante el fresado de cantos. Al combinarse con la caperuza de aspiraci\u00f3n y un aspirador Festool, se logra un rendimiento de casi el 100 % de aspiraci\u00f3n, garantizando un entorno de trabajo limpio y eficiente. El dise\u00f1o del colector permite un acoplamiento sencillo sin necesidad de herramientas, y un giro de 360\u00b0 para su uso tambi\u00e9n en cantos curvados. Es ideal para aspiraciones laterales en trabajos de fresado en la zona del borde, asegurando resultados limpios y precisos.<\/p>\n","protected":false},"excerpt":{"rendered":"<p>El exclusivo colector de virutas ofrece una aspiraci\u00f3n \u00f3ptima al fresar cantos. Junto con la caperuza de aspiraci\u00f3n y un aspirador Festool, se consigue una eficiencia de aspiraci\u00f3n casi del 100%. Con un acoplamiento sencillo y sin herramientas, y un giro de 360\u00b0 para trabajos en cantos curvados.<\/p>\n","protected":false},"featured_media":52604,"comment_status":"open","ping_status":"closed","template":"","meta":[],"product_brand":[],"product_cat":[80,1086],"product_tag":[],"class_list":{"0":"post-48626","1":"product","2":"type-product","3":"status-publish","4":"has-post-thumbnail","6":"product_cat-maquinaria-es","7":"product_cat-accesorios","8":"pa_brand-festool","10":"first","11":"instock","12":"taxable","13":"shipping-taxable","14":"purchasable","15":"product-type-simple"},"group_of_quantity":0,"min_quantity":0,"max_quantity":"","exclude_order_quantity_value_rules":"no","exclude_category_quantity_rules":"no","combine_variations":"no","yoast_head":"<!-- This site is optimized with the Yoast SEO plugin v25.7 - https:\/\/yoast.com\/wordpress\/plugins\/seo\/ -->\n<title>Colector de virutas KSF-OF 2200 (ref:494670) - Fontfreda Pintures<\/title>\n<meta name=\"robots\" content=\"index, follow, max-snippet:-1, max-image-preview:large, max-video-preview:-1\" \/>\n<link rel=\"canonical\" href=\"https:\/\/fontfredapintures.com\/es\/producto\/colector-de-virutas-ksf-of-2200-ref494670\/\" \/>\n<meta property=\"og:locale\" content=\"es_ES\" \/>\n<meta property=\"og:type\" content=\"article\" \/>\n<meta property=\"og:title\" content=\"Colector de virutas KSF-OF 2200 (ref:494670) - Fontfreda Pintures\" \/>\n<meta property=\"og:description\" content=\"El exclusivo colector de virutas ofrece una aspiraci\u00f3n \u00f3ptima al fresar cantos. Junto con la caperuza de aspiraci\u00f3n y un aspirador Festool, se consigue una eficiencia de aspiraci\u00f3n casi del 100%. Con un acoplamiento sencillo y sin herramientas, y un giro de 360\u00b0 para trabajos en cantos curvados.\" \/>\n<meta property=\"og:url\" content=\"https:\/\/fontfredapintures.com\/es\/producto\/colector-de-virutas-ksf-of-2200-ref494670\/\" \/>\n<meta property=\"og:site_name\" content=\"Fontfreda Pintures\" \/>\n<meta property=\"article:publisher\" content=\"https:\/\/www.facebook.com\/fontfredapintures\/\" \/>\n<meta property=\"article:modified_time\" content=\"2025-05-06T00:14:47+00:00\" \/>\n<meta property=\"og:image\" content=\"https:\/\/fontfredapintures.com\/wp-content\/uploads\/2024\/04\/fontfreda-tienda-online-pinturas-decoracion.jpg\" \/>\n\t<meta property=\"og:image:width\" content=\"1200\" \/>\n\t<meta property=\"og:image:height\" content=\"800\" \/>\n\t<meta property=\"og:image:type\" content=\"image\/jpeg\" \/>\n<meta name=\"twitter:card\" content=\"summary_large_image\" \/>\n<script type=\"application\/ld+json\" class=\"yoast-schema-graph\">{\"@context\":\"https:\/\/schema.org\",\"@graph\":[{\"@type\":\"WebPage\",\"@id\":\"https:\/\/fontfredapintures.com\/es\/producto\/colector-de-virutas-ksf-of-2200-ref494670\/\",\"url\":\"https:\/\/fontfredapintures.com\/es\/producto\/colector-de-virutas-ksf-of-2200-ref494670\/\",\"name\":\"Colector de virutas KSF-OF 2200 (ref:494670) - Fontfreda Pintures\",\"isPartOf\":{\"@id\":\"https:\/\/fontfredapintures.com\/es\/#website\"},\"primaryImageOfPage\":{\"@id\":\"https:\/\/fontfredapintures.com\/es\/producto\/colector-de-virutas-ksf-of-2200-ref494670\/#primaryimage\"},\"image\":{\"@id\":\"https:\/\/fontfredapintures.com\/es\/producto\/colector-de-virutas-ksf-of-2200-ref494670\/#primaryimage\"},\"thumbnailUrl\":\"https:\/\/fontfredapintures.com\/wp-content\/uploads\/2024\/12\/13600536_2792-13.png\",\"datePublished\":\"2024-12-02T11:02:07+00:00\",\"dateModified\":\"2025-05-06T00:14:47+00:00\",\"breadcrumb\":{\"@id\":\"https:\/\/fontfredapintures.com\/es\/producto\/colector-de-virutas-ksf-of-2200-ref494670\/#breadcrumb\"},\"inLanguage\":\"es\",\"potentialAction\":[{\"@type\":\"ReadAction\",\"target\":[\"https:\/\/fontfredapintures.com\/es\/producto\/colector-de-virutas-ksf-of-2200-ref494670\/\"]}]},{\"@type\":\"ImageObject\",\"inLanguage\":\"es\",\"@id\":\"https:\/\/fontfredapintures.com\/es\/producto\/colector-de-virutas-ksf-of-2200-ref494670\/#primaryimage\",\"url\":\"https:\/\/fontfredapintures.com\/wp-content\/uploads\/2024\/12\/13600536_2792-13.png\",\"contentUrl\":\"https:\/\/fontfredapintures.com\/wp-content\/uploads\/2024\/12\/13600536_2792-13.png\",\"width\":1000,\"height\":1143,\"caption\":\"Colector de virutas Festool\"},{\"@type\":\"BreadcrumbList\",\"@id\":\"https:\/\/fontfredapintures.com\/es\/producto\/colector-de-virutas-ksf-of-2200-ref494670\/#breadcrumb\",\"itemListElement\":[{\"@type\":\"ListItem\",\"position\":1,\"name\":\"Fontfreda\",\"item\":\"https:\/\/fontfredapintures.com\/es\/\"},{\"@type\":\"ListItem\",\"position\":2,\"name\":\"Tienda\",\"item\":\"https:\/\/fontfredapintures.com\/es\/tienda\/\"},{\"@type\":\"ListItem\",\"position\":3,\"name\":\"Colector de virutas KSF-OF 2200 (ref:494670)\"}]},{\"@type\":\"WebSite\",\"@id\":\"https:\/\/fontfredapintures.com\/es\/#website\",\"url\":\"https:\/\/fontfredapintures.com\/es\/\",\"name\":\"Fontfreda Pintures\",\"description\":\"Tienda online de pintura, decoraci\u00f3n y bellas artes\",\"publisher\":{\"@id\":\"https:\/\/fontfredapintures.com\/es\/#organization\"},\"alternateName\":\"Pintures Fontfreda\",\"potentialAction\":[{\"@type\":\"SearchAction\",\"target\":{\"@type\":\"EntryPoint\",\"urlTemplate\":\"https:\/\/fontfredapintures.com\/es\/?s={search_term_string}\"},\"query-input\":{\"@type\":\"PropertyValueSpecification\",\"valueRequired\":true,\"valueName\":\"search_term_string\"}}],\"inLanguage\":\"es\"},{\"@type\":\"Organization\",\"@id\":\"https:\/\/fontfredapintures.com\/es\/#organization\",\"name\":\"Pintures Fontfreda\",\"alternateName\":\"Fontfreda Pintures\",\"url\":\"https:\/\/fontfredapintures.com\/es\/\",\"logo\":{\"@type\":\"ImageObject\",\"inLanguage\":\"es\",\"@id\":\"https:\/\/fontfredapintures.com\/es\/#\/schema\/logo\/image\/\",\"url\":\"https:\/\/fontfredapintures.com\/wp-content\/uploads\/2024\/04\/fontfreda-pintures-logo-yoast.jpg\",\"contentUrl\":\"https:\/\/fontfredapintures.com\/wp-content\/uploads\/2024\/04\/fontfreda-pintures-logo-yoast.jpg\",\"width\":900,\"height\":600,\"caption\":\"Pintures Fontfreda\"},\"image\":{\"@id\":\"https:\/\/fontfredapintures.com\/es\/#\/schema\/logo\/image\/\"},\"sameAs\":[\"https:\/\/www.facebook.com\/fontfredapintures\/\",\"https:\/\/www.instagram.com\/fontfredapintures\/\",\"https:\/\/www.linkedin.com\/company\/fontfredapintures\/\"]}]}<\/script>\n<!-- \/ Yoast SEO plugin. -->","yoast_head_json":{"title":"Colector de virutas KSF-OF 2200 (ref:494670) - Fontfreda Pintures","robots":{"index":"index","follow":"follow","max-snippet":"max-snippet:-1","max-image-preview":"max-image-preview:large","max-video-preview":"max-video-preview:-1"},"canonical":"https:\/\/fontfredapintures.com\/es\/producto\/colector-de-virutas-ksf-of-2200-ref494670\/","og_locale":"es_ES","og_type":"article","og_title":"Colector de virutas KSF-OF 2200 (ref:494670) - Fontfreda Pintures","og_description":"El exclusivo colector de virutas ofrece una aspiraci\u00f3n \u00f3ptima al fresar cantos. Junto con la caperuza de aspiraci\u00f3n y un aspirador Festool, se consigue una eficiencia de aspiraci\u00f3n casi del 100%. Con un acoplamiento sencillo y sin herramientas, y un giro de 360\u00b0 para trabajos en cantos curvados.","og_url":"https:\/\/fontfredapintures.com\/es\/producto\/colector-de-virutas-ksf-of-2200-ref494670\/","og_site_name":"Fontfreda Pintures","article_publisher":"https:\/\/www.facebook.com\/fontfredapintures\/","article_modified_time":"2025-05-06T00:14:47+00:00","og_image":[{"width":1200,"height":800,"url":"https:\/\/fontfredapintures.com\/wp-content\/uploads\/2024\/04\/fontfreda-tienda-online-pinturas-decoracion.jpg","type":"image\/jpeg"}],"twitter_card":"summary_large_image","schema":{"@context":"https:\/\/schema.org","@graph":[{"@type":"WebPage","@id":"https:\/\/fontfredapintures.com\/es\/producto\/colector-de-virutas-ksf-of-2200-ref494670\/","url":"https:\/\/fontfredapintures.com\/es\/producto\/colector-de-virutas-ksf-of-2200-ref494670\/","name":"Colector de virutas KSF-OF 2200 (ref:494670) - Fontfreda Pintures","isPartOf":{"@id":"https:\/\/fontfredapintures.com\/es\/#website"},"primaryImageOfPage":{"@id":"https:\/\/fontfredapintures.com\/es\/producto\/colector-de-virutas-ksf-of-2200-ref494670\/#primaryimage"},"image":{"@id":"https:\/\/fontfredapintures.com\/es\/producto\/colector-de-virutas-ksf-of-2200-ref494670\/#primaryimage"},"thumbnailUrl":"https:\/\/fontfredapintures.com\/wp-content\/uploads\/2024\/12\/13600536_2792-13.png","datePublished":"2024-12-02T11:02:07+00:00","dateModified":"2025-05-06T00:14:47+00:00","breadcrumb":{"@id":"https:\/\/fontfredapintures.com\/es\/producto\/colector-de-virutas-ksf-of-2200-ref494670\/#breadcrumb"},"inLanguage":"es","potentialAction":[{"@type":"ReadAction","target":["https:\/\/fontfredapintures.com\/es\/producto\/colector-de-virutas-ksf-of-2200-ref494670\/"]}]},{"@type":"ImageObject","inLanguage":"es","@id":"https:\/\/fontfredapintures.com\/es\/producto\/colector-de-virutas-ksf-of-2200-ref494670\/#primaryimage","url":"https:\/\/fontfredapintures.com\/wp-content\/uploads\/2024\/12\/13600536_2792-13.png","contentUrl":"https:\/\/fontfredapintures.com\/wp-content\/uploads\/2024\/12\/13600536_2792-13.png","width":1000,"height":1143,"caption":"Colector de virutas Festool"},{"@type":"BreadcrumbList","@id":"https:\/\/fontfredapintures.com\/es\/producto\/colector-de-virutas-ksf-of-2200-ref494670\/#breadcrumb","itemListElement":[{"@type":"ListItem","position":1,"name":"Fontfreda","item":"https:\/\/fontfredapintures.com\/es\/"},{"@type":"ListItem","position":2,"name":"Tienda","item":"https:\/\/fontfredapintures.com\/es\/tienda\/"},{"@type":"ListItem","position":3,"name":"Colector de virutas KSF-OF 2200 (ref:494670)"}]},{"@type":"WebSite","@id":"https:\/\/fontfredapintures.com\/es\/#website","url":"https:\/\/fontfredapintures.com\/es\/","name":"Fontfreda Pintures","description":"Tienda online de pintura, decoraci\u00f3n y bellas artes","publisher":{"@id":"https:\/\/fontfredapintures.com\/es\/#organization"},"alternateName":"Pintures Fontfreda","potentialAction":[{"@type":"SearchAction","target":{"@type":"EntryPoint","urlTemplate":"https:\/\/fontfredapintures.com\/es\/?s={search_term_string}"},"query-input":{"@type":"PropertyValueSpecification","valueRequired":true,"valueName":"search_term_string"}}],"inLanguage":"es"},{"@type":"Organization","@id":"https:\/\/fontfredapintures.com\/es\/#organization","name":"Pintures Fontfreda","alternateName":"Fontfreda Pintures","url":"https:\/\/fontfredapintures.com\/es\/","logo":{"@type":"ImageObject","inLanguage":"es","@id":"https:\/\/fontfredapintures.com\/es\/#\/schema\/logo\/image\/","url":"https:\/\/fontfredapintures.com\/wp-content\/uploads\/2024\/04\/fontfreda-pintures-logo-yoast.jpg","contentUrl":"https:\/\/fontfredapintures.com\/wp-content\/uploads\/2024\/04\/fontfreda-pintures-logo-yoast.jpg","width":900,"height":600,"caption":"Pintures Fontfreda"},"image":{"@id":"https:\/\/fontfredapintures.com\/es\/#\/schema\/logo\/image\/"},"sameAs":["https:\/\/www.facebook.com\/fontfredapintures\/","https:\/\/www.instagram.com\/fontfredapintures\/","https:\/\/www.linkedin.com\/company\/fontfredapintures\/"]}]}},"_links":{"self":[{"href":"https:\/\/fontfredapintures.com\/es\/wp-json\/wp\/v2\/product\/48626","targetHints":{"allow":["GET"]}}],"collection":[{"href":"https:\/\/fontfredapintures.com\/es\/wp-json\/wp\/v2\/product"}],"about":[{"href":"https:\/\/fontfredapintures.com\/es\/wp-json\/wp\/v2\/types\/product"}],"replies":[{"embeddable":true,"href":"https:\/\/fontfredapintures.com\/es\/wp-json\/wp\/v2\/comments?post=48626"}],"version-history":[{"count":0,"href":"https:\/\/fontfredapintures.com\/es\/wp-json\/wp\/v2\/product\/48626\/revisions"}],"wp:featuredmedia":[{"embeddable":true,"href":"https:\/\/fontfredapintures.com\/es\/wp-json\/wp\/v2\/media\/52604"}],"wp:attachment":[{"href":"https:\/\/fontfredapintures.com\/es\/wp-json\/wp\/v2\/media?parent=48626"}],"wp:term":[{"taxonomy":"product_brand","embeddable":true,"href":"https:\/\/fontfredapintures.com\/es\/wp-json\/wp\/v2\/product_brand?post=48626"},{"taxonomy":"product_cat","embeddable":true,"href":"https:\/\/fontfredapintures.com\/es\/wp-json\/wp\/v2\/product_cat?post=48626"},{"taxonomy":"product_tag","embeddable":true,"href":"https:\/\/fontfredapintures.com\/es\/wp-json\/wp\/v2\/product_tag?post=48626"}],"curies":[{"name":"wp","href":"https:\/\/api.w.org\/{rel}","templated":true}]}}