{"id":48612,"date":"2024-12-02T13:01:52","date_gmt":"2024-12-02T11:01:52","guid":{"rendered":"https:\/\/fontfredapintures.com\/producte\/caperuza-para-fresado-de-en-arco-bf-of-cms-ref494643\/"},"modified":"2025-05-06T02:14:39","modified_gmt":"2025-05-06T00:14:39","slug":"caperuza-para-fresado-de-en-arco-bf-of-cms-ref494643","status":"publish","type":"product","link":"https:\/\/fontfredapintures.com\/es\/producto\/caperuza-para-fresado-de-en-arco-bf-of-cms-ref494643\/","title":{"rendered":"Caperuza para fresado de\/en arco BF-OF-CMS (ref:494643)"},"content":{"rendered":"<p>La caperuza para fresado en arco es una soluci\u00f3n de protecci\u00f3n y aspiraci\u00f3n utilizada junto con el sistema Compact Modul System CMS. Se utiliza principalmente en fresadoras con cojinetes de arrastre, asegurando una aspiraci\u00f3n perfecta al captar las virutas en los puntos donde se generan. La tapa de protecci\u00f3n transparente proporciona una visi\u00f3n clara de la pieza de trabajo. Adem\u00e1s, el freno del cojinete de bolas impide el aumento de las revoluciones del cojinete de arrastre, reduciendo las marcas de abrasi\u00f3n en la pieza. La altura de la caperuza y del freno se puede ajustar, brindando mayor flexibilidad en su uso. Ideal para fresado de perfiles y fresado de copias con plantillas.<\/p>\n","protected":false},"excerpt":{"rendered":"<p>Caperuza de protecci\u00f3n y aspiraci\u00f3n para fresado en arco, dise\u00f1ada para usarse con el sistema Compact Modul System CMS. Ideal para fresadoras con cojinetes de arrastre, permite una aspiraci\u00f3n perfecta y una visi\u00f3n \u00f3ptima de la pieza.<\/p>\n","protected":false},"featured_media":52600,"comment_status":"open","ping_status":"closed","template":"","meta":[],"product_brand":[],"product_cat":[80,1086],"product_tag":[],"class_list":{"0":"post-48612","1":"product","2":"type-product","3":"status-publish","4":"has-post-thumbnail","6":"product_cat-maquinaria-es","7":"product_cat-accesorios","8":"pa_brand-festool","10":"first","11":"instock","12":"taxable","13":"shipping-taxable","14":"purchasable","15":"product-type-simple"},"group_of_quantity":0,"min_quantity":0,"max_quantity":"","exclude_order_quantity_value_rules":"no","exclude_category_quantity_rules":"no","combine_variations":"no","yoast_head":"<!-- This site is optimized with the Yoast SEO plugin v25.7 - https:\/\/yoast.com\/wordpress\/plugins\/seo\/ -->\n<title>Caperuza para fresado de\/en arco BF-OF-CMS (ref:494643) - Fontfreda Pintures<\/title>\n<meta name=\"robots\" content=\"index, follow, max-snippet:-1, max-image-preview:large, max-video-preview:-1\" \/>\n<link rel=\"canonical\" href=\"https:\/\/fontfredapintures.com\/es\/producto\/caperuza-para-fresado-de-en-arco-bf-of-cms-ref494643\/\" \/>\n<meta property=\"og:locale\" content=\"es_ES\" \/>\n<meta property=\"og:type\" content=\"article\" \/>\n<meta property=\"og:title\" content=\"Caperuza para fresado de\/en arco BF-OF-CMS (ref:494643) - Fontfreda Pintures\" \/>\n<meta property=\"og:description\" content=\"Caperuza de protecci\u00f3n y aspiraci\u00f3n para fresado en arco, dise\u00f1ada para usarse con el sistema Compact Modul System CMS. Ideal para fresadoras con cojinetes de arrastre, permite una aspiraci\u00f3n perfecta y una visi\u00f3n \u00f3ptima de la pieza.\" \/>\n<meta property=\"og:url\" content=\"https:\/\/fontfredapintures.com\/es\/producto\/caperuza-para-fresado-de-en-arco-bf-of-cms-ref494643\/\" \/>\n<meta property=\"og:site_name\" content=\"Fontfreda Pintures\" \/>\n<meta property=\"article:publisher\" content=\"https:\/\/www.facebook.com\/fontfredapintures\/\" \/>\n<meta property=\"article:modified_time\" content=\"2025-05-06T00:14:39+00:00\" \/>\n<meta property=\"og:image\" content=\"https:\/\/fontfredapintures.com\/wp-content\/uploads\/2024\/04\/fontfreda-tienda-online-pinturas-decoracion.jpg\" \/>\n\t<meta property=\"og:image:width\" content=\"1200\" \/>\n\t<meta property=\"og:image:height\" content=\"800\" \/>\n\t<meta property=\"og:image:type\" content=\"image\/jpeg\" \/>\n<meta name=\"twitter:card\" content=\"summary_large_image\" \/>\n<meta name=\"twitter:label1\" content=\"Tiempo de lectura\" \/>\n\t<meta name=\"twitter:data1\" content=\"1 minuto\" \/>\n<script type=\"application\/ld+json\" class=\"yoast-schema-graph\">{\"@context\":\"https:\/\/schema.org\",\"@graph\":[{\"@type\":\"WebPage\",\"@id\":\"https:\/\/fontfredapintures.com\/es\/producto\/caperuza-para-fresado-de-en-arco-bf-of-cms-ref494643\/\",\"url\":\"https:\/\/fontfredapintures.com\/es\/producto\/caperuza-para-fresado-de-en-arco-bf-of-cms-ref494643\/\",\"name\":\"Caperuza para fresado de\/en arco BF-OF-CMS (ref:494643) - Fontfreda Pintures\",\"isPartOf\":{\"@id\":\"https:\/\/fontfredapintures.com\/es\/#website\"},\"primaryImageOfPage\":{\"@id\":\"https:\/\/fontfredapintures.com\/es\/producto\/caperuza-para-fresado-de-en-arco-bf-of-cms-ref494643\/#primaryimage\"},\"image\":{\"@id\":\"https:\/\/fontfredapintures.com\/es\/producto\/caperuza-para-fresado-de-en-arco-bf-of-cms-ref494643\/#primaryimage\"},\"thumbnailUrl\":\"https:\/\/fontfredapintures.com\/wp-content\/uploads\/2024\/12\/13600535_2791-13.png\",\"datePublished\":\"2024-12-02T11:01:52+00:00\",\"dateModified\":\"2025-05-06T00:14:39+00:00\",\"breadcrumb\":{\"@id\":\"https:\/\/fontfredapintures.com\/es\/producto\/caperuza-para-fresado-de-en-arco-bf-of-cms-ref494643\/#breadcrumb\"},\"inLanguage\":\"es\",\"potentialAction\":[{\"@type\":\"ReadAction\",\"target\":[\"https:\/\/fontfredapintures.com\/es\/producto\/caperuza-para-fresado-de-en-arco-bf-of-cms-ref494643\/\"]}]},{\"@type\":\"ImageObject\",\"inLanguage\":\"es\",\"@id\":\"https:\/\/fontfredapintures.com\/es\/producto\/caperuza-para-fresado-de-en-arco-bf-of-cms-ref494643\/#primaryimage\",\"url\":\"https:\/\/fontfredapintures.com\/wp-content\/uploads\/2024\/12\/13600535_2791-13.png\",\"contentUrl\":\"https:\/\/fontfredapintures.com\/wp-content\/uploads\/2024\/12\/13600535_2791-13.png\",\"width\":1000,\"height\":1143,\"caption\":\"Caperuza para fresado en arco Festool\"},{\"@type\":\"BreadcrumbList\",\"@id\":\"https:\/\/fontfredapintures.com\/es\/producto\/caperuza-para-fresado-de-en-arco-bf-of-cms-ref494643\/#breadcrumb\",\"itemListElement\":[{\"@type\":\"ListItem\",\"position\":1,\"name\":\"Fontfreda\",\"item\":\"https:\/\/fontfredapintures.com\/es\/\"},{\"@type\":\"ListItem\",\"position\":2,\"name\":\"Tienda\",\"item\":\"https:\/\/fontfredapintures.com\/es\/tienda\/\"},{\"@type\":\"ListItem\",\"position\":3,\"name\":\"Caperuza para fresado de\/en arco BF-OF-CMS (ref:494643)\"}]},{\"@type\":\"WebSite\",\"@id\":\"https:\/\/fontfredapintures.com\/es\/#website\",\"url\":\"https:\/\/fontfredapintures.com\/es\/\",\"name\":\"Fontfreda Pintures\",\"description\":\"Tienda online de pintura, decoraci\u00f3n y bellas artes\",\"publisher\":{\"@id\":\"https:\/\/fontfredapintures.com\/es\/#organization\"},\"alternateName\":\"Pintures Fontfreda\",\"potentialAction\":[{\"@type\":\"SearchAction\",\"target\":{\"@type\":\"EntryPoint\",\"urlTemplate\":\"https:\/\/fontfredapintures.com\/es\/?s={search_term_string}\"},\"query-input\":{\"@type\":\"PropertyValueSpecification\",\"valueRequired\":true,\"valueName\":\"search_term_string\"}}],\"inLanguage\":\"es\"},{\"@type\":\"Organization\",\"@id\":\"https:\/\/fontfredapintures.com\/es\/#organization\",\"name\":\"Pintures Fontfreda\",\"alternateName\":\"Fontfreda Pintures\",\"url\":\"https:\/\/fontfredapintures.com\/es\/\",\"logo\":{\"@type\":\"ImageObject\",\"inLanguage\":\"es\",\"@id\":\"https:\/\/fontfredapintures.com\/es\/#\/schema\/logo\/image\/\",\"url\":\"https:\/\/fontfredapintures.com\/wp-content\/uploads\/2024\/04\/fontfreda-pintures-logo-yoast.jpg\",\"contentUrl\":\"https:\/\/fontfredapintures.com\/wp-content\/uploads\/2024\/04\/fontfreda-pintures-logo-yoast.jpg\",\"width\":900,\"height\":600,\"caption\":\"Pintures Fontfreda\"},\"image\":{\"@id\":\"https:\/\/fontfredapintures.com\/es\/#\/schema\/logo\/image\/\"},\"sameAs\":[\"https:\/\/www.facebook.com\/fontfredapintures\/\",\"https:\/\/www.instagram.com\/fontfredapintures\/\",\"https:\/\/www.linkedin.com\/company\/fontfredapintures\/\"]}]}<\/script>\n<!-- \/ Yoast SEO plugin. -->","yoast_head_json":{"title":"Caperuza para fresado de\/en arco BF-OF-CMS (ref:494643) - Fontfreda Pintures","robots":{"index":"index","follow":"follow","max-snippet":"max-snippet:-1","max-image-preview":"max-image-preview:large","max-video-preview":"max-video-preview:-1"},"canonical":"https:\/\/fontfredapintures.com\/es\/producto\/caperuza-para-fresado-de-en-arco-bf-of-cms-ref494643\/","og_locale":"es_ES","og_type":"article","og_title":"Caperuza para fresado de\/en arco BF-OF-CMS (ref:494643) - Fontfreda Pintures","og_description":"Caperuza de protecci\u00f3n y aspiraci\u00f3n para fresado en arco, dise\u00f1ada para usarse con el sistema Compact Modul System CMS. Ideal para fresadoras con cojinetes de arrastre, permite una aspiraci\u00f3n perfecta y una visi\u00f3n \u00f3ptima de la pieza.","og_url":"https:\/\/fontfredapintures.com\/es\/producto\/caperuza-para-fresado-de-en-arco-bf-of-cms-ref494643\/","og_site_name":"Fontfreda Pintures","article_publisher":"https:\/\/www.facebook.com\/fontfredapintures\/","article_modified_time":"2025-05-06T00:14:39+00:00","og_image":[{"width":1200,"height":800,"url":"https:\/\/fontfredapintures.com\/wp-content\/uploads\/2024\/04\/fontfreda-tienda-online-pinturas-decoracion.jpg","type":"image\/jpeg"}],"twitter_card":"summary_large_image","twitter_misc":{"Tiempo de lectura":"1 minuto"},"schema":{"@context":"https:\/\/schema.org","@graph":[{"@type":"WebPage","@id":"https:\/\/fontfredapintures.com\/es\/producto\/caperuza-para-fresado-de-en-arco-bf-of-cms-ref494643\/","url":"https:\/\/fontfredapintures.com\/es\/producto\/caperuza-para-fresado-de-en-arco-bf-of-cms-ref494643\/","name":"Caperuza para fresado de\/en arco BF-OF-CMS (ref:494643) - Fontfreda Pintures","isPartOf":{"@id":"https:\/\/fontfredapintures.com\/es\/#website"},"primaryImageOfPage":{"@id":"https:\/\/fontfredapintures.com\/es\/producto\/caperuza-para-fresado-de-en-arco-bf-of-cms-ref494643\/#primaryimage"},"image":{"@id":"https:\/\/fontfredapintures.com\/es\/producto\/caperuza-para-fresado-de-en-arco-bf-of-cms-ref494643\/#primaryimage"},"thumbnailUrl":"https:\/\/fontfredapintures.com\/wp-content\/uploads\/2024\/12\/13600535_2791-13.png","datePublished":"2024-12-02T11:01:52+00:00","dateModified":"2025-05-06T00:14:39+00:00","breadcrumb":{"@id":"https:\/\/fontfredapintures.com\/es\/producto\/caperuza-para-fresado-de-en-arco-bf-of-cms-ref494643\/#breadcrumb"},"inLanguage":"es","potentialAction":[{"@type":"ReadAction","target":["https:\/\/fontfredapintures.com\/es\/producto\/caperuza-para-fresado-de-en-arco-bf-of-cms-ref494643\/"]}]},{"@type":"ImageObject","inLanguage":"es","@id":"https:\/\/fontfredapintures.com\/es\/producto\/caperuza-para-fresado-de-en-arco-bf-of-cms-ref494643\/#primaryimage","url":"https:\/\/fontfredapintures.com\/wp-content\/uploads\/2024\/12\/13600535_2791-13.png","contentUrl":"https:\/\/fontfredapintures.com\/wp-content\/uploads\/2024\/12\/13600535_2791-13.png","width":1000,"height":1143,"caption":"Caperuza para fresado en arco Festool"},{"@type":"BreadcrumbList","@id":"https:\/\/fontfredapintures.com\/es\/producto\/caperuza-para-fresado-de-en-arco-bf-of-cms-ref494643\/#breadcrumb","itemListElement":[{"@type":"ListItem","position":1,"name":"Fontfreda","item":"https:\/\/fontfredapintures.com\/es\/"},{"@type":"ListItem","position":2,"name":"Tienda","item":"https:\/\/fontfredapintures.com\/es\/tienda\/"},{"@type":"ListItem","position":3,"name":"Caperuza para fresado de\/en arco BF-OF-CMS (ref:494643)"}]},{"@type":"WebSite","@id":"https:\/\/fontfredapintures.com\/es\/#website","url":"https:\/\/fontfredapintures.com\/es\/","name":"Fontfreda Pintures","description":"Tienda online de pintura, decoraci\u00f3n y bellas artes","publisher":{"@id":"https:\/\/fontfredapintures.com\/es\/#organization"},"alternateName":"Pintures Fontfreda","potentialAction":[{"@type":"SearchAction","target":{"@type":"EntryPoint","urlTemplate":"https:\/\/fontfredapintures.com\/es\/?s={search_term_string}"},"query-input":{"@type":"PropertyValueSpecification","valueRequired":true,"valueName":"search_term_string"}}],"inLanguage":"es"},{"@type":"Organization","@id":"https:\/\/fontfredapintures.com\/es\/#organization","name":"Pintures Fontfreda","alternateName":"Fontfreda Pintures","url":"https:\/\/fontfredapintures.com\/es\/","logo":{"@type":"ImageObject","inLanguage":"es","@id":"https:\/\/fontfredapintures.com\/es\/#\/schema\/logo\/image\/","url":"https:\/\/fontfredapintures.com\/wp-content\/uploads\/2024\/04\/fontfreda-pintures-logo-yoast.jpg","contentUrl":"https:\/\/fontfredapintures.com\/wp-content\/uploads\/2024\/04\/fontfreda-pintures-logo-yoast.jpg","width":900,"height":600,"caption":"Pintures Fontfreda"},"image":{"@id":"https:\/\/fontfredapintures.com\/es\/#\/schema\/logo\/image\/"},"sameAs":["https:\/\/www.facebook.com\/fontfredapintures\/","https:\/\/www.instagram.com\/fontfredapintures\/","https:\/\/www.linkedin.com\/company\/fontfredapintures\/"]}]}},"_links":{"self":[{"href":"https:\/\/fontfredapintures.com\/es\/wp-json\/wp\/v2\/product\/48612","targetHints":{"allow":["GET"]}}],"collection":[{"href":"https:\/\/fontfredapintures.com\/es\/wp-json\/wp\/v2\/product"}],"about":[{"href":"https:\/\/fontfredapintures.com\/es\/wp-json\/wp\/v2\/types\/product"}],"replies":[{"embeddable":true,"href":"https:\/\/fontfredapintures.com\/es\/wp-json\/wp\/v2\/comments?post=48612"}],"version-history":[{"count":0,"href":"https:\/\/fontfredapintures.com\/es\/wp-json\/wp\/v2\/product\/48612\/revisions"}],"wp:featuredmedia":[{"embeddable":true,"href":"https:\/\/fontfredapintures.com\/es\/wp-json\/wp\/v2\/media\/52600"}],"wp:attachment":[{"href":"https:\/\/fontfredapintures.com\/es\/wp-json\/wp\/v2\/media?parent=48612"}],"wp:term":[{"taxonomy":"product_brand","embeddable":true,"href":"https:\/\/fontfredapintures.com\/es\/wp-json\/wp\/v2\/product_brand?post=48612"},{"taxonomy":"product_cat","embeddable":true,"href":"https:\/\/fontfredapintures.com\/es\/wp-json\/wp\/v2\/product_cat?post=48612"},{"taxonomy":"product_tag","embeddable":true,"href":"https:\/\/fontfredapintures.com\/es\/wp-json\/wp\/v2\/product_tag?post=48612"}],"curies":[{"name":"wp","href":"https:\/\/api.w.org\/{rel}","templated":true}]}}