{"id":42852,"date":"2024-11-20T13:01:29","date_gmt":"2024-11-20T11:01:29","guid":{"rendered":"https:\/\/fontfredapintures.com\/producte\/tripode-telescopico-con-foco-recargable-refliltp200s65-01\/"},"modified":"2024-12-11T18:50:51","modified_gmt":"2024-12-11T16:50:51","slug":"tripode-telescopico-con-foco-recargable","status":"publish","type":"product","link":"https:\/\/fontfredapintures.com\/es\/producto\/tripode-telescopico-con-foco-recargable\/","title":{"rendered":"Tr\u00edpode telesc\u00f3pico con foco LED recargable Luceco (ref:LILTP200S65-01)"},"content":{"rendered":"<p>Esta l\u00e1mpara de trabajo es ideal para diversas aplicaciones y entornos gracias a sus tres opciones de salida de luz, que van desde 520lm hasta 2000lm. El dise\u00f1o telesc\u00f3pico plegable permite un tr\u00edpode completamente independiente que puede ajustarse hasta una altura m\u00e1xima de 1,6m, manteniendo un tama\u00f1o compacto para facilitar su transporte y almacenamiento. El cabezal de luz ajustable permite dirigir la iluminaci\u00f3n seg\u00fan tus necesidades espec\u00edficas, ya sea para iluminaci\u00f3n general o para tareas m\u00e1s concretas.<\/p>\n<p>El dise\u00f1o es robusto y f\u00e1cil de transportar, y se monta r\u00e1pidamente para ofrecer una gran ajustabilidad. Adem\u00e1s, la carga se realiza de manera sencilla a trav\u00e9s del puerto USB Type-C, y el cable de carga se incluye con la l\u00e1mpara.<\/p>\n<p>C\u00f3digo: LILTP200S65<\/p>\n<p>Tipo de Driver: Recargable<\/p>\n<p>Flujo Luminoso (lm): 2000<\/p>\n<p>Potencia m\u00e1xima (W): 20<\/p>\n<p>Eficiencia (Lm\/W): 100<\/p>\n<p>Temperatura de color (CCT) (K): 6500<\/p>\n<p>\u00cdndice de Reproducci\u00f3n Crom\u00e1tica (CRI): &gt;80<\/p>\n<p>Color Base: Verde<\/p>\n<p>Ancho sin embalaje (mm): 300<\/p>\n<p>Altura sin embalaje (mm): 1630<\/p>\n<p>Peso neto sin embalaje (kg): 0.372<\/p>\n<p>Longitud del cable (m): 1<\/p>\n<p>Clasificaci\u00f3n IP: IP54<\/p>\n<p>Clasificaci\u00f3n IK: IK05<\/p>\n<p>Duraci\u00f3n (h): 25000<\/p>\n<p>L\/B a la vida: L70-B50<\/p>\n<p>Horas L70 (h): 25000<\/p>\n<p>Temperatura de funcionamiento (\u00b0C): -10\u00b0C a +50\u00b0C<\/p>\n<p>Clase E: Clase 3<\/p>\n<p>Factor de potencia: N\/A<\/p>\n","protected":false},"excerpt":{"rendered":"<p>Iluminaci\u00f3n vers\u00e1til para diferentes aplicaciones y entornos con tres modos de luz, que van desde 520lm hasta 2000lm. El dise\u00f1o telesc\u00f3pico completamente plegable con tr\u00edpode ofrece una soluci\u00f3n de iluminaci\u00f3n independiente y altamente ajustable, con una altura de hasta 1,6m. Cabezal de luz ajustable para dirigir la luz seg\u00fan se necesite. Dise\u00f1o robusto y compacto, f\u00e1cil de transportar. Carga conveniente a trav\u00e9s del puerto USB Type-C, con cable de carga incluido.<\/p>\n","protected":false},"featured_media":53066,"comment_status":"open","ping_status":"closed","template":"","meta":[],"product_brand":[],"product_cat":[80,1221],"product_tag":[],"class_list":{"0":"post-42852","1":"product","2":"type-product","3":"status-publish","4":"has-post-thumbnail","6":"product_cat-maquinaria-es","7":"product_cat-iluminacion","8":"pa_brand-luceco-es","10":"first","11":"instock","12":"sale","13":"taxable","14":"shipping-taxable","15":"purchasable","16":"product-type-simple"},"group_of_quantity":0,"min_quantity":0,"max_quantity":"","exclude_order_quantity_value_rules":"no","exclude_category_quantity_rules":"no","combine_variations":"no","yoast_head":"<!-- This site is optimized with the Yoast SEO plugin v25.7 - https:\/\/yoast.com\/wordpress\/plugins\/seo\/ -->\n<title>Tr\u00edpode telesc\u00f3pico con foco LED recargable Luceco - Fontfreda Pintures<\/title>\n<meta name=\"description\" content=\"El dise\u00f1o telesc\u00f3pico plegable con tr\u00edpode ofrece una soluci\u00f3n de iluminaci\u00f3n completamente independiente y ajustable con una altura de hasta 1,6m.\" \/>\n<meta name=\"robots\" content=\"index, follow, max-snippet:-1, max-image-preview:large, max-video-preview:-1\" \/>\n<link rel=\"canonical\" href=\"https:\/\/fontfredapintures.com\/es\/producto\/tripode-telescopico-con-foco-recargable\/\" \/>\n<meta property=\"og:locale\" content=\"es_ES\" \/>\n<meta property=\"og:type\" content=\"article\" \/>\n<meta property=\"og:title\" content=\"Tr\u00edpode telesc\u00f3pico con foco LED recargable Luceco - Fontfreda Pintures\" \/>\n<meta property=\"og:description\" content=\"El dise\u00f1o telesc\u00f3pico plegable con tr\u00edpode ofrece una soluci\u00f3n de iluminaci\u00f3n completamente independiente y ajustable con una altura de hasta 1,6m.\" \/>\n<meta property=\"og:url\" content=\"https:\/\/fontfredapintures.com\/es\/producto\/tripode-telescopico-con-foco-recargable\/\" \/>\n<meta property=\"og:site_name\" content=\"Fontfreda Pintures\" \/>\n<meta property=\"article:publisher\" content=\"https:\/\/www.facebook.com\/fontfredapintures\/\" \/>\n<meta property=\"article:modified_time\" content=\"2024-12-11T16:50:51+00:00\" \/>\n<meta property=\"og:image\" content=\"https:\/\/fontfredapintures.com\/wp-content\/uploads\/2024\/12\/47400033_2784-2.png\" \/>\n\t<meta property=\"og:image:width\" content=\"1000\" \/>\n\t<meta property=\"og:image:height\" content=\"1143\" \/>\n\t<meta property=\"og:image:type\" content=\"image\/png\" \/>\n<meta name=\"twitter:card\" content=\"summary_large_image\" \/>\n<meta name=\"twitter:label1\" content=\"Tiempo de lectura\" \/>\n\t<meta name=\"twitter:data1\" content=\"2 minutos\" \/>\n<script type=\"application\/ld+json\" class=\"yoast-schema-graph\">{\"@context\":\"https:\/\/schema.org\",\"@graph\":[{\"@type\":\"WebPage\",\"@id\":\"https:\/\/fontfredapintures.com\/es\/producto\/tripode-telescopico-con-foco-recargable\/\",\"url\":\"https:\/\/fontfredapintures.com\/es\/producto\/tripode-telescopico-con-foco-recargable\/\",\"name\":\"Tr\u00edpode telesc\u00f3pico con foco LED recargable Luceco - Fontfreda Pintures\",\"isPartOf\":{\"@id\":\"https:\/\/fontfredapintures.com\/es\/#website\"},\"primaryImageOfPage\":{\"@id\":\"https:\/\/fontfredapintures.com\/es\/producto\/tripode-telescopico-con-foco-recargable\/#primaryimage\"},\"image\":{\"@id\":\"https:\/\/fontfredapintures.com\/es\/producto\/tripode-telescopico-con-foco-recargable\/#primaryimage\"},\"thumbnailUrl\":\"https:\/\/fontfredapintures.com\/wp-content\/uploads\/2024\/12\/47400033_2784-2.png\",\"datePublished\":\"2024-11-20T11:01:29+00:00\",\"dateModified\":\"2024-12-11T16:50:51+00:00\",\"description\":\"El dise\u00f1o telesc\u00f3pico plegable con tr\u00edpode ofrece una soluci\u00f3n de iluminaci\u00f3n completamente independiente y ajustable con una altura de hasta 1,6m.\",\"breadcrumb\":{\"@id\":\"https:\/\/fontfredapintures.com\/es\/producto\/tripode-telescopico-con-foco-recargable\/#breadcrumb\"},\"inLanguage\":\"es\",\"potentialAction\":[{\"@type\":\"ReadAction\",\"target\":[\"https:\/\/fontfredapintures.com\/es\/producto\/tripode-telescopico-con-foco-recargable\/\"]}]},{\"@type\":\"ImageObject\",\"inLanguage\":\"es\",\"@id\":\"https:\/\/fontfredapintures.com\/es\/producto\/tripode-telescopico-con-foco-recargable\/#primaryimage\",\"url\":\"https:\/\/fontfredapintures.com\/wp-content\/uploads\/2024\/12\/47400033_2784-2.png\",\"contentUrl\":\"https:\/\/fontfredapintures.com\/wp-content\/uploads\/2024\/12\/47400033_2784-2.png\",\"width\":1000,\"height\":1143,\"caption\":\"Tr\u00edpode telesc\u00f2pic focus LED Luceco\"},{\"@type\":\"BreadcrumbList\",\"@id\":\"https:\/\/fontfredapintures.com\/es\/producto\/tripode-telescopico-con-foco-recargable\/#breadcrumb\",\"itemListElement\":[{\"@type\":\"ListItem\",\"position\":1,\"name\":\"Fontfreda\",\"item\":\"https:\/\/fontfredapintures.com\/es\/\"},{\"@type\":\"ListItem\",\"position\":2,\"name\":\"Tienda\",\"item\":\"https:\/\/fontfredapintures.com\/es\/tienda\/\"},{\"@type\":\"ListItem\",\"position\":3,\"name\":\"Tr\u00edpode telesc\u00f3pico con foco LED recargable Luceco (ref:LILTP200S65-01)\"}]},{\"@type\":\"WebSite\",\"@id\":\"https:\/\/fontfredapintures.com\/es\/#website\",\"url\":\"https:\/\/fontfredapintures.com\/es\/\",\"name\":\"Fontfreda Pintures\",\"description\":\"Tienda online de pintura, decoraci\u00f3n y bellas artes\",\"publisher\":{\"@id\":\"https:\/\/fontfredapintures.com\/es\/#organization\"},\"alternateName\":\"Pintures Fontfreda\",\"potentialAction\":[{\"@type\":\"SearchAction\",\"target\":{\"@type\":\"EntryPoint\",\"urlTemplate\":\"https:\/\/fontfredapintures.com\/es\/?s={search_term_string}\"},\"query-input\":{\"@type\":\"PropertyValueSpecification\",\"valueRequired\":true,\"valueName\":\"search_term_string\"}}],\"inLanguage\":\"es\"},{\"@type\":\"Organization\",\"@id\":\"https:\/\/fontfredapintures.com\/es\/#organization\",\"name\":\"Pintures Fontfreda\",\"alternateName\":\"Fontfreda Pintures\",\"url\":\"https:\/\/fontfredapintures.com\/es\/\",\"logo\":{\"@type\":\"ImageObject\",\"inLanguage\":\"es\",\"@id\":\"https:\/\/fontfredapintures.com\/es\/#\/schema\/logo\/image\/\",\"url\":\"https:\/\/fontfredapintures.com\/wp-content\/uploads\/2024\/04\/fontfreda-pintures-logo-yoast.jpg\",\"contentUrl\":\"https:\/\/fontfredapintures.com\/wp-content\/uploads\/2024\/04\/fontfreda-pintures-logo-yoast.jpg\",\"width\":900,\"height\":600,\"caption\":\"Pintures Fontfreda\"},\"image\":{\"@id\":\"https:\/\/fontfredapintures.com\/es\/#\/schema\/logo\/image\/\"},\"sameAs\":[\"https:\/\/www.facebook.com\/fontfredapintures\/\",\"https:\/\/www.instagram.com\/fontfredapintures\/\",\"https:\/\/www.linkedin.com\/company\/fontfredapintures\/\"]}]}<\/script>\n<!-- \/ Yoast SEO plugin. -->","yoast_head_json":{"title":"Tr\u00edpode telesc\u00f3pico con foco LED recargable Luceco - Fontfreda Pintures","description":"El dise\u00f1o telesc\u00f3pico plegable con tr\u00edpode ofrece una soluci\u00f3n de iluminaci\u00f3n completamente independiente y ajustable con una altura de hasta 1,6m.","robots":{"index":"index","follow":"follow","max-snippet":"max-snippet:-1","max-image-preview":"max-image-preview:large","max-video-preview":"max-video-preview:-1"},"canonical":"https:\/\/fontfredapintures.com\/es\/producto\/tripode-telescopico-con-foco-recargable\/","og_locale":"es_ES","og_type":"article","og_title":"Tr\u00edpode telesc\u00f3pico con foco LED recargable Luceco - Fontfreda Pintures","og_description":"El dise\u00f1o telesc\u00f3pico plegable con tr\u00edpode ofrece una soluci\u00f3n de iluminaci\u00f3n completamente independiente y ajustable con una altura de hasta 1,6m.","og_url":"https:\/\/fontfredapintures.com\/es\/producto\/tripode-telescopico-con-foco-recargable\/","og_site_name":"Fontfreda Pintures","article_publisher":"https:\/\/www.facebook.com\/fontfredapintures\/","article_modified_time":"2024-12-11T16:50:51+00:00","og_image":[{"width":1000,"height":1143,"url":"https:\/\/fontfredapintures.com\/wp-content\/uploads\/2024\/12\/47400033_2784-2.png","type":"image\/png"}],"twitter_card":"summary_large_image","twitter_misc":{"Tiempo de lectura":"2 minutos"},"schema":{"@context":"https:\/\/schema.org","@graph":[{"@type":"WebPage","@id":"https:\/\/fontfredapintures.com\/es\/producto\/tripode-telescopico-con-foco-recargable\/","url":"https:\/\/fontfredapintures.com\/es\/producto\/tripode-telescopico-con-foco-recargable\/","name":"Tr\u00edpode telesc\u00f3pico con foco LED recargable Luceco - Fontfreda Pintures","isPartOf":{"@id":"https:\/\/fontfredapintures.com\/es\/#website"},"primaryImageOfPage":{"@id":"https:\/\/fontfredapintures.com\/es\/producto\/tripode-telescopico-con-foco-recargable\/#primaryimage"},"image":{"@id":"https:\/\/fontfredapintures.com\/es\/producto\/tripode-telescopico-con-foco-recargable\/#primaryimage"},"thumbnailUrl":"https:\/\/fontfredapintures.com\/wp-content\/uploads\/2024\/12\/47400033_2784-2.png","datePublished":"2024-11-20T11:01:29+00:00","dateModified":"2024-12-11T16:50:51+00:00","description":"El dise\u00f1o telesc\u00f3pico plegable con tr\u00edpode ofrece una soluci\u00f3n de iluminaci\u00f3n completamente independiente y ajustable con una altura de hasta 1,6m.","breadcrumb":{"@id":"https:\/\/fontfredapintures.com\/es\/producto\/tripode-telescopico-con-foco-recargable\/#breadcrumb"},"inLanguage":"es","potentialAction":[{"@type":"ReadAction","target":["https:\/\/fontfredapintures.com\/es\/producto\/tripode-telescopico-con-foco-recargable\/"]}]},{"@type":"ImageObject","inLanguage":"es","@id":"https:\/\/fontfredapintures.com\/es\/producto\/tripode-telescopico-con-foco-recargable\/#primaryimage","url":"https:\/\/fontfredapintures.com\/wp-content\/uploads\/2024\/12\/47400033_2784-2.png","contentUrl":"https:\/\/fontfredapintures.com\/wp-content\/uploads\/2024\/12\/47400033_2784-2.png","width":1000,"height":1143,"caption":"Tr\u00edpode telesc\u00f2pic focus LED Luceco"},{"@type":"BreadcrumbList","@id":"https:\/\/fontfredapintures.com\/es\/producto\/tripode-telescopico-con-foco-recargable\/#breadcrumb","itemListElement":[{"@type":"ListItem","position":1,"name":"Fontfreda","item":"https:\/\/fontfredapintures.com\/es\/"},{"@type":"ListItem","position":2,"name":"Tienda","item":"https:\/\/fontfredapintures.com\/es\/tienda\/"},{"@type":"ListItem","position":3,"name":"Tr\u00edpode telesc\u00f3pico con foco LED recargable Luceco (ref:LILTP200S65-01)"}]},{"@type":"WebSite","@id":"https:\/\/fontfredapintures.com\/es\/#website","url":"https:\/\/fontfredapintures.com\/es\/","name":"Fontfreda Pintures","description":"Tienda online de pintura, decoraci\u00f3n y bellas artes","publisher":{"@id":"https:\/\/fontfredapintures.com\/es\/#organization"},"alternateName":"Pintures Fontfreda","potentialAction":[{"@type":"SearchAction","target":{"@type":"EntryPoint","urlTemplate":"https:\/\/fontfredapintures.com\/es\/?s={search_term_string}"},"query-input":{"@type":"PropertyValueSpecification","valueRequired":true,"valueName":"search_term_string"}}],"inLanguage":"es"},{"@type":"Organization","@id":"https:\/\/fontfredapintures.com\/es\/#organization","name":"Pintures Fontfreda","alternateName":"Fontfreda Pintures","url":"https:\/\/fontfredapintures.com\/es\/","logo":{"@type":"ImageObject","inLanguage":"es","@id":"https:\/\/fontfredapintures.com\/es\/#\/schema\/logo\/image\/","url":"https:\/\/fontfredapintures.com\/wp-content\/uploads\/2024\/04\/fontfreda-pintures-logo-yoast.jpg","contentUrl":"https:\/\/fontfredapintures.com\/wp-content\/uploads\/2024\/04\/fontfreda-pintures-logo-yoast.jpg","width":900,"height":600,"caption":"Pintures Fontfreda"},"image":{"@id":"https:\/\/fontfredapintures.com\/es\/#\/schema\/logo\/image\/"},"sameAs":["https:\/\/www.facebook.com\/fontfredapintures\/","https:\/\/www.instagram.com\/fontfredapintures\/","https:\/\/www.linkedin.com\/company\/fontfredapintures\/"]}]}},"_links":{"self":[{"href":"https:\/\/fontfredapintures.com\/es\/wp-json\/wp\/v2\/product\/42852","targetHints":{"allow":["GET"]}}],"collection":[{"href":"https:\/\/fontfredapintures.com\/es\/wp-json\/wp\/v2\/product"}],"about":[{"href":"https:\/\/fontfredapintures.com\/es\/wp-json\/wp\/v2\/types\/product"}],"replies":[{"embeddable":true,"href":"https:\/\/fontfredapintures.com\/es\/wp-json\/wp\/v2\/comments?post=42852"}],"version-history":[{"count":2,"href":"https:\/\/fontfredapintures.com\/es\/wp-json\/wp\/v2\/product\/42852\/revisions"}],"predecessor-version":[{"id":53109,"href":"https:\/\/fontfredapintures.com\/es\/wp-json\/wp\/v2\/product\/42852\/revisions\/53109"}],"wp:featuredmedia":[{"embeddable":true,"href":"https:\/\/fontfredapintures.com\/es\/wp-json\/wp\/v2\/media\/53066"}],"wp:attachment":[{"href":"https:\/\/fontfredapintures.com\/es\/wp-json\/wp\/v2\/media?parent=42852"}],"wp:term":[{"taxonomy":"product_brand","embeddable":true,"href":"https:\/\/fontfredapintures.com\/es\/wp-json\/wp\/v2\/product_brand?post=42852"},{"taxonomy":"product_cat","embeddable":true,"href":"https:\/\/fontfredapintures.com\/es\/wp-json\/wp\/v2\/product_cat?post=42852"},{"taxonomy":"product_tag","embeddable":true,"href":"https:\/\/fontfredapintures.com\/es\/wp-json\/wp\/v2\/product_tag?post=42852"}],"curies":[{"name":"wp","href":"https:\/\/api.w.org\/{rel}","templated":true}]}}