{"id":42828,"date":"2024-11-20T13:01:11","date_gmt":"2024-11-20T11:01:11","guid":{"rendered":"https:\/\/fontfredapintures.com\/producte\/lampara-de-trabajo-recargable-multifuncional-con-jaula-refliltp60s65-01\/"},"modified":"2025-11-13T01:38:02","modified_gmt":"2025-11-12T23:38:02","slug":"lampara-de-trabajo-recargable-multifuncional-con-jaula","status":"publish","type":"product","link":"https:\/\/fontfredapintures.com\/es\/producto\/lampara-de-trabajo-recargable-multifuncional-con-jaula\/","title":{"rendered":"L\u00e1mpara de trabajo LED 360 recargable Luceco (ref:LILTP60S65-01)"},"content":{"rendered":"<p>Esta l\u00e1mpara de trabajo 360\u00b0 multifuncional es ideal para cualquier situaci\u00f3n que requiera una iluminaci\u00f3n potente y vers\u00e1til. Dispone de un tr\u00edpode integrado y un gancho plegable para colgarla, lo que permite una colocaci\u00f3n flexible. Adem\u00e1s, incluye una powerbank para cargar dispositivos m\u00f3viles mientras te desplazas.<\/p>\n<p>La l\u00e1mpara cuenta con dos modos de luz: una luz de \u00e1rea de 600lm para iluminaci\u00f3n general y una linterna de 80lm para una iluminaci\u00f3n focalizada en \u00e1reas espec\u00edficas. Est\u00e1 alimentada por una bater\u00eda recargable de 3.7V 3000mAh, que ofrece hasta 7-8 horas de luz de linterna y 2-3 horas de luz de trabajo con una sola carga. El cable USB se guarda c\u00f3modamente en el tr\u00edpode para facilitar su transporte.<\/p>\n<p>C\u00f3digo: LILTP60S65<\/p>\n<p>Tipo de Driver: Recargable<\/p>\n<p>Flujo Luminoso (lm): 600<\/p>\n<p>Potencia m\u00e1xima (W): 10<\/p>\n<p>Eficiencia (Lm\/W): 60<\/p>\n<p>Temperatura de color (CCT) (K): 6500<\/p>\n<p>\u00cdndice de Reproducci\u00f3n Crom\u00e1tica (CRI): &gt;80<\/p>\n<p>Color Base: Negro<\/p>\n<p>Altura sin embalaje (mm): 0<\/p>\n<p>Longitud del cable (m): 0.3<\/p>\n<p>Clasificaci\u00f3n IP: IP20<\/p>\n<p>Clasificaci\u00f3n IK: IK07<\/p>\n<p>Duraci\u00f3n (h): 30000<\/p>\n<p>L\/B a la vida: L70-B50<\/p>\n<p>Horas L70 (h): 30000<\/p>\n<p>Temperatura de funcionamiento (\u00b0C): 0\u00b0C a +25\u00b0C<\/p>\n<p>Clase E: Clase 3<\/p>\n<p>Factor de potencia: N\/A<\/p>\n","protected":false},"excerpt":{"rendered":"<p>L\u00e1mpara de trabajo 360\u00b0 multifuncional con tr\u00edpode integrado y gancho plegable para un posicionamiento vers\u00e1til. Incluye una powerbank para cargar tus dispositivos mientras te desplazas. Modos de luz dual: luz de \u00e1rea de 600lm para iluminaci\u00f3n amplia y luz de linterna de 80lm para iluminaci\u00f3n focalizada. Bater\u00eda recargable de 3.7V 3000mAh que proporciona hasta 7-8 horas de luz de linterna y 2-3 horas de luz de trabajo con una sola carga.<\/p>\n","protected":false},"featured_media":53026,"comment_status":"open","ping_status":"closed","template":"","meta":[],"product_brand":[],"product_cat":[80,1221],"product_tag":[],"class_list":{"0":"post-42828","1":"product","2":"type-product","3":"status-publish","4":"has-post-thumbnail","6":"product_cat-maquinaria-es","7":"product_cat-iluminacion","8":"pa_brand-luceco-es","10":"first","11":"instock","12":"sale","13":"taxable","14":"shipping-taxable","15":"purchasable","16":"product-type-simple"},"group_of_quantity":0,"min_quantity":0,"max_quantity":"","exclude_order_quantity_value_rules":"no","exclude_category_quantity_rules":"no","combine_variations":"no","yoast_head":"<!-- This site is optimized with the Yoast SEO plugin v25.7 - https:\/\/yoast.com\/wordpress\/plugins\/seo\/ -->\n<title>L\u00e1mpara de trabajo LED Luceco - Fontfreda Pintures<\/title>\n<meta name=\"description\" content=\"No te pierdas la l\u00e1mpara de trabajo 360\u00b0 multifuncional con pie de tr\u00edpode incorporado y gancho de colgado plegable de Luceco. \u00a1C\u00f3mpralo ahora!\" \/>\n<meta name=\"robots\" content=\"index, follow, max-snippet:-1, max-image-preview:large, max-video-preview:-1\" \/>\n<link rel=\"canonical\" href=\"https:\/\/fontfredapintures.com\/es\/producto\/lampara-de-trabajo-recargable-multifuncional-con-jaula\/\" \/>\n<meta property=\"og:locale\" content=\"es_ES\" \/>\n<meta property=\"og:type\" content=\"article\" \/>\n<meta property=\"og:title\" content=\"L\u00e1mpara de trabajo LED Luceco - Fontfreda Pintures\" \/>\n<meta property=\"og:description\" content=\"No te pierdas la l\u00e1mpara de trabajo 360\u00b0 multifuncional con pie de tr\u00edpode incorporado y gancho de colgado plegable de Luceco. \u00a1C\u00f3mpralo ahora!\" \/>\n<meta property=\"og:url\" content=\"https:\/\/fontfredapintures.com\/es\/producto\/lampara-de-trabajo-recargable-multifuncional-con-jaula\/\" \/>\n<meta property=\"og:site_name\" content=\"Fontfreda Pintures\" \/>\n<meta property=\"article:publisher\" content=\"https:\/\/www.facebook.com\/fontfredapintures\/\" \/>\n<meta property=\"article:modified_time\" content=\"2025-11-12T23:38:02+00:00\" \/>\n<meta property=\"og:image\" content=\"https:\/\/fontfredapintures.com\/wp-content\/uploads\/2024\/12\/47400011_2777-2.png\" \/>\n\t<meta property=\"og:image:width\" content=\"1000\" \/>\n\t<meta property=\"og:image:height\" content=\"1143\" \/>\n\t<meta property=\"og:image:type\" content=\"image\/png\" \/>\n<meta name=\"twitter:card\" content=\"summary_large_image\" \/>\n<meta name=\"twitter:label1\" content=\"Tiempo de lectura\" \/>\n\t<meta name=\"twitter:data1\" content=\"2 minutos\" \/>\n<script type=\"application\/ld+json\" class=\"yoast-schema-graph\">{\"@context\":\"https:\/\/schema.org\",\"@graph\":[{\"@type\":\"WebPage\",\"@id\":\"https:\/\/fontfredapintures.com\/es\/producto\/lampara-de-trabajo-recargable-multifuncional-con-jaula\/\",\"url\":\"https:\/\/fontfredapintures.com\/es\/producto\/lampara-de-trabajo-recargable-multifuncional-con-jaula\/\",\"name\":\"L\u00e1mpara de trabajo LED Luceco - Fontfreda Pintures\",\"isPartOf\":{\"@id\":\"https:\/\/fontfredapintures.com\/es\/#website\"},\"primaryImageOfPage\":{\"@id\":\"https:\/\/fontfredapintures.com\/es\/producto\/lampara-de-trabajo-recargable-multifuncional-con-jaula\/#primaryimage\"},\"image\":{\"@id\":\"https:\/\/fontfredapintures.com\/es\/producto\/lampara-de-trabajo-recargable-multifuncional-con-jaula\/#primaryimage\"},\"thumbnailUrl\":\"https:\/\/fontfredapintures.com\/wp-content\/uploads\/2024\/12\/47400011_2777-2.png\",\"datePublished\":\"2024-11-20T11:01:11+00:00\",\"dateModified\":\"2025-11-12T23:38:02+00:00\",\"description\":\"No te pierdas la l\u00e1mpara de trabajo 360\u00b0 multifuncional con pie de tr\u00edpode incorporado y gancho de colgado plegable de Luceco. \u00a1C\u00f3mpralo ahora!\",\"breadcrumb\":{\"@id\":\"https:\/\/fontfredapintures.com\/es\/producto\/lampara-de-trabajo-recargable-multifuncional-con-jaula\/#breadcrumb\"},\"inLanguage\":\"es\",\"potentialAction\":[{\"@type\":\"ReadAction\",\"target\":[\"https:\/\/fontfredapintures.com\/es\/producto\/lampara-de-trabajo-recargable-multifuncional-con-jaula\/\"]}]},{\"@type\":\"ImageObject\",\"inLanguage\":\"es\",\"@id\":\"https:\/\/fontfredapintures.com\/es\/producto\/lampara-de-trabajo-recargable-multifuncional-con-jaula\/#primaryimage\",\"url\":\"https:\/\/fontfredapintures.com\/wp-content\/uploads\/2024\/12\/47400011_2777-2.png\",\"contentUrl\":\"https:\/\/fontfredapintures.com\/wp-content\/uploads\/2024\/12\/47400011_2777-2.png\",\"width\":1000,\"height\":1143,\"caption\":\"L\u00e0mpada de trabajo LED 360 Luceco\"},{\"@type\":\"BreadcrumbList\",\"@id\":\"https:\/\/fontfredapintures.com\/es\/producto\/lampara-de-trabajo-recargable-multifuncional-con-jaula\/#breadcrumb\",\"itemListElement\":[{\"@type\":\"ListItem\",\"position\":1,\"name\":\"Fontfreda\",\"item\":\"https:\/\/fontfredapintures.com\/es\/\"},{\"@type\":\"ListItem\",\"position\":2,\"name\":\"Tienda\",\"item\":\"https:\/\/fontfredapintures.com\/es\/tienda\/\"},{\"@type\":\"ListItem\",\"position\":3,\"name\":\"L\u00e1mpara de trabajo LED 360 recargable Luceco (ref:LILTP60S65-01)\"}]},{\"@type\":\"WebSite\",\"@id\":\"https:\/\/fontfredapintures.com\/es\/#website\",\"url\":\"https:\/\/fontfredapintures.com\/es\/\",\"name\":\"Fontfreda Pintures\",\"description\":\"Tienda online de pintura, decoraci\u00f3n y bellas artes\",\"publisher\":{\"@id\":\"https:\/\/fontfredapintures.com\/es\/#organization\"},\"alternateName\":\"Pintures Fontfreda\",\"potentialAction\":[{\"@type\":\"SearchAction\",\"target\":{\"@type\":\"EntryPoint\",\"urlTemplate\":\"https:\/\/fontfredapintures.com\/es\/?s={search_term_string}\"},\"query-input\":{\"@type\":\"PropertyValueSpecification\",\"valueRequired\":true,\"valueName\":\"search_term_string\"}}],\"inLanguage\":\"es\"},{\"@type\":\"Organization\",\"@id\":\"https:\/\/fontfredapintures.com\/es\/#organization\",\"name\":\"Pintures Fontfreda\",\"alternateName\":\"Fontfreda Pintures\",\"url\":\"https:\/\/fontfredapintures.com\/es\/\",\"logo\":{\"@type\":\"ImageObject\",\"inLanguage\":\"es\",\"@id\":\"https:\/\/fontfredapintures.com\/es\/#\/schema\/logo\/image\/\",\"url\":\"https:\/\/fontfredapintures.com\/wp-content\/uploads\/2024\/04\/fontfreda-pintures-logo-yoast.jpg\",\"contentUrl\":\"https:\/\/fontfredapintures.com\/wp-content\/uploads\/2024\/04\/fontfreda-pintures-logo-yoast.jpg\",\"width\":900,\"height\":600,\"caption\":\"Pintures Fontfreda\"},\"image\":{\"@id\":\"https:\/\/fontfredapintures.com\/es\/#\/schema\/logo\/image\/\"},\"sameAs\":[\"https:\/\/www.facebook.com\/fontfredapintures\/\",\"https:\/\/www.instagram.com\/fontfredapintures\/\",\"https:\/\/www.linkedin.com\/company\/fontfredapintures\/\"]}]}<\/script>\n<!-- \/ Yoast SEO plugin. -->","yoast_head_json":{"title":"L\u00e1mpara de trabajo LED Luceco - Fontfreda Pintures","description":"No te pierdas la l\u00e1mpara de trabajo 360\u00b0 multifuncional con pie de tr\u00edpode incorporado y gancho de colgado plegable de Luceco. \u00a1C\u00f3mpralo ahora!","robots":{"index":"index","follow":"follow","max-snippet":"max-snippet:-1","max-image-preview":"max-image-preview:large","max-video-preview":"max-video-preview:-1"},"canonical":"https:\/\/fontfredapintures.com\/es\/producto\/lampara-de-trabajo-recargable-multifuncional-con-jaula\/","og_locale":"es_ES","og_type":"article","og_title":"L\u00e1mpara de trabajo LED Luceco - Fontfreda Pintures","og_description":"No te pierdas la l\u00e1mpara de trabajo 360\u00b0 multifuncional con pie de tr\u00edpode incorporado y gancho de colgado plegable de Luceco. \u00a1C\u00f3mpralo ahora!","og_url":"https:\/\/fontfredapintures.com\/es\/producto\/lampara-de-trabajo-recargable-multifuncional-con-jaula\/","og_site_name":"Fontfreda Pintures","article_publisher":"https:\/\/www.facebook.com\/fontfredapintures\/","article_modified_time":"2025-11-12T23:38:02+00:00","og_image":[{"width":1000,"height":1143,"url":"https:\/\/fontfredapintures.com\/wp-content\/uploads\/2024\/12\/47400011_2777-2.png","type":"image\/png"}],"twitter_card":"summary_large_image","twitter_misc":{"Tiempo de lectura":"2 minutos"},"schema":{"@context":"https:\/\/schema.org","@graph":[{"@type":"WebPage","@id":"https:\/\/fontfredapintures.com\/es\/producto\/lampara-de-trabajo-recargable-multifuncional-con-jaula\/","url":"https:\/\/fontfredapintures.com\/es\/producto\/lampara-de-trabajo-recargable-multifuncional-con-jaula\/","name":"L\u00e1mpara de trabajo LED Luceco - Fontfreda Pintures","isPartOf":{"@id":"https:\/\/fontfredapintures.com\/es\/#website"},"primaryImageOfPage":{"@id":"https:\/\/fontfredapintures.com\/es\/producto\/lampara-de-trabajo-recargable-multifuncional-con-jaula\/#primaryimage"},"image":{"@id":"https:\/\/fontfredapintures.com\/es\/producto\/lampara-de-trabajo-recargable-multifuncional-con-jaula\/#primaryimage"},"thumbnailUrl":"https:\/\/fontfredapintures.com\/wp-content\/uploads\/2024\/12\/47400011_2777-2.png","datePublished":"2024-11-20T11:01:11+00:00","dateModified":"2025-11-12T23:38:02+00:00","description":"No te pierdas la l\u00e1mpara de trabajo 360\u00b0 multifuncional con pie de tr\u00edpode incorporado y gancho de colgado plegable de Luceco. \u00a1C\u00f3mpralo ahora!","breadcrumb":{"@id":"https:\/\/fontfredapintures.com\/es\/producto\/lampara-de-trabajo-recargable-multifuncional-con-jaula\/#breadcrumb"},"inLanguage":"es","potentialAction":[{"@type":"ReadAction","target":["https:\/\/fontfredapintures.com\/es\/producto\/lampara-de-trabajo-recargable-multifuncional-con-jaula\/"]}]},{"@type":"ImageObject","inLanguage":"es","@id":"https:\/\/fontfredapintures.com\/es\/producto\/lampara-de-trabajo-recargable-multifuncional-con-jaula\/#primaryimage","url":"https:\/\/fontfredapintures.com\/wp-content\/uploads\/2024\/12\/47400011_2777-2.png","contentUrl":"https:\/\/fontfredapintures.com\/wp-content\/uploads\/2024\/12\/47400011_2777-2.png","width":1000,"height":1143,"caption":"L\u00e0mpada de trabajo LED 360 Luceco"},{"@type":"BreadcrumbList","@id":"https:\/\/fontfredapintures.com\/es\/producto\/lampara-de-trabajo-recargable-multifuncional-con-jaula\/#breadcrumb","itemListElement":[{"@type":"ListItem","position":1,"name":"Fontfreda","item":"https:\/\/fontfredapintures.com\/es\/"},{"@type":"ListItem","position":2,"name":"Tienda","item":"https:\/\/fontfredapintures.com\/es\/tienda\/"},{"@type":"ListItem","position":3,"name":"L\u00e1mpara de trabajo LED 360 recargable Luceco (ref:LILTP60S65-01)"}]},{"@type":"WebSite","@id":"https:\/\/fontfredapintures.com\/es\/#website","url":"https:\/\/fontfredapintures.com\/es\/","name":"Fontfreda Pintures","description":"Tienda online de pintura, decoraci\u00f3n y bellas artes","publisher":{"@id":"https:\/\/fontfredapintures.com\/es\/#organization"},"alternateName":"Pintures Fontfreda","potentialAction":[{"@type":"SearchAction","target":{"@type":"EntryPoint","urlTemplate":"https:\/\/fontfredapintures.com\/es\/?s={search_term_string}"},"query-input":{"@type":"PropertyValueSpecification","valueRequired":true,"valueName":"search_term_string"}}],"inLanguage":"es"},{"@type":"Organization","@id":"https:\/\/fontfredapintures.com\/es\/#organization","name":"Pintures Fontfreda","alternateName":"Fontfreda Pintures","url":"https:\/\/fontfredapintures.com\/es\/","logo":{"@type":"ImageObject","inLanguage":"es","@id":"https:\/\/fontfredapintures.com\/es\/#\/schema\/logo\/image\/","url":"https:\/\/fontfredapintures.com\/wp-content\/uploads\/2024\/04\/fontfreda-pintures-logo-yoast.jpg","contentUrl":"https:\/\/fontfredapintures.com\/wp-content\/uploads\/2024\/04\/fontfreda-pintures-logo-yoast.jpg","width":900,"height":600,"caption":"Pintures Fontfreda"},"image":{"@id":"https:\/\/fontfredapintures.com\/es\/#\/schema\/logo\/image\/"},"sameAs":["https:\/\/www.facebook.com\/fontfredapintures\/","https:\/\/www.instagram.com\/fontfredapintures\/","https:\/\/www.linkedin.com\/company\/fontfredapintures\/"]}]}},"_links":{"self":[{"href":"https:\/\/fontfredapintures.com\/es\/wp-json\/wp\/v2\/product\/42828","targetHints":{"allow":["GET"]}}],"collection":[{"href":"https:\/\/fontfredapintures.com\/es\/wp-json\/wp\/v2\/product"}],"about":[{"href":"https:\/\/fontfredapintures.com\/es\/wp-json\/wp\/v2\/types\/product"}],"replies":[{"embeddable":true,"href":"https:\/\/fontfredapintures.com\/es\/wp-json\/wp\/v2\/comments?post=42828"}],"version-history":[{"count":2,"href":"https:\/\/fontfredapintures.com\/es\/wp-json\/wp\/v2\/product\/42828\/revisions"}],"predecessor-version":[{"id":53093,"href":"https:\/\/fontfredapintures.com\/es\/wp-json\/wp\/v2\/product\/42828\/revisions\/53093"}],"wp:featuredmedia":[{"embeddable":true,"href":"https:\/\/fontfredapintures.com\/es\/wp-json\/wp\/v2\/media\/53026"}],"wp:attachment":[{"href":"https:\/\/fontfredapintures.com\/es\/wp-json\/wp\/v2\/media?parent=42828"}],"wp:term":[{"taxonomy":"product_brand","embeddable":true,"href":"https:\/\/fontfredapintures.com\/es\/wp-json\/wp\/v2\/product_brand?post=42828"},{"taxonomy":"product_cat","embeddable":true,"href":"https:\/\/fontfredapintures.com\/es\/wp-json\/wp\/v2\/product_cat?post=42828"},{"taxonomy":"product_tag","embeddable":true,"href":"https:\/\/fontfredapintures.com\/es\/wp-json\/wp\/v2\/product_tag?post=42828"}],"curies":[{"name":"wp","href":"https:\/\/api.w.org\/{rel}","templated":true}]}}