{"id":42079,"date":"2024-11-12T13:06:59","date_gmt":"2024-11-12T11:06:59","guid":{"rendered":"https:\/\/fontfredapintures.com\/producte\/sierra-oscilante-a-bateria-vecturo-osc-18-hpc-40-ei-set\/"},"modified":"2025-06-19T02:23:53","modified_gmt":"2025-06-19T00:23:53","slug":"sierra-oscilante-a-bateria-vecturo-osc-18-hpc-40-ei-set","status":"publish","type":"product","link":"https:\/\/fontfredapintures.com\/es\/producto\/sierra-oscilante-a-bateria-vecturo-osc-18-hpc-40-ei-set\/","title":{"rendered":"Sierra oscilante a bater\u00eda VECTURO OSC 18 HPC 4,0 EI-Set (ref:576593)"},"content":{"rendered":"<p>&#8211; Sistema de fijaci\u00f3n r\u00e1pida con cambio de herramienta StarlockMax para un cambio r\u00e1pido sin necesidad de herramientas adicionales<br \/>\n&#8211; Los accesorios opcionales del sistema permiten realizar cortes por inmersi\u00f3n guiados con precisi\u00f3n y serrar sin polvo, incluso en trabajos por encima de la cabeza<br \/>\n&#8211; Amortiguaci\u00f3n de vibraciones y ruidos para conseguir la m\u00e1xima comodidad al trabajar. La carcasa y el motor est\u00e1n completamente desacoplados gracias al sistema antivibratorio<br \/>\n&#8211; Motor EC-TEC sin escobillas con ajuste continuo de la velocidad para lograr la m\u00e1xima productividad<br \/>\n&#8211; Libertad de movimientos sin cable gracias a la bater\u00eda Li-HighPower Compact de 18 V<br \/>\n&#8211; Dentro del Systainer\u00b3, el OSC se puede integrar en los equipos para veh\u00edculos de la empresa bott. Los Systainer\u00b3 son compatibles entre s\u00ed y pueden acoplarse a todas las generaciones anteriores de Systainer, a los sistemas m\u00f3viles de aspiraci\u00f3n y a otros muchos accesorios del sistema<br \/>\n&#8211; Compatible con las bater\u00edas de la serie BP 18<\/p>\n","protected":false},"excerpt":{"rendered":"<p>Recortes exactos en l\u00edneas de corte, cortes precisos y guiados por inmersi\u00f3n en superficies sensibles y trabajo sin polvo. Cambio de herramienta r\u00e1pido y sin necesidad de herramientas adicionales.<\/p>\n","protected":false},"featured_media":42066,"comment_status":"open","ping_status":"closed","template":"","meta":[],"product_brand":[],"product_cat":[80],"product_tag":[],"class_list":{"0":"post-42079","1":"product","2":"type-product","3":"status-publish","4":"has-post-thumbnail","6":"product_cat-maquinaria-es","7":"pa_brand-festool","8":"pa_utility-pule","10":"first","11":"instock","12":"taxable","13":"shipping-taxable","14":"purchasable","15":"product-type-simple"},"group_of_quantity":0,"min_quantity":0,"max_quantity":"","exclude_order_quantity_value_rules":"no","exclude_category_quantity_rules":"no","combine_variations":"no","yoast_head":"<!-- This site is optimized with the Yoast SEO plugin v25.7 - https:\/\/yoast.com\/wordpress\/plugins\/seo\/ -->\n<title>Sierra oscilante a bater\u00eda VECTURO OSC 18 HPC 4,0 EI-Set (ref:576593) - Fontfreda Pintures<\/title>\n<meta name=\"robots\" content=\"index, follow, max-snippet:-1, max-image-preview:large, max-video-preview:-1\" \/>\n<link rel=\"canonical\" href=\"https:\/\/fontfredapintures.com\/es\/producto\/sierra-oscilante-a-bateria-vecturo-osc-18-hpc-40-ei-set\/\" \/>\n<meta property=\"og:locale\" content=\"es_ES\" \/>\n<meta property=\"og:type\" content=\"article\" \/>\n<meta property=\"og:title\" content=\"Sierra oscilante a bater\u00eda VECTURO OSC 18 HPC 4,0 EI-Set (ref:576593) - Fontfreda Pintures\" \/>\n<meta property=\"og:description\" content=\"Recortes exactos en l\u00edneas de corte, cortes precisos y guiados por inmersi\u00f3n en superficies sensibles y trabajo sin polvo. Cambio de herramienta r\u00e1pido y sin necesidad de herramientas adicionales.\" \/>\n<meta property=\"og:url\" content=\"https:\/\/fontfredapintures.com\/es\/producto\/sierra-oscilante-a-bateria-vecturo-osc-18-hpc-40-ei-set\/\" \/>\n<meta property=\"og:site_name\" content=\"Fontfreda Pintures\" \/>\n<meta property=\"article:publisher\" content=\"https:\/\/www.facebook.com\/fontfredapintures\/\" \/>\n<meta property=\"article:modified_time\" content=\"2025-06-19T00:23:53+00:00\" \/>\n<meta property=\"og:image\" content=\"https:\/\/eoc6cz96j5h.exactdn.com\/wp-content\/uploads\/2024\/11\/13657600593000_1728.jpg?strip=all&lossy=1&ssl=1\" \/>\n\t<meta property=\"og:image:width\" content=\"1000\" \/>\n\t<meta property=\"og:image:height\" content=\"1143\" \/>\n\t<meta property=\"og:image:type\" content=\"image\/jpeg\" \/>\n<meta name=\"twitter:card\" content=\"summary_large_image\" \/>\n<meta name=\"twitter:label1\" content=\"Tiempo de lectura\" \/>\n\t<meta name=\"twitter:data1\" content=\"1 minuto\" \/>\n<script type=\"application\/ld+json\" class=\"yoast-schema-graph\">{\"@context\":\"https:\/\/schema.org\",\"@graph\":[{\"@type\":\"WebPage\",\"@id\":\"https:\/\/fontfredapintures.com\/es\/producto\/sierra-oscilante-a-bateria-vecturo-osc-18-hpc-40-ei-set\/\",\"url\":\"https:\/\/fontfredapintures.com\/es\/producto\/sierra-oscilante-a-bateria-vecturo-osc-18-hpc-40-ei-set\/\",\"name\":\"Sierra oscilante a bater\u00eda VECTURO OSC 18 HPC 4,0 EI-Set (ref:576593) - Fontfreda Pintures\",\"isPartOf\":{\"@id\":\"https:\/\/fontfredapintures.com\/es\/#website\"},\"primaryImageOfPage\":{\"@id\":\"https:\/\/fontfredapintures.com\/es\/producto\/sierra-oscilante-a-bateria-vecturo-osc-18-hpc-40-ei-set\/#primaryimage\"},\"image\":{\"@id\":\"https:\/\/fontfredapintures.com\/es\/producto\/sierra-oscilante-a-bateria-vecturo-osc-18-hpc-40-ei-set\/#primaryimage\"},\"thumbnailUrl\":\"https:\/\/fontfredapintures.com\/wp-content\/uploads\/2024\/11\/13657600593000_1728.jpg\",\"datePublished\":\"2024-11-12T11:06:59+00:00\",\"dateModified\":\"2025-06-19T00:23:53+00:00\",\"breadcrumb\":{\"@id\":\"https:\/\/fontfredapintures.com\/es\/producto\/sierra-oscilante-a-bateria-vecturo-osc-18-hpc-40-ei-set\/#breadcrumb\"},\"inLanguage\":\"es\",\"potentialAction\":[{\"@type\":\"ReadAction\",\"target\":[\"https:\/\/fontfredapintures.com\/es\/producto\/sierra-oscilante-a-bateria-vecturo-osc-18-hpc-40-ei-set\/\"]}]},{\"@type\":\"ImageObject\",\"inLanguage\":\"es\",\"@id\":\"https:\/\/fontfredapintures.com\/es\/producto\/sierra-oscilante-a-bateria-vecturo-osc-18-hpc-40-ei-set\/#primaryimage\",\"url\":\"https:\/\/fontfredapintures.com\/wp-content\/uploads\/2024\/11\/13657600593000_1728.jpg\",\"contentUrl\":\"https:\/\/fontfredapintures.com\/wp-content\/uploads\/2024\/11\/13657600593000_1728.jpg\",\"width\":1000,\"height\":1143},{\"@type\":\"BreadcrumbList\",\"@id\":\"https:\/\/fontfredapintures.com\/es\/producto\/sierra-oscilante-a-bateria-vecturo-osc-18-hpc-40-ei-set\/#breadcrumb\",\"itemListElement\":[{\"@type\":\"ListItem\",\"position\":1,\"name\":\"Fontfreda\",\"item\":\"https:\/\/fontfredapintures.com\/es\/\"},{\"@type\":\"ListItem\",\"position\":2,\"name\":\"Tienda\",\"item\":\"https:\/\/fontfredapintures.com\/es\/tienda\/\"},{\"@type\":\"ListItem\",\"position\":3,\"name\":\"Sierra oscilante a bater\u00eda VECTURO OSC 18 HPC 4,0 EI-Set (ref:576593)\"}]},{\"@type\":\"WebSite\",\"@id\":\"https:\/\/fontfredapintures.com\/es\/#website\",\"url\":\"https:\/\/fontfredapintures.com\/es\/\",\"name\":\"Fontfreda Pintures\",\"description\":\"Tienda online de pintura, decoraci\u00f3n y bellas artes\",\"publisher\":{\"@id\":\"https:\/\/fontfredapintures.com\/es\/#organization\"},\"alternateName\":\"Pintures Fontfreda\",\"potentialAction\":[{\"@type\":\"SearchAction\",\"target\":{\"@type\":\"EntryPoint\",\"urlTemplate\":\"https:\/\/fontfredapintures.com\/es\/?s={search_term_string}\"},\"query-input\":{\"@type\":\"PropertyValueSpecification\",\"valueRequired\":true,\"valueName\":\"search_term_string\"}}],\"inLanguage\":\"es\"},{\"@type\":\"Organization\",\"@id\":\"https:\/\/fontfredapintures.com\/es\/#organization\",\"name\":\"Pintures Fontfreda\",\"alternateName\":\"Fontfreda Pintures\",\"url\":\"https:\/\/fontfredapintures.com\/es\/\",\"logo\":{\"@type\":\"ImageObject\",\"inLanguage\":\"es\",\"@id\":\"https:\/\/fontfredapintures.com\/es\/#\/schema\/logo\/image\/\",\"url\":\"https:\/\/fontfredapintures.com\/wp-content\/uploads\/2024\/04\/fontfreda-pintures-logo-yoast.jpg\",\"contentUrl\":\"https:\/\/fontfredapintures.com\/wp-content\/uploads\/2024\/04\/fontfreda-pintures-logo-yoast.jpg\",\"width\":900,\"height\":600,\"caption\":\"Pintures Fontfreda\"},\"image\":{\"@id\":\"https:\/\/fontfredapintures.com\/es\/#\/schema\/logo\/image\/\"},\"sameAs\":[\"https:\/\/www.facebook.com\/fontfredapintures\/\",\"https:\/\/www.instagram.com\/fontfredapintures\/\",\"https:\/\/www.linkedin.com\/company\/fontfredapintures\/\"]}]}<\/script>\n<!-- \/ Yoast SEO plugin. -->","yoast_head_json":{"title":"Sierra oscilante a bater\u00eda VECTURO OSC 18 HPC 4,0 EI-Set (ref:576593) - Fontfreda Pintures","robots":{"index":"index","follow":"follow","max-snippet":"max-snippet:-1","max-image-preview":"max-image-preview:large","max-video-preview":"max-video-preview:-1"},"canonical":"https:\/\/fontfredapintures.com\/es\/producto\/sierra-oscilante-a-bateria-vecturo-osc-18-hpc-40-ei-set\/","og_locale":"es_ES","og_type":"article","og_title":"Sierra oscilante a bater\u00eda VECTURO OSC 18 HPC 4,0 EI-Set (ref:576593) - Fontfreda Pintures","og_description":"Recortes exactos en l\u00edneas de corte, cortes precisos y guiados por inmersi\u00f3n en superficies sensibles y trabajo sin polvo. Cambio de herramienta r\u00e1pido y sin necesidad de herramientas adicionales.","og_url":"https:\/\/fontfredapintures.com\/es\/producto\/sierra-oscilante-a-bateria-vecturo-osc-18-hpc-40-ei-set\/","og_site_name":"Fontfreda Pintures","article_publisher":"https:\/\/www.facebook.com\/fontfredapintures\/","article_modified_time":"2025-06-19T00:23:53+00:00","og_image":[{"width":1000,"height":1143,"url":"https:\/\/eoc6cz96j5h.exactdn.com\/wp-content\/uploads\/2024\/11\/13657600593000_1728.jpg?strip=all&lossy=1&ssl=1","type":"image\/jpeg"}],"twitter_card":"summary_large_image","twitter_misc":{"Tiempo de lectura":"1 minuto"},"schema":{"@context":"https:\/\/schema.org","@graph":[{"@type":"WebPage","@id":"https:\/\/fontfredapintures.com\/es\/producto\/sierra-oscilante-a-bateria-vecturo-osc-18-hpc-40-ei-set\/","url":"https:\/\/fontfredapintures.com\/es\/producto\/sierra-oscilante-a-bateria-vecturo-osc-18-hpc-40-ei-set\/","name":"Sierra oscilante a bater\u00eda VECTURO OSC 18 HPC 4,0 EI-Set (ref:576593) - Fontfreda Pintures","isPartOf":{"@id":"https:\/\/fontfredapintures.com\/es\/#website"},"primaryImageOfPage":{"@id":"https:\/\/fontfredapintures.com\/es\/producto\/sierra-oscilante-a-bateria-vecturo-osc-18-hpc-40-ei-set\/#primaryimage"},"image":{"@id":"https:\/\/fontfredapintures.com\/es\/producto\/sierra-oscilante-a-bateria-vecturo-osc-18-hpc-40-ei-set\/#primaryimage"},"thumbnailUrl":"https:\/\/fontfredapintures.com\/wp-content\/uploads\/2024\/11\/13657600593000_1728.jpg","datePublished":"2024-11-12T11:06:59+00:00","dateModified":"2025-06-19T00:23:53+00:00","breadcrumb":{"@id":"https:\/\/fontfredapintures.com\/es\/producto\/sierra-oscilante-a-bateria-vecturo-osc-18-hpc-40-ei-set\/#breadcrumb"},"inLanguage":"es","potentialAction":[{"@type":"ReadAction","target":["https:\/\/fontfredapintures.com\/es\/producto\/sierra-oscilante-a-bateria-vecturo-osc-18-hpc-40-ei-set\/"]}]},{"@type":"ImageObject","inLanguage":"es","@id":"https:\/\/fontfredapintures.com\/es\/producto\/sierra-oscilante-a-bateria-vecturo-osc-18-hpc-40-ei-set\/#primaryimage","url":"https:\/\/fontfredapintures.com\/wp-content\/uploads\/2024\/11\/13657600593000_1728.jpg","contentUrl":"https:\/\/fontfredapintures.com\/wp-content\/uploads\/2024\/11\/13657600593000_1728.jpg","width":1000,"height":1143},{"@type":"BreadcrumbList","@id":"https:\/\/fontfredapintures.com\/es\/producto\/sierra-oscilante-a-bateria-vecturo-osc-18-hpc-40-ei-set\/#breadcrumb","itemListElement":[{"@type":"ListItem","position":1,"name":"Fontfreda","item":"https:\/\/fontfredapintures.com\/es\/"},{"@type":"ListItem","position":2,"name":"Tienda","item":"https:\/\/fontfredapintures.com\/es\/tienda\/"},{"@type":"ListItem","position":3,"name":"Sierra oscilante a bater\u00eda VECTURO OSC 18 HPC 4,0 EI-Set (ref:576593)"}]},{"@type":"WebSite","@id":"https:\/\/fontfredapintures.com\/es\/#website","url":"https:\/\/fontfredapintures.com\/es\/","name":"Fontfreda Pintures","description":"Tienda online de pintura, decoraci\u00f3n y bellas artes","publisher":{"@id":"https:\/\/fontfredapintures.com\/es\/#organization"},"alternateName":"Pintures Fontfreda","potentialAction":[{"@type":"SearchAction","target":{"@type":"EntryPoint","urlTemplate":"https:\/\/fontfredapintures.com\/es\/?s={search_term_string}"},"query-input":{"@type":"PropertyValueSpecification","valueRequired":true,"valueName":"search_term_string"}}],"inLanguage":"es"},{"@type":"Organization","@id":"https:\/\/fontfredapintures.com\/es\/#organization","name":"Pintures Fontfreda","alternateName":"Fontfreda Pintures","url":"https:\/\/fontfredapintures.com\/es\/","logo":{"@type":"ImageObject","inLanguage":"es","@id":"https:\/\/fontfredapintures.com\/es\/#\/schema\/logo\/image\/","url":"https:\/\/fontfredapintures.com\/wp-content\/uploads\/2024\/04\/fontfreda-pintures-logo-yoast.jpg","contentUrl":"https:\/\/fontfredapintures.com\/wp-content\/uploads\/2024\/04\/fontfreda-pintures-logo-yoast.jpg","width":900,"height":600,"caption":"Pintures Fontfreda"},"image":{"@id":"https:\/\/fontfredapintures.com\/es\/#\/schema\/logo\/image\/"},"sameAs":["https:\/\/www.facebook.com\/fontfredapintures\/","https:\/\/www.instagram.com\/fontfredapintures\/","https:\/\/www.linkedin.com\/company\/fontfredapintures\/"]}]}},"_links":{"self":[{"href":"https:\/\/fontfredapintures.com\/es\/wp-json\/wp\/v2\/product\/42079","targetHints":{"allow":["GET"]}}],"collection":[{"href":"https:\/\/fontfredapintures.com\/es\/wp-json\/wp\/v2\/product"}],"about":[{"href":"https:\/\/fontfredapintures.com\/es\/wp-json\/wp\/v2\/types\/product"}],"replies":[{"embeddable":true,"href":"https:\/\/fontfredapintures.com\/es\/wp-json\/wp\/v2\/comments?post=42079"}],"version-history":[{"count":1,"href":"https:\/\/fontfredapintures.com\/es\/wp-json\/wp\/v2\/product\/42079\/revisions"}],"predecessor-version":[{"id":42432,"href":"https:\/\/fontfredapintures.com\/es\/wp-json\/wp\/v2\/product\/42079\/revisions\/42432"}],"wp:featuredmedia":[{"embeddable":true,"href":"https:\/\/fontfredapintures.com\/es\/wp-json\/wp\/v2\/media\/42066"}],"wp:attachment":[{"href":"https:\/\/fontfredapintures.com\/es\/wp-json\/wp\/v2\/media?parent=42079"}],"wp:term":[{"taxonomy":"product_brand","embeddable":true,"href":"https:\/\/fontfredapintures.com\/es\/wp-json\/wp\/v2\/product_brand?post=42079"},{"taxonomy":"product_cat","embeddable":true,"href":"https:\/\/fontfredapintures.com\/es\/wp-json\/wp\/v2\/product_cat?post=42079"},{"taxonomy":"product_tag","embeddable":true,"href":"https:\/\/fontfredapintures.com\/es\/wp-json\/wp\/v2\/product_tag?post=42079"}],"curies":[{"name":"wp","href":"https:\/\/api.w.org\/{rel}","templated":true}]}}