{"id":41624,"date":"2024-11-12T13:01:10","date_gmt":"2024-11-12T11:01:10","guid":{"rendered":"https:\/\/fontfredapintures.com\/producte\/hoja-de-sierra-wood-rip-cut-hw-160x18x20-pw12\/"},"modified":"2025-05-06T01:32:29","modified_gmt":"2025-05-05T23:32:29","slug":"hoja-de-sierra-wood-rip-cut-hw-160x18x20-pw12","status":"publish","type":"product","link":"https:\/\/fontfredapintures.com\/es\/producto\/hoja-de-sierra-wood-rip-cut-hw-160x18x20-pw12\/","title":{"rendered":"Hoja de sierra WOOD RIP CUT HW 160&#215;1,8&#215;20 PW12"},"content":{"rendered":"<p>&#8211; Elevado rendimiento de corte en los cortes longitudinales en madera maciza<br \/>\n&#8211; Dientes de sierra fabricados en metal de alta calidad: para asegurar un avance \u00f3ptimo del serrado y cortes perfectos<br \/>\n&#8211; Ideal en combinaci\u00f3n con las sierras de incisi\u00f3n TS 55 F y TSC 55 K, as\u00ed como con la HK 55 y la HKC 55, para un trabajo preciso y eficiente<br \/>\n&#8211; \u00c1ngulo de corte y forma de los dientes adaptados a cada aplicaci\u00f3n y herramienta<br \/>\n&#8211; El c\u00f3digo de colores le facilita la elecci\u00f3n de la hoja de sierra correcta<br \/>\n&#8211; Para un corte longitudinal r\u00e1pido y con menor esfuerzo de madera maciza<br \/>\n&#8211; WOOD RIP CUT. Para trabajar con rapidez sin emplear mucha fuerza, en particular para cortes longitudinales en madera maciza<br \/>\n&#8211; Apropiada para maderas blandas y duras<br \/>\n&#8211; Separaci\u00f3n de tableros y otros materiales de madera maciza<br \/>\n&#8211; Construcci\u00f3n de muebles<br \/>\n&#8211; Construcci\u00f3n de terrazas<br \/>\n&#8211; Construcci\u00f3n de fachadas<\/p>\n","protected":false},"excerpt":{"rendered":"<p>Para TS 55 F, TSC 55 K, HK 55, HKC 55.<br \/>\nResistencia y precisi\u00f3n en las condiciones m\u00e1s duras. Hechas a medida para cada aplicaci\u00f3n y material. Fabricadas en acero de alta calidad, con dientes de sierra de carburo de grano fin\u00edsimo. El corte solo puede ser perfecto si la calidad de la hoja de serrar es tan buena como la de la herramienta.<\/p>\n","protected":false},"featured_media":41622,"comment_status":"open","ping_status":"closed","template":"","meta":[],"product_brand":[],"product_cat":[80],"product_tag":[],"class_list":{"0":"post-41624","1":"product","2":"type-product","3":"status-publish","4":"has-post-thumbnail","6":"product_cat-maquinaria-es","7":"pa_brand-festool","8":"pa_utility-pule","10":"first","11":"instock","12":"taxable","13":"shipping-taxable","14":"purchasable","15":"product-type-simple"},"group_of_quantity":0,"min_quantity":0,"max_quantity":"","exclude_order_quantity_value_rules":"no","exclude_category_quantity_rules":"no","combine_variations":"no","yoast_head":"<!-- This site is optimized with the Yoast SEO plugin v25.7 - https:\/\/yoast.com\/wordpress\/plugins\/seo\/ -->\n<title>Hoja de sierra WOOD RIP CUT HW 160x1,8x20 PW12 - Fontfreda Pintures<\/title>\n<meta name=\"robots\" content=\"index, follow, max-snippet:-1, max-image-preview:large, max-video-preview:-1\" \/>\n<link rel=\"canonical\" href=\"https:\/\/fontfredapintures.com\/es\/producto\/hoja-de-sierra-wood-rip-cut-hw-160x18x20-pw12\/\" \/>\n<meta property=\"og:locale\" content=\"es_ES\" \/>\n<meta property=\"og:type\" content=\"article\" \/>\n<meta property=\"og:title\" content=\"Hoja de sierra WOOD RIP CUT HW 160x1,8x20 PW12 - Fontfreda Pintures\" \/>\n<meta property=\"og:description\" content=\"Para TS 55 F, TSC 55 K, HK 55, HKC 55. Resistencia y precisi\u00f3n en las condiciones m\u00e1s duras. Hechas a medida para cada aplicaci\u00f3n y material. Fabricadas en acero de alta calidad, con dientes de sierra de carburo de grano fin\u00edsimo. El corte solo puede ser perfecto si la calidad de la hoja de serrar es tan buena como la de la herramienta.\" \/>\n<meta property=\"og:url\" content=\"https:\/\/fontfredapintures.com\/es\/producto\/hoja-de-sierra-wood-rip-cut-hw-160x18x20-pw12\/\" \/>\n<meta property=\"og:site_name\" content=\"Fontfreda Pintures\" \/>\n<meta property=\"article:publisher\" content=\"https:\/\/www.facebook.com\/fontfredapintures\/\" \/>\n<meta property=\"article:modified_time\" content=\"2025-05-05T23:32:29+00:00\" \/>\n<meta property=\"og:image\" content=\"https:\/\/fontfredapintures.com\/wp-content\/uploads\/2024\/04\/fontfreda-tienda-online-pinturas-decoracion.jpg\" \/>\n\t<meta property=\"og:image:width\" content=\"1200\" \/>\n\t<meta property=\"og:image:height\" content=\"800\" \/>\n\t<meta property=\"og:image:type\" content=\"image\/jpeg\" \/>\n<meta name=\"twitter:card\" content=\"summary_large_image\" \/>\n<meta name=\"twitter:label1\" content=\"Tiempo de lectura\" \/>\n\t<meta name=\"twitter:data1\" content=\"1 minuto\" \/>\n<script type=\"application\/ld+json\" class=\"yoast-schema-graph\">{\"@context\":\"https:\/\/schema.org\",\"@graph\":[{\"@type\":\"WebPage\",\"@id\":\"https:\/\/fontfredapintures.com\/es\/producto\/hoja-de-sierra-wood-rip-cut-hw-160x18x20-pw12\/\",\"url\":\"https:\/\/fontfredapintures.com\/es\/producto\/hoja-de-sierra-wood-rip-cut-hw-160x18x20-pw12\/\",\"name\":\"Hoja de sierra WOOD RIP CUT HW 160x1,8x20 PW12 - Fontfreda Pintures\",\"isPartOf\":{\"@id\":\"https:\/\/fontfredapintures.com\/es\/#website\"},\"primaryImageOfPage\":{\"@id\":\"https:\/\/fontfredapintures.com\/es\/producto\/hoja-de-sierra-wood-rip-cut-hw-160x18x20-pw12\/#primaryimage\"},\"image\":{\"@id\":\"https:\/\/fontfredapintures.com\/es\/producto\/hoja-de-sierra-wood-rip-cut-hw-160x18x20-pw12\/#primaryimage\"},\"thumbnailUrl\":\"https:\/\/fontfredapintures.com\/wp-content\/uploads\/2024\/11\/13600008_2432.jpg\",\"datePublished\":\"2024-11-12T11:01:10+00:00\",\"dateModified\":\"2025-05-05T23:32:29+00:00\",\"breadcrumb\":{\"@id\":\"https:\/\/fontfredapintures.com\/es\/producto\/hoja-de-sierra-wood-rip-cut-hw-160x18x20-pw12\/#breadcrumb\"},\"inLanguage\":\"es\",\"potentialAction\":[{\"@type\":\"ReadAction\",\"target\":[\"https:\/\/fontfredapintures.com\/es\/producto\/hoja-de-sierra-wood-rip-cut-hw-160x18x20-pw12\/\"]}]},{\"@type\":\"ImageObject\",\"inLanguage\":\"es\",\"@id\":\"https:\/\/fontfredapintures.com\/es\/producto\/hoja-de-sierra-wood-rip-cut-hw-160x18x20-pw12\/#primaryimage\",\"url\":\"https:\/\/fontfredapintures.com\/wp-content\/uploads\/2024\/11\/13600008_2432.jpg\",\"contentUrl\":\"https:\/\/fontfredapintures.com\/wp-content\/uploads\/2024\/11\/13600008_2432.jpg\",\"width\":1000,\"height\":1143},{\"@type\":\"BreadcrumbList\",\"@id\":\"https:\/\/fontfredapintures.com\/es\/producto\/hoja-de-sierra-wood-rip-cut-hw-160x18x20-pw12\/#breadcrumb\",\"itemListElement\":[{\"@type\":\"ListItem\",\"position\":1,\"name\":\"Fontfreda\",\"item\":\"https:\/\/fontfredapintures.com\/es\/\"},{\"@type\":\"ListItem\",\"position\":2,\"name\":\"Tienda\",\"item\":\"https:\/\/fontfredapintures.com\/es\/tienda\/\"},{\"@type\":\"ListItem\",\"position\":3,\"name\":\"Hoja de sierra WOOD RIP CUT HW 160&#215;1,8&#215;20 PW12\"}]},{\"@type\":\"WebSite\",\"@id\":\"https:\/\/fontfredapintures.com\/es\/#website\",\"url\":\"https:\/\/fontfredapintures.com\/es\/\",\"name\":\"Fontfreda Pintures\",\"description\":\"Tienda online de pintura, decoraci\u00f3n y bellas artes\",\"publisher\":{\"@id\":\"https:\/\/fontfredapintures.com\/es\/#organization\"},\"alternateName\":\"Pintures Fontfreda\",\"potentialAction\":[{\"@type\":\"SearchAction\",\"target\":{\"@type\":\"EntryPoint\",\"urlTemplate\":\"https:\/\/fontfredapintures.com\/es\/?s={search_term_string}\"},\"query-input\":{\"@type\":\"PropertyValueSpecification\",\"valueRequired\":true,\"valueName\":\"search_term_string\"}}],\"inLanguage\":\"es\"},{\"@type\":\"Organization\",\"@id\":\"https:\/\/fontfredapintures.com\/es\/#organization\",\"name\":\"Pintures Fontfreda\",\"alternateName\":\"Fontfreda Pintures\",\"url\":\"https:\/\/fontfredapintures.com\/es\/\",\"logo\":{\"@type\":\"ImageObject\",\"inLanguage\":\"es\",\"@id\":\"https:\/\/fontfredapintures.com\/es\/#\/schema\/logo\/image\/\",\"url\":\"https:\/\/fontfredapintures.com\/wp-content\/uploads\/2024\/04\/fontfreda-pintures-logo-yoast.jpg\",\"contentUrl\":\"https:\/\/fontfredapintures.com\/wp-content\/uploads\/2024\/04\/fontfreda-pintures-logo-yoast.jpg\",\"width\":900,\"height\":600,\"caption\":\"Pintures Fontfreda\"},\"image\":{\"@id\":\"https:\/\/fontfredapintures.com\/es\/#\/schema\/logo\/image\/\"},\"sameAs\":[\"https:\/\/www.facebook.com\/fontfredapintures\/\",\"https:\/\/www.instagram.com\/fontfredapintures\/\",\"https:\/\/www.linkedin.com\/company\/fontfredapintures\/\"]}]}<\/script>\n<!-- \/ Yoast SEO plugin. -->","yoast_head_json":{"title":"Hoja de sierra WOOD RIP CUT HW 160x1,8x20 PW12 - Fontfreda Pintures","robots":{"index":"index","follow":"follow","max-snippet":"max-snippet:-1","max-image-preview":"max-image-preview:large","max-video-preview":"max-video-preview:-1"},"canonical":"https:\/\/fontfredapintures.com\/es\/producto\/hoja-de-sierra-wood-rip-cut-hw-160x18x20-pw12\/","og_locale":"es_ES","og_type":"article","og_title":"Hoja de sierra WOOD RIP CUT HW 160x1,8x20 PW12 - Fontfreda Pintures","og_description":"Para TS 55 F, TSC 55 K, HK 55, HKC 55. Resistencia y precisi\u00f3n en las condiciones m\u00e1s duras. Hechas a medida para cada aplicaci\u00f3n y material. Fabricadas en acero de alta calidad, con dientes de sierra de carburo de grano fin\u00edsimo. El corte solo puede ser perfecto si la calidad de la hoja de serrar es tan buena como la de la herramienta.","og_url":"https:\/\/fontfredapintures.com\/es\/producto\/hoja-de-sierra-wood-rip-cut-hw-160x18x20-pw12\/","og_site_name":"Fontfreda Pintures","article_publisher":"https:\/\/www.facebook.com\/fontfredapintures\/","article_modified_time":"2025-05-05T23:32:29+00:00","og_image":[{"width":1200,"height":800,"url":"https:\/\/fontfredapintures.com\/wp-content\/uploads\/2024\/04\/fontfreda-tienda-online-pinturas-decoracion.jpg","type":"image\/jpeg"}],"twitter_card":"summary_large_image","twitter_misc":{"Tiempo de lectura":"1 minuto"},"schema":{"@context":"https:\/\/schema.org","@graph":[{"@type":"WebPage","@id":"https:\/\/fontfredapintures.com\/es\/producto\/hoja-de-sierra-wood-rip-cut-hw-160x18x20-pw12\/","url":"https:\/\/fontfredapintures.com\/es\/producto\/hoja-de-sierra-wood-rip-cut-hw-160x18x20-pw12\/","name":"Hoja de sierra WOOD RIP CUT HW 160x1,8x20 PW12 - Fontfreda Pintures","isPartOf":{"@id":"https:\/\/fontfredapintures.com\/es\/#website"},"primaryImageOfPage":{"@id":"https:\/\/fontfredapintures.com\/es\/producto\/hoja-de-sierra-wood-rip-cut-hw-160x18x20-pw12\/#primaryimage"},"image":{"@id":"https:\/\/fontfredapintures.com\/es\/producto\/hoja-de-sierra-wood-rip-cut-hw-160x18x20-pw12\/#primaryimage"},"thumbnailUrl":"https:\/\/fontfredapintures.com\/wp-content\/uploads\/2024\/11\/13600008_2432.jpg","datePublished":"2024-11-12T11:01:10+00:00","dateModified":"2025-05-05T23:32:29+00:00","breadcrumb":{"@id":"https:\/\/fontfredapintures.com\/es\/producto\/hoja-de-sierra-wood-rip-cut-hw-160x18x20-pw12\/#breadcrumb"},"inLanguage":"es","potentialAction":[{"@type":"ReadAction","target":["https:\/\/fontfredapintures.com\/es\/producto\/hoja-de-sierra-wood-rip-cut-hw-160x18x20-pw12\/"]}]},{"@type":"ImageObject","inLanguage":"es","@id":"https:\/\/fontfredapintures.com\/es\/producto\/hoja-de-sierra-wood-rip-cut-hw-160x18x20-pw12\/#primaryimage","url":"https:\/\/fontfredapintures.com\/wp-content\/uploads\/2024\/11\/13600008_2432.jpg","contentUrl":"https:\/\/fontfredapintures.com\/wp-content\/uploads\/2024\/11\/13600008_2432.jpg","width":1000,"height":1143},{"@type":"BreadcrumbList","@id":"https:\/\/fontfredapintures.com\/es\/producto\/hoja-de-sierra-wood-rip-cut-hw-160x18x20-pw12\/#breadcrumb","itemListElement":[{"@type":"ListItem","position":1,"name":"Fontfreda","item":"https:\/\/fontfredapintures.com\/es\/"},{"@type":"ListItem","position":2,"name":"Tienda","item":"https:\/\/fontfredapintures.com\/es\/tienda\/"},{"@type":"ListItem","position":3,"name":"Hoja de sierra WOOD RIP CUT HW 160&#215;1,8&#215;20 PW12"}]},{"@type":"WebSite","@id":"https:\/\/fontfredapintures.com\/es\/#website","url":"https:\/\/fontfredapintures.com\/es\/","name":"Fontfreda Pintures","description":"Tienda online de pintura, decoraci\u00f3n y bellas artes","publisher":{"@id":"https:\/\/fontfredapintures.com\/es\/#organization"},"alternateName":"Pintures Fontfreda","potentialAction":[{"@type":"SearchAction","target":{"@type":"EntryPoint","urlTemplate":"https:\/\/fontfredapintures.com\/es\/?s={search_term_string}"},"query-input":{"@type":"PropertyValueSpecification","valueRequired":true,"valueName":"search_term_string"}}],"inLanguage":"es"},{"@type":"Organization","@id":"https:\/\/fontfredapintures.com\/es\/#organization","name":"Pintures Fontfreda","alternateName":"Fontfreda Pintures","url":"https:\/\/fontfredapintures.com\/es\/","logo":{"@type":"ImageObject","inLanguage":"es","@id":"https:\/\/fontfredapintures.com\/es\/#\/schema\/logo\/image\/","url":"https:\/\/fontfredapintures.com\/wp-content\/uploads\/2024\/04\/fontfreda-pintures-logo-yoast.jpg","contentUrl":"https:\/\/fontfredapintures.com\/wp-content\/uploads\/2024\/04\/fontfreda-pintures-logo-yoast.jpg","width":900,"height":600,"caption":"Pintures Fontfreda"},"image":{"@id":"https:\/\/fontfredapintures.com\/es\/#\/schema\/logo\/image\/"},"sameAs":["https:\/\/www.facebook.com\/fontfredapintures\/","https:\/\/www.instagram.com\/fontfredapintures\/","https:\/\/www.linkedin.com\/company\/fontfredapintures\/"]}]}},"_links":{"self":[{"href":"https:\/\/fontfredapintures.com\/es\/wp-json\/wp\/v2\/product\/41624","targetHints":{"allow":["GET"]}}],"collection":[{"href":"https:\/\/fontfredapintures.com\/es\/wp-json\/wp\/v2\/product"}],"about":[{"href":"https:\/\/fontfredapintures.com\/es\/wp-json\/wp\/v2\/types\/product"}],"replies":[{"embeddable":true,"href":"https:\/\/fontfredapintures.com\/es\/wp-json\/wp\/v2\/comments?post=41624"}],"version-history":[{"count":0,"href":"https:\/\/fontfredapintures.com\/es\/wp-json\/wp\/v2\/product\/41624\/revisions"}],"wp:featuredmedia":[{"embeddable":true,"href":"https:\/\/fontfredapintures.com\/es\/wp-json\/wp\/v2\/media\/41622"}],"wp:attachment":[{"href":"https:\/\/fontfredapintures.com\/es\/wp-json\/wp\/v2\/media?parent=41624"}],"wp:term":[{"taxonomy":"product_brand","embeddable":true,"href":"https:\/\/fontfredapintures.com\/es\/wp-json\/wp\/v2\/product_brand?post=41624"},{"taxonomy":"product_cat","embeddable":true,"href":"https:\/\/fontfredapintures.com\/es\/wp-json\/wp\/v2\/product_cat?post=41624"},{"taxonomy":"product_tag","embeddable":true,"href":"https:\/\/fontfredapintures.com\/es\/wp-json\/wp\/v2\/product_tag?post=41624"}],"curies":[{"name":"wp","href":"https:\/\/api.w.org\/{rel}","templated":true}]}}