{"id":40862,"date":"2024-11-11T13:19:28","date_gmt":"2024-11-11T11:19:28","guid":{"rendered":"https:\/\/fontfredapintures.com\/producte\/agente-de-pulir-mpa-9010-bl-05l-ref202050\/"},"modified":"2025-05-06T02:25:45","modified_gmt":"2025-05-06T00:25:45","slug":"agente-de-pulir-mpa-9010-bl-05l-ref202050","status":"publish","type":"product","link":"https:\/\/fontfredapintures.com\/es\/producto\/agente-de-pulir-mpa-9010-bl-05l-ref202050\/","title":{"rendered":"Agente de pulir MPA 9010 BL\/0,5L (ref:202050)"},"content":{"rendered":"<p>&#8211; Los agentes de pulir de Festool permiten trabajar las superficies de manera sencilla<br \/>\n&#8211; En combinaci\u00f3n con la esponja correspondiente obtendr\u00e1 resultados \u00f3ptimos<br \/>\n&#8211; Las f\u00f3rmulas est\u00e1n perfectamente adaptadas a los requisitos individuales<br \/>\n&#8211; Pulimento de lijado fino Speed Gloss<br \/>\n&#8211; Sin silicona<br \/>\n&#8211; Con base de agua<br \/>\n&#8211; Ideal en combinaci\u00f3n con esponja pulidora (AZUL)<\/p>\n","protected":false},"excerpt":{"rendered":"<p>Los agentes de pulir de Festool facilitan el pulido. Adaptados de manera ideal a los distintos trabajos de pulido, proporcionan, en combinaci\u00f3n con la esponja Festool adecuada, unos \u00f3ptimos resultados con el m\u00ednimo esfuerzo.<\/p>\n","protected":false},"featured_media":40860,"comment_status":"open","ping_status":"closed","template":"","meta":[],"product_brand":[],"product_cat":[80,1086],"product_tag":[],"class_list":{"0":"post-40862","1":"product","2":"type-product","3":"status-publish","4":"has-post-thumbnail","6":"product_cat-maquinaria-es","7":"product_cat-accesorios","8":"pa_brand-festool","9":"pa_utility-pule","11":"first","12":"instock","13":"taxable","14":"shipping-taxable","15":"purchasable","16":"product-type-simple"},"group_of_quantity":0,"min_quantity":0,"max_quantity":"","exclude_order_quantity_value_rules":"no","exclude_category_quantity_rules":"no","combine_variations":"no","yoast_head":"<!-- This site is optimized with the Yoast SEO plugin v25.7 - https:\/\/yoast.com\/wordpress\/plugins\/seo\/ -->\n<title>Agente de pulir MPA 9010 BL\/0,5L (ref:202050) - Fontfreda Pintures<\/title>\n<meta name=\"robots\" content=\"index, follow, max-snippet:-1, max-image-preview:large, max-video-preview:-1\" \/>\n<link rel=\"canonical\" href=\"https:\/\/fontfredapintures.com\/es\/producto\/agente-de-pulir-mpa-9010-bl-05l-ref202050\/\" \/>\n<meta property=\"og:locale\" content=\"es_ES\" \/>\n<meta property=\"og:type\" content=\"article\" \/>\n<meta property=\"og:title\" content=\"Agente de pulir MPA 9010 BL\/0,5L (ref:202050) - Fontfreda Pintures\" \/>\n<meta property=\"og:description\" content=\"Los agentes de pulir de Festool facilitan el pulido. Adaptados de manera ideal a los distintos trabajos de pulido, proporcionan, en combinaci\u00f3n con la esponja Festool adecuada, unos \u00f3ptimos resultados con el m\u00ednimo esfuerzo.\" \/>\n<meta property=\"og:url\" content=\"https:\/\/fontfredapintures.com\/es\/producto\/agente-de-pulir-mpa-9010-bl-05l-ref202050\/\" \/>\n<meta property=\"og:site_name\" content=\"Fontfreda Pintures\" \/>\n<meta property=\"article:publisher\" content=\"https:\/\/www.facebook.com\/fontfredapintures\/\" \/>\n<meta property=\"article:modified_time\" content=\"2025-05-06T00:25:45+00:00\" \/>\n<meta property=\"og:image\" content=\"https:\/\/fontfredapintures.com\/wp-content\/uploads\/2024\/04\/fontfreda-tienda-online-pinturas-decoracion.jpg\" \/>\n\t<meta property=\"og:image:width\" content=\"1200\" \/>\n\t<meta property=\"og:image:height\" content=\"800\" \/>\n\t<meta property=\"og:image:type\" content=\"image\/jpeg\" \/>\n<meta name=\"twitter:card\" content=\"summary_large_image\" \/>\n<script type=\"application\/ld+json\" class=\"yoast-schema-graph\">{\"@context\":\"https:\/\/schema.org\",\"@graph\":[{\"@type\":\"WebPage\",\"@id\":\"https:\/\/fontfredapintures.com\/es\/producto\/agente-de-pulir-mpa-9010-bl-05l-ref202050\/\",\"url\":\"https:\/\/fontfredapintures.com\/es\/producto\/agente-de-pulir-mpa-9010-bl-05l-ref202050\/\",\"name\":\"Agente de pulir MPA 9010 BL\/0,5L (ref:202050) - Fontfreda Pintures\",\"isPartOf\":{\"@id\":\"https:\/\/fontfredapintures.com\/es\/#website\"},\"primaryImageOfPage\":{\"@id\":\"https:\/\/fontfredapintures.com\/es\/producto\/agente-de-pulir-mpa-9010-bl-05l-ref202050\/#primaryimage\"},\"image\":{\"@id\":\"https:\/\/fontfredapintures.com\/es\/producto\/agente-de-pulir-mpa-9010-bl-05l-ref202050\/#primaryimage\"},\"thumbnailUrl\":\"https:\/\/fontfredapintures.com\/wp-content\/uploads\/2024\/11\/13620200050000_2324.jpg\",\"datePublished\":\"2024-11-11T11:19:28+00:00\",\"dateModified\":\"2025-05-06T00:25:45+00:00\",\"breadcrumb\":{\"@id\":\"https:\/\/fontfredapintures.com\/es\/producto\/agente-de-pulir-mpa-9010-bl-05l-ref202050\/#breadcrumb\"},\"inLanguage\":\"es\",\"potentialAction\":[{\"@type\":\"ReadAction\",\"target\":[\"https:\/\/fontfredapintures.com\/es\/producto\/agente-de-pulir-mpa-9010-bl-05l-ref202050\/\"]}]},{\"@type\":\"ImageObject\",\"inLanguage\":\"es\",\"@id\":\"https:\/\/fontfredapintures.com\/es\/producto\/agente-de-pulir-mpa-9010-bl-05l-ref202050\/#primaryimage\",\"url\":\"https:\/\/fontfredapintures.com\/wp-content\/uploads\/2024\/11\/13620200050000_2324.jpg\",\"contentUrl\":\"https:\/\/fontfredapintures.com\/wp-content\/uploads\/2024\/11\/13620200050000_2324.jpg\",\"width\":1000,\"height\":1143},{\"@type\":\"BreadcrumbList\",\"@id\":\"https:\/\/fontfredapintures.com\/es\/producto\/agente-de-pulir-mpa-9010-bl-05l-ref202050\/#breadcrumb\",\"itemListElement\":[{\"@type\":\"ListItem\",\"position\":1,\"name\":\"Fontfreda\",\"item\":\"https:\/\/fontfredapintures.com\/es\/\"},{\"@type\":\"ListItem\",\"position\":2,\"name\":\"Tienda\",\"item\":\"https:\/\/fontfredapintures.com\/es\/tienda\/\"},{\"@type\":\"ListItem\",\"position\":3,\"name\":\"Agente de pulir MPA 9010 BL\/0,5L (ref:202050)\"}]},{\"@type\":\"WebSite\",\"@id\":\"https:\/\/fontfredapintures.com\/es\/#website\",\"url\":\"https:\/\/fontfredapintures.com\/es\/\",\"name\":\"Fontfreda Pintures\",\"description\":\"Tienda online de pintura, decoraci\u00f3n y bellas artes\",\"publisher\":{\"@id\":\"https:\/\/fontfredapintures.com\/es\/#organization\"},\"alternateName\":\"Pintures Fontfreda\",\"potentialAction\":[{\"@type\":\"SearchAction\",\"target\":{\"@type\":\"EntryPoint\",\"urlTemplate\":\"https:\/\/fontfredapintures.com\/es\/?s={search_term_string}\"},\"query-input\":{\"@type\":\"PropertyValueSpecification\",\"valueRequired\":true,\"valueName\":\"search_term_string\"}}],\"inLanguage\":\"es\"},{\"@type\":\"Organization\",\"@id\":\"https:\/\/fontfredapintures.com\/es\/#organization\",\"name\":\"Pintures Fontfreda\",\"alternateName\":\"Fontfreda Pintures\",\"url\":\"https:\/\/fontfredapintures.com\/es\/\",\"logo\":{\"@type\":\"ImageObject\",\"inLanguage\":\"es\",\"@id\":\"https:\/\/fontfredapintures.com\/es\/#\/schema\/logo\/image\/\",\"url\":\"https:\/\/fontfredapintures.com\/wp-content\/uploads\/2024\/04\/fontfreda-pintures-logo-yoast.jpg\",\"contentUrl\":\"https:\/\/fontfredapintures.com\/wp-content\/uploads\/2024\/04\/fontfreda-pintures-logo-yoast.jpg\",\"width\":900,\"height\":600,\"caption\":\"Pintures Fontfreda\"},\"image\":{\"@id\":\"https:\/\/fontfredapintures.com\/es\/#\/schema\/logo\/image\/\"},\"sameAs\":[\"https:\/\/www.facebook.com\/fontfredapintures\/\",\"https:\/\/www.instagram.com\/fontfredapintures\/\",\"https:\/\/www.linkedin.com\/company\/fontfredapintures\/\"]}]}<\/script>\n<!-- \/ Yoast SEO plugin. -->","yoast_head_json":{"title":"Agente de pulir MPA 9010 BL\/0,5L (ref:202050) - Fontfreda Pintures","robots":{"index":"index","follow":"follow","max-snippet":"max-snippet:-1","max-image-preview":"max-image-preview:large","max-video-preview":"max-video-preview:-1"},"canonical":"https:\/\/fontfredapintures.com\/es\/producto\/agente-de-pulir-mpa-9010-bl-05l-ref202050\/","og_locale":"es_ES","og_type":"article","og_title":"Agente de pulir MPA 9010 BL\/0,5L (ref:202050) - Fontfreda Pintures","og_description":"Los agentes de pulir de Festool facilitan el pulido. Adaptados de manera ideal a los distintos trabajos de pulido, proporcionan, en combinaci\u00f3n con la esponja Festool adecuada, unos \u00f3ptimos resultados con el m\u00ednimo esfuerzo.","og_url":"https:\/\/fontfredapintures.com\/es\/producto\/agente-de-pulir-mpa-9010-bl-05l-ref202050\/","og_site_name":"Fontfreda Pintures","article_publisher":"https:\/\/www.facebook.com\/fontfredapintures\/","article_modified_time":"2025-05-06T00:25:45+00:00","og_image":[{"width":1200,"height":800,"url":"https:\/\/fontfredapintures.com\/wp-content\/uploads\/2024\/04\/fontfreda-tienda-online-pinturas-decoracion.jpg","type":"image\/jpeg"}],"twitter_card":"summary_large_image","schema":{"@context":"https:\/\/schema.org","@graph":[{"@type":"WebPage","@id":"https:\/\/fontfredapintures.com\/es\/producto\/agente-de-pulir-mpa-9010-bl-05l-ref202050\/","url":"https:\/\/fontfredapintures.com\/es\/producto\/agente-de-pulir-mpa-9010-bl-05l-ref202050\/","name":"Agente de pulir MPA 9010 BL\/0,5L (ref:202050) - Fontfreda Pintures","isPartOf":{"@id":"https:\/\/fontfredapintures.com\/es\/#website"},"primaryImageOfPage":{"@id":"https:\/\/fontfredapintures.com\/es\/producto\/agente-de-pulir-mpa-9010-bl-05l-ref202050\/#primaryimage"},"image":{"@id":"https:\/\/fontfredapintures.com\/es\/producto\/agente-de-pulir-mpa-9010-bl-05l-ref202050\/#primaryimage"},"thumbnailUrl":"https:\/\/fontfredapintures.com\/wp-content\/uploads\/2024\/11\/13620200050000_2324.jpg","datePublished":"2024-11-11T11:19:28+00:00","dateModified":"2025-05-06T00:25:45+00:00","breadcrumb":{"@id":"https:\/\/fontfredapintures.com\/es\/producto\/agente-de-pulir-mpa-9010-bl-05l-ref202050\/#breadcrumb"},"inLanguage":"es","potentialAction":[{"@type":"ReadAction","target":["https:\/\/fontfredapintures.com\/es\/producto\/agente-de-pulir-mpa-9010-bl-05l-ref202050\/"]}]},{"@type":"ImageObject","inLanguage":"es","@id":"https:\/\/fontfredapintures.com\/es\/producto\/agente-de-pulir-mpa-9010-bl-05l-ref202050\/#primaryimage","url":"https:\/\/fontfredapintures.com\/wp-content\/uploads\/2024\/11\/13620200050000_2324.jpg","contentUrl":"https:\/\/fontfredapintures.com\/wp-content\/uploads\/2024\/11\/13620200050000_2324.jpg","width":1000,"height":1143},{"@type":"BreadcrumbList","@id":"https:\/\/fontfredapintures.com\/es\/producto\/agente-de-pulir-mpa-9010-bl-05l-ref202050\/#breadcrumb","itemListElement":[{"@type":"ListItem","position":1,"name":"Fontfreda","item":"https:\/\/fontfredapintures.com\/es\/"},{"@type":"ListItem","position":2,"name":"Tienda","item":"https:\/\/fontfredapintures.com\/es\/tienda\/"},{"@type":"ListItem","position":3,"name":"Agente de pulir MPA 9010 BL\/0,5L (ref:202050)"}]},{"@type":"WebSite","@id":"https:\/\/fontfredapintures.com\/es\/#website","url":"https:\/\/fontfredapintures.com\/es\/","name":"Fontfreda Pintures","description":"Tienda online de pintura, decoraci\u00f3n y bellas artes","publisher":{"@id":"https:\/\/fontfredapintures.com\/es\/#organization"},"alternateName":"Pintures Fontfreda","potentialAction":[{"@type":"SearchAction","target":{"@type":"EntryPoint","urlTemplate":"https:\/\/fontfredapintures.com\/es\/?s={search_term_string}"},"query-input":{"@type":"PropertyValueSpecification","valueRequired":true,"valueName":"search_term_string"}}],"inLanguage":"es"},{"@type":"Organization","@id":"https:\/\/fontfredapintures.com\/es\/#organization","name":"Pintures Fontfreda","alternateName":"Fontfreda Pintures","url":"https:\/\/fontfredapintures.com\/es\/","logo":{"@type":"ImageObject","inLanguage":"es","@id":"https:\/\/fontfredapintures.com\/es\/#\/schema\/logo\/image\/","url":"https:\/\/fontfredapintures.com\/wp-content\/uploads\/2024\/04\/fontfreda-pintures-logo-yoast.jpg","contentUrl":"https:\/\/fontfredapintures.com\/wp-content\/uploads\/2024\/04\/fontfreda-pintures-logo-yoast.jpg","width":900,"height":600,"caption":"Pintures Fontfreda"},"image":{"@id":"https:\/\/fontfredapintures.com\/es\/#\/schema\/logo\/image\/"},"sameAs":["https:\/\/www.facebook.com\/fontfredapintures\/","https:\/\/www.instagram.com\/fontfredapintures\/","https:\/\/www.linkedin.com\/company\/fontfredapintures\/"]}]}},"_links":{"self":[{"href":"https:\/\/fontfredapintures.com\/es\/wp-json\/wp\/v2\/product\/40862","targetHints":{"allow":["GET"]}}],"collection":[{"href":"https:\/\/fontfredapintures.com\/es\/wp-json\/wp\/v2\/product"}],"about":[{"href":"https:\/\/fontfredapintures.com\/es\/wp-json\/wp\/v2\/types\/product"}],"replies":[{"embeddable":true,"href":"https:\/\/fontfredapintures.com\/es\/wp-json\/wp\/v2\/comments?post=40862"}],"version-history":[{"count":0,"href":"https:\/\/fontfredapintures.com\/es\/wp-json\/wp\/v2\/product\/40862\/revisions"}],"wp:featuredmedia":[{"embeddable":true,"href":"https:\/\/fontfredapintures.com\/es\/wp-json\/wp\/v2\/media\/40860"}],"wp:attachment":[{"href":"https:\/\/fontfredapintures.com\/es\/wp-json\/wp\/v2\/media?parent=40862"}],"wp:term":[{"taxonomy":"product_brand","embeddable":true,"href":"https:\/\/fontfredapintures.com\/es\/wp-json\/wp\/v2\/product_brand?post=40862"},{"taxonomy":"product_cat","embeddable":true,"href":"https:\/\/fontfredapintures.com\/es\/wp-json\/wp\/v2\/product_cat?post=40862"},{"taxonomy":"product_tag","embeddable":true,"href":"https:\/\/fontfredapintures.com\/es\/wp-json\/wp\/v2\/product_tag?post=40862"}],"curies":[{"name":"wp","href":"https:\/\/api.w.org\/{rel}","templated":true}]}}