{"id":40731,"date":"2024-11-11T13:15:13","date_gmt":"2024-11-11T11:15:13","guid":{"rendered":"https:\/\/fontfredapintures.com\/producte\/foco-luz-a-bateria-syslite-kal-c-ref578128\/"},"modified":"2026-01-08T01:37:48","modified_gmt":"2026-01-07T23:37:48","slug":"foco-luz-a-bateria-syslite-kal-c-ref578128","status":"publish","type":"product","link":"https:\/\/fontfredapintures.com\/es\/producto\/foco-luz-a-bateria-syslite-kal-c-ref578128\/","title":{"rendered":"FOCO LUZ A BATER\u00cdA SYSLITE KAL C (ref:578128)"},"content":{"rendered":"<p>El foco SYSLITE KAL C es compacto, ligero y f\u00e1cil de transportar, lo cual lo hace ideal para espacios reducidos o de dif\u00edcil acceso. Su dise\u00f1o permite guardarlo al compartimento de la bater\u00eda de un Systainer o al malet\u00edn de herramientas.<\/p>\n<p>Ofrece hasta 1.200 l\u00famenes de iluminaci\u00f3n uniforme, con brillantez regulable en tres niveles (300, 600 y 1.200 l\u00famenes). Su luz es similar a la diurna (5.000 K), lo cual mejora el confort visual y reduce la fatiga en largas jornadas laborales.<\/p>\n<p>El cabezal es flexible, permitiendo ajustarlo de 0 a 180\u00b0. Adem\u00e1s, se puede colgar de un gancho o colocar sobre un tr\u00edpode para m\u00e1s versatilidad.<\/p>\n<p>Resistente a veces, polvo y salpicaduras, tiene una autonom\u00eda de hasta 6 horas con una bater\u00eda de 4,0 Ah en el nivel m\u00e1s luminoso. Es compatible con todas las bater\u00edas de 18 V de Festool, excepto las Ergopack.<\/p>\n<p>Con sus 24 Ledes, ilumina de manera \u00f3ptima una \u00e1rea de trabajo en un radio de 1 a 2 metros.<\/p>\n","protected":false},"excerpt":{"rendered":"<p>El foco SYSLITE KAL C, compacto y de gran potencia, ofrece una iluminaci\u00f3n homog\u00e9nea en cualquier \u00e1rea de trabajo. Ideal para espacios estrechos o de dif\u00edcil acceso, permite ajustar el cabezal de manera flexible para conseguir la mejor luz en todo momento. Proporciona una luz blanca similar a la diurna, asegurando visibilidad \u00f3ptima en cualquier posici\u00f3n.<\/p>\n","protected":false},"featured_media":47999,"comment_status":"open","ping_status":"closed","template":"","meta":[],"product_brand":[],"product_cat":[80,1221],"product_tag":[],"class_list":{"0":"post-40731","1":"product","2":"type-product","3":"status-publish","4":"has-post-thumbnail","6":"product_cat-maquinaria-es","7":"product_cat-iluminacion","8":"pa_brand-festool","10":"first","11":"instock","12":"sale","13":"taxable","14":"shipping-taxable","15":"purchasable","16":"product-type-simple"},"group_of_quantity":0,"min_quantity":0,"max_quantity":"","exclude_order_quantity_value_rules":"no","exclude_category_quantity_rules":"no","combine_variations":"no","yoast_head":"<!-- This site is optimized with the Yoast SEO plugin v25.7 - https:\/\/yoast.com\/wordpress\/plugins\/seo\/ -->\n<title>FOCO LUZ A BATER\u00cdA SYSLITE KAL C (ref:578128) - Fontfreda Pintures<\/title>\n<meta name=\"robots\" content=\"index, follow, max-snippet:-1, max-image-preview:large, max-video-preview:-1\" \/>\n<link rel=\"canonical\" href=\"https:\/\/fontfredapintures.com\/es\/producto\/foco-luz-a-bateria-syslite-kal-c-ref578128\/\" \/>\n<meta property=\"og:locale\" content=\"es_ES\" \/>\n<meta property=\"og:type\" content=\"article\" \/>\n<meta property=\"og:title\" content=\"FOCO LUZ A BATER\u00cdA SYSLITE KAL C (ref:578128) - Fontfreda Pintures\" \/>\n<meta property=\"og:description\" content=\"El foco SYSLITE KAL C, compacto y de gran potencia, ofrece una iluminaci\u00f3n homog\u00e9nea en cualquier \u00e1rea de trabajo. Ideal para espacios estrechos o de dif\u00edcil acceso, permite ajustar el cabezal de manera flexible para conseguir la mejor luz en todo momento. Proporciona una luz blanca similar a la diurna, asegurando visibilidad \u00f3ptima en cualquier posici\u00f3n.\" \/>\n<meta property=\"og:url\" content=\"https:\/\/fontfredapintures.com\/es\/producto\/foco-luz-a-bateria-syslite-kal-c-ref578128\/\" \/>\n<meta property=\"og:site_name\" content=\"Fontfreda Pintures\" \/>\n<meta property=\"article:publisher\" content=\"https:\/\/www.facebook.com\/fontfredapintures\/\" \/>\n<meta property=\"article:modified_time\" content=\"2026-01-07T23:37:48+00:00\" \/>\n<meta property=\"og:image\" content=\"https:\/\/fontfredapintures.com\/wp-content\/uploads\/2024\/11\/13600529_2561.jpg\" \/>\n\t<meta property=\"og:image:width\" content=\"1000\" \/>\n\t<meta property=\"og:image:height\" content=\"1143\" \/>\n\t<meta property=\"og:image:type\" content=\"image\/jpeg\" \/>\n<meta name=\"twitter:card\" content=\"summary_large_image\" \/>\n<meta name=\"twitter:label1\" content=\"Tiempo de lectura\" \/>\n\t<meta name=\"twitter:data1\" content=\"1 minuto\" \/>\n<script type=\"application\/ld+json\" class=\"yoast-schema-graph\">{\"@context\":\"https:\/\/schema.org\",\"@graph\":[{\"@type\":\"WebPage\",\"@id\":\"https:\/\/fontfredapintures.com\/es\/producto\/foco-luz-a-bateria-syslite-kal-c-ref578128\/\",\"url\":\"https:\/\/fontfredapintures.com\/es\/producto\/foco-luz-a-bateria-syslite-kal-c-ref578128\/\",\"name\":\"FOCO LUZ A BATER\u00cdA SYSLITE KAL C (ref:578128) - Fontfreda Pintures\",\"isPartOf\":{\"@id\":\"https:\/\/fontfredapintures.com\/es\/#website\"},\"primaryImageOfPage\":{\"@id\":\"https:\/\/fontfredapintures.com\/es\/producto\/foco-luz-a-bateria-syslite-kal-c-ref578128\/#primaryimage\"},\"image\":{\"@id\":\"https:\/\/fontfredapintures.com\/es\/producto\/foco-luz-a-bateria-syslite-kal-c-ref578128\/#primaryimage\"},\"thumbnailUrl\":\"https:\/\/fontfredapintures.com\/wp-content\/uploads\/2024\/11\/13600529_2561-16.jpg\",\"datePublished\":\"2024-11-11T11:15:13+00:00\",\"dateModified\":\"2026-01-07T23:37:48+00:00\",\"breadcrumb\":{\"@id\":\"https:\/\/fontfredapintures.com\/es\/producto\/foco-luz-a-bateria-syslite-kal-c-ref578128\/#breadcrumb\"},\"inLanguage\":\"es\",\"potentialAction\":[{\"@type\":\"ReadAction\",\"target\":[\"https:\/\/fontfredapintures.com\/es\/producto\/foco-luz-a-bateria-syslite-kal-c-ref578128\/\"]}]},{\"@type\":\"ImageObject\",\"inLanguage\":\"es\",\"@id\":\"https:\/\/fontfredapintures.com\/es\/producto\/foco-luz-a-bateria-syslite-kal-c-ref578128\/#primaryimage\",\"url\":\"https:\/\/fontfredapintures.com\/wp-content\/uploads\/2024\/11\/13600529_2561-16.jpg\",\"contentUrl\":\"https:\/\/fontfredapintures.com\/wp-content\/uploads\/2024\/11\/13600529_2561-16.jpg\",\"width\":1000,\"height\":1143},{\"@type\":\"BreadcrumbList\",\"@id\":\"https:\/\/fontfredapintures.com\/es\/producto\/foco-luz-a-bateria-syslite-kal-c-ref578128\/#breadcrumb\",\"itemListElement\":[{\"@type\":\"ListItem\",\"position\":1,\"name\":\"Fontfreda\",\"item\":\"https:\/\/fontfredapintures.com\/es\/\"},{\"@type\":\"ListItem\",\"position\":2,\"name\":\"Tienda\",\"item\":\"https:\/\/fontfredapintures.com\/es\/tienda\/\"},{\"@type\":\"ListItem\",\"position\":3,\"name\":\"FOCO LUZ A BATER\u00cdA SYSLITE KAL C (ref:578128)\"}]},{\"@type\":\"WebSite\",\"@id\":\"https:\/\/fontfredapintures.com\/es\/#website\",\"url\":\"https:\/\/fontfredapintures.com\/es\/\",\"name\":\"Fontfreda Pintures\",\"description\":\"Tienda online de pintura, decoraci\u00f3n y bellas artes\",\"publisher\":{\"@id\":\"https:\/\/fontfredapintures.com\/es\/#organization\"},\"alternateName\":\"Pintures Fontfreda\",\"potentialAction\":[{\"@type\":\"SearchAction\",\"target\":{\"@type\":\"EntryPoint\",\"urlTemplate\":\"https:\/\/fontfredapintures.com\/es\/?s={search_term_string}\"},\"query-input\":{\"@type\":\"PropertyValueSpecification\",\"valueRequired\":true,\"valueName\":\"search_term_string\"}}],\"inLanguage\":\"es\"},{\"@type\":\"Organization\",\"@id\":\"https:\/\/fontfredapintures.com\/es\/#organization\",\"name\":\"Pintures Fontfreda\",\"alternateName\":\"Fontfreda Pintures\",\"url\":\"https:\/\/fontfredapintures.com\/es\/\",\"logo\":{\"@type\":\"ImageObject\",\"inLanguage\":\"es\",\"@id\":\"https:\/\/fontfredapintures.com\/es\/#\/schema\/logo\/image\/\",\"url\":\"https:\/\/fontfredapintures.com\/wp-content\/uploads\/2024\/04\/fontfreda-pintures-logo-yoast.jpg\",\"contentUrl\":\"https:\/\/fontfredapintures.com\/wp-content\/uploads\/2024\/04\/fontfreda-pintures-logo-yoast.jpg\",\"width\":900,\"height\":600,\"caption\":\"Pintures Fontfreda\"},\"image\":{\"@id\":\"https:\/\/fontfredapintures.com\/es\/#\/schema\/logo\/image\/\"},\"sameAs\":[\"https:\/\/www.facebook.com\/fontfredapintures\/\",\"https:\/\/www.instagram.com\/fontfredapintures\/\",\"https:\/\/www.linkedin.com\/company\/fontfredapintures\/\"]}]}<\/script>\n<!-- \/ Yoast SEO plugin. -->","yoast_head_json":{"title":"FOCO LUZ A BATER\u00cdA SYSLITE KAL C (ref:578128) - Fontfreda Pintures","robots":{"index":"index","follow":"follow","max-snippet":"max-snippet:-1","max-image-preview":"max-image-preview:large","max-video-preview":"max-video-preview:-1"},"canonical":"https:\/\/fontfredapintures.com\/es\/producto\/foco-luz-a-bateria-syslite-kal-c-ref578128\/","og_locale":"es_ES","og_type":"article","og_title":"FOCO LUZ A BATER\u00cdA SYSLITE KAL C (ref:578128) - Fontfreda Pintures","og_description":"El foco SYSLITE KAL C, compacto y de gran potencia, ofrece una iluminaci\u00f3n homog\u00e9nea en cualquier \u00e1rea de trabajo. Ideal para espacios estrechos o de dif\u00edcil acceso, permite ajustar el cabezal de manera flexible para conseguir la mejor luz en todo momento. Proporciona una luz blanca similar a la diurna, asegurando visibilidad \u00f3ptima en cualquier posici\u00f3n.","og_url":"https:\/\/fontfredapintures.com\/es\/producto\/foco-luz-a-bateria-syslite-kal-c-ref578128\/","og_site_name":"Fontfreda Pintures","article_publisher":"https:\/\/www.facebook.com\/fontfredapintures\/","article_modified_time":"2026-01-07T23:37:48+00:00","og_image":[{"width":1000,"height":1143,"url":"https:\/\/fontfredapintures.com\/wp-content\/uploads\/2024\/11\/13600529_2561.jpg","type":"image\/jpeg"}],"twitter_card":"summary_large_image","twitter_misc":{"Tiempo de lectura":"1 minuto"},"schema":{"@context":"https:\/\/schema.org","@graph":[{"@type":"WebPage","@id":"https:\/\/fontfredapintures.com\/es\/producto\/foco-luz-a-bateria-syslite-kal-c-ref578128\/","url":"https:\/\/fontfredapintures.com\/es\/producto\/foco-luz-a-bateria-syslite-kal-c-ref578128\/","name":"FOCO LUZ A BATER\u00cdA SYSLITE KAL C (ref:578128) - Fontfreda Pintures","isPartOf":{"@id":"https:\/\/fontfredapintures.com\/es\/#website"},"primaryImageOfPage":{"@id":"https:\/\/fontfredapintures.com\/es\/producto\/foco-luz-a-bateria-syslite-kal-c-ref578128\/#primaryimage"},"image":{"@id":"https:\/\/fontfredapintures.com\/es\/producto\/foco-luz-a-bateria-syslite-kal-c-ref578128\/#primaryimage"},"thumbnailUrl":"https:\/\/fontfredapintures.com\/wp-content\/uploads\/2024\/11\/13600529_2561-16.jpg","datePublished":"2024-11-11T11:15:13+00:00","dateModified":"2026-01-07T23:37:48+00:00","breadcrumb":{"@id":"https:\/\/fontfredapintures.com\/es\/producto\/foco-luz-a-bateria-syslite-kal-c-ref578128\/#breadcrumb"},"inLanguage":"es","potentialAction":[{"@type":"ReadAction","target":["https:\/\/fontfredapintures.com\/es\/producto\/foco-luz-a-bateria-syslite-kal-c-ref578128\/"]}]},{"@type":"ImageObject","inLanguage":"es","@id":"https:\/\/fontfredapintures.com\/es\/producto\/foco-luz-a-bateria-syslite-kal-c-ref578128\/#primaryimage","url":"https:\/\/fontfredapintures.com\/wp-content\/uploads\/2024\/11\/13600529_2561-16.jpg","contentUrl":"https:\/\/fontfredapintures.com\/wp-content\/uploads\/2024\/11\/13600529_2561-16.jpg","width":1000,"height":1143},{"@type":"BreadcrumbList","@id":"https:\/\/fontfredapintures.com\/es\/producto\/foco-luz-a-bateria-syslite-kal-c-ref578128\/#breadcrumb","itemListElement":[{"@type":"ListItem","position":1,"name":"Fontfreda","item":"https:\/\/fontfredapintures.com\/es\/"},{"@type":"ListItem","position":2,"name":"Tienda","item":"https:\/\/fontfredapintures.com\/es\/tienda\/"},{"@type":"ListItem","position":3,"name":"FOCO LUZ A BATER\u00cdA SYSLITE KAL C (ref:578128)"}]},{"@type":"WebSite","@id":"https:\/\/fontfredapintures.com\/es\/#website","url":"https:\/\/fontfredapintures.com\/es\/","name":"Fontfreda Pintures","description":"Tienda online de pintura, decoraci\u00f3n y bellas artes","publisher":{"@id":"https:\/\/fontfredapintures.com\/es\/#organization"},"alternateName":"Pintures Fontfreda","potentialAction":[{"@type":"SearchAction","target":{"@type":"EntryPoint","urlTemplate":"https:\/\/fontfredapintures.com\/es\/?s={search_term_string}"},"query-input":{"@type":"PropertyValueSpecification","valueRequired":true,"valueName":"search_term_string"}}],"inLanguage":"es"},{"@type":"Organization","@id":"https:\/\/fontfredapintures.com\/es\/#organization","name":"Pintures Fontfreda","alternateName":"Fontfreda Pintures","url":"https:\/\/fontfredapintures.com\/es\/","logo":{"@type":"ImageObject","inLanguage":"es","@id":"https:\/\/fontfredapintures.com\/es\/#\/schema\/logo\/image\/","url":"https:\/\/fontfredapintures.com\/wp-content\/uploads\/2024\/04\/fontfreda-pintures-logo-yoast.jpg","contentUrl":"https:\/\/fontfredapintures.com\/wp-content\/uploads\/2024\/04\/fontfreda-pintures-logo-yoast.jpg","width":900,"height":600,"caption":"Pintures Fontfreda"},"image":{"@id":"https:\/\/fontfredapintures.com\/es\/#\/schema\/logo\/image\/"},"sameAs":["https:\/\/www.facebook.com\/fontfredapintures\/","https:\/\/www.instagram.com\/fontfredapintures\/","https:\/\/www.linkedin.com\/company\/fontfredapintures\/"]}]}},"_links":{"self":[{"href":"https:\/\/fontfredapintures.com\/es\/wp-json\/wp\/v2\/product\/40731","targetHints":{"allow":["GET"]}}],"collection":[{"href":"https:\/\/fontfredapintures.com\/es\/wp-json\/wp\/v2\/product"}],"about":[{"href":"https:\/\/fontfredapintures.com\/es\/wp-json\/wp\/v2\/types\/product"}],"replies":[{"embeddable":true,"href":"https:\/\/fontfredapintures.com\/es\/wp-json\/wp\/v2\/comments?post=40731"}],"version-history":[{"count":0,"href":"https:\/\/fontfredapintures.com\/es\/wp-json\/wp\/v2\/product\/40731\/revisions"}],"wp:featuredmedia":[{"embeddable":true,"href":"https:\/\/fontfredapintures.com\/es\/wp-json\/wp\/v2\/media\/47999"}],"wp:attachment":[{"href":"https:\/\/fontfredapintures.com\/es\/wp-json\/wp\/v2\/media?parent=40731"}],"wp:term":[{"taxonomy":"product_brand","embeddable":true,"href":"https:\/\/fontfredapintures.com\/es\/wp-json\/wp\/v2\/product_brand?post=40731"},{"taxonomy":"product_cat","embeddable":true,"href":"https:\/\/fontfredapintures.com\/es\/wp-json\/wp\/v2\/product_cat?post=40731"},{"taxonomy":"product_tag","embeddable":true,"href":"https:\/\/fontfredapintures.com\/es\/wp-json\/wp\/v2\/product_tag?post=40731"}],"curies":[{"name":"wp","href":"https:\/\/api.w.org\/{rel}","templated":true}]}}