{"id":40308,"date":"2024-11-11T12:57:55","date_gmt":"2024-11-11T10:57:55","guid":{"rendered":"https:\/\/fontfredapintures.com\/producte\/perno-doble-sv-db-d14-16-ref201352\/"},"modified":"2025-06-19T02:04:11","modified_gmt":"2025-06-19T00:04:11","slug":"perno-doble-sv-db-d14-16-ref201352","status":"publish","type":"product","link":"https:\/\/fontfredapintures.com\/es\/producto\/perno-doble-sv-db-d14-16-ref201352\/","title":{"rendered":"Perno doble SV-DB D14\/16 (ref:201352)"},"content":{"rendered":"<p>&#8211; El perno doble SV-DB D14 forma, junto con dos anclajes transversales SV-QA D14 y, opcionalmente, con la ampliaci\u00f3n SV-V D14, el conector para empalmes. Todas las piezas est\u00e1n disponibles en el Systainer de uniones DOMINO SV-SYS D14, como set FV\/16 o individualmente como piezas sueltas<br \/>\n&#8211; El sistema de juntas y empalmes para la fresadora de herrajes y tacos DOMINO XL DF 700 permite realizar uniones estables y desmontables a partir de un grosor de material de 30 mm<br \/>\n&#8211; Para el ensamblaje de bastidores y armazones (conector para juntas) y de tableros (conector para empalmes) que no solo destacan por su extraordinaria precisi\u00f3n y estabilidad, sino tambi\u00e9n por su m\u00e1xima flexibilidad y una eficiencia \u00fanica<br \/>\n&#8211; Extremadamente r\u00e1pido, ya que se fresa f\u00e1cilmente mediante los topes de la herramienta o marcas de l\u00e1piz. No se requieren plantillas ni otros accesorios<br \/>\n&#8211; Extremadamente estable con tacos y elementos de sujeci\u00f3n para uniones s\u00f3lidas. Gran espacio de aproximaci\u00f3n y fijaci\u00f3n. Fuerzas de extracci\u00f3n y cargas muy elevadas<br \/>\n&#8211; Extremadamente flexible y r\u00e1pido de desmontar en caso necesario<br \/>\n&#8211; Para realizar uniones con la fresadora de herrajes y tacos DOMINO XL DF 700<br \/>\n&#8211; En combinaci\u00f3n con 2 anclajes transversales SV-QA D14 (y clips de ampliaci\u00f3n opcionales SV-V D14 para materiales blandos), para crear empalmes en la construcci\u00f3n de muebles<\/p>\n","protected":false},"excerpt":{"rendered":"<p>La revoluci\u00f3n DOMINO en las uniones: ahora es posible realizar ensamblajes de madera perfectos de forma sencilla y m\u00e1s r\u00e1pido que nunca. Con los nuevos conectores para juntas y empalmes para la fresadora de herrajes y tacos DOMINO XL DF 700, hemos perfeccionado la idea de DOMINO de forma revolucionaria. Para el ensamblaje de bastidores, armazones y tableros que no solo destacan por su extraordinaria precisi\u00f3n y estabilidad, sino tambi\u00e9n por su m\u00e1xima flexibilidad y una eficiencia \u00fanica.<\/p>\n","protected":false},"featured_media":40294,"comment_status":"open","ping_status":"closed","template":"","meta":[],"product_brand":[],"product_cat":[80,1086],"product_tag":[],"class_list":{"0":"post-40308","1":"product","2":"type-product","3":"status-publish","4":"has-post-thumbnail","6":"product_cat-maquinaria-es","7":"product_cat-accesorios","8":"pa_brand-festool","9":"pa_utility-pule","11":"first","12":"instock","13":"taxable","14":"shipping-taxable","15":"purchasable","16":"product-type-simple"},"group_of_quantity":0,"min_quantity":0,"max_quantity":"","exclude_order_quantity_value_rules":"no","exclude_category_quantity_rules":"no","combine_variations":"no","yoast_head":"<!-- This site is optimized with the Yoast SEO plugin v25.7 - https:\/\/yoast.com\/wordpress\/plugins\/seo\/ -->\n<title>Perno doble SV-DB D14\/16 (ref:201352) - Fontfreda Pintures<\/title>\n<meta name=\"robots\" content=\"index, follow, max-snippet:-1, max-image-preview:large, max-video-preview:-1\" \/>\n<link rel=\"canonical\" href=\"https:\/\/fontfredapintures.com\/es\/producto\/perno-doble-sv-db-d14-16-ref201352\/\" \/>\n<meta property=\"og:locale\" content=\"es_ES\" \/>\n<meta property=\"og:type\" content=\"article\" \/>\n<meta property=\"og:title\" content=\"Perno doble SV-DB D14\/16 (ref:201352) - Fontfreda Pintures\" \/>\n<meta property=\"og:description\" content=\"La revoluci\u00f3n DOMINO en las uniones: ahora es posible realizar ensamblajes de madera perfectos de forma sencilla y m\u00e1s r\u00e1pido que nunca. Con los nuevos conectores para juntas y empalmes para la fresadora de herrajes y tacos DOMINO XL DF 700, hemos perfeccionado la idea de DOMINO de forma revolucionaria. Para el ensamblaje de bastidores, armazones y tableros que no solo destacan por su extraordinaria precisi\u00f3n y estabilidad, sino tambi\u00e9n por su m\u00e1xima flexibilidad y una eficiencia \u00fanica.\" \/>\n<meta property=\"og:url\" content=\"https:\/\/fontfredapintures.com\/es\/producto\/perno-doble-sv-db-d14-16-ref201352\/\" \/>\n<meta property=\"og:site_name\" content=\"Fontfreda Pintures\" \/>\n<meta property=\"article:publisher\" content=\"https:\/\/www.facebook.com\/fontfredapintures\/\" \/>\n<meta property=\"article:modified_time\" content=\"2025-06-19T00:04:11+00:00\" \/>\n<meta property=\"og:image\" content=\"https:\/\/fontfredapintures.com\/wp-content\/uploads\/2024\/04\/fontfreda-tienda-online-pinturas-decoracion.jpg\" \/>\n\t<meta property=\"og:image:width\" content=\"1200\" \/>\n\t<meta property=\"og:image:height\" content=\"800\" \/>\n\t<meta property=\"og:image:type\" content=\"image\/jpeg\" \/>\n<meta name=\"twitter:card\" content=\"summary_large_image\" \/>\n<meta name=\"twitter:label1\" content=\"Tiempo de lectura\" \/>\n\t<meta name=\"twitter:data1\" content=\"1 minuto\" \/>\n<script type=\"application\/ld+json\" class=\"yoast-schema-graph\">{\"@context\":\"https:\/\/schema.org\",\"@graph\":[{\"@type\":\"WebPage\",\"@id\":\"https:\/\/fontfredapintures.com\/es\/producto\/perno-doble-sv-db-d14-16-ref201352\/\",\"url\":\"https:\/\/fontfredapintures.com\/es\/producto\/perno-doble-sv-db-d14-16-ref201352\/\",\"name\":\"Perno doble SV-DB D14\/16 (ref:201352) - Fontfreda Pintures\",\"isPartOf\":{\"@id\":\"https:\/\/fontfredapintures.com\/es\/#website\"},\"primaryImageOfPage\":{\"@id\":\"https:\/\/fontfredapintures.com\/es\/producto\/perno-doble-sv-db-d14-16-ref201352\/#primaryimage\"},\"image\":{\"@id\":\"https:\/\/fontfredapintures.com\/es\/producto\/perno-doble-sv-db-d14-16-ref201352\/#primaryimage\"},\"thumbnailUrl\":\"https:\/\/fontfredapintures.com\/wp-content\/uploads\/2024\/11\/13600492_2290.jpg\",\"datePublished\":\"2024-11-11T10:57:55+00:00\",\"dateModified\":\"2025-06-19T00:04:11+00:00\",\"breadcrumb\":{\"@id\":\"https:\/\/fontfredapintures.com\/es\/producto\/perno-doble-sv-db-d14-16-ref201352\/#breadcrumb\"},\"inLanguage\":\"es\",\"potentialAction\":[{\"@type\":\"ReadAction\",\"target\":[\"https:\/\/fontfredapintures.com\/es\/producto\/perno-doble-sv-db-d14-16-ref201352\/\"]}]},{\"@type\":\"ImageObject\",\"inLanguage\":\"es\",\"@id\":\"https:\/\/fontfredapintures.com\/es\/producto\/perno-doble-sv-db-d14-16-ref201352\/#primaryimage\",\"url\":\"https:\/\/fontfredapintures.com\/wp-content\/uploads\/2024\/11\/13600492_2290.jpg\",\"contentUrl\":\"https:\/\/fontfredapintures.com\/wp-content\/uploads\/2024\/11\/13600492_2290.jpg\",\"width\":1000,\"height\":1143},{\"@type\":\"BreadcrumbList\",\"@id\":\"https:\/\/fontfredapintures.com\/es\/producto\/perno-doble-sv-db-d14-16-ref201352\/#breadcrumb\",\"itemListElement\":[{\"@type\":\"ListItem\",\"position\":1,\"name\":\"Fontfreda\",\"item\":\"https:\/\/fontfredapintures.com\/es\/\"},{\"@type\":\"ListItem\",\"position\":2,\"name\":\"Tienda\",\"item\":\"https:\/\/fontfredapintures.com\/es\/tienda\/\"},{\"@type\":\"ListItem\",\"position\":3,\"name\":\"Perno doble SV-DB D14\/16 (ref:201352)\"}]},{\"@type\":\"WebSite\",\"@id\":\"https:\/\/fontfredapintures.com\/es\/#website\",\"url\":\"https:\/\/fontfredapintures.com\/es\/\",\"name\":\"Fontfreda Pintures\",\"description\":\"Tienda online de pintura, decoraci\u00f3n y bellas artes\",\"publisher\":{\"@id\":\"https:\/\/fontfredapintures.com\/es\/#organization\"},\"alternateName\":\"Pintures Fontfreda\",\"potentialAction\":[{\"@type\":\"SearchAction\",\"target\":{\"@type\":\"EntryPoint\",\"urlTemplate\":\"https:\/\/fontfredapintures.com\/es\/?s={search_term_string}\"},\"query-input\":{\"@type\":\"PropertyValueSpecification\",\"valueRequired\":true,\"valueName\":\"search_term_string\"}}],\"inLanguage\":\"es\"},{\"@type\":\"Organization\",\"@id\":\"https:\/\/fontfredapintures.com\/es\/#organization\",\"name\":\"Pintures Fontfreda\",\"alternateName\":\"Fontfreda Pintures\",\"url\":\"https:\/\/fontfredapintures.com\/es\/\",\"logo\":{\"@type\":\"ImageObject\",\"inLanguage\":\"es\",\"@id\":\"https:\/\/fontfredapintures.com\/es\/#\/schema\/logo\/image\/\",\"url\":\"https:\/\/fontfredapintures.com\/wp-content\/uploads\/2024\/04\/fontfreda-pintures-logo-yoast.jpg\",\"contentUrl\":\"https:\/\/fontfredapintures.com\/wp-content\/uploads\/2024\/04\/fontfreda-pintures-logo-yoast.jpg\",\"width\":900,\"height\":600,\"caption\":\"Pintures Fontfreda\"},\"image\":{\"@id\":\"https:\/\/fontfredapintures.com\/es\/#\/schema\/logo\/image\/\"},\"sameAs\":[\"https:\/\/www.facebook.com\/fontfredapintures\/\",\"https:\/\/www.instagram.com\/fontfredapintures\/\",\"https:\/\/www.linkedin.com\/company\/fontfredapintures\/\"]}]}<\/script>\n<!-- \/ Yoast SEO plugin. -->","yoast_head_json":{"title":"Perno doble SV-DB D14\/16 (ref:201352) - Fontfreda Pintures","robots":{"index":"index","follow":"follow","max-snippet":"max-snippet:-1","max-image-preview":"max-image-preview:large","max-video-preview":"max-video-preview:-1"},"canonical":"https:\/\/fontfredapintures.com\/es\/producto\/perno-doble-sv-db-d14-16-ref201352\/","og_locale":"es_ES","og_type":"article","og_title":"Perno doble SV-DB D14\/16 (ref:201352) - Fontfreda Pintures","og_description":"La revoluci\u00f3n DOMINO en las uniones: ahora es posible realizar ensamblajes de madera perfectos de forma sencilla y m\u00e1s r\u00e1pido que nunca. Con los nuevos conectores para juntas y empalmes para la fresadora de herrajes y tacos DOMINO XL DF 700, hemos perfeccionado la idea de DOMINO de forma revolucionaria. Para el ensamblaje de bastidores, armazones y tableros que no solo destacan por su extraordinaria precisi\u00f3n y estabilidad, sino tambi\u00e9n por su m\u00e1xima flexibilidad y una eficiencia \u00fanica.","og_url":"https:\/\/fontfredapintures.com\/es\/producto\/perno-doble-sv-db-d14-16-ref201352\/","og_site_name":"Fontfreda Pintures","article_publisher":"https:\/\/www.facebook.com\/fontfredapintures\/","article_modified_time":"2025-06-19T00:04:11+00:00","og_image":[{"width":1200,"height":800,"url":"https:\/\/fontfredapintures.com\/wp-content\/uploads\/2024\/04\/fontfreda-tienda-online-pinturas-decoracion.jpg","type":"image\/jpeg"}],"twitter_card":"summary_large_image","twitter_misc":{"Tiempo de lectura":"1 minuto"},"schema":{"@context":"https:\/\/schema.org","@graph":[{"@type":"WebPage","@id":"https:\/\/fontfredapintures.com\/es\/producto\/perno-doble-sv-db-d14-16-ref201352\/","url":"https:\/\/fontfredapintures.com\/es\/producto\/perno-doble-sv-db-d14-16-ref201352\/","name":"Perno doble SV-DB D14\/16 (ref:201352) - Fontfreda Pintures","isPartOf":{"@id":"https:\/\/fontfredapintures.com\/es\/#website"},"primaryImageOfPage":{"@id":"https:\/\/fontfredapintures.com\/es\/producto\/perno-doble-sv-db-d14-16-ref201352\/#primaryimage"},"image":{"@id":"https:\/\/fontfredapintures.com\/es\/producto\/perno-doble-sv-db-d14-16-ref201352\/#primaryimage"},"thumbnailUrl":"https:\/\/fontfredapintures.com\/wp-content\/uploads\/2024\/11\/13600492_2290.jpg","datePublished":"2024-11-11T10:57:55+00:00","dateModified":"2025-06-19T00:04:11+00:00","breadcrumb":{"@id":"https:\/\/fontfredapintures.com\/es\/producto\/perno-doble-sv-db-d14-16-ref201352\/#breadcrumb"},"inLanguage":"es","potentialAction":[{"@type":"ReadAction","target":["https:\/\/fontfredapintures.com\/es\/producto\/perno-doble-sv-db-d14-16-ref201352\/"]}]},{"@type":"ImageObject","inLanguage":"es","@id":"https:\/\/fontfredapintures.com\/es\/producto\/perno-doble-sv-db-d14-16-ref201352\/#primaryimage","url":"https:\/\/fontfredapintures.com\/wp-content\/uploads\/2024\/11\/13600492_2290.jpg","contentUrl":"https:\/\/fontfredapintures.com\/wp-content\/uploads\/2024\/11\/13600492_2290.jpg","width":1000,"height":1143},{"@type":"BreadcrumbList","@id":"https:\/\/fontfredapintures.com\/es\/producto\/perno-doble-sv-db-d14-16-ref201352\/#breadcrumb","itemListElement":[{"@type":"ListItem","position":1,"name":"Fontfreda","item":"https:\/\/fontfredapintures.com\/es\/"},{"@type":"ListItem","position":2,"name":"Tienda","item":"https:\/\/fontfredapintures.com\/es\/tienda\/"},{"@type":"ListItem","position":3,"name":"Perno doble SV-DB D14\/16 (ref:201352)"}]},{"@type":"WebSite","@id":"https:\/\/fontfredapintures.com\/es\/#website","url":"https:\/\/fontfredapintures.com\/es\/","name":"Fontfreda Pintures","description":"Tienda online de pintura, decoraci\u00f3n y bellas artes","publisher":{"@id":"https:\/\/fontfredapintures.com\/es\/#organization"},"alternateName":"Pintures Fontfreda","potentialAction":[{"@type":"SearchAction","target":{"@type":"EntryPoint","urlTemplate":"https:\/\/fontfredapintures.com\/es\/?s={search_term_string}"},"query-input":{"@type":"PropertyValueSpecification","valueRequired":true,"valueName":"search_term_string"}}],"inLanguage":"es"},{"@type":"Organization","@id":"https:\/\/fontfredapintures.com\/es\/#organization","name":"Pintures Fontfreda","alternateName":"Fontfreda Pintures","url":"https:\/\/fontfredapintures.com\/es\/","logo":{"@type":"ImageObject","inLanguage":"es","@id":"https:\/\/fontfredapintures.com\/es\/#\/schema\/logo\/image\/","url":"https:\/\/fontfredapintures.com\/wp-content\/uploads\/2024\/04\/fontfreda-pintures-logo-yoast.jpg","contentUrl":"https:\/\/fontfredapintures.com\/wp-content\/uploads\/2024\/04\/fontfreda-pintures-logo-yoast.jpg","width":900,"height":600,"caption":"Pintures Fontfreda"},"image":{"@id":"https:\/\/fontfredapintures.com\/es\/#\/schema\/logo\/image\/"},"sameAs":["https:\/\/www.facebook.com\/fontfredapintures\/","https:\/\/www.instagram.com\/fontfredapintures\/","https:\/\/www.linkedin.com\/company\/fontfredapintures\/"]}]}},"_links":{"self":[{"href":"https:\/\/fontfredapintures.com\/es\/wp-json\/wp\/v2\/product\/40308","targetHints":{"allow":["GET"]}}],"collection":[{"href":"https:\/\/fontfredapintures.com\/es\/wp-json\/wp\/v2\/product"}],"about":[{"href":"https:\/\/fontfredapintures.com\/es\/wp-json\/wp\/v2\/types\/product"}],"replies":[{"embeddable":true,"href":"https:\/\/fontfredapintures.com\/es\/wp-json\/wp\/v2\/comments?post=40308"}],"version-history":[{"count":0,"href":"https:\/\/fontfredapintures.com\/es\/wp-json\/wp\/v2\/product\/40308\/revisions"}],"wp:featuredmedia":[{"embeddable":true,"href":"https:\/\/fontfredapintures.com\/es\/wp-json\/wp\/v2\/media\/40294"}],"wp:attachment":[{"href":"https:\/\/fontfredapintures.com\/es\/wp-json\/wp\/v2\/media?parent=40308"}],"wp:term":[{"taxonomy":"product_brand","embeddable":true,"href":"https:\/\/fontfredapintures.com\/es\/wp-json\/wp\/v2\/product_brand?post=40308"},{"taxonomy":"product_cat","embeddable":true,"href":"https:\/\/fontfredapintures.com\/es\/wp-json\/wp\/v2\/product_cat?post=40308"},{"taxonomy":"product_tag","embeddable":true,"href":"https:\/\/fontfredapintures.com\/es\/wp-json\/wp\/v2\/product_tag?post=40308"}],"curies":[{"name":"wp","href":"https:\/\/api.w.org\/{rel}","templated":true}]}}