{"id":39927,"date":"2024-11-11T12:42:38","date_gmt":"2024-11-11T10:42:38","guid":{"rendered":"https:\/\/fontfredapintures.com\/producte\/exoesqueleto-exoactive-exo-18-hpc-40-i-plus-ref577339\/"},"modified":"2024-11-26T00:00:06","modified_gmt":"2024-11-25T22:00:06","slug":"exoesqueleto-exoactive-exo-18-hpc-40-i-plus-ref577339","status":"publish","type":"product","link":"https:\/\/fontfredapintures.com\/es\/producto\/exoesqueleto-exoactive-exo-18-hpc-40-i-plus-ref577339\/","title":{"rendered":"Exoesqueleto ExoActive EXO 18 HPC 4,0 I-Plus (ref:577339)"},"content":{"rendered":"<p>&#8211; Apoyo: El sistema activo permite trabajar sin fatiga durante las actividades por encima de la cabeza<br \/>\n&#8211; Evita sobreesfuerzos: Ayuda a evitar sobrecargas a largo plazo<br \/>\n&#8211; Mantenerse concentrado: Con el apoyo de ExoActive, se mantiene la concentraci\u00f3n durante m\u00e1s tiempo, se reduce la fatiga y se trabaja de forma m\u00e1s eficiente<br \/>\n&#8211; Control individual: Posibilidad de elegir entre tres gamas de trabajo en funci\u00f3n de la aplicaci\u00f3n y regulaci\u00f3n del rendimiento del soporte en cinco niveles<br \/>\n&#8211; F\u00e1cil de poner: Como una mochila, se ajusta de manera f\u00e1cil y r\u00e1pida a la talla del usuario mediante varias opciones de ajuste<br \/>\n&#8211; M\u00e1xima libertad de movimientos: ajuste ce\u00f1ido al cuerpo<br \/>\n&#8211; Lavable: Gracias al sencillo sistema de cambio, las piezas textiles y correas pueden sustituirse r\u00e1pidamente<br \/>\n&#8211; Compatibilidad: forma parte del sistema de 18 V de Festool con bater\u00eda de sistema y todas las ventajas asociadas<br \/>\n. Exclusivo: Al registrarse en un plazo de 30 d\u00edas tras la compra, se obtiene la protecci\u00f3n completa de Festool Service (festool.es\/servicio\/garant\u00eda-all-inclusive)<\/p>\n","protected":false},"excerpt":{"rendered":"<p>El exoesqueleto ExoActive est\u00e1 disponible exclusivamente en distribuidores especializados.<br \/>\nSe puede regular la capacidad de apoyo necesaria en el exoesqueleto en cuesti\u00f3n de segundos para que ayude espec\u00edficamente donde se necesita. El ExoActive es ligero, c\u00f3modo de llevar y, adem\u00e1s, se puede ajustar r\u00e1pidamente a la estatura de cada uno, como si fuese una mochila.<\/p>\n","protected":false},"featured_media":39919,"comment_status":"open","ping_status":"closed","template":"","meta":[],"product_brand":[],"product_cat":[80,1086],"product_tag":[],"class_list":{"0":"post-39927","1":"product","2":"type-product","3":"status-publish","4":"has-post-thumbnail","6":"product_cat-maquinaria-es","7":"product_cat-accesorios","8":"pa_brand-festool","9":"pa_utility-pule","11":"first","12":"instock","13":"taxable","14":"shipping-taxable","15":"purchasable","16":"product-type-simple"},"group_of_quantity":0,"min_quantity":0,"max_quantity":"","exclude_order_quantity_value_rules":"no","exclude_category_quantity_rules":"no","combine_variations":"no","yoast_head":"<!-- This site is optimized with the Yoast SEO plugin v25.7 - https:\/\/yoast.com\/wordpress\/plugins\/seo\/ -->\n<title>Exoesqueleto ExoActive EXO 18 HPC 4,0 I-Plus (ref:577339) - Fontfreda Pintures<\/title>\n<meta name=\"robots\" content=\"index, follow, max-snippet:-1, max-image-preview:large, max-video-preview:-1\" \/>\n<link rel=\"canonical\" href=\"https:\/\/fontfredapintures.com\/es\/producto\/exoesqueleto-exoactive-exo-18-hpc-40-i-plus-ref577339\/\" \/>\n<meta property=\"og:locale\" content=\"es_ES\" \/>\n<meta property=\"og:type\" content=\"article\" \/>\n<meta property=\"og:title\" content=\"Exoesqueleto ExoActive EXO 18 HPC 4,0 I-Plus (ref:577339) - Fontfreda Pintures\" \/>\n<meta property=\"og:description\" content=\"El exoesqueleto ExoActive est\u00e1 disponible exclusivamente en distribuidores especializados. Se puede regular la capacidad de apoyo necesaria en el exoesqueleto en cuesti\u00f3n de segundos para que ayude espec\u00edficamente donde se necesita. El ExoActive es ligero, c\u00f3modo de llevar y, adem\u00e1s, se puede ajustar r\u00e1pidamente a la estatura de cada uno, como si fuese una mochila.\" \/>\n<meta property=\"og:url\" content=\"https:\/\/fontfredapintures.com\/es\/producto\/exoesqueleto-exoactive-exo-18-hpc-40-i-plus-ref577339\/\" \/>\n<meta property=\"og:site_name\" content=\"Fontfreda Pintures\" \/>\n<meta property=\"article:publisher\" content=\"https:\/\/www.facebook.com\/fontfredapintures\/\" \/>\n<meta property=\"article:modified_time\" content=\"2024-11-25T22:00:06+00:00\" \/>\n<meta property=\"og:image\" content=\"https:\/\/fontfredapintures.com\/wp-content\/uploads\/2024\/04\/fontfreda-tienda-online-pinturas-decoracion.jpg\" \/>\n\t<meta property=\"og:image:width\" content=\"1200\" \/>\n\t<meta property=\"og:image:height\" content=\"800\" \/>\n\t<meta property=\"og:image:type\" content=\"image\/jpeg\" \/>\n<meta name=\"twitter:card\" content=\"summary_large_image\" \/>\n<meta name=\"twitter:label1\" content=\"Tiempo de lectura\" \/>\n\t<meta name=\"twitter:data1\" content=\"1 minuto\" \/>\n<script type=\"application\/ld+json\" class=\"yoast-schema-graph\">{\"@context\":\"https:\/\/schema.org\",\"@graph\":[{\"@type\":\"WebPage\",\"@id\":\"https:\/\/fontfredapintures.com\/es\/producto\/exoesqueleto-exoactive-exo-18-hpc-40-i-plus-ref577339\/\",\"url\":\"https:\/\/fontfredapintures.com\/es\/producto\/exoesqueleto-exoactive-exo-18-hpc-40-i-plus-ref577339\/\",\"name\":\"Exoesqueleto ExoActive EXO 18 HPC 4,0 I-Plus (ref:577339) - Fontfreda Pintures\",\"isPartOf\":{\"@id\":\"https:\/\/fontfredapintures.com\/es\/#website\"},\"primaryImageOfPage\":{\"@id\":\"https:\/\/fontfredapintures.com\/es\/producto\/exoesqueleto-exoactive-exo-18-hpc-40-i-plus-ref577339\/#primaryimage\"},\"image\":{\"@id\":\"https:\/\/fontfredapintures.com\/es\/producto\/exoesqueleto-exoactive-exo-18-hpc-40-i-plus-ref577339\/#primaryimage\"},\"thumbnailUrl\":\"https:\/\/fontfredapintures.com\/wp-content\/uploads\/2024\/11\/13600466_2169.jpg\",\"datePublished\":\"2024-11-11T10:42:38+00:00\",\"dateModified\":\"2024-11-25T22:00:06+00:00\",\"breadcrumb\":{\"@id\":\"https:\/\/fontfredapintures.com\/es\/producto\/exoesqueleto-exoactive-exo-18-hpc-40-i-plus-ref577339\/#breadcrumb\"},\"inLanguage\":\"es\",\"potentialAction\":[{\"@type\":\"ReadAction\",\"target\":[\"https:\/\/fontfredapintures.com\/es\/producto\/exoesqueleto-exoactive-exo-18-hpc-40-i-plus-ref577339\/\"]}]},{\"@type\":\"ImageObject\",\"inLanguage\":\"es\",\"@id\":\"https:\/\/fontfredapintures.com\/es\/producto\/exoesqueleto-exoactive-exo-18-hpc-40-i-plus-ref577339\/#primaryimage\",\"url\":\"https:\/\/fontfredapintures.com\/wp-content\/uploads\/2024\/11\/13600466_2169.jpg\",\"contentUrl\":\"https:\/\/fontfredapintures.com\/wp-content\/uploads\/2024\/11\/13600466_2169.jpg\",\"width\":1000,\"height\":1143},{\"@type\":\"BreadcrumbList\",\"@id\":\"https:\/\/fontfredapintures.com\/es\/producto\/exoesqueleto-exoactive-exo-18-hpc-40-i-plus-ref577339\/#breadcrumb\",\"itemListElement\":[{\"@type\":\"ListItem\",\"position\":1,\"name\":\"Fontfreda\",\"item\":\"https:\/\/fontfredapintures.com\/es\/\"},{\"@type\":\"ListItem\",\"position\":2,\"name\":\"Tienda\",\"item\":\"https:\/\/fontfredapintures.com\/es\/tienda\/\"},{\"@type\":\"ListItem\",\"position\":3,\"name\":\"Exoesqueleto ExoActive EXO 18 HPC 4,0 I-Plus (ref:577339)\"}]},{\"@type\":\"WebSite\",\"@id\":\"https:\/\/fontfredapintures.com\/es\/#website\",\"url\":\"https:\/\/fontfredapintures.com\/es\/\",\"name\":\"Fontfreda Pintures\",\"description\":\"Tienda online de pintura, decoraci\u00f3n y bellas artes\",\"publisher\":{\"@id\":\"https:\/\/fontfredapintures.com\/es\/#organization\"},\"alternateName\":\"Pintures Fontfreda\",\"potentialAction\":[{\"@type\":\"SearchAction\",\"target\":{\"@type\":\"EntryPoint\",\"urlTemplate\":\"https:\/\/fontfredapintures.com\/es\/?s={search_term_string}\"},\"query-input\":{\"@type\":\"PropertyValueSpecification\",\"valueRequired\":true,\"valueName\":\"search_term_string\"}}],\"inLanguage\":\"es\"},{\"@type\":\"Organization\",\"@id\":\"https:\/\/fontfredapintures.com\/es\/#organization\",\"name\":\"Pintures Fontfreda\",\"alternateName\":\"Fontfreda Pintures\",\"url\":\"https:\/\/fontfredapintures.com\/es\/\",\"logo\":{\"@type\":\"ImageObject\",\"inLanguage\":\"es\",\"@id\":\"https:\/\/fontfredapintures.com\/es\/#\/schema\/logo\/image\/\",\"url\":\"https:\/\/fontfredapintures.com\/wp-content\/uploads\/2024\/04\/fontfreda-pintures-logo-yoast.jpg\",\"contentUrl\":\"https:\/\/fontfredapintures.com\/wp-content\/uploads\/2024\/04\/fontfreda-pintures-logo-yoast.jpg\",\"width\":900,\"height\":600,\"caption\":\"Pintures Fontfreda\"},\"image\":{\"@id\":\"https:\/\/fontfredapintures.com\/es\/#\/schema\/logo\/image\/\"},\"sameAs\":[\"https:\/\/www.facebook.com\/fontfredapintures\/\",\"https:\/\/www.instagram.com\/fontfredapintures\/\",\"https:\/\/www.linkedin.com\/company\/fontfredapintures\/\"]}]}<\/script>\n<!-- \/ Yoast SEO plugin. -->","yoast_head_json":{"title":"Exoesqueleto ExoActive EXO 18 HPC 4,0 I-Plus (ref:577339) - Fontfreda Pintures","robots":{"index":"index","follow":"follow","max-snippet":"max-snippet:-1","max-image-preview":"max-image-preview:large","max-video-preview":"max-video-preview:-1"},"canonical":"https:\/\/fontfredapintures.com\/es\/producto\/exoesqueleto-exoactive-exo-18-hpc-40-i-plus-ref577339\/","og_locale":"es_ES","og_type":"article","og_title":"Exoesqueleto ExoActive EXO 18 HPC 4,0 I-Plus (ref:577339) - Fontfreda Pintures","og_description":"El exoesqueleto ExoActive est\u00e1 disponible exclusivamente en distribuidores especializados. Se puede regular la capacidad de apoyo necesaria en el exoesqueleto en cuesti\u00f3n de segundos para que ayude espec\u00edficamente donde se necesita. El ExoActive es ligero, c\u00f3modo de llevar y, adem\u00e1s, se puede ajustar r\u00e1pidamente a la estatura de cada uno, como si fuese una mochila.","og_url":"https:\/\/fontfredapintures.com\/es\/producto\/exoesqueleto-exoactive-exo-18-hpc-40-i-plus-ref577339\/","og_site_name":"Fontfreda Pintures","article_publisher":"https:\/\/www.facebook.com\/fontfredapintures\/","article_modified_time":"2024-11-25T22:00:06+00:00","og_image":[{"width":1200,"height":800,"url":"https:\/\/fontfredapintures.com\/wp-content\/uploads\/2024\/04\/fontfreda-tienda-online-pinturas-decoracion.jpg","type":"image\/jpeg"}],"twitter_card":"summary_large_image","twitter_misc":{"Tiempo de lectura":"1 minuto"},"schema":{"@context":"https:\/\/schema.org","@graph":[{"@type":"WebPage","@id":"https:\/\/fontfredapintures.com\/es\/producto\/exoesqueleto-exoactive-exo-18-hpc-40-i-plus-ref577339\/","url":"https:\/\/fontfredapintures.com\/es\/producto\/exoesqueleto-exoactive-exo-18-hpc-40-i-plus-ref577339\/","name":"Exoesqueleto ExoActive EXO 18 HPC 4,0 I-Plus (ref:577339) - Fontfreda Pintures","isPartOf":{"@id":"https:\/\/fontfredapintures.com\/es\/#website"},"primaryImageOfPage":{"@id":"https:\/\/fontfredapintures.com\/es\/producto\/exoesqueleto-exoactive-exo-18-hpc-40-i-plus-ref577339\/#primaryimage"},"image":{"@id":"https:\/\/fontfredapintures.com\/es\/producto\/exoesqueleto-exoactive-exo-18-hpc-40-i-plus-ref577339\/#primaryimage"},"thumbnailUrl":"https:\/\/fontfredapintures.com\/wp-content\/uploads\/2024\/11\/13600466_2169.jpg","datePublished":"2024-11-11T10:42:38+00:00","dateModified":"2024-11-25T22:00:06+00:00","breadcrumb":{"@id":"https:\/\/fontfredapintures.com\/es\/producto\/exoesqueleto-exoactive-exo-18-hpc-40-i-plus-ref577339\/#breadcrumb"},"inLanguage":"es","potentialAction":[{"@type":"ReadAction","target":["https:\/\/fontfredapintures.com\/es\/producto\/exoesqueleto-exoactive-exo-18-hpc-40-i-plus-ref577339\/"]}]},{"@type":"ImageObject","inLanguage":"es","@id":"https:\/\/fontfredapintures.com\/es\/producto\/exoesqueleto-exoactive-exo-18-hpc-40-i-plus-ref577339\/#primaryimage","url":"https:\/\/fontfredapintures.com\/wp-content\/uploads\/2024\/11\/13600466_2169.jpg","contentUrl":"https:\/\/fontfredapintures.com\/wp-content\/uploads\/2024\/11\/13600466_2169.jpg","width":1000,"height":1143},{"@type":"BreadcrumbList","@id":"https:\/\/fontfredapintures.com\/es\/producto\/exoesqueleto-exoactive-exo-18-hpc-40-i-plus-ref577339\/#breadcrumb","itemListElement":[{"@type":"ListItem","position":1,"name":"Fontfreda","item":"https:\/\/fontfredapintures.com\/es\/"},{"@type":"ListItem","position":2,"name":"Tienda","item":"https:\/\/fontfredapintures.com\/es\/tienda\/"},{"@type":"ListItem","position":3,"name":"Exoesqueleto ExoActive EXO 18 HPC 4,0 I-Plus (ref:577339)"}]},{"@type":"WebSite","@id":"https:\/\/fontfredapintures.com\/es\/#website","url":"https:\/\/fontfredapintures.com\/es\/","name":"Fontfreda Pintures","description":"Tienda online de pintura, decoraci\u00f3n y bellas artes","publisher":{"@id":"https:\/\/fontfredapintures.com\/es\/#organization"},"alternateName":"Pintures Fontfreda","potentialAction":[{"@type":"SearchAction","target":{"@type":"EntryPoint","urlTemplate":"https:\/\/fontfredapintures.com\/es\/?s={search_term_string}"},"query-input":{"@type":"PropertyValueSpecification","valueRequired":true,"valueName":"search_term_string"}}],"inLanguage":"es"},{"@type":"Organization","@id":"https:\/\/fontfredapintures.com\/es\/#organization","name":"Pintures Fontfreda","alternateName":"Fontfreda Pintures","url":"https:\/\/fontfredapintures.com\/es\/","logo":{"@type":"ImageObject","inLanguage":"es","@id":"https:\/\/fontfredapintures.com\/es\/#\/schema\/logo\/image\/","url":"https:\/\/fontfredapintures.com\/wp-content\/uploads\/2024\/04\/fontfreda-pintures-logo-yoast.jpg","contentUrl":"https:\/\/fontfredapintures.com\/wp-content\/uploads\/2024\/04\/fontfreda-pintures-logo-yoast.jpg","width":900,"height":600,"caption":"Pintures Fontfreda"},"image":{"@id":"https:\/\/fontfredapintures.com\/es\/#\/schema\/logo\/image\/"},"sameAs":["https:\/\/www.facebook.com\/fontfredapintures\/","https:\/\/www.instagram.com\/fontfredapintures\/","https:\/\/www.linkedin.com\/company\/fontfredapintures\/"]}]}},"_links":{"self":[{"href":"https:\/\/fontfredapintures.com\/es\/wp-json\/wp\/v2\/product\/39927","targetHints":{"allow":["GET"]}}],"collection":[{"href":"https:\/\/fontfredapintures.com\/es\/wp-json\/wp\/v2\/product"}],"about":[{"href":"https:\/\/fontfredapintures.com\/es\/wp-json\/wp\/v2\/types\/product"}],"replies":[{"embeddable":true,"href":"https:\/\/fontfredapintures.com\/es\/wp-json\/wp\/v2\/comments?post=39927"}],"version-history":[{"count":0,"href":"https:\/\/fontfredapintures.com\/es\/wp-json\/wp\/v2\/product\/39927\/revisions"}],"wp:featuredmedia":[{"embeddable":true,"href":"https:\/\/fontfredapintures.com\/es\/wp-json\/wp\/v2\/media\/39919"}],"wp:attachment":[{"href":"https:\/\/fontfredapintures.com\/es\/wp-json\/wp\/v2\/media?parent=39927"}],"wp:term":[{"taxonomy":"product_brand","embeddable":true,"href":"https:\/\/fontfredapintures.com\/es\/wp-json\/wp\/v2\/product_brand?post=39927"},{"taxonomy":"product_cat","embeddable":true,"href":"https:\/\/fontfredapintures.com\/es\/wp-json\/wp\/v2\/product_cat?post=39927"},{"taxonomy":"product_tag","embeddable":true,"href":"https:\/\/fontfredapintures.com\/es\/wp-json\/wp\/v2\/product_tag?post=39927"}],"curies":[{"name":"wp","href":"https:\/\/api.w.org\/{rel}","templated":true}]}}