{"id":38185,"date":"2024-11-11T11:13:04","date_gmt":"2024-11-11T09:13:04","guid":{"rendered":"https:\/\/fontfredapintures.com\/producte\/set-de-taladro-atornillador-y-atornillador-de-impacto-tid-18-50-40-set-tpc-18-4-ref577654\/"},"modified":"2025-06-19T01:37:25","modified_gmt":"2025-06-18T23:37:25","slug":"set-de-taladro-atornillador-y-atornillador-de-impacto-tid-18-50-40-set-tpc-18-4-ref577654","status":"publish","type":"product","link":"https:\/\/fontfredapintures.com\/es\/producto\/set-de-taladro-atornillador-y-atornillador-de-impacto-tid-18-50-40-set-tpc-18-4-ref577654\/","title":{"rendered":"Set de taladro atornillador y atornillador de impacto TID 18 5,0\/4,0-Set TPC 18\/4 (ref:577654)"},"content":{"rendered":"<p>&#8211; Robustez: componentes duraderos de gran calidad en la herramienta y la bater\u00eda; adem\u00e1s, totalmente asegurados gracias a los completos servicios del Festool SERVICE<br \/>\n&#8211; Potencia m\u00e1xima: Gracias al extraordinariamente potente motor EC-TEC sin escobillas y, por lo tanto, muy duradero<br \/>\n&#8211; Ergonom\u00eda: la empu\u00f1adura optimizada tiene una menor circunferencia, lo cual se traduce en una mejor ergonom\u00eda y un manejo m\u00e1s sencillo<br \/>\n&#8211; Comodidad: compartimento para puntas integrado, iluminaci\u00f3n \u00f3ptima de la zona de trabajo con LED, enganche de cintur\u00f3n muntable en los dos lados<br \/>\n&#8211; M\u00f3vil: dentro del Systainer\u00b3 los atornilladores se pueden integrar a la perfecci\u00f3n en los equipos para veh\u00edculos de la empresa bott para transportarlos f\u00e1cilmente del taller a la obra<br \/>\n-Sistema de bater\u00edas flexible: para aplicaciones con alto consumo de potencia, la bater\u00eda Li-HighPower Compact de 4,0 Ah proporciona la combinaci\u00f3n ideal de potencia, dise\u00f1o compacto y peso ligero<br \/>\n&#8211; TPC 18\/4: potente para trabajos de atornillado y taladrado con di\u00e1metros grandes, r\u00e1pido para un avance del trabajo limpio con di\u00e1metros m\u00e1s peque\u00f1os<br \/>\n&#8211; TPC 18\/4: si se necesita a\u00fan m\u00e1s potencia, la bater\u00eda de 5,0 Ah es la elecci\u00f3n adecuada para tareas de atornillado y taladrado especialmente exigentes<br \/>\n&#8211; TPC 18\/4: Gracias a la interfaz FastFix, cambio r\u00e1pido y sin herramientas entre taladrado, atornillado, taladrado en \u00e1ngulo y atornillado en \u00e1ngulo<br \/>\n&#8211; TID 18: Seguro: el mecanismo percutor tangencial sin contragolpe protege la mu\u00f1eca<br \/>\n&#8211; TID 18: Fijaci\u00f3n de \u00bc\u00bb sin herramientas<\/p>\n","protected":false},"excerpt":{"rendered":"<p>El TPC 18\/4 destaca por el mejor sistema de cambio que jam\u00e1s hay\u00e1is probado. Numerosas prolongaciones, en combinaci\u00f3n con unos accesorios perfectamente adaptados, hacen del QUADRIVE un taladro atornillador de percusi\u00f3n insuperable para las posibilidades de aplicaci\u00f3n m\u00e1s diversas. \u00bfY el peligroso giro de la mu\u00f1eca si la herramienta se bloquea de repente? El KickbackStop inteligente reduce al m\u00ednimo el riesgo de que esto pueda pasar. El TID 18, en cambio, es un potente prodigio con un mecanismo percutor extraordinariamente robusto con una largu\u00edsima vida \u00fatil. Asimismo, el TID 18 con alojamiento de herramienta de \u00bc\u00bb solo gira en el tornillo y no en la mu\u00f1eca, lo cual es posible gracias al mecanismo percutor tangencial sin agotador par de retroceso. Los dos destacan por el motor EC-TEC sin escobillas y, por lo tanto, sin necesidad de mantenimiento, que en combinaci\u00f3n con la bater\u00eda garantiza una durabilidad m\u00e1xima.<\/p>\n","protected":false},"featured_media":47923,"comment_status":"open","ping_status":"closed","template":"","meta":[],"product_brand":[],"product_cat":[80,1096],"product_tag":[],"class_list":{"0":"post-38185","1":"product","2":"type-product","3":"status-publish","4":"has-post-thumbnail","6":"product_cat-maquinaria-es","7":"product_cat-taladros-y-destornilladores","8":"pa_brand-festool","9":"pa_utility-pule","11":"first","12":"instock","13":"taxable","14":"shipping-taxable","15":"purchasable","16":"product-type-simple"},"group_of_quantity":0,"min_quantity":0,"max_quantity":"","exclude_order_quantity_value_rules":"no","exclude_category_quantity_rules":"no","combine_variations":"no","yoast_head":"<!-- This site is optimized with the Yoast SEO plugin v25.7 - https:\/\/yoast.com\/wordpress\/plugins\/seo\/ -->\n<title>Set de taladro atornillador y atornillador de impacto TID 18 5,0\/4,0-Set TPC 18\/4 (ref:577654) - Fontfreda Pintures<\/title>\n<meta name=\"robots\" content=\"index, follow, max-snippet:-1, max-image-preview:large, max-video-preview:-1\" \/>\n<link rel=\"canonical\" href=\"https:\/\/fontfredapintures.com\/es\/producto\/set-de-taladro-atornillador-y-atornillador-de-impacto-tid-18-50-40-set-tpc-18-4-ref577654\/\" \/>\n<meta property=\"og:locale\" content=\"es_ES\" \/>\n<meta property=\"og:type\" content=\"article\" \/>\n<meta property=\"og:title\" content=\"Set de taladro atornillador y atornillador de impacto TID 18 5,0\/4,0-Set TPC 18\/4 (ref:577654) - Fontfreda Pintures\" \/>\n<meta property=\"og:description\" content=\"El TPC 18\/4 destaca por el mejor sistema de cambio que jam\u00e1s hay\u00e1is probado. Numerosas prolongaciones, en combinaci\u00f3n con unos accesorios perfectamente adaptados, hacen del QUADRIVE un taladro atornillador de percusi\u00f3n insuperable para las posibilidades de aplicaci\u00f3n m\u00e1s diversas. \u00bfY el peligroso giro de la mu\u00f1eca si la herramienta se bloquea de repente? El KickbackStop inteligente reduce al m\u00ednimo el riesgo de que esto pueda pasar. El TID 18, en cambio, es un potente prodigio con un mecanismo percutor extraordinariamente robusto con una largu\u00edsima vida \u00fatil. Asimismo, el TID 18 con alojamiento de herramienta de \u00bc&quot; solo gira en el tornillo y no en la mu\u00f1eca, lo cual es posible gracias al mecanismo percutor tangencial sin agotador par de retroceso. Los dos destacan por el motor EC-TEC sin escobillas y, por lo tanto, sin necesidad de mantenimiento, que en combinaci\u00f3n con la bater\u00eda garantiza una durabilidad m\u00e1xima.\" \/>\n<meta property=\"og:url\" content=\"https:\/\/fontfredapintures.com\/es\/producto\/set-de-taladro-atornillador-y-atornillador-de-impacto-tid-18-50-40-set-tpc-18-4-ref577654\/\" \/>\n<meta property=\"og:site_name\" content=\"Fontfreda Pintures\" \/>\n<meta property=\"article:publisher\" content=\"https:\/\/www.facebook.com\/fontfredapintures\/\" \/>\n<meta property=\"article:modified_time\" content=\"2025-06-18T23:37:25+00:00\" \/>\n<meta property=\"og:image\" content=\"https:\/\/fontfredapintures.com\/wp-content\/uploads\/2024\/11\/13600176_2579-13.jpg\" \/>\n\t<meta property=\"og:image:width\" content=\"1000\" \/>\n\t<meta property=\"og:image:height\" content=\"1143\" \/>\n\t<meta property=\"og:image:type\" content=\"image\/jpeg\" \/>\n<meta name=\"twitter:card\" content=\"summary_large_image\" \/>\n<meta name=\"twitter:label1\" content=\"Tiempo de lectura\" \/>\n\t<meta name=\"twitter:data1\" content=\"1 minuto\" \/>\n<script type=\"application\/ld+json\" class=\"yoast-schema-graph\">{\"@context\":\"https:\/\/schema.org\",\"@graph\":[{\"@type\":\"WebPage\",\"@id\":\"https:\/\/fontfredapintures.com\/es\/producto\/set-de-taladro-atornillador-y-atornillador-de-impacto-tid-18-50-40-set-tpc-18-4-ref577654\/\",\"url\":\"https:\/\/fontfredapintures.com\/es\/producto\/set-de-taladro-atornillador-y-atornillador-de-impacto-tid-18-50-40-set-tpc-18-4-ref577654\/\",\"name\":\"Set de taladro atornillador y atornillador de impacto TID 18 5,0\/4,0-Set TPC 18\/4 (ref:577654) - Fontfreda Pintures\",\"isPartOf\":{\"@id\":\"https:\/\/fontfredapintures.com\/es\/#website\"},\"primaryImageOfPage\":{\"@id\":\"https:\/\/fontfredapintures.com\/es\/producto\/set-de-taladro-atornillador-y-atornillador-de-impacto-tid-18-50-40-set-tpc-18-4-ref577654\/#primaryimage\"},\"image\":{\"@id\":\"https:\/\/fontfredapintures.com\/es\/producto\/set-de-taladro-atornillador-y-atornillador-de-impacto-tid-18-50-40-set-tpc-18-4-ref577654\/#primaryimage\"},\"thumbnailUrl\":\"https:\/\/fontfredapintures.com\/wp-content\/uploads\/2024\/11\/13600176_2579-13.jpg\",\"datePublished\":\"2024-11-11T09:13:04+00:00\",\"dateModified\":\"2025-06-18T23:37:25+00:00\",\"breadcrumb\":{\"@id\":\"https:\/\/fontfredapintures.com\/es\/producto\/set-de-taladro-atornillador-y-atornillador-de-impacto-tid-18-50-40-set-tpc-18-4-ref577654\/#breadcrumb\"},\"inLanguage\":\"es\",\"potentialAction\":[{\"@type\":\"ReadAction\",\"target\":[\"https:\/\/fontfredapintures.com\/es\/producto\/set-de-taladro-atornillador-y-atornillador-de-impacto-tid-18-50-40-set-tpc-18-4-ref577654\/\"]}]},{\"@type\":\"ImageObject\",\"inLanguage\":\"es\",\"@id\":\"https:\/\/fontfredapintures.com\/es\/producto\/set-de-taladro-atornillador-y-atornillador-de-impacto-tid-18-50-40-set-tpc-18-4-ref577654\/#primaryimage\",\"url\":\"https:\/\/fontfredapintures.com\/wp-content\/uploads\/2024\/11\/13600176_2579-13.jpg\",\"contentUrl\":\"https:\/\/fontfredapintures.com\/wp-content\/uploads\/2024\/11\/13600176_2579-13.jpg\",\"width\":1000,\"height\":1143},{\"@type\":\"BreadcrumbList\",\"@id\":\"https:\/\/fontfredapintures.com\/es\/producto\/set-de-taladro-atornillador-y-atornillador-de-impacto-tid-18-50-40-set-tpc-18-4-ref577654\/#breadcrumb\",\"itemListElement\":[{\"@type\":\"ListItem\",\"position\":1,\"name\":\"Fontfreda\",\"item\":\"https:\/\/fontfredapintures.com\/es\/\"},{\"@type\":\"ListItem\",\"position\":2,\"name\":\"Tienda\",\"item\":\"https:\/\/fontfredapintures.com\/es\/tienda\/\"},{\"@type\":\"ListItem\",\"position\":3,\"name\":\"Set de taladro atornillador y atornillador de impacto TID 18 5,0\/4,0-Set TPC 18\/4 (ref:577654)\"}]},{\"@type\":\"WebSite\",\"@id\":\"https:\/\/fontfredapintures.com\/es\/#website\",\"url\":\"https:\/\/fontfredapintures.com\/es\/\",\"name\":\"Fontfreda Pintures\",\"description\":\"Tienda online de pintura, decoraci\u00f3n y bellas artes\",\"publisher\":{\"@id\":\"https:\/\/fontfredapintures.com\/es\/#organization\"},\"alternateName\":\"Pintures Fontfreda\",\"potentialAction\":[{\"@type\":\"SearchAction\",\"target\":{\"@type\":\"EntryPoint\",\"urlTemplate\":\"https:\/\/fontfredapintures.com\/es\/?s={search_term_string}\"},\"query-input\":{\"@type\":\"PropertyValueSpecification\",\"valueRequired\":true,\"valueName\":\"search_term_string\"}}],\"inLanguage\":\"es\"},{\"@type\":\"Organization\",\"@id\":\"https:\/\/fontfredapintures.com\/es\/#organization\",\"name\":\"Pintures Fontfreda\",\"alternateName\":\"Fontfreda Pintures\",\"url\":\"https:\/\/fontfredapintures.com\/es\/\",\"logo\":{\"@type\":\"ImageObject\",\"inLanguage\":\"es\",\"@id\":\"https:\/\/fontfredapintures.com\/es\/#\/schema\/logo\/image\/\",\"url\":\"https:\/\/fontfredapintures.com\/wp-content\/uploads\/2024\/04\/fontfreda-pintures-logo-yoast.jpg\",\"contentUrl\":\"https:\/\/fontfredapintures.com\/wp-content\/uploads\/2024\/04\/fontfreda-pintures-logo-yoast.jpg\",\"width\":900,\"height\":600,\"caption\":\"Pintures Fontfreda\"},\"image\":{\"@id\":\"https:\/\/fontfredapintures.com\/es\/#\/schema\/logo\/image\/\"},\"sameAs\":[\"https:\/\/www.facebook.com\/fontfredapintures\/\",\"https:\/\/www.instagram.com\/fontfredapintures\/\",\"https:\/\/www.linkedin.com\/company\/fontfredapintures\/\"]}]}<\/script>\n<!-- \/ Yoast SEO plugin. -->","yoast_head_json":{"title":"Set de taladro atornillador y atornillador de impacto TID 18 5,0\/4,0-Set TPC 18\/4 (ref:577654) - Fontfreda Pintures","robots":{"index":"index","follow":"follow","max-snippet":"max-snippet:-1","max-image-preview":"max-image-preview:large","max-video-preview":"max-video-preview:-1"},"canonical":"https:\/\/fontfredapintures.com\/es\/producto\/set-de-taladro-atornillador-y-atornillador-de-impacto-tid-18-50-40-set-tpc-18-4-ref577654\/","og_locale":"es_ES","og_type":"article","og_title":"Set de taladro atornillador y atornillador de impacto TID 18 5,0\/4,0-Set TPC 18\/4 (ref:577654) - Fontfreda Pintures","og_description":"El TPC 18\/4 destaca por el mejor sistema de cambio que jam\u00e1s hay\u00e1is probado. Numerosas prolongaciones, en combinaci\u00f3n con unos accesorios perfectamente adaptados, hacen del QUADRIVE un taladro atornillador de percusi\u00f3n insuperable para las posibilidades de aplicaci\u00f3n m\u00e1s diversas. \u00bfY el peligroso giro de la mu\u00f1eca si la herramienta se bloquea de repente? El KickbackStop inteligente reduce al m\u00ednimo el riesgo de que esto pueda pasar. El TID 18, en cambio, es un potente prodigio con un mecanismo percutor extraordinariamente robusto con una largu\u00edsima vida \u00fatil. Asimismo, el TID 18 con alojamiento de herramienta de \u00bc\" solo gira en el tornillo y no en la mu\u00f1eca, lo cual es posible gracias al mecanismo percutor tangencial sin agotador par de retroceso. Los dos destacan por el motor EC-TEC sin escobillas y, por lo tanto, sin necesidad de mantenimiento, que en combinaci\u00f3n con la bater\u00eda garantiza una durabilidad m\u00e1xima.","og_url":"https:\/\/fontfredapintures.com\/es\/producto\/set-de-taladro-atornillador-y-atornillador-de-impacto-tid-18-50-40-set-tpc-18-4-ref577654\/","og_site_name":"Fontfreda Pintures","article_publisher":"https:\/\/www.facebook.com\/fontfredapintures\/","article_modified_time":"2025-06-18T23:37:25+00:00","og_image":[{"width":1000,"height":1143,"url":"https:\/\/fontfredapintures.com\/wp-content\/uploads\/2024\/11\/13600176_2579-13.jpg","type":"image\/jpeg"}],"twitter_card":"summary_large_image","twitter_misc":{"Tiempo de lectura":"1 minuto"},"schema":{"@context":"https:\/\/schema.org","@graph":[{"@type":"WebPage","@id":"https:\/\/fontfredapintures.com\/es\/producto\/set-de-taladro-atornillador-y-atornillador-de-impacto-tid-18-50-40-set-tpc-18-4-ref577654\/","url":"https:\/\/fontfredapintures.com\/es\/producto\/set-de-taladro-atornillador-y-atornillador-de-impacto-tid-18-50-40-set-tpc-18-4-ref577654\/","name":"Set de taladro atornillador y atornillador de impacto TID 18 5,0\/4,0-Set TPC 18\/4 (ref:577654) - Fontfreda Pintures","isPartOf":{"@id":"https:\/\/fontfredapintures.com\/es\/#website"},"primaryImageOfPage":{"@id":"https:\/\/fontfredapintures.com\/es\/producto\/set-de-taladro-atornillador-y-atornillador-de-impacto-tid-18-50-40-set-tpc-18-4-ref577654\/#primaryimage"},"image":{"@id":"https:\/\/fontfredapintures.com\/es\/producto\/set-de-taladro-atornillador-y-atornillador-de-impacto-tid-18-50-40-set-tpc-18-4-ref577654\/#primaryimage"},"thumbnailUrl":"https:\/\/fontfredapintures.com\/wp-content\/uploads\/2024\/11\/13600176_2579-13.jpg","datePublished":"2024-11-11T09:13:04+00:00","dateModified":"2025-06-18T23:37:25+00:00","breadcrumb":{"@id":"https:\/\/fontfredapintures.com\/es\/producto\/set-de-taladro-atornillador-y-atornillador-de-impacto-tid-18-50-40-set-tpc-18-4-ref577654\/#breadcrumb"},"inLanguage":"es","potentialAction":[{"@type":"ReadAction","target":["https:\/\/fontfredapintures.com\/es\/producto\/set-de-taladro-atornillador-y-atornillador-de-impacto-tid-18-50-40-set-tpc-18-4-ref577654\/"]}]},{"@type":"ImageObject","inLanguage":"es","@id":"https:\/\/fontfredapintures.com\/es\/producto\/set-de-taladro-atornillador-y-atornillador-de-impacto-tid-18-50-40-set-tpc-18-4-ref577654\/#primaryimage","url":"https:\/\/fontfredapintures.com\/wp-content\/uploads\/2024\/11\/13600176_2579-13.jpg","contentUrl":"https:\/\/fontfredapintures.com\/wp-content\/uploads\/2024\/11\/13600176_2579-13.jpg","width":1000,"height":1143},{"@type":"BreadcrumbList","@id":"https:\/\/fontfredapintures.com\/es\/producto\/set-de-taladro-atornillador-y-atornillador-de-impacto-tid-18-50-40-set-tpc-18-4-ref577654\/#breadcrumb","itemListElement":[{"@type":"ListItem","position":1,"name":"Fontfreda","item":"https:\/\/fontfredapintures.com\/es\/"},{"@type":"ListItem","position":2,"name":"Tienda","item":"https:\/\/fontfredapintures.com\/es\/tienda\/"},{"@type":"ListItem","position":3,"name":"Set de taladro atornillador y atornillador de impacto TID 18 5,0\/4,0-Set TPC 18\/4 (ref:577654)"}]},{"@type":"WebSite","@id":"https:\/\/fontfredapintures.com\/es\/#website","url":"https:\/\/fontfredapintures.com\/es\/","name":"Fontfreda Pintures","description":"Tienda online de pintura, decoraci\u00f3n y bellas artes","publisher":{"@id":"https:\/\/fontfredapintures.com\/es\/#organization"},"alternateName":"Pintures Fontfreda","potentialAction":[{"@type":"SearchAction","target":{"@type":"EntryPoint","urlTemplate":"https:\/\/fontfredapintures.com\/es\/?s={search_term_string}"},"query-input":{"@type":"PropertyValueSpecification","valueRequired":true,"valueName":"search_term_string"}}],"inLanguage":"es"},{"@type":"Organization","@id":"https:\/\/fontfredapintures.com\/es\/#organization","name":"Pintures Fontfreda","alternateName":"Fontfreda Pintures","url":"https:\/\/fontfredapintures.com\/es\/","logo":{"@type":"ImageObject","inLanguage":"es","@id":"https:\/\/fontfredapintures.com\/es\/#\/schema\/logo\/image\/","url":"https:\/\/fontfredapintures.com\/wp-content\/uploads\/2024\/04\/fontfreda-pintures-logo-yoast.jpg","contentUrl":"https:\/\/fontfredapintures.com\/wp-content\/uploads\/2024\/04\/fontfreda-pintures-logo-yoast.jpg","width":900,"height":600,"caption":"Pintures Fontfreda"},"image":{"@id":"https:\/\/fontfredapintures.com\/es\/#\/schema\/logo\/image\/"},"sameAs":["https:\/\/www.facebook.com\/fontfredapintures\/","https:\/\/www.instagram.com\/fontfredapintures\/","https:\/\/www.linkedin.com\/company\/fontfredapintures\/"]}]}},"_links":{"self":[{"href":"https:\/\/fontfredapintures.com\/es\/wp-json\/wp\/v2\/product\/38185","targetHints":{"allow":["GET"]}}],"collection":[{"href":"https:\/\/fontfredapintures.com\/es\/wp-json\/wp\/v2\/product"}],"about":[{"href":"https:\/\/fontfredapintures.com\/es\/wp-json\/wp\/v2\/types\/product"}],"replies":[{"embeddable":true,"href":"https:\/\/fontfredapintures.com\/es\/wp-json\/wp\/v2\/comments?post=38185"}],"version-history":[{"count":2,"href":"https:\/\/fontfredapintures.com\/es\/wp-json\/wp\/v2\/product\/38185\/revisions"}],"predecessor-version":[{"id":42624,"href":"https:\/\/fontfredapintures.com\/es\/wp-json\/wp\/v2\/product\/38185\/revisions\/42624"}],"wp:featuredmedia":[{"embeddable":true,"href":"https:\/\/fontfredapintures.com\/es\/wp-json\/wp\/v2\/media\/47923"}],"wp:attachment":[{"href":"https:\/\/fontfredapintures.com\/es\/wp-json\/wp\/v2\/media?parent=38185"}],"wp:term":[{"taxonomy":"product_brand","embeddable":true,"href":"https:\/\/fontfredapintures.com\/es\/wp-json\/wp\/v2\/product_brand?post=38185"},{"taxonomy":"product_cat","embeddable":true,"href":"https:\/\/fontfredapintures.com\/es\/wp-json\/wp\/v2\/product_cat?post=38185"},{"taxonomy":"product_tag","embeddable":true,"href":"https:\/\/fontfredapintures.com\/es\/wp-json\/wp\/v2\/product_tag?post=38185"}],"curies":[{"name":"wp","href":"https:\/\/api.w.org\/{rel}","templated":true}]}}