{"id":36059,"date":"2024-11-05T12:43:59","date_gmt":"2024-11-05T10:43:59","guid":{"rendered":"https:\/\/fontfredapintures.com\/producte\/aspirador-profesional-cleantec-ct-25-e-set-ref577536\/"},"modified":"2026-02-26T01:37:27","modified_gmt":"2026-02-25T23:37:27","slug":"aspirador-profesional-cleantec-ct-25-e-set-ref577536","status":"publish","type":"product","link":"https:\/\/fontfredapintures.com\/es\/producto\/aspirador-profesional-cleantec-ct-25-e-set-ref577536\/","title":{"rendered":"Aspirador profesional CLEANTEC CT 25 E-Set (ref:577536)"},"content":{"rendered":"<p>Este sistema m\u00f3vil de aspiraci\u00f3n es ideal para trabajos fuera del taller gracias a su dise\u00f1o compacto, peso ligero y bastidor robusto. Con un dep\u00f3sito de 25 l, es sorprendentemente compacto, ofreciendo un gran volumen para limpiar durante largos periodos sin necesidad de cambiar la bolsa de filtro.<\/p>\n<p>Incluye todos los accesorios de limpieza necesarios, que se guardan de manera ordenada dentro del propio sistema m\u00f3vil, facilitando el acceso r\u00e1pido y el uso continuo. Su manejo intuitivo con control t\u00e1ctil permite una operaci\u00f3n sencilla y c\u00f3moda. Adem\u00e1s, dispone de regulaci\u00f3n de la capacidad de aspiraci\u00f3n en cinco niveles, adapt\u00e1ndose a diferentes tipos de trabajo.<\/p>\n<p>Su superficie plana permite depositar materiales de trabajo de manera pr\u00e1ctica mientras se usa. El cambio de filtro principal es f\u00e1cil y se puede realizar desde el exterior, mejorando la eficiencia y mantenimiento del sistema. Adem\u00e1s, la funci\u00f3n antiest\u00e1tica evita la formaci\u00f3n de electricidad est\u00e1tica durante el uso, mejorando la seguridad y el confort en el entorno de trabajo.<\/p>\n","protected":false},"excerpt":{"rendered":"<p>Ideal para limpiar grandes cantidades de polvo, suciedad y agua en obras, talleres y oficinas, este aspirador cuenta con un dep\u00f3sito de 25L que optimiza el espacio para un uso prolongado sin necesidad de cambiar la bolsa del filtro. Su dise\u00f1o compacto permite un trabajo eficiente y continuo.<\/p>\n","protected":false},"featured_media":47911,"comment_status":"open","ping_status":"closed","template":"","meta":[],"product_brand":[],"product_cat":[80,806],"product_tag":[],"class_list":{"0":"post-36059","1":"product","2":"type-product","3":"status-publish","4":"has-post-thumbnail","6":"product_cat-maquinaria-es","7":"product_cat-aspiradores","8":"pa_brand-festool","9":"pa_utility-pule","11":"first","12":"instock","13":"taxable","14":"shipping-taxable","15":"purchasable","16":"product-type-simple"},"group_of_quantity":0,"min_quantity":0,"max_quantity":"","exclude_order_quantity_value_rules":"no","exclude_category_quantity_rules":"no","combine_variations":"no","yoast_head":"<!-- This site is optimized with the Yoast SEO plugin v25.7 - https:\/\/yoast.com\/wordpress\/plugins\/seo\/ -->\n<title>Aspirador profesional CLEANTEC CT 25 E-Set (ref:577536) - Fontfreda Pintures<\/title>\n<meta name=\"description\" content=\"COMPRA AHORA el aspirador ideal para limpiar polvo, suciedad y agua en obras, talleres y oficinas. Incluye todos los accesorios de limpieza.\" \/>\n<meta name=\"robots\" content=\"index, follow, max-snippet:-1, max-image-preview:large, max-video-preview:-1\" \/>\n<link rel=\"canonical\" href=\"https:\/\/fontfredapintures.com\/es\/producto\/aspirador-profesional-cleantec-ct-25-e-set-ref577536\/\" \/>\n<meta property=\"og:locale\" content=\"es_ES\" \/>\n<meta property=\"og:type\" content=\"article\" \/>\n<meta property=\"og:title\" content=\"Aspirador profesional CLEANTEC CT 25 E-Set (ref:577536) - Fontfreda Pintures\" \/>\n<meta property=\"og:description\" content=\"COMPRA AHORA el aspirador ideal para limpiar polvo, suciedad y agua en obras, talleres y oficinas. Incluye todos los accesorios de limpieza.\" \/>\n<meta property=\"og:url\" content=\"https:\/\/fontfredapintures.com\/es\/producto\/aspirador-profesional-cleantec-ct-25-e-set-ref577536\/\" \/>\n<meta property=\"og:site_name\" content=\"Fontfreda Pintures\" \/>\n<meta property=\"article:publisher\" content=\"https:\/\/www.facebook.com\/fontfredapintures\/\" \/>\n<meta property=\"article:modified_time\" content=\"2026-02-25T23:37:27+00:00\" \/>\n<meta property=\"og:image\" content=\"https:\/\/eoc6cz96j5h.exactdn.com\/wp-content\/uploads\/2024\/11\/image_1730803433.jpg?strip=all&lossy=1&ssl=1\" \/>\n\t<meta property=\"og:image:width\" content=\"1000\" \/>\n\t<meta property=\"og:image:height\" content=\"1143\" \/>\n\t<meta property=\"og:image:type\" content=\"image\/jpeg\" \/>\n<meta name=\"twitter:card\" content=\"summary_large_image\" \/>\n<meta name=\"twitter:label1\" content=\"Tiempo de lectura\" \/>\n\t<meta name=\"twitter:data1\" content=\"1 minuto\" \/>\n<script type=\"application\/ld+json\" class=\"yoast-schema-graph\">{\"@context\":\"https:\/\/schema.org\",\"@graph\":[{\"@type\":\"WebPage\",\"@id\":\"https:\/\/fontfredapintures.com\/es\/producto\/aspirador-profesional-cleantec-ct-25-e-set-ref577536\/\",\"url\":\"https:\/\/fontfredapintures.com\/es\/producto\/aspirador-profesional-cleantec-ct-25-e-set-ref577536\/\",\"name\":\"Aspirador profesional CLEANTEC CT 25 E-Set (ref:577536) - Fontfreda Pintures\",\"isPartOf\":{\"@id\":\"https:\/\/fontfredapintures.com\/es\/#website\"},\"primaryImageOfPage\":{\"@id\":\"https:\/\/fontfredapintures.com\/es\/producto\/aspirador-profesional-cleantec-ct-25-e-set-ref577536\/#primaryimage\"},\"image\":{\"@id\":\"https:\/\/fontfredapintures.com\/es\/producto\/aspirador-profesional-cleantec-ct-25-e-set-ref577536\/#primaryimage\"},\"thumbnailUrl\":\"https:\/\/fontfredapintures.com\/wp-content\/uploads\/2024\/11\/13600157_2633-14.jpg\",\"datePublished\":\"2024-11-05T10:43:59+00:00\",\"dateModified\":\"2026-02-25T23:37:27+00:00\",\"description\":\"COMPRA AHORA el aspirador ideal para limpiar polvo, suciedad y agua en obras, talleres y oficinas. Incluye todos los accesorios de limpieza.\",\"breadcrumb\":{\"@id\":\"https:\/\/fontfredapintures.com\/es\/producto\/aspirador-profesional-cleantec-ct-25-e-set-ref577536\/#breadcrumb\"},\"inLanguage\":\"es\",\"potentialAction\":[{\"@type\":\"ReadAction\",\"target\":[\"https:\/\/fontfredapintures.com\/es\/producto\/aspirador-profesional-cleantec-ct-25-e-set-ref577536\/\"]}]},{\"@type\":\"ImageObject\",\"inLanguage\":\"es\",\"@id\":\"https:\/\/fontfredapintures.com\/es\/producto\/aspirador-profesional-cleantec-ct-25-e-set-ref577536\/#primaryimage\",\"url\":\"https:\/\/fontfredapintures.com\/wp-content\/uploads\/2024\/11\/13600157_2633-14.jpg\",\"contentUrl\":\"https:\/\/fontfredapintures.com\/wp-content\/uploads\/2024\/11\/13600157_2633-14.jpg\",\"width\":1000,\"height\":1143},{\"@type\":\"BreadcrumbList\",\"@id\":\"https:\/\/fontfredapintures.com\/es\/producto\/aspirador-profesional-cleantec-ct-25-e-set-ref577536\/#breadcrumb\",\"itemListElement\":[{\"@type\":\"ListItem\",\"position\":1,\"name\":\"Fontfreda\",\"item\":\"https:\/\/fontfredapintures.com\/es\/\"},{\"@type\":\"ListItem\",\"position\":2,\"name\":\"Tienda\",\"item\":\"https:\/\/fontfredapintures.com\/es\/tienda\/\"},{\"@type\":\"ListItem\",\"position\":3,\"name\":\"Aspirador profesional CLEANTEC CT 25 E-Set (ref:577536)\"}]},{\"@type\":\"WebSite\",\"@id\":\"https:\/\/fontfredapintures.com\/es\/#website\",\"url\":\"https:\/\/fontfredapintures.com\/es\/\",\"name\":\"Fontfreda Pintures\",\"description\":\"Tienda online de pintura, decoraci\u00f3n y bellas artes\",\"publisher\":{\"@id\":\"https:\/\/fontfredapintures.com\/es\/#organization\"},\"alternateName\":\"Pintures Fontfreda\",\"potentialAction\":[{\"@type\":\"SearchAction\",\"target\":{\"@type\":\"EntryPoint\",\"urlTemplate\":\"https:\/\/fontfredapintures.com\/es\/?s={search_term_string}\"},\"query-input\":{\"@type\":\"PropertyValueSpecification\",\"valueRequired\":true,\"valueName\":\"search_term_string\"}}],\"inLanguage\":\"es\"},{\"@type\":\"Organization\",\"@id\":\"https:\/\/fontfredapintures.com\/es\/#organization\",\"name\":\"Pintures Fontfreda\",\"alternateName\":\"Fontfreda Pintures\",\"url\":\"https:\/\/fontfredapintures.com\/es\/\",\"logo\":{\"@type\":\"ImageObject\",\"inLanguage\":\"es\",\"@id\":\"https:\/\/fontfredapintures.com\/es\/#\/schema\/logo\/image\/\",\"url\":\"https:\/\/fontfredapintures.com\/wp-content\/uploads\/2024\/04\/fontfreda-pintures-logo-yoast.jpg\",\"contentUrl\":\"https:\/\/fontfredapintures.com\/wp-content\/uploads\/2024\/04\/fontfreda-pintures-logo-yoast.jpg\",\"width\":900,\"height\":600,\"caption\":\"Pintures Fontfreda\"},\"image\":{\"@id\":\"https:\/\/fontfredapintures.com\/es\/#\/schema\/logo\/image\/\"},\"sameAs\":[\"https:\/\/www.facebook.com\/fontfredapintures\/\",\"https:\/\/www.instagram.com\/fontfredapintures\/\",\"https:\/\/www.linkedin.com\/company\/fontfredapintures\/\"]}]}<\/script>\n<!-- \/ Yoast SEO plugin. -->","yoast_head_json":{"title":"Aspirador profesional CLEANTEC CT 25 E-Set (ref:577536) - Fontfreda Pintures","description":"COMPRA AHORA el aspirador ideal para limpiar polvo, suciedad y agua en obras, talleres y oficinas. Incluye todos los accesorios de limpieza.","robots":{"index":"index","follow":"follow","max-snippet":"max-snippet:-1","max-image-preview":"max-image-preview:large","max-video-preview":"max-video-preview:-1"},"canonical":"https:\/\/fontfredapintures.com\/es\/producto\/aspirador-profesional-cleantec-ct-25-e-set-ref577536\/","og_locale":"es_ES","og_type":"article","og_title":"Aspirador profesional CLEANTEC CT 25 E-Set (ref:577536) - Fontfreda Pintures","og_description":"COMPRA AHORA el aspirador ideal para limpiar polvo, suciedad y agua en obras, talleres y oficinas. Incluye todos los accesorios de limpieza.","og_url":"https:\/\/fontfredapintures.com\/es\/producto\/aspirador-profesional-cleantec-ct-25-e-set-ref577536\/","og_site_name":"Fontfreda Pintures","article_publisher":"https:\/\/www.facebook.com\/fontfredapintures\/","article_modified_time":"2026-02-25T23:37:27+00:00","og_image":[{"width":1000,"height":1143,"url":"https:\/\/eoc6cz96j5h.exactdn.com\/wp-content\/uploads\/2024\/11\/image_1730803433.jpg?strip=all&lossy=1&ssl=1","type":"image\/jpeg"}],"twitter_card":"summary_large_image","twitter_misc":{"Tiempo de lectura":"1 minuto"},"schema":{"@context":"https:\/\/schema.org","@graph":[{"@type":"WebPage","@id":"https:\/\/fontfredapintures.com\/es\/producto\/aspirador-profesional-cleantec-ct-25-e-set-ref577536\/","url":"https:\/\/fontfredapintures.com\/es\/producto\/aspirador-profesional-cleantec-ct-25-e-set-ref577536\/","name":"Aspirador profesional CLEANTEC CT 25 E-Set (ref:577536) - Fontfreda Pintures","isPartOf":{"@id":"https:\/\/fontfredapintures.com\/es\/#website"},"primaryImageOfPage":{"@id":"https:\/\/fontfredapintures.com\/es\/producto\/aspirador-profesional-cleantec-ct-25-e-set-ref577536\/#primaryimage"},"image":{"@id":"https:\/\/fontfredapintures.com\/es\/producto\/aspirador-profesional-cleantec-ct-25-e-set-ref577536\/#primaryimage"},"thumbnailUrl":"https:\/\/fontfredapintures.com\/wp-content\/uploads\/2024\/11\/13600157_2633-14.jpg","datePublished":"2024-11-05T10:43:59+00:00","dateModified":"2026-02-25T23:37:27+00:00","description":"COMPRA AHORA el aspirador ideal para limpiar polvo, suciedad y agua en obras, talleres y oficinas. Incluye todos los accesorios de limpieza.","breadcrumb":{"@id":"https:\/\/fontfredapintures.com\/es\/producto\/aspirador-profesional-cleantec-ct-25-e-set-ref577536\/#breadcrumb"},"inLanguage":"es","potentialAction":[{"@type":"ReadAction","target":["https:\/\/fontfredapintures.com\/es\/producto\/aspirador-profesional-cleantec-ct-25-e-set-ref577536\/"]}]},{"@type":"ImageObject","inLanguage":"es","@id":"https:\/\/fontfredapintures.com\/es\/producto\/aspirador-profesional-cleantec-ct-25-e-set-ref577536\/#primaryimage","url":"https:\/\/fontfredapintures.com\/wp-content\/uploads\/2024\/11\/13600157_2633-14.jpg","contentUrl":"https:\/\/fontfredapintures.com\/wp-content\/uploads\/2024\/11\/13600157_2633-14.jpg","width":1000,"height":1143},{"@type":"BreadcrumbList","@id":"https:\/\/fontfredapintures.com\/es\/producto\/aspirador-profesional-cleantec-ct-25-e-set-ref577536\/#breadcrumb","itemListElement":[{"@type":"ListItem","position":1,"name":"Fontfreda","item":"https:\/\/fontfredapintures.com\/es\/"},{"@type":"ListItem","position":2,"name":"Tienda","item":"https:\/\/fontfredapintures.com\/es\/tienda\/"},{"@type":"ListItem","position":3,"name":"Aspirador profesional CLEANTEC CT 25 E-Set (ref:577536)"}]},{"@type":"WebSite","@id":"https:\/\/fontfredapintures.com\/es\/#website","url":"https:\/\/fontfredapintures.com\/es\/","name":"Fontfreda Pintures","description":"Tienda online de pintura, decoraci\u00f3n y bellas artes","publisher":{"@id":"https:\/\/fontfredapintures.com\/es\/#organization"},"alternateName":"Pintures Fontfreda","potentialAction":[{"@type":"SearchAction","target":{"@type":"EntryPoint","urlTemplate":"https:\/\/fontfredapintures.com\/es\/?s={search_term_string}"},"query-input":{"@type":"PropertyValueSpecification","valueRequired":true,"valueName":"search_term_string"}}],"inLanguage":"es"},{"@type":"Organization","@id":"https:\/\/fontfredapintures.com\/es\/#organization","name":"Pintures Fontfreda","alternateName":"Fontfreda Pintures","url":"https:\/\/fontfredapintures.com\/es\/","logo":{"@type":"ImageObject","inLanguage":"es","@id":"https:\/\/fontfredapintures.com\/es\/#\/schema\/logo\/image\/","url":"https:\/\/fontfredapintures.com\/wp-content\/uploads\/2024\/04\/fontfreda-pintures-logo-yoast.jpg","contentUrl":"https:\/\/fontfredapintures.com\/wp-content\/uploads\/2024\/04\/fontfreda-pintures-logo-yoast.jpg","width":900,"height":600,"caption":"Pintures Fontfreda"},"image":{"@id":"https:\/\/fontfredapintures.com\/es\/#\/schema\/logo\/image\/"},"sameAs":["https:\/\/www.facebook.com\/fontfredapintures\/","https:\/\/www.instagram.com\/fontfredapintures\/","https:\/\/www.linkedin.com\/company\/fontfredapintures\/"]}]}},"_links":{"self":[{"href":"https:\/\/fontfredapintures.com\/es\/wp-json\/wp\/v2\/product\/36059","targetHints":{"allow":["GET"]}}],"collection":[{"href":"https:\/\/fontfredapintures.com\/es\/wp-json\/wp\/v2\/product"}],"about":[{"href":"https:\/\/fontfredapintures.com\/es\/wp-json\/wp\/v2\/types\/product"}],"replies":[{"embeddable":true,"href":"https:\/\/fontfredapintures.com\/es\/wp-json\/wp\/v2\/comments?post=36059"}],"version-history":[{"count":2,"href":"https:\/\/fontfredapintures.com\/es\/wp-json\/wp\/v2\/product\/36059\/revisions"}],"predecessor-version":[{"id":42603,"href":"https:\/\/fontfredapintures.com\/es\/wp-json\/wp\/v2\/product\/36059\/revisions\/42603"}],"wp:featuredmedia":[{"embeddable":true,"href":"https:\/\/fontfredapintures.com\/es\/wp-json\/wp\/v2\/media\/47911"}],"wp:attachment":[{"href":"https:\/\/fontfredapintures.com\/es\/wp-json\/wp\/v2\/media?parent=36059"}],"wp:term":[{"taxonomy":"product_brand","embeddable":true,"href":"https:\/\/fontfredapintures.com\/es\/wp-json\/wp\/v2\/product_brand?post=36059"},{"taxonomy":"product_cat","embeddable":true,"href":"https:\/\/fontfredapintures.com\/es\/wp-json\/wp\/v2\/product_cat?post=36059"},{"taxonomy":"product_tag","embeddable":true,"href":"https:\/\/fontfredapintures.com\/es\/wp-json\/wp\/v2\/product_tag?post=36059"}],"curies":[{"name":"wp","href":"https:\/\/api.w.org\/{rel}","templated":true}]}}