{"id":35919,"date":"2024-10-28T11:32:30","date_gmt":"2024-10-28T09:32:30","guid":{"rendered":"https:\/\/fontfredapintures.com\/producte\/tirador-sb-ct-comp\/"},"modified":"2025-09-17T01:35:51","modified_gmt":"2025-09-16T23:35:51","slug":"tirador-sb-ct-comp","status":"publish","type":"product","link":"https:\/\/fontfredapintures.com\/es\/producto\/tirador-sb-ct-comp\/","title":{"rendered":"Tirador SB-CT COMP (ref:204310)"},"content":{"rendered":"<p>&#8211; Facilita el transporte de los sistemas m\u00f3viles de aspiraci\u00f3n CT MINI, CT MIDI y CT 15 y puede encastrarse cuando no se utilice<br \/>\n&#8211; Enrollacables<br \/>\n&#8211; Almacenamiento de los accesorios de limpieza<br \/>\n&#8211; Posici\u00f3n de parada para el tubo de aspiraci\u00f3n acoplado<br \/>\n&#8211; Tirador extensible que puede recogerse cuando no se utilice<br \/>\n&#8211; Fabricado en tubos de acero y de aluminio<br \/>\n&#8211; Con un pr\u00e1ctico soporte para almacenar los accesorios de limpieza (tubo acodado, tres tubos de prolongaci\u00f3n y boquilla para suelos) y posici\u00f3n de parada para dejar el tubo de aspiraci\u00f3n con la boquilla para suelos<\/p>\n","protected":false},"excerpt":{"rendered":"<p>Para CT MINI, CT MINI I, CT MIDI y CT MIDI I a partir del a\u00f1o de construcci\u00f3n 2019, as\u00ed como CT 15 y CT 25. No sirve para CTC MINI\/MIDI. Puede encastrarse cuando no se utilice.<\/p>\n","protected":false},"featured_media":35911,"comment_status":"open","ping_status":"closed","template":"","meta":[],"product_brand":[],"product_cat":[80,1086],"product_tag":[],"class_list":{"0":"post-35919","1":"product","2":"type-product","3":"status-publish","4":"has-post-thumbnail","6":"product_cat-maquinaria-es","7":"product_cat-accesorios","8":"pa_brand-festool","9":"pa_utility-pule","11":"first","12":"instock","13":"sale","14":"taxable","15":"shipping-taxable","16":"purchasable","17":"product-type-simple"},"group_of_quantity":0,"min_quantity":0,"max_quantity":"","exclude_order_quantity_value_rules":"no","exclude_category_quantity_rules":"no","combine_variations":"no","yoast_head":"<!-- This site is optimized with the Yoast SEO plugin v25.7 - https:\/\/yoast.com\/wordpress\/plugins\/seo\/ -->\n<title>Tirador SB-CT COMP (ref:204310) - Fontfreda Pintures<\/title>\n<meta name=\"robots\" content=\"index, follow, max-snippet:-1, max-image-preview:large, max-video-preview:-1\" \/>\n<link rel=\"canonical\" href=\"https:\/\/fontfredapintures.com\/es\/producto\/tirador-sb-ct-comp\/\" \/>\n<meta property=\"og:locale\" content=\"es_ES\" \/>\n<meta property=\"og:type\" content=\"article\" \/>\n<meta property=\"og:title\" content=\"Tirador SB-CT COMP (ref:204310) - Fontfreda Pintures\" \/>\n<meta property=\"og:description\" content=\"Para CT MINI, CT MINI I, CT MIDI y CT MIDI I a partir del a\u00f1o de construcci\u00f3n 2019, as\u00ed como CT 15 y CT 25. No sirve para CTC MINI\/MIDI. Puede encastrarse cuando no se utilice.\" \/>\n<meta property=\"og:url\" content=\"https:\/\/fontfredapintures.com\/es\/producto\/tirador-sb-ct-comp\/\" \/>\n<meta property=\"og:site_name\" content=\"Fontfreda Pintures\" \/>\n<meta property=\"article:publisher\" content=\"https:\/\/www.facebook.com\/fontfredapintures\/\" \/>\n<meta property=\"article:modified_time\" content=\"2025-09-16T23:35:51+00:00\" \/>\n<meta property=\"og:image\" content=\"https:\/\/eoc6cz96j5h.exactdn.com\/wp-content\/uploads\/2024\/10\/13620400310001_723.png?strip=all&lossy=1&ssl=1\" \/>\n\t<meta property=\"og:image:width\" content=\"1000\" \/>\n\t<meta property=\"og:image:height\" content=\"1143\" \/>\n\t<meta property=\"og:image:type\" content=\"image\/png\" \/>\n<meta name=\"twitter:card\" content=\"summary_large_image\" \/>\n<meta name=\"twitter:label1\" content=\"Tiempo de lectura\" \/>\n\t<meta name=\"twitter:data1\" content=\"1 minuto\" \/>\n<script type=\"application\/ld+json\" class=\"yoast-schema-graph\">{\"@context\":\"https:\/\/schema.org\",\"@graph\":[{\"@type\":\"WebPage\",\"@id\":\"https:\/\/fontfredapintures.com\/es\/producto\/tirador-sb-ct-comp\/\",\"url\":\"https:\/\/fontfredapintures.com\/es\/producto\/tirador-sb-ct-comp\/\",\"name\":\"Tirador SB-CT COMP (ref:204310) - Fontfreda Pintures\",\"isPartOf\":{\"@id\":\"https:\/\/fontfredapintures.com\/es\/#website\"},\"primaryImageOfPage\":{\"@id\":\"https:\/\/fontfredapintures.com\/es\/producto\/tirador-sb-ct-comp\/#primaryimage\"},\"image\":{\"@id\":\"https:\/\/fontfredapintures.com\/es\/producto\/tirador-sb-ct-comp\/#primaryimage\"},\"thumbnailUrl\":\"https:\/\/fontfredapintures.com\/wp-content\/uploads\/2024\/10\/13620400310001_723.png\",\"datePublished\":\"2024-10-28T09:32:30+00:00\",\"dateModified\":\"2025-09-16T23:35:51+00:00\",\"breadcrumb\":{\"@id\":\"https:\/\/fontfredapintures.com\/es\/producto\/tirador-sb-ct-comp\/#breadcrumb\"},\"inLanguage\":\"es\",\"potentialAction\":[{\"@type\":\"ReadAction\",\"target\":[\"https:\/\/fontfredapintures.com\/es\/producto\/tirador-sb-ct-comp\/\"]}]},{\"@type\":\"ImageObject\",\"inLanguage\":\"es\",\"@id\":\"https:\/\/fontfredapintures.com\/es\/producto\/tirador-sb-ct-comp\/#primaryimage\",\"url\":\"https:\/\/fontfredapintures.com\/wp-content\/uploads\/2024\/10\/13620400310001_723.png\",\"contentUrl\":\"https:\/\/fontfredapintures.com\/wp-content\/uploads\/2024\/10\/13620400310001_723.png\",\"width\":1000,\"height\":1143},{\"@type\":\"BreadcrumbList\",\"@id\":\"https:\/\/fontfredapintures.com\/es\/producto\/tirador-sb-ct-comp\/#breadcrumb\",\"itemListElement\":[{\"@type\":\"ListItem\",\"position\":1,\"name\":\"Fontfreda\",\"item\":\"https:\/\/fontfredapintures.com\/es\/\"},{\"@type\":\"ListItem\",\"position\":2,\"name\":\"Tienda\",\"item\":\"https:\/\/fontfredapintures.com\/es\/tienda\/\"},{\"@type\":\"ListItem\",\"position\":3,\"name\":\"Tirador SB-CT COMP (ref:204310)\"}]},{\"@type\":\"WebSite\",\"@id\":\"https:\/\/fontfredapintures.com\/es\/#website\",\"url\":\"https:\/\/fontfredapintures.com\/es\/\",\"name\":\"Fontfreda Pintures\",\"description\":\"Tienda online de pintura, decoraci\u00f3n y bellas artes\",\"publisher\":{\"@id\":\"https:\/\/fontfredapintures.com\/es\/#organization\"},\"alternateName\":\"Pintures Fontfreda\",\"potentialAction\":[{\"@type\":\"SearchAction\",\"target\":{\"@type\":\"EntryPoint\",\"urlTemplate\":\"https:\/\/fontfredapintures.com\/es\/?s={search_term_string}\"},\"query-input\":{\"@type\":\"PropertyValueSpecification\",\"valueRequired\":true,\"valueName\":\"search_term_string\"}}],\"inLanguage\":\"es\"},{\"@type\":\"Organization\",\"@id\":\"https:\/\/fontfredapintures.com\/es\/#organization\",\"name\":\"Pintures Fontfreda\",\"alternateName\":\"Fontfreda Pintures\",\"url\":\"https:\/\/fontfredapintures.com\/es\/\",\"logo\":{\"@type\":\"ImageObject\",\"inLanguage\":\"es\",\"@id\":\"https:\/\/fontfredapintures.com\/es\/#\/schema\/logo\/image\/\",\"url\":\"https:\/\/fontfredapintures.com\/wp-content\/uploads\/2024\/04\/fontfreda-pintures-logo-yoast.jpg\",\"contentUrl\":\"https:\/\/fontfredapintures.com\/wp-content\/uploads\/2024\/04\/fontfreda-pintures-logo-yoast.jpg\",\"width\":900,\"height\":600,\"caption\":\"Pintures Fontfreda\"},\"image\":{\"@id\":\"https:\/\/fontfredapintures.com\/es\/#\/schema\/logo\/image\/\"},\"sameAs\":[\"https:\/\/www.facebook.com\/fontfredapintures\/\",\"https:\/\/www.instagram.com\/fontfredapintures\/\",\"https:\/\/www.linkedin.com\/company\/fontfredapintures\/\"]}]}<\/script>\n<!-- \/ Yoast SEO plugin. -->","yoast_head_json":{"title":"Tirador SB-CT COMP (ref:204310) - Fontfreda Pintures","robots":{"index":"index","follow":"follow","max-snippet":"max-snippet:-1","max-image-preview":"max-image-preview:large","max-video-preview":"max-video-preview:-1"},"canonical":"https:\/\/fontfredapintures.com\/es\/producto\/tirador-sb-ct-comp\/","og_locale":"es_ES","og_type":"article","og_title":"Tirador SB-CT COMP (ref:204310) - Fontfreda Pintures","og_description":"Para CT MINI, CT MINI I, CT MIDI y CT MIDI I a partir del a\u00f1o de construcci\u00f3n 2019, as\u00ed como CT 15 y CT 25. No sirve para CTC MINI\/MIDI. Puede encastrarse cuando no se utilice.","og_url":"https:\/\/fontfredapintures.com\/es\/producto\/tirador-sb-ct-comp\/","og_site_name":"Fontfreda Pintures","article_publisher":"https:\/\/www.facebook.com\/fontfredapintures\/","article_modified_time":"2025-09-16T23:35:51+00:00","og_image":[{"width":1000,"height":1143,"url":"https:\/\/eoc6cz96j5h.exactdn.com\/wp-content\/uploads\/2024\/10\/13620400310001_723.png?strip=all&lossy=1&ssl=1","type":"image\/png"}],"twitter_card":"summary_large_image","twitter_misc":{"Tiempo de lectura":"1 minuto"},"schema":{"@context":"https:\/\/schema.org","@graph":[{"@type":"WebPage","@id":"https:\/\/fontfredapintures.com\/es\/producto\/tirador-sb-ct-comp\/","url":"https:\/\/fontfredapintures.com\/es\/producto\/tirador-sb-ct-comp\/","name":"Tirador SB-CT COMP (ref:204310) - Fontfreda Pintures","isPartOf":{"@id":"https:\/\/fontfredapintures.com\/es\/#website"},"primaryImageOfPage":{"@id":"https:\/\/fontfredapintures.com\/es\/producto\/tirador-sb-ct-comp\/#primaryimage"},"image":{"@id":"https:\/\/fontfredapintures.com\/es\/producto\/tirador-sb-ct-comp\/#primaryimage"},"thumbnailUrl":"https:\/\/fontfredapintures.com\/wp-content\/uploads\/2024\/10\/13620400310001_723.png","datePublished":"2024-10-28T09:32:30+00:00","dateModified":"2025-09-16T23:35:51+00:00","breadcrumb":{"@id":"https:\/\/fontfredapintures.com\/es\/producto\/tirador-sb-ct-comp\/#breadcrumb"},"inLanguage":"es","potentialAction":[{"@type":"ReadAction","target":["https:\/\/fontfredapintures.com\/es\/producto\/tirador-sb-ct-comp\/"]}]},{"@type":"ImageObject","inLanguage":"es","@id":"https:\/\/fontfredapintures.com\/es\/producto\/tirador-sb-ct-comp\/#primaryimage","url":"https:\/\/fontfredapintures.com\/wp-content\/uploads\/2024\/10\/13620400310001_723.png","contentUrl":"https:\/\/fontfredapintures.com\/wp-content\/uploads\/2024\/10\/13620400310001_723.png","width":1000,"height":1143},{"@type":"BreadcrumbList","@id":"https:\/\/fontfredapintures.com\/es\/producto\/tirador-sb-ct-comp\/#breadcrumb","itemListElement":[{"@type":"ListItem","position":1,"name":"Fontfreda","item":"https:\/\/fontfredapintures.com\/es\/"},{"@type":"ListItem","position":2,"name":"Tienda","item":"https:\/\/fontfredapintures.com\/es\/tienda\/"},{"@type":"ListItem","position":3,"name":"Tirador SB-CT COMP (ref:204310)"}]},{"@type":"WebSite","@id":"https:\/\/fontfredapintures.com\/es\/#website","url":"https:\/\/fontfredapintures.com\/es\/","name":"Fontfreda Pintures","description":"Tienda online de pintura, decoraci\u00f3n y bellas artes","publisher":{"@id":"https:\/\/fontfredapintures.com\/es\/#organization"},"alternateName":"Pintures Fontfreda","potentialAction":[{"@type":"SearchAction","target":{"@type":"EntryPoint","urlTemplate":"https:\/\/fontfredapintures.com\/es\/?s={search_term_string}"},"query-input":{"@type":"PropertyValueSpecification","valueRequired":true,"valueName":"search_term_string"}}],"inLanguage":"es"},{"@type":"Organization","@id":"https:\/\/fontfredapintures.com\/es\/#organization","name":"Pintures Fontfreda","alternateName":"Fontfreda Pintures","url":"https:\/\/fontfredapintures.com\/es\/","logo":{"@type":"ImageObject","inLanguage":"es","@id":"https:\/\/fontfredapintures.com\/es\/#\/schema\/logo\/image\/","url":"https:\/\/fontfredapintures.com\/wp-content\/uploads\/2024\/04\/fontfreda-pintures-logo-yoast.jpg","contentUrl":"https:\/\/fontfredapintures.com\/wp-content\/uploads\/2024\/04\/fontfreda-pintures-logo-yoast.jpg","width":900,"height":600,"caption":"Pintures Fontfreda"},"image":{"@id":"https:\/\/fontfredapintures.com\/es\/#\/schema\/logo\/image\/"},"sameAs":["https:\/\/www.facebook.com\/fontfredapintures\/","https:\/\/www.instagram.com\/fontfredapintures\/","https:\/\/www.linkedin.com\/company\/fontfredapintures\/"]}]}},"_links":{"self":[{"href":"https:\/\/fontfredapintures.com\/es\/wp-json\/wp\/v2\/product\/35919","targetHints":{"allow":["GET"]}}],"collection":[{"href":"https:\/\/fontfredapintures.com\/es\/wp-json\/wp\/v2\/product"}],"about":[{"href":"https:\/\/fontfredapintures.com\/es\/wp-json\/wp\/v2\/types\/product"}],"replies":[{"embeddable":true,"href":"https:\/\/fontfredapintures.com\/es\/wp-json\/wp\/v2\/comments?post=35919"}],"version-history":[{"count":1,"href":"https:\/\/fontfredapintures.com\/es\/wp-json\/wp\/v2\/product\/35919\/revisions"}],"predecessor-version":[{"id":36327,"href":"https:\/\/fontfredapintures.com\/es\/wp-json\/wp\/v2\/product\/35919\/revisions\/36327"}],"wp:featuredmedia":[{"embeddable":true,"href":"https:\/\/fontfredapintures.com\/es\/wp-json\/wp\/v2\/media\/35911"}],"wp:attachment":[{"href":"https:\/\/fontfredapintures.com\/es\/wp-json\/wp\/v2\/media?parent=35919"}],"wp:term":[{"taxonomy":"product_brand","embeddable":true,"href":"https:\/\/fontfredapintures.com\/es\/wp-json\/wp\/v2\/product_brand?post=35919"},{"taxonomy":"product_cat","embeddable":true,"href":"https:\/\/fontfredapintures.com\/es\/wp-json\/wp\/v2\/product_cat?post=35919"},{"taxonomy":"product_tag","embeddable":true,"href":"https:\/\/fontfredapintures.com\/es\/wp-json\/wp\/v2\/product_tag?post=35919"}],"curies":[{"name":"wp","href":"https:\/\/api.w.org\/{rel}","templated":true}]}}