{"id":35337,"date":"2024-10-01T09:03:47","date_gmt":"2024-10-01T07:03:47","guid":{"rendered":"https:\/\/fontfredapintures.com\/producte\/lijadora-excentrica-ets-150-5-eq-plus\/"},"modified":"2026-02-11T01:36:47","modified_gmt":"2026-02-10T23:36:47","slug":"lijadora-excentrica-ets-150-5-eq-plus","status":"publish","type":"product","link":"https:\/\/fontfredapintures.com\/es\/producto\/lijadora-excentrica-ets-150-5-eq-plus\/","title":{"rendered":"Lijadora exc\u00e9ntrica ETS 150\/5 EQ-Plus (ref:576080)"},"content":{"rendered":"<p>&#8211; Freno del plato para trabajar de manera segura y sin retoques<br \/>\n&#8211; Larga vida \u00fatil gracias al cojinete de doble l\u00ednea<br \/>\n&#8211; Solo 2,2 kg de peso para trabajar sin esfuerzo<br \/>\n&#8211; Preselecci\u00f3n del n\u00fam. de revoluciones continua y constante<br \/>\n&#8211; Buen rendimiento de arranque de material gracias a la \u00f3rbita de 5 mm<br \/>\n&#8211; Para el lijado basto y fino<\/p>\n","protected":false},"excerpt":{"rendered":"<p>La lijadora exc\u00e9ntrica ETS 150\/5 es la lijadora intermedia ideal y con su \u00f3rbita de 5 mm logra m\u00e1xima calidad superficial con \u00f3ptimo rendimiento de arranque. Apropiada para superficies grandes y trabajos detallados, desde el rectificado hasta el lijado intermedio. Viejas capas de esmalte, marcos de ventajas o madera natural, lijado en plano o repaso de superficies met\u00e1licas, lijado de masillas o placas de cart\u00f3n yeso, veteados de madera que chocan en esquinas: la lijadora exc\u00e9ntrica ETS 150\/5 est\u00e1 en su elemento incluso en los lugares m\u00e1s dif\u00edciles.<\/p>\n","protected":false},"featured_media":35323,"comment_status":"open","ping_status":"closed","template":"","meta":[],"product_brand":[],"product_cat":[80,807],"product_tag":[],"class_list":{"0":"post-35337","1":"product","2":"type-product","3":"status-publish","4":"has-post-thumbnail","6":"product_cat-maquinaria-es","7":"product_cat-pulidoras-y-fregadoras","8":"pa_brand-festool","9":"pa_utility-pule","11":"first","12":"instock","13":"taxable","14":"shipping-taxable","15":"purchasable","16":"product-type-simple"},"group_of_quantity":0,"min_quantity":0,"max_quantity":"","exclude_order_quantity_value_rules":"no","exclude_category_quantity_rules":"no","combine_variations":"no","yoast_head":"<!-- This site is optimized with the Yoast SEO plugin v25.7 - https:\/\/yoast.com\/wordpress\/plugins\/seo\/ -->\n<title>Lijadora exc\u00e9ntrica ETS 150\/5 EQ-Plus (ref:576080) - Fontfreda Pintures<\/title>\n<meta name=\"robots\" content=\"index, follow, max-snippet:-1, max-image-preview:large, max-video-preview:-1\" \/>\n<link rel=\"canonical\" href=\"https:\/\/fontfredapintures.com\/es\/producto\/lijadora-excentrica-ets-150-5-eq-plus\/\" \/>\n<meta property=\"og:locale\" content=\"es_ES\" \/>\n<meta property=\"og:type\" content=\"article\" \/>\n<meta property=\"og:title\" content=\"Lijadora exc\u00e9ntrica ETS 150\/5 EQ-Plus (ref:576080) - Fontfreda Pintures\" \/>\n<meta property=\"og:description\" content=\"La lijadora exc\u00e9ntrica ETS 150\/5 es la lijadora intermedia ideal y con su \u00f3rbita de 5 mm logra m\u00e1xima calidad superficial con \u00f3ptimo rendimiento de arranque. Apropiada para superficies grandes y trabajos detallados, desde el rectificado hasta el lijado intermedio. Viejas capas de esmalte, marcos de ventajas o madera natural, lijado en plano o repaso de superficies met\u00e1licas, lijado de masillas o placas de cart\u00f3n yeso, veteados de madera que chocan en esquinas: la lijadora exc\u00e9ntrica ETS 150\/5 est\u00e1 en su elemento incluso en los lugares m\u00e1s dif\u00edciles.\" \/>\n<meta property=\"og:url\" content=\"https:\/\/fontfredapintures.com\/es\/producto\/lijadora-excentrica-ets-150-5-eq-plus\/\" \/>\n<meta property=\"og:site_name\" content=\"Fontfreda Pintures\" \/>\n<meta property=\"article:publisher\" content=\"https:\/\/www.facebook.com\/fontfredapintures\/\" \/>\n<meta property=\"article:modified_time\" content=\"2026-02-10T23:36:47+00:00\" \/>\n<meta property=\"og:image\" content=\"https:\/\/eoc6cz96j5h.exactdn.com\/wp-content\/uploads\/2024\/10\/13657600080000_1508.png?strip=all&lossy=1&ssl=1\" \/>\n\t<meta property=\"og:image:width\" content=\"1000\" \/>\n\t<meta property=\"og:image:height\" content=\"1143\" \/>\n\t<meta property=\"og:image:type\" content=\"image\/png\" \/>\n<meta name=\"twitter:card\" content=\"summary_large_image\" \/>\n<script type=\"application\/ld+json\" class=\"yoast-schema-graph\">{\"@context\":\"https:\/\/schema.org\",\"@graph\":[{\"@type\":\"WebPage\",\"@id\":\"https:\/\/fontfredapintures.com\/es\/producto\/lijadora-excentrica-ets-150-5-eq-plus\/\",\"url\":\"https:\/\/fontfredapintures.com\/es\/producto\/lijadora-excentrica-ets-150-5-eq-plus\/\",\"name\":\"Lijadora exc\u00e9ntrica ETS 150\/5 EQ-Plus (ref:576080) - Fontfreda Pintures\",\"isPartOf\":{\"@id\":\"https:\/\/fontfredapintures.com\/es\/#website\"},\"primaryImageOfPage\":{\"@id\":\"https:\/\/fontfredapintures.com\/es\/producto\/lijadora-excentrica-ets-150-5-eq-plus\/#primaryimage\"},\"image\":{\"@id\":\"https:\/\/fontfredapintures.com\/es\/producto\/lijadora-excentrica-ets-150-5-eq-plus\/#primaryimage\"},\"thumbnailUrl\":\"https:\/\/fontfredapintures.com\/wp-content\/uploads\/2024\/10\/13657600080000_1508.png\",\"datePublished\":\"2024-10-01T07:03:47+00:00\",\"dateModified\":\"2026-02-10T23:36:47+00:00\",\"breadcrumb\":{\"@id\":\"https:\/\/fontfredapintures.com\/es\/producto\/lijadora-excentrica-ets-150-5-eq-plus\/#breadcrumb\"},\"inLanguage\":\"es\",\"potentialAction\":[{\"@type\":\"ReadAction\",\"target\":[\"https:\/\/fontfredapintures.com\/es\/producto\/lijadora-excentrica-ets-150-5-eq-plus\/\"]}]},{\"@type\":\"ImageObject\",\"inLanguage\":\"es\",\"@id\":\"https:\/\/fontfredapintures.com\/es\/producto\/lijadora-excentrica-ets-150-5-eq-plus\/#primaryimage\",\"url\":\"https:\/\/fontfredapintures.com\/wp-content\/uploads\/2024\/10\/13657600080000_1508.png\",\"contentUrl\":\"https:\/\/fontfredapintures.com\/wp-content\/uploads\/2024\/10\/13657600080000_1508.png\",\"width\":1000,\"height\":1143},{\"@type\":\"BreadcrumbList\",\"@id\":\"https:\/\/fontfredapintures.com\/es\/producto\/lijadora-excentrica-ets-150-5-eq-plus\/#breadcrumb\",\"itemListElement\":[{\"@type\":\"ListItem\",\"position\":1,\"name\":\"Fontfreda\",\"item\":\"https:\/\/fontfredapintures.com\/es\/\"},{\"@type\":\"ListItem\",\"position\":2,\"name\":\"Tienda\",\"item\":\"https:\/\/fontfredapintures.com\/es\/tienda\/\"},{\"@type\":\"ListItem\",\"position\":3,\"name\":\"Lijadora exc\u00e9ntrica ETS 150\/5 EQ-Plus (ref:576080)\"}]},{\"@type\":\"WebSite\",\"@id\":\"https:\/\/fontfredapintures.com\/es\/#website\",\"url\":\"https:\/\/fontfredapintures.com\/es\/\",\"name\":\"Fontfreda Pintures\",\"description\":\"Tienda online de pintura, decoraci\u00f3n y bellas artes\",\"publisher\":{\"@id\":\"https:\/\/fontfredapintures.com\/es\/#organization\"},\"alternateName\":\"Pintures Fontfreda\",\"potentialAction\":[{\"@type\":\"SearchAction\",\"target\":{\"@type\":\"EntryPoint\",\"urlTemplate\":\"https:\/\/fontfredapintures.com\/es\/?s={search_term_string}\"},\"query-input\":{\"@type\":\"PropertyValueSpecification\",\"valueRequired\":true,\"valueName\":\"search_term_string\"}}],\"inLanguage\":\"es\"},{\"@type\":\"Organization\",\"@id\":\"https:\/\/fontfredapintures.com\/es\/#organization\",\"name\":\"Pintures Fontfreda\",\"alternateName\":\"Fontfreda Pintures\",\"url\":\"https:\/\/fontfredapintures.com\/es\/\",\"logo\":{\"@type\":\"ImageObject\",\"inLanguage\":\"es\",\"@id\":\"https:\/\/fontfredapintures.com\/es\/#\/schema\/logo\/image\/\",\"url\":\"https:\/\/fontfredapintures.com\/wp-content\/uploads\/2024\/04\/fontfreda-pintures-logo-yoast.jpg\",\"contentUrl\":\"https:\/\/fontfredapintures.com\/wp-content\/uploads\/2024\/04\/fontfreda-pintures-logo-yoast.jpg\",\"width\":900,\"height\":600,\"caption\":\"Pintures Fontfreda\"},\"image\":{\"@id\":\"https:\/\/fontfredapintures.com\/es\/#\/schema\/logo\/image\/\"},\"sameAs\":[\"https:\/\/www.facebook.com\/fontfredapintures\/\",\"https:\/\/www.instagram.com\/fontfredapintures\/\",\"https:\/\/www.linkedin.com\/company\/fontfredapintures\/\"]}]}<\/script>\n<!-- \/ Yoast SEO plugin. -->","yoast_head_json":{"title":"Lijadora exc\u00e9ntrica ETS 150\/5 EQ-Plus (ref:576080) - Fontfreda Pintures","robots":{"index":"index","follow":"follow","max-snippet":"max-snippet:-1","max-image-preview":"max-image-preview:large","max-video-preview":"max-video-preview:-1"},"canonical":"https:\/\/fontfredapintures.com\/es\/producto\/lijadora-excentrica-ets-150-5-eq-plus\/","og_locale":"es_ES","og_type":"article","og_title":"Lijadora exc\u00e9ntrica ETS 150\/5 EQ-Plus (ref:576080) - Fontfreda Pintures","og_description":"La lijadora exc\u00e9ntrica ETS 150\/5 es la lijadora intermedia ideal y con su \u00f3rbita de 5 mm logra m\u00e1xima calidad superficial con \u00f3ptimo rendimiento de arranque. Apropiada para superficies grandes y trabajos detallados, desde el rectificado hasta el lijado intermedio. Viejas capas de esmalte, marcos de ventajas o madera natural, lijado en plano o repaso de superficies met\u00e1licas, lijado de masillas o placas de cart\u00f3n yeso, veteados de madera que chocan en esquinas: la lijadora exc\u00e9ntrica ETS 150\/5 est\u00e1 en su elemento incluso en los lugares m\u00e1s dif\u00edciles.","og_url":"https:\/\/fontfredapintures.com\/es\/producto\/lijadora-excentrica-ets-150-5-eq-plus\/","og_site_name":"Fontfreda Pintures","article_publisher":"https:\/\/www.facebook.com\/fontfredapintures\/","article_modified_time":"2026-02-10T23:36:47+00:00","og_image":[{"width":1000,"height":1143,"url":"https:\/\/eoc6cz96j5h.exactdn.com\/wp-content\/uploads\/2024\/10\/13657600080000_1508.png?strip=all&lossy=1&ssl=1","type":"image\/png"}],"twitter_card":"summary_large_image","schema":{"@context":"https:\/\/schema.org","@graph":[{"@type":"WebPage","@id":"https:\/\/fontfredapintures.com\/es\/producto\/lijadora-excentrica-ets-150-5-eq-plus\/","url":"https:\/\/fontfredapintures.com\/es\/producto\/lijadora-excentrica-ets-150-5-eq-plus\/","name":"Lijadora exc\u00e9ntrica ETS 150\/5 EQ-Plus (ref:576080) - Fontfreda Pintures","isPartOf":{"@id":"https:\/\/fontfredapintures.com\/es\/#website"},"primaryImageOfPage":{"@id":"https:\/\/fontfredapintures.com\/es\/producto\/lijadora-excentrica-ets-150-5-eq-plus\/#primaryimage"},"image":{"@id":"https:\/\/fontfredapintures.com\/es\/producto\/lijadora-excentrica-ets-150-5-eq-plus\/#primaryimage"},"thumbnailUrl":"https:\/\/fontfredapintures.com\/wp-content\/uploads\/2024\/10\/13657600080000_1508.png","datePublished":"2024-10-01T07:03:47+00:00","dateModified":"2026-02-10T23:36:47+00:00","breadcrumb":{"@id":"https:\/\/fontfredapintures.com\/es\/producto\/lijadora-excentrica-ets-150-5-eq-plus\/#breadcrumb"},"inLanguage":"es","potentialAction":[{"@type":"ReadAction","target":["https:\/\/fontfredapintures.com\/es\/producto\/lijadora-excentrica-ets-150-5-eq-plus\/"]}]},{"@type":"ImageObject","inLanguage":"es","@id":"https:\/\/fontfredapintures.com\/es\/producto\/lijadora-excentrica-ets-150-5-eq-plus\/#primaryimage","url":"https:\/\/fontfredapintures.com\/wp-content\/uploads\/2024\/10\/13657600080000_1508.png","contentUrl":"https:\/\/fontfredapintures.com\/wp-content\/uploads\/2024\/10\/13657600080000_1508.png","width":1000,"height":1143},{"@type":"BreadcrumbList","@id":"https:\/\/fontfredapintures.com\/es\/producto\/lijadora-excentrica-ets-150-5-eq-plus\/#breadcrumb","itemListElement":[{"@type":"ListItem","position":1,"name":"Fontfreda","item":"https:\/\/fontfredapintures.com\/es\/"},{"@type":"ListItem","position":2,"name":"Tienda","item":"https:\/\/fontfredapintures.com\/es\/tienda\/"},{"@type":"ListItem","position":3,"name":"Lijadora exc\u00e9ntrica ETS 150\/5 EQ-Plus (ref:576080)"}]},{"@type":"WebSite","@id":"https:\/\/fontfredapintures.com\/es\/#website","url":"https:\/\/fontfredapintures.com\/es\/","name":"Fontfreda Pintures","description":"Tienda online de pintura, decoraci\u00f3n y bellas artes","publisher":{"@id":"https:\/\/fontfredapintures.com\/es\/#organization"},"alternateName":"Pintures Fontfreda","potentialAction":[{"@type":"SearchAction","target":{"@type":"EntryPoint","urlTemplate":"https:\/\/fontfredapintures.com\/es\/?s={search_term_string}"},"query-input":{"@type":"PropertyValueSpecification","valueRequired":true,"valueName":"search_term_string"}}],"inLanguage":"es"},{"@type":"Organization","@id":"https:\/\/fontfredapintures.com\/es\/#organization","name":"Pintures Fontfreda","alternateName":"Fontfreda Pintures","url":"https:\/\/fontfredapintures.com\/es\/","logo":{"@type":"ImageObject","inLanguage":"es","@id":"https:\/\/fontfredapintures.com\/es\/#\/schema\/logo\/image\/","url":"https:\/\/fontfredapintures.com\/wp-content\/uploads\/2024\/04\/fontfreda-pintures-logo-yoast.jpg","contentUrl":"https:\/\/fontfredapintures.com\/wp-content\/uploads\/2024\/04\/fontfreda-pintures-logo-yoast.jpg","width":900,"height":600,"caption":"Pintures Fontfreda"},"image":{"@id":"https:\/\/fontfredapintures.com\/es\/#\/schema\/logo\/image\/"},"sameAs":["https:\/\/www.facebook.com\/fontfredapintures\/","https:\/\/www.instagram.com\/fontfredapintures\/","https:\/\/www.linkedin.com\/company\/fontfredapintures\/"]}]}},"_links":{"self":[{"href":"https:\/\/fontfredapintures.com\/es\/wp-json\/wp\/v2\/product\/35337","targetHints":{"allow":["GET"]}}],"collection":[{"href":"https:\/\/fontfredapintures.com\/es\/wp-json\/wp\/v2\/product"}],"about":[{"href":"https:\/\/fontfredapintures.com\/es\/wp-json\/wp\/v2\/types\/product"}],"replies":[{"embeddable":true,"href":"https:\/\/fontfredapintures.com\/es\/wp-json\/wp\/v2\/comments?post=35337"}],"version-history":[{"count":1,"href":"https:\/\/fontfredapintures.com\/es\/wp-json\/wp\/v2\/product\/35337\/revisions"}],"predecessor-version":[{"id":37404,"href":"https:\/\/fontfredapintures.com\/es\/wp-json\/wp\/v2\/product\/35337\/revisions\/37404"}],"wp:featuredmedia":[{"embeddable":true,"href":"https:\/\/fontfredapintures.com\/es\/wp-json\/wp\/v2\/media\/35323"}],"wp:attachment":[{"href":"https:\/\/fontfredapintures.com\/es\/wp-json\/wp\/v2\/media?parent=35337"}],"wp:term":[{"taxonomy":"product_brand","embeddable":true,"href":"https:\/\/fontfredapintures.com\/es\/wp-json\/wp\/v2\/product_brand?post=35337"},{"taxonomy":"product_cat","embeddable":true,"href":"https:\/\/fontfredapintures.com\/es\/wp-json\/wp\/v2\/product_cat?post=35337"},{"taxonomy":"product_tag","embeddable":true,"href":"https:\/\/fontfredapintures.com\/es\/wp-json\/wp\/v2\/product_tag?post=35337"}],"curies":[{"name":"wp","href":"https:\/\/api.w.org\/{rel}","templated":true}]}}