{"id":34399,"date":"2024-10-01T08:13:16","date_gmt":"2024-10-01T06:13:16","guid":{"rendered":"https:\/\/fontfredapintures.com\/producte\/bateria-highpower-bp-18-li-40-hpc-asi\/"},"modified":"2025-06-19T02:14:22","modified_gmt":"2025-06-19T00:14:22","slug":"bateria-highpower-bp-18-li-40-hpc-asi","status":"publish","type":"product","link":"https:\/\/fontfredapintures.com\/es\/producto\/bateria-highpower-bp-18-li-40-hpc-asi\/","title":{"rendered":"Bater\u00eda HighPower BP 18 Li 4,0 HPC-ASI (ref:205034)"},"content":{"rendered":"<p>&#8211; Trabajar sin fatiga: con un peso que no llega a los 600 gramos, es un 20?% m\u00e1s ligera y un 50?% m\u00e1s compacta que una bater\u00eda est\u00e1ndar de 5,0 Ah<br \/>\n&#8211; Duraci\u00f3n extraordinaria: gracias a las celdas resistentes a altas corrientes<br \/>\n&#8211; Toda la potencia: la tecnolog\u00eda de celdas Li-HighPower garantiza potencia incluso para las aplicaciones m\u00e1s exigentes<br \/>\n&#8211; Pr\u00e1ctico: indicador LED para ver r\u00e1pidamente la carga restante<br \/>\n&#8211; Seguro: bastidor en todo el contorno de material Softgrip suave para proteger y apoyar la herramienta de forma segura en superficies inclinadas<br \/>\n&#8211; C\u00f3moda: la conexi\u00f3n Bluetooth\u00ae permite iniciar autom\u00e1ticamente el sistema m\u00f3vil de aspiraci\u00f3n CLEANTEC al encender la herramienta a bater\u00eda (requiere el uso de un sistema m\u00f3vil de aspiraci\u00f3n compatible con Bluetooth\u00ae)<br \/>\n&#8211; Ampliaci\u00f3n inteligente: La aplicaci\u00f3n de Festool permite, en combinaci\u00f3n con la funci\u00f3n Bluetooth\u00ae de la bater\u00eda, ampliar las funciones adicionales inteligentes, como una visualizaci\u00f3n detallada del estado de carga y m\u00e1s datos de servicio, como la temperatura o los ciclos de carga. Para poder identificar de forma r\u00e1pida y sencilla la bater\u00eda con el nivel de carga m\u00e1s bajo, se puede configurar que el indicador LED parpadee directamente en la bater\u00eda. Tambi\u00e9n es posible actualizar el software: instalaci\u00f3n de la versi\u00f3n m\u00e1s actual para trabajar siempre con las \u00faltimas funciones de las herramientas<br \/>\n&#8211; Para disfrutar de una jornada sin preocupaciones: las bater\u00edas tambi\u00e9n est\u00e1n totalmente aseguradas con el Festool SERVICE, por supuesto<br \/>\n&#8211; La conexi\u00f3n Bluetooth\u00ae permite poner en marcha autom\u00e1ticamente el sistema m\u00f3vil de aspiraci\u00f3n CLEANTEC al encender la herramienta a bater\u00eda (requiere el uso de un sistema m\u00f3vil de aspiraci\u00f3n compatible con Bluetooth\u00ae)<br \/>\n&#8211; Bater\u00eda de iones de litio (Li-Ion) Bluetooth\u00ae con funci\u00f3n AIRSTREAM<\/p>\n","protected":false},"excerpt":{"rendered":"<p>Para todos los dispositivos de 18 voltios (excepto ETSC 125, RTSC 400 y DTSC 400). Permite trabajar sin fatiga gracias a un peso que no llega a los 600 gramos. Est\u00e1 equipada con Bluetooth\u00ae y est\u00e1 totalmente asegurada con el Festool SERVICE.<\/p>\n","protected":false},"featured_media":34388,"comment_status":"open","ping_status":"closed","template":"","meta":[],"product_brand":[],"product_cat":[80,1086],"product_tag":[],"class_list":{"0":"post-34399","1":"product","2":"type-product","3":"status-publish","4":"has-post-thumbnail","6":"product_cat-maquinaria-es","7":"product_cat-accesorios","8":"pa_brand-festool","9":"pa_utility-pule","11":"first","12":"instock","13":"taxable","14":"shipping-taxable","15":"purchasable","16":"product-type-simple"},"group_of_quantity":0,"min_quantity":0,"max_quantity":"","exclude_order_quantity_value_rules":"no","exclude_category_quantity_rules":"no","combine_variations":"no","yoast_head":"<!-- This site is optimized with the Yoast SEO plugin v25.7 - https:\/\/yoast.com\/wordpress\/plugins\/seo\/ -->\n<title>Bater\u00eda HighPower BP 18 Li 4,0 HPC-ASI (ref:205034) - Fontfreda Pintures<\/title>\n<meta name=\"robots\" content=\"index, follow, max-snippet:-1, max-image-preview:large, max-video-preview:-1\" \/>\n<link rel=\"canonical\" href=\"https:\/\/fontfredapintures.com\/es\/producto\/bateria-highpower-bp-18-li-40-hpc-asi\/\" \/>\n<meta property=\"og:locale\" content=\"es_ES\" \/>\n<meta property=\"og:type\" content=\"article\" \/>\n<meta property=\"og:title\" content=\"Bater\u00eda HighPower BP 18 Li 4,0 HPC-ASI (ref:205034) - Fontfreda Pintures\" \/>\n<meta property=\"og:description\" content=\"Para todos los dispositivos de 18 voltios (excepto ETSC 125, RTSC 400 y DTSC 400). Permite trabajar sin fatiga gracias a un peso que no llega a los 600 gramos. Est\u00e1 equipada con Bluetooth\u00ae y est\u00e1 totalmente asegurada con el Festool SERVICE.\" \/>\n<meta property=\"og:url\" content=\"https:\/\/fontfredapintures.com\/es\/producto\/bateria-highpower-bp-18-li-40-hpc-asi\/\" \/>\n<meta property=\"og:site_name\" content=\"Fontfreda Pintures\" \/>\n<meta property=\"article:publisher\" content=\"https:\/\/www.facebook.com\/fontfredapintures\/\" \/>\n<meta property=\"article:modified_time\" content=\"2025-06-19T00:14:22+00:00\" \/>\n<meta property=\"og:image\" content=\"https:\/\/fontfredapintures.com\/wp-content\/uploads\/2024\/10\/13620500034000_773.png\" \/>\n\t<meta property=\"og:image:width\" content=\"1000\" \/>\n\t<meta property=\"og:image:height\" content=\"1143\" \/>\n\t<meta property=\"og:image:type\" content=\"image\/png\" \/>\n<meta name=\"twitter:card\" content=\"summary_large_image\" \/>\n<meta name=\"twitter:label1\" content=\"Tiempo de lectura\" \/>\n\t<meta name=\"twitter:data1\" content=\"2 minutos\" \/>\n<script type=\"application\/ld+json\" class=\"yoast-schema-graph\">{\"@context\":\"https:\/\/schema.org\",\"@graph\":[{\"@type\":\"WebPage\",\"@id\":\"https:\/\/fontfredapintures.com\/es\/producto\/bateria-highpower-bp-18-li-40-hpc-asi\/\",\"url\":\"https:\/\/fontfredapintures.com\/es\/producto\/bateria-highpower-bp-18-li-40-hpc-asi\/\",\"name\":\"Bater\u00eda HighPower BP 18 Li 4,0 HPC-ASI (ref:205034) - Fontfreda Pintures\",\"isPartOf\":{\"@id\":\"https:\/\/fontfredapintures.com\/es\/#website\"},\"primaryImageOfPage\":{\"@id\":\"https:\/\/fontfredapintures.com\/es\/producto\/bateria-highpower-bp-18-li-40-hpc-asi\/#primaryimage\"},\"image\":{\"@id\":\"https:\/\/fontfredapintures.com\/es\/producto\/bateria-highpower-bp-18-li-40-hpc-asi\/#primaryimage\"},\"thumbnailUrl\":\"https:\/\/fontfredapintures.com\/wp-content\/uploads\/2024\/10\/13620500034000_773.png\",\"datePublished\":\"2024-10-01T06:13:16+00:00\",\"dateModified\":\"2025-06-19T00:14:22+00:00\",\"breadcrumb\":{\"@id\":\"https:\/\/fontfredapintures.com\/es\/producto\/bateria-highpower-bp-18-li-40-hpc-asi\/#breadcrumb\"},\"inLanguage\":\"es\",\"potentialAction\":[{\"@type\":\"ReadAction\",\"target\":[\"https:\/\/fontfredapintures.com\/es\/producto\/bateria-highpower-bp-18-li-40-hpc-asi\/\"]}]},{\"@type\":\"ImageObject\",\"inLanguage\":\"es\",\"@id\":\"https:\/\/fontfredapintures.com\/es\/producto\/bateria-highpower-bp-18-li-40-hpc-asi\/#primaryimage\",\"url\":\"https:\/\/fontfredapintures.com\/wp-content\/uploads\/2024\/10\/13620500034000_773.png\",\"contentUrl\":\"https:\/\/fontfredapintures.com\/wp-content\/uploads\/2024\/10\/13620500034000_773.png\",\"width\":1000,\"height\":1143},{\"@type\":\"BreadcrumbList\",\"@id\":\"https:\/\/fontfredapintures.com\/es\/producto\/bateria-highpower-bp-18-li-40-hpc-asi\/#breadcrumb\",\"itemListElement\":[{\"@type\":\"ListItem\",\"position\":1,\"name\":\"Fontfreda\",\"item\":\"https:\/\/fontfredapintures.com\/es\/\"},{\"@type\":\"ListItem\",\"position\":2,\"name\":\"Tienda\",\"item\":\"https:\/\/fontfredapintures.com\/es\/tienda\/\"},{\"@type\":\"ListItem\",\"position\":3,\"name\":\"Bater\u00eda HighPower BP 18 Li 4,0 HPC-ASI (ref:205034)\"}]},{\"@type\":\"WebSite\",\"@id\":\"https:\/\/fontfredapintures.com\/es\/#website\",\"url\":\"https:\/\/fontfredapintures.com\/es\/\",\"name\":\"Fontfreda Pintures\",\"description\":\"Tienda online de pintura, decoraci\u00f3n y bellas artes\",\"publisher\":{\"@id\":\"https:\/\/fontfredapintures.com\/es\/#organization\"},\"alternateName\":\"Pintures Fontfreda\",\"potentialAction\":[{\"@type\":\"SearchAction\",\"target\":{\"@type\":\"EntryPoint\",\"urlTemplate\":\"https:\/\/fontfredapintures.com\/es\/?s={search_term_string}\"},\"query-input\":{\"@type\":\"PropertyValueSpecification\",\"valueRequired\":true,\"valueName\":\"search_term_string\"}}],\"inLanguage\":\"es\"},{\"@type\":\"Organization\",\"@id\":\"https:\/\/fontfredapintures.com\/es\/#organization\",\"name\":\"Pintures Fontfreda\",\"alternateName\":\"Fontfreda Pintures\",\"url\":\"https:\/\/fontfredapintures.com\/es\/\",\"logo\":{\"@type\":\"ImageObject\",\"inLanguage\":\"es\",\"@id\":\"https:\/\/fontfredapintures.com\/es\/#\/schema\/logo\/image\/\",\"url\":\"https:\/\/fontfredapintures.com\/wp-content\/uploads\/2024\/04\/fontfreda-pintures-logo-yoast.jpg\",\"contentUrl\":\"https:\/\/fontfredapintures.com\/wp-content\/uploads\/2024\/04\/fontfreda-pintures-logo-yoast.jpg\",\"width\":900,\"height\":600,\"caption\":\"Pintures Fontfreda\"},\"image\":{\"@id\":\"https:\/\/fontfredapintures.com\/es\/#\/schema\/logo\/image\/\"},\"sameAs\":[\"https:\/\/www.facebook.com\/fontfredapintures\/\",\"https:\/\/www.instagram.com\/fontfredapintures\/\",\"https:\/\/www.linkedin.com\/company\/fontfredapintures\/\"]}]}<\/script>\n<!-- \/ Yoast SEO plugin. -->","yoast_head_json":{"title":"Bater\u00eda HighPower BP 18 Li 4,0 HPC-ASI (ref:205034) - Fontfreda Pintures","robots":{"index":"index","follow":"follow","max-snippet":"max-snippet:-1","max-image-preview":"max-image-preview:large","max-video-preview":"max-video-preview:-1"},"canonical":"https:\/\/fontfredapintures.com\/es\/producto\/bateria-highpower-bp-18-li-40-hpc-asi\/","og_locale":"es_ES","og_type":"article","og_title":"Bater\u00eda HighPower BP 18 Li 4,0 HPC-ASI (ref:205034) - Fontfreda Pintures","og_description":"Para todos los dispositivos de 18 voltios (excepto ETSC 125, RTSC 400 y DTSC 400). Permite trabajar sin fatiga gracias a un peso que no llega a los 600 gramos. Est\u00e1 equipada con Bluetooth\u00ae y est\u00e1 totalmente asegurada con el Festool SERVICE.","og_url":"https:\/\/fontfredapintures.com\/es\/producto\/bateria-highpower-bp-18-li-40-hpc-asi\/","og_site_name":"Fontfreda Pintures","article_publisher":"https:\/\/www.facebook.com\/fontfredapintures\/","article_modified_time":"2025-06-19T00:14:22+00:00","og_image":[{"width":1000,"height":1143,"url":"https:\/\/fontfredapintures.com\/wp-content\/uploads\/2024\/10\/13620500034000_773.png","type":"image\/png"}],"twitter_card":"summary_large_image","twitter_misc":{"Tiempo de lectura":"2 minutos"},"schema":{"@context":"https:\/\/schema.org","@graph":[{"@type":"WebPage","@id":"https:\/\/fontfredapintures.com\/es\/producto\/bateria-highpower-bp-18-li-40-hpc-asi\/","url":"https:\/\/fontfredapintures.com\/es\/producto\/bateria-highpower-bp-18-li-40-hpc-asi\/","name":"Bater\u00eda HighPower BP 18 Li 4,0 HPC-ASI (ref:205034) - Fontfreda Pintures","isPartOf":{"@id":"https:\/\/fontfredapintures.com\/es\/#website"},"primaryImageOfPage":{"@id":"https:\/\/fontfredapintures.com\/es\/producto\/bateria-highpower-bp-18-li-40-hpc-asi\/#primaryimage"},"image":{"@id":"https:\/\/fontfredapintures.com\/es\/producto\/bateria-highpower-bp-18-li-40-hpc-asi\/#primaryimage"},"thumbnailUrl":"https:\/\/fontfredapintures.com\/wp-content\/uploads\/2024\/10\/13620500034000_773.png","datePublished":"2024-10-01T06:13:16+00:00","dateModified":"2025-06-19T00:14:22+00:00","breadcrumb":{"@id":"https:\/\/fontfredapintures.com\/es\/producto\/bateria-highpower-bp-18-li-40-hpc-asi\/#breadcrumb"},"inLanguage":"es","potentialAction":[{"@type":"ReadAction","target":["https:\/\/fontfredapintures.com\/es\/producto\/bateria-highpower-bp-18-li-40-hpc-asi\/"]}]},{"@type":"ImageObject","inLanguage":"es","@id":"https:\/\/fontfredapintures.com\/es\/producto\/bateria-highpower-bp-18-li-40-hpc-asi\/#primaryimage","url":"https:\/\/fontfredapintures.com\/wp-content\/uploads\/2024\/10\/13620500034000_773.png","contentUrl":"https:\/\/fontfredapintures.com\/wp-content\/uploads\/2024\/10\/13620500034000_773.png","width":1000,"height":1143},{"@type":"BreadcrumbList","@id":"https:\/\/fontfredapintures.com\/es\/producto\/bateria-highpower-bp-18-li-40-hpc-asi\/#breadcrumb","itemListElement":[{"@type":"ListItem","position":1,"name":"Fontfreda","item":"https:\/\/fontfredapintures.com\/es\/"},{"@type":"ListItem","position":2,"name":"Tienda","item":"https:\/\/fontfredapintures.com\/es\/tienda\/"},{"@type":"ListItem","position":3,"name":"Bater\u00eda HighPower BP 18 Li 4,0 HPC-ASI (ref:205034)"}]},{"@type":"WebSite","@id":"https:\/\/fontfredapintures.com\/es\/#website","url":"https:\/\/fontfredapintures.com\/es\/","name":"Fontfreda Pintures","description":"Tienda online de pintura, decoraci\u00f3n y bellas artes","publisher":{"@id":"https:\/\/fontfredapintures.com\/es\/#organization"},"alternateName":"Pintures Fontfreda","potentialAction":[{"@type":"SearchAction","target":{"@type":"EntryPoint","urlTemplate":"https:\/\/fontfredapintures.com\/es\/?s={search_term_string}"},"query-input":{"@type":"PropertyValueSpecification","valueRequired":true,"valueName":"search_term_string"}}],"inLanguage":"es"},{"@type":"Organization","@id":"https:\/\/fontfredapintures.com\/es\/#organization","name":"Pintures Fontfreda","alternateName":"Fontfreda Pintures","url":"https:\/\/fontfredapintures.com\/es\/","logo":{"@type":"ImageObject","inLanguage":"es","@id":"https:\/\/fontfredapintures.com\/es\/#\/schema\/logo\/image\/","url":"https:\/\/fontfredapintures.com\/wp-content\/uploads\/2024\/04\/fontfreda-pintures-logo-yoast.jpg","contentUrl":"https:\/\/fontfredapintures.com\/wp-content\/uploads\/2024\/04\/fontfreda-pintures-logo-yoast.jpg","width":900,"height":600,"caption":"Pintures Fontfreda"},"image":{"@id":"https:\/\/fontfredapintures.com\/es\/#\/schema\/logo\/image\/"},"sameAs":["https:\/\/www.facebook.com\/fontfredapintures\/","https:\/\/www.instagram.com\/fontfredapintures\/","https:\/\/www.linkedin.com\/company\/fontfredapintures\/"]}]}},"_links":{"self":[{"href":"https:\/\/fontfredapintures.com\/es\/wp-json\/wp\/v2\/product\/34399","targetHints":{"allow":["GET"]}}],"collection":[{"href":"https:\/\/fontfredapintures.com\/es\/wp-json\/wp\/v2\/product"}],"about":[{"href":"https:\/\/fontfredapintures.com\/es\/wp-json\/wp\/v2\/types\/product"}],"replies":[{"embeddable":true,"href":"https:\/\/fontfredapintures.com\/es\/wp-json\/wp\/v2\/comments?post=34399"}],"version-history":[{"count":1,"href":"https:\/\/fontfredapintures.com\/es\/wp-json\/wp\/v2\/product\/34399\/revisions"}],"predecessor-version":[{"id":37139,"href":"https:\/\/fontfredapintures.com\/es\/wp-json\/wp\/v2\/product\/34399\/revisions\/37139"}],"wp:featuredmedia":[{"embeddable":true,"href":"https:\/\/fontfredapintures.com\/es\/wp-json\/wp\/v2\/media\/34388"}],"wp:attachment":[{"href":"https:\/\/fontfredapintures.com\/es\/wp-json\/wp\/v2\/media?parent=34399"}],"wp:term":[{"taxonomy":"product_brand","embeddable":true,"href":"https:\/\/fontfredapintures.com\/es\/wp-json\/wp\/v2\/product_brand?post=34399"},{"taxonomy":"product_cat","embeddable":true,"href":"https:\/\/fontfredapintures.com\/es\/wp-json\/wp\/v2\/product_cat?post=34399"},{"taxonomy":"product_tag","embeddable":true,"href":"https:\/\/fontfredapintures.com\/es\/wp-json\/wp\/v2\/product_tag?post=34399"}],"curies":[{"name":"wp","href":"https:\/\/api.w.org\/{rel}","templated":true}]}}