{"id":34350,"date":"2024-10-01T08:09:24","date_gmt":"2024-10-01T06:09:24","guid":{"rendered":"https:\/\/fontfredapintures.com\/producte\/adaptador-de-red-aca-220-240-18v-ergo\/"},"modified":"2026-02-24T13:15:20","modified_gmt":"2026-02-24T11:15:20","slug":"adaptador-de-red-aca-220-240-18v-ergo","status":"publish","type":"product","link":"https:\/\/fontfredapintures.com\/es\/producto\/adaptador-de-red-aca-220-240-18v-ergo\/","title":{"rendered":"Adaptador de red ACA 220-240\/18V Ergo (ref:202501)"},"content":{"rendered":"<p>&#8211; Autonom\u00eda ilimitada: para un suministro el\u00e9ctrico permanente, puede sustituirse la bater\u00eda Ergo de 18 V por el adaptador de red \u00abplug-it\u00bb, ideal en combinaci\u00f3n con un sistema m\u00f3vil de aspiraci\u00f3n Festool<br \/>\n&#8211; Construcci\u00f3n ergon\u00f3mica<br \/>\n&#8211; No adecuado para las dem\u00e1s herramientas a bater\u00eda Festool<br \/>\n&#8211; Para el suministro el\u00e9ctrico permanente de las lijadoras a bater\u00eda ETSC 125, RTSC 400, DTSC 400<br \/>\n&#8211; Dise\u00f1o ergon\u00f3mico y ligero<br \/>\n&#8211; Aplicable en trabajos de pintura\/barnizado, construcci\u00f3n de muebles y ebanister\u00eda<\/p>\n","protected":false},"excerpt":{"rendered":"<p>Para las lijadoras a bater\u00eda ETSC 125, RTSC 400, DTSC 400. El adaptador de red ACA 220 &#8211; 240\/18 Ergo convierte una lijadora a bater\u00eda en una herramienta de alimentaci\u00f3n el\u00e9ctrica. El adaptador de red se introduce en el hueco que queda al retirar la bater\u00eda para lijar con suministro de red. Esta posibilidad ofrece numerosas opciones de trabajo donde sea.<\/p>\n","protected":false},"featured_media":34348,"comment_status":"open","ping_status":"closed","template":"","meta":[],"product_brand":[],"product_cat":[80,1086],"product_tag":[],"class_list":{"0":"post-34350","1":"product","2":"type-product","3":"status-publish","4":"has-post-thumbnail","6":"product_cat-maquinaria-es","7":"product_cat-accesorios","9":"first","10":"instock","11":"sale","12":"taxable","13":"shipping-taxable","14":"purchasable","15":"product-type-simple"},"group_of_quantity":0,"min_quantity":0,"max_quantity":"","exclude_order_quantity_value_rules":"no","exclude_category_quantity_rules":"no","combine_variations":"no","yoast_head":"<!-- This site is optimized with the Yoast SEO plugin v25.7 - https:\/\/yoast.com\/wordpress\/plugins\/seo\/ -->\n<title>Adaptador de red ACA 220-240\/18V Ergo (ref:202501) - Fontfreda Pintures<\/title>\n<meta name=\"description\" content=\"Adaptador de red plug-it Festool para lijadoras ETSC 125, RTSC 400 y DTSC 400. Autonom\u00eda ilimitada, dise\u00f1o ergon\u00f3mico y ligero para trabajos profesionales.\" \/>\n<meta name=\"robots\" content=\"index, follow, max-snippet:-1, max-image-preview:large, max-video-preview:-1\" \/>\n<link rel=\"canonical\" href=\"https:\/\/fontfredapintures.com\/es\/producto\/adaptador-de-red-aca-220-240-18v-ergo\/\" \/>\n<meta property=\"og:locale\" content=\"es_ES\" \/>\n<meta property=\"og:type\" content=\"article\" \/>\n<meta property=\"og:title\" content=\"Adaptador de red ACA 220-240\/18V Ergo (ref:202501) - Fontfreda Pintures\" \/>\n<meta property=\"og:description\" content=\"Adaptador de red plug-it Festool para lijadoras ETSC 125, RTSC 400 y DTSC 400. Autonom\u00eda ilimitada, dise\u00f1o ergon\u00f3mico y ligero para trabajos profesionales.\" \/>\n<meta property=\"og:url\" content=\"https:\/\/fontfredapintures.com\/es\/producto\/adaptador-de-red-aca-220-240-18v-ergo\/\" \/>\n<meta property=\"og:site_name\" content=\"Fontfreda Pintures\" \/>\n<meta property=\"article:publisher\" content=\"https:\/\/www.facebook.com\/fontfredapintures\/\" \/>\n<meta property=\"article:modified_time\" content=\"2026-02-24T11:15:20+00:00\" \/>\n<meta property=\"og:image\" content=\"https:\/\/fontfredapintures.com\/wp-content\/uploads\/2024\/10\/13620200501000_563.png\" \/>\n\t<meta property=\"og:image:width\" content=\"1000\" \/>\n\t<meta property=\"og:image:height\" content=\"1143\" \/>\n\t<meta property=\"og:image:type\" content=\"image\/png\" \/>\n<meta name=\"twitter:card\" content=\"summary_large_image\" \/>\n<meta name=\"twitter:label1\" content=\"Tiempo de lectura\" \/>\n\t<meta name=\"twitter:data1\" content=\"1 minuto\" \/>\n<script type=\"application\/ld+json\" class=\"yoast-schema-graph\">{\"@context\":\"https:\/\/schema.org\",\"@graph\":[{\"@type\":\"WebPage\",\"@id\":\"https:\/\/fontfredapintures.com\/es\/producto\/adaptador-de-red-aca-220-240-18v-ergo\/\",\"url\":\"https:\/\/fontfredapintures.com\/es\/producto\/adaptador-de-red-aca-220-240-18v-ergo\/\",\"name\":\"Adaptador de red ACA 220-240\/18V Ergo (ref:202501) - Fontfreda Pintures\",\"isPartOf\":{\"@id\":\"https:\/\/fontfredapintures.com\/es\/#website\"},\"primaryImageOfPage\":{\"@id\":\"https:\/\/fontfredapintures.com\/es\/producto\/adaptador-de-red-aca-220-240-18v-ergo\/#primaryimage\"},\"image\":{\"@id\":\"https:\/\/fontfredapintures.com\/es\/producto\/adaptador-de-red-aca-220-240-18v-ergo\/#primaryimage\"},\"thumbnailUrl\":\"https:\/\/fontfredapintures.com\/wp-content\/uploads\/2024\/10\/13620200501000_563.png\",\"datePublished\":\"2024-10-01T06:09:24+00:00\",\"dateModified\":\"2026-02-24T11:15:20+00:00\",\"description\":\"Adaptador de red plug-it Festool para lijadoras ETSC 125, RTSC 400 y DTSC 400. Autonom\u00eda ilimitada, dise\u00f1o ergon\u00f3mico y ligero para trabajos profesionales.\",\"breadcrumb\":{\"@id\":\"https:\/\/fontfredapintures.com\/es\/producto\/adaptador-de-red-aca-220-240-18v-ergo\/#breadcrumb\"},\"inLanguage\":\"es\",\"potentialAction\":[{\"@type\":\"ReadAction\",\"target\":[\"https:\/\/fontfredapintures.com\/es\/producto\/adaptador-de-red-aca-220-240-18v-ergo\/\"]}]},{\"@type\":\"ImageObject\",\"inLanguage\":\"es\",\"@id\":\"https:\/\/fontfredapintures.com\/es\/producto\/adaptador-de-red-aca-220-240-18v-ergo\/#primaryimage\",\"url\":\"https:\/\/fontfredapintures.com\/wp-content\/uploads\/2024\/10\/13620200501000_563.png\",\"contentUrl\":\"https:\/\/fontfredapintures.com\/wp-content\/uploads\/2024\/10\/13620200501000_563.png\",\"width\":1000,\"height\":1143,\"caption\":\"Adaptador de red ACA 220-240\/18V Ergo (ref:202501)\"},{\"@type\":\"BreadcrumbList\",\"@id\":\"https:\/\/fontfredapintures.com\/es\/producto\/adaptador-de-red-aca-220-240-18v-ergo\/#breadcrumb\",\"itemListElement\":[{\"@type\":\"ListItem\",\"position\":1,\"name\":\"Fontfreda\",\"item\":\"https:\/\/fontfredapintures.com\/es\/\"},{\"@type\":\"ListItem\",\"position\":2,\"name\":\"Tienda\",\"item\":\"https:\/\/fontfredapintures.com\/es\/tienda\/\"},{\"@type\":\"ListItem\",\"position\":3,\"name\":\"Adaptador de red ACA 220-240\/18V Ergo (ref:202501)\"}]},{\"@type\":\"WebSite\",\"@id\":\"https:\/\/fontfredapintures.com\/es\/#website\",\"url\":\"https:\/\/fontfredapintures.com\/es\/\",\"name\":\"Fontfreda Pintures\",\"description\":\"Tienda online de pintura, decoraci\u00f3n y bellas artes\",\"publisher\":{\"@id\":\"https:\/\/fontfredapintures.com\/es\/#organization\"},\"alternateName\":\"Pintures Fontfreda\",\"potentialAction\":[{\"@type\":\"SearchAction\",\"target\":{\"@type\":\"EntryPoint\",\"urlTemplate\":\"https:\/\/fontfredapintures.com\/es\/?s={search_term_string}\"},\"query-input\":{\"@type\":\"PropertyValueSpecification\",\"valueRequired\":true,\"valueName\":\"search_term_string\"}}],\"inLanguage\":\"es\"},{\"@type\":\"Organization\",\"@id\":\"https:\/\/fontfredapintures.com\/es\/#organization\",\"name\":\"Pintures Fontfreda\",\"alternateName\":\"Fontfreda Pintures\",\"url\":\"https:\/\/fontfredapintures.com\/es\/\",\"logo\":{\"@type\":\"ImageObject\",\"inLanguage\":\"es\",\"@id\":\"https:\/\/fontfredapintures.com\/es\/#\/schema\/logo\/image\/\",\"url\":\"https:\/\/fontfredapintures.com\/wp-content\/uploads\/2024\/04\/fontfreda-pintures-logo-yoast.jpg\",\"contentUrl\":\"https:\/\/fontfredapintures.com\/wp-content\/uploads\/2024\/04\/fontfreda-pintures-logo-yoast.jpg\",\"width\":900,\"height\":600,\"caption\":\"Pintures Fontfreda\"},\"image\":{\"@id\":\"https:\/\/fontfredapintures.com\/es\/#\/schema\/logo\/image\/\"},\"sameAs\":[\"https:\/\/www.facebook.com\/fontfredapintures\/\",\"https:\/\/www.instagram.com\/fontfredapintures\/\",\"https:\/\/www.linkedin.com\/company\/fontfredapintures\/\"]}]}<\/script>\n<!-- \/ Yoast SEO plugin. -->","yoast_head_json":{"title":"Adaptador de red ACA 220-240\/18V Ergo (ref:202501) - Fontfreda Pintures","description":"Adaptador de red plug-it Festool para lijadoras ETSC 125, RTSC 400 y DTSC 400. Autonom\u00eda ilimitada, dise\u00f1o ergon\u00f3mico y ligero para trabajos profesionales.","robots":{"index":"index","follow":"follow","max-snippet":"max-snippet:-1","max-image-preview":"max-image-preview:large","max-video-preview":"max-video-preview:-1"},"canonical":"https:\/\/fontfredapintures.com\/es\/producto\/adaptador-de-red-aca-220-240-18v-ergo\/","og_locale":"es_ES","og_type":"article","og_title":"Adaptador de red ACA 220-240\/18V Ergo (ref:202501) - Fontfreda Pintures","og_description":"Adaptador de red plug-it Festool para lijadoras ETSC 125, RTSC 400 y DTSC 400. Autonom\u00eda ilimitada, dise\u00f1o ergon\u00f3mico y ligero para trabajos profesionales.","og_url":"https:\/\/fontfredapintures.com\/es\/producto\/adaptador-de-red-aca-220-240-18v-ergo\/","og_site_name":"Fontfreda Pintures","article_publisher":"https:\/\/www.facebook.com\/fontfredapintures\/","article_modified_time":"2026-02-24T11:15:20+00:00","og_image":[{"width":1000,"height":1143,"url":"https:\/\/fontfredapintures.com\/wp-content\/uploads\/2024\/10\/13620200501000_563.png","type":"image\/png"}],"twitter_card":"summary_large_image","twitter_misc":{"Tiempo de lectura":"1 minuto"},"schema":{"@context":"https:\/\/schema.org","@graph":[{"@type":"WebPage","@id":"https:\/\/fontfredapintures.com\/es\/producto\/adaptador-de-red-aca-220-240-18v-ergo\/","url":"https:\/\/fontfredapintures.com\/es\/producto\/adaptador-de-red-aca-220-240-18v-ergo\/","name":"Adaptador de red ACA 220-240\/18V Ergo (ref:202501) - Fontfreda Pintures","isPartOf":{"@id":"https:\/\/fontfredapintures.com\/es\/#website"},"primaryImageOfPage":{"@id":"https:\/\/fontfredapintures.com\/es\/producto\/adaptador-de-red-aca-220-240-18v-ergo\/#primaryimage"},"image":{"@id":"https:\/\/fontfredapintures.com\/es\/producto\/adaptador-de-red-aca-220-240-18v-ergo\/#primaryimage"},"thumbnailUrl":"https:\/\/fontfredapintures.com\/wp-content\/uploads\/2024\/10\/13620200501000_563.png","datePublished":"2024-10-01T06:09:24+00:00","dateModified":"2026-02-24T11:15:20+00:00","description":"Adaptador de red plug-it Festool para lijadoras ETSC 125, RTSC 400 y DTSC 400. Autonom\u00eda ilimitada, dise\u00f1o ergon\u00f3mico y ligero para trabajos profesionales.","breadcrumb":{"@id":"https:\/\/fontfredapintures.com\/es\/producto\/adaptador-de-red-aca-220-240-18v-ergo\/#breadcrumb"},"inLanguage":"es","potentialAction":[{"@type":"ReadAction","target":["https:\/\/fontfredapintures.com\/es\/producto\/adaptador-de-red-aca-220-240-18v-ergo\/"]}]},{"@type":"ImageObject","inLanguage":"es","@id":"https:\/\/fontfredapintures.com\/es\/producto\/adaptador-de-red-aca-220-240-18v-ergo\/#primaryimage","url":"https:\/\/fontfredapintures.com\/wp-content\/uploads\/2024\/10\/13620200501000_563.png","contentUrl":"https:\/\/fontfredapintures.com\/wp-content\/uploads\/2024\/10\/13620200501000_563.png","width":1000,"height":1143,"caption":"Adaptador de red ACA 220-240\/18V Ergo (ref:202501)"},{"@type":"BreadcrumbList","@id":"https:\/\/fontfredapintures.com\/es\/producto\/adaptador-de-red-aca-220-240-18v-ergo\/#breadcrumb","itemListElement":[{"@type":"ListItem","position":1,"name":"Fontfreda","item":"https:\/\/fontfredapintures.com\/es\/"},{"@type":"ListItem","position":2,"name":"Tienda","item":"https:\/\/fontfredapintures.com\/es\/tienda\/"},{"@type":"ListItem","position":3,"name":"Adaptador de red ACA 220-240\/18V Ergo (ref:202501)"}]},{"@type":"WebSite","@id":"https:\/\/fontfredapintures.com\/es\/#website","url":"https:\/\/fontfredapintures.com\/es\/","name":"Fontfreda Pintures","description":"Tienda online de pintura, decoraci\u00f3n y bellas artes","publisher":{"@id":"https:\/\/fontfredapintures.com\/es\/#organization"},"alternateName":"Pintures Fontfreda","potentialAction":[{"@type":"SearchAction","target":{"@type":"EntryPoint","urlTemplate":"https:\/\/fontfredapintures.com\/es\/?s={search_term_string}"},"query-input":{"@type":"PropertyValueSpecification","valueRequired":true,"valueName":"search_term_string"}}],"inLanguage":"es"},{"@type":"Organization","@id":"https:\/\/fontfredapintures.com\/es\/#organization","name":"Pintures Fontfreda","alternateName":"Fontfreda Pintures","url":"https:\/\/fontfredapintures.com\/es\/","logo":{"@type":"ImageObject","inLanguage":"es","@id":"https:\/\/fontfredapintures.com\/es\/#\/schema\/logo\/image\/","url":"https:\/\/fontfredapintures.com\/wp-content\/uploads\/2024\/04\/fontfreda-pintures-logo-yoast.jpg","contentUrl":"https:\/\/fontfredapintures.com\/wp-content\/uploads\/2024\/04\/fontfreda-pintures-logo-yoast.jpg","width":900,"height":600,"caption":"Pintures Fontfreda"},"image":{"@id":"https:\/\/fontfredapintures.com\/es\/#\/schema\/logo\/image\/"},"sameAs":["https:\/\/www.facebook.com\/fontfredapintures\/","https:\/\/www.instagram.com\/fontfredapintures\/","https:\/\/www.linkedin.com\/company\/fontfredapintures\/"]}]}},"_links":{"self":[{"href":"https:\/\/fontfredapintures.com\/es\/wp-json\/wp\/v2\/product\/34350","targetHints":{"allow":["GET"]}}],"collection":[{"href":"https:\/\/fontfredapintures.com\/es\/wp-json\/wp\/v2\/product"}],"about":[{"href":"https:\/\/fontfredapintures.com\/es\/wp-json\/wp\/v2\/types\/product"}],"replies":[{"embeddable":true,"href":"https:\/\/fontfredapintures.com\/es\/wp-json\/wp\/v2\/comments?post=34350"}],"version-history":[{"count":1,"href":"https:\/\/fontfredapintures.com\/es\/wp-json\/wp\/v2\/product\/34350\/revisions"}],"predecessor-version":[{"id":37127,"href":"https:\/\/fontfredapintures.com\/es\/wp-json\/wp\/v2\/product\/34350\/revisions\/37127"}],"wp:featuredmedia":[{"embeddable":true,"href":"https:\/\/fontfredapintures.com\/es\/wp-json\/wp\/v2\/media\/34348"}],"wp:attachment":[{"href":"https:\/\/fontfredapintures.com\/es\/wp-json\/wp\/v2\/media?parent=34350"}],"wp:term":[{"taxonomy":"product_brand","embeddable":true,"href":"https:\/\/fontfredapintures.com\/es\/wp-json\/wp\/v2\/product_brand?post=34350"},{"taxonomy":"product_cat","embeddable":true,"href":"https:\/\/fontfredapintures.com\/es\/wp-json\/wp\/v2\/product_cat?post=34350"},{"taxonomy":"product_tag","embeddable":true,"href":"https:\/\/fontfredapintures.com\/es\/wp-json\/wp\/v2\/product_tag?post=34350"}],"curies":[{"name":"wp","href":"https:\/\/api.w.org\/{rel}","templated":true}]}}