{"id":33258,"date":"2024-10-01T06:21:09","date_gmt":"2024-10-01T04:21:09","guid":{"rendered":"https:\/\/fontfredapintures.com\/producte\/lijadora-excentrica-neumatica-lex-3-150-7\/"},"modified":"2025-06-19T01:49:38","modified_gmt":"2025-06-18T23:49:38","slug":"lijadora-excentrica-neumatica-lex-3-150-7","status":"publish","type":"product","link":"https:\/\/fontfredapintures.com\/es\/producto\/lijadora-excentrica-neumatica-lex-3-150-7\/","title":{"rendered":"Lijadora exc\u00e9ntrica neum\u00e1tica LEX 3 150\/7 (ref:575077)"},"content":{"rendered":"<p>&#8211; El bajo consumo de aire comprimido, reduce los gastos<br \/>\n&#8211; Valores de vibraci\u00f3n reducidos y ruido agradable que cuidan la salud<br \/>\n&#8211; Su robusta construcci\u00f3n garantiza una larga vida \u00fatil, bajo mantenimiento y ahorro de costes<br \/>\n&#8211; La combinaci\u00f3n con el tubo IAS 3 light facilita la aspiraci\u00f3n permanente, proporciona mejores resultados y cuida la salud<br \/>\n&#8211; El plato lijador FUSION-TEC de gran calidad con principio MULTI-JETSTREAM ofrece una aspiraci\u00f3n id\u00f3nea, reduce los retoques y ahorra costes<br \/>\n&#8211; La \u00f3rbita potente de 7 mm ofrece un gran arranque de material, avance r\u00e1pido y ahorro de tiempo<br \/>\n&#8211; El freno del plato reduce los errores de lijado al colocar la herramienta y con ello, los retoques y costes<br \/>\n&#8211; Advertencia: para su uso se requiere el sistema de conexi\u00f3n IAS 2\/IAS 3<\/p>\n","protected":false},"excerpt":{"rendered":"<p>Con una \u00f3rbita de 7 mm garantiza un arranque elevado en muy poco tiempo. Su consumo de aire comprimido es el m\u00e1s bajo de su categor\u00eda: hasta un 30 % menor. Pesa tan solo 1 kg, tiene valores m\u00ednimos de vibraci\u00f3n, una marcha silenciosa, un motor resistente y duradero y un consumo de aire comprimido bajo.<\/p>\n","protected":false},"featured_media":33247,"comment_status":"open","ping_status":"closed","template":"","meta":[],"product_brand":[],"product_cat":[80,807],"product_tag":[],"class_list":{"0":"post-33258","1":"product","2":"type-product","3":"status-publish","4":"has-post-thumbnail","6":"product_cat-maquinaria-es","7":"product_cat-pulidoras-y-fregadoras","8":"pa_brand-festool","9":"pa_utility-pule","11":"first","12":"instock","13":"taxable","14":"shipping-taxable","15":"purchasable","16":"product-type-simple"},"group_of_quantity":0,"min_quantity":0,"max_quantity":"","exclude_order_quantity_value_rules":"no","exclude_category_quantity_rules":"no","combine_variations":"no","yoast_head":"<!-- This site is optimized with the Yoast SEO plugin v25.7 - https:\/\/yoast.com\/wordpress\/plugins\/seo\/ -->\n<title>Lijadora exc\u00e9ntrica neum\u00e1tica LEX 3 150\/7 (ref:575077) - Fontfreda Pintures<\/title>\n<meta name=\"robots\" content=\"index, follow, max-snippet:-1, max-image-preview:large, max-video-preview:-1\" \/>\n<link rel=\"canonical\" href=\"https:\/\/fontfredapintures.com\/es\/producto\/lijadora-excentrica-neumatica-lex-3-150-7\/\" \/>\n<meta property=\"og:locale\" content=\"es_ES\" \/>\n<meta property=\"og:type\" content=\"article\" \/>\n<meta property=\"og:title\" content=\"Lijadora exc\u00e9ntrica neum\u00e1tica LEX 3 150\/7 (ref:575077) - Fontfreda Pintures\" \/>\n<meta property=\"og:description\" content=\"Con una \u00f3rbita de 7 mm garantiza un arranque elevado en muy poco tiempo. Su consumo de aire comprimido es el m\u00e1s bajo de su categor\u00eda: hasta un 30 % menor. Pesa tan solo 1 kg, tiene valores m\u00ednimos de vibraci\u00f3n, una marcha silenciosa, un motor resistente y duradero y un consumo de aire comprimido bajo.\" \/>\n<meta property=\"og:url\" content=\"https:\/\/fontfredapintures.com\/es\/producto\/lijadora-excentrica-neumatica-lex-3-150-7\/\" \/>\n<meta property=\"og:site_name\" content=\"Fontfreda Pintures\" \/>\n<meta property=\"article:publisher\" content=\"https:\/\/www.facebook.com\/fontfredapintures\/\" \/>\n<meta property=\"article:modified_time\" content=\"2025-06-18T23:49:38+00:00\" \/>\n<meta property=\"og:image\" content=\"https:\/\/eoc6cz96j5h.exactdn.com\/wp-content\/uploads\/2024\/10\/13600347_1380.png?strip=all&lossy=1&ssl=1\" \/>\n\t<meta property=\"og:image:width\" content=\"1000\" \/>\n\t<meta property=\"og:image:height\" content=\"1143\" \/>\n\t<meta property=\"og:image:type\" content=\"image\/png\" \/>\n<meta name=\"twitter:card\" content=\"summary_large_image\" \/>\n<meta name=\"twitter:label1\" content=\"Tiempo de lectura\" \/>\n\t<meta name=\"twitter:data1\" content=\"1 minuto\" \/>\n<script type=\"application\/ld+json\" class=\"yoast-schema-graph\">{\"@context\":\"https:\/\/schema.org\",\"@graph\":[{\"@type\":\"WebPage\",\"@id\":\"https:\/\/fontfredapintures.com\/es\/producto\/lijadora-excentrica-neumatica-lex-3-150-7\/\",\"url\":\"https:\/\/fontfredapintures.com\/es\/producto\/lijadora-excentrica-neumatica-lex-3-150-7\/\",\"name\":\"Lijadora exc\u00e9ntrica neum\u00e1tica LEX 3 150\/7 (ref:575077) - Fontfreda Pintures\",\"isPartOf\":{\"@id\":\"https:\/\/fontfredapintures.com\/es\/#website\"},\"primaryImageOfPage\":{\"@id\":\"https:\/\/fontfredapintures.com\/es\/producto\/lijadora-excentrica-neumatica-lex-3-150-7\/#primaryimage\"},\"image\":{\"@id\":\"https:\/\/fontfredapintures.com\/es\/producto\/lijadora-excentrica-neumatica-lex-3-150-7\/#primaryimage\"},\"thumbnailUrl\":\"https:\/\/fontfredapintures.com\/wp-content\/uploads\/2024\/10\/13600347_1380.png\",\"datePublished\":\"2024-10-01T04:21:09+00:00\",\"dateModified\":\"2025-06-18T23:49:38+00:00\",\"breadcrumb\":{\"@id\":\"https:\/\/fontfredapintures.com\/es\/producto\/lijadora-excentrica-neumatica-lex-3-150-7\/#breadcrumb\"},\"inLanguage\":\"es\",\"potentialAction\":[{\"@type\":\"ReadAction\",\"target\":[\"https:\/\/fontfredapintures.com\/es\/producto\/lijadora-excentrica-neumatica-lex-3-150-7\/\"]}]},{\"@type\":\"ImageObject\",\"inLanguage\":\"es\",\"@id\":\"https:\/\/fontfredapintures.com\/es\/producto\/lijadora-excentrica-neumatica-lex-3-150-7\/#primaryimage\",\"url\":\"https:\/\/fontfredapintures.com\/wp-content\/uploads\/2024\/10\/13600347_1380.png\",\"contentUrl\":\"https:\/\/fontfredapintures.com\/wp-content\/uploads\/2024\/10\/13600347_1380.png\",\"width\":1000,\"height\":1143},{\"@type\":\"BreadcrumbList\",\"@id\":\"https:\/\/fontfredapintures.com\/es\/producto\/lijadora-excentrica-neumatica-lex-3-150-7\/#breadcrumb\",\"itemListElement\":[{\"@type\":\"ListItem\",\"position\":1,\"name\":\"Fontfreda\",\"item\":\"https:\/\/fontfredapintures.com\/es\/\"},{\"@type\":\"ListItem\",\"position\":2,\"name\":\"Tienda\",\"item\":\"https:\/\/fontfredapintures.com\/es\/tienda\/\"},{\"@type\":\"ListItem\",\"position\":3,\"name\":\"Lijadora exc\u00e9ntrica neum\u00e1tica LEX 3 150\/7 (ref:575077)\"}]},{\"@type\":\"WebSite\",\"@id\":\"https:\/\/fontfredapintures.com\/es\/#website\",\"url\":\"https:\/\/fontfredapintures.com\/es\/\",\"name\":\"Fontfreda Pintures\",\"description\":\"Tienda online de pintura, decoraci\u00f3n y bellas artes\",\"publisher\":{\"@id\":\"https:\/\/fontfredapintures.com\/es\/#organization\"},\"alternateName\":\"Pintures Fontfreda\",\"potentialAction\":[{\"@type\":\"SearchAction\",\"target\":{\"@type\":\"EntryPoint\",\"urlTemplate\":\"https:\/\/fontfredapintures.com\/es\/?s={search_term_string}\"},\"query-input\":{\"@type\":\"PropertyValueSpecification\",\"valueRequired\":true,\"valueName\":\"search_term_string\"}}],\"inLanguage\":\"es\"},{\"@type\":\"Organization\",\"@id\":\"https:\/\/fontfredapintures.com\/es\/#organization\",\"name\":\"Pintures Fontfreda\",\"alternateName\":\"Fontfreda Pintures\",\"url\":\"https:\/\/fontfredapintures.com\/es\/\",\"logo\":{\"@type\":\"ImageObject\",\"inLanguage\":\"es\",\"@id\":\"https:\/\/fontfredapintures.com\/es\/#\/schema\/logo\/image\/\",\"url\":\"https:\/\/fontfredapintures.com\/wp-content\/uploads\/2024\/04\/fontfreda-pintures-logo-yoast.jpg\",\"contentUrl\":\"https:\/\/fontfredapintures.com\/wp-content\/uploads\/2024\/04\/fontfreda-pintures-logo-yoast.jpg\",\"width\":900,\"height\":600,\"caption\":\"Pintures Fontfreda\"},\"image\":{\"@id\":\"https:\/\/fontfredapintures.com\/es\/#\/schema\/logo\/image\/\"},\"sameAs\":[\"https:\/\/www.facebook.com\/fontfredapintures\/\",\"https:\/\/www.instagram.com\/fontfredapintures\/\",\"https:\/\/www.linkedin.com\/company\/fontfredapintures\/\"]}]}<\/script>\n<!-- \/ Yoast SEO plugin. -->","yoast_head_json":{"title":"Lijadora exc\u00e9ntrica neum\u00e1tica LEX 3 150\/7 (ref:575077) - Fontfreda Pintures","robots":{"index":"index","follow":"follow","max-snippet":"max-snippet:-1","max-image-preview":"max-image-preview:large","max-video-preview":"max-video-preview:-1"},"canonical":"https:\/\/fontfredapintures.com\/es\/producto\/lijadora-excentrica-neumatica-lex-3-150-7\/","og_locale":"es_ES","og_type":"article","og_title":"Lijadora exc\u00e9ntrica neum\u00e1tica LEX 3 150\/7 (ref:575077) - Fontfreda Pintures","og_description":"Con una \u00f3rbita de 7 mm garantiza un arranque elevado en muy poco tiempo. Su consumo de aire comprimido es el m\u00e1s bajo de su categor\u00eda: hasta un 30 % menor. Pesa tan solo 1 kg, tiene valores m\u00ednimos de vibraci\u00f3n, una marcha silenciosa, un motor resistente y duradero y un consumo de aire comprimido bajo.","og_url":"https:\/\/fontfredapintures.com\/es\/producto\/lijadora-excentrica-neumatica-lex-3-150-7\/","og_site_name":"Fontfreda Pintures","article_publisher":"https:\/\/www.facebook.com\/fontfredapintures\/","article_modified_time":"2025-06-18T23:49:38+00:00","og_image":[{"width":1000,"height":1143,"url":"https:\/\/eoc6cz96j5h.exactdn.com\/wp-content\/uploads\/2024\/10\/13600347_1380.png?strip=all&lossy=1&ssl=1","type":"image\/png"}],"twitter_card":"summary_large_image","twitter_misc":{"Tiempo de lectura":"1 minuto"},"schema":{"@context":"https:\/\/schema.org","@graph":[{"@type":"WebPage","@id":"https:\/\/fontfredapintures.com\/es\/producto\/lijadora-excentrica-neumatica-lex-3-150-7\/","url":"https:\/\/fontfredapintures.com\/es\/producto\/lijadora-excentrica-neumatica-lex-3-150-7\/","name":"Lijadora exc\u00e9ntrica neum\u00e1tica LEX 3 150\/7 (ref:575077) - Fontfreda Pintures","isPartOf":{"@id":"https:\/\/fontfredapintures.com\/es\/#website"},"primaryImageOfPage":{"@id":"https:\/\/fontfredapintures.com\/es\/producto\/lijadora-excentrica-neumatica-lex-3-150-7\/#primaryimage"},"image":{"@id":"https:\/\/fontfredapintures.com\/es\/producto\/lijadora-excentrica-neumatica-lex-3-150-7\/#primaryimage"},"thumbnailUrl":"https:\/\/fontfredapintures.com\/wp-content\/uploads\/2024\/10\/13600347_1380.png","datePublished":"2024-10-01T04:21:09+00:00","dateModified":"2025-06-18T23:49:38+00:00","breadcrumb":{"@id":"https:\/\/fontfredapintures.com\/es\/producto\/lijadora-excentrica-neumatica-lex-3-150-7\/#breadcrumb"},"inLanguage":"es","potentialAction":[{"@type":"ReadAction","target":["https:\/\/fontfredapintures.com\/es\/producto\/lijadora-excentrica-neumatica-lex-3-150-7\/"]}]},{"@type":"ImageObject","inLanguage":"es","@id":"https:\/\/fontfredapintures.com\/es\/producto\/lijadora-excentrica-neumatica-lex-3-150-7\/#primaryimage","url":"https:\/\/fontfredapintures.com\/wp-content\/uploads\/2024\/10\/13600347_1380.png","contentUrl":"https:\/\/fontfredapintures.com\/wp-content\/uploads\/2024\/10\/13600347_1380.png","width":1000,"height":1143},{"@type":"BreadcrumbList","@id":"https:\/\/fontfredapintures.com\/es\/producto\/lijadora-excentrica-neumatica-lex-3-150-7\/#breadcrumb","itemListElement":[{"@type":"ListItem","position":1,"name":"Fontfreda","item":"https:\/\/fontfredapintures.com\/es\/"},{"@type":"ListItem","position":2,"name":"Tienda","item":"https:\/\/fontfredapintures.com\/es\/tienda\/"},{"@type":"ListItem","position":3,"name":"Lijadora exc\u00e9ntrica neum\u00e1tica LEX 3 150\/7 (ref:575077)"}]},{"@type":"WebSite","@id":"https:\/\/fontfredapintures.com\/es\/#website","url":"https:\/\/fontfredapintures.com\/es\/","name":"Fontfreda Pintures","description":"Tienda online de pintura, decoraci\u00f3n y bellas artes","publisher":{"@id":"https:\/\/fontfredapintures.com\/es\/#organization"},"alternateName":"Pintures Fontfreda","potentialAction":[{"@type":"SearchAction","target":{"@type":"EntryPoint","urlTemplate":"https:\/\/fontfredapintures.com\/es\/?s={search_term_string}"},"query-input":{"@type":"PropertyValueSpecification","valueRequired":true,"valueName":"search_term_string"}}],"inLanguage":"es"},{"@type":"Organization","@id":"https:\/\/fontfredapintures.com\/es\/#organization","name":"Pintures Fontfreda","alternateName":"Fontfreda Pintures","url":"https:\/\/fontfredapintures.com\/es\/","logo":{"@type":"ImageObject","inLanguage":"es","@id":"https:\/\/fontfredapintures.com\/es\/#\/schema\/logo\/image\/","url":"https:\/\/fontfredapintures.com\/wp-content\/uploads\/2024\/04\/fontfreda-pintures-logo-yoast.jpg","contentUrl":"https:\/\/fontfredapintures.com\/wp-content\/uploads\/2024\/04\/fontfreda-pintures-logo-yoast.jpg","width":900,"height":600,"caption":"Pintures Fontfreda"},"image":{"@id":"https:\/\/fontfredapintures.com\/es\/#\/schema\/logo\/image\/"},"sameAs":["https:\/\/www.facebook.com\/fontfredapintures\/","https:\/\/www.instagram.com\/fontfredapintures\/","https:\/\/www.linkedin.com\/company\/fontfredapintures\/"]}]}},"_links":{"self":[{"href":"https:\/\/fontfredapintures.com\/es\/wp-json\/wp\/v2\/product\/33258","targetHints":{"allow":["GET"]}}],"collection":[{"href":"https:\/\/fontfredapintures.com\/es\/wp-json\/wp\/v2\/product"}],"about":[{"href":"https:\/\/fontfredapintures.com\/es\/wp-json\/wp\/v2\/types\/product"}],"replies":[{"embeddable":true,"href":"https:\/\/fontfredapintures.com\/es\/wp-json\/wp\/v2\/comments?post=33258"}],"version-history":[{"count":2,"href":"https:\/\/fontfredapintures.com\/es\/wp-json\/wp\/v2\/product\/33258\/revisions"}],"predecessor-version":[{"id":42690,"href":"https:\/\/fontfredapintures.com\/es\/wp-json\/wp\/v2\/product\/33258\/revisions\/42690"}],"wp:featuredmedia":[{"embeddable":true,"href":"https:\/\/fontfredapintures.com\/es\/wp-json\/wp\/v2\/media\/33247"}],"wp:attachment":[{"href":"https:\/\/fontfredapintures.com\/es\/wp-json\/wp\/v2\/media?parent=33258"}],"wp:term":[{"taxonomy":"product_brand","embeddable":true,"href":"https:\/\/fontfredapintures.com\/es\/wp-json\/wp\/v2\/product_brand?post=33258"},{"taxonomy":"product_cat","embeddable":true,"href":"https:\/\/fontfredapintures.com\/es\/wp-json\/wp\/v2\/product_cat?post=33258"},{"taxonomy":"product_tag","embeddable":true,"href":"https:\/\/fontfredapintures.com\/es\/wp-json\/wp\/v2\/product_tag?post=33258"}],"curies":[{"name":"wp","href":"https:\/\/api.w.org\/{rel}","templated":true}]}}