{"id":32604,"date":"2024-09-30T19:47:15","date_gmt":"2024-09-30T17:47:15","guid":{"rendered":"https:\/\/fontfredapintures.com\/producte\/plantilla-para-mesa-de-trabajo-aps-900-2\/"},"modified":"2025-06-19T01:42:29","modified_gmt":"2025-06-18T23:42:29","slug":"plantilla-para-mesa-de-trabajo-aps-900-2","status":"publish","type":"product","link":"https:\/\/fontfredapintures.com\/es\/producto\/plantilla-para-mesa-de-trabajo-aps-900-2\/","title":{"rendered":"Plantilla para mesa de trabajo APS 900\/2 (ref:204219)"},"content":{"rendered":"<p>&#8211; Plantilla robusta de aluminio para fresar<br \/>\n&#8211; Para uniones angulares y de planchas con tope fijo: profundidad de pieza de 600 y 650 mm o, en caso de ser desplazable, hasta 900 mm<br \/>\n&#8211; Adem\u00e1s, incluye dos plantillas de fresado, de colocaci\u00f3n libre, para encajar los herrajes de uni\u00f3n convencionales por el lado inferior de la placa<br \/>\n&#8211; Adecuada tambi\u00e9n para placas con una profundidad superior a 900 mm, utilizando perfiles de prolongaci\u00f3n<br \/>\n&#8211; Para fresa de ranuras de 14 mm de di\u00e1metro y anillo copiador de 30 mm de di\u00e1metro; se recomienda para la fresadora OF 2200\/1400<br \/>\n&#8211; Para di\u00e1metros de fresado de 14mm y anillos copiadores de 30mm<\/p>\n","protected":false},"excerpt":{"rendered":"<p>Para uniones en esquinas y paneles de hasta 900 mm de ancho. La plantilla se fija en la opci\u00f3n de sujeci\u00f3n integrada, permitiendo obtener resultados exactos.<\/p>\n","protected":false},"featured_media":32590,"comment_status":"open","ping_status":"closed","template":"","meta":[],"product_brand":[],"product_cat":[80,1086],"product_tag":[],"class_list":{"0":"post-32604","1":"product","2":"type-product","3":"status-publish","4":"has-post-thumbnail","6":"product_cat-maquinaria-es","7":"product_cat-accesorios","8":"pa_brand-festool","9":"pa_utility-pule","11":"first","12":"instock","13":"taxable","14":"shipping-taxable","15":"purchasable","16":"product-type-simple"},"group_of_quantity":0,"min_quantity":0,"max_quantity":"","exclude_order_quantity_value_rules":"no","exclude_category_quantity_rules":"no","combine_variations":"no","yoast_head":"<!-- This site is optimized with the Yoast SEO plugin v25.7 - https:\/\/yoast.com\/wordpress\/plugins\/seo\/ -->\n<title>Plantilla para mesa de trabajo APS 900\/2 (ref:204219) - Fontfreda Pintures<\/title>\n<meta name=\"robots\" content=\"index, follow, max-snippet:-1, max-image-preview:large, max-video-preview:-1\" \/>\n<link rel=\"canonical\" href=\"https:\/\/fontfredapintures.com\/es\/producto\/plantilla-para-mesa-de-trabajo-aps-900-2\/\" \/>\n<meta property=\"og:locale\" content=\"es_ES\" \/>\n<meta property=\"og:type\" content=\"article\" \/>\n<meta property=\"og:title\" content=\"Plantilla para mesa de trabajo APS 900\/2 (ref:204219) - Fontfreda Pintures\" \/>\n<meta property=\"og:description\" content=\"Para uniones en esquinas y paneles de hasta 900 mm de ancho. La plantilla se fija en la opci\u00f3n de sujeci\u00f3n integrada, permitiendo obtener resultados exactos.\" \/>\n<meta property=\"og:url\" content=\"https:\/\/fontfredapintures.com\/es\/producto\/plantilla-para-mesa-de-trabajo-aps-900-2\/\" \/>\n<meta property=\"og:site_name\" content=\"Fontfreda Pintures\" \/>\n<meta property=\"article:publisher\" content=\"https:\/\/www.facebook.com\/fontfredapintures\/\" \/>\n<meta property=\"article:modified_time\" content=\"2025-06-18T23:42:29+00:00\" \/>\n<meta property=\"og:image\" content=\"https:\/\/eoc6cz96j5h.exactdn.com\/wp-content\/uploads\/2024\/09\/13600274_711.png?strip=all&lossy=1&ssl=1\" \/>\n\t<meta property=\"og:image:width\" content=\"1000\" \/>\n\t<meta property=\"og:image:height\" content=\"1143\" \/>\n\t<meta property=\"og:image:type\" content=\"image\/png\" \/>\n<meta name=\"twitter:card\" content=\"summary_large_image\" \/>\n<meta name=\"twitter:label1\" content=\"Tiempo de lectura\" \/>\n\t<meta name=\"twitter:data1\" content=\"1 minuto\" \/>\n<script type=\"application\/ld+json\" class=\"yoast-schema-graph\">{\"@context\":\"https:\/\/schema.org\",\"@graph\":[{\"@type\":\"WebPage\",\"@id\":\"https:\/\/fontfredapintures.com\/es\/producto\/plantilla-para-mesa-de-trabajo-aps-900-2\/\",\"url\":\"https:\/\/fontfredapintures.com\/es\/producto\/plantilla-para-mesa-de-trabajo-aps-900-2\/\",\"name\":\"Plantilla para mesa de trabajo APS 900\/2 (ref:204219) - Fontfreda Pintures\",\"isPartOf\":{\"@id\":\"https:\/\/fontfredapintures.com\/es\/#website\"},\"primaryImageOfPage\":{\"@id\":\"https:\/\/fontfredapintures.com\/es\/producto\/plantilla-para-mesa-de-trabajo-aps-900-2\/#primaryimage\"},\"image\":{\"@id\":\"https:\/\/fontfredapintures.com\/es\/producto\/plantilla-para-mesa-de-trabajo-aps-900-2\/#primaryimage\"},\"thumbnailUrl\":\"https:\/\/fontfredapintures.com\/wp-content\/uploads\/2024\/09\/13600274_711.png\",\"datePublished\":\"2024-09-30T17:47:15+00:00\",\"dateModified\":\"2025-06-18T23:42:29+00:00\",\"breadcrumb\":{\"@id\":\"https:\/\/fontfredapintures.com\/es\/producto\/plantilla-para-mesa-de-trabajo-aps-900-2\/#breadcrumb\"},\"inLanguage\":\"es\",\"potentialAction\":[{\"@type\":\"ReadAction\",\"target\":[\"https:\/\/fontfredapintures.com\/es\/producto\/plantilla-para-mesa-de-trabajo-aps-900-2\/\"]}]},{\"@type\":\"ImageObject\",\"inLanguage\":\"es\",\"@id\":\"https:\/\/fontfredapintures.com\/es\/producto\/plantilla-para-mesa-de-trabajo-aps-900-2\/#primaryimage\",\"url\":\"https:\/\/fontfredapintures.com\/wp-content\/uploads\/2024\/09\/13600274_711.png\",\"contentUrl\":\"https:\/\/fontfredapintures.com\/wp-content\/uploads\/2024\/09\/13600274_711.png\",\"width\":1000,\"height\":1143},{\"@type\":\"BreadcrumbList\",\"@id\":\"https:\/\/fontfredapintures.com\/es\/producto\/plantilla-para-mesa-de-trabajo-aps-900-2\/#breadcrumb\",\"itemListElement\":[{\"@type\":\"ListItem\",\"position\":1,\"name\":\"Fontfreda\",\"item\":\"https:\/\/fontfredapintures.com\/es\/\"},{\"@type\":\"ListItem\",\"position\":2,\"name\":\"Tienda\",\"item\":\"https:\/\/fontfredapintures.com\/es\/tienda\/\"},{\"@type\":\"ListItem\",\"position\":3,\"name\":\"Plantilla para mesa de trabajo APS 900\/2 (ref:204219)\"}]},{\"@type\":\"WebSite\",\"@id\":\"https:\/\/fontfredapintures.com\/es\/#website\",\"url\":\"https:\/\/fontfredapintures.com\/es\/\",\"name\":\"Fontfreda Pintures\",\"description\":\"Tienda online de pintura, decoraci\u00f3n y bellas artes\",\"publisher\":{\"@id\":\"https:\/\/fontfredapintures.com\/es\/#organization\"},\"alternateName\":\"Pintures Fontfreda\",\"potentialAction\":[{\"@type\":\"SearchAction\",\"target\":{\"@type\":\"EntryPoint\",\"urlTemplate\":\"https:\/\/fontfredapintures.com\/es\/?s={search_term_string}\"},\"query-input\":{\"@type\":\"PropertyValueSpecification\",\"valueRequired\":true,\"valueName\":\"search_term_string\"}}],\"inLanguage\":\"es\"},{\"@type\":\"Organization\",\"@id\":\"https:\/\/fontfredapintures.com\/es\/#organization\",\"name\":\"Pintures Fontfreda\",\"alternateName\":\"Fontfreda Pintures\",\"url\":\"https:\/\/fontfredapintures.com\/es\/\",\"logo\":{\"@type\":\"ImageObject\",\"inLanguage\":\"es\",\"@id\":\"https:\/\/fontfredapintures.com\/es\/#\/schema\/logo\/image\/\",\"url\":\"https:\/\/fontfredapintures.com\/wp-content\/uploads\/2024\/04\/fontfreda-pintures-logo-yoast.jpg\",\"contentUrl\":\"https:\/\/fontfredapintures.com\/wp-content\/uploads\/2024\/04\/fontfreda-pintures-logo-yoast.jpg\",\"width\":900,\"height\":600,\"caption\":\"Pintures Fontfreda\"},\"image\":{\"@id\":\"https:\/\/fontfredapintures.com\/es\/#\/schema\/logo\/image\/\"},\"sameAs\":[\"https:\/\/www.facebook.com\/fontfredapintures\/\",\"https:\/\/www.instagram.com\/fontfredapintures\/\",\"https:\/\/www.linkedin.com\/company\/fontfredapintures\/\"]}]}<\/script>\n<!-- \/ Yoast SEO plugin. -->","yoast_head_json":{"title":"Plantilla para mesa de trabajo APS 900\/2 (ref:204219) - Fontfreda Pintures","robots":{"index":"index","follow":"follow","max-snippet":"max-snippet:-1","max-image-preview":"max-image-preview:large","max-video-preview":"max-video-preview:-1"},"canonical":"https:\/\/fontfredapintures.com\/es\/producto\/plantilla-para-mesa-de-trabajo-aps-900-2\/","og_locale":"es_ES","og_type":"article","og_title":"Plantilla para mesa de trabajo APS 900\/2 (ref:204219) - Fontfreda Pintures","og_description":"Para uniones en esquinas y paneles de hasta 900 mm de ancho. La plantilla se fija en la opci\u00f3n de sujeci\u00f3n integrada, permitiendo obtener resultados exactos.","og_url":"https:\/\/fontfredapintures.com\/es\/producto\/plantilla-para-mesa-de-trabajo-aps-900-2\/","og_site_name":"Fontfreda Pintures","article_publisher":"https:\/\/www.facebook.com\/fontfredapintures\/","article_modified_time":"2025-06-18T23:42:29+00:00","og_image":[{"width":1000,"height":1143,"url":"https:\/\/eoc6cz96j5h.exactdn.com\/wp-content\/uploads\/2024\/09\/13600274_711.png?strip=all&lossy=1&ssl=1","type":"image\/png"}],"twitter_card":"summary_large_image","twitter_misc":{"Tiempo de lectura":"1 minuto"},"schema":{"@context":"https:\/\/schema.org","@graph":[{"@type":"WebPage","@id":"https:\/\/fontfredapintures.com\/es\/producto\/plantilla-para-mesa-de-trabajo-aps-900-2\/","url":"https:\/\/fontfredapintures.com\/es\/producto\/plantilla-para-mesa-de-trabajo-aps-900-2\/","name":"Plantilla para mesa de trabajo APS 900\/2 (ref:204219) - Fontfreda Pintures","isPartOf":{"@id":"https:\/\/fontfredapintures.com\/es\/#website"},"primaryImageOfPage":{"@id":"https:\/\/fontfredapintures.com\/es\/producto\/plantilla-para-mesa-de-trabajo-aps-900-2\/#primaryimage"},"image":{"@id":"https:\/\/fontfredapintures.com\/es\/producto\/plantilla-para-mesa-de-trabajo-aps-900-2\/#primaryimage"},"thumbnailUrl":"https:\/\/fontfredapintures.com\/wp-content\/uploads\/2024\/09\/13600274_711.png","datePublished":"2024-09-30T17:47:15+00:00","dateModified":"2025-06-18T23:42:29+00:00","breadcrumb":{"@id":"https:\/\/fontfredapintures.com\/es\/producto\/plantilla-para-mesa-de-trabajo-aps-900-2\/#breadcrumb"},"inLanguage":"es","potentialAction":[{"@type":"ReadAction","target":["https:\/\/fontfredapintures.com\/es\/producto\/plantilla-para-mesa-de-trabajo-aps-900-2\/"]}]},{"@type":"ImageObject","inLanguage":"es","@id":"https:\/\/fontfredapintures.com\/es\/producto\/plantilla-para-mesa-de-trabajo-aps-900-2\/#primaryimage","url":"https:\/\/fontfredapintures.com\/wp-content\/uploads\/2024\/09\/13600274_711.png","contentUrl":"https:\/\/fontfredapintures.com\/wp-content\/uploads\/2024\/09\/13600274_711.png","width":1000,"height":1143},{"@type":"BreadcrumbList","@id":"https:\/\/fontfredapintures.com\/es\/producto\/plantilla-para-mesa-de-trabajo-aps-900-2\/#breadcrumb","itemListElement":[{"@type":"ListItem","position":1,"name":"Fontfreda","item":"https:\/\/fontfredapintures.com\/es\/"},{"@type":"ListItem","position":2,"name":"Tienda","item":"https:\/\/fontfredapintures.com\/es\/tienda\/"},{"@type":"ListItem","position":3,"name":"Plantilla para mesa de trabajo APS 900\/2 (ref:204219)"}]},{"@type":"WebSite","@id":"https:\/\/fontfredapintures.com\/es\/#website","url":"https:\/\/fontfredapintures.com\/es\/","name":"Fontfreda Pintures","description":"Tienda online de pintura, decoraci\u00f3n y bellas artes","publisher":{"@id":"https:\/\/fontfredapintures.com\/es\/#organization"},"alternateName":"Pintures Fontfreda","potentialAction":[{"@type":"SearchAction","target":{"@type":"EntryPoint","urlTemplate":"https:\/\/fontfredapintures.com\/es\/?s={search_term_string}"},"query-input":{"@type":"PropertyValueSpecification","valueRequired":true,"valueName":"search_term_string"}}],"inLanguage":"es"},{"@type":"Organization","@id":"https:\/\/fontfredapintures.com\/es\/#organization","name":"Pintures Fontfreda","alternateName":"Fontfreda Pintures","url":"https:\/\/fontfredapintures.com\/es\/","logo":{"@type":"ImageObject","inLanguage":"es","@id":"https:\/\/fontfredapintures.com\/es\/#\/schema\/logo\/image\/","url":"https:\/\/fontfredapintures.com\/wp-content\/uploads\/2024\/04\/fontfreda-pintures-logo-yoast.jpg","contentUrl":"https:\/\/fontfredapintures.com\/wp-content\/uploads\/2024\/04\/fontfreda-pintures-logo-yoast.jpg","width":900,"height":600,"caption":"Pintures Fontfreda"},"image":{"@id":"https:\/\/fontfredapintures.com\/es\/#\/schema\/logo\/image\/"},"sameAs":["https:\/\/www.facebook.com\/fontfredapintures\/","https:\/\/www.instagram.com\/fontfredapintures\/","https:\/\/www.linkedin.com\/company\/fontfredapintures\/"]}]}},"_links":{"self":[{"href":"https:\/\/fontfredapintures.com\/es\/wp-json\/wp\/v2\/product\/32604","targetHints":{"allow":["GET"]}}],"collection":[{"href":"https:\/\/fontfredapintures.com\/es\/wp-json\/wp\/v2\/product"}],"about":[{"href":"https:\/\/fontfredapintures.com\/es\/wp-json\/wp\/v2\/types\/product"}],"replies":[{"embeddable":true,"href":"https:\/\/fontfredapintures.com\/es\/wp-json\/wp\/v2\/comments?post=32604"}],"version-history":[{"count":1,"href":"https:\/\/fontfredapintures.com\/es\/wp-json\/wp\/v2\/product\/32604\/revisions"}],"predecessor-version":[{"id":36653,"href":"https:\/\/fontfredapintures.com\/es\/wp-json\/wp\/v2\/product\/32604\/revisions\/36653"}],"wp:featuredmedia":[{"embeddable":true,"href":"https:\/\/fontfredapintures.com\/es\/wp-json\/wp\/v2\/media\/32590"}],"wp:attachment":[{"href":"https:\/\/fontfredapintures.com\/es\/wp-json\/wp\/v2\/media?parent=32604"}],"wp:term":[{"taxonomy":"product_brand","embeddable":true,"href":"https:\/\/fontfredapintures.com\/es\/wp-json\/wp\/v2\/product_brand?post=32604"},{"taxonomy":"product_cat","embeddable":true,"href":"https:\/\/fontfredapintures.com\/es\/wp-json\/wp\/v2\/product_cat?post=32604"},{"taxonomy":"product_tag","embeddable":true,"href":"https:\/\/fontfredapintures.com\/es\/wp-json\/wp\/v2\/product_tag?post=32604"}],"curies":[{"name":"wp","href":"https:\/\/api.w.org\/{rel}","templated":true}]}}