{"id":31986,"date":"2024-09-30T18:39:57","date_gmt":"2024-09-30T16:39:57","guid":{"rendered":"https:\/\/fontfredapintures.com\/producte\/plantilla-para-taladrar-bs-kv-d15\/"},"modified":"2025-06-19T01:33:52","modified_gmt":"2025-06-18T23:33:52","slug":"plantilla-para-taladrar-bs-kv-d15","status":"publish","type":"product","link":"https:\/\/fontfredapintures.com\/es\/producto\/plantilla-para-taladrar-bs-kv-d15\/","title":{"rendered":"Plantilla para taladrar BS-KV D15 (ref:203164)"},"content":{"rendered":"<p>&#8211; El inteligente sistema DOMINO permite posicionar las uniones con facilidad y precisi\u00f3n, de modo que se puede prescindir de topes adicionales y medios auxiliares de posicionamiento. Para un trabajo eficiente y r\u00e1pido<br \/>\n&#8211; El gran recorrido de apriete y los pernos largos de los conectores facilitan extraordinariamente la construcci\u00f3n de los muebles. As\u00ed, montar un armario no presenta ninguna complicaci\u00f3n<br \/>\n&#8211; Los elementos de herraje a ras de superficie protegen las piezas del mueble de ara\u00f1azos<br \/>\n&#8211; El herraje compensa f\u00e1cilmente las tolerancias de fresado y corte de hasta 1,4 mm<br \/>\n&#8211; Los nuevos conectores de paneles y muebles desmontables son id\u00f3neos para un grosor de tabla de 18 a 28 mm<br \/>\nplantilla para taladrar necesaria para la perforaci\u00f3n de superficies para herraje de uni\u00f3n D 8 mm de DOMINO<br \/>\n&#8211; Adaptada la broca para herrajes D15 (203165)<\/p>\n","protected":false},"excerpt":{"rendered":"<p>Para DF 500. Los nuevos conectores de paneles y muebles DOMINO permiten construir muebles estables que a la vez son flexibles y desmontables. Debido a su gran versatilidad, ofrecen un campo de aplicaci\u00f3n muy amplio: desde juntas hasta uniones de pistas de perforaciones, pasando por uniones de paneles centrales.<\/p>\n","protected":false},"featured_media":31978,"comment_status":"open","ping_status":"closed","template":"","meta":[],"product_brand":[],"product_cat":[80,1086],"product_tag":[],"class_list":{"0":"post-31986","1":"product","2":"type-product","3":"status-publish","4":"has-post-thumbnail","6":"product_cat-maquinaria-es","7":"product_cat-accesorios","8":"pa_brand-festool","9":"pa_utility-pule","11":"first","12":"instock","13":"taxable","14":"shipping-taxable","15":"purchasable","16":"product-type-simple"},"group_of_quantity":0,"min_quantity":0,"max_quantity":"","exclude_order_quantity_value_rules":"no","exclude_category_quantity_rules":"no","combine_variations":"no","yoast_head":"<!-- This site is optimized with the Yoast SEO plugin v25.7 - https:\/\/yoast.com\/wordpress\/plugins\/seo\/ -->\n<title>Plantilla para taladrar BS-KV D15 (ref:203164) - Fontfreda Pintures<\/title>\n<meta name=\"robots\" content=\"index, follow, max-snippet:-1, max-image-preview:large, max-video-preview:-1\" \/>\n<link rel=\"canonical\" href=\"https:\/\/fontfredapintures.com\/es\/producto\/plantilla-para-taladrar-bs-kv-d15\/\" \/>\n<meta property=\"og:locale\" content=\"es_ES\" \/>\n<meta property=\"og:type\" content=\"article\" \/>\n<meta property=\"og:title\" content=\"Plantilla para taladrar BS-KV D15 (ref:203164) - Fontfreda Pintures\" \/>\n<meta property=\"og:description\" content=\"Para DF 500. Los nuevos conectores de paneles y muebles DOMINO permiten construir muebles estables que a la vez son flexibles y desmontables. Debido a su gran versatilidad, ofrecen un campo de aplicaci\u00f3n muy amplio: desde juntas hasta uniones de pistas de perforaciones, pasando por uniones de paneles centrales.\" \/>\n<meta property=\"og:url\" content=\"https:\/\/fontfredapintures.com\/es\/producto\/plantilla-para-taladrar-bs-kv-d15\/\" \/>\n<meta property=\"og:site_name\" content=\"Fontfreda Pintures\" \/>\n<meta property=\"article:publisher\" content=\"https:\/\/www.facebook.com\/fontfredapintures\/\" \/>\n<meta property=\"article:modified_time\" content=\"2025-06-18T23:33:52+00:00\" \/>\n<meta property=\"og:image\" content=\"https:\/\/eoc6cz96j5h.exactdn.com\/wp-content\/uploads\/2024\/09\/13600054_569.png?strip=all&lossy=1&ssl=1\" \/>\n\t<meta property=\"og:image:width\" content=\"1000\" \/>\n\t<meta property=\"og:image:height\" content=\"1143\" \/>\n\t<meta property=\"og:image:type\" content=\"image\/png\" \/>\n<meta name=\"twitter:card\" content=\"summary_large_image\" \/>\n<meta name=\"twitter:label1\" content=\"Tiempo de lectura\" \/>\n\t<meta name=\"twitter:data1\" content=\"1 minuto\" \/>\n<script type=\"application\/ld+json\" class=\"yoast-schema-graph\">{\"@context\":\"https:\/\/schema.org\",\"@graph\":[{\"@type\":\"WebPage\",\"@id\":\"https:\/\/fontfredapintures.com\/es\/producto\/plantilla-para-taladrar-bs-kv-d15\/\",\"url\":\"https:\/\/fontfredapintures.com\/es\/producto\/plantilla-para-taladrar-bs-kv-d15\/\",\"name\":\"Plantilla para taladrar BS-KV D15 (ref:203164) - Fontfreda Pintures\",\"isPartOf\":{\"@id\":\"https:\/\/fontfredapintures.com\/es\/#website\"},\"primaryImageOfPage\":{\"@id\":\"https:\/\/fontfredapintures.com\/es\/producto\/plantilla-para-taladrar-bs-kv-d15\/#primaryimage\"},\"image\":{\"@id\":\"https:\/\/fontfredapintures.com\/es\/producto\/plantilla-para-taladrar-bs-kv-d15\/#primaryimage\"},\"thumbnailUrl\":\"https:\/\/fontfredapintures.com\/wp-content\/uploads\/2024\/09\/13600054_569.png\",\"datePublished\":\"2024-09-30T16:39:57+00:00\",\"dateModified\":\"2025-06-18T23:33:52+00:00\",\"breadcrumb\":{\"@id\":\"https:\/\/fontfredapintures.com\/es\/producto\/plantilla-para-taladrar-bs-kv-d15\/#breadcrumb\"},\"inLanguage\":\"es\",\"potentialAction\":[{\"@type\":\"ReadAction\",\"target\":[\"https:\/\/fontfredapintures.com\/es\/producto\/plantilla-para-taladrar-bs-kv-d15\/\"]}]},{\"@type\":\"ImageObject\",\"inLanguage\":\"es\",\"@id\":\"https:\/\/fontfredapintures.com\/es\/producto\/plantilla-para-taladrar-bs-kv-d15\/#primaryimage\",\"url\":\"https:\/\/fontfredapintures.com\/wp-content\/uploads\/2024\/09\/13600054_569.png\",\"contentUrl\":\"https:\/\/fontfredapintures.com\/wp-content\/uploads\/2024\/09\/13600054_569.png\",\"width\":1000,\"height\":1143},{\"@type\":\"BreadcrumbList\",\"@id\":\"https:\/\/fontfredapintures.com\/es\/producto\/plantilla-para-taladrar-bs-kv-d15\/#breadcrumb\",\"itemListElement\":[{\"@type\":\"ListItem\",\"position\":1,\"name\":\"Fontfreda\",\"item\":\"https:\/\/fontfredapintures.com\/es\/\"},{\"@type\":\"ListItem\",\"position\":2,\"name\":\"Tienda\",\"item\":\"https:\/\/fontfredapintures.com\/es\/tienda\/\"},{\"@type\":\"ListItem\",\"position\":3,\"name\":\"Plantilla para taladrar BS-KV D15 (ref:203164)\"}]},{\"@type\":\"WebSite\",\"@id\":\"https:\/\/fontfredapintures.com\/es\/#website\",\"url\":\"https:\/\/fontfredapintures.com\/es\/\",\"name\":\"Fontfreda Pintures\",\"description\":\"Tienda online de pintura, decoraci\u00f3n y bellas artes\",\"publisher\":{\"@id\":\"https:\/\/fontfredapintures.com\/es\/#organization\"},\"alternateName\":\"Pintures Fontfreda\",\"potentialAction\":[{\"@type\":\"SearchAction\",\"target\":{\"@type\":\"EntryPoint\",\"urlTemplate\":\"https:\/\/fontfredapintures.com\/es\/?s={search_term_string}\"},\"query-input\":{\"@type\":\"PropertyValueSpecification\",\"valueRequired\":true,\"valueName\":\"search_term_string\"}}],\"inLanguage\":\"es\"},{\"@type\":\"Organization\",\"@id\":\"https:\/\/fontfredapintures.com\/es\/#organization\",\"name\":\"Pintures Fontfreda\",\"alternateName\":\"Fontfreda Pintures\",\"url\":\"https:\/\/fontfredapintures.com\/es\/\",\"logo\":{\"@type\":\"ImageObject\",\"inLanguage\":\"es\",\"@id\":\"https:\/\/fontfredapintures.com\/es\/#\/schema\/logo\/image\/\",\"url\":\"https:\/\/fontfredapintures.com\/wp-content\/uploads\/2024\/04\/fontfreda-pintures-logo-yoast.jpg\",\"contentUrl\":\"https:\/\/fontfredapintures.com\/wp-content\/uploads\/2024\/04\/fontfreda-pintures-logo-yoast.jpg\",\"width\":900,\"height\":600,\"caption\":\"Pintures Fontfreda\"},\"image\":{\"@id\":\"https:\/\/fontfredapintures.com\/es\/#\/schema\/logo\/image\/\"},\"sameAs\":[\"https:\/\/www.facebook.com\/fontfredapintures\/\",\"https:\/\/www.instagram.com\/fontfredapintures\/\",\"https:\/\/www.linkedin.com\/company\/fontfredapintures\/\"]}]}<\/script>\n<!-- \/ Yoast SEO plugin. -->","yoast_head_json":{"title":"Plantilla para taladrar BS-KV D15 (ref:203164) - Fontfreda Pintures","robots":{"index":"index","follow":"follow","max-snippet":"max-snippet:-1","max-image-preview":"max-image-preview:large","max-video-preview":"max-video-preview:-1"},"canonical":"https:\/\/fontfredapintures.com\/es\/producto\/plantilla-para-taladrar-bs-kv-d15\/","og_locale":"es_ES","og_type":"article","og_title":"Plantilla para taladrar BS-KV D15 (ref:203164) - Fontfreda Pintures","og_description":"Para DF 500. Los nuevos conectores de paneles y muebles DOMINO permiten construir muebles estables que a la vez son flexibles y desmontables. Debido a su gran versatilidad, ofrecen un campo de aplicaci\u00f3n muy amplio: desde juntas hasta uniones de pistas de perforaciones, pasando por uniones de paneles centrales.","og_url":"https:\/\/fontfredapintures.com\/es\/producto\/plantilla-para-taladrar-bs-kv-d15\/","og_site_name":"Fontfreda Pintures","article_publisher":"https:\/\/www.facebook.com\/fontfredapintures\/","article_modified_time":"2025-06-18T23:33:52+00:00","og_image":[{"width":1000,"height":1143,"url":"https:\/\/eoc6cz96j5h.exactdn.com\/wp-content\/uploads\/2024\/09\/13600054_569.png?strip=all&lossy=1&ssl=1","type":"image\/png"}],"twitter_card":"summary_large_image","twitter_misc":{"Tiempo de lectura":"1 minuto"},"schema":{"@context":"https:\/\/schema.org","@graph":[{"@type":"WebPage","@id":"https:\/\/fontfredapintures.com\/es\/producto\/plantilla-para-taladrar-bs-kv-d15\/","url":"https:\/\/fontfredapintures.com\/es\/producto\/plantilla-para-taladrar-bs-kv-d15\/","name":"Plantilla para taladrar BS-KV D15 (ref:203164) - Fontfreda Pintures","isPartOf":{"@id":"https:\/\/fontfredapintures.com\/es\/#website"},"primaryImageOfPage":{"@id":"https:\/\/fontfredapintures.com\/es\/producto\/plantilla-para-taladrar-bs-kv-d15\/#primaryimage"},"image":{"@id":"https:\/\/fontfredapintures.com\/es\/producto\/plantilla-para-taladrar-bs-kv-d15\/#primaryimage"},"thumbnailUrl":"https:\/\/fontfredapintures.com\/wp-content\/uploads\/2024\/09\/13600054_569.png","datePublished":"2024-09-30T16:39:57+00:00","dateModified":"2025-06-18T23:33:52+00:00","breadcrumb":{"@id":"https:\/\/fontfredapintures.com\/es\/producto\/plantilla-para-taladrar-bs-kv-d15\/#breadcrumb"},"inLanguage":"es","potentialAction":[{"@type":"ReadAction","target":["https:\/\/fontfredapintures.com\/es\/producto\/plantilla-para-taladrar-bs-kv-d15\/"]}]},{"@type":"ImageObject","inLanguage":"es","@id":"https:\/\/fontfredapintures.com\/es\/producto\/plantilla-para-taladrar-bs-kv-d15\/#primaryimage","url":"https:\/\/fontfredapintures.com\/wp-content\/uploads\/2024\/09\/13600054_569.png","contentUrl":"https:\/\/fontfredapintures.com\/wp-content\/uploads\/2024\/09\/13600054_569.png","width":1000,"height":1143},{"@type":"BreadcrumbList","@id":"https:\/\/fontfredapintures.com\/es\/producto\/plantilla-para-taladrar-bs-kv-d15\/#breadcrumb","itemListElement":[{"@type":"ListItem","position":1,"name":"Fontfreda","item":"https:\/\/fontfredapintures.com\/es\/"},{"@type":"ListItem","position":2,"name":"Tienda","item":"https:\/\/fontfredapintures.com\/es\/tienda\/"},{"@type":"ListItem","position":3,"name":"Plantilla para taladrar BS-KV D15 (ref:203164)"}]},{"@type":"WebSite","@id":"https:\/\/fontfredapintures.com\/es\/#website","url":"https:\/\/fontfredapintures.com\/es\/","name":"Fontfreda Pintures","description":"Tienda online de pintura, decoraci\u00f3n y bellas artes","publisher":{"@id":"https:\/\/fontfredapintures.com\/es\/#organization"},"alternateName":"Pintures Fontfreda","potentialAction":[{"@type":"SearchAction","target":{"@type":"EntryPoint","urlTemplate":"https:\/\/fontfredapintures.com\/es\/?s={search_term_string}"},"query-input":{"@type":"PropertyValueSpecification","valueRequired":true,"valueName":"search_term_string"}}],"inLanguage":"es"},{"@type":"Organization","@id":"https:\/\/fontfredapintures.com\/es\/#organization","name":"Pintures Fontfreda","alternateName":"Fontfreda Pintures","url":"https:\/\/fontfredapintures.com\/es\/","logo":{"@type":"ImageObject","inLanguage":"es","@id":"https:\/\/fontfredapintures.com\/es\/#\/schema\/logo\/image\/","url":"https:\/\/fontfredapintures.com\/wp-content\/uploads\/2024\/04\/fontfreda-pintures-logo-yoast.jpg","contentUrl":"https:\/\/fontfredapintures.com\/wp-content\/uploads\/2024\/04\/fontfreda-pintures-logo-yoast.jpg","width":900,"height":600,"caption":"Pintures Fontfreda"},"image":{"@id":"https:\/\/fontfredapintures.com\/es\/#\/schema\/logo\/image\/"},"sameAs":["https:\/\/www.facebook.com\/fontfredapintures\/","https:\/\/www.instagram.com\/fontfredapintures\/","https:\/\/www.linkedin.com\/company\/fontfredapintures\/"]}]}},"_links":{"self":[{"href":"https:\/\/fontfredapintures.com\/es\/wp-json\/wp\/v2\/product\/31986","targetHints":{"allow":["GET"]}}],"collection":[{"href":"https:\/\/fontfredapintures.com\/es\/wp-json\/wp\/v2\/product"}],"about":[{"href":"https:\/\/fontfredapintures.com\/es\/wp-json\/wp\/v2\/types\/product"}],"replies":[{"embeddable":true,"href":"https:\/\/fontfredapintures.com\/es\/wp-json\/wp\/v2\/comments?post=31986"}],"version-history":[{"count":1,"href":"https:\/\/fontfredapintures.com\/es\/wp-json\/wp\/v2\/product\/31986\/revisions"}],"predecessor-version":[{"id":36482,"href":"https:\/\/fontfredapintures.com\/es\/wp-json\/wp\/v2\/product\/31986\/revisions\/36482"}],"wp:featuredmedia":[{"embeddable":true,"href":"https:\/\/fontfredapintures.com\/es\/wp-json\/wp\/v2\/media\/31978"}],"wp:attachment":[{"href":"https:\/\/fontfredapintures.com\/es\/wp-json\/wp\/v2\/media?parent=31986"}],"wp:term":[{"taxonomy":"product_brand","embeddable":true,"href":"https:\/\/fontfredapintures.com\/es\/wp-json\/wp\/v2\/product_brand?post=31986"},{"taxonomy":"product_cat","embeddable":true,"href":"https:\/\/fontfredapintures.com\/es\/wp-json\/wp\/v2\/product_cat?post=31986"},{"taxonomy":"product_tag","embeddable":true,"href":"https:\/\/fontfredapintures.com\/es\/wp-json\/wp\/v2\/product_tag?post=31986"}],"curies":[{"name":"wp","href":"https:\/\/api.w.org\/{rel}","templated":true}]}}