{"id":30884,"date":"2024-06-13T08:42:17","date_gmt":"2024-06-13T06:42:17","guid":{"rendered":"https:\/\/fontfredapintures.com\/?post_type=product&#038;p=30884"},"modified":"2025-08-14T11:03:19","modified_gmt":"2025-08-14T09:03:19","slug":"limpiador-oxigeno-activo-good-granel-12kg","status":"publish","type":"product","link":"https:\/\/fontfredapintures.com\/es\/producto\/limpiador-oxigeno-activo-good-granel-12kg\/","title":{"rendered":"Limpiador ox\u00edgeno activo Good Granel 12kg"},"content":{"rendered":"<p>Detergente l\u00edquido a base de ox\u00edgeno activo, blanquea y elimina las manchas. Limpia la suciedad m\u00e1s dif\u00edcil de todo tipo de tejidos, respetando las prendas m\u00e1s delicadas y de color. Ideal para limpiar y desodorizar superficies duras y lavables: suelo, baldosas, wc, melam\u00ednicos, pl\u00e1sticos, etc.<\/p>\n<p>Biodegradable. Sin fosfatos. Sin EDTA. Sin fosfonatos. Sin ftalatos. Sin n\u00edquel. Sin parafinas. Sin blanqueantes \u00f3pticos. Sin enzimas. Sin fenoxietanol. Sin amon\u00edaco. Sin cloro. Sin lej\u00eda. Vegano. No testado en animales. Para lavar la ropa a mano, dosificar 80 ml por litro de agua.<\/p>\n<p><strong>Para lavar la ropa a m\u00e1quina, verter 100 ml en el cajet\u00edn de la lavadora. <\/strong><\/p>\n<p><strong>En superficies: pulverizar directamente, dejar actuar unos minutos y despejar.<\/strong><\/p>\n<h4><span style=\"color: #000000;\" data-sheets-root=\"1\" data-sheets-value=\"{\" data-sheets-userformat=\"{\">Bag-in-box 12 kg<\/span><\/h4>\n<blockquote class=\"tiktok-embed\" style=\"max-width: 605px; min-width: 325px;\" cite=\"https:\/\/www.tiktok.com\/@fontfredapintures\/video\/7374043178355232033\" data-video-id=\"7374043178355232033\">\n<section><a title=\"@fontfredapintures\" href=\"https:\/\/www.tiktok.com\/@fontfredapintures?refer=embed\" target=\"_blank\" rel=\"noopener\">@fontfredapintures<\/a> Vegans, sense t\u00f2xics i 100% biodegradables \u2728 Fontfreda Pintures, la teva drogueria zero waste de confian\u00e7a \u267b\ufe0f\ud83e\udd1d\ud83c\udffb <a title=\"fontfredapintures\" href=\"https:\/\/www.tiktok.com\/tag\/fontfredapintures?refer=embed\" target=\"_blank\" rel=\"noopener\">#fontfredapintures<\/a> <a title=\"drogueria\" href=\"https:\/\/www.tiktok.com\/tag\/drogueria?refer=embed\" target=\"_blank\" rel=\"noopener\">#drogueria<\/a> <a title=\"goodgranel\" href=\"https:\/\/www.tiktok.com\/tag\/goodgranel?refer=embed\" target=\"_blank\" rel=\"noopener\">#goodgranel<\/a> <a title=\"neteja\" href=\"https:\/\/www.tiktok.com\/tag\/neteja?refer=embed\" target=\"_blank\" rel=\"noopener\">#neteja<\/a> <a title=\"netejaagranel\" href=\"https:\/\/www.tiktok.com\/tag\/netejaagranel?refer=embed\" target=\"_blank\" rel=\"noopener\">#netejaagranel<\/a> <a title=\"granel\" href=\"https:\/\/www.tiktok.com\/tag\/granel?refer=embed\" target=\"_blank\" rel=\"noopener\">#granel<\/a> <a title=\"compragranel\" href=\"https:\/\/www.tiktok.com\/tag\/compragranel?refer=embed\" target=\"_blank\" rel=\"noopener\">#compragranel<\/a> <a title=\"eco\" href=\"https:\/\/www.tiktok.com\/tag\/eco?refer=embed\" target=\"_blank\" rel=\"noopener\">#eco<\/a> <a title=\"olot\" href=\"https:\/\/www.tiktok.com\/tag\/olot?refer=embed\" target=\"_blank\" rel=\"noopener\">#olot<\/a> <a title=\"viral\" href=\"https:\/\/www.tiktok.com\/tag\/viral?refer=embed\" target=\"_blank\" rel=\"noopener\">#viral<\/a> <a title=\"ecol\u00f2gic\" href=\"https:\/\/www.tiktok.com\/tag\/ecol%C3%B2gic?refer=embed\" target=\"_blank\" rel=\"noopener\">#ecol\u00f2gic<\/a> <a title=\"productesneteja\" href=\"https:\/\/www.tiktok.com\/tag\/productesneteja?refer=embed\" target=\"_blank\" rel=\"noopener\">#productesneteja<\/a> <a title=\"higiene\" href=\"https:\/\/www.tiktok.com\/tag\/higiene?refer=embed\" target=\"_blank\" rel=\"noopener\">#higiene<\/a> <a title=\"higieneeco\" href=\"https:\/\/www.tiktok.com\/tag\/higieneeco?refer=embed\" target=\"_blank\" rel=\"noopener\">#higieneeco<\/a> <a title=\"higieneecologica\" href=\"https:\/\/www.tiktok.com\/tag\/higieneecologica?refer=embed\" target=\"_blank\" rel=\"noopener\">#higieneecologica<\/a> <a title=\"\u266c Walking Around - Instrumental Version - Eldar Kedem\" href=\"https:\/\/www.tiktok.com\/music\/Walking-Around-Instrumental-Version-6982541212746008578?refer=embed\" target=\"_blank\" rel=\"noopener\">\u266c Walking Around &#8211; Instrumental Version &#8211; Eldar Kedem<\/a><\/section>\n<\/blockquote>\n<p><script async=\"\" src=\"https:\/\/www.tiktok.com\/embed.js\"><\/script><\/p>\n","protected":false},"excerpt":{"rendered":"<h3><span style=\"color: #fabc34;\">Precio por Kg \/ Pedido m\u00ednimo de 12 Kg<\/span><\/h3>\n<p>Detergente l\u00edquido a base de ox\u00edgeno activo, blanquea y elimina las manchas. Limpia la suciedad m\u00e1s dif\u00edcil de todo tipo de tejidos, respetando las prendas m\u00e1s delicadas y de color. Ideal para limpiar y desodorizar superficies duras y lavables: suelo, baldosas, wc, melam\u00ednicos, pl\u00e1sticos, etc.<\/p>\n<p>Biodegradable. Sin fosfatos. Sin EDTA. Sin fosfonatos. Sin ftalatos. Sin n\u00edquel. Sin parafinas. Sin blanqueantes \u00f3pticos. Sin enzimas. Sin fenoxietanol. Sin amon\u00edaco. Sin cloro. Sin lej\u00eda. Vegano. No testado en animales. Para lavar la ropa a mano, dosificar 80 ml por litro de agua.<\/p>\n<p><strong>Para lavar la ropa a m\u00e1quina, verter 100 ml en el cajet\u00edn de la lavadora. <\/strong><\/p>\n<p><strong>En superficies: pulverizar directamente, dejar actuar unos minutos y despejar.<\/strong><\/p>\n<h4><strong data-start=\"1855\" data-end=\"1896\">Presentaci\u00f3n y condiciones de compra:<\/strong> Bag-in-box de 12 kg. Precio indicado por kg. Compra m\u00ednima: 12 kg (= 1 Bag-in-box).<\/h4>\n","protected":false},"featured_media":31091,"comment_status":"open","ping_status":"closed","template":"","meta":[],"product_brand":[],"product_cat":[1939,1943,958,1403,963,1371],"product_tag":[1238],"class_list":{"0":"post-30884","1":"product","2":"type-product","3":"status-publish","4":"has-post-thumbnail","6":"product_cat-limpieza-industrial","7":"product_cat-suelos-y-superficies","8":"product_cat-drogueria-es","9":"product_cat-blanqueadores-y-quitamanchas","10":"product_cat-productos-limpieza-del-hogar","11":"product_cat-multiusos-es","12":"product_tag-good-granel-es","14":"first","15":"instock","16":"sale","17":"taxable","18":"shipping-taxable","19":"purchasable","20":"product-type-simple"},"group_of_quantity":12,"min_quantity":12,"max_quantity":"","exclude_order_quantity_value_rules":"no","exclude_category_quantity_rules":"no","combine_variations":"no","yoast_head":"<!-- This site is optimized with the Yoast SEO plugin v25.7 - https:\/\/yoast.com\/wordpress\/plugins\/seo\/ -->\n<title>Limpiador ox\u00edgeno activo Good Granel 12kg - Fontfreda Pintures<\/title>\n<meta name=\"description\" content=\"Compra AHORA detergente l\u00edquido a base de ox\u00edgeno activo a granel. Blanquea y elimina las manchas de todo tipo de tejidos. \u00a1Aprovecha un -10% DTO. comprando la caja entera!\" \/>\n<meta name=\"robots\" content=\"index, follow, max-snippet:-1, max-image-preview:large, max-video-preview:-1\" \/>\n<link rel=\"canonical\" href=\"https:\/\/fontfredapintures.com\/es\/producto\/limpiador-oxigeno-activo-good-granel-12kg\/\" \/>\n<meta property=\"og:locale\" content=\"es_ES\" \/>\n<meta property=\"og:type\" content=\"article\" \/>\n<meta property=\"og:title\" content=\"Limpiador ox\u00edgeno activo Good Granel 12kg - Fontfreda Pintures\" \/>\n<meta property=\"og:description\" content=\"Compra AHORA detergente l\u00edquido a base de ox\u00edgeno activo a granel. Blanquea y elimina las manchas de todo tipo de tejidos. \u00a1Aprovecha un -10% DTO. comprando la caja entera!\" \/>\n<meta property=\"og:url\" content=\"https:\/\/fontfredapintures.com\/es\/producto\/limpiador-oxigeno-activo-good-granel-12kg\/\" \/>\n<meta property=\"og:site_name\" content=\"Fontfreda Pintures\" \/>\n<meta property=\"article:publisher\" content=\"https:\/\/www.facebook.com\/fontfredapintures\/\" \/>\n<meta property=\"article:modified_time\" content=\"2025-08-14T09:03:19+00:00\" \/>\n<meta property=\"og:image\" content=\"https:\/\/fontfredapintures.com\/wp-content\/uploads\/2024\/06\/Netejador-oxigen-actiu-Good-Granel-12kg.jpg\" \/>\n\t<meta property=\"og:image:width\" content=\"1000\" \/>\n\t<meta property=\"og:image:height\" content=\"1143\" \/>\n\t<meta property=\"og:image:type\" content=\"image\/jpeg\" \/>\n<meta name=\"twitter:card\" content=\"summary_large_image\" \/>\n<meta name=\"twitter:label1\" content=\"Tiempo de lectura\" \/>\n\t<meta name=\"twitter:data1\" content=\"1 minuto\" \/>\n<script type=\"application\/ld+json\" class=\"yoast-schema-graph\">{\"@context\":\"https:\/\/schema.org\",\"@graph\":[{\"@type\":\"WebPage\",\"@id\":\"https:\/\/fontfredapintures.com\/es\/producto\/limpiador-oxigeno-activo-good-granel-12kg\/\",\"url\":\"https:\/\/fontfredapintures.com\/es\/producto\/limpiador-oxigeno-activo-good-granel-12kg\/\",\"name\":\"Limpiador ox\u00edgeno activo Good Granel 12kg - Fontfreda Pintures\",\"isPartOf\":{\"@id\":\"https:\/\/fontfredapintures.com\/es\/#website\"},\"primaryImageOfPage\":{\"@id\":\"https:\/\/fontfredapintures.com\/es\/producto\/limpiador-oxigeno-activo-good-granel-12kg\/#primaryimage\"},\"image\":{\"@id\":\"https:\/\/fontfredapintures.com\/es\/producto\/limpiador-oxigeno-activo-good-granel-12kg\/#primaryimage\"},\"thumbnailUrl\":\"https:\/\/fontfredapintures.com\/wp-content\/uploads\/2024\/06\/Netejador-oxigen-actiu-Good-Granel-12kg.jpg\",\"datePublished\":\"2024-06-13T06:42:17+00:00\",\"dateModified\":\"2025-08-14T09:03:19+00:00\",\"description\":\"Compra AHORA detergente l\u00edquido a base de ox\u00edgeno activo a granel. Blanquea y elimina las manchas de todo tipo de tejidos. \u00a1Aprovecha un -10% DTO. comprando la caja entera!\",\"breadcrumb\":{\"@id\":\"https:\/\/fontfredapintures.com\/es\/producto\/limpiador-oxigeno-activo-good-granel-12kg\/#breadcrumb\"},\"inLanguage\":\"es\",\"potentialAction\":[{\"@type\":\"ReadAction\",\"target\":[\"https:\/\/fontfredapintures.com\/es\/producto\/limpiador-oxigeno-activo-good-granel-12kg\/\"]}]},{\"@type\":\"ImageObject\",\"inLanguage\":\"es\",\"@id\":\"https:\/\/fontfredapintures.com\/es\/producto\/limpiador-oxigeno-activo-good-granel-12kg\/#primaryimage\",\"url\":\"https:\/\/fontfredapintures.com\/wp-content\/uploads\/2024\/06\/Netejador-oxigen-actiu-Good-Granel-12kg.jpg\",\"contentUrl\":\"https:\/\/fontfredapintures.com\/wp-content\/uploads\/2024\/06\/Netejador-oxigen-actiu-Good-Granel-12kg.jpg\",\"width\":1000,\"height\":1143,\"caption\":\"Limpiador ox\u00edgeno activo Good Granel 12kg\"},{\"@type\":\"BreadcrumbList\",\"@id\":\"https:\/\/fontfredapintures.com\/es\/producto\/limpiador-oxigeno-activo-good-granel-12kg\/#breadcrumb\",\"itemListElement\":[{\"@type\":\"ListItem\",\"position\":1,\"name\":\"Fontfreda\",\"item\":\"https:\/\/fontfredapintures.com\/es\/\"},{\"@type\":\"ListItem\",\"position\":2,\"name\":\"Tienda\",\"item\":\"https:\/\/fontfredapintures.com\/es\/tienda\/\"},{\"@type\":\"ListItem\",\"position\":3,\"name\":\"Limpiador ox\u00edgeno activo Good Granel 12kg\"}]},{\"@type\":\"WebSite\",\"@id\":\"https:\/\/fontfredapintures.com\/es\/#website\",\"url\":\"https:\/\/fontfredapintures.com\/es\/\",\"name\":\"Fontfreda Pintures\",\"description\":\"Tienda online de pintura, decoraci\u00f3n y bellas artes\",\"publisher\":{\"@id\":\"https:\/\/fontfredapintures.com\/es\/#organization\"},\"alternateName\":\"Pintures Fontfreda\",\"potentialAction\":[{\"@type\":\"SearchAction\",\"target\":{\"@type\":\"EntryPoint\",\"urlTemplate\":\"https:\/\/fontfredapintures.com\/es\/?s={search_term_string}\"},\"query-input\":{\"@type\":\"PropertyValueSpecification\",\"valueRequired\":true,\"valueName\":\"search_term_string\"}}],\"inLanguage\":\"es\"},{\"@type\":\"Organization\",\"@id\":\"https:\/\/fontfredapintures.com\/es\/#organization\",\"name\":\"Pintures Fontfreda\",\"alternateName\":\"Fontfreda Pintures\",\"url\":\"https:\/\/fontfredapintures.com\/es\/\",\"logo\":{\"@type\":\"ImageObject\",\"inLanguage\":\"es\",\"@id\":\"https:\/\/fontfredapintures.com\/es\/#\/schema\/logo\/image\/\",\"url\":\"https:\/\/fontfredapintures.com\/wp-content\/uploads\/2024\/04\/fontfreda-pintures-logo-yoast.jpg\",\"contentUrl\":\"https:\/\/fontfredapintures.com\/wp-content\/uploads\/2024\/04\/fontfreda-pintures-logo-yoast.jpg\",\"width\":900,\"height\":600,\"caption\":\"Pintures Fontfreda\"},\"image\":{\"@id\":\"https:\/\/fontfredapintures.com\/es\/#\/schema\/logo\/image\/\"},\"sameAs\":[\"https:\/\/www.facebook.com\/fontfredapintures\/\",\"https:\/\/www.instagram.com\/fontfredapintures\/\",\"https:\/\/www.linkedin.com\/company\/fontfredapintures\/\"]}]}<\/script>\n<!-- \/ Yoast SEO plugin. -->","yoast_head_json":{"title":"Limpiador ox\u00edgeno activo Good Granel 12kg - Fontfreda Pintures","description":"Compra AHORA detergente l\u00edquido a base de ox\u00edgeno activo a granel. Blanquea y elimina las manchas de todo tipo de tejidos. \u00a1Aprovecha un -10% DTO. comprando la caja entera!","robots":{"index":"index","follow":"follow","max-snippet":"max-snippet:-1","max-image-preview":"max-image-preview:large","max-video-preview":"max-video-preview:-1"},"canonical":"https:\/\/fontfredapintures.com\/es\/producto\/limpiador-oxigeno-activo-good-granel-12kg\/","og_locale":"es_ES","og_type":"article","og_title":"Limpiador ox\u00edgeno activo Good Granel 12kg - Fontfreda Pintures","og_description":"Compra AHORA detergente l\u00edquido a base de ox\u00edgeno activo a granel. Blanquea y elimina las manchas de todo tipo de tejidos. \u00a1Aprovecha un -10% DTO. comprando la caja entera!","og_url":"https:\/\/fontfredapintures.com\/es\/producto\/limpiador-oxigeno-activo-good-granel-12kg\/","og_site_name":"Fontfreda Pintures","article_publisher":"https:\/\/www.facebook.com\/fontfredapintures\/","article_modified_time":"2025-08-14T09:03:19+00:00","og_image":[{"width":1000,"height":1143,"url":"https:\/\/fontfredapintures.com\/wp-content\/uploads\/2024\/06\/Netejador-oxigen-actiu-Good-Granel-12kg.jpg","type":"image\/jpeg"}],"twitter_card":"summary_large_image","twitter_misc":{"Tiempo de lectura":"1 minuto"},"schema":{"@context":"https:\/\/schema.org","@graph":[{"@type":"WebPage","@id":"https:\/\/fontfredapintures.com\/es\/producto\/limpiador-oxigeno-activo-good-granel-12kg\/","url":"https:\/\/fontfredapintures.com\/es\/producto\/limpiador-oxigeno-activo-good-granel-12kg\/","name":"Limpiador ox\u00edgeno activo Good Granel 12kg - Fontfreda Pintures","isPartOf":{"@id":"https:\/\/fontfredapintures.com\/es\/#website"},"primaryImageOfPage":{"@id":"https:\/\/fontfredapintures.com\/es\/producto\/limpiador-oxigeno-activo-good-granel-12kg\/#primaryimage"},"image":{"@id":"https:\/\/fontfredapintures.com\/es\/producto\/limpiador-oxigeno-activo-good-granel-12kg\/#primaryimage"},"thumbnailUrl":"https:\/\/fontfredapintures.com\/wp-content\/uploads\/2024\/06\/Netejador-oxigen-actiu-Good-Granel-12kg.jpg","datePublished":"2024-06-13T06:42:17+00:00","dateModified":"2025-08-14T09:03:19+00:00","description":"Compra AHORA detergente l\u00edquido a base de ox\u00edgeno activo a granel. Blanquea y elimina las manchas de todo tipo de tejidos. \u00a1Aprovecha un -10% DTO. comprando la caja entera!","breadcrumb":{"@id":"https:\/\/fontfredapintures.com\/es\/producto\/limpiador-oxigeno-activo-good-granel-12kg\/#breadcrumb"},"inLanguage":"es","potentialAction":[{"@type":"ReadAction","target":["https:\/\/fontfredapintures.com\/es\/producto\/limpiador-oxigeno-activo-good-granel-12kg\/"]}]},{"@type":"ImageObject","inLanguage":"es","@id":"https:\/\/fontfredapintures.com\/es\/producto\/limpiador-oxigeno-activo-good-granel-12kg\/#primaryimage","url":"https:\/\/fontfredapintures.com\/wp-content\/uploads\/2024\/06\/Netejador-oxigen-actiu-Good-Granel-12kg.jpg","contentUrl":"https:\/\/fontfredapintures.com\/wp-content\/uploads\/2024\/06\/Netejador-oxigen-actiu-Good-Granel-12kg.jpg","width":1000,"height":1143,"caption":"Limpiador ox\u00edgeno activo Good Granel 12kg"},{"@type":"BreadcrumbList","@id":"https:\/\/fontfredapintures.com\/es\/producto\/limpiador-oxigeno-activo-good-granel-12kg\/#breadcrumb","itemListElement":[{"@type":"ListItem","position":1,"name":"Fontfreda","item":"https:\/\/fontfredapintures.com\/es\/"},{"@type":"ListItem","position":2,"name":"Tienda","item":"https:\/\/fontfredapintures.com\/es\/tienda\/"},{"@type":"ListItem","position":3,"name":"Limpiador ox\u00edgeno activo Good Granel 12kg"}]},{"@type":"WebSite","@id":"https:\/\/fontfredapintures.com\/es\/#website","url":"https:\/\/fontfredapintures.com\/es\/","name":"Fontfreda Pintures","description":"Tienda online de pintura, decoraci\u00f3n y bellas artes","publisher":{"@id":"https:\/\/fontfredapintures.com\/es\/#organization"},"alternateName":"Pintures Fontfreda","potentialAction":[{"@type":"SearchAction","target":{"@type":"EntryPoint","urlTemplate":"https:\/\/fontfredapintures.com\/es\/?s={search_term_string}"},"query-input":{"@type":"PropertyValueSpecification","valueRequired":true,"valueName":"search_term_string"}}],"inLanguage":"es"},{"@type":"Organization","@id":"https:\/\/fontfredapintures.com\/es\/#organization","name":"Pintures Fontfreda","alternateName":"Fontfreda Pintures","url":"https:\/\/fontfredapintures.com\/es\/","logo":{"@type":"ImageObject","inLanguage":"es","@id":"https:\/\/fontfredapintures.com\/es\/#\/schema\/logo\/image\/","url":"https:\/\/fontfredapintures.com\/wp-content\/uploads\/2024\/04\/fontfreda-pintures-logo-yoast.jpg","contentUrl":"https:\/\/fontfredapintures.com\/wp-content\/uploads\/2024\/04\/fontfreda-pintures-logo-yoast.jpg","width":900,"height":600,"caption":"Pintures Fontfreda"},"image":{"@id":"https:\/\/fontfredapintures.com\/es\/#\/schema\/logo\/image\/"},"sameAs":["https:\/\/www.facebook.com\/fontfredapintures\/","https:\/\/www.instagram.com\/fontfredapintures\/","https:\/\/www.linkedin.com\/company\/fontfredapintures\/"]}]}},"_links":{"self":[{"href":"https:\/\/fontfredapintures.com\/es\/wp-json\/wp\/v2\/product\/30884","targetHints":{"allow":["GET"]}}],"collection":[{"href":"https:\/\/fontfredapintures.com\/es\/wp-json\/wp\/v2\/product"}],"about":[{"href":"https:\/\/fontfredapintures.com\/es\/wp-json\/wp\/v2\/types\/product"}],"replies":[{"embeddable":true,"href":"https:\/\/fontfredapintures.com\/es\/wp-json\/wp\/v2\/comments?post=30884"}],"version-history":[{"count":5,"href":"https:\/\/fontfredapintures.com\/es\/wp-json\/wp\/v2\/product\/30884\/revisions"}],"predecessor-version":[{"id":61215,"href":"https:\/\/fontfredapintures.com\/es\/wp-json\/wp\/v2\/product\/30884\/revisions\/61215"}],"wp:featuredmedia":[{"embeddable":true,"href":"https:\/\/fontfredapintures.com\/es\/wp-json\/wp\/v2\/media\/31091"}],"wp:attachment":[{"href":"https:\/\/fontfredapintures.com\/es\/wp-json\/wp\/v2\/media?parent=30884"}],"wp:term":[{"taxonomy":"product_brand","embeddable":true,"href":"https:\/\/fontfredapintures.com\/es\/wp-json\/wp\/v2\/product_brand?post=30884"},{"taxonomy":"product_cat","embeddable":true,"href":"https:\/\/fontfredapintures.com\/es\/wp-json\/wp\/v2\/product_cat?post=30884"},{"taxonomy":"product_tag","embeddable":true,"href":"https:\/\/fontfredapintures.com\/es\/wp-json\/wp\/v2\/product_tag?post=30884"}],"curies":[{"name":"wp","href":"https:\/\/api.w.org\/{rel}","templated":true}]}}