{"id":30872,"date":"2024-06-12T17:45:54","date_gmt":"2024-06-12T15:45:54","guid":{"rendered":"https:\/\/fontfredapintures.com\/?post_type=product&#038;p=30872"},"modified":"2025-12-12T20:39:55","modified_gmt":"2025-12-12T18:39:55","slug":"suavizante-lavadora-lavanda-good-granel-15kg","status":"publish","type":"product","link":"https:\/\/fontfredapintures.com\/es\/producto\/suavizante-lavadora-lavanda-good-granel-15kg\/","title":{"rendered":"Suavizante lavadora lavanda Good *Granel 15kg"},"content":{"rendered":"<p>Detergente suavizante para una colada extra suave y perfumada cono fresca fragancia de lavanda. Formulado cono tensioactivos sudabas de origen vegetal y sin fosfatos, suaviza en profundidad sin da\u00f1ar los tejidos ni los colores y facilita el planchado. Apto para todo tipo de ropa y durezas de agua.<\/p>\n<p>Biodegradable. Sin fosfatos. Sin fosfonatos. Sin ftalatos. Sin EDTA. Sin n\u00edquel. Sin parafinas. Sin kathon. Sin parabenos. Sin blanqueantes \u00f3pticos. Sin enzimas. Sin fenoxietanol. Sin amon\u00edaco. Sin cloro. Sin lej\u00eda. Vegano. No testado en animales.<\/p>\n<p>COMPOSICI\u00d3N<br \/>\nFormulado cono tensioactivos cati\u00f3nicos (&lt;5%), aceites esenciales y perfumo.<\/p>\n<p>USO<br \/>\nDosificar en el cajet\u00edn de la lavadora entre 5 y 12 gramos de producto miedo kilo de ropa. En tapones: a mando, 1 tap\u00f3n (30 ml); y a m\u00e1quina, 2 tapones (60 ml).<\/p>\n<p>RECOMENDACIONES<br \/>\nPara un lavado \u00f3ptimo, clasificar la ropa miedo colores, grado de suciedad y tipo de fibra. Lavar a la temperatura m\u00e1s baja posible y usando el m\u00e1ximo de capacidad, para un mayor ahorro de agua y energ\u00eda.<\/p>\n","protected":false},"excerpt":{"rendered":"<p>Detergente suavizante para una colada extra suave y perfumada cono fresca fragancia de lavanda. Formulado cono tensioactivos sudabas de origen vegetal y sin fosfatos, suaviza en profundidad sin da\u00f1ar los tejidos ni los colores y facilita el planchado. Apto para todo tipo de ropa y durezas de agua.<\/p>\n<p>COMPOSICI\u00d3N<br \/>\nFormulado cono tensioactivos cati\u00f3nicos (&lt;5%), aceites esenciales y perfumo.<\/p>\n<p>USO<br \/>\nDosificar en el cajet\u00edn de la lavadora entre 5 y 12 gramos de producto miedo kilo de ropa. En tapones: a mando, 1 tap\u00f3n (30 ml); y a m\u00e1quina, 2 tapones (60 ml).<\/p>\n","protected":false},"featured_media":31086,"comment_status":"open","ping_status":"closed","template":"","meta":[],"product_brand":[],"product_cat":[958,1145,1395],"product_tag":[1238],"class_list":{"0":"post-30872","1":"product","2":"type-product","3":"status-publish","4":"has-post-thumbnail","6":"product_cat-drogueria-es","7":"product_cat-productos-para-ropa","8":"product_cat-suavizantes-a-granel-good-granel","9":"product_tag-good-granel-es","10":"pa_brand-good-granel-es","12":"first","13":"instock","14":"sale","15":"taxable","16":"shipping-taxable","17":"purchasable","18":"product-type-simple"},"group_of_quantity":15,"min_quantity":15,"max_quantity":"","exclude_order_quantity_value_rules":"no","exclude_category_quantity_rules":"no","combine_variations":"no","yoast_head":"<!-- This site is optimized with the Yoast SEO plugin v25.7 - https:\/\/yoast.com\/wordpress\/plugins\/seo\/ -->\n<title>Suavizante lavadora lavanda Good *Granel 15kg - Fontfreda Pintures<\/title>\n<meta name=\"description\" content=\"Compra AHORA suavizante l\u00edquido a granel con una fresca fragancia a lavanda de la marca Good Granel. Aprovecha un -10% DTO. comprando la caja entera!\" \/>\n<meta name=\"robots\" content=\"index, follow, max-snippet:-1, max-image-preview:large, max-video-preview:-1\" \/>\n<link rel=\"canonical\" href=\"https:\/\/fontfredapintures.com\/es\/producto\/suavizante-lavadora-lavanda-good-granel-15kg\/\" \/>\n<meta property=\"og:locale\" content=\"es_ES\" \/>\n<meta property=\"og:type\" content=\"article\" \/>\n<meta property=\"og:title\" content=\"Suavizante lavadora lavanda Good *Granel 15kg - Fontfreda Pintures\" \/>\n<meta property=\"og:description\" content=\"Compra AHORA suavizante l\u00edquido a granel con una fresca fragancia a lavanda de la marca Good Granel. Aprovecha un -10% DTO. comprando la caja entera!\" \/>\n<meta property=\"og:url\" content=\"https:\/\/fontfredapintures.com\/es\/producto\/suavizante-lavadora-lavanda-good-granel-15kg\/\" \/>\n<meta property=\"og:site_name\" content=\"Fontfreda Pintures\" \/>\n<meta property=\"article:publisher\" content=\"https:\/\/www.facebook.com\/fontfredapintures\/\" \/>\n<meta property=\"article:modified_time\" content=\"2025-12-12T18:39:55+00:00\" \/>\n<meta property=\"og:image\" content=\"https:\/\/fontfredapintures.com\/wp-content\/uploads\/2024\/06\/Suavitzant-rentadora-lavanda-Good-Granel-15kg.jpg\" \/>\n\t<meta property=\"og:image:width\" content=\"1000\" \/>\n\t<meta property=\"og:image:height\" content=\"1143\" \/>\n\t<meta property=\"og:image:type\" content=\"image\/jpeg\" \/>\n<meta name=\"twitter:card\" content=\"summary_large_image\" \/>\n<meta name=\"twitter:label1\" content=\"Tiempo de lectura\" \/>\n\t<meta name=\"twitter:data1\" content=\"2 minutos\" \/>\n<script type=\"application\/ld+json\" class=\"yoast-schema-graph\">{\"@context\":\"https:\/\/schema.org\",\"@graph\":[{\"@type\":\"WebPage\",\"@id\":\"https:\/\/fontfredapintures.com\/es\/producto\/suavizante-lavadora-lavanda-good-granel-15kg\/\",\"url\":\"https:\/\/fontfredapintures.com\/es\/producto\/suavizante-lavadora-lavanda-good-granel-15kg\/\",\"name\":\"Suavizante lavadora lavanda Good *Granel 15kg - Fontfreda Pintures\",\"isPartOf\":{\"@id\":\"https:\/\/fontfredapintures.com\/es\/#website\"},\"primaryImageOfPage\":{\"@id\":\"https:\/\/fontfredapintures.com\/es\/producto\/suavizante-lavadora-lavanda-good-granel-15kg\/#primaryimage\"},\"image\":{\"@id\":\"https:\/\/fontfredapintures.com\/es\/producto\/suavizante-lavadora-lavanda-good-granel-15kg\/#primaryimage\"},\"thumbnailUrl\":\"https:\/\/fontfredapintures.com\/wp-content\/uploads\/2024\/06\/Suavitzant-rentadora-lavanda-Good-Granel-15kg.jpg\",\"datePublished\":\"2024-06-12T15:45:54+00:00\",\"dateModified\":\"2025-12-12T18:39:55+00:00\",\"description\":\"Compra AHORA suavizante l\u00edquido a granel con una fresca fragancia a lavanda de la marca Good Granel. Aprovecha un -10% DTO. comprando la caja entera!\",\"breadcrumb\":{\"@id\":\"https:\/\/fontfredapintures.com\/es\/producto\/suavizante-lavadora-lavanda-good-granel-15kg\/#breadcrumb\"},\"inLanguage\":\"es\",\"potentialAction\":[{\"@type\":\"ReadAction\",\"target\":[\"https:\/\/fontfredapintures.com\/es\/producto\/suavizante-lavadora-lavanda-good-granel-15kg\/\"]}]},{\"@type\":\"ImageObject\",\"inLanguage\":\"es\",\"@id\":\"https:\/\/fontfredapintures.com\/es\/producto\/suavizante-lavadora-lavanda-good-granel-15kg\/#primaryimage\",\"url\":\"https:\/\/fontfredapintures.com\/wp-content\/uploads\/2024\/06\/Suavitzant-rentadora-lavanda-Good-Granel-15kg.jpg\",\"contentUrl\":\"https:\/\/fontfredapintures.com\/wp-content\/uploads\/2024\/06\/Suavitzant-rentadora-lavanda-Good-Granel-15kg.jpg\",\"width\":1000,\"height\":1143,\"caption\":\"Suavizante lavadora lavanda Good Granel 15kg\"},{\"@type\":\"BreadcrumbList\",\"@id\":\"https:\/\/fontfredapintures.com\/es\/producto\/suavizante-lavadora-lavanda-good-granel-15kg\/#breadcrumb\",\"itemListElement\":[{\"@type\":\"ListItem\",\"position\":1,\"name\":\"Fontfreda\",\"item\":\"https:\/\/fontfredapintures.com\/es\/\"},{\"@type\":\"ListItem\",\"position\":2,\"name\":\"Tienda\",\"item\":\"https:\/\/fontfredapintures.com\/es\/tienda\/\"},{\"@type\":\"ListItem\",\"position\":3,\"name\":\"Suavizante lavadora lavanda Good *Granel 15kg\"}]},{\"@type\":\"WebSite\",\"@id\":\"https:\/\/fontfredapintures.com\/es\/#website\",\"url\":\"https:\/\/fontfredapintures.com\/es\/\",\"name\":\"Fontfreda Pintures\",\"description\":\"Tienda online de pintura, decoraci\u00f3n y bellas artes\",\"publisher\":{\"@id\":\"https:\/\/fontfredapintures.com\/es\/#organization\"},\"alternateName\":\"Pintures Fontfreda\",\"potentialAction\":[{\"@type\":\"SearchAction\",\"target\":{\"@type\":\"EntryPoint\",\"urlTemplate\":\"https:\/\/fontfredapintures.com\/es\/?s={search_term_string}\"},\"query-input\":{\"@type\":\"PropertyValueSpecification\",\"valueRequired\":true,\"valueName\":\"search_term_string\"}}],\"inLanguage\":\"es\"},{\"@type\":\"Organization\",\"@id\":\"https:\/\/fontfredapintures.com\/es\/#organization\",\"name\":\"Pintures Fontfreda\",\"alternateName\":\"Fontfreda Pintures\",\"url\":\"https:\/\/fontfredapintures.com\/es\/\",\"logo\":{\"@type\":\"ImageObject\",\"inLanguage\":\"es\",\"@id\":\"https:\/\/fontfredapintures.com\/es\/#\/schema\/logo\/image\/\",\"url\":\"https:\/\/fontfredapintures.com\/wp-content\/uploads\/2024\/04\/fontfreda-pintures-logo-yoast.jpg\",\"contentUrl\":\"https:\/\/fontfredapintures.com\/wp-content\/uploads\/2024\/04\/fontfreda-pintures-logo-yoast.jpg\",\"width\":900,\"height\":600,\"caption\":\"Pintures Fontfreda\"},\"image\":{\"@id\":\"https:\/\/fontfredapintures.com\/es\/#\/schema\/logo\/image\/\"},\"sameAs\":[\"https:\/\/www.facebook.com\/fontfredapintures\/\",\"https:\/\/www.instagram.com\/fontfredapintures\/\",\"https:\/\/www.linkedin.com\/company\/fontfredapintures\/\"]}]}<\/script>\n<!-- \/ Yoast SEO plugin. -->","yoast_head_json":{"title":"Suavizante lavadora lavanda Good *Granel 15kg - Fontfreda Pintures","description":"Compra AHORA suavizante l\u00edquido a granel con una fresca fragancia a lavanda de la marca Good Granel. Aprovecha un -10% DTO. comprando la caja entera!","robots":{"index":"index","follow":"follow","max-snippet":"max-snippet:-1","max-image-preview":"max-image-preview:large","max-video-preview":"max-video-preview:-1"},"canonical":"https:\/\/fontfredapintures.com\/es\/producto\/suavizante-lavadora-lavanda-good-granel-15kg\/","og_locale":"es_ES","og_type":"article","og_title":"Suavizante lavadora lavanda Good *Granel 15kg - Fontfreda Pintures","og_description":"Compra AHORA suavizante l\u00edquido a granel con una fresca fragancia a lavanda de la marca Good Granel. Aprovecha un -10% DTO. comprando la caja entera!","og_url":"https:\/\/fontfredapintures.com\/es\/producto\/suavizante-lavadora-lavanda-good-granel-15kg\/","og_site_name":"Fontfreda Pintures","article_publisher":"https:\/\/www.facebook.com\/fontfredapintures\/","article_modified_time":"2025-12-12T18:39:55+00:00","og_image":[{"width":1000,"height":1143,"url":"https:\/\/fontfredapintures.com\/wp-content\/uploads\/2024\/06\/Suavitzant-rentadora-lavanda-Good-Granel-15kg.jpg","type":"image\/jpeg"}],"twitter_card":"summary_large_image","twitter_misc":{"Tiempo de lectura":"2 minutos"},"schema":{"@context":"https:\/\/schema.org","@graph":[{"@type":"WebPage","@id":"https:\/\/fontfredapintures.com\/es\/producto\/suavizante-lavadora-lavanda-good-granel-15kg\/","url":"https:\/\/fontfredapintures.com\/es\/producto\/suavizante-lavadora-lavanda-good-granel-15kg\/","name":"Suavizante lavadora lavanda Good *Granel 15kg - Fontfreda Pintures","isPartOf":{"@id":"https:\/\/fontfredapintures.com\/es\/#website"},"primaryImageOfPage":{"@id":"https:\/\/fontfredapintures.com\/es\/producto\/suavizante-lavadora-lavanda-good-granel-15kg\/#primaryimage"},"image":{"@id":"https:\/\/fontfredapintures.com\/es\/producto\/suavizante-lavadora-lavanda-good-granel-15kg\/#primaryimage"},"thumbnailUrl":"https:\/\/fontfredapintures.com\/wp-content\/uploads\/2024\/06\/Suavitzant-rentadora-lavanda-Good-Granel-15kg.jpg","datePublished":"2024-06-12T15:45:54+00:00","dateModified":"2025-12-12T18:39:55+00:00","description":"Compra AHORA suavizante l\u00edquido a granel con una fresca fragancia a lavanda de la marca Good Granel. Aprovecha un -10% DTO. comprando la caja entera!","breadcrumb":{"@id":"https:\/\/fontfredapintures.com\/es\/producto\/suavizante-lavadora-lavanda-good-granel-15kg\/#breadcrumb"},"inLanguage":"es","potentialAction":[{"@type":"ReadAction","target":["https:\/\/fontfredapintures.com\/es\/producto\/suavizante-lavadora-lavanda-good-granel-15kg\/"]}]},{"@type":"ImageObject","inLanguage":"es","@id":"https:\/\/fontfredapintures.com\/es\/producto\/suavizante-lavadora-lavanda-good-granel-15kg\/#primaryimage","url":"https:\/\/fontfredapintures.com\/wp-content\/uploads\/2024\/06\/Suavitzant-rentadora-lavanda-Good-Granel-15kg.jpg","contentUrl":"https:\/\/fontfredapintures.com\/wp-content\/uploads\/2024\/06\/Suavitzant-rentadora-lavanda-Good-Granel-15kg.jpg","width":1000,"height":1143,"caption":"Suavizante lavadora lavanda Good Granel 15kg"},{"@type":"BreadcrumbList","@id":"https:\/\/fontfredapintures.com\/es\/producto\/suavizante-lavadora-lavanda-good-granel-15kg\/#breadcrumb","itemListElement":[{"@type":"ListItem","position":1,"name":"Fontfreda","item":"https:\/\/fontfredapintures.com\/es\/"},{"@type":"ListItem","position":2,"name":"Tienda","item":"https:\/\/fontfredapintures.com\/es\/tienda\/"},{"@type":"ListItem","position":3,"name":"Suavizante lavadora lavanda Good *Granel 15kg"}]},{"@type":"WebSite","@id":"https:\/\/fontfredapintures.com\/es\/#website","url":"https:\/\/fontfredapintures.com\/es\/","name":"Fontfreda Pintures","description":"Tienda online de pintura, decoraci\u00f3n y bellas artes","publisher":{"@id":"https:\/\/fontfredapintures.com\/es\/#organization"},"alternateName":"Pintures Fontfreda","potentialAction":[{"@type":"SearchAction","target":{"@type":"EntryPoint","urlTemplate":"https:\/\/fontfredapintures.com\/es\/?s={search_term_string}"},"query-input":{"@type":"PropertyValueSpecification","valueRequired":true,"valueName":"search_term_string"}}],"inLanguage":"es"},{"@type":"Organization","@id":"https:\/\/fontfredapintures.com\/es\/#organization","name":"Pintures Fontfreda","alternateName":"Fontfreda Pintures","url":"https:\/\/fontfredapintures.com\/es\/","logo":{"@type":"ImageObject","inLanguage":"es","@id":"https:\/\/fontfredapintures.com\/es\/#\/schema\/logo\/image\/","url":"https:\/\/fontfredapintures.com\/wp-content\/uploads\/2024\/04\/fontfreda-pintures-logo-yoast.jpg","contentUrl":"https:\/\/fontfredapintures.com\/wp-content\/uploads\/2024\/04\/fontfreda-pintures-logo-yoast.jpg","width":900,"height":600,"caption":"Pintures Fontfreda"},"image":{"@id":"https:\/\/fontfredapintures.com\/es\/#\/schema\/logo\/image\/"},"sameAs":["https:\/\/www.facebook.com\/fontfredapintures\/","https:\/\/www.instagram.com\/fontfredapintures\/","https:\/\/www.linkedin.com\/company\/fontfredapintures\/"]}]}},"_links":{"self":[{"href":"https:\/\/fontfredapintures.com\/es\/wp-json\/wp\/v2\/product\/30872","targetHints":{"allow":["GET"]}}],"collection":[{"href":"https:\/\/fontfredapintures.com\/es\/wp-json\/wp\/v2\/product"}],"about":[{"href":"https:\/\/fontfredapintures.com\/es\/wp-json\/wp\/v2\/types\/product"}],"replies":[{"embeddable":true,"href":"https:\/\/fontfredapintures.com\/es\/wp-json\/wp\/v2\/comments?post=30872"}],"version-history":[{"count":13,"href":"https:\/\/fontfredapintures.com\/es\/wp-json\/wp\/v2\/product\/30872\/revisions"}],"predecessor-version":[{"id":63224,"href":"https:\/\/fontfredapintures.com\/es\/wp-json\/wp\/v2\/product\/30872\/revisions\/63224"}],"wp:featuredmedia":[{"embeddable":true,"href":"https:\/\/fontfredapintures.com\/es\/wp-json\/wp\/v2\/media\/31086"}],"wp:attachment":[{"href":"https:\/\/fontfredapintures.com\/es\/wp-json\/wp\/v2\/media?parent=30872"}],"wp:term":[{"taxonomy":"product_brand","embeddable":true,"href":"https:\/\/fontfredapintures.com\/es\/wp-json\/wp\/v2\/product_brand?post=30872"},{"taxonomy":"product_cat","embeddable":true,"href":"https:\/\/fontfredapintures.com\/es\/wp-json\/wp\/v2\/product_cat?post=30872"},{"taxonomy":"product_tag","embeddable":true,"href":"https:\/\/fontfredapintures.com\/es\/wp-json\/wp\/v2\/product_tag?post=30872"}],"curies":[{"name":"wp","href":"https:\/\/api.w.org\/{rel}","templated":true}]}}