{"id":30856,"date":"2024-06-12T17:04:26","date_gmt":"2024-06-12T15:04:26","guid":{"rendered":"https:\/\/fontfredapintures.com\/?post_type=product&#038;p=30856"},"modified":"2024-11-11T12:31:57","modified_gmt":"2024-11-11T10:31:57","slug":"bayeta-ecolimpia-especial-cristales-100-microfibra","status":"publish","type":"product","link":"https:\/\/fontfredapintures.com\/es\/producto\/bayeta-ecolimpia-especial-cristales-100-microfibra\/","title":{"rendered":"Bayeta Ecolimpia especial vidrios 100% microfibra"},"content":{"rendered":"<p>Bayeta de tejido especial compuesto por microfibras activas de grande poder limpiador y absorbente. Limpia los vidrios de tu hogar y veh\u00edculo de manera efectiva. No deja rastros, marcas ni *motes de polvo. Totalmente ecol\u00f3gica, solo requiere ser limpiada con agua y basta. Posee un tejido de gran duraci\u00f3n y limpieza en profundidad sin dejar *refregons. Es muy importante escurrir la bayeta a fondo antes de utilizar. Al limpiar la bayeta dejar\u00e1 una leve pel\u00edcula de agua, que desaparecer\u00e1 por s\u00ed misma.<\/p>\n<p>Mantenimiento: Lavado manual o a m\u00e1quina con detergente habitual. No utilizar lej\u00eda ni suavizando.<\/p>\n<p>*Antes del primer uso, sumergidla en agua muy caliente durante 5 minutos para reactivar todas sus propiedades.<\/p>\n","protected":false},"excerpt":{"rendered":"<p>Bayeta de tejido especial compuesto por microfibras activas de grande poder limpiador y absorbente. Limpia los vidrios de tu hogar y veh\u00edculo de manera efectiva. No deja rastros, marcas ni *motes de polvo. Totalmente ecol\u00f3gica, solo requiere ser limpiada con agua y basta. Posee un tejido de gran duraci\u00f3n y limpieza en profundidad sin dejar *refregons. Es muy importante escurrir la bayeta a fondo antes de utilizar. Al limpiar la bayeta dejar\u00e1 una leve pel\u00edcula de agua, que desaparecer\u00e1 por s\u00ed misma.<\/p>\n","protected":false},"featured_media":31057,"comment_status":"open","ping_status":"closed","template":"","meta":[],"product_brand":[],"product_cat":[1946,1939,958,963,1355],"product_tag":[],"class_list":{"0":"post-30856","1":"product","2":"type-product","3":"status-publish","4":"has-post-thumbnail","6":"product_cat-cristales-es","7":"product_cat-limpieza-industrial","8":"product_cat-drogueria-es","9":"product_cat-productos-limpieza-del-hogar","10":"product_cat-cristales","11":"pa_brand-ecolimpia-es","13":"first","14":"instock","15":"taxable","16":"shipping-taxable","17":"purchasable","18":"product-type-simple"},"group_of_quantity":0,"min_quantity":0,"max_quantity":"","exclude_order_quantity_value_rules":"no","exclude_category_quantity_rules":"no","combine_variations":"no","yoast_head":"<!-- This site is optimized with the Yoast SEO plugin v25.7 - https:\/\/yoast.com\/wordpress\/plugins\/seo\/ -->\n<title>Bayeta Ecolimpia especial vidrios 100% microfibra - Fontfreda Pintures<\/title>\n<meta name=\"description\" content=\"COMPRA AHORA la bayeta de microfibras activas de gran poder limpiador y absorbente. \u00a1Limpia los cristales de tu hogar y veh\u00edculo de forma efectiva!\" \/>\n<meta name=\"robots\" content=\"index, follow, max-snippet:-1, max-image-preview:large, max-video-preview:-1\" \/>\n<link rel=\"canonical\" href=\"https:\/\/fontfredapintures.com\/es\/producto\/bayeta-ecolimpia-especial-cristales-100-microfibra\/\" \/>\n<meta property=\"og:locale\" content=\"es_ES\" \/>\n<meta property=\"og:type\" content=\"article\" \/>\n<meta property=\"og:title\" content=\"Bayeta Ecolimpia especial vidrios 100% microfibra - Fontfreda Pintures\" \/>\n<meta property=\"og:description\" content=\"COMPRA AHORA la bayeta de microfibras activas de gran poder limpiador y absorbente. \u00a1Limpia los cristales de tu hogar y veh\u00edculo de forma efectiva!\" \/>\n<meta property=\"og:url\" content=\"https:\/\/fontfredapintures.com\/es\/producto\/bayeta-ecolimpia-especial-cristales-100-microfibra\/\" \/>\n<meta property=\"og:site_name\" content=\"Fontfreda Pintures\" \/>\n<meta property=\"article:publisher\" content=\"https:\/\/www.facebook.com\/fontfredapintures\/\" \/>\n<meta property=\"article:modified_time\" content=\"2024-11-11T10:31:57+00:00\" \/>\n<meta property=\"og:image\" content=\"https:\/\/fontfredapintures.com\/wp-content\/uploads\/2024\/06\/Baieta-Ecolimpia-especial-vidres-100-microfibra.jpg\" \/>\n\t<meta property=\"og:image:width\" content=\"1000\" \/>\n\t<meta property=\"og:image:height\" content=\"1143\" \/>\n\t<meta property=\"og:image:type\" content=\"image\/jpeg\" \/>\n<meta name=\"twitter:card\" content=\"summary_large_image\" \/>\n<meta name=\"twitter:label1\" content=\"Tiempo de lectura\" \/>\n\t<meta name=\"twitter:data1\" content=\"1 minuto\" \/>\n<script type=\"application\/ld+json\" class=\"yoast-schema-graph\">{\"@context\":\"https:\/\/schema.org\",\"@graph\":[{\"@type\":\"WebPage\",\"@id\":\"https:\/\/fontfredapintures.com\/es\/producto\/bayeta-ecolimpia-especial-cristales-100-microfibra\/\",\"url\":\"https:\/\/fontfredapintures.com\/es\/producto\/bayeta-ecolimpia-especial-cristales-100-microfibra\/\",\"name\":\"Bayeta Ecolimpia especial vidrios 100% microfibra - Fontfreda Pintures\",\"isPartOf\":{\"@id\":\"https:\/\/fontfredapintures.com\/es\/#website\"},\"primaryImageOfPage\":{\"@id\":\"https:\/\/fontfredapintures.com\/es\/producto\/bayeta-ecolimpia-especial-cristales-100-microfibra\/#primaryimage\"},\"image\":{\"@id\":\"https:\/\/fontfredapintures.com\/es\/producto\/bayeta-ecolimpia-especial-cristales-100-microfibra\/#primaryimage\"},\"thumbnailUrl\":\"https:\/\/fontfredapintures.com\/wp-content\/uploads\/2024\/06\/Baieta-Ecolimpia-especial-vidres-100-microfibra.jpg\",\"datePublished\":\"2024-06-12T15:04:26+00:00\",\"dateModified\":\"2024-11-11T10:31:57+00:00\",\"description\":\"COMPRA AHORA la bayeta de microfibras activas de gran poder limpiador y absorbente. \u00a1Limpia los cristales de tu hogar y veh\u00edculo de forma efectiva!\",\"breadcrumb\":{\"@id\":\"https:\/\/fontfredapintures.com\/es\/producto\/bayeta-ecolimpia-especial-cristales-100-microfibra\/#breadcrumb\"},\"inLanguage\":\"es\",\"potentialAction\":[{\"@type\":\"ReadAction\",\"target\":[\"https:\/\/fontfredapintures.com\/es\/producto\/bayeta-ecolimpia-especial-cristales-100-microfibra\/\"]}]},{\"@type\":\"ImageObject\",\"inLanguage\":\"es\",\"@id\":\"https:\/\/fontfredapintures.com\/es\/producto\/bayeta-ecolimpia-especial-cristales-100-microfibra\/#primaryimage\",\"url\":\"https:\/\/fontfredapintures.com\/wp-content\/uploads\/2024\/06\/Baieta-Ecolimpia-especial-vidres-100-microfibra.jpg\",\"contentUrl\":\"https:\/\/fontfredapintures.com\/wp-content\/uploads\/2024\/06\/Baieta-Ecolimpia-especial-vidres-100-microfibra.jpg\",\"width\":1000,\"height\":1143,\"caption\":\"Bayeta Ecolimpia especial cristales 100% microfibra\"},{\"@type\":\"BreadcrumbList\",\"@id\":\"https:\/\/fontfredapintures.com\/es\/producto\/bayeta-ecolimpia-especial-cristales-100-microfibra\/#breadcrumb\",\"itemListElement\":[{\"@type\":\"ListItem\",\"position\":1,\"name\":\"Fontfreda\",\"item\":\"https:\/\/fontfredapintures.com\/es\/\"},{\"@type\":\"ListItem\",\"position\":2,\"name\":\"Tienda\",\"item\":\"https:\/\/fontfredapintures.com\/es\/tienda\/\"},{\"@type\":\"ListItem\",\"position\":3,\"name\":\"Bayeta Ecolimpia especial vidrios 100% microfibra\"}]},{\"@type\":\"WebSite\",\"@id\":\"https:\/\/fontfredapintures.com\/es\/#website\",\"url\":\"https:\/\/fontfredapintures.com\/es\/\",\"name\":\"Fontfreda Pintures\",\"description\":\"Tienda online de pintura, decoraci\u00f3n y bellas artes\",\"publisher\":{\"@id\":\"https:\/\/fontfredapintures.com\/es\/#organization\"},\"alternateName\":\"Pintures Fontfreda\",\"potentialAction\":[{\"@type\":\"SearchAction\",\"target\":{\"@type\":\"EntryPoint\",\"urlTemplate\":\"https:\/\/fontfredapintures.com\/es\/?s={search_term_string}\"},\"query-input\":{\"@type\":\"PropertyValueSpecification\",\"valueRequired\":true,\"valueName\":\"search_term_string\"}}],\"inLanguage\":\"es\"},{\"@type\":\"Organization\",\"@id\":\"https:\/\/fontfredapintures.com\/es\/#organization\",\"name\":\"Pintures Fontfreda\",\"alternateName\":\"Fontfreda Pintures\",\"url\":\"https:\/\/fontfredapintures.com\/es\/\",\"logo\":{\"@type\":\"ImageObject\",\"inLanguage\":\"es\",\"@id\":\"https:\/\/fontfredapintures.com\/es\/#\/schema\/logo\/image\/\",\"url\":\"https:\/\/fontfredapintures.com\/wp-content\/uploads\/2024\/04\/fontfreda-pintures-logo-yoast.jpg\",\"contentUrl\":\"https:\/\/fontfredapintures.com\/wp-content\/uploads\/2024\/04\/fontfreda-pintures-logo-yoast.jpg\",\"width\":900,\"height\":600,\"caption\":\"Pintures Fontfreda\"},\"image\":{\"@id\":\"https:\/\/fontfredapintures.com\/es\/#\/schema\/logo\/image\/\"},\"sameAs\":[\"https:\/\/www.facebook.com\/fontfredapintures\/\",\"https:\/\/www.instagram.com\/fontfredapintures\/\",\"https:\/\/www.linkedin.com\/company\/fontfredapintures\/\"]}]}<\/script>\n<!-- \/ Yoast SEO plugin. -->","yoast_head_json":{"title":"Bayeta Ecolimpia especial vidrios 100% microfibra - Fontfreda Pintures","description":"COMPRA AHORA la bayeta de microfibras activas de gran poder limpiador y absorbente. \u00a1Limpia los cristales de tu hogar y veh\u00edculo de forma efectiva!","robots":{"index":"index","follow":"follow","max-snippet":"max-snippet:-1","max-image-preview":"max-image-preview:large","max-video-preview":"max-video-preview:-1"},"canonical":"https:\/\/fontfredapintures.com\/es\/producto\/bayeta-ecolimpia-especial-cristales-100-microfibra\/","og_locale":"es_ES","og_type":"article","og_title":"Bayeta Ecolimpia especial vidrios 100% microfibra - Fontfreda Pintures","og_description":"COMPRA AHORA la bayeta de microfibras activas de gran poder limpiador y absorbente. \u00a1Limpia los cristales de tu hogar y veh\u00edculo de forma efectiva!","og_url":"https:\/\/fontfredapintures.com\/es\/producto\/bayeta-ecolimpia-especial-cristales-100-microfibra\/","og_site_name":"Fontfreda Pintures","article_publisher":"https:\/\/www.facebook.com\/fontfredapintures\/","article_modified_time":"2024-11-11T10:31:57+00:00","og_image":[{"width":1000,"height":1143,"url":"https:\/\/fontfredapintures.com\/wp-content\/uploads\/2024\/06\/Baieta-Ecolimpia-especial-vidres-100-microfibra.jpg","type":"image\/jpeg"}],"twitter_card":"summary_large_image","twitter_misc":{"Tiempo de lectura":"1 minuto"},"schema":{"@context":"https:\/\/schema.org","@graph":[{"@type":"WebPage","@id":"https:\/\/fontfredapintures.com\/es\/producto\/bayeta-ecolimpia-especial-cristales-100-microfibra\/","url":"https:\/\/fontfredapintures.com\/es\/producto\/bayeta-ecolimpia-especial-cristales-100-microfibra\/","name":"Bayeta Ecolimpia especial vidrios 100% microfibra - Fontfreda Pintures","isPartOf":{"@id":"https:\/\/fontfredapintures.com\/es\/#website"},"primaryImageOfPage":{"@id":"https:\/\/fontfredapintures.com\/es\/producto\/bayeta-ecolimpia-especial-cristales-100-microfibra\/#primaryimage"},"image":{"@id":"https:\/\/fontfredapintures.com\/es\/producto\/bayeta-ecolimpia-especial-cristales-100-microfibra\/#primaryimage"},"thumbnailUrl":"https:\/\/fontfredapintures.com\/wp-content\/uploads\/2024\/06\/Baieta-Ecolimpia-especial-vidres-100-microfibra.jpg","datePublished":"2024-06-12T15:04:26+00:00","dateModified":"2024-11-11T10:31:57+00:00","description":"COMPRA AHORA la bayeta de microfibras activas de gran poder limpiador y absorbente. \u00a1Limpia los cristales de tu hogar y veh\u00edculo de forma efectiva!","breadcrumb":{"@id":"https:\/\/fontfredapintures.com\/es\/producto\/bayeta-ecolimpia-especial-cristales-100-microfibra\/#breadcrumb"},"inLanguage":"es","potentialAction":[{"@type":"ReadAction","target":["https:\/\/fontfredapintures.com\/es\/producto\/bayeta-ecolimpia-especial-cristales-100-microfibra\/"]}]},{"@type":"ImageObject","inLanguage":"es","@id":"https:\/\/fontfredapintures.com\/es\/producto\/bayeta-ecolimpia-especial-cristales-100-microfibra\/#primaryimage","url":"https:\/\/fontfredapintures.com\/wp-content\/uploads\/2024\/06\/Baieta-Ecolimpia-especial-vidres-100-microfibra.jpg","contentUrl":"https:\/\/fontfredapintures.com\/wp-content\/uploads\/2024\/06\/Baieta-Ecolimpia-especial-vidres-100-microfibra.jpg","width":1000,"height":1143,"caption":"Bayeta Ecolimpia especial cristales 100% microfibra"},{"@type":"BreadcrumbList","@id":"https:\/\/fontfredapintures.com\/es\/producto\/bayeta-ecolimpia-especial-cristales-100-microfibra\/#breadcrumb","itemListElement":[{"@type":"ListItem","position":1,"name":"Fontfreda","item":"https:\/\/fontfredapintures.com\/es\/"},{"@type":"ListItem","position":2,"name":"Tienda","item":"https:\/\/fontfredapintures.com\/es\/tienda\/"},{"@type":"ListItem","position":3,"name":"Bayeta Ecolimpia especial vidrios 100% microfibra"}]},{"@type":"WebSite","@id":"https:\/\/fontfredapintures.com\/es\/#website","url":"https:\/\/fontfredapintures.com\/es\/","name":"Fontfreda Pintures","description":"Tienda online de pintura, decoraci\u00f3n y bellas artes","publisher":{"@id":"https:\/\/fontfredapintures.com\/es\/#organization"},"alternateName":"Pintures Fontfreda","potentialAction":[{"@type":"SearchAction","target":{"@type":"EntryPoint","urlTemplate":"https:\/\/fontfredapintures.com\/es\/?s={search_term_string}"},"query-input":{"@type":"PropertyValueSpecification","valueRequired":true,"valueName":"search_term_string"}}],"inLanguage":"es"},{"@type":"Organization","@id":"https:\/\/fontfredapintures.com\/es\/#organization","name":"Pintures Fontfreda","alternateName":"Fontfreda Pintures","url":"https:\/\/fontfredapintures.com\/es\/","logo":{"@type":"ImageObject","inLanguage":"es","@id":"https:\/\/fontfredapintures.com\/es\/#\/schema\/logo\/image\/","url":"https:\/\/fontfredapintures.com\/wp-content\/uploads\/2024\/04\/fontfreda-pintures-logo-yoast.jpg","contentUrl":"https:\/\/fontfredapintures.com\/wp-content\/uploads\/2024\/04\/fontfreda-pintures-logo-yoast.jpg","width":900,"height":600,"caption":"Pintures Fontfreda"},"image":{"@id":"https:\/\/fontfredapintures.com\/es\/#\/schema\/logo\/image\/"},"sameAs":["https:\/\/www.facebook.com\/fontfredapintures\/","https:\/\/www.instagram.com\/fontfredapintures\/","https:\/\/www.linkedin.com\/company\/fontfredapintures\/"]}]}},"_links":{"self":[{"href":"https:\/\/fontfredapintures.com\/es\/wp-json\/wp\/v2\/product\/30856","targetHints":{"allow":["GET"]}}],"collection":[{"href":"https:\/\/fontfredapintures.com\/es\/wp-json\/wp\/v2\/product"}],"about":[{"href":"https:\/\/fontfredapintures.com\/es\/wp-json\/wp\/v2\/types\/product"}],"replies":[{"embeddable":true,"href":"https:\/\/fontfredapintures.com\/es\/wp-json\/wp\/v2\/comments?post=30856"}],"version-history":[{"count":7,"href":"https:\/\/fontfredapintures.com\/es\/wp-json\/wp\/v2\/product\/30856\/revisions"}],"predecessor-version":[{"id":39659,"href":"https:\/\/fontfredapintures.com\/es\/wp-json\/wp\/v2\/product\/30856\/revisions\/39659"}],"wp:featuredmedia":[{"embeddable":true,"href":"https:\/\/fontfredapintures.com\/es\/wp-json\/wp\/v2\/media\/31057"}],"wp:attachment":[{"href":"https:\/\/fontfredapintures.com\/es\/wp-json\/wp\/v2\/media?parent=30856"}],"wp:term":[{"taxonomy":"product_brand","embeddable":true,"href":"https:\/\/fontfredapintures.com\/es\/wp-json\/wp\/v2\/product_brand?post=30856"},{"taxonomy":"product_cat","embeddable":true,"href":"https:\/\/fontfredapintures.com\/es\/wp-json\/wp\/v2\/product_cat?post=30856"},{"taxonomy":"product_tag","embeddable":true,"href":"https:\/\/fontfredapintures.com\/es\/wp-json\/wp\/v2\/product_tag?post=30856"}],"curies":[{"name":"wp","href":"https:\/\/api.w.org\/{rel}","templated":true}]}}