{"id":22633,"date":"2024-03-18T11:28:03","date_gmt":"2024-03-18T09:28:03","guid":{"rendered":"https:\/\/fontfredapintures.com\/pro\/producte\/imprimacion-universal-al-agua-improtec\/"},"modified":"2024-06-11T15:26:12","modified_gmt":"2024-06-11T13:26:12","slug":"imprimacion-universal-al-agua-improtec","status":"publish","type":"product","link":"https:\/\/fontfredapintures.com\/es\/producto\/imprimacion-universal-al-agua-improtec\/","title":{"rendered":"Improtec pasta mate selladora"},"content":{"rendered":"<p>Pintura selladora sint\u00e9tica de secado r\u00e1pido y aspecto tixotr\u00f3pico. Muy buena adherencia, brochabilidad, poder de sellado y relleno, Lijado f\u00e1cil.<\/p>\n","protected":false},"excerpt":{"rendered":"<p>Pintura selladora sint\u00e9tica de secado r\u00e1pido y aspecto tixotr\u00f3pico. Muy buena adherencia, brochabilidad, poder de sellado y relleno, Lijado f\u00e1cil.<\/p>\n<h4>Color: Blanco &#8211; Acabado: Mate<\/h4>\n","protected":false},"featured_media":27142,"comment_status":"open","ping_status":"closed","template":"","meta":[],"product_brand":[],"product_cat":[65,817],"product_tag":[217,218],"class_list":{"0":"post-22633","1":"product","2":"type-product","3":"status-publish","4":"has-post-thumbnail","6":"product_cat-tratamientos-para-la-madera","7":"product_cat-imprimaciones-y-fondos","8":"product_tag-exterior-es","9":"product_tag-interior-es","10":"pa_brand-pyma-es","11":"pa_utility-aplica","13":"first","14":"instock","15":"taxable","16":"shipping-taxable","17":"purchasable","18":"product-type-variable"},"group_of_quantity":0,"min_quantity":0,"max_quantity":"","exclude_order_quantity_value_rules":"no","exclude_category_quantity_rules":"no","combine_variations":"no","yoast_head":"<!-- This site is optimized with the Yoast SEO plugin v25.7 - https:\/\/yoast.com\/wordpress\/plugins\/seo\/ -->\n<title>Improtec pasta mate selladora - Fontfreda Pintures<\/title>\n<meta name=\"description\" content=\"Pintura selladora sint\u00e9tica de secado r\u00e1pido y aspecto tixotr\u00f3pico. Muy buena adherencia, brochabilidad, poder de sellado y relleno, Lijado f\u00e1cil.\" \/>\n<meta name=\"robots\" content=\"index, follow, max-snippet:-1, max-image-preview:large, max-video-preview:-1\" \/>\n<link rel=\"canonical\" href=\"https:\/\/fontfredapintures.com\/es\/producto\/imprimacion-universal-al-agua-improtec\/\" \/>\n<meta property=\"og:locale\" content=\"es_ES\" \/>\n<meta property=\"og:type\" content=\"article\" \/>\n<meta property=\"og:title\" content=\"Improtec pasta mate selladora - Fontfreda Pintures\" \/>\n<meta property=\"og:description\" content=\"Pintura selladora sint\u00e9tica de secado r\u00e1pido y aspecto tixotr\u00f3pico. Muy buena adherencia, brochabilidad, poder de sellado y relleno, Lijado f\u00e1cil.\" \/>\n<meta property=\"og:url\" content=\"https:\/\/fontfredapintures.com\/es\/producto\/imprimacion-universal-al-agua-improtec\/\" \/>\n<meta property=\"og:site_name\" content=\"Fontfreda Pintures\" \/>\n<meta property=\"article:publisher\" content=\"https:\/\/www.facebook.com\/fontfredapintures\/\" \/>\n<meta property=\"article:modified_time\" content=\"2024-06-11T13:26:12+00:00\" \/>\n<meta property=\"og:image\" content=\"https:\/\/fontfredapintures.com\/wp-content\/uploads\/2024\/03\/imPROTEC-PASTA-MATE-SELLADORA.jpg\" \/>\n\t<meta property=\"og:image:width\" content=\"1000\" \/>\n\t<meta property=\"og:image:height\" content=\"1143\" \/>\n\t<meta property=\"og:image:type\" content=\"image\/jpeg\" \/>\n<meta name=\"twitter:card\" content=\"summary_large_image\" \/>\n<meta name=\"twitter:label1\" content=\"Tiempo de lectura\" \/>\n\t<meta name=\"twitter:data1\" content=\"1 minuto\" \/>\n<script type=\"application\/ld+json\" class=\"yoast-schema-graph\">{\"@context\":\"https:\/\/schema.org\",\"@graph\":[{\"@type\":\"WebPage\",\"@id\":\"https:\/\/fontfredapintures.com\/es\/producto\/imprimacion-universal-al-agua-improtec\/\",\"url\":\"https:\/\/fontfredapintures.com\/es\/producto\/imprimacion-universal-al-agua-improtec\/\",\"name\":\"Improtec pasta mate selladora - Fontfreda Pintures\",\"isPartOf\":{\"@id\":\"https:\/\/fontfredapintures.com\/es\/#website\"},\"primaryImageOfPage\":{\"@id\":\"https:\/\/fontfredapintures.com\/es\/producto\/imprimacion-universal-al-agua-improtec\/#primaryimage\"},\"image\":{\"@id\":\"https:\/\/fontfredapintures.com\/es\/producto\/imprimacion-universal-al-agua-improtec\/#primaryimage\"},\"thumbnailUrl\":\"https:\/\/fontfredapintures.com\/wp-content\/uploads\/2024\/03\/imPROTEC-PASTA-MATE-SELLADORA.jpg\",\"datePublished\":\"2024-03-18T09:28:03+00:00\",\"dateModified\":\"2024-06-11T13:26:12+00:00\",\"description\":\"Pintura selladora sint\u00e9tica de secado r\u00e1pido y aspecto tixotr\u00f3pico. Muy buena adherencia, brochabilidad, poder de sellado y relleno, Lijado f\u00e1cil.\",\"breadcrumb\":{\"@id\":\"https:\/\/fontfredapintures.com\/es\/producto\/imprimacion-universal-al-agua-improtec\/#breadcrumb\"},\"inLanguage\":\"es\",\"potentialAction\":[{\"@type\":\"ReadAction\",\"target\":[\"https:\/\/fontfredapintures.com\/es\/producto\/imprimacion-universal-al-agua-improtec\/\"]}]},{\"@type\":\"ImageObject\",\"inLanguage\":\"es\",\"@id\":\"https:\/\/fontfredapintures.com\/es\/producto\/imprimacion-universal-al-agua-improtec\/#primaryimage\",\"url\":\"https:\/\/fontfredapintures.com\/wp-content\/uploads\/2024\/03\/imPROTEC-PASTA-MATE-SELLADORA.jpg\",\"contentUrl\":\"https:\/\/fontfredapintures.com\/wp-content\/uploads\/2024\/03\/imPROTEC-PASTA-MATE-SELLADORA.jpg\",\"width\":1000,\"height\":1143,\"caption\":\"Improtec pasta mate selladora\"},{\"@type\":\"BreadcrumbList\",\"@id\":\"https:\/\/fontfredapintures.com\/es\/producto\/imprimacion-universal-al-agua-improtec\/#breadcrumb\",\"itemListElement\":[{\"@type\":\"ListItem\",\"position\":1,\"name\":\"Fontfreda\",\"item\":\"https:\/\/fontfredapintures.com\/es\/\"},{\"@type\":\"ListItem\",\"position\":2,\"name\":\"Tienda\",\"item\":\"https:\/\/fontfredapintures.com\/es\/tienda\/\"},{\"@type\":\"ListItem\",\"position\":3,\"name\":\"Improtec pasta mate selladora\"}]},{\"@type\":\"WebSite\",\"@id\":\"https:\/\/fontfredapintures.com\/es\/#website\",\"url\":\"https:\/\/fontfredapintures.com\/es\/\",\"name\":\"Fontfreda Pintures\",\"description\":\"Tienda online de pintura, decoraci\u00f3n y bellas artes\",\"publisher\":{\"@id\":\"https:\/\/fontfredapintures.com\/es\/#organization\"},\"alternateName\":\"Pintures Fontfreda\",\"potentialAction\":[{\"@type\":\"SearchAction\",\"target\":{\"@type\":\"EntryPoint\",\"urlTemplate\":\"https:\/\/fontfredapintures.com\/es\/?s={search_term_string}\"},\"query-input\":{\"@type\":\"PropertyValueSpecification\",\"valueRequired\":true,\"valueName\":\"search_term_string\"}}],\"inLanguage\":\"es\"},{\"@type\":\"Organization\",\"@id\":\"https:\/\/fontfredapintures.com\/es\/#organization\",\"name\":\"Pintures Fontfreda\",\"alternateName\":\"Fontfreda Pintures\",\"url\":\"https:\/\/fontfredapintures.com\/es\/\",\"logo\":{\"@type\":\"ImageObject\",\"inLanguage\":\"es\",\"@id\":\"https:\/\/fontfredapintures.com\/es\/#\/schema\/logo\/image\/\",\"url\":\"https:\/\/fontfredapintures.com\/wp-content\/uploads\/2024\/04\/fontfreda-pintures-logo-yoast.jpg\",\"contentUrl\":\"https:\/\/fontfredapintures.com\/wp-content\/uploads\/2024\/04\/fontfreda-pintures-logo-yoast.jpg\",\"width\":900,\"height\":600,\"caption\":\"Pintures Fontfreda\"},\"image\":{\"@id\":\"https:\/\/fontfredapintures.com\/es\/#\/schema\/logo\/image\/\"},\"sameAs\":[\"https:\/\/www.facebook.com\/fontfredapintures\/\",\"https:\/\/www.instagram.com\/fontfredapintures\/\",\"https:\/\/www.linkedin.com\/company\/fontfredapintures\/\"]}]}<\/script>\n<!-- \/ Yoast SEO plugin. -->","yoast_head_json":{"title":"Improtec pasta mate selladora - Fontfreda Pintures","description":"Pintura selladora sint\u00e9tica de secado r\u00e1pido y aspecto tixotr\u00f3pico. Muy buena adherencia, brochabilidad, poder de sellado y relleno, Lijado f\u00e1cil.","robots":{"index":"index","follow":"follow","max-snippet":"max-snippet:-1","max-image-preview":"max-image-preview:large","max-video-preview":"max-video-preview:-1"},"canonical":"https:\/\/fontfredapintures.com\/es\/producto\/imprimacion-universal-al-agua-improtec\/","og_locale":"es_ES","og_type":"article","og_title":"Improtec pasta mate selladora - Fontfreda Pintures","og_description":"Pintura selladora sint\u00e9tica de secado r\u00e1pido y aspecto tixotr\u00f3pico. Muy buena adherencia, brochabilidad, poder de sellado y relleno, Lijado f\u00e1cil.","og_url":"https:\/\/fontfredapintures.com\/es\/producto\/imprimacion-universal-al-agua-improtec\/","og_site_name":"Fontfreda Pintures","article_publisher":"https:\/\/www.facebook.com\/fontfredapintures\/","article_modified_time":"2024-06-11T13:26:12+00:00","og_image":[{"width":1000,"height":1143,"url":"https:\/\/fontfredapintures.com\/wp-content\/uploads\/2024\/03\/imPROTEC-PASTA-MATE-SELLADORA.jpg","type":"image\/jpeg"}],"twitter_card":"summary_large_image","twitter_misc":{"Tiempo de lectura":"1 minuto"},"schema":{"@context":"https:\/\/schema.org","@graph":[{"@type":"WebPage","@id":"https:\/\/fontfredapintures.com\/es\/producto\/imprimacion-universal-al-agua-improtec\/","url":"https:\/\/fontfredapintures.com\/es\/producto\/imprimacion-universal-al-agua-improtec\/","name":"Improtec pasta mate selladora - Fontfreda Pintures","isPartOf":{"@id":"https:\/\/fontfredapintures.com\/es\/#website"},"primaryImageOfPage":{"@id":"https:\/\/fontfredapintures.com\/es\/producto\/imprimacion-universal-al-agua-improtec\/#primaryimage"},"image":{"@id":"https:\/\/fontfredapintures.com\/es\/producto\/imprimacion-universal-al-agua-improtec\/#primaryimage"},"thumbnailUrl":"https:\/\/fontfredapintures.com\/wp-content\/uploads\/2024\/03\/imPROTEC-PASTA-MATE-SELLADORA.jpg","datePublished":"2024-03-18T09:28:03+00:00","dateModified":"2024-06-11T13:26:12+00:00","description":"Pintura selladora sint\u00e9tica de secado r\u00e1pido y aspecto tixotr\u00f3pico. Muy buena adherencia, brochabilidad, poder de sellado y relleno, Lijado f\u00e1cil.","breadcrumb":{"@id":"https:\/\/fontfredapintures.com\/es\/producto\/imprimacion-universal-al-agua-improtec\/#breadcrumb"},"inLanguage":"es","potentialAction":[{"@type":"ReadAction","target":["https:\/\/fontfredapintures.com\/es\/producto\/imprimacion-universal-al-agua-improtec\/"]}]},{"@type":"ImageObject","inLanguage":"es","@id":"https:\/\/fontfredapintures.com\/es\/producto\/imprimacion-universal-al-agua-improtec\/#primaryimage","url":"https:\/\/fontfredapintures.com\/wp-content\/uploads\/2024\/03\/imPROTEC-PASTA-MATE-SELLADORA.jpg","contentUrl":"https:\/\/fontfredapintures.com\/wp-content\/uploads\/2024\/03\/imPROTEC-PASTA-MATE-SELLADORA.jpg","width":1000,"height":1143,"caption":"Improtec pasta mate selladora"},{"@type":"BreadcrumbList","@id":"https:\/\/fontfredapintures.com\/es\/producto\/imprimacion-universal-al-agua-improtec\/#breadcrumb","itemListElement":[{"@type":"ListItem","position":1,"name":"Fontfreda","item":"https:\/\/fontfredapintures.com\/es\/"},{"@type":"ListItem","position":2,"name":"Tienda","item":"https:\/\/fontfredapintures.com\/es\/tienda\/"},{"@type":"ListItem","position":3,"name":"Improtec pasta mate selladora"}]},{"@type":"WebSite","@id":"https:\/\/fontfredapintures.com\/es\/#website","url":"https:\/\/fontfredapintures.com\/es\/","name":"Fontfreda Pintures","description":"Tienda online de pintura, decoraci\u00f3n y bellas artes","publisher":{"@id":"https:\/\/fontfredapintures.com\/es\/#organization"},"alternateName":"Pintures Fontfreda","potentialAction":[{"@type":"SearchAction","target":{"@type":"EntryPoint","urlTemplate":"https:\/\/fontfredapintures.com\/es\/?s={search_term_string}"},"query-input":{"@type":"PropertyValueSpecification","valueRequired":true,"valueName":"search_term_string"}}],"inLanguage":"es"},{"@type":"Organization","@id":"https:\/\/fontfredapintures.com\/es\/#organization","name":"Pintures Fontfreda","alternateName":"Fontfreda Pintures","url":"https:\/\/fontfredapintures.com\/es\/","logo":{"@type":"ImageObject","inLanguage":"es","@id":"https:\/\/fontfredapintures.com\/es\/#\/schema\/logo\/image\/","url":"https:\/\/fontfredapintures.com\/wp-content\/uploads\/2024\/04\/fontfreda-pintures-logo-yoast.jpg","contentUrl":"https:\/\/fontfredapintures.com\/wp-content\/uploads\/2024\/04\/fontfreda-pintures-logo-yoast.jpg","width":900,"height":600,"caption":"Pintures Fontfreda"},"image":{"@id":"https:\/\/fontfredapintures.com\/es\/#\/schema\/logo\/image\/"},"sameAs":["https:\/\/www.facebook.com\/fontfredapintures\/","https:\/\/www.instagram.com\/fontfredapintures\/","https:\/\/www.linkedin.com\/company\/fontfredapintures\/"]}]}},"_links":{"self":[{"href":"https:\/\/fontfredapintures.com\/es\/wp-json\/wp\/v2\/product\/22633","targetHints":{"allow":["GET"]}}],"collection":[{"href":"https:\/\/fontfredapintures.com\/es\/wp-json\/wp\/v2\/product"}],"about":[{"href":"https:\/\/fontfredapintures.com\/es\/wp-json\/wp\/v2\/types\/product"}],"replies":[{"embeddable":true,"href":"https:\/\/fontfredapintures.com\/es\/wp-json\/wp\/v2\/comments?post=22633"}],"version-history":[{"count":2,"href":"https:\/\/fontfredapintures.com\/es\/wp-json\/wp\/v2\/product\/22633\/revisions"}],"predecessor-version":[{"id":27778,"href":"https:\/\/fontfredapintures.com\/es\/wp-json\/wp\/v2\/product\/22633\/revisions\/27778"}],"wp:featuredmedia":[{"embeddable":true,"href":"https:\/\/fontfredapintures.com\/es\/wp-json\/wp\/v2\/media\/27142"}],"wp:attachment":[{"href":"https:\/\/fontfredapintures.com\/es\/wp-json\/wp\/v2\/media?parent=22633"}],"wp:term":[{"taxonomy":"product_brand","embeddable":true,"href":"https:\/\/fontfredapintures.com\/es\/wp-json\/wp\/v2\/product_brand?post=22633"},{"taxonomy":"product_cat","embeddable":true,"href":"https:\/\/fontfredapintures.com\/es\/wp-json\/wp\/v2\/product_cat?post=22633"},{"taxonomy":"product_tag","embeddable":true,"href":"https:\/\/fontfredapintures.com\/es\/wp-json\/wp\/v2\/product_tag?post=22633"}],"curies":[{"name":"wp","href":"https:\/\/api.w.org\/{rel}","templated":true}]}}